{"id":208348,"date":"2020-07-31T10:22:46","date_gmt":"2020-07-31T08:22:46","guid":{"rendered":"https:\/\/iha-race.com\/producto\/28-mm-distanzsaeulen-m3-2-stueck\/"},"modified":"2026-03-21T19:39:00","modified_gmt":"2026-03-21T18:39:00","slug":"saulen-trennsaulen-28-mm-m3-2-units","status":"publish","type":"product","link":"https:\/\/iha-race.com\/de\/producto\/saulen-trennsaulen-28-mm-m3-2-units\/","title":{"rendered":"28-mm-Distanzs\u00e4ulen M3 (2 St\u00fcck)"},"content":{"rendered":"<h2><strong>M3 28 mm Distanzs\u00e4ulen (2 St\u00fcck) Verschiedene Farben<\/strong><\/h2>\n<p>  Hergestellt aus hochfestem Aluminium mit M3-Gewinde<\/p>\n","protected":false},"excerpt":{"rendered":"<p>M3 28 mm Distanzs\u00e4ulen (2 St\u00fcck) Verschiedene Farben Hergestellt aus hochfestem Aluminium mit M3-Gewinde<\/p>\n","protected":false},"featured_media":125247,"comment_status":"open","ping_status":"closed","template":"","meta":{"_joinchat":[]},"pwb-brand":[3586],"product_cat":[2675,2513],"product_tag":[],"class_list":{"0":"post-208348","1":"product","2":"type-product","3":"status-publish","4":"has-post-thumbnail","6":"pwb-brand-iha-race","7":"product_cat-trennungsspalten","8":"product_cat-zubehor","10":"first","11":"instock","12":"taxable","13":"shipping-taxable","14":"purchasable","15":"product-type-variable"},"barcode":null,"atum_controlled":true,"out_stock_date":null,"out_stock_threshold":null,"inheritable":true,"stock_on_hold":0,"sold_today":12,"sales_last_days":12,"out_stock_days":0,"lost_sales":0,"update_date":"2026-04-08T10:17:15","atum_locations":[],"atum_stock_status":"instock","restock_status":false,"low_stock_amount":"","sales_update_date":"2026-04-08T10:17:15","calc_backorders":null,"yoast_head":"<!-- This site is optimized with the Yoast SEO plugin v27.3 - https:\/\/yoast.com\/product\/yoast-seo-wordpress\/ -->\n<title>28-mm-Distanzs\u00e4ulen M3 (2 St\u00fcck) - Iha Race<\/title>\n<meta name=\"robots\" content=\"noindex, follow\" \/>\n<meta property=\"og:locale\" content=\"de_DE\" \/>\n<meta property=\"og:type\" content=\"article\" \/>\n<meta property=\"og:title\" content=\"28-mm-Distanzs\u00e4ulen M3 (2 St\u00fcck) - Iha Race\" \/>\n<meta property=\"og:description\" content=\"M3 28 mm Distanzs\u00e4ulen (2 St\u00fcck) Verschiedene Farben Hergestellt aus hochfestem Aluminium mit M3-Gewinde\" \/>\n<meta property=\"og:url\" content=\"https:\/\/iha-race.com\/de\/producto\/saulen-trennsaulen-28-mm-m3-2-units\/\" \/>\n<meta property=\"og:site_name\" content=\"Iha Race\" \/>\n<meta property=\"article:modified_time\" content=\"2026-03-21T18:39:00+00:00\" \/>\n<meta property=\"og:image\" content=\"https:\/\/iha-race.com\/wp-content\/uploads\/2020\/07\/columnas-separadoras-de-30-mm-m3-2-unid-varios-colores-1.jpg\" \/>\n\t<meta property=\"og:image:width\" content=\"800\" \/>\n\t<meta property=\"og:image:height\" content=\"800\" \/>\n\t<meta property=\"og:image:type\" content=\"image\/jpeg\" \/>\n<meta name=\"twitter:card\" content=\"summary_large_image\" \/>\n<script type=\"application\/ld+json\" class=\"yoast-schema-graph\">{\"@context\":\"https:\\\/\\\/schema.org\",\"@graph\":[{\"@type\":\"WebPage\",\"@id\":\"https:\\\/\\\/iha-race.com\\\/de\\\/producto\\\/saulen-trennsaulen-28-mm-m3-2-units\\\/\",\"url\":\"https:\\\/\\\/iha-race.com\\\/de\\\/producto\\\/saulen-trennsaulen-28-mm-m3-2-units\\\/\",\"name\":\"28-mm-Distanzs\u00e4ulen M3 (2 St\u00fcck) - Iha Race\",\"isPartOf\":{\"@id\":\"https:\\\/\\\/iha-race.com\\\/de\\\/#website\"},\"primaryImageOfPage\":{\"@id\":\"https:\\\/\\\/iha-race.com\\\/de\\\/producto\\\/saulen-trennsaulen-28-mm-m3-2-units\\\/#primaryimage\"},\"image\":{\"@id\":\"https:\\\/\\\/iha-race.com\\\/de\\\/producto\\\/saulen-trennsaulen-28-mm-m3-2-units\\\/#primaryimage\"},\"thumbnailUrl\":\"https:\\\/\\\/iha-race.com\\\/wp-content\\\/uploads\\\/2020\\\/07\\\/columnas-separadoras-de-30-mm-m3-2-unid-varios-colores-1.jpg\",\"datePublished\":\"2020-07-31T08:22:46+00:00\",\"dateModified\":\"2026-03-21T18:39:00+00:00\",\"breadcrumb\":{\"@id\":\"https:\\\/\\\/iha-race.com\\\/de\\\/producto\\\/saulen-trennsaulen-28-mm-m3-2-units\\\/#breadcrumb\"},\"inLanguage\":\"de\",\"potentialAction\":[{\"@type\":\"ReadAction\",\"target\":[\"https:\\\/\\\/iha-race.com\\\/de\\\/producto\\\/saulen-trennsaulen-28-mm-m3-2-units\\\/\"]}]},{\"@type\":\"ImageObject\",\"inLanguage\":\"de\",\"@id\":\"https:\\\/\\\/iha-race.com\\\/de\\\/producto\\\/saulen-trennsaulen-28-mm-m3-2-units\\\/#primaryimage\",\"url\":\"https:\\\/\\\/iha-race.com\\\/wp-content\\\/uploads\\\/2020\\\/07\\\/columnas-separadoras-de-30-mm-m3-2-unid-varios-colores-1.jpg\",\"contentUrl\":\"https:\\\/\\\/iha-race.com\\\/wp-content\\\/uploads\\\/2020\\\/07\\\/columnas-separadoras-de-30-mm-m3-2-unid-varios-colores-1.jpg\",\"width\":800,\"height\":800},{\"@type\":\"BreadcrumbList\",\"@id\":\"https:\\\/\\\/iha-race.com\\\/de\\\/producto\\\/saulen-trennsaulen-28-mm-m3-2-units\\\/#breadcrumb\",\"itemListElement\":[{\"@type\":\"ListItem\",\"position\":1,\"name\":\"Portada\",\"item\":\"https:\\\/\\\/iha-race.com\\\/de\\\/elementor-499\\\/\"},{\"@type\":\"ListItem\",\"position\":2,\"name\":\"Shop\",\"item\":\"https:\\\/\\\/iha-race.com\\\/de\\\/shop\\\/\"},{\"@type\":\"ListItem\",\"position\":3,\"name\":\"28-mm-Distanzs\u00e4ulen M3 (2 St\u00fcck)\"}]},{\"@type\":\"WebSite\",\"@id\":\"https:\\\/\\\/iha-race.com\\\/de\\\/#website\",\"url\":\"https:\\\/\\\/iha-race.com\\\/de\\\/\",\"name\":\"Iha Race\",\"description\":\"Comprar drones de carreras FPV env\u00edos en un d\u00eda desde Espa\u00f1a\",\"publisher\":{\"@id\":\"https:\\\/\\\/iha-race.com\\\/de\\\/#organization\"},\"potentialAction\":[{\"@type\":\"SearchAction\",\"target\":{\"@type\":\"EntryPoint\",\"urlTemplate\":\"https:\\\/\\\/iha-race.com\\\/de\\\/?s={search_term_string}\"},\"query-input\":{\"@type\":\"PropertyValueSpecification\",\"valueRequired\":true,\"valueName\":\"search_term_string\"}}],\"inLanguage\":\"de\"},{\"@type\":\"Organization\",\"@id\":\"https:\\\/\\\/iha-race.com\\\/de\\\/#organization\",\"name\":\"Iha Race\",\"url\":\"https:\\\/\\\/iha-race.com\\\/de\\\/\",\"logo\":{\"@type\":\"ImageObject\",\"inLanguage\":\"de\",\"@id\":\"https:\\\/\\\/iha-race.com\\\/de\\\/#\\\/schema\\\/logo\\\/image\\\/\",\"url\":\"https:\\\/\\\/iha-race.com\\\/wp-content\\\/uploads\\\/2018\\\/07\\\/iha-race-drones-de-carreras-tienda-comprar-drones.png\",\"contentUrl\":\"https:\\\/\\\/iha-race.com\\\/wp-content\\\/uploads\\\/2018\\\/07\\\/iha-race-drones-de-carreras-tienda-comprar-drones.png\",\"width\":300,\"height\":100,\"caption\":\"Iha Race\"},\"image\":{\"@id\":\"https:\\\/\\\/iha-race.com\\\/de\\\/#\\\/schema\\\/logo\\\/image\\\/\"}}]}<\/script>\n<!-- \/ Yoast SEO plugin. -->","yoast_head_json":{"title":"28-mm-Distanzs\u00e4ulen M3 (2 St\u00fcck) - Iha Race","robots":{"index":"noindex","follow":"follow"},"og_locale":"de_DE","og_type":"article","og_title":"28-mm-Distanzs\u00e4ulen M3 (2 St\u00fcck) - Iha Race","og_description":"M3 28 mm Distanzs\u00e4ulen (2 St\u00fcck) Verschiedene Farben Hergestellt aus hochfestem Aluminium mit M3-Gewinde","og_url":"https:\/\/iha-race.com\/de\/producto\/saulen-trennsaulen-28-mm-m3-2-units\/","og_site_name":"Iha Race","article_modified_time":"2026-03-21T18:39:00+00:00","og_image":[{"width":800,"height":800,"url":"https:\/\/iha-race.com\/wp-content\/uploads\/2020\/07\/columnas-separadoras-de-30-mm-m3-2-unid-varios-colores-1.jpg","type":"image\/jpeg"}],"twitter_card":"summary_large_image","schema":{"@context":"https:\/\/schema.org","@graph":[{"@type":"WebPage","@id":"https:\/\/iha-race.com\/de\/producto\/saulen-trennsaulen-28-mm-m3-2-units\/","url":"https:\/\/iha-race.com\/de\/producto\/saulen-trennsaulen-28-mm-m3-2-units\/","name":"28-mm-Distanzs\u00e4ulen M3 (2 St\u00fcck) - Iha Race","isPartOf":{"@id":"https:\/\/iha-race.com\/de\/#website"},"primaryImageOfPage":{"@id":"https:\/\/iha-race.com\/de\/producto\/saulen-trennsaulen-28-mm-m3-2-units\/#primaryimage"},"image":{"@id":"https:\/\/iha-race.com\/de\/producto\/saulen-trennsaulen-28-mm-m3-2-units\/#primaryimage"},"thumbnailUrl":"https:\/\/iha-race.com\/wp-content\/uploads\/2020\/07\/columnas-separadoras-de-30-mm-m3-2-unid-varios-colores-1.jpg","datePublished":"2020-07-31T08:22:46+00:00","dateModified":"2026-03-21T18:39:00+00:00","breadcrumb":{"@id":"https:\/\/iha-race.com\/de\/producto\/saulen-trennsaulen-28-mm-m3-2-units\/#breadcrumb"},"inLanguage":"de","potentialAction":[{"@type":"ReadAction","target":["https:\/\/iha-race.com\/de\/producto\/saulen-trennsaulen-28-mm-m3-2-units\/"]}]},{"@type":"ImageObject","inLanguage":"de","@id":"https:\/\/iha-race.com\/de\/producto\/saulen-trennsaulen-28-mm-m3-2-units\/#primaryimage","url":"https:\/\/iha-race.com\/wp-content\/uploads\/2020\/07\/columnas-separadoras-de-30-mm-m3-2-unid-varios-colores-1.jpg","contentUrl":"https:\/\/iha-race.com\/wp-content\/uploads\/2020\/07\/columnas-separadoras-de-30-mm-m3-2-unid-varios-colores-1.jpg","width":800,"height":800},{"@type":"BreadcrumbList","@id":"https:\/\/iha-race.com\/de\/producto\/saulen-trennsaulen-28-mm-m3-2-units\/#breadcrumb","itemListElement":[{"@type":"ListItem","position":1,"name":"Portada","item":"https:\/\/iha-race.com\/de\/elementor-499\/"},{"@type":"ListItem","position":2,"name":"Shop","item":"https:\/\/iha-race.com\/de\/shop\/"},{"@type":"ListItem","position":3,"name":"28-mm-Distanzs\u00e4ulen M3 (2 St\u00fcck)"}]},{"@type":"WebSite","@id":"https:\/\/iha-race.com\/de\/#website","url":"https:\/\/iha-race.com\/de\/","name":"Iha Race","description":"Comprar drones de carreras FPV env\u00edos en un d\u00eda desde Espa\u00f1a","publisher":{"@id":"https:\/\/iha-race.com\/de\/#organization"},"potentialAction":[{"@type":"SearchAction","target":{"@type":"EntryPoint","urlTemplate":"https:\/\/iha-race.com\/de\/?s={search_term_string}"},"query-input":{"@type":"PropertyValueSpecification","valueRequired":true,"valueName":"search_term_string"}}],"inLanguage":"de"},{"@type":"Organization","@id":"https:\/\/iha-race.com\/de\/#organization","name":"Iha Race","url":"https:\/\/iha-race.com\/de\/","logo":{"@type":"ImageObject","inLanguage":"de","@id":"https:\/\/iha-race.com\/de\/#\/schema\/logo\/image\/","url":"https:\/\/iha-race.com\/wp-content\/uploads\/2018\/07\/iha-race-drones-de-carreras-tienda-comprar-drones.png","contentUrl":"https:\/\/iha-race.com\/wp-content\/uploads\/2018\/07\/iha-race-drones-de-carreras-tienda-comprar-drones.png","width":300,"height":100,"caption":"Iha Race"},"image":{"@id":"https:\/\/iha-race.com\/de\/#\/schema\/logo\/image\/"}}]}},"brands":[{"id":3586,"name":"IHA Race","slug":"iha-race"}],"_links":{"self":[{"href":"https:\/\/iha-race.com\/de\/wp-json\/wp\/v2\/product\/208348","targetHints":{"allow":["GET"]}}],"collection":[{"href":"https:\/\/iha-race.com\/de\/wp-json\/wp\/v2\/product"}],"about":[{"href":"https:\/\/iha-race.com\/de\/wp-json\/wp\/v2\/types\/product"}],"replies":[{"embeddable":true,"href":"https:\/\/iha-race.com\/de\/wp-json\/wp\/v2\/comments?post=208348"}],"version-history":[{"count":1,"href":"https:\/\/iha-race.com\/de\/wp-json\/wp\/v2\/product\/208348\/revisions"}],"predecessor-version":[{"id":249910,"href":"https:\/\/iha-race.com\/de\/wp-json\/wp\/v2\/product\/208348\/revisions\/249910"}],"wp:featuredmedia":[{"embeddable":true,"href":"https:\/\/iha-race.com\/de\/wp-json\/wp\/v2\/media\/125247"}],"wp:attachment":[{"href":"https:\/\/iha-race.com\/de\/wp-json\/wp\/v2\/media?parent=208348"}],"wp:term":[{"taxonomy":"pwb-brand","embeddable":true,"href":"https:\/\/iha-race.com\/de\/wp-json\/wp\/v2\/pwb-brand?post=208348"},{"taxonomy":"product_cat","embeddable":true,"href":"https:\/\/iha-race.com\/de\/wp-json\/wp\/v2\/product_cat?post=208348"},{"taxonomy":"product_tag","embeddable":true,"href":"https:\/\/iha-race.com\/de\/wp-json\/wp\/v2\/product_tag?post=208348"}],"curies":[{"name":"wp","href":"https:\/\/api.w.org\/{rel}","templated":true}]}}