{"id":208337,"date":"2020-09-01T11:35:23","date_gmt":"2020-09-01T09:35:23","guid":{"rendered":"https:\/\/iha-race.com\/producto\/speedybee-2-micro-usb-adapter-mit-wifi\/"},"modified":"2024-08-29T16:01:12","modified_gmt":"2024-08-29T14:01:12","slug":"adapter-speedybee-3","status":"publish","type":"product","link":"https:\/\/iha-race.com\/de\/producto\/adapter-speedybee-3\/","title":{"rendered":"SpeedyBee 3 + 6A USB-A auf USB-C Adapter Superschnellladekabel"},"content":{"rendered":"<h2 class=\"productView-title\">SpeedyBee 3 + 6A USB-A auf USB-C Adapter Superschnellladekabel<\/h2>\n<div class=\"tabs-contents\">\n<div id=\"tab-description\" class=\"tab-content is-active\">\n<div class=\"Adapter3\">\n<div class=\"section section1\">\n<p><img decoding=\"async\" title=\"SpeedyBee3 Adapter\" src=\"https:\/\/store-fhxxhuiq8q.mybigcommerce.com\/product_images\/adapter3\/adapter3_web-n1.jpg\" alt=\"SpeedyBee3 Adapter\"><\/p>\n<\/div>\n<div class=\"section section2\">\n<p><img decoding=\"async\" title=\"SpeedyBee3 Adapter\" src=\"https:\/\/store-fhxxhuiq8q.mybigcommerce.com\/product_images\/adapter3\/adapter3_web-n2.jpg\" alt=\"SpeedyBee3 Adapter\"><\/p>\n<\/div>\n<div class=\"section section3\">\n<div class=\"position-absolute\">\n<h3 class=\"title\">Verwandeln Sie Ihr Smartphone in Ihren mobilen FPV-Begleiter<\/h3>\n<div class=\"subtitle\">Verbinden Sie sich mit der SpeedyBee Mobile App und konfigurieren Sie Ihren Flugcontroller jederzeit und \u00fcberall. Oder aktualisieren Sie auf die neueste Version von Betaflight\/Emuflight\/INAV\/Ardupilot nur 2 Minuten vor Ihrer Flugsitzung. Sie haben die Wahl.<\/div>\n<\/div>\n<p><img decoding=\"async\" title=\"SpeedyBee3 Adapter\" src=\"https:\/\/store-fhxxhuiq8q.mybigcommerce.com\/product_images\/adapter3\/adapter3_web-n3.jpg\" alt=\"SpeedyBee3 Adapter\"><\/p>\n<\/div>\n<div class=\"section section4\">\n<div class=\"position-absolute\">\n<h3 class=\"title\">Die Analyse von Blackbox-Daten war noch nie so einfach.<\/h3>\n<div class=\"subtitle\">Kein Laptop, keine separaten Anwendungen, kein \u00c4rger. Verbinden Sie Ihr Quad mit der SpeedyBee Mobile App und analysieren Sie Ihre Blackbox*-Daten in nur 1,5 Minuten nach einem Flug. Machen Sie jetzt das Beste aus Ihren Trainingseinheiten.  <em>*Zurzeit werden nur Betaflight und Emuflight unterst\u00fctzt.<\/em><\/div>\n<\/div>\n<p><img decoding=\"async\" title=\"SpeedyBee3 Adapter\" src=\"https:\/\/store-fhxxhuiq8q.mybigcommerce.com\/product_images\/adapter3\/adapter3_web-n4.jpg\" alt=\"SpeedyBee3 Adapter\"><\/p>\n<\/div>\n<div class=\"section section6\">\n<div class=\"position-absolute\">\n<h3 class=\"title\">Ihre LiPo-Akkus = Leistungsstarke 30W Powerbanks<\/h3>\n<div class=\"subtitle\">Schlie\u00dfen Sie den SpeedyBee Adapter 3 an einen LiPo-Akku an und laden Sie Ihr Mobiltelefon* und Ihr Tablet auf, wenn Sie es am meisten brauchen. Unterst\u00fctzt alle wichtigen QC3.0\/AFC\/Apple 2.4A (iPhone 6s und h\u00f6her) und andere Schnellladeprotokolle mit einer Ladeleistung von bis zu 30W. Komplett mit \u00dcberstromschutz, Kurzschlussschutz und \u00dcberhitzungsschutz, um Ihre Ger\u00e4te vor ungewollten Unf\u00e4llen zu sch\u00fctzen.<\/div>\n<div><\/div>\n<table class=\"speedybee-table\">\n<tbody>\n<tr>\n<td>Telefonmodell<\/td>\n<td>Akku-Kapazit\u00e4t<\/td>\n<td>Akkustand nach einer halben Stunde Ladezeit<\/td>\n<\/tr>\n<tr>\n<td>Mi 11 Ultra<\/td>\n<td>5000mAh<\/td>\n<td>52%<\/td>\n<\/tr>\n<tr>\n<td>Samsung S10<\/td>\n<td>3400mAh<\/td>\n<td>49%<\/td>\n<\/tr>\n<tr>\n<td>HUAWEI P40 Pro<\/td>\n<td>4400mAh<\/td>\n<td>45%<\/td>\n<\/tr>\n<tr>\n<td>iPhone 11<\/td>\n<td>3110mAh<\/td>\n<td>22%<\/td>\n<\/tr>\n<\/tbody>\n<\/table>\n<div class=\"description\"><em>*Ladefunktion erfordert LiPo 2S und h\u00f6her.<\/em><\/div>\n<\/div>\n<p><img decoding=\"async\" title=\"SpeedyBee3 Adapter\" src=\"https:\/\/store-fhxxhuiq8q.mybigcommerce.com\/product_images\/adapter3\/adapter3_web-a6.jpg\" alt=\"SpeedyBee3 Adapter\"><\/p>\n<\/div>\n<div class=\"section section7\">\n<div class=\"position-absolute\">\n<h3 class=\"title\">Haben Sie Ihren LiPo-Tester vergessen?<\/h3>\n<div class=\"title\">  Keine Sorge Schlie\u00dfen Sie Ihren LiPo 1S &#8211; 6S an und das Display zeigt sofort die Batteriespannung und die verbleibende Leistung mit einem spezifischen Farbcode* an. Der eingebaute Piepser warnt Sie, wenn die verbleibende Leistung unter 40 % f\u00e4llt, um die Lebensdauer des Akkus zu verl\u00e4ngern. *GR\u00dcN(&gt;80%), WEISS(40-80%) und ROT(&lt;40%).<\/div>\n<\/div>\n<p><img decoding=\"async\" title=\"SpeedyBee3 Adapter\" src=\"https:\/\/store-fhxxhuiq8q.mybigcommerce.com\/product_images\/adapter3\/adapter3_web-n7.jpg\" alt=\"SpeedyBee3 Adapter\"><\/p>\n<\/div>\n<div class=\"section section8\">\n<div class=\"position-absolute\">\n<h3 class=\"title\">MicroUSB oder Typ-C? Warum nicht beides?<\/h3>\n<div><\/div>\n<div class=\"subtitle\">Der SpeedyBee Adapter 3 wird mit einem zweipoligen Datenkabel mit MicroUSB 2.0- und USB 3.0 Typ-C-Anschluss an beiden Enden geliefert. Machen Sie sich keine Sorgen mehr \u00fcber die Kompatibilit\u00e4t der Anschl\u00fcsse, unabh\u00e4ngig davon, welchen Flugcontroller Sie f\u00fcr Ihren Bau verwenden.<\/div>\n<\/div>\n<p><img decoding=\"async\" title=\"SpeedyBee3 Adapter\" src=\"https:\/\/store-fhxxhuiq8q.mybigcommerce.com\/product_images\/adapter3\/adapter3_web-n8.jpg\" alt=\"SpeedyBee3 Adapter\"><\/p>\n<\/div>\n<div class=\"section section9\">\n<div class=\"position-absolute\">\n<h3 class=\"title\">WiFi + Bluetooth = das Beste aus beiden Welten<\/h3>\n<div><\/div>\n<div class=\"subtitle\">Verwenden Sie Bluetooth, um schnell auf Ihren Firmware-Konfigurator zuzugreifen, oder wechseln Sie zu Wi-Fi, um die Firmware zu aktualisieren oder Daten mit h\u00f6herer Geschwindigkeit von der Blackbox herunterzuladen.<\/div>\n<\/div>\n<p><img decoding=\"async\" title=\"SpeedyBee3 Adapter\" src=\"https:\/\/store-fhxxhuiq8q.mybigcommerce.com\/product_images\/adapter3\/adapter3_web-n9.jpg\" alt=\"SpeedyBee3 Adapter\"><\/p>\n<\/div>\n<div class=\"section section10\">\n<div class=\"position-absolute\">\n<h3 class=\"title\">Und alles, was Sie brauchen, ist nur ein LiPo.<\/h3>\n<div><\/div>\n<div class=\"subtitle\">Greifen Sie mit einem beliebigen LiPo-Akku, den Sie zur Verf\u00fcgung haben, auf die Konfiguratorfunktion zu. Unterst\u00fctzt alle 1S &#8211; 6S LiPo mit PH2.0 oder XT60 Anschl\u00fcssen. Schlie\u00dfen Sie den robusten 6S 1500 mah-Akku oder den kleinen 1S Whoop-Akku (Mindestspannung 3,8 V) an den SpeedyBee Adapter 3 an und schon k\u00f6nnen Sie den Konfigurator aufrufen.<\/div>\n<\/div>\n<p><img decoding=\"async\" title=\"SpeedyBee3 Adapter\" src=\"https:\/\/store-fhxxhuiq8q.mybigcommerce.com\/product_images\/adapter3\/adapter3_web-a10.jpg\" alt=\"SpeedyBee3 Adapter\"><\/p>\n<\/div>\n<div class=\"section section11\">\n<div class=\"position-absolute\"><\/div>\n<p><img decoding=\"async\" title=\"SpeedyBee3 Adapter\" src=\"https:\/\/store-fhxxhuiq8q.mybigcommerce.com\/product_images\/adapter3\/20-adapter3.jpg\" alt=\"SpeedyBee3 Adapter\"><\/p>\n<\/div>\n<div class=\"section-Specifications\">\n<div class=\"position-absolute\">\n<h3 id=\"Parameters\" class=\"Specifications\">Spezifikationen<\/h3>\n<div><\/div>\n<\/div>\n<table class=\"speedybee-table\">\n<tbody>\n<tr>\n<td width=\"30%\">PRODUKTNAME<\/td>\n<td width=\"70%\">SpeedyBee 3 Adapter<\/td>\n<\/tr>\n<tr>\n<td>Stromeingangsspannungsbereich<\/td>\n<td>1-6S (3,8 V+ f\u00fcr 1S)<\/td>\n<\/tr>\n<tr>\n<td>Stromeingangsanschluss<\/td>\n<td>XT60-Stecker, PH2.0-Stecker<\/td>\n<\/tr>\n<tr>\n<td>Erforderliche Systemversion des mobilen Ger\u00e4ts<\/td>\n<td>Android 7.0+ | iOS 12.0+<\/td>\n<\/tr>\n<tr>\n<td>Unterst\u00fctzte Version der SpeedyBee App<\/td>\n<td>V1.6.1+ f\u00fcr iOS | V1.5.6+ f\u00fcr Android<\/td>\n<\/tr>\n<tr>\n<td>Maximaler Ausgangsstrom f\u00fcr Flugcontroller<\/td>\n<td>700 mA bei 5 V<\/td>\n<\/tr>\n<tr>\n<td>Schnellladeausgang Schnittstelle<\/td>\n<td>USB-A-Anschluss<\/td>\n<\/tr>\n<tr>\n<td>Minimale Eingangsspannung f\u00fcr den Ladeausgang<\/td>\n<td>7,4 V (LiPo 2S)<\/td>\n<\/tr>\n<tr>\n<td>Unterst\u00fctzte Schnellladeprotokolle<\/td>\n<td>&#8211; QC3.0\/QC2.0 &#8211; AFC &#8211; FCP &#8211; SCP\/Hoch SCP &#8211; PE2.0\/PE1.1 &#8211; SFCP<\/td>\n<\/tr>\n<tr>\n<td>Maximaler Schnellladestrom<\/td>\n<td>3.5A<\/td>\n<\/tr>\n<tr>\n<td>Maximale Schnellladeleistung<\/td>\n<td>30W<\/td>\n<\/tr>\n<tr>\n<td>Geh\u00e4use Material<\/td>\n<td>ABS + PC<\/td>\n<\/tr>\n<tr>\n<td>L\u00e4nge des Fl\u00fcssigsilikonkabels<\/td>\n<td>12,4 cm<\/td>\n<\/tr>\n<tr>\n<td>Abmessungen (Hauptgeh\u00e4use)<\/td>\n<td>24,8*21,8*53,6mm<\/td>\n<\/tr>\n<tr>\n<td>Nettogewicht<\/td>\n<td>35g<\/td>\n<\/tr>\n<\/tbody>\n<\/table>\n<\/div>\n<div class=\"section section12\">\n<div class=\"position-absolute1\">\n<div class=\"subtitle\"><\/div>\n<\/div>\n<\/div>\n<div class=\"section section11\">\n<div class=\"position-absolute1\">\n<div class=\"title\"><\/div>\n<h3 class=\"title\">SpeedyBee 3 Adapter VS SpeedyBee 2 Adapter VS OTG Adapter<\/h3>\n<div><\/div>\n<\/div>\n<table class=\"speedybee-table\">\n<tbody>\n<tr>\n<td>Artikel<\/td>\n<td>SpeedyBee 3 Adapter<\/td>\n<td>SpeedyBee 2 Adapter<\/td>\n<td>OTG<\/td>\n<\/tr>\n<tr>\n<td>Unterst\u00fctzt 1-6S LiPo-Eingang<\/td>\n<td class=\"td-center\">\u2714<\/td>\n<td class=\"td-center\">\u2714<\/td>\n<td class=\"td-center\">N \/ A<\/td>\n<\/tr>\n<tr>\n<td>XT60 und PH2.0 Anschl\u00fcsse<\/td>\n<td class=\"td-center\">\u2714<\/td>\n<td class=\"td-center\">\u2714<\/td>\n<td class=\"td-center\">N \/ A<\/td>\n<\/tr>\n<tr>\n<td>BF\/INAV\/EMU-Konfiguration<\/td>\n<td class=\"td-center\">\u2714<\/td>\n<td class=\"td-center\">\u2714<\/td>\n<td class=\"td-center\">\u2714<\/td>\n<\/tr>\n<tr>\n<td>Update der Flugsteuerungs-Firmware<\/td>\n<td class=\"td-center\">\u2714<\/td>\n<td class=\"td-center\">\u2714<\/td>\n<td class=\"td-center\">\u2718<\/td>\n<\/tr>\n<tr>\n<td>Eingebautes Wi-fi<\/td>\n<td class=\"td-center\">\u2714<\/td>\n<td class=\"td-center\">\u2714<\/td>\n<td class=\"td-center\">\u2718<\/td>\n<\/tr>\n<tr>\n<td>Eingebautes Bluetooth<\/td>\n<td class=\"td-center\">\u2714<\/td>\n<td class=\"td-center\">\u2718<\/td>\n<td class=\"td-center\">\u2718<\/td>\n<\/tr>\n<tr>\n<td>Blackbox Downloader und Analysator<\/td>\n<td class=\"td-center\">\u2714<\/td>\n<td class=\"td-center\">\u2718<\/td>\n<td class=\"td-center\">\u2718<\/td>\n<\/tr>\n<tr>\n<td>Integrierter MicroUSB- und Type-C-Anschluss<\/td>\n<td class=\"td-center\">\u2714<\/td>\n<td class=\"td-center\">\u2718<\/td>\n<td class=\"td-center\">\u2718<\/td>\n<\/tr>\n<tr>\n<td>Schnellladeleistung bis zu 30W<\/td>\n<td class=\"td-center\">\u2714<\/td>\n<td class=\"td-center\">\u2718<\/td>\n<td class=\"td-center\">\u2718<\/td>\n<\/tr>\n<tr>\n<td>Eingebauter LiPo-Spannungstester<\/td>\n<td class=\"td-center\">\u2714<\/td>\n<td class=\"td-center\">\u2718<\/td>\n<td class=\"td-center\">\u2718<\/td>\n<\/tr>\n<\/tbody>\n<\/table>\n<\/div>\n<\/div>\n<\/div>\n<\/div>\n<p>&nbsp;<\/p>\n<h3 class=\"title\">Das Paket umfasst<\/h3>\n<ul>\n<li class=\"subtitle\">1 x Adapter 3<\/li>\n<li class=\"subtitle\">1 x Handbuchkarte<\/li>\n<\/ul>\n<p>&nbsp;<\/p>\n<div class=\"tabs-contents\">\n<div id=\"tab-description\" class=\"tab-content is-active\">\n<div class=\"Adapter3\">\n<div class=\"speedybee-section section8\">\n<div id=\"Manual\" class=\"manual\">\n<h3 class=\"Title\">Handbuch<\/h3>\n<p><a href=\"https:\/\/store-fhxxhuiq8q.mybigcommerce.com\/product_images\/adapter3\/20230803-ADAPTER3_Manua_EN.pdf\" target=\"_blank\" rel=\"noopener\"><img decoding=\"async\" src=\"https:\/\/www.runcam.com\/images\/HD\/PDF_icon.jpg\" alt=\"Benutzerhandbuch\">Handbuch(ES)<\/a><\/p>\n<\/div>\n<\/div>\n<\/div>\n<\/div>\n<\/div>\n","protected":false},"excerpt":{"rendered":"<p>SpeedyBee 3 + 6A USB-A auf USB-C Adapter Superschnellladekabel Verwandeln Sie Ihr Smartphone in Ihren mobilen FPV-Begleiter Verbinden Sie sich mit der SpeedyBee Mobile App und konfigurieren Sie Ihren Flugcontroller<\/p>\n","protected":false},"featured_media":238276,"comment_status":"open","ping_status":"closed","template":"","meta":{"_joinchat":[]},"pwb-brand":[],"product_cat":[2664],"product_tag":[],"class_list":{"0":"post-208337","1":"product","2":"type-product","3":"status-publish","4":"has-post-thumbnail","6":"product_cat-drohnen-controller","8":"first","9":"instock","10":"taxable","11":"shipping-taxable","12":"purchasable","13":"product-type-simple"},"barcode":null,"atum_controlled":true,"out_stock_date":null,"out_stock_threshold":null,"inheritable":false,"stock_on_hold":0,"sold_today":0,"sales_last_days":0,"out_stock_days":0,"lost_sales":0,"update_date":"2026-04-16T07:36:07","atum_locations":[],"atum_stock_status":"instock","restock_status":false,"low_stock_amount":"","sales_update_date":"2026-04-16T07:36:07","calc_backorders":null,"yoast_head":"<!-- This site is optimized with the Yoast SEO plugin v27.3 - https:\/\/yoast.com\/product\/yoast-seo-wordpress\/ -->\n<title>SpeedyBee 3 + 6A USB-A auf USB-C Adapter Superschnellladekabel - Iha Race<\/title>\n<meta name=\"robots\" content=\"index, follow, max-snippet:-1, max-image-preview:large, max-video-preview:-1\" \/>\n<link rel=\"canonical\" href=\"https:\/\/iha-race.com\/de\/producto\/adapter-speedybee-3\/\" \/>\n<meta property=\"og:locale\" content=\"de_DE\" \/>\n<meta property=\"og:type\" content=\"article\" \/>\n<meta property=\"og:title\" content=\"SpeedyBee 3 + 6A USB-A auf USB-C Adapter Superschnellladekabel - Iha Race\" \/>\n<meta property=\"og:description\" content=\"SpeedyBee 3 + 6A USB-A auf USB-C Adapter Superschnellladekabel Verwandeln Sie Ihr Smartphone in Ihren mobilen FPV-Begleiter Verbinden Sie sich mit der SpeedyBee Mobile App und konfigurieren Sie Ihren Flugcontroller\" \/>\n<meta property=\"og:url\" content=\"https:\/\/iha-race.com\/de\/producto\/adapter-speedybee-3\/\" \/>\n<meta property=\"og:site_name\" content=\"Iha Race\" \/>\n<meta property=\"article:modified_time\" content=\"2024-08-29T14:01:12+00:00\" \/>\n<meta property=\"og:image\" content=\"https:\/\/iha-race.com\/wp-content\/uploads\/2020\/09\/103_source_1644394525.jpg\" \/>\n\t<meta property=\"og:image:width\" content=\"500\" \/>\n\t<meta property=\"og:image:height\" content=\"500\" \/>\n\t<meta property=\"og:image:type\" content=\"image\/jpeg\" \/>\n<meta name=\"twitter:card\" content=\"summary_large_image\" \/>\n<meta name=\"twitter:label1\" content=\"Gesch\u00e4tzte Lesezeit\" \/>\n\t<meta name=\"twitter:data1\" content=\"3\u00a0Minuten\" \/>\n<script type=\"application\/ld+json\" class=\"yoast-schema-graph\">{\"@context\":\"https:\\\/\\\/schema.org\",\"@graph\":[{\"@type\":\"WebPage\",\"@id\":\"https:\\\/\\\/iha-race.com\\\/de\\\/producto\\\/adapter-speedybee-3\\\/\",\"url\":\"https:\\\/\\\/iha-race.com\\\/de\\\/producto\\\/adapter-speedybee-3\\\/\",\"name\":\"SpeedyBee 3 + 6A USB-A auf USB-C Adapter Superschnellladekabel - Iha Race\",\"isPartOf\":{\"@id\":\"https:\\\/\\\/iha-race.com\\\/de\\\/#website\"},\"primaryImageOfPage\":{\"@id\":\"https:\\\/\\\/iha-race.com\\\/de\\\/producto\\\/adapter-speedybee-3\\\/#primaryimage\"},\"image\":{\"@id\":\"https:\\\/\\\/iha-race.com\\\/de\\\/producto\\\/adapter-speedybee-3\\\/#primaryimage\"},\"thumbnailUrl\":\"https:\\\/\\\/iha-race.com\\\/wp-content\\\/uploads\\\/2020\\\/09\\\/103_source_1644394525.jpg\",\"datePublished\":\"2020-09-01T09:35:23+00:00\",\"dateModified\":\"2024-08-29T14:01:12+00:00\",\"breadcrumb\":{\"@id\":\"https:\\\/\\\/iha-race.com\\\/de\\\/producto\\\/adapter-speedybee-3\\\/#breadcrumb\"},\"inLanguage\":\"de\",\"potentialAction\":[{\"@type\":\"ReadAction\",\"target\":[\"https:\\\/\\\/iha-race.com\\\/de\\\/producto\\\/adapter-speedybee-3\\\/\"]}]},{\"@type\":\"ImageObject\",\"inLanguage\":\"de\",\"@id\":\"https:\\\/\\\/iha-race.com\\\/de\\\/producto\\\/adapter-speedybee-3\\\/#primaryimage\",\"url\":\"https:\\\/\\\/iha-race.com\\\/wp-content\\\/uploads\\\/2020\\\/09\\\/103_source_1644394525.jpg\",\"contentUrl\":\"https:\\\/\\\/iha-race.com\\\/wp-content\\\/uploads\\\/2020\\\/09\\\/103_source_1644394525.jpg\",\"width\":500,\"height\":500,\"caption\":\"Comprar Adaptador SpeedyBee 3\"},{\"@type\":\"BreadcrumbList\",\"@id\":\"https:\\\/\\\/iha-race.com\\\/de\\\/producto\\\/adapter-speedybee-3\\\/#breadcrumb\",\"itemListElement\":[{\"@type\":\"ListItem\",\"position\":1,\"name\":\"Portada\",\"item\":\"https:\\\/\\\/iha-race.com\\\/de\\\/elementor-499\\\/\"},{\"@type\":\"ListItem\",\"position\":2,\"name\":\"Shop\",\"item\":\"https:\\\/\\\/iha-race.com\\\/de\\\/shop\\\/\"},{\"@type\":\"ListItem\",\"position\":3,\"name\":\"SpeedyBee 3 + 6A USB-A auf USB-C Adapter Superschnellladekabel\"}]},{\"@type\":\"WebSite\",\"@id\":\"https:\\\/\\\/iha-race.com\\\/de\\\/#website\",\"url\":\"https:\\\/\\\/iha-race.com\\\/de\\\/\",\"name\":\"Iha Race\",\"description\":\"Comprar drones de carreras FPV env\u00edos en un d\u00eda desde Espa\u00f1a\",\"publisher\":{\"@id\":\"https:\\\/\\\/iha-race.com\\\/de\\\/#organization\"},\"potentialAction\":[{\"@type\":\"SearchAction\",\"target\":{\"@type\":\"EntryPoint\",\"urlTemplate\":\"https:\\\/\\\/iha-race.com\\\/de\\\/?s={search_term_string}\"},\"query-input\":{\"@type\":\"PropertyValueSpecification\",\"valueRequired\":true,\"valueName\":\"search_term_string\"}}],\"inLanguage\":\"de\"},{\"@type\":\"Organization\",\"@id\":\"https:\\\/\\\/iha-race.com\\\/de\\\/#organization\",\"name\":\"Iha Race\",\"url\":\"https:\\\/\\\/iha-race.com\\\/de\\\/\",\"logo\":{\"@type\":\"ImageObject\",\"inLanguage\":\"de\",\"@id\":\"https:\\\/\\\/iha-race.com\\\/de\\\/#\\\/schema\\\/logo\\\/image\\\/\",\"url\":\"https:\\\/\\\/iha-race.com\\\/wp-content\\\/uploads\\\/2018\\\/07\\\/iha-race-drones-de-carreras-tienda-comprar-drones.png\",\"contentUrl\":\"https:\\\/\\\/iha-race.com\\\/wp-content\\\/uploads\\\/2018\\\/07\\\/iha-race-drones-de-carreras-tienda-comprar-drones.png\",\"width\":300,\"height\":100,\"caption\":\"Iha Race\"},\"image\":{\"@id\":\"https:\\\/\\\/iha-race.com\\\/de\\\/#\\\/schema\\\/logo\\\/image\\\/\"}}]}<\/script>\n<!-- \/ Yoast SEO plugin. -->","yoast_head_json":{"title":"SpeedyBee 3 + 6A USB-A auf USB-C Adapter Superschnellladekabel - Iha Race","robots":{"index":"index","follow":"follow","max-snippet":"max-snippet:-1","max-image-preview":"max-image-preview:large","max-video-preview":"max-video-preview:-1"},"canonical":"https:\/\/iha-race.com\/de\/producto\/adapter-speedybee-3\/","og_locale":"de_DE","og_type":"article","og_title":"SpeedyBee 3 + 6A USB-A auf USB-C Adapter Superschnellladekabel - Iha Race","og_description":"SpeedyBee 3 + 6A USB-A auf USB-C Adapter Superschnellladekabel Verwandeln Sie Ihr Smartphone in Ihren mobilen FPV-Begleiter Verbinden Sie sich mit der SpeedyBee Mobile App und konfigurieren Sie Ihren Flugcontroller","og_url":"https:\/\/iha-race.com\/de\/producto\/adapter-speedybee-3\/","og_site_name":"Iha Race","article_modified_time":"2024-08-29T14:01:12+00:00","og_image":[{"width":500,"height":500,"url":"https:\/\/iha-race.com\/wp-content\/uploads\/2020\/09\/103_source_1644394525.jpg","type":"image\/jpeg"}],"twitter_card":"summary_large_image","twitter_misc":{"Gesch\u00e4tzte Lesezeit":"3\u00a0Minuten"},"schema":{"@context":"https:\/\/schema.org","@graph":[{"@type":"WebPage","@id":"https:\/\/iha-race.com\/de\/producto\/adapter-speedybee-3\/","url":"https:\/\/iha-race.com\/de\/producto\/adapter-speedybee-3\/","name":"SpeedyBee 3 + 6A USB-A auf USB-C Adapter Superschnellladekabel - Iha Race","isPartOf":{"@id":"https:\/\/iha-race.com\/de\/#website"},"primaryImageOfPage":{"@id":"https:\/\/iha-race.com\/de\/producto\/adapter-speedybee-3\/#primaryimage"},"image":{"@id":"https:\/\/iha-race.com\/de\/producto\/adapter-speedybee-3\/#primaryimage"},"thumbnailUrl":"https:\/\/iha-race.com\/wp-content\/uploads\/2020\/09\/103_source_1644394525.jpg","datePublished":"2020-09-01T09:35:23+00:00","dateModified":"2024-08-29T14:01:12+00:00","breadcrumb":{"@id":"https:\/\/iha-race.com\/de\/producto\/adapter-speedybee-3\/#breadcrumb"},"inLanguage":"de","potentialAction":[{"@type":"ReadAction","target":["https:\/\/iha-race.com\/de\/producto\/adapter-speedybee-3\/"]}]},{"@type":"ImageObject","inLanguage":"de","@id":"https:\/\/iha-race.com\/de\/producto\/adapter-speedybee-3\/#primaryimage","url":"https:\/\/iha-race.com\/wp-content\/uploads\/2020\/09\/103_source_1644394525.jpg","contentUrl":"https:\/\/iha-race.com\/wp-content\/uploads\/2020\/09\/103_source_1644394525.jpg","width":500,"height":500,"caption":"Comprar Adaptador SpeedyBee 3"},{"@type":"BreadcrumbList","@id":"https:\/\/iha-race.com\/de\/producto\/adapter-speedybee-3\/#breadcrumb","itemListElement":[{"@type":"ListItem","position":1,"name":"Portada","item":"https:\/\/iha-race.com\/de\/elementor-499\/"},{"@type":"ListItem","position":2,"name":"Shop","item":"https:\/\/iha-race.com\/de\/shop\/"},{"@type":"ListItem","position":3,"name":"SpeedyBee 3 + 6A USB-A auf USB-C Adapter Superschnellladekabel"}]},{"@type":"WebSite","@id":"https:\/\/iha-race.com\/de\/#website","url":"https:\/\/iha-race.com\/de\/","name":"Iha Race","description":"Comprar drones de carreras FPV env\u00edos en un d\u00eda desde Espa\u00f1a","publisher":{"@id":"https:\/\/iha-race.com\/de\/#organization"},"potentialAction":[{"@type":"SearchAction","target":{"@type":"EntryPoint","urlTemplate":"https:\/\/iha-race.com\/de\/?s={search_term_string}"},"query-input":{"@type":"PropertyValueSpecification","valueRequired":true,"valueName":"search_term_string"}}],"inLanguage":"de"},{"@type":"Organization","@id":"https:\/\/iha-race.com\/de\/#organization","name":"Iha Race","url":"https:\/\/iha-race.com\/de\/","logo":{"@type":"ImageObject","inLanguage":"de","@id":"https:\/\/iha-race.com\/de\/#\/schema\/logo\/image\/","url":"https:\/\/iha-race.com\/wp-content\/uploads\/2018\/07\/iha-race-drones-de-carreras-tienda-comprar-drones.png","contentUrl":"https:\/\/iha-race.com\/wp-content\/uploads\/2018\/07\/iha-race-drones-de-carreras-tienda-comprar-drones.png","width":300,"height":100,"caption":"Iha Race"},"image":{"@id":"https:\/\/iha-race.com\/de\/#\/schema\/logo\/image\/"}}]}},"brands":[],"_links":{"self":[{"href":"https:\/\/iha-race.com\/de\/wp-json\/wp\/v2\/product\/208337","targetHints":{"allow":["GET"]}}],"collection":[{"href":"https:\/\/iha-race.com\/de\/wp-json\/wp\/v2\/product"}],"about":[{"href":"https:\/\/iha-race.com\/de\/wp-json\/wp\/v2\/types\/product"}],"replies":[{"embeddable":true,"href":"https:\/\/iha-race.com\/de\/wp-json\/wp\/v2\/comments?post=208337"}],"version-history":[{"count":5,"href":"https:\/\/iha-race.com\/de\/wp-json\/wp\/v2\/product\/208337\/revisions"}],"predecessor-version":[{"id":249842,"href":"https:\/\/iha-race.com\/de\/wp-json\/wp\/v2\/product\/208337\/revisions\/249842"}],"wp:featuredmedia":[{"embeddable":true,"href":"https:\/\/iha-race.com\/de\/wp-json\/wp\/v2\/media\/238276"}],"wp:attachment":[{"href":"https:\/\/iha-race.com\/de\/wp-json\/wp\/v2\/media?parent=208337"}],"wp:term":[{"taxonomy":"pwb-brand","embeddable":true,"href":"https:\/\/iha-race.com\/de\/wp-json\/wp\/v2\/pwb-brand?post=208337"},{"taxonomy":"product_cat","embeddable":true,"href":"https:\/\/iha-race.com\/de\/wp-json\/wp\/v2\/product_cat?post=208337"},{"taxonomy":"product_tag","embeddable":true,"href":"https:\/\/iha-race.com\/de\/wp-json\/wp\/v2\/product_tag?post=208337"}],"curies":[{"name":"wp","href":"https:\/\/api.w.org\/{rel}","templated":true}]}}