{"id":208326,"date":"2020-08-08T18:09:11","date_gmt":"2020-08-08T16:09:11","guid":{"rendered":"https:\/\/iha-race.com\/producto\/antenne-truerc-ocp-5-8-mmcx-90o-rhcp\/"},"modified":"2024-08-29T16:03:10","modified_gmt":"2024-08-29T14:03:10","slug":"antena-truerc-ocp-5-8-mmcx-90o-rhcp-2","status":"publish","type":"product","link":"https:\/\/iha-race.com\/de\/producto\/antena-truerc-ocp-5-8-mmcx-90o-rhcp-2\/","title":{"rendered":"Antenne TrueRC OCP 5.8 MMCX 90\u00ba (RHCP)"},"content":{"rendered":"<h2>Antenne TrueRC OCP 5.8 MMCX 90\u00ba (RHCP)<\/h2>\n<p>  Die OCP 5.8 ist unsere neue omnidirektionale Antenne f\u00fcr den t\u00e4glichen Gebrauch. Bew\u00e4hrtes Design, ausgezeichnetes Signal, langlebig und sieht fantastisch aus. Erh\u00e4ltlich in allen g\u00e4ngigen Steckerkonfigurationen.  <\/p>\n<h2>Merkmale:<\/h2>\n<ul>\n<li>Langlebiges, spritzgegossenes, ultraschallverschwei\u00dftes Polycarbonatgeh\u00e4use<\/li>\n<li>Klare Anzeige der Polarisationsrichtung<\/li>\n<li>Hervorragendes Axialverh\u00e4ltnis und hoher Wirkungsgrad.<\/li>\n<li>Flexibles Koaxialkabel f\u00fcr einfache Installation<\/li>\n<li>Mmcx Qualit\u00e4t l\u00e4ngerer Griff geeignet f\u00fcr DJI Air Unit<\/li>\n<\/ul>\n<h2><strong>Spezifikationen:<\/strong><\/h2>\n<ul>\n<li><strong>Verst\u00e4rkung: 1 <\/strong>.6dBic<\/li>\n<li><strong>Kreuzpolarisationsunterdr\u00fcckung<\/strong>: -10 bis -20 dB, (3,2%)<\/li>\n<li><strong>Bandbreite:<\/strong> 5.6GHz-6.0GHz<\/li>\n<li><strong>Strahlungseffizienz:<\/strong> 98%.<\/li>\n<li><strong>EIGENKAPITALRENDITE:<\/strong> &lt;= 1,2: 1<\/li>\n<li><strong>Gewicht:<\/strong> x.xg<\/li>\n<li><strong>Abmessungen (Kopf):<\/strong> 16,5 mm Durchmesser. X 10,7 mm hoch.<\/li>\n<li><strong>L\u00e4nge:<\/strong> 80 mm<\/li>\n<li><strong>Kabel:<\/strong> TrueRC RG316 Koaxial.<\/li>\n<li><strong>Anschluss:<\/strong> 90 Grad. M\u00e4nnlich MMCX.<\/li>\n<\/ul>\n","protected":false},"excerpt":{"rendered":"<p>Antenne TrueRC OCP 5.8 MMCX 90\u00ba (RHCP) Die OCP 5.8 ist unsere neue omnidirektionale Antenne f\u00fcr den t\u00e4glichen Gebrauch. Bew\u00e4hrtes Design, ausgezeichnetes Signal, langlebig und sieht fantastisch aus. Erh\u00e4ltlich in<\/p>\n","protected":false},"featured_media":125572,"comment_status":"open","ping_status":"closed","template":"","meta":{"_joinchat":[]},"pwb-brand":[],"product_cat":[2589],"product_tag":[],"class_list":{"0":"post-208326","1":"product","2":"type-product","3":"status-publish","4":"has-post-thumbnail","6":"product_cat-fpv-antennen","8":"first","9":"instock","10":"taxable","11":"shipping-taxable","12":"purchasable","13":"product-type-simple"},"barcode":null,"atum_controlled":true,"out_stock_date":null,"out_stock_threshold":null,"inheritable":false,"stock_on_hold":0,"sold_today":0,"sales_last_days":0,"out_stock_days":0,"lost_sales":0,"update_date":"2026-04-18T23:35:00","atum_locations":[],"atum_stock_status":"instock","restock_status":false,"low_stock_amount":"","sales_update_date":"2026-04-18T23:35:00","calc_backorders":null,"yoast_head":"<!-- This site is optimized with the Yoast SEO plugin v27.3 - https:\/\/yoast.com\/product\/yoast-seo-wordpress\/ -->\n<title>Antenne TrueRC OCP 5.8 MMCX 90\u00ba (RHCP) - Iha Race<\/title>\n<meta name=\"robots\" content=\"index, follow, max-snippet:-1, max-image-preview:large, max-video-preview:-1\" \/>\n<link rel=\"canonical\" href=\"https:\/\/iha-race.com\/de\/producto\/antena-truerc-ocp-5-8-mmcx-90o-rhcp-2\/\" \/>\n<meta property=\"og:locale\" content=\"de_DE\" \/>\n<meta property=\"og:type\" content=\"article\" \/>\n<meta property=\"og:title\" content=\"Antenne TrueRC OCP 5.8 MMCX 90\u00ba (RHCP) - Iha Race\" \/>\n<meta property=\"og:description\" content=\"Antenne TrueRC OCP 5.8 MMCX 90\u00ba (RHCP) Die OCP 5.8 ist unsere neue omnidirektionale Antenne f\u00fcr den t\u00e4glichen Gebrauch. Bew\u00e4hrtes Design, ausgezeichnetes Signal, langlebig und sieht fantastisch aus. Erh\u00e4ltlich in\" \/>\n<meta property=\"og:url\" content=\"https:\/\/iha-race.com\/de\/producto\/antena-truerc-ocp-5-8-mmcx-90o-rhcp-2\/\" \/>\n<meta property=\"og:site_name\" content=\"Iha Race\" \/>\n<meta property=\"article:modified_time\" content=\"2024-08-29T14:03:10+00:00\" \/>\n<meta property=\"og:image\" content=\"https:\/\/iha-race.com\/wp-content\/uploads\/2020\/08\/Antena-truerc-ocp-5.8-mmcx90-comprar-barata-2.jpg\" \/>\n\t<meta property=\"og:image:width\" content=\"800\" \/>\n\t<meta property=\"og:image:height\" content=\"800\" \/>\n\t<meta property=\"og:image:type\" content=\"image\/jpeg\" \/>\n<meta name=\"twitter:card\" content=\"summary_large_image\" \/>\n<meta name=\"twitter:label1\" content=\"Gesch\u00e4tzte Lesezeit\" \/>\n\t<meta name=\"twitter:data1\" content=\"1\u00a0Minute\" \/>\n<script type=\"application\/ld+json\" class=\"yoast-schema-graph\">{\"@context\":\"https:\\\/\\\/schema.org\",\"@graph\":[{\"@type\":\"WebPage\",\"@id\":\"https:\\\/\\\/iha-race.com\\\/de\\\/producto\\\/antena-truerc-ocp-5-8-mmcx-90o-rhcp-2\\\/\",\"url\":\"https:\\\/\\\/iha-race.com\\\/de\\\/producto\\\/antena-truerc-ocp-5-8-mmcx-90o-rhcp-2\\\/\",\"name\":\"Antenne TrueRC OCP 5.8 MMCX 90\u00ba (RHCP) - Iha Race\",\"isPartOf\":{\"@id\":\"https:\\\/\\\/iha-race.com\\\/de\\\/#website\"},\"primaryImageOfPage\":{\"@id\":\"https:\\\/\\\/iha-race.com\\\/de\\\/producto\\\/antena-truerc-ocp-5-8-mmcx-90o-rhcp-2\\\/#primaryimage\"},\"image\":{\"@id\":\"https:\\\/\\\/iha-race.com\\\/de\\\/producto\\\/antena-truerc-ocp-5-8-mmcx-90o-rhcp-2\\\/#primaryimage\"},\"thumbnailUrl\":\"https:\\\/\\\/iha-race.com\\\/wp-content\\\/uploads\\\/2020\\\/08\\\/Antena-truerc-ocp-5.8-mmcx90-comprar-barata-2.jpg\",\"datePublished\":\"2020-08-08T16:09:11+00:00\",\"dateModified\":\"2024-08-29T14:03:10+00:00\",\"breadcrumb\":{\"@id\":\"https:\\\/\\\/iha-race.com\\\/de\\\/producto\\\/antena-truerc-ocp-5-8-mmcx-90o-rhcp-2\\\/#breadcrumb\"},\"inLanguage\":\"de\",\"potentialAction\":[{\"@type\":\"ReadAction\",\"target\":[\"https:\\\/\\\/iha-race.com\\\/de\\\/producto\\\/antena-truerc-ocp-5-8-mmcx-90o-rhcp-2\\\/\"]}]},{\"@type\":\"ImageObject\",\"inLanguage\":\"de\",\"@id\":\"https:\\\/\\\/iha-race.com\\\/de\\\/producto\\\/antena-truerc-ocp-5-8-mmcx-90o-rhcp-2\\\/#primaryimage\",\"url\":\"https:\\\/\\\/iha-race.com\\\/wp-content\\\/uploads\\\/2020\\\/08\\\/Antena-truerc-ocp-5.8-mmcx90-comprar-barata-2.jpg\",\"contentUrl\":\"https:\\\/\\\/iha-race.com\\\/wp-content\\\/uploads\\\/2020\\\/08\\\/Antena-truerc-ocp-5.8-mmcx90-comprar-barata-2.jpg\",\"width\":800,\"height\":800},{\"@type\":\"BreadcrumbList\",\"@id\":\"https:\\\/\\\/iha-race.com\\\/de\\\/producto\\\/antena-truerc-ocp-5-8-mmcx-90o-rhcp-2\\\/#breadcrumb\",\"itemListElement\":[{\"@type\":\"ListItem\",\"position\":1,\"name\":\"Portada\",\"item\":\"https:\\\/\\\/iha-race.com\\\/de\\\/elementor-499\\\/\"},{\"@type\":\"ListItem\",\"position\":2,\"name\":\"Shop\",\"item\":\"https:\\\/\\\/iha-race.com\\\/de\\\/shop\\\/\"},{\"@type\":\"ListItem\",\"position\":3,\"name\":\"Antenne TrueRC OCP 5.8 MMCX 90\u00ba (RHCP)\"}]},{\"@type\":\"WebSite\",\"@id\":\"https:\\\/\\\/iha-race.com\\\/de\\\/#website\",\"url\":\"https:\\\/\\\/iha-race.com\\\/de\\\/\",\"name\":\"Iha Race\",\"description\":\"Comprar drones de carreras FPV env\u00edos en un d\u00eda desde Espa\u00f1a\",\"publisher\":{\"@id\":\"https:\\\/\\\/iha-race.com\\\/de\\\/#organization\"},\"potentialAction\":[{\"@type\":\"SearchAction\",\"target\":{\"@type\":\"EntryPoint\",\"urlTemplate\":\"https:\\\/\\\/iha-race.com\\\/de\\\/?s={search_term_string}\"},\"query-input\":{\"@type\":\"PropertyValueSpecification\",\"valueRequired\":true,\"valueName\":\"search_term_string\"}}],\"inLanguage\":\"de\"},{\"@type\":\"Organization\",\"@id\":\"https:\\\/\\\/iha-race.com\\\/de\\\/#organization\",\"name\":\"Iha Race\",\"url\":\"https:\\\/\\\/iha-race.com\\\/de\\\/\",\"logo\":{\"@type\":\"ImageObject\",\"inLanguage\":\"de\",\"@id\":\"https:\\\/\\\/iha-race.com\\\/de\\\/#\\\/schema\\\/logo\\\/image\\\/\",\"url\":\"https:\\\/\\\/iha-race.com\\\/wp-content\\\/uploads\\\/2018\\\/07\\\/iha-race-drones-de-carreras-tienda-comprar-drones.png\",\"contentUrl\":\"https:\\\/\\\/iha-race.com\\\/wp-content\\\/uploads\\\/2018\\\/07\\\/iha-race-drones-de-carreras-tienda-comprar-drones.png\",\"width\":300,\"height\":100,\"caption\":\"Iha Race\"},\"image\":{\"@id\":\"https:\\\/\\\/iha-race.com\\\/de\\\/#\\\/schema\\\/logo\\\/image\\\/\"}}]}<\/script>\n<!-- \/ Yoast SEO plugin. -->","yoast_head_json":{"title":"Antenne TrueRC OCP 5.8 MMCX 90\u00ba (RHCP) - Iha Race","robots":{"index":"index","follow":"follow","max-snippet":"max-snippet:-1","max-image-preview":"max-image-preview:large","max-video-preview":"max-video-preview:-1"},"canonical":"https:\/\/iha-race.com\/de\/producto\/antena-truerc-ocp-5-8-mmcx-90o-rhcp-2\/","og_locale":"de_DE","og_type":"article","og_title":"Antenne TrueRC OCP 5.8 MMCX 90\u00ba (RHCP) - Iha Race","og_description":"Antenne TrueRC OCP 5.8 MMCX 90\u00ba (RHCP) Die OCP 5.8 ist unsere neue omnidirektionale Antenne f\u00fcr den t\u00e4glichen Gebrauch. Bew\u00e4hrtes Design, ausgezeichnetes Signal, langlebig und sieht fantastisch aus. Erh\u00e4ltlich in","og_url":"https:\/\/iha-race.com\/de\/producto\/antena-truerc-ocp-5-8-mmcx-90o-rhcp-2\/","og_site_name":"Iha Race","article_modified_time":"2024-08-29T14:03:10+00:00","og_image":[{"width":800,"height":800,"url":"https:\/\/iha-race.com\/wp-content\/uploads\/2020\/08\/Antena-truerc-ocp-5.8-mmcx90-comprar-barata-2.jpg","type":"image\/jpeg"}],"twitter_card":"summary_large_image","twitter_misc":{"Gesch\u00e4tzte Lesezeit":"1\u00a0Minute"},"schema":{"@context":"https:\/\/schema.org","@graph":[{"@type":"WebPage","@id":"https:\/\/iha-race.com\/de\/producto\/antena-truerc-ocp-5-8-mmcx-90o-rhcp-2\/","url":"https:\/\/iha-race.com\/de\/producto\/antena-truerc-ocp-5-8-mmcx-90o-rhcp-2\/","name":"Antenne TrueRC OCP 5.8 MMCX 90\u00ba (RHCP) - Iha Race","isPartOf":{"@id":"https:\/\/iha-race.com\/de\/#website"},"primaryImageOfPage":{"@id":"https:\/\/iha-race.com\/de\/producto\/antena-truerc-ocp-5-8-mmcx-90o-rhcp-2\/#primaryimage"},"image":{"@id":"https:\/\/iha-race.com\/de\/producto\/antena-truerc-ocp-5-8-mmcx-90o-rhcp-2\/#primaryimage"},"thumbnailUrl":"https:\/\/iha-race.com\/wp-content\/uploads\/2020\/08\/Antena-truerc-ocp-5.8-mmcx90-comprar-barata-2.jpg","datePublished":"2020-08-08T16:09:11+00:00","dateModified":"2024-08-29T14:03:10+00:00","breadcrumb":{"@id":"https:\/\/iha-race.com\/de\/producto\/antena-truerc-ocp-5-8-mmcx-90o-rhcp-2\/#breadcrumb"},"inLanguage":"de","potentialAction":[{"@type":"ReadAction","target":["https:\/\/iha-race.com\/de\/producto\/antena-truerc-ocp-5-8-mmcx-90o-rhcp-2\/"]}]},{"@type":"ImageObject","inLanguage":"de","@id":"https:\/\/iha-race.com\/de\/producto\/antena-truerc-ocp-5-8-mmcx-90o-rhcp-2\/#primaryimage","url":"https:\/\/iha-race.com\/wp-content\/uploads\/2020\/08\/Antena-truerc-ocp-5.8-mmcx90-comprar-barata-2.jpg","contentUrl":"https:\/\/iha-race.com\/wp-content\/uploads\/2020\/08\/Antena-truerc-ocp-5.8-mmcx90-comprar-barata-2.jpg","width":800,"height":800},{"@type":"BreadcrumbList","@id":"https:\/\/iha-race.com\/de\/producto\/antena-truerc-ocp-5-8-mmcx-90o-rhcp-2\/#breadcrumb","itemListElement":[{"@type":"ListItem","position":1,"name":"Portada","item":"https:\/\/iha-race.com\/de\/elementor-499\/"},{"@type":"ListItem","position":2,"name":"Shop","item":"https:\/\/iha-race.com\/de\/shop\/"},{"@type":"ListItem","position":3,"name":"Antenne TrueRC OCP 5.8 MMCX 90\u00ba (RHCP)"}]},{"@type":"WebSite","@id":"https:\/\/iha-race.com\/de\/#website","url":"https:\/\/iha-race.com\/de\/","name":"Iha Race","description":"Comprar drones de carreras FPV env\u00edos en un d\u00eda desde Espa\u00f1a","publisher":{"@id":"https:\/\/iha-race.com\/de\/#organization"},"potentialAction":[{"@type":"SearchAction","target":{"@type":"EntryPoint","urlTemplate":"https:\/\/iha-race.com\/de\/?s={search_term_string}"},"query-input":{"@type":"PropertyValueSpecification","valueRequired":true,"valueName":"search_term_string"}}],"inLanguage":"de"},{"@type":"Organization","@id":"https:\/\/iha-race.com\/de\/#organization","name":"Iha Race","url":"https:\/\/iha-race.com\/de\/","logo":{"@type":"ImageObject","inLanguage":"de","@id":"https:\/\/iha-race.com\/de\/#\/schema\/logo\/image\/","url":"https:\/\/iha-race.com\/wp-content\/uploads\/2018\/07\/iha-race-drones-de-carreras-tienda-comprar-drones.png","contentUrl":"https:\/\/iha-race.com\/wp-content\/uploads\/2018\/07\/iha-race-drones-de-carreras-tienda-comprar-drones.png","width":300,"height":100,"caption":"Iha Race"},"image":{"@id":"https:\/\/iha-race.com\/de\/#\/schema\/logo\/image\/"}}]}},"jetpack_sharing_enabled":true,"brands":[],"_links":{"self":[{"href":"https:\/\/iha-race.com\/de\/wp-json\/wp\/v2\/product\/208326","targetHints":{"allow":["GET"]}}],"collection":[{"href":"https:\/\/iha-race.com\/de\/wp-json\/wp\/v2\/product"}],"about":[{"href":"https:\/\/iha-race.com\/de\/wp-json\/wp\/v2\/types\/product"}],"replies":[{"embeddable":true,"href":"https:\/\/iha-race.com\/de\/wp-json\/wp\/v2\/comments?post=208326"}],"version-history":[{"count":1,"href":"https:\/\/iha-race.com\/de\/wp-json\/wp\/v2\/product\/208326\/revisions"}],"predecessor-version":[{"id":249875,"href":"https:\/\/iha-race.com\/de\/wp-json\/wp\/v2\/product\/208326\/revisions\/249875"}],"wp:featuredmedia":[{"embeddable":true,"href":"https:\/\/iha-race.com\/de\/wp-json\/wp\/v2\/media\/125572"}],"wp:attachment":[{"href":"https:\/\/iha-race.com\/de\/wp-json\/wp\/v2\/media?parent=208326"}],"wp:term":[{"taxonomy":"pwb-brand","embeddable":true,"href":"https:\/\/iha-race.com\/de\/wp-json\/wp\/v2\/pwb-brand?post=208326"},{"taxonomy":"product_cat","embeddable":true,"href":"https:\/\/iha-race.com\/de\/wp-json\/wp\/v2\/product_cat?post=208326"},{"taxonomy":"product_tag","embeddable":true,"href":"https:\/\/iha-race.com\/de\/wp-json\/wp\/v2\/product_tag?post=208326"}],"curies":[{"name":"wp","href":"https:\/\/api.w.org\/{rel}","templated":true}]}}