{"id":208325,"date":"2020-07-24T10:13:12","date_gmt":"2020-07-24T08:13:12","guid":{"rendered":"https:\/\/iha-race.com\/producto\/tbs-source-v\/"},"modified":"2024-08-29T16:04:45","modified_gmt":"2024-08-29T14:04:45","slug":"tbs-quelle-v","status":"publish","type":"product","link":"https:\/\/iha-race.com\/de\/producto\/tbs-quelle-v\/","title":{"rendered":"TBS SOURCE V"},"content":{"rendered":"<h2>TBS SOURCE V<\/h2>\n<p>&nbsp;<\/p>\n<div id=\"product_text\">  Der SOURCE V ist ein aufrechter Rahmen im &#8220;Box&#8221;-Stil, der bei Rennfahrern wegen seiner \u00fcberlegenen Steifigkeit und Aerodynamik beliebt ist. Er ist so gebaut, dass er auch schweren Unf\u00e4llen und Misshandlungen standh\u00e4lt. Passt und sch\u00fctzt alle klassischen FPV-Komponenten. Die SOURCE V ist ein solider und wettbewerbsf\u00e4higer Wettbewerbsrahmen.  <\/p>\n<h4>\u00dcBER DAS PROJEKT<\/h4>\n<p>  Das SOURCE V Projekt ist ein gemeinschaftliches FPV-Rahmenprojekt, das vom Team BlackSheep initiiert wurde. Das Framework wird der Gemeinschaft zur Verf\u00fcgung gestellt, um Macher und Kreative zu bef\u00e4higen und bew\u00e4hrte Praktiken und aktuelle Trends schneller in ein fortlaufendes Fertigungsprodukt zu integrieren. Im Gegenzug erh\u00e4lt das \u00f6rtliche Vertriebsnetz einen billigen und direkten Zugang zu guten Rahmenbedingungen, die es ihm erm\u00f6glichen, auf einem zunehmend von Verdr\u00e4ngungswettbewerb gepr\u00e4gten Markt zu bestehen. Die Hoffnung ist, dass dieser Rahmen einen breiten Zugang zu FPV durch niedrige Preise, hervorragende Dokumentation und eine breite Verf\u00fcgbarkeit von kompatiblen Teilen und Zubeh\u00f6r erm\u00f6glicht, ohne das geistige Eigentum anderer zu verletzen.  <\/p>\n<h4>ENGAGIEREN SIE SICH!<\/h4>\n<ul>\n<li>Diskussion \u00fcber das Projekt: <a href=\"https:\/\/discordapp.com\/invite\/ZJGkHwF\">https:\/\/discordapp.com\/invite\/ZJGkHwF<\/a><\/li>\n<li>Projektdateien: <a href=\"https:\/\/github.com\/ps915\/source_v\">https:\/\/github.com\/ps915\/source_v<\/a><\/li>\n<li><a href=\"https:\/\/docs.google.com\/document\/d\/1b-qf9Id54_d6gRJ6ql_YT4DCBErJb9UZ3iQ-eo-tOfI\/edit\">Interaktives Handbuch<\/a> (in Arbeit)<\/li>\n<li>3D-gedruckte Dateien auf Thingiverse: <a href=\"https:\/\/www.thingiverse.com\/tag:sourcev\">https:\/\/www.thingiverse.com\/tag:sourcev<\/a><\/li>\n<\/ul>\n<h4>DAS PAKET ENTH\u00c4LT:<\/h4>\n<ul>\n<li>1x Rahmen (Oberteil, Unterteil, Strebe und 2x Kameraplatte, 4x Arme)<\/li>\n<li>1x Satz Schrauben und Abstandshalter<\/li>\n<\/ul>\n<h4>TECHNISCHE DATEN:<\/h4>\n<ul>\n<li><strong>Radstand 5 &#8220;: <\/strong> 220 mm<\/li>\n<li><strong>Obere Platte:<\/strong> 2 mm<\/li>\n<li><strong>Untere Platte: 2 <\/strong> mm<\/li>\n<li><strong>Lichte H\u00f6he: M3x30mm <\/strong> <\/li>\n<li><strong>Armst\u00e4rke 5 &#8220;:<\/strong> 2&#215;12 mm<\/li>\n<li><strong>Stapelmontage: <\/strong> 30,5 \u00d7 30,5 mm und 20 x 20<\/li>\n<li><strong>Gewicht 5 &#8220;: <\/strong> 63 g<\/li>\n<\/ul>\n<h4>HARDWARE:<\/h4>\n<ul>\n<li>1 x Satz Karbonplatten<\/li>\n<li>4 x Trennbl\u00e4tter<\/li>\n<li>1 x Satz Schrauben<\/li>\n<li>1 x TBS-Kameramontagesatz<\/li>\n<\/ul>\n<h4>EMPFOHLENE TEILE:<\/h4>\n<p>  Die Teileempfehlungen werden von unseren Ingenieuren und Piloten ausgesprochen. Wir bem\u00fchen uns um Zuverl\u00e4ssigkeit und hohe Qualit\u00e4t bei all unseren Produkten. Das kostet zwar etwas mehr, aber daf\u00fcr k\u00f6nnen Sie den Rahmen viel mehr genie\u00dfen!  <\/p>\n<h4><strong>BUDGETKONSTRUKTION<\/strong><\/h4>\n<ul>\n<li>FC und ESC: F4 FC und 45A BL32 4in1 6S ESC Stack<\/li>\n<li>Motoren: 4x FPV Motor 2207-2650KV (4S)<\/li>\n<li>Kamera: FPV Micro CCD Kamera (2,1 mm Objektiv)<\/li>\n<li>VTx: TBS Unify Pro32 Nano<\/li>\n<li>Antenne: TBS Triumph Pro (u.FL, MMCX 90 oder SMA)<\/li>\n<li>St\u00fctzen: HQ Dauerhafte St\u00fctze R42 (hellgrau)<\/li>\n<li>Option: FC-Softmount-Spulen, Anti-Rutsch-Akku-Pad<\/li>\n<\/ul>\n<\/div>\n","protected":false},"excerpt":{"rendered":"<p>TBS SOURCE V &nbsp; Der SOURCE V ist ein aufrechter Rahmen im &#8220;Box&#8221;-Stil, der bei Rennfahrern wegen seiner \u00fcberlegenen Steifigkeit und Aerodynamik beliebt ist. Er ist so gebaut, dass er<\/p>\n","protected":false},"featured_media":124357,"comment_status":"open","ping_status":"closed","template":"","meta":{"_joinchat":[]},"pwb-brand":[],"product_cat":[2579,3669],"product_tag":[],"class_list":{"0":"post-208325","1":"product","2":"type-product","3":"status-publish","4":"has-post-thumbnail","6":"product_cat-fpv-drohnen","7":"product_cat-rahmen","9":"first","10":"instock","11":"taxable","12":"shipping-taxable","13":"purchasable","14":"product-type-simple"},"barcode":null,"atum_controlled":true,"out_stock_date":null,"out_stock_threshold":null,"inheritable":false,"stock_on_hold":0,"sold_today":0,"sales_last_days":0,"out_stock_days":0,"lost_sales":0,"update_date":"2026-04-16T07:36:07","atum_locations":[],"atum_stock_status":"instock","restock_status":false,"low_stock_amount":"","sales_update_date":"2026-04-16T07:36:07","calc_backorders":null,"yoast_head":"<!-- This site is optimized with the Yoast SEO plugin v27.3 - https:\/\/yoast.com\/product\/yoast-seo-wordpress\/ -->\n<title>TBS SOURCE V - Iha Race<\/title>\n<meta name=\"robots\" content=\"index, follow, max-snippet:-1, max-image-preview:large, max-video-preview:-1\" \/>\n<link rel=\"canonical\" href=\"https:\/\/iha-race.com\/de\/producto\/tbs-quelle-v\/\" \/>\n<meta property=\"og:locale\" content=\"de_DE\" \/>\n<meta property=\"og:type\" content=\"article\" \/>\n<meta property=\"og:title\" content=\"TBS SOURCE V - Iha Race\" \/>\n<meta property=\"og:description\" content=\"TBS SOURCE V &nbsp; Der SOURCE V ist ein aufrechter Rahmen im &#8220;Box&#8221;-Stil, der bei Rennfahrern wegen seiner \u00fcberlegenen Steifigkeit und Aerodynamik beliebt ist. Er ist so gebaut, dass er\" \/>\n<meta property=\"og:url\" content=\"https:\/\/iha-race.com\/de\/producto\/tbs-quelle-v\/\" \/>\n<meta property=\"og:site_name\" content=\"Iha Race\" \/>\n<meta property=\"article:modified_time\" content=\"2024-08-29T14:04:45+00:00\" \/>\n<meta property=\"og:image\" content=\"https:\/\/iha-race.com\/wp-content\/uploads\/2020\/07\/TBS-SOURCE-V.jpg\" \/>\n\t<meta property=\"og:image:width\" content=\"1000\" \/>\n\t<meta property=\"og:image:height\" content=\"1000\" \/>\n\t<meta property=\"og:image:type\" content=\"image\/jpeg\" \/>\n<meta name=\"twitter:card\" content=\"summary_large_image\" \/>\n<meta name=\"twitter:label1\" content=\"Gesch\u00e4tzte Lesezeit\" \/>\n\t<meta name=\"twitter:data1\" content=\"2\u00a0Minuten\" \/>\n<script type=\"application\/ld+json\" class=\"yoast-schema-graph\">{\"@context\":\"https:\\\/\\\/schema.org\",\"@graph\":[{\"@type\":\"WebPage\",\"@id\":\"https:\\\/\\\/iha-race.com\\\/de\\\/producto\\\/tbs-quelle-v\\\/\",\"url\":\"https:\\\/\\\/iha-race.com\\\/de\\\/producto\\\/tbs-quelle-v\\\/\",\"name\":\"TBS SOURCE V - Iha Race\",\"isPartOf\":{\"@id\":\"https:\\\/\\\/iha-race.com\\\/de\\\/#website\"},\"primaryImageOfPage\":{\"@id\":\"https:\\\/\\\/iha-race.com\\\/de\\\/producto\\\/tbs-quelle-v\\\/#primaryimage\"},\"image\":{\"@id\":\"https:\\\/\\\/iha-race.com\\\/de\\\/producto\\\/tbs-quelle-v\\\/#primaryimage\"},\"thumbnailUrl\":\"https:\\\/\\\/iha-race.com\\\/wp-content\\\/uploads\\\/2020\\\/07\\\/TBS-SOURCE-V.jpg\",\"datePublished\":\"2020-07-24T08:13:12+00:00\",\"dateModified\":\"2024-08-29T14:04:45+00:00\",\"breadcrumb\":{\"@id\":\"https:\\\/\\\/iha-race.com\\\/de\\\/producto\\\/tbs-quelle-v\\\/#breadcrumb\"},\"inLanguage\":\"de\",\"potentialAction\":[{\"@type\":\"ReadAction\",\"target\":[\"https:\\\/\\\/iha-race.com\\\/de\\\/producto\\\/tbs-quelle-v\\\/\"]}]},{\"@type\":\"ImageObject\",\"inLanguage\":\"de\",\"@id\":\"https:\\\/\\\/iha-race.com\\\/de\\\/producto\\\/tbs-quelle-v\\\/#primaryimage\",\"url\":\"https:\\\/\\\/iha-race.com\\\/wp-content\\\/uploads\\\/2020\\\/07\\\/TBS-SOURCE-V.jpg\",\"contentUrl\":\"https:\\\/\\\/iha-race.com\\\/wp-content\\\/uploads\\\/2020\\\/07\\\/TBS-SOURCE-V.jpg\",\"width\":1000,\"height\":1000},{\"@type\":\"BreadcrumbList\",\"@id\":\"https:\\\/\\\/iha-race.com\\\/de\\\/producto\\\/tbs-quelle-v\\\/#breadcrumb\",\"itemListElement\":[{\"@type\":\"ListItem\",\"position\":1,\"name\":\"Portada\",\"item\":\"https:\\\/\\\/iha-race.com\\\/de\\\/elementor-499\\\/\"},{\"@type\":\"ListItem\",\"position\":2,\"name\":\"Shop\",\"item\":\"https:\\\/\\\/iha-race.com\\\/de\\\/shop\\\/\"},{\"@type\":\"ListItem\",\"position\":3,\"name\":\"TBS SOURCE V\"}]},{\"@type\":\"WebSite\",\"@id\":\"https:\\\/\\\/iha-race.com\\\/de\\\/#website\",\"url\":\"https:\\\/\\\/iha-race.com\\\/de\\\/\",\"name\":\"Iha Race\",\"description\":\"Comprar drones de carreras FPV env\u00edos en un d\u00eda desde Espa\u00f1a\",\"publisher\":{\"@id\":\"https:\\\/\\\/iha-race.com\\\/de\\\/#organization\"},\"potentialAction\":[{\"@type\":\"SearchAction\",\"target\":{\"@type\":\"EntryPoint\",\"urlTemplate\":\"https:\\\/\\\/iha-race.com\\\/de\\\/?s={search_term_string}\"},\"query-input\":{\"@type\":\"PropertyValueSpecification\",\"valueRequired\":true,\"valueName\":\"search_term_string\"}}],\"inLanguage\":\"de\"},{\"@type\":\"Organization\",\"@id\":\"https:\\\/\\\/iha-race.com\\\/de\\\/#organization\",\"name\":\"Iha Race\",\"url\":\"https:\\\/\\\/iha-race.com\\\/de\\\/\",\"logo\":{\"@type\":\"ImageObject\",\"inLanguage\":\"de\",\"@id\":\"https:\\\/\\\/iha-race.com\\\/de\\\/#\\\/schema\\\/logo\\\/image\\\/\",\"url\":\"https:\\\/\\\/iha-race.com\\\/wp-content\\\/uploads\\\/2018\\\/07\\\/iha-race-drones-de-carreras-tienda-comprar-drones.png\",\"contentUrl\":\"https:\\\/\\\/iha-race.com\\\/wp-content\\\/uploads\\\/2018\\\/07\\\/iha-race-drones-de-carreras-tienda-comprar-drones.png\",\"width\":300,\"height\":100,\"caption\":\"Iha Race\"},\"image\":{\"@id\":\"https:\\\/\\\/iha-race.com\\\/de\\\/#\\\/schema\\\/logo\\\/image\\\/\"}}]}<\/script>\n<!-- \/ Yoast SEO plugin. -->","yoast_head_json":{"title":"TBS SOURCE V - Iha Race","robots":{"index":"index","follow":"follow","max-snippet":"max-snippet:-1","max-image-preview":"max-image-preview:large","max-video-preview":"max-video-preview:-1"},"canonical":"https:\/\/iha-race.com\/de\/producto\/tbs-quelle-v\/","og_locale":"de_DE","og_type":"article","og_title":"TBS SOURCE V - Iha Race","og_description":"TBS SOURCE V &nbsp; Der SOURCE V ist ein aufrechter Rahmen im &#8220;Box&#8221;-Stil, der bei Rennfahrern wegen seiner \u00fcberlegenen Steifigkeit und Aerodynamik beliebt ist. Er ist so gebaut, dass er","og_url":"https:\/\/iha-race.com\/de\/producto\/tbs-quelle-v\/","og_site_name":"Iha Race","article_modified_time":"2024-08-29T14:04:45+00:00","og_image":[{"width":1000,"height":1000,"url":"https:\/\/iha-race.com\/wp-content\/uploads\/2020\/07\/TBS-SOURCE-V.jpg","type":"image\/jpeg"}],"twitter_card":"summary_large_image","twitter_misc":{"Gesch\u00e4tzte Lesezeit":"2\u00a0Minuten"},"schema":{"@context":"https:\/\/schema.org","@graph":[{"@type":"WebPage","@id":"https:\/\/iha-race.com\/de\/producto\/tbs-quelle-v\/","url":"https:\/\/iha-race.com\/de\/producto\/tbs-quelle-v\/","name":"TBS SOURCE V - Iha Race","isPartOf":{"@id":"https:\/\/iha-race.com\/de\/#website"},"primaryImageOfPage":{"@id":"https:\/\/iha-race.com\/de\/producto\/tbs-quelle-v\/#primaryimage"},"image":{"@id":"https:\/\/iha-race.com\/de\/producto\/tbs-quelle-v\/#primaryimage"},"thumbnailUrl":"https:\/\/iha-race.com\/wp-content\/uploads\/2020\/07\/TBS-SOURCE-V.jpg","datePublished":"2020-07-24T08:13:12+00:00","dateModified":"2024-08-29T14:04:45+00:00","breadcrumb":{"@id":"https:\/\/iha-race.com\/de\/producto\/tbs-quelle-v\/#breadcrumb"},"inLanguage":"de","potentialAction":[{"@type":"ReadAction","target":["https:\/\/iha-race.com\/de\/producto\/tbs-quelle-v\/"]}]},{"@type":"ImageObject","inLanguage":"de","@id":"https:\/\/iha-race.com\/de\/producto\/tbs-quelle-v\/#primaryimage","url":"https:\/\/iha-race.com\/wp-content\/uploads\/2020\/07\/TBS-SOURCE-V.jpg","contentUrl":"https:\/\/iha-race.com\/wp-content\/uploads\/2020\/07\/TBS-SOURCE-V.jpg","width":1000,"height":1000},{"@type":"BreadcrumbList","@id":"https:\/\/iha-race.com\/de\/producto\/tbs-quelle-v\/#breadcrumb","itemListElement":[{"@type":"ListItem","position":1,"name":"Portada","item":"https:\/\/iha-race.com\/de\/elementor-499\/"},{"@type":"ListItem","position":2,"name":"Shop","item":"https:\/\/iha-race.com\/de\/shop\/"},{"@type":"ListItem","position":3,"name":"TBS SOURCE V"}]},{"@type":"WebSite","@id":"https:\/\/iha-race.com\/de\/#website","url":"https:\/\/iha-race.com\/de\/","name":"Iha Race","description":"Comprar drones de carreras FPV env\u00edos en un d\u00eda desde Espa\u00f1a","publisher":{"@id":"https:\/\/iha-race.com\/de\/#organization"},"potentialAction":[{"@type":"SearchAction","target":{"@type":"EntryPoint","urlTemplate":"https:\/\/iha-race.com\/de\/?s={search_term_string}"},"query-input":{"@type":"PropertyValueSpecification","valueRequired":true,"valueName":"search_term_string"}}],"inLanguage":"de"},{"@type":"Organization","@id":"https:\/\/iha-race.com\/de\/#organization","name":"Iha Race","url":"https:\/\/iha-race.com\/de\/","logo":{"@type":"ImageObject","inLanguage":"de","@id":"https:\/\/iha-race.com\/de\/#\/schema\/logo\/image\/","url":"https:\/\/iha-race.com\/wp-content\/uploads\/2018\/07\/iha-race-drones-de-carreras-tienda-comprar-drones.png","contentUrl":"https:\/\/iha-race.com\/wp-content\/uploads\/2018\/07\/iha-race-drones-de-carreras-tienda-comprar-drones.png","width":300,"height":100,"caption":"Iha Race"},"image":{"@id":"https:\/\/iha-race.com\/de\/#\/schema\/logo\/image\/"}}]}},"jetpack_sharing_enabled":true,"brands":[],"_links":{"self":[{"href":"https:\/\/iha-race.com\/de\/wp-json\/wp\/v2\/product\/208325","targetHints":{"allow":["GET"]}}],"collection":[{"href":"https:\/\/iha-race.com\/de\/wp-json\/wp\/v2\/product"}],"about":[{"href":"https:\/\/iha-race.com\/de\/wp-json\/wp\/v2\/types\/product"}],"replies":[{"embeddable":true,"href":"https:\/\/iha-race.com\/de\/wp-json\/wp\/v2\/comments?post=208325"}],"version-history":[{"count":2,"href":"https:\/\/iha-race.com\/de\/wp-json\/wp\/v2\/product\/208325\/revisions"}],"predecessor-version":[{"id":249904,"href":"https:\/\/iha-race.com\/de\/wp-json\/wp\/v2\/product\/208325\/revisions\/249904"}],"wp:featuredmedia":[{"embeddable":true,"href":"https:\/\/iha-race.com\/de\/wp-json\/wp\/v2\/media\/124357"}],"wp:attachment":[{"href":"https:\/\/iha-race.com\/de\/wp-json\/wp\/v2\/media?parent=208325"}],"wp:term":[{"taxonomy":"pwb-brand","embeddable":true,"href":"https:\/\/iha-race.com\/de\/wp-json\/wp\/v2\/pwb-brand?post=208325"},{"taxonomy":"product_cat","embeddable":true,"href":"https:\/\/iha-race.com\/de\/wp-json\/wp\/v2\/product_cat?post=208325"},{"taxonomy":"product_tag","embeddable":true,"href":"https:\/\/iha-race.com\/de\/wp-json\/wp\/v2\/product_tag?post=208325"}],"curies":[{"name":"wp","href":"https:\/\/api.w.org\/{rel}","templated":true}]}}