{"id":208319,"date":"2020-07-31T10:04:52","date_gmt":"2020-07-31T08:04:52","guid":{"rendered":"https:\/\/iha-race.com\/producto\/abstandssaeulen-40-mm-m3-2-stck\/"},"modified":"2026-03-21T19:38:59","modified_gmt":"2026-03-21T18:38:59","slug":"saulen-trennsaulen-40-mm-m3-2-einheiten","status":"publish","type":"product","link":"https:\/\/iha-race.com\/de\/producto\/saulen-trennsaulen-40-mm-m3-2-einheiten\/","title":{"rendered":"Abstandss\u00e4ulen 40 mm M3 (2 Stck.)"},"content":{"rendered":"<h2>Distanzs\u00e4ulen 40 mm M3 (2 St.) Nur rot und schwarz<\/h2>\n<p>  Hergestellt aus hochfestem Aluminium mit M3-Gewinde<\/p>\n","protected":false},"excerpt":{"rendered":"<p>Distanzs\u00e4ulen 40 mm M3 (2 St.) Nur rot und schwarz Hergestellt aus hochfestem Aluminium mit M3-Gewinde<\/p>\n","protected":false},"featured_media":125149,"comment_status":"open","ping_status":"closed","template":"","meta":{"_joinchat":[]},"pwb-brand":[],"product_cat":[2675,2513],"product_tag":[],"class_list":{"0":"post-208319","1":"product","2":"type-product","3":"status-publish","4":"has-post-thumbnail","6":"product_cat-trennungsspalten","7":"product_cat-zubehor","9":"first","10":"instock","11":"taxable","12":"shipping-taxable","13":"purchasable","14":"product-type-variable"},"barcode":null,"atum_controlled":true,"out_stock_date":null,"out_stock_threshold":null,"inheritable":true,"stock_on_hold":0,"sold_today":4,"sales_last_days":4,"out_stock_days":0,"lost_sales":0,"update_date":"2026-04-08T10:17:15","atum_locations":[],"atum_stock_status":"instock","restock_status":false,"low_stock_amount":"","sales_update_date":"2026-04-08T10:17:15","calc_backorders":null,"yoast_head":"<!-- This site is optimized with the Yoast SEO plugin v27.3 - https:\/\/yoast.com\/product\/yoast-seo-wordpress\/ -->\n<title>Abstandss\u00e4ulen 40 mm M3 (2 Stck.) - Iha Race<\/title>\n<meta name=\"robots\" content=\"noindex, follow\" \/>\n<meta property=\"og:locale\" content=\"de_DE\" \/>\n<meta property=\"og:type\" content=\"article\" \/>\n<meta property=\"og:title\" content=\"Abstandss\u00e4ulen 40 mm M3 (2 Stck.) - Iha Race\" \/>\n<meta property=\"og:description\" content=\"Distanzs\u00e4ulen 40 mm M3 (2 St.) Nur rot und schwarz Hergestellt aus hochfestem Aluminium mit M3-Gewinde\" \/>\n<meta property=\"og:url\" content=\"https:\/\/iha-race.com\/de\/producto\/saulen-trennsaulen-40-mm-m3-2-einheiten\/\" \/>\n<meta property=\"og:site_name\" content=\"Iha Race\" \/>\n<meta property=\"article:modified_time\" content=\"2026-03-21T18:38:59+00:00\" \/>\n<meta property=\"og:image\" content=\"https:\/\/iha-race.com\/wp-content\/uploads\/2020\/07\/columnas-separadoras-de-40-mm-m3-2-unid-varios-colores.jpg\" \/>\n\t<meta property=\"og:image:width\" content=\"800\" \/>\n\t<meta property=\"og:image:height\" content=\"800\" \/>\n\t<meta property=\"og:image:type\" content=\"image\/jpeg\" \/>\n<meta name=\"twitter:card\" content=\"summary_large_image\" \/>\n<script type=\"application\/ld+json\" class=\"yoast-schema-graph\">{\"@context\":\"https:\\\/\\\/schema.org\",\"@graph\":[{\"@type\":\"WebPage\",\"@id\":\"https:\\\/\\\/iha-race.com\\\/de\\\/producto\\\/saulen-trennsaulen-40-mm-m3-2-einheiten\\\/\",\"url\":\"https:\\\/\\\/iha-race.com\\\/de\\\/producto\\\/saulen-trennsaulen-40-mm-m3-2-einheiten\\\/\",\"name\":\"Abstandss\u00e4ulen 40 mm M3 (2 Stck.) - Iha Race\",\"isPartOf\":{\"@id\":\"https:\\\/\\\/iha-race.com\\\/de\\\/#website\"},\"primaryImageOfPage\":{\"@id\":\"https:\\\/\\\/iha-race.com\\\/de\\\/producto\\\/saulen-trennsaulen-40-mm-m3-2-einheiten\\\/#primaryimage\"},\"image\":{\"@id\":\"https:\\\/\\\/iha-race.com\\\/de\\\/producto\\\/saulen-trennsaulen-40-mm-m3-2-einheiten\\\/#primaryimage\"},\"thumbnailUrl\":\"https:\\\/\\\/iha-race.com\\\/wp-content\\\/uploads\\\/2020\\\/07\\\/columnas-separadoras-de-40-mm-m3-2-unid-varios-colores.jpg\",\"datePublished\":\"2020-07-31T08:04:52+00:00\",\"dateModified\":\"2026-03-21T18:38:59+00:00\",\"breadcrumb\":{\"@id\":\"https:\\\/\\\/iha-race.com\\\/de\\\/producto\\\/saulen-trennsaulen-40-mm-m3-2-einheiten\\\/#breadcrumb\"},\"inLanguage\":\"de\",\"potentialAction\":[{\"@type\":\"ReadAction\",\"target\":[\"https:\\\/\\\/iha-race.com\\\/de\\\/producto\\\/saulen-trennsaulen-40-mm-m3-2-einheiten\\\/\"]}]},{\"@type\":\"ImageObject\",\"inLanguage\":\"de\",\"@id\":\"https:\\\/\\\/iha-race.com\\\/de\\\/producto\\\/saulen-trennsaulen-40-mm-m3-2-einheiten\\\/#primaryimage\",\"url\":\"https:\\\/\\\/iha-race.com\\\/wp-content\\\/uploads\\\/2020\\\/07\\\/columnas-separadoras-de-40-mm-m3-2-unid-varios-colores.jpg\",\"contentUrl\":\"https:\\\/\\\/iha-race.com\\\/wp-content\\\/uploads\\\/2020\\\/07\\\/columnas-separadoras-de-40-mm-m3-2-unid-varios-colores.jpg\",\"width\":800,\"height\":800},{\"@type\":\"BreadcrumbList\",\"@id\":\"https:\\\/\\\/iha-race.com\\\/de\\\/producto\\\/saulen-trennsaulen-40-mm-m3-2-einheiten\\\/#breadcrumb\",\"itemListElement\":[{\"@type\":\"ListItem\",\"position\":1,\"name\":\"Portada\",\"item\":\"https:\\\/\\\/iha-race.com\\\/de\\\/elementor-499\\\/\"},{\"@type\":\"ListItem\",\"position\":2,\"name\":\"Shop\",\"item\":\"https:\\\/\\\/iha-race.com\\\/de\\\/shop\\\/\"},{\"@type\":\"ListItem\",\"position\":3,\"name\":\"Abstandss\u00e4ulen 40 mm M3 (2 Stck.)\"}]},{\"@type\":\"WebSite\",\"@id\":\"https:\\\/\\\/iha-race.com\\\/de\\\/#website\",\"url\":\"https:\\\/\\\/iha-race.com\\\/de\\\/\",\"name\":\"Iha Race\",\"description\":\"Comprar drones de carreras FPV env\u00edos en un d\u00eda desde Espa\u00f1a\",\"publisher\":{\"@id\":\"https:\\\/\\\/iha-race.com\\\/de\\\/#organization\"},\"potentialAction\":[{\"@type\":\"SearchAction\",\"target\":{\"@type\":\"EntryPoint\",\"urlTemplate\":\"https:\\\/\\\/iha-race.com\\\/de\\\/?s={search_term_string}\"},\"query-input\":{\"@type\":\"PropertyValueSpecification\",\"valueRequired\":true,\"valueName\":\"search_term_string\"}}],\"inLanguage\":\"de\"},{\"@type\":\"Organization\",\"@id\":\"https:\\\/\\\/iha-race.com\\\/de\\\/#organization\",\"name\":\"Iha Race\",\"url\":\"https:\\\/\\\/iha-race.com\\\/de\\\/\",\"logo\":{\"@type\":\"ImageObject\",\"inLanguage\":\"de\",\"@id\":\"https:\\\/\\\/iha-race.com\\\/de\\\/#\\\/schema\\\/logo\\\/image\\\/\",\"url\":\"https:\\\/\\\/iha-race.com\\\/wp-content\\\/uploads\\\/2018\\\/07\\\/iha-race-drones-de-carreras-tienda-comprar-drones.png\",\"contentUrl\":\"https:\\\/\\\/iha-race.com\\\/wp-content\\\/uploads\\\/2018\\\/07\\\/iha-race-drones-de-carreras-tienda-comprar-drones.png\",\"width\":300,\"height\":100,\"caption\":\"Iha Race\"},\"image\":{\"@id\":\"https:\\\/\\\/iha-race.com\\\/de\\\/#\\\/schema\\\/logo\\\/image\\\/\"}}]}<\/script>\n<!-- \/ Yoast SEO plugin. -->","yoast_head_json":{"title":"Abstandss\u00e4ulen 40 mm M3 (2 Stck.) - Iha Race","robots":{"index":"noindex","follow":"follow"},"og_locale":"de_DE","og_type":"article","og_title":"Abstandss\u00e4ulen 40 mm M3 (2 Stck.) - Iha Race","og_description":"Distanzs\u00e4ulen 40 mm M3 (2 St.) Nur rot und schwarz Hergestellt aus hochfestem Aluminium mit M3-Gewinde","og_url":"https:\/\/iha-race.com\/de\/producto\/saulen-trennsaulen-40-mm-m3-2-einheiten\/","og_site_name":"Iha Race","article_modified_time":"2026-03-21T18:38:59+00:00","og_image":[{"width":800,"height":800,"url":"https:\/\/iha-race.com\/wp-content\/uploads\/2020\/07\/columnas-separadoras-de-40-mm-m3-2-unid-varios-colores.jpg","type":"image\/jpeg"}],"twitter_card":"summary_large_image","schema":{"@context":"https:\/\/schema.org","@graph":[{"@type":"WebPage","@id":"https:\/\/iha-race.com\/de\/producto\/saulen-trennsaulen-40-mm-m3-2-einheiten\/","url":"https:\/\/iha-race.com\/de\/producto\/saulen-trennsaulen-40-mm-m3-2-einheiten\/","name":"Abstandss\u00e4ulen 40 mm M3 (2 Stck.) - Iha Race","isPartOf":{"@id":"https:\/\/iha-race.com\/de\/#website"},"primaryImageOfPage":{"@id":"https:\/\/iha-race.com\/de\/producto\/saulen-trennsaulen-40-mm-m3-2-einheiten\/#primaryimage"},"image":{"@id":"https:\/\/iha-race.com\/de\/producto\/saulen-trennsaulen-40-mm-m3-2-einheiten\/#primaryimage"},"thumbnailUrl":"https:\/\/iha-race.com\/wp-content\/uploads\/2020\/07\/columnas-separadoras-de-40-mm-m3-2-unid-varios-colores.jpg","datePublished":"2020-07-31T08:04:52+00:00","dateModified":"2026-03-21T18:38:59+00:00","breadcrumb":{"@id":"https:\/\/iha-race.com\/de\/producto\/saulen-trennsaulen-40-mm-m3-2-einheiten\/#breadcrumb"},"inLanguage":"de","potentialAction":[{"@type":"ReadAction","target":["https:\/\/iha-race.com\/de\/producto\/saulen-trennsaulen-40-mm-m3-2-einheiten\/"]}]},{"@type":"ImageObject","inLanguage":"de","@id":"https:\/\/iha-race.com\/de\/producto\/saulen-trennsaulen-40-mm-m3-2-einheiten\/#primaryimage","url":"https:\/\/iha-race.com\/wp-content\/uploads\/2020\/07\/columnas-separadoras-de-40-mm-m3-2-unid-varios-colores.jpg","contentUrl":"https:\/\/iha-race.com\/wp-content\/uploads\/2020\/07\/columnas-separadoras-de-40-mm-m3-2-unid-varios-colores.jpg","width":800,"height":800},{"@type":"BreadcrumbList","@id":"https:\/\/iha-race.com\/de\/producto\/saulen-trennsaulen-40-mm-m3-2-einheiten\/#breadcrumb","itemListElement":[{"@type":"ListItem","position":1,"name":"Portada","item":"https:\/\/iha-race.com\/de\/elementor-499\/"},{"@type":"ListItem","position":2,"name":"Shop","item":"https:\/\/iha-race.com\/de\/shop\/"},{"@type":"ListItem","position":3,"name":"Abstandss\u00e4ulen 40 mm M3 (2 Stck.)"}]},{"@type":"WebSite","@id":"https:\/\/iha-race.com\/de\/#website","url":"https:\/\/iha-race.com\/de\/","name":"Iha Race","description":"Comprar drones de carreras FPV env\u00edos en un d\u00eda desde Espa\u00f1a","publisher":{"@id":"https:\/\/iha-race.com\/de\/#organization"},"potentialAction":[{"@type":"SearchAction","target":{"@type":"EntryPoint","urlTemplate":"https:\/\/iha-race.com\/de\/?s={search_term_string}"},"query-input":{"@type":"PropertyValueSpecification","valueRequired":true,"valueName":"search_term_string"}}],"inLanguage":"de"},{"@type":"Organization","@id":"https:\/\/iha-race.com\/de\/#organization","name":"Iha Race","url":"https:\/\/iha-race.com\/de\/","logo":{"@type":"ImageObject","inLanguage":"de","@id":"https:\/\/iha-race.com\/de\/#\/schema\/logo\/image\/","url":"https:\/\/iha-race.com\/wp-content\/uploads\/2018\/07\/iha-race-drones-de-carreras-tienda-comprar-drones.png","contentUrl":"https:\/\/iha-race.com\/wp-content\/uploads\/2018\/07\/iha-race-drones-de-carreras-tienda-comprar-drones.png","width":300,"height":100,"caption":"Iha Race"},"image":{"@id":"https:\/\/iha-race.com\/de\/#\/schema\/logo\/image\/"}}]}},"brands":[],"_links":{"self":[{"href":"https:\/\/iha-race.com\/de\/wp-json\/wp\/v2\/product\/208319","targetHints":{"allow":["GET"]}}],"collection":[{"href":"https:\/\/iha-race.com\/de\/wp-json\/wp\/v2\/product"}],"about":[{"href":"https:\/\/iha-race.com\/de\/wp-json\/wp\/v2\/types\/product"}],"replies":[{"embeddable":true,"href":"https:\/\/iha-race.com\/de\/wp-json\/wp\/v2\/comments?post=208319"}],"version-history":[{"count":1,"href":"https:\/\/iha-race.com\/de\/wp-json\/wp\/v2\/product\/208319\/revisions"}],"predecessor-version":[{"id":249913,"href":"https:\/\/iha-race.com\/de\/wp-json\/wp\/v2\/product\/208319\/revisions\/249913"}],"wp:featuredmedia":[{"embeddable":true,"href":"https:\/\/iha-race.com\/de\/wp-json\/wp\/v2\/media\/125149"}],"wp:attachment":[{"href":"https:\/\/iha-race.com\/de\/wp-json\/wp\/v2\/media?parent=208319"}],"wp:term":[{"taxonomy":"pwb-brand","embeddable":true,"href":"https:\/\/iha-race.com\/de\/wp-json\/wp\/v2\/pwb-brand?post=208319"},{"taxonomy":"product_cat","embeddable":true,"href":"https:\/\/iha-race.com\/de\/wp-json\/wp\/v2\/product_cat?post=208319"},{"taxonomy":"product_tag","embeddable":true,"href":"https:\/\/iha-race.com\/de\/wp-json\/wp\/v2\/product_tag?post=208319"}],"curies":[{"name":"wp","href":"https:\/\/api.w.org\/{rel}","templated":true}]}}