{"id":208301,"date":"2020-07-24T09:54:49","date_gmt":"2020-07-24T07:54:49","guid":{"rendered":"https:\/\/iha-race.com\/producto\/ethix-cinerat-bausatz\/"},"modified":"2024-08-29T16:05:42","modified_gmt":"2024-08-29T14:05:42","slug":"kit-ethix-cinerat","status":"publish","type":"product","link":"https:\/\/iha-race.com\/de\/producto\/kit-ethix-cinerat\/","title":{"rendered":"Ethix CineRat Bausatz"},"content":{"rendered":"<h2>Ethix CineRat Bausatz<\/h2>\n<p>  Wir haben unser n\u00e4chstes Produkt in der Flatrat-Linie vorgestellt: unseren 3&#8243; Kinorahmen. Als wir uns \u00fcberlegten, was wir von einem kleinen, kompakten Kinorahmen erwarten, fiel uns vor allem auf, dass wir keine Kabelkan\u00e4le wollten. Deshalb haben wir einen 6s-Motor (Flat Rat-Motoren) entwickelt, der diesen Rahmen erg\u00e4nzt, so dass er eine Kamera in voller Gr\u00f6\u00dfe mit gen\u00fcgend Schubkraft f\u00fcr eine 3&#8243;-Vorrichtung tragen kann und uns erlaubt, zur Sicherheit Schutzvorrichtungen anzubringen. Mit einem 3&#8243;-Rahmen auf Basis der 6s wollten wir auch die M\u00f6glichkeit haben, einen Full-Size-FC\/Esc-Stack mit der Option eines 20&#215;20 zu tragen, wenn das Ihr Ding ist. Es gibt die M\u00f6glichkeit von GoPro-Halterungen an der Vorder- und R\u00fcckseite sowie eine 10-Grad-Liege. F\u00fcr diejenigen, die die geteilten Kamerahalterungen an der Vorderseite des Rahmens verwenden m\u00f6chten, haben wir einen Schutz f\u00fcr die Frontkamera (Gr\u00f6\u00dfe 19&#215;19) hinzugef\u00fcgt. An der Unterseite des Schutzes befindet sich ein Schlitz f\u00fcr die Montage Ihrer unsterblichen T-Antenne.  <\/p>\n<h2>Das Paket enth\u00e4lt:<\/h2>\n<ul>\n<li>1 x obere Platte<\/li>\n<li>1 x Bodenplatte<\/li>\n<li>1 x Akku-Pad<\/li>\n<li>4 x Motorplatten<\/li>\n<li>7 x Trennbl\u00e4tter<\/li>\n<li>1 x Satz Schrauben<\/li>\n<li>1 x vorderer Arm<\/li>\n<li>1 x hinterer Arm<\/li>\n<\/ul>\n<h1>3D-ARCHIVEN<\/h1>\n<ul>\n<li><a href=\"https:\/\/www.thingiverse.com\/thing:4045425\">Herunterladen von Thingiverse<\/a><\/li>\n<\/ul>\n","protected":false},"excerpt":{"rendered":"<p>Das Ethix CineRat 3&#8243; CineRat Kit braucht nur 6 Sekunden, um Kameras in voller Gr\u00f6\u00dfe zu tragen, die genug Power haben, um die gew\u00fcnschte Aufnahme zu machen.<\/p>\n","protected":false},"featured_media":124354,"comment_status":"open","ping_status":"closed","template":"","meta":{"_joinchat":[]},"pwb-brand":[],"product_cat":[2579,3669],"product_tag":[],"class_list":{"0":"post-208301","1":"product","2":"type-product","3":"status-publish","4":"has-post-thumbnail","6":"product_cat-fpv-drohnen","7":"product_cat-rahmen","9":"first","10":"instock","11":"sale","12":"taxable","13":"shipping-taxable","14":"purchasable","15":"product-type-simple"},"barcode":null,"atum_controlled":true,"out_stock_date":null,"out_stock_threshold":null,"inheritable":false,"stock_on_hold":0,"sold_today":0,"sales_last_days":0,"out_stock_days":0,"lost_sales":0,"update_date":"2026-04-22T19:53:21","atum_locations":[],"atum_stock_status":"instock","restock_status":false,"low_stock_amount":"","sales_update_date":"2026-04-16T07:36:07","calc_backorders":null,"yoast_head":"<!-- This site is optimized with the Yoast SEO plugin v27.3 - https:\/\/yoast.com\/product\/yoast-seo-wordpress\/ -->\n<title>Ethix CineRat Bausatz - Iha Race<\/title>\n<meta name=\"robots\" content=\"index, follow, max-snippet:-1, max-image-preview:large, max-video-preview:-1\" \/>\n<link rel=\"canonical\" href=\"https:\/\/iha-race.com\/de\/producto\/kit-ethix-cinerat\/\" \/>\n<meta property=\"og:locale\" content=\"de_DE\" \/>\n<meta property=\"og:type\" content=\"article\" \/>\n<meta property=\"og:title\" content=\"Ethix CineRat Bausatz - Iha Race\" \/>\n<meta property=\"og:description\" content=\"Das Ethix CineRat 3&quot; CineRat Kit braucht nur 6 Sekunden, um Kameras in voller Gr\u00f6\u00dfe zu tragen, die genug Power haben, um die gew\u00fcnschte Aufnahme zu machen.\" \/>\n<meta property=\"og:url\" content=\"https:\/\/iha-race.com\/de\/producto\/kit-ethix-cinerat\/\" \/>\n<meta property=\"og:site_name\" content=\"Iha Race\" \/>\n<meta property=\"article:modified_time\" content=\"2024-08-29T14:05:42+00:00\" \/>\n<meta property=\"og:image\" content=\"https:\/\/iha-race.com\/wp-content\/uploads\/2020\/07\/comprar-kit-Ethix-Cinerat-barato-1.jpg\" \/>\n\t<meta property=\"og:image:width\" content=\"800\" \/>\n\t<meta property=\"og:image:height\" content=\"800\" \/>\n\t<meta property=\"og:image:type\" content=\"image\/jpeg\" \/>\n<meta name=\"twitter:card\" content=\"summary_large_image\" \/>\n<meta name=\"twitter:label1\" content=\"Gesch\u00e4tzte Lesezeit\" \/>\n\t<meta name=\"twitter:data1\" content=\"1\u00a0Minute\" \/>\n<script type=\"application\/ld+json\" class=\"yoast-schema-graph\">{\"@context\":\"https:\\\/\\\/schema.org\",\"@graph\":[{\"@type\":\"WebPage\",\"@id\":\"https:\\\/\\\/iha-race.com\\\/de\\\/producto\\\/kit-ethix-cinerat\\\/\",\"url\":\"https:\\\/\\\/iha-race.com\\\/de\\\/producto\\\/kit-ethix-cinerat\\\/\",\"name\":\"Ethix CineRat Bausatz - Iha Race\",\"isPartOf\":{\"@id\":\"https:\\\/\\\/iha-race.com\\\/de\\\/#website\"},\"primaryImageOfPage\":{\"@id\":\"https:\\\/\\\/iha-race.com\\\/de\\\/producto\\\/kit-ethix-cinerat\\\/#primaryimage\"},\"image\":{\"@id\":\"https:\\\/\\\/iha-race.com\\\/de\\\/producto\\\/kit-ethix-cinerat\\\/#primaryimage\"},\"thumbnailUrl\":\"https:\\\/\\\/iha-race.com\\\/wp-content\\\/uploads\\\/2020\\\/07\\\/comprar-kit-Ethix-Cinerat-barato-1.jpg\",\"datePublished\":\"2020-07-24T07:54:49+00:00\",\"dateModified\":\"2024-08-29T14:05:42+00:00\",\"breadcrumb\":{\"@id\":\"https:\\\/\\\/iha-race.com\\\/de\\\/producto\\\/kit-ethix-cinerat\\\/#breadcrumb\"},\"inLanguage\":\"de\",\"potentialAction\":[{\"@type\":\"ReadAction\",\"target\":[\"https:\\\/\\\/iha-race.com\\\/de\\\/producto\\\/kit-ethix-cinerat\\\/\"]}]},{\"@type\":\"ImageObject\",\"inLanguage\":\"de\",\"@id\":\"https:\\\/\\\/iha-race.com\\\/de\\\/producto\\\/kit-ethix-cinerat\\\/#primaryimage\",\"url\":\"https:\\\/\\\/iha-race.com\\\/wp-content\\\/uploads\\\/2020\\\/07\\\/comprar-kit-Ethix-Cinerat-barato-1.jpg\",\"contentUrl\":\"https:\\\/\\\/iha-race.com\\\/wp-content\\\/uploads\\\/2020\\\/07\\\/comprar-kit-Ethix-Cinerat-barato-1.jpg\",\"width\":800,\"height\":800},{\"@type\":\"BreadcrumbList\",\"@id\":\"https:\\\/\\\/iha-race.com\\\/de\\\/producto\\\/kit-ethix-cinerat\\\/#breadcrumb\",\"itemListElement\":[{\"@type\":\"ListItem\",\"position\":1,\"name\":\"Portada\",\"item\":\"https:\\\/\\\/iha-race.com\\\/de\\\/elementor-499\\\/\"},{\"@type\":\"ListItem\",\"position\":2,\"name\":\"Shop\",\"item\":\"https:\\\/\\\/iha-race.com\\\/de\\\/shop\\\/\"},{\"@type\":\"ListItem\",\"position\":3,\"name\":\"Ethix CineRat Bausatz\"}]},{\"@type\":\"WebSite\",\"@id\":\"https:\\\/\\\/iha-race.com\\\/de\\\/#website\",\"url\":\"https:\\\/\\\/iha-race.com\\\/de\\\/\",\"name\":\"Iha Race\",\"description\":\"Comprar drones de carreras FPV env\u00edos en un d\u00eda desde Espa\u00f1a\",\"publisher\":{\"@id\":\"https:\\\/\\\/iha-race.com\\\/de\\\/#organization\"},\"potentialAction\":[{\"@type\":\"SearchAction\",\"target\":{\"@type\":\"EntryPoint\",\"urlTemplate\":\"https:\\\/\\\/iha-race.com\\\/de\\\/?s={search_term_string}\"},\"query-input\":{\"@type\":\"PropertyValueSpecification\",\"valueRequired\":true,\"valueName\":\"search_term_string\"}}],\"inLanguage\":\"de\"},{\"@type\":\"Organization\",\"@id\":\"https:\\\/\\\/iha-race.com\\\/de\\\/#organization\",\"name\":\"Iha Race\",\"url\":\"https:\\\/\\\/iha-race.com\\\/de\\\/\",\"logo\":{\"@type\":\"ImageObject\",\"inLanguage\":\"de\",\"@id\":\"https:\\\/\\\/iha-race.com\\\/de\\\/#\\\/schema\\\/logo\\\/image\\\/\",\"url\":\"https:\\\/\\\/iha-race.com\\\/wp-content\\\/uploads\\\/2018\\\/07\\\/iha-race-drones-de-carreras-tienda-comprar-drones.png\",\"contentUrl\":\"https:\\\/\\\/iha-race.com\\\/wp-content\\\/uploads\\\/2018\\\/07\\\/iha-race-drones-de-carreras-tienda-comprar-drones.png\",\"width\":300,\"height\":100,\"caption\":\"Iha Race\"},\"image\":{\"@id\":\"https:\\\/\\\/iha-race.com\\\/de\\\/#\\\/schema\\\/logo\\\/image\\\/\"}}]}<\/script>\n<!-- \/ Yoast SEO plugin. -->","yoast_head_json":{"title":"Ethix CineRat Bausatz - Iha Race","robots":{"index":"index","follow":"follow","max-snippet":"max-snippet:-1","max-image-preview":"max-image-preview:large","max-video-preview":"max-video-preview:-1"},"canonical":"https:\/\/iha-race.com\/de\/producto\/kit-ethix-cinerat\/","og_locale":"de_DE","og_type":"article","og_title":"Ethix CineRat Bausatz - Iha Race","og_description":"Das Ethix CineRat 3\" CineRat Kit braucht nur 6 Sekunden, um Kameras in voller Gr\u00f6\u00dfe zu tragen, die genug Power haben, um die gew\u00fcnschte Aufnahme zu machen.","og_url":"https:\/\/iha-race.com\/de\/producto\/kit-ethix-cinerat\/","og_site_name":"Iha Race","article_modified_time":"2024-08-29T14:05:42+00:00","og_image":[{"width":800,"height":800,"url":"https:\/\/iha-race.com\/wp-content\/uploads\/2020\/07\/comprar-kit-Ethix-Cinerat-barato-1.jpg","type":"image\/jpeg"}],"twitter_card":"summary_large_image","twitter_misc":{"Gesch\u00e4tzte Lesezeit":"1\u00a0Minute"},"schema":{"@context":"https:\/\/schema.org","@graph":[{"@type":"WebPage","@id":"https:\/\/iha-race.com\/de\/producto\/kit-ethix-cinerat\/","url":"https:\/\/iha-race.com\/de\/producto\/kit-ethix-cinerat\/","name":"Ethix CineRat Bausatz - Iha Race","isPartOf":{"@id":"https:\/\/iha-race.com\/de\/#website"},"primaryImageOfPage":{"@id":"https:\/\/iha-race.com\/de\/producto\/kit-ethix-cinerat\/#primaryimage"},"image":{"@id":"https:\/\/iha-race.com\/de\/producto\/kit-ethix-cinerat\/#primaryimage"},"thumbnailUrl":"https:\/\/iha-race.com\/wp-content\/uploads\/2020\/07\/comprar-kit-Ethix-Cinerat-barato-1.jpg","datePublished":"2020-07-24T07:54:49+00:00","dateModified":"2024-08-29T14:05:42+00:00","breadcrumb":{"@id":"https:\/\/iha-race.com\/de\/producto\/kit-ethix-cinerat\/#breadcrumb"},"inLanguage":"de","potentialAction":[{"@type":"ReadAction","target":["https:\/\/iha-race.com\/de\/producto\/kit-ethix-cinerat\/"]}]},{"@type":"ImageObject","inLanguage":"de","@id":"https:\/\/iha-race.com\/de\/producto\/kit-ethix-cinerat\/#primaryimage","url":"https:\/\/iha-race.com\/wp-content\/uploads\/2020\/07\/comprar-kit-Ethix-Cinerat-barato-1.jpg","contentUrl":"https:\/\/iha-race.com\/wp-content\/uploads\/2020\/07\/comprar-kit-Ethix-Cinerat-barato-1.jpg","width":800,"height":800},{"@type":"BreadcrumbList","@id":"https:\/\/iha-race.com\/de\/producto\/kit-ethix-cinerat\/#breadcrumb","itemListElement":[{"@type":"ListItem","position":1,"name":"Portada","item":"https:\/\/iha-race.com\/de\/elementor-499\/"},{"@type":"ListItem","position":2,"name":"Shop","item":"https:\/\/iha-race.com\/de\/shop\/"},{"@type":"ListItem","position":3,"name":"Ethix CineRat Bausatz"}]},{"@type":"WebSite","@id":"https:\/\/iha-race.com\/de\/#website","url":"https:\/\/iha-race.com\/de\/","name":"Iha Race","description":"Comprar drones de carreras FPV env\u00edos en un d\u00eda desde Espa\u00f1a","publisher":{"@id":"https:\/\/iha-race.com\/de\/#organization"},"potentialAction":[{"@type":"SearchAction","target":{"@type":"EntryPoint","urlTemplate":"https:\/\/iha-race.com\/de\/?s={search_term_string}"},"query-input":{"@type":"PropertyValueSpecification","valueRequired":true,"valueName":"search_term_string"}}],"inLanguage":"de"},{"@type":"Organization","@id":"https:\/\/iha-race.com\/de\/#organization","name":"Iha Race","url":"https:\/\/iha-race.com\/de\/","logo":{"@type":"ImageObject","inLanguage":"de","@id":"https:\/\/iha-race.com\/de\/#\/schema\/logo\/image\/","url":"https:\/\/iha-race.com\/wp-content\/uploads\/2018\/07\/iha-race-drones-de-carreras-tienda-comprar-drones.png","contentUrl":"https:\/\/iha-race.com\/wp-content\/uploads\/2018\/07\/iha-race-drones-de-carreras-tienda-comprar-drones.png","width":300,"height":100,"caption":"Iha Race"},"image":{"@id":"https:\/\/iha-race.com\/de\/#\/schema\/logo\/image\/"}}]}},"jetpack_sharing_enabled":true,"brands":[],"_links":{"self":[{"href":"https:\/\/iha-race.com\/de\/wp-json\/wp\/v2\/product\/208301","targetHints":{"allow":["GET"]}}],"collection":[{"href":"https:\/\/iha-race.com\/de\/wp-json\/wp\/v2\/product"}],"about":[{"href":"https:\/\/iha-race.com\/de\/wp-json\/wp\/v2\/types\/product"}],"replies":[{"embeddable":true,"href":"https:\/\/iha-race.com\/de\/wp-json\/wp\/v2\/comments?post=208301"}],"version-history":[{"count":2,"href":"https:\/\/iha-race.com\/de\/wp-json\/wp\/v2\/product\/208301\/revisions"}],"predecessor-version":[{"id":249924,"href":"https:\/\/iha-race.com\/de\/wp-json\/wp\/v2\/product\/208301\/revisions\/249924"}],"wp:featuredmedia":[{"embeddable":true,"href":"https:\/\/iha-race.com\/de\/wp-json\/wp\/v2\/media\/124354"}],"wp:attachment":[{"href":"https:\/\/iha-race.com\/de\/wp-json\/wp\/v2\/media?parent=208301"}],"wp:term":[{"taxonomy":"pwb-brand","embeddable":true,"href":"https:\/\/iha-race.com\/de\/wp-json\/wp\/v2\/pwb-brand?post=208301"},{"taxonomy":"product_cat","embeddable":true,"href":"https:\/\/iha-race.com\/de\/wp-json\/wp\/v2\/product_cat?post=208301"},{"taxonomy":"product_tag","embeddable":true,"href":"https:\/\/iha-race.com\/de\/wp-json\/wp\/v2\/product_tag?post=208301"}],"curies":[{"name":"wp","href":"https:\/\/api.w.org\/{rel}","templated":true}]}}