{"id":208297,"date":"2020-08-10T19:33:25","date_gmt":"2020-08-10T17:33:25","guid":{"rendered":"https:\/\/iha-race.com\/producto\/vifly-shortsaver-2\/"},"modified":"2026-03-30T22:53:31","modified_gmt":"2026-03-30T20:53:31","slug":"vifly-kurzhaarschneider-2-2","status":"publish","type":"product","link":"https:\/\/iha-race.com\/de\/producto\/vifly-kurzhaarschneider-2-2\/","title":{"rendered":"VIFLY ShortSaver 2"},"content":{"rendered":"<h2>VIFLY ShortSaver 2<\/h2>\n<p><em><strong>Die neue Version 2 bringt neue Ein\/Aus-Tasten, um das Einschalten des Empf\u00e4ngers zu erleichtern!<\/strong><\/em>  Der ultimative VILFY Rauchstopfen! Sie ist nicht so klein wie die Einzelversion der XT30 oder XT60, aber sie wird beide ersetzen und bietet mehr robuste Funktionen!  <\/p>\n<h2>Merkmale:<\/h2>\n<p><strong>Vollst\u00e4ndige Unterbrechung des Stromflusses und Verhinderung von &#8220;magischem Rauch&#8221;<\/strong> Andere Stecker wie Autogl\u00fchbirnen oder r\u00fcckstellbare Sicherungen begrenzen lediglich den Stromfluss, ohne ihn zu stoppen, und der Leckstrom kann Ihre Komponenten trotzdem besch\u00e4digen.<br \/>\nVIFLY ShortSaver ist ein anderer Rauchstecker, der die elektronische Sicherung verwendet, um den Strom in Ihrer RC-Konstruktion vollst\u00e4ndig zu unterbrechen, wenn ein Kurzschluss oder ein Verdrahtungsfehler festgestellt wird. <strong>Superschnelle Reaktionszeit \/ Schutz<\/strong> VIFLY ShortSaver schaltet den Strom eines Ger\u00e4ts, das den einstellbaren Schwellenwert von 1A oder 2A \u00fcberschreitet, in nur 3 ms ab!  Das ist viel effizienter als die alte Methode, eine Gl\u00fchbirne zu verwenden oder die Sicherung zur\u00fcckzusetzen. Je k\u00fcrzer die Schutzzeit ist, desto sicherer ist Ihre Konstruktion, da etwas kaputt gehen k\u00f6nnte, wenn die Sicherung ausl\u00f6st. <strong>Ein\/Aus-Schalter f\u00fcr leichteres Koppeln des Empf\u00e4ngers<\/strong> Das Dr\u00fccken der Koppeltaste und das Anlegen der Stromversorgung kann manchmal eine Herausforderung sein.<br \/>\nDie neue Version des VIFLY ShortSaver verf\u00fcgt \u00fcber einen Ein\/Aus-Schalter, der die Verbindung Ihres Empf\u00e4ngers wesentlich bequemer macht. <strong>1-Ampere- und 2-Ampere-Schwellenwertschalter<\/strong> VIFLY ShortSaver ist so intelligent, dass es einen 1-Ampere- oder 2-Ampere-Schwellenwertschalter f\u00fcr Ihre unterschiedlichen Bed\u00fcrfnisse gibt.<br \/>\nF\u00fcr kleinere Anlagen mit empfindlicherer Elektronik k\u00f6nnen Sie die 1-Ampere-Option w\u00e4hlen, f\u00fcr gr\u00f6\u00dfere Anlagen ist die 2-Ampere-Option die richtige Wahl. <strong>Amass XT60- und XT30-Eingangsanschl\u00fcsse<\/strong> VIFLY ShortSaver wird mit Amass XT30- und XT60-Anschl\u00fcssen geliefert, die f\u00fcr Ihre verschiedenen Batterien geeignet sind.<br \/>\nhttps:\/\/youtu.be\/muHZF0YgxAI     <\/p>\n<h2>Spezifikationen:<\/h2>\n<ul>\n<li>Abmessungen (L x B x H): 42 x 30 x 10 mm<\/li>\n<li>Anschluss: XT30 und XT60 (Eingang und Ausgang)<\/li>\n<li>Umschaltbare Stromschwelle: 1A \/ 2A<\/li>\n<li>Ausl\u00f6sezeit: 3 ms (Kurzschluss) \/ 10 ms (\u00dcberstrom)<\/li>\n<li>Eingangsspannung: 7-25 V (2-6 S)<\/li>\n<\/ul>\n<h2>Das Paket enth\u00e4lt:<\/h2>\n<ul>\n<li>1 x VIFLY ShortSaver 2 &#8211; Intelligenter Rauchstopper<\/li>\n<\/ul>\n<dl>\n<dd><\/dd>\n<dd><\/dd>\n<dd><\/dd>\n<\/dl>\n","protected":false},"excerpt":{"rendered":"<p>Der ultimative VILFY Rauchstopfen! Sie ist nicht so klein wie die exklusiven XT30- oder XT60-Versionen, aber sie ersetzt beide und bietet robustere Funktionen! Version 2 enth\u00e4lt neue Schaltfl\u00e4chen, um das Binden zu erleichtern!<\/p>\n","protected":false},"featured_media":127129,"comment_status":"open","ping_status":"closed","template":"","meta":{"_joinchat":[]},"pwb-brand":[3902],"product_cat":[2511,2956,2535],"product_tag":[],"class_list":{"0":"post-208297","1":"product","2":"type-product","3":"status-publish","4":"has-post-thumbnail","6":"pwb-brand-vifly-finder","7":"product_cat-batterie-zubehor","8":"product_cat-elektronische-schalter","9":"product_cat-fpv-elektronik-und-zubehor","11":"first","12":"outofstock","13":"taxable","14":"shipping-taxable","15":"purchasable","16":"product-type-simple"},"barcode":null,"atum_controlled":true,"out_stock_date":"2026-03-30 22:53:31","out_stock_threshold":null,"inheritable":false,"stock_on_hold":0,"sold_today":0,"sales_last_days":0,"out_stock_days":18,"lost_sales":15,"update_date":"2026-04-18T09:22:04","atum_locations":[],"atum_stock_status":"outofstock","restock_status":false,"low_stock_amount":"","sales_update_date":"2026-04-18T09:22:04","calc_backorders":null,"yoast_head":"<!-- This site is optimized with the Yoast SEO plugin v27.3 - https:\/\/yoast.com\/product\/yoast-seo-wordpress\/ -->\n<title>VIFLY ShortSaver 2 - Iha Race<\/title>\n<meta name=\"robots\" content=\"index, follow, max-snippet:-1, max-image-preview:large, max-video-preview:-1\" \/>\n<link rel=\"canonical\" href=\"https:\/\/iha-race.com\/de\/producto\/vifly-kurzhaarschneider-2-2\/\" \/>\n<meta property=\"og:locale\" content=\"de_DE\" \/>\n<meta property=\"og:type\" content=\"article\" \/>\n<meta property=\"og:title\" content=\"VIFLY ShortSaver 2 - Iha Race\" \/>\n<meta property=\"og:description\" content=\"Der ultimative VILFY Rauchstopfen! Sie ist nicht so klein wie die exklusiven XT30- oder XT60-Versionen, aber sie ersetzt beide und bietet robustere Funktionen! Version 2 enth\u00e4lt neue Schaltfl\u00e4chen, um das Binden zu erleichtern!\" \/>\n<meta property=\"og:url\" content=\"https:\/\/iha-race.com\/de\/producto\/vifly-kurzhaarschneider-2-2\/\" \/>\n<meta property=\"og:site_name\" content=\"Iha Race\" \/>\n<meta property=\"article:modified_time\" content=\"2026-03-30T20:53:31+00:00\" \/>\n<meta property=\"og:image\" content=\"https:\/\/iha-race.com\/wp-content\/uploads\/2020\/08\/vifly-shortsaver-2.jpg\" \/>\n\t<meta property=\"og:image:width\" content=\"1000\" \/>\n\t<meta property=\"og:image:height\" content=\"1000\" \/>\n\t<meta property=\"og:image:type\" content=\"image\/jpeg\" \/>\n<meta name=\"twitter:card\" content=\"summary_large_image\" \/>\n<meta name=\"twitter:label1\" content=\"Gesch\u00e4tzte Lesezeit\" \/>\n\t<meta name=\"twitter:data1\" content=\"2\u00a0Minuten\" \/>\n<script type=\"application\/ld+json\" class=\"yoast-schema-graph\">{\"@context\":\"https:\\\/\\\/schema.org\",\"@graph\":[{\"@type\":\"WebPage\",\"@id\":\"https:\\\/\\\/iha-race.com\\\/de\\\/producto\\\/vifly-kurzhaarschneider-2-2\\\/\",\"url\":\"https:\\\/\\\/iha-race.com\\\/de\\\/producto\\\/vifly-kurzhaarschneider-2-2\\\/\",\"name\":\"VIFLY ShortSaver 2 - Iha Race\",\"isPartOf\":{\"@id\":\"https:\\\/\\\/iha-race.com\\\/de\\\/#website\"},\"primaryImageOfPage\":{\"@id\":\"https:\\\/\\\/iha-race.com\\\/de\\\/producto\\\/vifly-kurzhaarschneider-2-2\\\/#primaryimage\"},\"image\":{\"@id\":\"https:\\\/\\\/iha-race.com\\\/de\\\/producto\\\/vifly-kurzhaarschneider-2-2\\\/#primaryimage\"},\"thumbnailUrl\":\"https:\\\/\\\/iha-race.com\\\/wp-content\\\/uploads\\\/2020\\\/08\\\/vifly-shortsaver-2.jpg\",\"datePublished\":\"2020-08-10T17:33:25+00:00\",\"dateModified\":\"2026-03-30T20:53:31+00:00\",\"breadcrumb\":{\"@id\":\"https:\\\/\\\/iha-race.com\\\/de\\\/producto\\\/vifly-kurzhaarschneider-2-2\\\/#breadcrumb\"},\"inLanguage\":\"de\",\"potentialAction\":[{\"@type\":\"ReadAction\",\"target\":[\"https:\\\/\\\/iha-race.com\\\/de\\\/producto\\\/vifly-kurzhaarschneider-2-2\\\/\"]}]},{\"@type\":\"ImageObject\",\"inLanguage\":\"de\",\"@id\":\"https:\\\/\\\/iha-race.com\\\/de\\\/producto\\\/vifly-kurzhaarschneider-2-2\\\/#primaryimage\",\"url\":\"https:\\\/\\\/iha-race.com\\\/wp-content\\\/uploads\\\/2020\\\/08\\\/vifly-shortsaver-2.jpg\",\"contentUrl\":\"https:\\\/\\\/iha-race.com\\\/wp-content\\\/uploads\\\/2020\\\/08\\\/vifly-shortsaver-2.jpg\",\"width\":1000,\"height\":1000},{\"@type\":\"BreadcrumbList\",\"@id\":\"https:\\\/\\\/iha-race.com\\\/de\\\/producto\\\/vifly-kurzhaarschneider-2-2\\\/#breadcrumb\",\"itemListElement\":[{\"@type\":\"ListItem\",\"position\":1,\"name\":\"Portada\",\"item\":\"https:\\\/\\\/iha-race.com\\\/de\\\/elementor-499\\\/\"},{\"@type\":\"ListItem\",\"position\":2,\"name\":\"Shop\",\"item\":\"https:\\\/\\\/iha-race.com\\\/de\\\/shop\\\/\"},{\"@type\":\"ListItem\",\"position\":3,\"name\":\"VIFLY ShortSaver 2\"}]},{\"@type\":\"WebSite\",\"@id\":\"https:\\\/\\\/iha-race.com\\\/de\\\/#website\",\"url\":\"https:\\\/\\\/iha-race.com\\\/de\\\/\",\"name\":\"Iha Race\",\"description\":\"Comprar drones de carreras FPV env\u00edos en un d\u00eda desde Espa\u00f1a\",\"publisher\":{\"@id\":\"https:\\\/\\\/iha-race.com\\\/de\\\/#organization\"},\"potentialAction\":[{\"@type\":\"SearchAction\",\"target\":{\"@type\":\"EntryPoint\",\"urlTemplate\":\"https:\\\/\\\/iha-race.com\\\/de\\\/?s={search_term_string}\"},\"query-input\":{\"@type\":\"PropertyValueSpecification\",\"valueRequired\":true,\"valueName\":\"search_term_string\"}}],\"inLanguage\":\"de\"},{\"@type\":\"Organization\",\"@id\":\"https:\\\/\\\/iha-race.com\\\/de\\\/#organization\",\"name\":\"Iha Race\",\"url\":\"https:\\\/\\\/iha-race.com\\\/de\\\/\",\"logo\":{\"@type\":\"ImageObject\",\"inLanguage\":\"de\",\"@id\":\"https:\\\/\\\/iha-race.com\\\/de\\\/#\\\/schema\\\/logo\\\/image\\\/\",\"url\":\"https:\\\/\\\/iha-race.com\\\/wp-content\\\/uploads\\\/2018\\\/07\\\/iha-race-drones-de-carreras-tienda-comprar-drones.png\",\"contentUrl\":\"https:\\\/\\\/iha-race.com\\\/wp-content\\\/uploads\\\/2018\\\/07\\\/iha-race-drones-de-carreras-tienda-comprar-drones.png\",\"width\":300,\"height\":100,\"caption\":\"Iha Race\"},\"image\":{\"@id\":\"https:\\\/\\\/iha-race.com\\\/de\\\/#\\\/schema\\\/logo\\\/image\\\/\"}}]}<\/script>\n<!-- \/ Yoast SEO plugin. -->","yoast_head_json":{"title":"VIFLY ShortSaver 2 - Iha Race","robots":{"index":"index","follow":"follow","max-snippet":"max-snippet:-1","max-image-preview":"max-image-preview:large","max-video-preview":"max-video-preview:-1"},"canonical":"https:\/\/iha-race.com\/de\/producto\/vifly-kurzhaarschneider-2-2\/","og_locale":"de_DE","og_type":"article","og_title":"VIFLY ShortSaver 2 - Iha Race","og_description":"Der ultimative VILFY Rauchstopfen! Sie ist nicht so klein wie die exklusiven XT30- oder XT60-Versionen, aber sie ersetzt beide und bietet robustere Funktionen! Version 2 enth\u00e4lt neue Schaltfl\u00e4chen, um das Binden zu erleichtern!","og_url":"https:\/\/iha-race.com\/de\/producto\/vifly-kurzhaarschneider-2-2\/","og_site_name":"Iha Race","article_modified_time":"2026-03-30T20:53:31+00:00","og_image":[{"width":1000,"height":1000,"url":"https:\/\/iha-race.com\/wp-content\/uploads\/2020\/08\/vifly-shortsaver-2.jpg","type":"image\/jpeg"}],"twitter_card":"summary_large_image","twitter_misc":{"Gesch\u00e4tzte Lesezeit":"2\u00a0Minuten"},"schema":{"@context":"https:\/\/schema.org","@graph":[{"@type":"WebPage","@id":"https:\/\/iha-race.com\/de\/producto\/vifly-kurzhaarschneider-2-2\/","url":"https:\/\/iha-race.com\/de\/producto\/vifly-kurzhaarschneider-2-2\/","name":"VIFLY ShortSaver 2 - Iha Race","isPartOf":{"@id":"https:\/\/iha-race.com\/de\/#website"},"primaryImageOfPage":{"@id":"https:\/\/iha-race.com\/de\/producto\/vifly-kurzhaarschneider-2-2\/#primaryimage"},"image":{"@id":"https:\/\/iha-race.com\/de\/producto\/vifly-kurzhaarschneider-2-2\/#primaryimage"},"thumbnailUrl":"https:\/\/iha-race.com\/wp-content\/uploads\/2020\/08\/vifly-shortsaver-2.jpg","datePublished":"2020-08-10T17:33:25+00:00","dateModified":"2026-03-30T20:53:31+00:00","breadcrumb":{"@id":"https:\/\/iha-race.com\/de\/producto\/vifly-kurzhaarschneider-2-2\/#breadcrumb"},"inLanguage":"de","potentialAction":[{"@type":"ReadAction","target":["https:\/\/iha-race.com\/de\/producto\/vifly-kurzhaarschneider-2-2\/"]}]},{"@type":"ImageObject","inLanguage":"de","@id":"https:\/\/iha-race.com\/de\/producto\/vifly-kurzhaarschneider-2-2\/#primaryimage","url":"https:\/\/iha-race.com\/wp-content\/uploads\/2020\/08\/vifly-shortsaver-2.jpg","contentUrl":"https:\/\/iha-race.com\/wp-content\/uploads\/2020\/08\/vifly-shortsaver-2.jpg","width":1000,"height":1000},{"@type":"BreadcrumbList","@id":"https:\/\/iha-race.com\/de\/producto\/vifly-kurzhaarschneider-2-2\/#breadcrumb","itemListElement":[{"@type":"ListItem","position":1,"name":"Portada","item":"https:\/\/iha-race.com\/de\/elementor-499\/"},{"@type":"ListItem","position":2,"name":"Shop","item":"https:\/\/iha-race.com\/de\/shop\/"},{"@type":"ListItem","position":3,"name":"VIFLY ShortSaver 2"}]},{"@type":"WebSite","@id":"https:\/\/iha-race.com\/de\/#website","url":"https:\/\/iha-race.com\/de\/","name":"Iha Race","description":"Comprar drones de carreras FPV env\u00edos en un d\u00eda desde Espa\u00f1a","publisher":{"@id":"https:\/\/iha-race.com\/de\/#organization"},"potentialAction":[{"@type":"SearchAction","target":{"@type":"EntryPoint","urlTemplate":"https:\/\/iha-race.com\/de\/?s={search_term_string}"},"query-input":{"@type":"PropertyValueSpecification","valueRequired":true,"valueName":"search_term_string"}}],"inLanguage":"de"},{"@type":"Organization","@id":"https:\/\/iha-race.com\/de\/#organization","name":"Iha Race","url":"https:\/\/iha-race.com\/de\/","logo":{"@type":"ImageObject","inLanguage":"de","@id":"https:\/\/iha-race.com\/de\/#\/schema\/logo\/image\/","url":"https:\/\/iha-race.com\/wp-content\/uploads\/2018\/07\/iha-race-drones-de-carreras-tienda-comprar-drones.png","contentUrl":"https:\/\/iha-race.com\/wp-content\/uploads\/2018\/07\/iha-race-drones-de-carreras-tienda-comprar-drones.png","width":300,"height":100,"caption":"Iha Race"},"image":{"@id":"https:\/\/iha-race.com\/de\/#\/schema\/logo\/image\/"}}]}},"jetpack_sharing_enabled":true,"brands":[{"id":3902,"name":"Vifly Finder","slug":"vifly-finder"}],"_links":{"self":[{"href":"https:\/\/iha-race.com\/de\/wp-json\/wp\/v2\/product\/208297","targetHints":{"allow":["GET"]}}],"collection":[{"href":"https:\/\/iha-race.com\/de\/wp-json\/wp\/v2\/product"}],"about":[{"href":"https:\/\/iha-race.com\/de\/wp-json\/wp\/v2\/types\/product"}],"replies":[{"embeddable":true,"href":"https:\/\/iha-race.com\/de\/wp-json\/wp\/v2\/comments?post=208297"}],"version-history":[{"count":3,"href":"https:\/\/iha-race.com\/de\/wp-json\/wp\/v2\/product\/208297\/revisions"}],"predecessor-version":[{"id":249846,"href":"https:\/\/iha-race.com\/de\/wp-json\/wp\/v2\/product\/208297\/revisions\/249846"}],"wp:featuredmedia":[{"embeddable":true,"href":"https:\/\/iha-race.com\/de\/wp-json\/wp\/v2\/media\/127129"}],"wp:attachment":[{"href":"https:\/\/iha-race.com\/de\/wp-json\/wp\/v2\/media?parent=208297"}],"wp:term":[{"taxonomy":"pwb-brand","embeddable":true,"href":"https:\/\/iha-race.com\/de\/wp-json\/wp\/v2\/pwb-brand?post=208297"},{"taxonomy":"product_cat","embeddable":true,"href":"https:\/\/iha-race.com\/de\/wp-json\/wp\/v2\/product_cat?post=208297"},{"taxonomy":"product_tag","embeddable":true,"href":"https:\/\/iha-race.com\/de\/wp-json\/wp\/v2\/product_tag?post=208297"}],"curies":[{"name":"wp","href":"https:\/\/api.w.org\/{rel}","templated":true}]}}