{"id":208274,"date":"2020-06-24T16:11:41","date_gmt":"2020-06-24T14:11:41","guid":{"rendered":"https:\/\/iha-race.com\/producto\/motor-t-motor-pacer-p2208-2450kv-mix-silber\/"},"modified":"2024-08-29T16:06:00","modified_gmt":"2024-08-29T14:06:00","slug":"motor-t-motor-pacer-p2208-2450kv-mix-plateado","status":"publish","type":"product","link":"https:\/\/iha-race.com\/de\/producto\/motor-t-motor-pacer-p2208-2450kv-mix-plateado\/","title":{"rendered":"Motor T-Motor Pacer P2208 2450Kv Mix Silber"},"content":{"rendered":"<h2>Motor T-Motor Pacer P2208 2450Kv Mix Silber<\/h2>\n<p><img fetchpriority=\"high\" decoding=\"async\" class=\"size-full wp-image-50145\" src=\"https:\/\/iha-race.com\/wp-content\/uploads\/2020\/06\/T-Motor-Pacer-P2306.5-2400Kv-Mix-Dorado1.jpg\" alt=\"T-Motor Pacer P2306.5 2400Kv Mix Gold1\" width=\"940\" height=\"751\" srcset=\"https:\/\/iha-race.com\/wp-content\/uploads\/2020\/06\/T-Motor-Pacer-P2306.5-2400Kv-Mix-Dorado1.jpg 940w, https:\/\/iha-race.com\/wp-content\/uploads\/2020\/06\/T-Motor-Pacer-P2306.5-2400Kv-Mix-Dorado1-600x479.jpg 600w, https:\/\/iha-race.com\/wp-content\/uploads\/2020\/06\/T-Motor-Pacer-P2306.5-2400Kv-Mix-Dorado1-300x240.jpg 300w, https:\/\/iha-race.com\/wp-content\/uploads\/2020\/06\/T-Motor-Pacer-P2306.5-2400Kv-Mix-Dorado1-1024x818.jpg 1024w, https:\/\/iha-race.com\/wp-content\/uploads\/2020\/06\/T-Motor-Pacer-P2306.5-2400Kv-Mix-Dorado1-767x613.jpg 767w, https:\/\/iha-race.com\/wp-content\/uploads\/2020\/06\/T-Motor-Pacer-P2306.5-2400Kv-Mix-Dorado1-1536x1227.jpg 1536w, https:\/\/iha-race.com\/wp-content\/uploads\/2020\/06\/T-Motor-Pacer-P2306.5-2400Kv-Mix-Dorado1-2048x1636.jpg 2048w, https:\/\/iha-race.com\/wp-content\/uploads\/2020\/06\/T-Motor-Pacer-P2306.5-2400Kv-Mix-Dorado1-788x629.jpg 788w\" sizes=\"(max-width: 940px) 100vw, 940px\" \/><img decoding=\"async\" class=\"size-full wp-image-50147\" src=\"https:\/\/iha-race.com\/wp-content\/uploads\/2020\/06\/T-Motor-Pacer-P2306.5-2400Kv-Mix-Dorado3.jpg\" alt=\"T-Motor Pacer P2306.5 2400Kv Mix Dorado3\" width=\"940\" height=\"841\" srcset=\"https:\/\/iha-race.com\/wp-content\/uploads\/2020\/06\/T-Motor-Pacer-P2306.5-2400Kv-Mix-Dorado3.jpg 940w, https:\/\/iha-race.com\/wp-content\/uploads\/2020\/06\/T-Motor-Pacer-P2306.5-2400Kv-Mix-Dorado3-599x536.jpg 599w, https:\/\/iha-race.com\/wp-content\/uploads\/2020\/06\/T-Motor-Pacer-P2306.5-2400Kv-Mix-Dorado3-300x268.jpg 300w, https:\/\/iha-race.com\/wp-content\/uploads\/2020\/06\/T-Motor-Pacer-P2306.5-2400Kv-Mix-Dorado3-1024x916.jpg 1024w, https:\/\/iha-race.com\/wp-content\/uploads\/2020\/06\/T-Motor-Pacer-P2306.5-2400Kv-Mix-Dorado3-768x687.jpg 768w, https:\/\/iha-race.com\/wp-content\/uploads\/2020\/06\/T-Motor-Pacer-P2306.5-2400Kv-Mix-Dorado3-1536x1374.jpg 1536w, https:\/\/iha-race.com\/wp-content\/uploads\/2020\/06\/T-Motor-Pacer-P2306.5-2400Kv-Mix-Dorado3-2048x1832.jpg 2048w, https:\/\/iha-race.com\/wp-content\/uploads\/2020\/06\/T-Motor-Pacer-P2306.5-2400Kv-Mix-Dorado3-788x705.jpg 788w\" sizes=\"(max-width: 940px) 100vw, 940px\" \/><img decoding=\"async\" class=\"size-full wp-image-50148\" src=\"https:\/\/iha-race.com\/wp-content\/uploads\/2020\/06\/T-Motor-Pacer-P2306.5-2400Kv-Mix-Dorado4.jpg\" alt=\"T-Motor Pacer P2306.5 2400Kv Mix Dorado4\" width=\"940\" height=\"765\" srcset=\"https:\/\/iha-race.com\/wp-content\/uploads\/2020\/06\/T-Motor-Pacer-P2306.5-2400Kv-Mix-Dorado4.jpg 940w, https:\/\/iha-race.com\/wp-content\/uploads\/2020\/06\/T-Motor-Pacer-P2306.5-2400Kv-Mix-Dorado4-600x488.jpg 600w, https:\/\/iha-race.com\/wp-content\/uploads\/2020\/06\/T-Motor-Pacer-P2306.5-2400Kv-Mix-Dorado4-300x244.jpg 300w, https:\/\/iha-race.com\/wp-content\/uploads\/2020\/06\/T-Motor-Pacer-P2306.5-2400Kv-Mix-Dorado4-1024x833.jpg 1024w, https:\/\/iha-race.com\/wp-content\/uploads\/2020\/06\/T-Motor-Pacer-P2306.5-2400Kv-Mix-Dorado4-768x625.jpg 768w, https:\/\/iha-race.com\/wp-content\/uploads\/2020\/06\/T-Motor-Pacer-P2306.5-2400Kv-Mix-Dorado4-1536x1250.jpg 1536w, https:\/\/iha-race.com\/wp-content\/uploads\/2020\/06\/T-Motor-Pacer-P2306.5-2400Kv-Mix-Dorado4-2048x1667.jpg 2048w, https:\/\/iha-race.com\/wp-content\/uploads\/2020\/06\/T-Motor-Pacer-P2306.5-2400Kv-Mix-Dorado4-788x641.jpg 788w\" sizes=\"(max-width: 940px) 100vw, 940px\" \/><img loading=\"lazy\" decoding=\"async\" class=\"size-full wp-image-50149\" src=\"https:\/\/iha-race.com\/wp-content\/uploads\/2020\/06\/T-Motor-Pacer-P2306.5-2400Kv-Mix-Dorado5.jpg\" alt=\"T-Motor Pacer P2306.5 2400Kv Mix Dorado5\" width=\"940\" height=\"736\" srcset=\"https:\/\/iha-race.com\/wp-content\/uploads\/2020\/06\/T-Motor-Pacer-P2306.5-2400Kv-Mix-Dorado5.jpg 940w, https:\/\/iha-race.com\/wp-content\/uploads\/2020\/06\/T-Motor-Pacer-P2306.5-2400Kv-Mix-Dorado5-599x469.jpg 599w, https:\/\/iha-race.com\/wp-content\/uploads\/2020\/06\/T-Motor-Pacer-P2306.5-2400Kv-Mix-Dorado5-300x235.jpg 300w, https:\/\/iha-race.com\/wp-content\/uploads\/2020\/06\/T-Motor-Pacer-P2306.5-2400Kv-Mix-Dorado5-1024x802.jpg 1024w, https:\/\/iha-race.com\/wp-content\/uploads\/2020\/06\/T-Motor-Pacer-P2306.5-2400Kv-Mix-Dorado5-768x601.jpg 768w, https:\/\/iha-race.com\/wp-content\/uploads\/2020\/06\/T-Motor-Pacer-P2306.5-2400Kv-Mix-Dorado5-1536x1203.jpg 1536w, https:\/\/iha-race.com\/wp-content\/uploads\/2020\/06\/T-Motor-Pacer-P2306.5-2400Kv-Mix-Dorado5-2048x1604.jpg 2048w, https:\/\/iha-race.com\/wp-content\/uploads\/2020\/06\/T-Motor-Pacer-P2306.5-2400Kv-Mix-Dorado5-788x616.jpg 788w\" sizes=\"(max-width: 940px) 100vw, 940px\" \/><img loading=\"lazy\" decoding=\"async\" class=\"size-full wp-image-50150\" src=\"https:\/\/iha-race.com\/wp-content\/uploads\/2020\/06\/T-Motor-Pacer-P2306.5-2400Kv-Mix-Dorado6.jpg\" alt=\"T-Motor Pacer P2306.5 2400Kv Mix Dorado6\" width=\"940\" height=\"595\" srcset=\"https:\/\/iha-race.com\/wp-content\/uploads\/2020\/06\/T-Motor-Pacer-P2306.5-2400Kv-Mix-Dorado6.jpg 940w, https:\/\/iha-race.com\/wp-content\/uploads\/2020\/06\/T-Motor-Pacer-P2306.5-2400Kv-Mix-Dorado6-599x379.jpg 599w, https:\/\/iha-race.com\/wp-content\/uploads\/2020\/06\/T-Motor-Pacer-P2306.5-2400Kv-Mix-Dorado6-300x190.jpg 300w, https:\/\/iha-race.com\/wp-content\/uploads\/2020\/06\/T-Motor-Pacer-P2306.5-2400Kv-Mix-Dorado6-1024x648.jpg 1024w, https:\/\/iha-race.com\/wp-content\/uploads\/2020\/06\/T-Motor-Pacer-P2306.5-2400Kv-Mix-Dorado6-768x486.jpg 768w, https:\/\/iha-race.com\/wp-content\/uploads\/2020\/06\/T-Motor-Pacer-P2306.5-2400Kv-Mix-Dorado6-1536x972.jpg 1536w, https:\/\/iha-race.com\/wp-content\/uploads\/2020\/06\/T-Motor-Pacer-P2306.5-2400Kv-Mix-Dorado6-2048x1296.jpg 2048w, https:\/\/iha-race.com\/wp-content\/uploads\/2020\/06\/T-Motor-Pacer-P2306.5-2400Kv-Mix-Dorado6-788x498.jpg 788w\" sizes=\"(max-width: 940px) 100vw, 940px\" \/><img loading=\"lazy\" decoding=\"async\" class=\"size-full wp-image-50185\" src=\"https:\/\/iha-race.com\/wp-content\/uploads\/2020\/06\/T-Motor-Pacer-P2208-2450Kv-Mix-Plateado1.jpg\" alt=\"T-Motor Pacer P2208 2450Kv Mix Silber1\" width=\"940\" height=\"751\" srcset=\"https:\/\/iha-race.com\/wp-content\/uploads\/2020\/06\/T-Motor-Pacer-P2208-2450Kv-Mix-Plateado1.jpg 940w, https:\/\/iha-race.com\/wp-content\/uploads\/2020\/06\/T-Motor-Pacer-P2208-2450Kv-Mix-Plateado1-600x479.jpg 600w, https:\/\/iha-race.com\/wp-content\/uploads\/2020\/06\/T-Motor-Pacer-P2208-2450Kv-Mix-Plateado1-300x240.jpg 300w, https:\/\/iha-race.com\/wp-content\/uploads\/2020\/06\/T-Motor-Pacer-P2208-2450Kv-Mix-Plateado1-1024x818.jpg 1024w, https:\/\/iha-race.com\/wp-content\/uploads\/2020\/06\/T-Motor-Pacer-P2208-2450Kv-Mix-Plateado1-767x613.jpg 767w, https:\/\/iha-race.com\/wp-content\/uploads\/2020\/06\/T-Motor-Pacer-P2208-2450Kv-Mix-Plateado1-1536x1227.jpg 1536w, https:\/\/iha-race.com\/wp-content\/uploads\/2020\/06\/T-Motor-Pacer-P2208-2450Kv-Mix-Plateado1-2048x1636.jpg 2048w, https:\/\/iha-race.com\/wp-content\/uploads\/2020\/06\/T-Motor-Pacer-P2208-2450Kv-Mix-Plateado1-788x629.jpg 788w\" sizes=\"(max-width: 940px) 100vw, 940px\" \/><\/p>\n","protected":false},"excerpt":{"rendered":"<p>Wir stellen die neuen PACER-Motoren von T-Motor vor. Die P2208-Motoren kommen in einem eleganten neuen Design und bestehen aus hochwertigen Komponenten, die Ihrem Multirotor Sichtbarkeit und Geschwindigkeit im Spiel verleihen! Ideal f\u00fcr Freestyle und Rennen.<\/p>\n","protected":false},"featured_media":124817,"comment_status":"open","ping_status":"closed","template":"","meta":{"_joinchat":[]},"pwb-brand":[],"product_cat":[2475,46],"product_tag":[],"class_list":{"0":"post-208274","1":"product","2":"type-product","3":"status-publish","4":"has-post-thumbnail","6":"product_cat-sin-escobillas-con-eje","7":"product_cat-motores","9":"first","10":"instock","11":"taxable","12":"shipping-taxable","13":"purchasable","14":"product-type-simple"},"barcode":null,"atum_controlled":true,"out_stock_date":null,"out_stock_threshold":null,"inheritable":false,"stock_on_hold":0,"sold_today":0,"sales_last_days":0,"out_stock_days":0,"lost_sales":0,"update_date":"2026-04-16T07:36:33","atum_locations":[],"atum_stock_status":"instock","restock_status":false,"low_stock_amount":"","sales_update_date":"2026-04-16T07:36:33","calc_backorders":null,"yoast_head":"<!-- This site is optimized with the Yoast SEO plugin v27.3 - https:\/\/yoast.com\/product\/yoast-seo-wordpress\/ -->\n<title>Motor T-Motor Pacer P2208 2450Kv Mix Silber - Iha Race<\/title>\n<meta name=\"robots\" content=\"index, follow, max-snippet:-1, max-image-preview:large, max-video-preview:-1\" \/>\n<link rel=\"canonical\" href=\"https:\/\/iha-race.com\/de\/producto\/motor-t-motor-pacer-p2208-2450kv-mix-plateado\/\" \/>\n<meta property=\"og:locale\" content=\"de_DE\" \/>\n<meta property=\"og:type\" content=\"article\" \/>\n<meta property=\"og:title\" content=\"Motor T-Motor Pacer P2208 2450Kv Mix Silber - Iha Race\" \/>\n<meta property=\"og:description\" content=\"Wir stellen die neuen PACER-Motoren von T-Motor vor. Die P2208-Motoren kommen in einem eleganten neuen Design und bestehen aus hochwertigen Komponenten, die Ihrem Multirotor Sichtbarkeit und Geschwindigkeit im Spiel verleihen! Ideal f\u00fcr Freestyle und Rennen.\" \/>\n<meta property=\"og:url\" content=\"https:\/\/iha-race.com\/de\/producto\/motor-t-motor-pacer-p2208-2450kv-mix-plateado\/\" \/>\n<meta property=\"og:site_name\" content=\"Iha Race\" \/>\n<meta property=\"article:modified_time\" content=\"2024-08-29T14:06:00+00:00\" \/>\n<meta property=\"og:image\" content=\"https:\/\/iha-race.com\/wp-content\/uploads\/2020\/06\/T-Motor-Pacer-P2208-2450Kv-Mix-Plateado-2-1024x1024.png\" \/>\n\t<meta property=\"og:image:width\" content=\"1024\" \/>\n\t<meta property=\"og:image:height\" content=\"1024\" \/>\n\t<meta property=\"og:image:type\" content=\"image\/png\" \/>\n<meta name=\"twitter:card\" content=\"summary_large_image\" \/>\n<script type=\"application\/ld+json\" class=\"yoast-schema-graph\">{\"@context\":\"https:\\\/\\\/schema.org\",\"@graph\":[{\"@type\":\"WebPage\",\"@id\":\"https:\\\/\\\/iha-race.com\\\/de\\\/producto\\\/motor-t-motor-pacer-p2208-2450kv-mix-plateado\\\/\",\"url\":\"https:\\\/\\\/iha-race.com\\\/de\\\/producto\\\/motor-t-motor-pacer-p2208-2450kv-mix-plateado\\\/\",\"name\":\"Motor T-Motor Pacer P2208 2450Kv Mix Silber - Iha Race\",\"isPartOf\":{\"@id\":\"https:\\\/\\\/iha-race.com\\\/de\\\/#website\"},\"primaryImageOfPage\":{\"@id\":\"https:\\\/\\\/iha-race.com\\\/de\\\/producto\\\/motor-t-motor-pacer-p2208-2450kv-mix-plateado\\\/#primaryimage\"},\"image\":{\"@id\":\"https:\\\/\\\/iha-race.com\\\/de\\\/producto\\\/motor-t-motor-pacer-p2208-2450kv-mix-plateado\\\/#primaryimage\"},\"thumbnailUrl\":\"https:\\\/\\\/iha-race.com\\\/wp-content\\\/uploads\\\/2020\\\/06\\\/T-Motor-Pacer-P2208-2450Kv-Mix-Plateado-2.png\",\"datePublished\":\"2020-06-24T14:11:41+00:00\",\"dateModified\":\"2024-08-29T14:06:00+00:00\",\"breadcrumb\":{\"@id\":\"https:\\\/\\\/iha-race.com\\\/de\\\/producto\\\/motor-t-motor-pacer-p2208-2450kv-mix-plateado\\\/#breadcrumb\"},\"inLanguage\":\"de\",\"potentialAction\":[{\"@type\":\"ReadAction\",\"target\":[\"https:\\\/\\\/iha-race.com\\\/de\\\/producto\\\/motor-t-motor-pacer-p2208-2450kv-mix-plateado\\\/\"]}]},{\"@type\":\"ImageObject\",\"inLanguage\":\"de\",\"@id\":\"https:\\\/\\\/iha-race.com\\\/de\\\/producto\\\/motor-t-motor-pacer-p2208-2450kv-mix-plateado\\\/#primaryimage\",\"url\":\"https:\\\/\\\/iha-race.com\\\/wp-content\\\/uploads\\\/2020\\\/06\\\/T-Motor-Pacer-P2208-2450Kv-Mix-Plateado-2.png\",\"contentUrl\":\"https:\\\/\\\/iha-race.com\\\/wp-content\\\/uploads\\\/2020\\\/06\\\/T-Motor-Pacer-P2208-2450Kv-Mix-Plateado-2.png\",\"width\":800,\"height\":800},{\"@type\":\"BreadcrumbList\",\"@id\":\"https:\\\/\\\/iha-race.com\\\/de\\\/producto\\\/motor-t-motor-pacer-p2208-2450kv-mix-plateado\\\/#breadcrumb\",\"itemListElement\":[{\"@type\":\"ListItem\",\"position\":1,\"name\":\"Portada\",\"item\":\"https:\\\/\\\/iha-race.com\\\/de\\\/elementor-499\\\/\"},{\"@type\":\"ListItem\",\"position\":2,\"name\":\"Shop\",\"item\":\"https:\\\/\\\/iha-race.com\\\/de\\\/shop\\\/\"},{\"@type\":\"ListItem\",\"position\":3,\"name\":\"Motor T-Motor Pacer P2208 2450Kv Mix Silber\"}]},{\"@type\":\"WebSite\",\"@id\":\"https:\\\/\\\/iha-race.com\\\/de\\\/#website\",\"url\":\"https:\\\/\\\/iha-race.com\\\/de\\\/\",\"name\":\"Iha Race\",\"description\":\"Comprar drones de carreras FPV env\u00edos en un d\u00eda desde Espa\u00f1a\",\"publisher\":{\"@id\":\"https:\\\/\\\/iha-race.com\\\/de\\\/#organization\"},\"potentialAction\":[{\"@type\":\"SearchAction\",\"target\":{\"@type\":\"EntryPoint\",\"urlTemplate\":\"https:\\\/\\\/iha-race.com\\\/de\\\/?s={search_term_string}\"},\"query-input\":{\"@type\":\"PropertyValueSpecification\",\"valueRequired\":true,\"valueName\":\"search_term_string\"}}],\"inLanguage\":\"de\"},{\"@type\":\"Organization\",\"@id\":\"https:\\\/\\\/iha-race.com\\\/de\\\/#organization\",\"name\":\"Iha Race\",\"url\":\"https:\\\/\\\/iha-race.com\\\/de\\\/\",\"logo\":{\"@type\":\"ImageObject\",\"inLanguage\":\"de\",\"@id\":\"https:\\\/\\\/iha-race.com\\\/de\\\/#\\\/schema\\\/logo\\\/image\\\/\",\"url\":\"https:\\\/\\\/iha-race.com\\\/wp-content\\\/uploads\\\/2018\\\/07\\\/iha-race-drones-de-carreras-tienda-comprar-drones.png\",\"contentUrl\":\"https:\\\/\\\/iha-race.com\\\/wp-content\\\/uploads\\\/2018\\\/07\\\/iha-race-drones-de-carreras-tienda-comprar-drones.png\",\"width\":300,\"height\":100,\"caption\":\"Iha Race\"},\"image\":{\"@id\":\"https:\\\/\\\/iha-race.com\\\/de\\\/#\\\/schema\\\/logo\\\/image\\\/\"}}]}<\/script>\n<!-- \/ Yoast SEO plugin. -->","yoast_head_json":{"title":"Motor T-Motor Pacer P2208 2450Kv Mix Silber - Iha Race","robots":{"index":"index","follow":"follow","max-snippet":"max-snippet:-1","max-image-preview":"max-image-preview:large","max-video-preview":"max-video-preview:-1"},"canonical":"https:\/\/iha-race.com\/de\/producto\/motor-t-motor-pacer-p2208-2450kv-mix-plateado\/","og_locale":"de_DE","og_type":"article","og_title":"Motor T-Motor Pacer P2208 2450Kv Mix Silber - Iha Race","og_description":"Wir stellen die neuen PACER-Motoren von T-Motor vor. Die P2208-Motoren kommen in einem eleganten neuen Design und bestehen aus hochwertigen Komponenten, die Ihrem Multirotor Sichtbarkeit und Geschwindigkeit im Spiel verleihen! Ideal f\u00fcr Freestyle und Rennen.","og_url":"https:\/\/iha-race.com\/de\/producto\/motor-t-motor-pacer-p2208-2450kv-mix-plateado\/","og_site_name":"Iha Race","article_modified_time":"2024-08-29T14:06:00+00:00","og_image":[{"width":1024,"height":1024,"url":"https:\/\/iha-race.com\/wp-content\/uploads\/2020\/06\/T-Motor-Pacer-P2208-2450Kv-Mix-Plateado-2-1024x1024.png","type":"image\/png"}],"twitter_card":"summary_large_image","schema":{"@context":"https:\/\/schema.org","@graph":[{"@type":"WebPage","@id":"https:\/\/iha-race.com\/de\/producto\/motor-t-motor-pacer-p2208-2450kv-mix-plateado\/","url":"https:\/\/iha-race.com\/de\/producto\/motor-t-motor-pacer-p2208-2450kv-mix-plateado\/","name":"Motor T-Motor Pacer P2208 2450Kv Mix Silber - Iha Race","isPartOf":{"@id":"https:\/\/iha-race.com\/de\/#website"},"primaryImageOfPage":{"@id":"https:\/\/iha-race.com\/de\/producto\/motor-t-motor-pacer-p2208-2450kv-mix-plateado\/#primaryimage"},"image":{"@id":"https:\/\/iha-race.com\/de\/producto\/motor-t-motor-pacer-p2208-2450kv-mix-plateado\/#primaryimage"},"thumbnailUrl":"https:\/\/iha-race.com\/wp-content\/uploads\/2020\/06\/T-Motor-Pacer-P2208-2450Kv-Mix-Plateado-2.png","datePublished":"2020-06-24T14:11:41+00:00","dateModified":"2024-08-29T14:06:00+00:00","breadcrumb":{"@id":"https:\/\/iha-race.com\/de\/producto\/motor-t-motor-pacer-p2208-2450kv-mix-plateado\/#breadcrumb"},"inLanguage":"de","potentialAction":[{"@type":"ReadAction","target":["https:\/\/iha-race.com\/de\/producto\/motor-t-motor-pacer-p2208-2450kv-mix-plateado\/"]}]},{"@type":"ImageObject","inLanguage":"de","@id":"https:\/\/iha-race.com\/de\/producto\/motor-t-motor-pacer-p2208-2450kv-mix-plateado\/#primaryimage","url":"https:\/\/iha-race.com\/wp-content\/uploads\/2020\/06\/T-Motor-Pacer-P2208-2450Kv-Mix-Plateado-2.png","contentUrl":"https:\/\/iha-race.com\/wp-content\/uploads\/2020\/06\/T-Motor-Pacer-P2208-2450Kv-Mix-Plateado-2.png","width":800,"height":800},{"@type":"BreadcrumbList","@id":"https:\/\/iha-race.com\/de\/producto\/motor-t-motor-pacer-p2208-2450kv-mix-plateado\/#breadcrumb","itemListElement":[{"@type":"ListItem","position":1,"name":"Portada","item":"https:\/\/iha-race.com\/de\/elementor-499\/"},{"@type":"ListItem","position":2,"name":"Shop","item":"https:\/\/iha-race.com\/de\/shop\/"},{"@type":"ListItem","position":3,"name":"Motor T-Motor Pacer P2208 2450Kv Mix Silber"}]},{"@type":"WebSite","@id":"https:\/\/iha-race.com\/de\/#website","url":"https:\/\/iha-race.com\/de\/","name":"Iha Race","description":"Comprar drones de carreras FPV env\u00edos en un d\u00eda desde Espa\u00f1a","publisher":{"@id":"https:\/\/iha-race.com\/de\/#organization"},"potentialAction":[{"@type":"SearchAction","target":{"@type":"EntryPoint","urlTemplate":"https:\/\/iha-race.com\/de\/?s={search_term_string}"},"query-input":{"@type":"PropertyValueSpecification","valueRequired":true,"valueName":"search_term_string"}}],"inLanguage":"de"},{"@type":"Organization","@id":"https:\/\/iha-race.com\/de\/#organization","name":"Iha Race","url":"https:\/\/iha-race.com\/de\/","logo":{"@type":"ImageObject","inLanguage":"de","@id":"https:\/\/iha-race.com\/de\/#\/schema\/logo\/image\/","url":"https:\/\/iha-race.com\/wp-content\/uploads\/2018\/07\/iha-race-drones-de-carreras-tienda-comprar-drones.png","contentUrl":"https:\/\/iha-race.com\/wp-content\/uploads\/2018\/07\/iha-race-drones-de-carreras-tienda-comprar-drones.png","width":300,"height":100,"caption":"Iha Race"},"image":{"@id":"https:\/\/iha-race.com\/de\/#\/schema\/logo\/image\/"}}]}},"jetpack_sharing_enabled":true,"brands":[],"_links":{"self":[{"href":"https:\/\/iha-race.com\/de\/wp-json\/wp\/v2\/product\/208274","targetHints":{"allow":["GET"]}}],"collection":[{"href":"https:\/\/iha-race.com\/de\/wp-json\/wp\/v2\/product"}],"about":[{"href":"https:\/\/iha-race.com\/de\/wp-json\/wp\/v2\/types\/product"}],"replies":[{"embeddable":true,"href":"https:\/\/iha-race.com\/de\/wp-json\/wp\/v2\/comments?post=208274"}],"version-history":[{"count":1,"href":"https:\/\/iha-race.com\/de\/wp-json\/wp\/v2\/product\/208274\/revisions"}],"predecessor-version":[{"id":231731,"href":"https:\/\/iha-race.com\/de\/wp-json\/wp\/v2\/product\/208274\/revisions\/231731"}],"wp:featuredmedia":[{"embeddable":true,"href":"https:\/\/iha-race.com\/de\/wp-json\/wp\/v2\/media\/124817"}],"wp:attachment":[{"href":"https:\/\/iha-race.com\/de\/wp-json\/wp\/v2\/media?parent=208274"}],"wp:term":[{"taxonomy":"pwb-brand","embeddable":true,"href":"https:\/\/iha-race.com\/de\/wp-json\/wp\/v2\/pwb-brand?post=208274"},{"taxonomy":"product_cat","embeddable":true,"href":"https:\/\/iha-race.com\/de\/wp-json\/wp\/v2\/product_cat?post=208274"},{"taxonomy":"product_tag","embeddable":true,"href":"https:\/\/iha-race.com\/de\/wp-json\/wp\/v2\/product_tag?post=208274"}],"curies":[{"name":"wp","href":"https:\/\/api.w.org\/{rel}","templated":true}]}}