{"id":208260,"date":"2021-03-02T11:10:28","date_gmt":"2021-03-02T10:10:28","guid":{"rendered":"https:\/\/iha-race.com\/producto\/motor-t-motor-velox-v2207-v2-0-1750-kv-1950kv-2550-kv\/"},"modified":"2026-03-04T14:02:14","modified_gmt":"2026-03-04T13:02:14","slug":"motor-t-motor-velox-v2207-v2-0-1750-kv-1950kv-2550-kv","status":"publish","type":"product","link":"https:\/\/iha-race.com\/de\/producto\/motor-t-motor-velox-v2207-v2-0-1750-kv-1950kv-2550-kv\/","title":{"rendered":"Motor T-Motor Velox V2207 V2.0 (1750 Kv\/1950Kv\/2550 Kv)"},"content":{"rendered":"<h2>Motor T-Motor Velox V2207 V2.0 (1750 Kv\/1950Kv\/2550 Kv)<\/h2>\n<p>  Wir stellen Ihnen die neuen VELOX V2 Motoren von T-Motor vor. Die V2207 V2-Motoren kommen in einem eleganten neuen Design und bestehen aus hochwertigen Komponenten, die Ihrem Multirotor Sichtbarkeit und Geschwindigkeit im Spiel verleihen! Ideal f\u00fcr Freestyle und Rennen!  <\/p>\n<h2>Spezifikationen:<\/h2>\n<h4><strong>KV:<\/strong> 1750<strong>(smaragdgr\u00fcn<\/strong>)<\/h4>\n<ul>\n<li><strong>Abmessungen des Motors:<\/strong> \u03a627,5 * 31,35mm<\/li>\n<li><strong>Leitung: <\/strong> 20 # AWG 150 mm<\/li>\n<li><strong>Durchmesser des Schafts:<\/strong> 4 mm<\/li>\n<li><strong>Leerlaufstrom (10 V):<\/strong> 1,1A<\/li>\n<li><strong>Max. Leistung (60&#8217;s):<\/strong> 804W<\/li>\n<li><strong>Gewicht (ohne Kabel):<\/strong> 35,1 g<\/li>\n<li><strong>Innenwiderstand<\/strong>: 59 m\u03a9<\/li>\n<li><strong>Konfiguration: <\/strong> 12N14P<\/li>\n<li><strong>Nennspannung (Lipo):<\/strong> 5-6S<\/li>\n<li><strong>Maximaler Strom (60 s):<\/strong> 36,6 A<\/li>\n<\/ul>\n<p><strong>KV:<\/strong>   <strong>1950 (<\/strong><strong>smaragdgr\u00fcn)<\/strong><\/p>\n<ul>\n<li><strong>Abmessungen des Motors:<\/strong> \u03a627,5*31,35mm<\/li>\n<li><strong>Leitung: <\/strong> 20#AWG 150mm<\/li>\n<li><strong>Durchmesser des Schafts:<\/strong> 4 mm<\/li>\n<li><strong>Leerlaufstrom:<\/strong> 1,3A<\/li>\n<li><strong>Max. Leistung (1960s):<\/strong> 1003W<\/li>\n<li><strong>Gewicht (ohne Kabel):<\/strong> 35,2 g<\/li>\n<li><strong>Innenwiderstand<\/strong>: 50m\u03a9<\/li>\n<li><strong>Konfiguration: <\/strong> 12N14P<\/li>\n<li><strong>Nennspannung (Lipo):<\/strong> 5-6S<\/li>\n<li><strong>Maximaler Strom (60s):<\/strong> 45,8A<\/li>\n<\/ul>\n<h4><strong>KV:<\/strong> 2550<strong>(eisblau<\/strong>)<\/h4>\n<ul>\n<li><strong>Abmessungen des Motors: <\/strong> \u03a6 27,5 * 31,35 mm<\/li>\n<li><strong>Leitung: <\/strong> 20 # AWG 150 mm<\/li>\n<li><strong>Durchmesser des Schafts:<\/strong> 4 mm<\/li>\n<li><strong>Leerlaufstrom:<\/strong> 1,9A<\/li>\n<li><strong>Max. Leistung (60&#8217;s):<\/strong> 545W<\/li>\n<li><strong>Gewicht (ohne Kabel):<\/strong> 34,3 g<\/li>\n<li><strong>Innenwiderstand<\/strong>: 43 m \u03a9<\/li>\n<li><strong>Konfiguration: <\/strong> 12N14P<\/li>\n<li><strong>Nennspannung (Lipo):<\/strong> 4S<\/li>\n<li><strong>Maximaler Strom (60 s):<\/strong> 38,6 A<\/li>\n<\/ul>\n<p>&nbsp;<\/p>\n<p><img fetchpriority=\"high\" decoding=\"async\" class=\"alignnone wp-image-61343 size-full\" src=\"https:\/\/iha-race.com\/wp-content\/uploads\/2020\/04\/new-velox.jpg\" alt=\"\" width=\"940\" height=\"974\" srcset=\"https:\/\/iha-race.com\/wp-content\/uploads\/2020\/04\/new-velox.jpg 940w, https:\/\/iha-race.com\/wp-content\/uploads\/2020\/04\/new-velox-599x621.jpg 599w, https:\/\/iha-race.com\/wp-content\/uploads\/2020\/04\/new-velox-290x300.jpg 290w, https:\/\/iha-race.com\/wp-content\/uploads\/2020\/04\/new-velox-988x1024.jpg 988w, https:\/\/iha-race.com\/wp-content\/uploads\/2020\/04\/new-velox-767x795.jpg 767w, https:\/\/iha-race.com\/wp-content\/uploads\/2020\/04\/new-velox-1482x1536.jpg 1482w, https:\/\/iha-race.com\/wp-content\/uploads\/2020\/04\/new-velox-1977x2048.jpg 1977w, https:\/\/iha-race.com\/wp-content\/uploads\/2020\/04\/new-velox-788x816.jpg 788w\" sizes=\"(max-width: 940px) 100vw, 940px\" \/> <img decoding=\"async\" class=\"alignnone wp-image-61344 size-full\" src=\"https:\/\/iha-race.com\/wp-content\/uploads\/2020\/04\/to-the-victory.jpg\" alt=\"\" width=\"940\" height=\"1220\" srcset=\"https:\/\/iha-race.com\/wp-content\/uploads\/2020\/04\/to-the-victory.jpg 940w, https:\/\/iha-race.com\/wp-content\/uploads\/2020\/04\/to-the-victory-599x778.jpg 599w, https:\/\/iha-race.com\/wp-content\/uploads\/2020\/04\/to-the-victory-231x300.jpg 231w, https:\/\/iha-race.com\/wp-content\/uploads\/2020\/04\/to-the-victory-789x1024.jpg 789w, https:\/\/iha-race.com\/wp-content\/uploads\/2020\/04\/to-the-victory-767x996.jpg 767w, https:\/\/iha-race.com\/wp-content\/uploads\/2020\/04\/to-the-victory-1183x1536.jpg 1183w, https:\/\/iha-race.com\/wp-content\/uploads\/2020\/04\/to-the-victory-1578x2048.jpg 1578w, https:\/\/iha-race.com\/wp-content\/uploads\/2020\/04\/to-the-victory-788x1022.jpg 788w\" sizes=\"(max-width: 940px) 100vw, 940px\" \/> <img decoding=\"async\" class=\"alignnone wp-image-61345 size-full\" src=\"https:\/\/iha-race.com\/wp-content\/uploads\/2020\/04\/optimized-arc-magnet.jpg\" alt=\"\" width=\"940\" height=\"793\" srcset=\"https:\/\/iha-race.com\/wp-content\/uploads\/2020\/04\/optimized-arc-magnet.jpg 940w, https:\/\/iha-race.com\/wp-content\/uploads\/2020\/04\/optimized-arc-magnet-600x506.jpg 600w, https:\/\/iha-race.com\/wp-content\/uploads\/2020\/04\/optimized-arc-magnet-300x253.jpg 300w, https:\/\/iha-race.com\/wp-content\/uploads\/2020\/04\/optimized-arc-magnet-1024x864.jpg 1024w, https:\/\/iha-race.com\/wp-content\/uploads\/2020\/04\/optimized-arc-magnet-767x647.jpg 767w, https:\/\/iha-race.com\/wp-content\/uploads\/2020\/04\/optimized-arc-magnet-1536x1296.jpg 1536w, https:\/\/iha-race.com\/wp-content\/uploads\/2020\/04\/optimized-arc-magnet-2048x1728.jpg 2048w, https:\/\/iha-race.com\/wp-content\/uploads\/2020\/04\/optimized-arc-magnet-788x664.jpg 788w\" sizes=\"(max-width: 940px) 100vw, 940px\" \/> <img loading=\"lazy\" decoding=\"async\" class=\"alignnone wp-image-61346 size-full\" src=\"https:\/\/iha-race.com\/wp-content\/uploads\/2020\/04\/3-nuevos-colores.jpg\" alt=\"\" width=\"940\" height=\"805\" srcset=\"https:\/\/iha-race.com\/wp-content\/uploads\/2020\/04\/3-nuevos-colores.jpg 940w, https:\/\/iha-race.com\/wp-content\/uploads\/2020\/04\/3-nuevos-colores-599x513.jpg 599w, https:\/\/iha-race.com\/wp-content\/uploads\/2020\/04\/3-nuevos-colores-300x257.jpg 300w, https:\/\/iha-race.com\/wp-content\/uploads\/2020\/04\/3-nuevos-colores-1024x877.jpg 1024w, https:\/\/iha-race.com\/wp-content\/uploads\/2020\/04\/3-nuevos-colores-767x657.jpg 767w, https:\/\/iha-race.com\/wp-content\/uploads\/2020\/04\/3-nuevos-colores-1536x1315.jpg 1536w, https:\/\/iha-race.com\/wp-content\/uploads\/2020\/04\/3-nuevos-colores-2048x1754.jpg 2048w, https:\/\/iha-race.com\/wp-content\/uploads\/2020\/04\/3-nuevos-colores-788x674.jpg 788w\" sizes=\"(max-width: 940px) 100vw, 940px\" \/><\/p>\n<h2>Das Paket enth\u00e4lt:<\/h2>\n<ul>\n<li>1 x VELOX V2 V2207 T-Motor (1750 Kv oder 2550 Kv)<\/li>\n<\/ul>\n","protected":false},"excerpt":{"rendered":"<p>Der V2207 V2 von T-Motor ist ein gro\u00dfartiger Motor f\u00fcr Freestyle und Racing!<\/p>\n","protected":false},"featured_media":125647,"comment_status":"open","ping_status":"closed","template":"","meta":{"_joinchat":[]},"pwb-brand":[],"product_cat":[2817,2617],"product_tag":[],"class_list":{"0":"post-208260","1":"product","2":"type-product","3":"status-publish","4":"has-post-thumbnail","6":"product_cat-burstenlos-mit-welle","7":"product_cat-fpv-motoren","9":"first","10":"instock","11":"taxable","12":"shipping-taxable","13":"purchasable","14":"product-type-variable"},"barcode":null,"atum_controlled":true,"out_stock_date":"2021-02-16 18:33:17","out_stock_threshold":null,"inheritable":true,"stock_on_hold":0,"sold_today":0,"sales_last_days":0,"out_stock_days":1828,"lost_sales":0,"update_date":"2026-05-15T12:47:31","atum_locations":[],"atum_stock_status":"instock","restock_status":false,"low_stock_amount":"","sales_update_date":"2026-05-15T12:47:31","calc_backorders":null,"yoast_head":"<!-- This site is optimized with the Yoast SEO plugin v27.3 - https:\/\/yoast.com\/product\/yoast-seo-wordpress\/ -->\n<title>Motor T-Motor Velox V2207 V2.0 (1750 Kv\/1950Kv\/2550 Kv) - Iha Race<\/title>\n<meta name=\"robots\" content=\"index, follow, max-snippet:-1, max-image-preview:large, max-video-preview:-1\" \/>\n<link rel=\"canonical\" href=\"https:\/\/iha-race.com\/de\/producto\/motor-t-motor-velox-v2207-v2-0-1750-kv-1950kv-2550-kv\/\" \/>\n<meta property=\"og:locale\" content=\"de_DE\" \/>\n<meta property=\"og:type\" content=\"article\" \/>\n<meta property=\"og:title\" content=\"Motor T-Motor Velox V2207 V2.0 (1750 Kv\/1950Kv\/2550 Kv) - Iha Race\" \/>\n<meta property=\"og:description\" content=\"Der V2207 V2 von T-Motor ist ein gro\u00dfartiger Motor f\u00fcr Freestyle und Racing!\" \/>\n<meta property=\"og:url\" content=\"https:\/\/iha-race.com\/de\/producto\/motor-t-motor-velox-v2207-v2-0-1750-kv-1950kv-2550-kv\/\" \/>\n<meta property=\"og:site_name\" content=\"Iha Race\" \/>\n<meta property=\"article:modified_time\" content=\"2026-03-04T13:02:14+00:00\" \/>\n<meta property=\"og:image\" content=\"https:\/\/iha-race.com\/wp-content\/uploads\/2020\/04\/Motor-T-Motor-Velox-V2207-V2.0-1750-Kv-2550-Kv.jpg\" \/>\n\t<meta property=\"og:image:width\" content=\"1000\" \/>\n\t<meta property=\"og:image:height\" content=\"1000\" \/>\n\t<meta property=\"og:image:type\" content=\"image\/jpeg\" \/>\n<meta name=\"twitter:card\" content=\"summary_large_image\" \/>\n<meta name=\"twitter:label1\" content=\"Gesch\u00e4tzte Lesezeit\" \/>\n\t<meta name=\"twitter:data1\" content=\"1\u00a0Minute\" \/>\n<script type=\"application\/ld+json\" class=\"yoast-schema-graph\">{\"@context\":\"https:\\\/\\\/schema.org\",\"@graph\":[{\"@type\":\"WebPage\",\"@id\":\"https:\\\/\\\/iha-race.com\\\/de\\\/producto\\\/motor-t-motor-velox-v2207-v2-0-1750-kv-1950kv-2550-kv\\\/\",\"url\":\"https:\\\/\\\/iha-race.com\\\/de\\\/producto\\\/motor-t-motor-velox-v2207-v2-0-1750-kv-1950kv-2550-kv\\\/\",\"name\":\"Motor T-Motor Velox V2207 V2.0 (1750 Kv\\\/1950Kv\\\/2550 Kv) - Iha Race\",\"isPartOf\":{\"@id\":\"https:\\\/\\\/iha-race.com\\\/de\\\/#website\"},\"primaryImageOfPage\":{\"@id\":\"https:\\\/\\\/iha-race.com\\\/de\\\/producto\\\/motor-t-motor-velox-v2207-v2-0-1750-kv-1950kv-2550-kv\\\/#primaryimage\"},\"image\":{\"@id\":\"https:\\\/\\\/iha-race.com\\\/de\\\/producto\\\/motor-t-motor-velox-v2207-v2-0-1750-kv-1950kv-2550-kv\\\/#primaryimage\"},\"thumbnailUrl\":\"https:\\\/\\\/iha-race.com\\\/wp-content\\\/uploads\\\/2020\\\/04\\\/Motor-T-Motor-Velox-V2207-V2.0-1750-Kv-2550-Kv.jpg\",\"datePublished\":\"2021-03-02T10:10:28+00:00\",\"dateModified\":\"2026-03-04T13:02:14+00:00\",\"breadcrumb\":{\"@id\":\"https:\\\/\\\/iha-race.com\\\/de\\\/producto\\\/motor-t-motor-velox-v2207-v2-0-1750-kv-1950kv-2550-kv\\\/#breadcrumb\"},\"inLanguage\":\"de\",\"potentialAction\":[{\"@type\":\"ReadAction\",\"target\":[\"https:\\\/\\\/iha-race.com\\\/de\\\/producto\\\/motor-t-motor-velox-v2207-v2-0-1750-kv-1950kv-2550-kv\\\/\"]}]},{\"@type\":\"ImageObject\",\"inLanguage\":\"de\",\"@id\":\"https:\\\/\\\/iha-race.com\\\/de\\\/producto\\\/motor-t-motor-velox-v2207-v2-0-1750-kv-1950kv-2550-kv\\\/#primaryimage\",\"url\":\"https:\\\/\\\/iha-race.com\\\/wp-content\\\/uploads\\\/2020\\\/04\\\/Motor-T-Motor-Velox-V2207-V2.0-1750-Kv-2550-Kv.jpg\",\"contentUrl\":\"https:\\\/\\\/iha-race.com\\\/wp-content\\\/uploads\\\/2020\\\/04\\\/Motor-T-Motor-Velox-V2207-V2.0-1750-Kv-2550-Kv.jpg\",\"width\":1000,\"height\":1000},{\"@type\":\"BreadcrumbList\",\"@id\":\"https:\\\/\\\/iha-race.com\\\/de\\\/producto\\\/motor-t-motor-velox-v2207-v2-0-1750-kv-1950kv-2550-kv\\\/#breadcrumb\",\"itemListElement\":[{\"@type\":\"ListItem\",\"position\":1,\"name\":\"Portada\",\"item\":\"https:\\\/\\\/iha-race.com\\\/de\\\/elementor-499\\\/\"},{\"@type\":\"ListItem\",\"position\":2,\"name\":\"Shop\",\"item\":\"https:\\\/\\\/iha-race.com\\\/de\\\/shop\\\/\"},{\"@type\":\"ListItem\",\"position\":3,\"name\":\"Motor T-Motor Velox V2207 V2.0 (1750 Kv\\\/1950Kv\\\/2550 Kv)\"}]},{\"@type\":\"WebSite\",\"@id\":\"https:\\\/\\\/iha-race.com\\\/de\\\/#website\",\"url\":\"https:\\\/\\\/iha-race.com\\\/de\\\/\",\"name\":\"Iha Race\",\"description\":\"Comprar drones de carreras FPV env\u00edos en un d\u00eda desde Espa\u00f1a\",\"publisher\":{\"@id\":\"https:\\\/\\\/iha-race.com\\\/de\\\/#organization\"},\"potentialAction\":[{\"@type\":\"SearchAction\",\"target\":{\"@type\":\"EntryPoint\",\"urlTemplate\":\"https:\\\/\\\/iha-race.com\\\/de\\\/?s={search_term_string}\"},\"query-input\":{\"@type\":\"PropertyValueSpecification\",\"valueRequired\":true,\"valueName\":\"search_term_string\"}}],\"inLanguage\":\"de\"},{\"@type\":\"Organization\",\"@id\":\"https:\\\/\\\/iha-race.com\\\/de\\\/#organization\",\"name\":\"Iha Race\",\"url\":\"https:\\\/\\\/iha-race.com\\\/de\\\/\",\"logo\":{\"@type\":\"ImageObject\",\"inLanguage\":\"de\",\"@id\":\"https:\\\/\\\/iha-race.com\\\/de\\\/#\\\/schema\\\/logo\\\/image\\\/\",\"url\":\"https:\\\/\\\/iha-race.com\\\/wp-content\\\/uploads\\\/2018\\\/07\\\/iha-race-drones-de-carreras-tienda-comprar-drones.png\",\"contentUrl\":\"https:\\\/\\\/iha-race.com\\\/wp-content\\\/uploads\\\/2018\\\/07\\\/iha-race-drones-de-carreras-tienda-comprar-drones.png\",\"width\":300,\"height\":100,\"caption\":\"Iha Race\"},\"image\":{\"@id\":\"https:\\\/\\\/iha-race.com\\\/de\\\/#\\\/schema\\\/logo\\\/image\\\/\"}}]}<\/script>\n<!-- \/ Yoast SEO plugin. -->","yoast_head_json":{"title":"Motor T-Motor Velox V2207 V2.0 (1750 Kv\/1950Kv\/2550 Kv) - Iha Race","robots":{"index":"index","follow":"follow","max-snippet":"max-snippet:-1","max-image-preview":"max-image-preview:large","max-video-preview":"max-video-preview:-1"},"canonical":"https:\/\/iha-race.com\/de\/producto\/motor-t-motor-velox-v2207-v2-0-1750-kv-1950kv-2550-kv\/","og_locale":"de_DE","og_type":"article","og_title":"Motor T-Motor Velox V2207 V2.0 (1750 Kv\/1950Kv\/2550 Kv) - Iha Race","og_description":"Der V2207 V2 von T-Motor ist ein gro\u00dfartiger Motor f\u00fcr Freestyle und Racing!","og_url":"https:\/\/iha-race.com\/de\/producto\/motor-t-motor-velox-v2207-v2-0-1750-kv-1950kv-2550-kv\/","og_site_name":"Iha Race","article_modified_time":"2026-03-04T13:02:14+00:00","og_image":[{"width":1000,"height":1000,"url":"https:\/\/iha-race.com\/wp-content\/uploads\/2020\/04\/Motor-T-Motor-Velox-V2207-V2.0-1750-Kv-2550-Kv.jpg","type":"image\/jpeg"}],"twitter_card":"summary_large_image","twitter_misc":{"Gesch\u00e4tzte Lesezeit":"1\u00a0Minute"},"schema":{"@context":"https:\/\/schema.org","@graph":[{"@type":"WebPage","@id":"https:\/\/iha-race.com\/de\/producto\/motor-t-motor-velox-v2207-v2-0-1750-kv-1950kv-2550-kv\/","url":"https:\/\/iha-race.com\/de\/producto\/motor-t-motor-velox-v2207-v2-0-1750-kv-1950kv-2550-kv\/","name":"Motor T-Motor Velox V2207 V2.0 (1750 Kv\/1950Kv\/2550 Kv) - Iha Race","isPartOf":{"@id":"https:\/\/iha-race.com\/de\/#website"},"primaryImageOfPage":{"@id":"https:\/\/iha-race.com\/de\/producto\/motor-t-motor-velox-v2207-v2-0-1750-kv-1950kv-2550-kv\/#primaryimage"},"image":{"@id":"https:\/\/iha-race.com\/de\/producto\/motor-t-motor-velox-v2207-v2-0-1750-kv-1950kv-2550-kv\/#primaryimage"},"thumbnailUrl":"https:\/\/iha-race.com\/wp-content\/uploads\/2020\/04\/Motor-T-Motor-Velox-V2207-V2.0-1750-Kv-2550-Kv.jpg","datePublished":"2021-03-02T10:10:28+00:00","dateModified":"2026-03-04T13:02:14+00:00","breadcrumb":{"@id":"https:\/\/iha-race.com\/de\/producto\/motor-t-motor-velox-v2207-v2-0-1750-kv-1950kv-2550-kv\/#breadcrumb"},"inLanguage":"de","potentialAction":[{"@type":"ReadAction","target":["https:\/\/iha-race.com\/de\/producto\/motor-t-motor-velox-v2207-v2-0-1750-kv-1950kv-2550-kv\/"]}]},{"@type":"ImageObject","inLanguage":"de","@id":"https:\/\/iha-race.com\/de\/producto\/motor-t-motor-velox-v2207-v2-0-1750-kv-1950kv-2550-kv\/#primaryimage","url":"https:\/\/iha-race.com\/wp-content\/uploads\/2020\/04\/Motor-T-Motor-Velox-V2207-V2.0-1750-Kv-2550-Kv.jpg","contentUrl":"https:\/\/iha-race.com\/wp-content\/uploads\/2020\/04\/Motor-T-Motor-Velox-V2207-V2.0-1750-Kv-2550-Kv.jpg","width":1000,"height":1000},{"@type":"BreadcrumbList","@id":"https:\/\/iha-race.com\/de\/producto\/motor-t-motor-velox-v2207-v2-0-1750-kv-1950kv-2550-kv\/#breadcrumb","itemListElement":[{"@type":"ListItem","position":1,"name":"Portada","item":"https:\/\/iha-race.com\/de\/elementor-499\/"},{"@type":"ListItem","position":2,"name":"Shop","item":"https:\/\/iha-race.com\/de\/shop\/"},{"@type":"ListItem","position":3,"name":"Motor T-Motor Velox V2207 V2.0 (1750 Kv\/1950Kv\/2550 Kv)"}]},{"@type":"WebSite","@id":"https:\/\/iha-race.com\/de\/#website","url":"https:\/\/iha-race.com\/de\/","name":"Iha Race","description":"Comprar drones de carreras FPV env\u00edos en un d\u00eda desde Espa\u00f1a","publisher":{"@id":"https:\/\/iha-race.com\/de\/#organization"},"potentialAction":[{"@type":"SearchAction","target":{"@type":"EntryPoint","urlTemplate":"https:\/\/iha-race.com\/de\/?s={search_term_string}"},"query-input":{"@type":"PropertyValueSpecification","valueRequired":true,"valueName":"search_term_string"}}],"inLanguage":"de"},{"@type":"Organization","@id":"https:\/\/iha-race.com\/de\/#organization","name":"Iha Race","url":"https:\/\/iha-race.com\/de\/","logo":{"@type":"ImageObject","inLanguage":"de","@id":"https:\/\/iha-race.com\/de\/#\/schema\/logo\/image\/","url":"https:\/\/iha-race.com\/wp-content\/uploads\/2018\/07\/iha-race-drones-de-carreras-tienda-comprar-drones.png","contentUrl":"https:\/\/iha-race.com\/wp-content\/uploads\/2018\/07\/iha-race-drones-de-carreras-tienda-comprar-drones.png","width":300,"height":100,"caption":"Iha Race"},"image":{"@id":"https:\/\/iha-race.com\/de\/#\/schema\/logo\/image\/"}}]}},"jetpack_sharing_enabled":true,"brands":[],"_links":{"self":[{"href":"https:\/\/iha-race.com\/de\/wp-json\/wp\/v2\/product\/208260","targetHints":{"allow":["GET"]}}],"collection":[{"href":"https:\/\/iha-race.com\/de\/wp-json\/wp\/v2\/product"}],"about":[{"href":"https:\/\/iha-race.com\/de\/wp-json\/wp\/v2\/types\/product"}],"replies":[{"embeddable":true,"href":"https:\/\/iha-race.com\/de\/wp-json\/wp\/v2\/comments?post=208260"}],"version-history":[{"count":2,"href":"https:\/\/iha-race.com\/de\/wp-json\/wp\/v2\/product\/208260\/revisions"}],"predecessor-version":[{"id":249636,"href":"https:\/\/iha-race.com\/de\/wp-json\/wp\/v2\/product\/208260\/revisions\/249636"}],"wp:featuredmedia":[{"embeddable":true,"href":"https:\/\/iha-race.com\/de\/wp-json\/wp\/v2\/media\/125647"}],"wp:attachment":[{"href":"https:\/\/iha-race.com\/de\/wp-json\/wp\/v2\/media?parent=208260"}],"wp:term":[{"taxonomy":"pwb-brand","embeddable":true,"href":"https:\/\/iha-race.com\/de\/wp-json\/wp\/v2\/pwb-brand?post=208260"},{"taxonomy":"product_cat","embeddable":true,"href":"https:\/\/iha-race.com\/de\/wp-json\/wp\/v2\/product_cat?post=208260"},{"taxonomy":"product_tag","embeddable":true,"href":"https:\/\/iha-race.com\/de\/wp-json\/wp\/v2\/product_tag?post=208260"}],"curies":[{"name":"wp","href":"https:\/\/api.w.org\/{rel}","templated":true}]}}