{"id":208257,"date":"2020-03-13T19:08:44","date_gmt":"2020-03-13T18:08:44","guid":{"rendered":"https:\/\/iha-race.com\/producto\/esc-hobbywing-xrotor-40a-3-6s-4-in-1-blheli_32-20x20\/"},"modified":"2024-08-29T16:09:26","modified_gmt":"2024-08-29T14:09:26","slug":"esc-hobbywing-xrotor-40a-3-6s-4-en-1-blheli_32","status":"publish","type":"product","link":"https:\/\/iha-race.com\/de\/producto\/esc-hobbywing-xrotor-40a-3-6s-4-en-1-blheli_32\/","title":{"rendered":"ESC Hobbywing XRotor 40A 3-6S 4 in 1 BLHeli_32 (20X20)"},"content":{"rendered":"<h2>Hobbywing XRotor 40A 3-6S 4 in 1 ESC BLHeli_32<\/h2>\n<p>  Der Hobbywing XRotor 40A 3-6S 4-in-1 BLHeli_32 ist ein mit hoher Leistung ausgestatteter Regler. Mit leistungsstarkem 32-Bit-Mikroprozessor mit einer Betriebsfrequenz von bis zu 48 MHz f\u00fcr hervorragende Leistung. Der XRotor 40A ist mit Sicherheit eine der ersten Wahl f\u00fcr Rennfahrer, die das Beste an Leistung suchen!  <\/p>\n<h2>Merkmale:<\/h2>\n<ul>\n<li>Leistungsstarker 32-Bit-Mikroprozessor mit einer Betriebsfrequenz von bis zu 48 MHz f\u00fcr hervorragende Leistung.<\/li>\n<li>Die BLHeli_32-Firmware ist die dritte Generation des BLHeli, nach dem Basis-BLHeli und dem BLHeli-S.<\/li>\n<li>Alle Codes verwenden den Modus &#8220;ged\u00e4mpftes Licht&#8221;. Das ged\u00e4mpfte Licht f\u00fchrt eine regenerative Bremsung durch, die eine sehr schnelle Motorverz\u00f6gerung zur Folge hat, und f\u00fchrt naturgem\u00e4\u00df auch einen aktiven Leerlauf durch.<\/li>\n<li>Der Code unterst\u00fctzt Funktionen, die den Verlust der Synchronisation verhindern. Es gibt einstellbare Parameter, mit denen der Code auch in den anspruchsvollsten Situationen gut l\u00e4uft, obwohl die Standardeinstellungen in einer normalen Betriebsumgebung hervorragend funktionieren.<\/li>\n<li>Der Code unterst\u00fctzt die normale Eingabe von 1-2 ms Impulsbreite sowie Oneshot125 (125-250us), Oneshot42 (41,7-83,3us) und Multishot (5-25us).<\/li>\n<li>Die Dshot-Signalisierung wird in jedem Fall bis mindestens Dshot1200 unterst\u00fctzt. Das Eingangssignal wird vom ESC beim Einschalten automatisch erkannt.<\/li>\n<li>Der Code unterst\u00fctzt auch eine Beacon-Funktion, bei der der ESC nach einer bestimmten Zeit der Nullbeschleunigung zu piepen beginnt. Dies kann sehr n\u00fctzlich sein, um verloren gegangene Kunsthandwerke wiederzufinden.<\/li>\n<\/ul>\n<h2>Spezifikationen:<\/h2>\n<ul>\n<li><strong>Modell:<\/strong> XRotor 40A 4in1 (20&#215;20) BLHeli-32 DShot1200<\/li>\n<li><strong>Anwendung:<\/strong> FPV mit 130-280 mm diagonalem Radstand<\/li>\n<li><strong>LiPo-Eingang:<\/strong> 3S-6S<\/li>\n<li><strong>Dauerstrom:<\/strong> 40Ax4<\/li>\n<li><strong>Burststrom:<\/strong> 60Ax4<\/li>\n<li><strong>BEC-Ausgang:<\/strong> NO<\/li>\n<li><strong>Eingangskabel:<\/strong> Rot-14AWG-100mm \/ Schwarz-14AWG-100mm<\/li>\n<li><strong>Ausgangskabel:<\/strong> ohne Adern, aber mit L\u00f6tfahnen<\/li>\n<li><strong>Anschl\u00fcsse (Eingang\/Ausgang):<\/strong> XT60-Stecker im Lieferumfang enthalten.<\/li>\n<li><strong>Gewicht \/ Gr\u00f6\u00dfe:<\/strong> 12g \/ 40x33x5mm<\/li>\n<li><strong>Einbauma\u00df: <\/strong> 20&#215;20 mm<\/li>\n<li><strong>Firmware:<\/strong> Hobbywing_XRotor_BLHeli-32 Version<\/li>\n<li><strong>Drosselklappen-Kalibrierung:<\/strong> kompatibel<\/li>\n<li><strong>ESC-Programmierung:<\/strong> Stick-Programmierung, BLHeliSuite32<\/li>\n<li><strong>DEO:<\/strong> unterst\u00fctzt<\/li>\n<li><strong>OneShot-Modus:<\/strong> kompatibel<\/li>\n<li><strong>Zeit:<\/strong> unterst\u00fctzt<\/li>\n<li><strong>Motordrehung:<\/strong> kompatibel<\/li>\n<\/ul>\n<h2>Das Paket enth\u00e4lt:<\/h2>\n<ul>\n<li>\n<p class=\"icon-head head-products\">1 x Hobbywing Xrotor 40A 4 in 1 ESC (20&#215;20) BLHeli-32 DShot1200<\/p>\n<\/li>\n<\/ul>\n<h3><strong>Downloads:<\/strong><\/h3>\n<ul>\n<li><a href=\"http:\/\/www.hobbywing.com\/products\/enpdf\/XRotorMicro40A20x20.pdf\">Handbuch<\/a><\/li>\n<\/ul>\n","protected":false},"excerpt":{"rendered":"<p>Der Xrotor 40A 4-in-1 ESC verf\u00fcgt \u00fcber einen leistungsstarken 32-Bit-Mikroprozessor mit einer Betriebsfrequenz von bis zu 48 MHz f\u00fcr exzellente Leistung.<\/p>\n","protected":false},"featured_media":126507,"comment_status":"open","ping_status":"closed","template":"","meta":{"_joinchat":[]},"pwb-brand":[],"product_cat":[2700],"product_tag":[],"class_list":{"0":"post-208257","1":"product","2":"type-product","3":"status-publish","4":"has-post-thumbnail","6":"product_cat-esc-wechselrichter","8":"first","9":"instock","10":"taxable","11":"shipping-taxable","12":"purchasable","13":"product-type-simple"},"barcode":null,"atum_controlled":true,"out_stock_date":null,"out_stock_threshold":null,"inheritable":false,"stock_on_hold":0,"sold_today":0,"sales_last_days":0,"out_stock_days":0,"lost_sales":0,"update_date":"2026-04-18T23:29:48","atum_locations":[],"atum_stock_status":"instock","restock_status":false,"low_stock_amount":"","sales_update_date":"2026-04-18T23:29:48","calc_backorders":null,"yoast_head":"<!-- This site is optimized with the Yoast SEO plugin v27.3 - https:\/\/yoast.com\/product\/yoast-seo-wordpress\/ -->\n<title>ESC Hobbywing XRotor 40A 3-6S 4 in 1 BLHeli_32 (20X20) - Iha Race<\/title>\n<meta name=\"robots\" content=\"index, follow, max-snippet:-1, max-image-preview:large, max-video-preview:-1\" \/>\n<link rel=\"canonical\" href=\"https:\/\/iha-race.com\/de\/producto\/esc-hobbywing-xrotor-40a-3-6s-4-en-1-blheli_32\/\" \/>\n<meta property=\"og:locale\" content=\"de_DE\" \/>\n<meta property=\"og:type\" content=\"article\" \/>\n<meta property=\"og:title\" content=\"ESC Hobbywing XRotor 40A 3-6S 4 in 1 BLHeli_32 (20X20) - Iha Race\" \/>\n<meta property=\"og:description\" content=\"Der Xrotor 40A 4-in-1 ESC verf\u00fcgt \u00fcber einen leistungsstarken 32-Bit-Mikroprozessor mit einer Betriebsfrequenz von bis zu 48 MHz f\u00fcr exzellente Leistung.\" \/>\n<meta property=\"og:url\" content=\"https:\/\/iha-race.com\/de\/producto\/esc-hobbywing-xrotor-40a-3-6s-4-en-1-blheli_32\/\" \/>\n<meta property=\"og:site_name\" content=\"Iha Race\" \/>\n<meta property=\"article:modified_time\" content=\"2024-08-29T14:09:26+00:00\" \/>\n<meta property=\"og:image\" content=\"https:\/\/iha-race.com\/wp-content\/uploads\/2020\/03\/ESC-Hobbywing-XRotor-40A-3-6S-4-en-1-BLHeli_32.jpg\" \/>\n\t<meta property=\"og:image:width\" content=\"1000\" \/>\n\t<meta property=\"og:image:height\" content=\"1000\" \/>\n\t<meta property=\"og:image:type\" content=\"image\/jpeg\" \/>\n<meta name=\"twitter:card\" content=\"summary_large_image\" \/>\n<meta name=\"twitter:label1\" content=\"Gesch\u00e4tzte Lesezeit\" \/>\n\t<meta name=\"twitter:data1\" content=\"2\u00a0Minuten\" \/>\n<script type=\"application\/ld+json\" class=\"yoast-schema-graph\">{\"@context\":\"https:\\\/\\\/schema.org\",\"@graph\":[{\"@type\":\"WebPage\",\"@id\":\"https:\\\/\\\/iha-race.com\\\/de\\\/producto\\\/esc-hobbywing-xrotor-40a-3-6s-4-en-1-blheli_32\\\/\",\"url\":\"https:\\\/\\\/iha-race.com\\\/de\\\/producto\\\/esc-hobbywing-xrotor-40a-3-6s-4-en-1-blheli_32\\\/\",\"name\":\"ESC Hobbywing XRotor 40A 3-6S 4 in 1 BLHeli_32 (20X20) - Iha Race\",\"isPartOf\":{\"@id\":\"https:\\\/\\\/iha-race.com\\\/de\\\/#website\"},\"primaryImageOfPage\":{\"@id\":\"https:\\\/\\\/iha-race.com\\\/de\\\/producto\\\/esc-hobbywing-xrotor-40a-3-6s-4-en-1-blheli_32\\\/#primaryimage\"},\"image\":{\"@id\":\"https:\\\/\\\/iha-race.com\\\/de\\\/producto\\\/esc-hobbywing-xrotor-40a-3-6s-4-en-1-blheli_32\\\/#primaryimage\"},\"thumbnailUrl\":\"https:\\\/\\\/iha-race.com\\\/wp-content\\\/uploads\\\/2020\\\/03\\\/ESC-Hobbywing-XRotor-40A-3-6S-4-en-1-BLHeli_32.jpg\",\"datePublished\":\"2020-03-13T18:08:44+00:00\",\"dateModified\":\"2024-08-29T14:09:26+00:00\",\"breadcrumb\":{\"@id\":\"https:\\\/\\\/iha-race.com\\\/de\\\/producto\\\/esc-hobbywing-xrotor-40a-3-6s-4-en-1-blheli_32\\\/#breadcrumb\"},\"inLanguage\":\"de\",\"potentialAction\":[{\"@type\":\"ReadAction\",\"target\":[\"https:\\\/\\\/iha-race.com\\\/de\\\/producto\\\/esc-hobbywing-xrotor-40a-3-6s-4-en-1-blheli_32\\\/\"]}]},{\"@type\":\"ImageObject\",\"inLanguage\":\"de\",\"@id\":\"https:\\\/\\\/iha-race.com\\\/de\\\/producto\\\/esc-hobbywing-xrotor-40a-3-6s-4-en-1-blheli_32\\\/#primaryimage\",\"url\":\"https:\\\/\\\/iha-race.com\\\/wp-content\\\/uploads\\\/2020\\\/03\\\/ESC-Hobbywing-XRotor-40A-3-6S-4-en-1-BLHeli_32.jpg\",\"contentUrl\":\"https:\\\/\\\/iha-race.com\\\/wp-content\\\/uploads\\\/2020\\\/03\\\/ESC-Hobbywing-XRotor-40A-3-6S-4-en-1-BLHeli_32.jpg\",\"width\":1000,\"height\":1000},{\"@type\":\"BreadcrumbList\",\"@id\":\"https:\\\/\\\/iha-race.com\\\/de\\\/producto\\\/esc-hobbywing-xrotor-40a-3-6s-4-en-1-blheli_32\\\/#breadcrumb\",\"itemListElement\":[{\"@type\":\"ListItem\",\"position\":1,\"name\":\"Portada\",\"item\":\"https:\\\/\\\/iha-race.com\\\/de\\\/elementor-499\\\/\"},{\"@type\":\"ListItem\",\"position\":2,\"name\":\"Shop\",\"item\":\"https:\\\/\\\/iha-race.com\\\/de\\\/shop\\\/\"},{\"@type\":\"ListItem\",\"position\":3,\"name\":\"ESC Hobbywing XRotor 40A 3-6S 4 in 1 BLHeli_32 (20X20)\"}]},{\"@type\":\"WebSite\",\"@id\":\"https:\\\/\\\/iha-race.com\\\/de\\\/#website\",\"url\":\"https:\\\/\\\/iha-race.com\\\/de\\\/\",\"name\":\"Iha Race\",\"description\":\"Comprar drones de carreras FPV env\u00edos en un d\u00eda desde Espa\u00f1a\",\"publisher\":{\"@id\":\"https:\\\/\\\/iha-race.com\\\/de\\\/#organization\"},\"potentialAction\":[{\"@type\":\"SearchAction\",\"target\":{\"@type\":\"EntryPoint\",\"urlTemplate\":\"https:\\\/\\\/iha-race.com\\\/de\\\/?s={search_term_string}\"},\"query-input\":{\"@type\":\"PropertyValueSpecification\",\"valueRequired\":true,\"valueName\":\"search_term_string\"}}],\"inLanguage\":\"de\"},{\"@type\":\"Organization\",\"@id\":\"https:\\\/\\\/iha-race.com\\\/de\\\/#organization\",\"name\":\"Iha Race\",\"url\":\"https:\\\/\\\/iha-race.com\\\/de\\\/\",\"logo\":{\"@type\":\"ImageObject\",\"inLanguage\":\"de\",\"@id\":\"https:\\\/\\\/iha-race.com\\\/de\\\/#\\\/schema\\\/logo\\\/image\\\/\",\"url\":\"https:\\\/\\\/iha-race.com\\\/wp-content\\\/uploads\\\/2018\\\/07\\\/iha-race-drones-de-carreras-tienda-comprar-drones.png\",\"contentUrl\":\"https:\\\/\\\/iha-race.com\\\/wp-content\\\/uploads\\\/2018\\\/07\\\/iha-race-drones-de-carreras-tienda-comprar-drones.png\",\"width\":300,\"height\":100,\"caption\":\"Iha Race\"},\"image\":{\"@id\":\"https:\\\/\\\/iha-race.com\\\/de\\\/#\\\/schema\\\/logo\\\/image\\\/\"}}]}<\/script>\n<!-- \/ Yoast SEO plugin. -->","yoast_head_json":{"title":"ESC Hobbywing XRotor 40A 3-6S 4 in 1 BLHeli_32 (20X20) - Iha Race","robots":{"index":"index","follow":"follow","max-snippet":"max-snippet:-1","max-image-preview":"max-image-preview:large","max-video-preview":"max-video-preview:-1"},"canonical":"https:\/\/iha-race.com\/de\/producto\/esc-hobbywing-xrotor-40a-3-6s-4-en-1-blheli_32\/","og_locale":"de_DE","og_type":"article","og_title":"ESC Hobbywing XRotor 40A 3-6S 4 in 1 BLHeli_32 (20X20) - Iha Race","og_description":"Der Xrotor 40A 4-in-1 ESC verf\u00fcgt \u00fcber einen leistungsstarken 32-Bit-Mikroprozessor mit einer Betriebsfrequenz von bis zu 48 MHz f\u00fcr exzellente Leistung.","og_url":"https:\/\/iha-race.com\/de\/producto\/esc-hobbywing-xrotor-40a-3-6s-4-en-1-blheli_32\/","og_site_name":"Iha Race","article_modified_time":"2024-08-29T14:09:26+00:00","og_image":[{"width":1000,"height":1000,"url":"https:\/\/iha-race.com\/wp-content\/uploads\/2020\/03\/ESC-Hobbywing-XRotor-40A-3-6S-4-en-1-BLHeli_32.jpg","type":"image\/jpeg"}],"twitter_card":"summary_large_image","twitter_misc":{"Gesch\u00e4tzte Lesezeit":"2\u00a0Minuten"},"schema":{"@context":"https:\/\/schema.org","@graph":[{"@type":"WebPage","@id":"https:\/\/iha-race.com\/de\/producto\/esc-hobbywing-xrotor-40a-3-6s-4-en-1-blheli_32\/","url":"https:\/\/iha-race.com\/de\/producto\/esc-hobbywing-xrotor-40a-3-6s-4-en-1-blheli_32\/","name":"ESC Hobbywing XRotor 40A 3-6S 4 in 1 BLHeli_32 (20X20) - Iha Race","isPartOf":{"@id":"https:\/\/iha-race.com\/de\/#website"},"primaryImageOfPage":{"@id":"https:\/\/iha-race.com\/de\/producto\/esc-hobbywing-xrotor-40a-3-6s-4-en-1-blheli_32\/#primaryimage"},"image":{"@id":"https:\/\/iha-race.com\/de\/producto\/esc-hobbywing-xrotor-40a-3-6s-4-en-1-blheli_32\/#primaryimage"},"thumbnailUrl":"https:\/\/iha-race.com\/wp-content\/uploads\/2020\/03\/ESC-Hobbywing-XRotor-40A-3-6S-4-en-1-BLHeli_32.jpg","datePublished":"2020-03-13T18:08:44+00:00","dateModified":"2024-08-29T14:09:26+00:00","breadcrumb":{"@id":"https:\/\/iha-race.com\/de\/producto\/esc-hobbywing-xrotor-40a-3-6s-4-en-1-blheli_32\/#breadcrumb"},"inLanguage":"de","potentialAction":[{"@type":"ReadAction","target":["https:\/\/iha-race.com\/de\/producto\/esc-hobbywing-xrotor-40a-3-6s-4-en-1-blheli_32\/"]}]},{"@type":"ImageObject","inLanguage":"de","@id":"https:\/\/iha-race.com\/de\/producto\/esc-hobbywing-xrotor-40a-3-6s-4-en-1-blheli_32\/#primaryimage","url":"https:\/\/iha-race.com\/wp-content\/uploads\/2020\/03\/ESC-Hobbywing-XRotor-40A-3-6S-4-en-1-BLHeli_32.jpg","contentUrl":"https:\/\/iha-race.com\/wp-content\/uploads\/2020\/03\/ESC-Hobbywing-XRotor-40A-3-6S-4-en-1-BLHeli_32.jpg","width":1000,"height":1000},{"@type":"BreadcrumbList","@id":"https:\/\/iha-race.com\/de\/producto\/esc-hobbywing-xrotor-40a-3-6s-4-en-1-blheli_32\/#breadcrumb","itemListElement":[{"@type":"ListItem","position":1,"name":"Portada","item":"https:\/\/iha-race.com\/de\/elementor-499\/"},{"@type":"ListItem","position":2,"name":"Shop","item":"https:\/\/iha-race.com\/de\/shop\/"},{"@type":"ListItem","position":3,"name":"ESC Hobbywing XRotor 40A 3-6S 4 in 1 BLHeli_32 (20X20)"}]},{"@type":"WebSite","@id":"https:\/\/iha-race.com\/de\/#website","url":"https:\/\/iha-race.com\/de\/","name":"Iha Race","description":"Comprar drones de carreras FPV env\u00edos en un d\u00eda desde Espa\u00f1a","publisher":{"@id":"https:\/\/iha-race.com\/de\/#organization"},"potentialAction":[{"@type":"SearchAction","target":{"@type":"EntryPoint","urlTemplate":"https:\/\/iha-race.com\/de\/?s={search_term_string}"},"query-input":{"@type":"PropertyValueSpecification","valueRequired":true,"valueName":"search_term_string"}}],"inLanguage":"de"},{"@type":"Organization","@id":"https:\/\/iha-race.com\/de\/#organization","name":"Iha Race","url":"https:\/\/iha-race.com\/de\/","logo":{"@type":"ImageObject","inLanguage":"de","@id":"https:\/\/iha-race.com\/de\/#\/schema\/logo\/image\/","url":"https:\/\/iha-race.com\/wp-content\/uploads\/2018\/07\/iha-race-drones-de-carreras-tienda-comprar-drones.png","contentUrl":"https:\/\/iha-race.com\/wp-content\/uploads\/2018\/07\/iha-race-drones-de-carreras-tienda-comprar-drones.png","width":300,"height":100,"caption":"Iha Race"},"image":{"@id":"https:\/\/iha-race.com\/de\/#\/schema\/logo\/image\/"}}]}},"jetpack_sharing_enabled":true,"brands":[],"_links":{"self":[{"href":"https:\/\/iha-race.com\/de\/wp-json\/wp\/v2\/product\/208257","targetHints":{"allow":["GET"]}}],"collection":[{"href":"https:\/\/iha-race.com\/de\/wp-json\/wp\/v2\/product"}],"about":[{"href":"https:\/\/iha-race.com\/de\/wp-json\/wp\/v2\/types\/product"}],"replies":[{"embeddable":true,"href":"https:\/\/iha-race.com\/de\/wp-json\/wp\/v2\/comments?post=208257"}],"version-history":[{"count":2,"href":"https:\/\/iha-race.com\/de\/wp-json\/wp\/v2\/product\/208257\/revisions"}],"predecessor-version":[{"id":249993,"href":"https:\/\/iha-race.com\/de\/wp-json\/wp\/v2\/product\/208257\/revisions\/249993"}],"wp:featuredmedia":[{"embeddable":true,"href":"https:\/\/iha-race.com\/de\/wp-json\/wp\/v2\/media\/126507"}],"wp:attachment":[{"href":"https:\/\/iha-race.com\/de\/wp-json\/wp\/v2\/media?parent=208257"}],"wp:term":[{"taxonomy":"pwb-brand","embeddable":true,"href":"https:\/\/iha-race.com\/de\/wp-json\/wp\/v2\/pwb-brand?post=208257"},{"taxonomy":"product_cat","embeddable":true,"href":"https:\/\/iha-race.com\/de\/wp-json\/wp\/v2\/product_cat?post=208257"},{"taxonomy":"product_tag","embeddable":true,"href":"https:\/\/iha-race.com\/de\/wp-json\/wp\/v2\/product_tag?post=208257"}],"curies":[{"name":"wp","href":"https:\/\/api.w.org\/{rel}","templated":true}]}}