{"id":208256,"date":"2020-05-04T22:25:54","date_gmt":"2020-05-04T20:25:54","guid":{"rendered":"https:\/\/iha-race.com\/producto\/2s-stecker-fuer-whoop-2-stueck\/"},"modified":"2024-08-29T16:08:23","modified_gmt":"2024-08-29T14:08:23","slug":"verbinder-2s-fur-reifen-2-stucke","status":"publish","type":"product","link":"https:\/\/iha-race.com\/de\/producto\/verbinder-2s-fur-reifen-2-stucke\/","title":{"rendered":"2S Stecker f\u00fcr Whoop (2 St\u00fcck)"},"content":{"rendered":"<h2>2S Stecker f\u00fcr Whoop (2 St\u00fcck)<\/h2>\n<p>  Dieses Kabel mit zwei Anschl\u00fcssen ist nur f\u00fcr 2S-Drohnen geeignet. Daher k\u00f6nnen die Piloten die gleichen 1S-Akkus verwenden, um die Beta65X oder Beta75X zu fliegen. Wie unten dargestellt.  &nbsp;<\/p>\n<p><img fetchpriority=\"high\" decoding=\"async\" class=\"size-full wp-image-48231\" src=\"https:\/\/iha-race.com\/wp-content\/uploads\/2020\/05\/Captura-de-pantalla-2020-05-04-a-las-22.22.10.png\" alt=\"2S Stecker f\u00fcr Whoop (2 St\u00fcck)\" width=\"802\" height=\"540\" srcset=\"https:\/\/iha-race.com\/wp-content\/uploads\/2020\/05\/Captura-de-pantalla-2020-05-04-a-las-22.22.10.png 802w, https:\/\/iha-race.com\/wp-content\/uploads\/2020\/05\/Captura-de-pantalla-2020-05-04-a-las-22.22.10-599x403.png 599w, https:\/\/iha-race.com\/wp-content\/uploads\/2020\/05\/Captura-de-pantalla-2020-05-04-a-las-22.22.10-300x202.png 300w, https:\/\/iha-race.com\/wp-content\/uploads\/2020\/05\/Captura-de-pantalla-2020-05-04-a-las-22.22.10-1024x689.png 1024w, https:\/\/iha-race.com\/wp-content\/uploads\/2020\/05\/Captura-de-pantalla-2020-05-04-a-las-22.22.10-768x517.png 768w, https:\/\/iha-race.com\/wp-content\/uploads\/2020\/05\/Captura-de-pantalla-2020-05-04-a-las-22.22.10-1536x1034.png 1536w, https:\/\/iha-race.com\/wp-content\/uploads\/2020\/05\/Captura-de-pantalla-2020-05-04-a-las-22.22.10-2048x1379.png 2048w, https:\/\/iha-race.com\/wp-content\/uploads\/2020\/05\/Captura-de-pantalla-2020-05-04-a-las-22.22.10-788x530.png 788w\" sizes=\"(max-width: 802px) 100vw, 802px\" \/><\/p>\n<p>&nbsp;<\/p>\n<figure id=\"attachment_122653\" aria-describedby=\"caption-attachment-122653\" style=\"width: 617px\" class=\"wp-caption aligncenter\"><img decoding=\"async\" class=\"size-full wp-image-48232\" src=\"https:\/\/iha-race.com\/wp-content\/uploads\/2020\/05\/Captura-de-pantalla-2020-05-04-a-las-22.22.22.png\" alt=\"2S Stecker f\u00fcr Whoop (2 St\u00fcck)\" width=\"617\" height=\"369\" srcset=\"https:\/\/iha-race.com\/wp-content\/uploads\/2020\/05\/Captura-de-pantalla-2020-05-04-a-las-22.22.22.png 617w, https:\/\/iha-race.com\/wp-content\/uploads\/2020\/05\/Captura-de-pantalla-2020-05-04-a-las-22.22.22-599x358.png 599w, https:\/\/iha-race.com\/wp-content\/uploads\/2020\/05\/Captura-de-pantalla-2020-05-04-a-las-22.22.22-300x179.png 300w, https:\/\/iha-race.com\/wp-content\/uploads\/2020\/05\/Captura-de-pantalla-2020-05-04-a-las-22.22.22-1024x612.png 1024w, https:\/\/iha-race.com\/wp-content\/uploads\/2020\/05\/Captura-de-pantalla-2020-05-04-a-las-22.22.22-767x459.png 767w, https:\/\/iha-race.com\/wp-content\/uploads\/2020\/05\/Captura-de-pantalla-2020-05-04-a-las-22.22.22-1536x919.png 1536w, https:\/\/iha-race.com\/wp-content\/uploads\/2020\/05\/Captura-de-pantalla-2020-05-04-a-las-22.22.22-2048x1225.png 2048w, https:\/\/iha-race.com\/wp-content\/uploads\/2020\/05\/Captura-de-pantalla-2020-05-04-a-las-22.22.22-788x471.png 788w\" sizes=\"(max-width: 617px) 100vw, 617px\" \/><figcaption id=\"caption-attachment-122653\" class=\"wp-caption-text\">2S Stecker f\u00fcr Whoop (2 St\u00fcck)<\/figcaption><\/figure>\n","protected":false},"excerpt":{"rendered":"<p>2S Stecker f\u00fcr Whoop (2 St\u00fcck) Dieses Kabel mit zwei Anschl\u00fcssen ist nur f\u00fcr 2S-Drohnen geeignet. Daher k\u00f6nnen die Piloten die gleichen 1S-Akkus verwenden, um die Beta65X oder Beta75X zu<\/p>\n","protected":false},"featured_media":122654,"comment_status":"open","ping_status":"closed","template":"","meta":{"_joinchat":[]},"pwb-brand":[],"product_cat":[2515,2513],"product_tag":[],"class_list":{"0":"post-208256","1":"product","2":"type-product","3":"status-publish","4":"has-post-thumbnail","6":"product_cat-steckverbinder","7":"product_cat-zubehor","9":"first","10":"instock","11":"taxable","12":"shipping-taxable","13":"purchasable","14":"product-type-simple"},"barcode":null,"atum_controlled":true,"out_stock_date":null,"out_stock_threshold":null,"inheritable":false,"stock_on_hold":0,"sold_today":0,"sales_last_days":0,"out_stock_days":0,"lost_sales":0,"update_date":"2026-04-27T19:56:07","atum_locations":[],"atum_stock_status":"instock","restock_status":false,"low_stock_amount":"","sales_update_date":"2026-04-27T19:56:07","calc_backorders":null,"yoast_head":"<!-- This site is optimized with the Yoast SEO plugin v27.3 - https:\/\/yoast.com\/product\/yoast-seo-wordpress\/ -->\n<title>2S Stecker f\u00fcr Whoop (2 St\u00fcck) - Iha Race<\/title>\n<meta name=\"robots\" content=\"index, follow, max-snippet:-1, max-image-preview:large, max-video-preview:-1\" \/>\n<link rel=\"canonical\" href=\"https:\/\/iha-race.com\/de\/producto\/verbinder-2s-fur-reifen-2-stucke\/\" \/>\n<meta property=\"og:locale\" content=\"de_DE\" \/>\n<meta property=\"og:type\" content=\"article\" \/>\n<meta property=\"og:title\" content=\"2S Stecker f\u00fcr Whoop (2 St\u00fcck) - Iha Race\" \/>\n<meta property=\"og:description\" content=\"2S Stecker f\u00fcr Whoop (2 St\u00fcck) Dieses Kabel mit zwei Anschl\u00fcssen ist nur f\u00fcr 2S-Drohnen geeignet. Daher k\u00f6nnen die Piloten die gleichen 1S-Akkus verwenden, um die Beta65X oder Beta75X zu\" \/>\n<meta property=\"og:url\" content=\"https:\/\/iha-race.com\/de\/producto\/verbinder-2s-fur-reifen-2-stucke\/\" \/>\n<meta property=\"og:site_name\" content=\"Iha Race\" \/>\n<meta property=\"article:modified_time\" content=\"2024-08-29T14:08:23+00:00\" \/>\n<meta property=\"og:image\" content=\"https:\/\/iha-race.com\/wp-content\/uploads\/2020\/05\/Captura-de-pantalla-2020-05-04-a-las-22.20.58.png\" \/>\n\t<meta property=\"og:image:width\" content=\"560\" \/>\n\t<meta property=\"og:image:height\" content=\"544\" \/>\n\t<meta property=\"og:image:type\" content=\"image\/png\" \/>\n<meta name=\"twitter:card\" content=\"summary_large_image\" \/>\n<script type=\"application\/ld+json\" class=\"yoast-schema-graph\">{\"@context\":\"https:\\\/\\\/schema.org\",\"@graph\":[{\"@type\":\"WebPage\",\"@id\":\"https:\\\/\\\/iha-race.com\\\/de\\\/producto\\\/verbinder-2s-fur-reifen-2-stucke\\\/\",\"url\":\"https:\\\/\\\/iha-race.com\\\/de\\\/producto\\\/verbinder-2s-fur-reifen-2-stucke\\\/\",\"name\":\"2S Stecker f\u00fcr Whoop (2 St\u00fcck) - Iha Race\",\"isPartOf\":{\"@id\":\"https:\\\/\\\/iha-race.com\\\/de\\\/#website\"},\"primaryImageOfPage\":{\"@id\":\"https:\\\/\\\/iha-race.com\\\/de\\\/producto\\\/verbinder-2s-fur-reifen-2-stucke\\\/#primaryimage\"},\"image\":{\"@id\":\"https:\\\/\\\/iha-race.com\\\/de\\\/producto\\\/verbinder-2s-fur-reifen-2-stucke\\\/#primaryimage\"},\"thumbnailUrl\":\"https:\\\/\\\/iha-race.com\\\/wp-content\\\/uploads\\\/2020\\\/05\\\/Captura-de-pantalla-2020-05-04-a-las-22.20.58.png\",\"datePublished\":\"2020-05-04T20:25:54+00:00\",\"dateModified\":\"2024-08-29T14:08:23+00:00\",\"breadcrumb\":{\"@id\":\"https:\\\/\\\/iha-race.com\\\/de\\\/producto\\\/verbinder-2s-fur-reifen-2-stucke\\\/#breadcrumb\"},\"inLanguage\":\"de\",\"potentialAction\":[{\"@type\":\"ReadAction\",\"target\":[\"https:\\\/\\\/iha-race.com\\\/de\\\/producto\\\/verbinder-2s-fur-reifen-2-stucke\\\/\"]}]},{\"@type\":\"ImageObject\",\"inLanguage\":\"de\",\"@id\":\"https:\\\/\\\/iha-race.com\\\/de\\\/producto\\\/verbinder-2s-fur-reifen-2-stucke\\\/#primaryimage\",\"url\":\"https:\\\/\\\/iha-race.com\\\/wp-content\\\/uploads\\\/2020\\\/05\\\/Captura-de-pantalla-2020-05-04-a-las-22.20.58.png\",\"contentUrl\":\"https:\\\/\\\/iha-race.com\\\/wp-content\\\/uploads\\\/2020\\\/05\\\/Captura-de-pantalla-2020-05-04-a-las-22.20.58.png\",\"width\":560,\"height\":544,\"caption\":\"Conector 2S para Whoop (2 piezas)\"},{\"@type\":\"BreadcrumbList\",\"@id\":\"https:\\\/\\\/iha-race.com\\\/de\\\/producto\\\/verbinder-2s-fur-reifen-2-stucke\\\/#breadcrumb\",\"itemListElement\":[{\"@type\":\"ListItem\",\"position\":1,\"name\":\"Portada\",\"item\":\"https:\\\/\\\/iha-race.com\\\/de\\\/elementor-499\\\/\"},{\"@type\":\"ListItem\",\"position\":2,\"name\":\"Shop\",\"item\":\"https:\\\/\\\/iha-race.com\\\/de\\\/shop\\\/\"},{\"@type\":\"ListItem\",\"position\":3,\"name\":\"2S Stecker f\u00fcr Whoop (2 St\u00fcck)\"}]},{\"@type\":\"WebSite\",\"@id\":\"https:\\\/\\\/iha-race.com\\\/de\\\/#website\",\"url\":\"https:\\\/\\\/iha-race.com\\\/de\\\/\",\"name\":\"Iha Race\",\"description\":\"Comprar drones de carreras FPV env\u00edos en un d\u00eda desde Espa\u00f1a\",\"publisher\":{\"@id\":\"https:\\\/\\\/iha-race.com\\\/de\\\/#organization\"},\"potentialAction\":[{\"@type\":\"SearchAction\",\"target\":{\"@type\":\"EntryPoint\",\"urlTemplate\":\"https:\\\/\\\/iha-race.com\\\/de\\\/?s={search_term_string}\"},\"query-input\":{\"@type\":\"PropertyValueSpecification\",\"valueRequired\":true,\"valueName\":\"search_term_string\"}}],\"inLanguage\":\"de\"},{\"@type\":\"Organization\",\"@id\":\"https:\\\/\\\/iha-race.com\\\/de\\\/#organization\",\"name\":\"Iha Race\",\"url\":\"https:\\\/\\\/iha-race.com\\\/de\\\/\",\"logo\":{\"@type\":\"ImageObject\",\"inLanguage\":\"de\",\"@id\":\"https:\\\/\\\/iha-race.com\\\/de\\\/#\\\/schema\\\/logo\\\/image\\\/\",\"url\":\"https:\\\/\\\/iha-race.com\\\/wp-content\\\/uploads\\\/2018\\\/07\\\/iha-race-drones-de-carreras-tienda-comprar-drones.png\",\"contentUrl\":\"https:\\\/\\\/iha-race.com\\\/wp-content\\\/uploads\\\/2018\\\/07\\\/iha-race-drones-de-carreras-tienda-comprar-drones.png\",\"width\":300,\"height\":100,\"caption\":\"Iha Race\"},\"image\":{\"@id\":\"https:\\\/\\\/iha-race.com\\\/de\\\/#\\\/schema\\\/logo\\\/image\\\/\"}}]}<\/script>\n<!-- \/ Yoast SEO plugin. -->","yoast_head_json":{"title":"2S Stecker f\u00fcr Whoop (2 St\u00fcck) - Iha Race","robots":{"index":"index","follow":"follow","max-snippet":"max-snippet:-1","max-image-preview":"max-image-preview:large","max-video-preview":"max-video-preview:-1"},"canonical":"https:\/\/iha-race.com\/de\/producto\/verbinder-2s-fur-reifen-2-stucke\/","og_locale":"de_DE","og_type":"article","og_title":"2S Stecker f\u00fcr Whoop (2 St\u00fcck) - Iha Race","og_description":"2S Stecker f\u00fcr Whoop (2 St\u00fcck) Dieses Kabel mit zwei Anschl\u00fcssen ist nur f\u00fcr 2S-Drohnen geeignet. Daher k\u00f6nnen die Piloten die gleichen 1S-Akkus verwenden, um die Beta65X oder Beta75X zu","og_url":"https:\/\/iha-race.com\/de\/producto\/verbinder-2s-fur-reifen-2-stucke\/","og_site_name":"Iha Race","article_modified_time":"2024-08-29T14:08:23+00:00","og_image":[{"width":560,"height":544,"url":"https:\/\/iha-race.com\/wp-content\/uploads\/2020\/05\/Captura-de-pantalla-2020-05-04-a-las-22.20.58.png","type":"image\/png"}],"twitter_card":"summary_large_image","schema":{"@context":"https:\/\/schema.org","@graph":[{"@type":"WebPage","@id":"https:\/\/iha-race.com\/de\/producto\/verbinder-2s-fur-reifen-2-stucke\/","url":"https:\/\/iha-race.com\/de\/producto\/verbinder-2s-fur-reifen-2-stucke\/","name":"2S Stecker f\u00fcr Whoop (2 St\u00fcck) - Iha Race","isPartOf":{"@id":"https:\/\/iha-race.com\/de\/#website"},"primaryImageOfPage":{"@id":"https:\/\/iha-race.com\/de\/producto\/verbinder-2s-fur-reifen-2-stucke\/#primaryimage"},"image":{"@id":"https:\/\/iha-race.com\/de\/producto\/verbinder-2s-fur-reifen-2-stucke\/#primaryimage"},"thumbnailUrl":"https:\/\/iha-race.com\/wp-content\/uploads\/2020\/05\/Captura-de-pantalla-2020-05-04-a-las-22.20.58.png","datePublished":"2020-05-04T20:25:54+00:00","dateModified":"2024-08-29T14:08:23+00:00","breadcrumb":{"@id":"https:\/\/iha-race.com\/de\/producto\/verbinder-2s-fur-reifen-2-stucke\/#breadcrumb"},"inLanguage":"de","potentialAction":[{"@type":"ReadAction","target":["https:\/\/iha-race.com\/de\/producto\/verbinder-2s-fur-reifen-2-stucke\/"]}]},{"@type":"ImageObject","inLanguage":"de","@id":"https:\/\/iha-race.com\/de\/producto\/verbinder-2s-fur-reifen-2-stucke\/#primaryimage","url":"https:\/\/iha-race.com\/wp-content\/uploads\/2020\/05\/Captura-de-pantalla-2020-05-04-a-las-22.20.58.png","contentUrl":"https:\/\/iha-race.com\/wp-content\/uploads\/2020\/05\/Captura-de-pantalla-2020-05-04-a-las-22.20.58.png","width":560,"height":544,"caption":"Conector 2S para Whoop (2 piezas)"},{"@type":"BreadcrumbList","@id":"https:\/\/iha-race.com\/de\/producto\/verbinder-2s-fur-reifen-2-stucke\/#breadcrumb","itemListElement":[{"@type":"ListItem","position":1,"name":"Portada","item":"https:\/\/iha-race.com\/de\/elementor-499\/"},{"@type":"ListItem","position":2,"name":"Shop","item":"https:\/\/iha-race.com\/de\/shop\/"},{"@type":"ListItem","position":3,"name":"2S Stecker f\u00fcr Whoop (2 St\u00fcck)"}]},{"@type":"WebSite","@id":"https:\/\/iha-race.com\/de\/#website","url":"https:\/\/iha-race.com\/de\/","name":"Iha Race","description":"Comprar drones de carreras FPV env\u00edos en un d\u00eda desde Espa\u00f1a","publisher":{"@id":"https:\/\/iha-race.com\/de\/#organization"},"potentialAction":[{"@type":"SearchAction","target":{"@type":"EntryPoint","urlTemplate":"https:\/\/iha-race.com\/de\/?s={search_term_string}"},"query-input":{"@type":"PropertyValueSpecification","valueRequired":true,"valueName":"search_term_string"}}],"inLanguage":"de"},{"@type":"Organization","@id":"https:\/\/iha-race.com\/de\/#organization","name":"Iha Race","url":"https:\/\/iha-race.com\/de\/","logo":{"@type":"ImageObject","inLanguage":"de","@id":"https:\/\/iha-race.com\/de\/#\/schema\/logo\/image\/","url":"https:\/\/iha-race.com\/wp-content\/uploads\/2018\/07\/iha-race-drones-de-carreras-tienda-comprar-drones.png","contentUrl":"https:\/\/iha-race.com\/wp-content\/uploads\/2018\/07\/iha-race-drones-de-carreras-tienda-comprar-drones.png","width":300,"height":100,"caption":"Iha Race"},"image":{"@id":"https:\/\/iha-race.com\/de\/#\/schema\/logo\/image\/"}}]}},"jetpack_sharing_enabled":true,"brands":[],"_links":{"self":[{"href":"https:\/\/iha-race.com\/de\/wp-json\/wp\/v2\/product\/208256","targetHints":{"allow":["GET"]}}],"collection":[{"href":"https:\/\/iha-race.com\/de\/wp-json\/wp\/v2\/product"}],"about":[{"href":"https:\/\/iha-race.com\/de\/wp-json\/wp\/v2\/types\/product"}],"replies":[{"embeddable":true,"href":"https:\/\/iha-race.com\/de\/wp-json\/wp\/v2\/comments?post=208256"}],"version-history":[{"count":2,"href":"https:\/\/iha-race.com\/de\/wp-json\/wp\/v2\/product\/208256\/revisions"}],"predecessor-version":[{"id":249969,"href":"https:\/\/iha-race.com\/de\/wp-json\/wp\/v2\/product\/208256\/revisions\/249969"}],"wp:featuredmedia":[{"embeddable":true,"href":"https:\/\/iha-race.com\/de\/wp-json\/wp\/v2\/media\/122654"}],"wp:attachment":[{"href":"https:\/\/iha-race.com\/de\/wp-json\/wp\/v2\/media?parent=208256"}],"wp:term":[{"taxonomy":"pwb-brand","embeddable":true,"href":"https:\/\/iha-race.com\/de\/wp-json\/wp\/v2\/pwb-brand?post=208256"},{"taxonomy":"product_cat","embeddable":true,"href":"https:\/\/iha-race.com\/de\/wp-json\/wp\/v2\/product_cat?post=208256"},{"taxonomy":"product_tag","embeddable":true,"href":"https:\/\/iha-race.com\/de\/wp-json\/wp\/v2\/product_tag?post=208256"}],"curies":[{"name":"wp","href":"https:\/\/api.w.org\/{rel}","templated":true}]}}