{"id":208253,"date":"2020-06-16T12:04:02","date_gmt":"2020-06-16T10:04:02","guid":{"rendered":"https:\/\/iha-race.com\/producto\/betafpv-1s-lipo-lihv-board-ladegeraet-ph2-0-anschluss\/"},"modified":"2024-08-29T16:06:03","modified_gmt":"2024-08-29T14:06:03","slug":"ladegerat-tabler-betafpv-1s-lipo-lihv-anschluss-ph2-0","status":"publish","type":"product","link":"https:\/\/iha-race.com\/de\/producto\/ladegerat-tabler-betafpv-1s-lipo-lihv-anschluss-ph2-0\/","title":{"rendered":"BetaFPV 1S Lipo LiHV Board Ladeger\u00e4t PH2.0 Anschluss"},"content":{"rendered":"<h2>BetaFPV 1S Lipo LiHV Board Ladeger\u00e4t PH2.0 Anschluss<\/h2>\n<p>  Mit diesem Ladeger\u00e4t k\u00f6nnen Sie Ihr Modellflugzeug, Ihre Drohne oder Ihren Quadcopter ganz einfach vor Ort aufladen! Nehmen Sie einfach einen beliebigen 3s oder 4s Lipo mit einem XT60-Anschluss und schlie\u00dfen Sie ihn an dieses Ladeger\u00e4t an, um Dutzende von 1s-Packs zu laden. Sie k\u00f6nnen auch einen Wandadapter als Stromquelle f\u00fcr kontinuierliches Aufladen zu Hause verwenden. Sobald Sie mit einem 3s oder 4s Akku versorgt sind, schlie\u00dfen Sie einfach Ihre 1s Akkus an das Ladeger\u00e4t an, um den Ladevorgang zu starten. Wenn Sie einen entladenen 1s-Akku an das Ladeger\u00e4t anschlie\u00dfen, leuchtet die LED an den entsprechenden Anschl\u00fcssen rot, bis der Akku vollst\u00e4ndig geladen ist. Sobald der Akku geladen ist, leuchtet die LED gr\u00fcn und Sie k\u00f6nnen den 1s-Akku entfernen und fliegen. Hier ist ein Bericht \u00fcber diesen Artikel von C Ray Tech. https:\/\/youtu.be\/I_dKc-RZCko<\/p>\n<h2>Karikatur<\/h2>\n<ul>\n<li>Laden Sie gleichzeitig Lipo 1S (4,2V) und Lipo HV (4,35V) Akkus auf demselben Board mit einem w\u00e4hlbaren Schalter.<\/li>\n<li>XT60-Eingang (3s oder 4s) f\u00fcr die Aufladung vor Ort. Mit der Picoblade 1.25 oder dem JST PH2.0 Netzstecker k\u00f6nnen Sie bis zu 6 Akkus gleichzeitig laden. Individuelle Aufladung pro Anschluss, nicht parallel.<\/li>\n<li>Schaltet sich automatisch ab, wenn die Versorgungsbatterie eine sichere Unterspannung erreicht. 2 BEC-Kan\u00e4le f\u00fcr Versorgungsstrom. 400 mAh Strom pro Ladeanschluss.<\/li>\n<li>LED-Leuchten zeigen an, wann die einzelnen Batterien geladen sind.<\/li>\n<\/ul>\n<p><img decoding=\"async\" src=\"https:\/\/cdn.shopify.com\/s\/files\/1\/1778\/6615\/files\/3_5cad1d55-f217-410a-81b5-b8ed1aed0559_grande.png?v=1495422982\" alt=\"\"><\/p>\n<h2>Spezifikation<\/h2>\n<ul>\n<li>Gewicht: 36g<\/li>\n<li>Abmessungen: 75x42x17mm<\/li>\n<li>Eingang: 3s &#8211; 4s w\u00e4hlbar<\/li>\n<li>Abschaltspannung: 10.8v (3s), 14.4v (4s)<\/li>\n<li>Leistung: fest eingestellt auf ca. 400 Milliampere<\/li>\n<li>4.20v Zelllastabschaltung f\u00fcr Lipo-Akku (+ &#8211; 0.5% Fehlermarge)<\/li>\n<li>4.35v Zell-Ladeabschaltung f\u00fcr Lipo HV-Akku (+ &#8211; 0.5% Fehlermarge)<\/li>\n<li>Optionaler AC-Netzadapter<\/li>\n<\/ul>\n<p><strong>Hinweis: <\/strong>Die Ports sind von 1 bis 6 nummeriert. Legen Sie nicht mehr als eine Batterie in einen einzigen Anschluss ein. Zum Beispiel: Stecken Sie nicht einen Akku in die Picoblade 1.25-Buchse und einen anderen in den gleichen Anschluss mit der PH 2.0-Buchse.  <img decoding=\"async\" src=\"https:\/\/cdn.shopify.com\/s\/files\/1\/1778\/6615\/files\/6_grande.png?v=1495423095\" alt=\"\"><\/p>\n<h2>AC-Netzadapter<\/h2>\n<p>  Wenn Sie keine XT60-Batterie haben, ist der XT60 AC\/DC-Netzadapter die beste Wahl f\u00fcr Sie.  <img decoding=\"async\" src=\"https:\/\/cdn.shopify.com\/s\/files\/1\/1778\/6615\/files\/1_be32fc6b-7582-4441-8e98-bd4a95760d75_600x600.png?v=1576748709\" alt=\"\"><\/p>\n<h2>Paket<\/h2>\n<ul>\n<li>1 * PH2.0 Anschluss 1S Lipo LiHV Ladeger\u00e4t Board<\/li>\n<\/ul>\n","protected":false},"excerpt":{"rendered":"<p>BetaFPV 1S Lipo LiHV Board Ladeger\u00e4t PH2.0 Anschluss Mit diesem Ladeger\u00e4t k\u00f6nnen Sie Ihr Modellflugzeug, Ihre Drohne oder Ihren Quadcopter ganz einfach vor Ort aufladen! Nehmen Sie einfach einen beliebigen<\/p>\n","protected":false},"featured_media":122844,"comment_status":"open","ping_status":"closed","template":"","meta":{"_joinchat":[]},"pwb-brand":[],"product_cat":[2505],"product_tag":[],"class_list":{"0":"post-208253","1":"product","2":"type-product","3":"status-publish","4":"has-post-thumbnail","6":"product_cat-ladegerate-de","8":"first","9":"instock","10":"taxable","11":"shipping-taxable","12":"purchasable","13":"product-type-simple"},"barcode":null,"atum_controlled":true,"out_stock_date":null,"out_stock_threshold":null,"inheritable":false,"stock_on_hold":0,"sold_today":0,"sales_last_days":0,"out_stock_days":0,"lost_sales":0,"update_date":"2026-04-18T09:22:03","atum_locations":[],"atum_stock_status":"instock","restock_status":false,"low_stock_amount":"","sales_update_date":"2026-04-18T09:22:03","calc_backorders":null,"yoast_head":"<!-- This site is optimized with the Yoast SEO plugin v27.3 - https:\/\/yoast.com\/product\/yoast-seo-wordpress\/ -->\n<title>BetaFPV 1S Lipo LiHV Board Ladeger\u00e4t PH2.0 Anschluss - Iha Race<\/title>\n<meta name=\"robots\" content=\"index, follow, max-snippet:-1, max-image-preview:large, max-video-preview:-1\" \/>\n<link rel=\"canonical\" href=\"https:\/\/iha-race.com\/de\/producto\/ladegerat-tabler-betafpv-1s-lipo-lihv-anschluss-ph2-0\/\" \/>\n<meta property=\"og:locale\" content=\"de_DE\" \/>\n<meta property=\"og:type\" content=\"article\" \/>\n<meta property=\"og:title\" content=\"BetaFPV 1S Lipo LiHV Board Ladeger\u00e4t PH2.0 Anschluss - Iha Race\" \/>\n<meta property=\"og:description\" content=\"BetaFPV 1S Lipo LiHV Board Ladeger\u00e4t PH2.0 Anschluss Mit diesem Ladeger\u00e4t k\u00f6nnen Sie Ihr Modellflugzeug, Ihre Drohne oder Ihren Quadcopter ganz einfach vor Ort aufladen! Nehmen Sie einfach einen beliebigen\" \/>\n<meta property=\"og:url\" content=\"https:\/\/iha-race.com\/de\/producto\/ladegerat-tabler-betafpv-1s-lipo-lihv-anschluss-ph2-0\/\" \/>\n<meta property=\"og:site_name\" content=\"Iha Race\" \/>\n<meta property=\"article:modified_time\" content=\"2024-08-29T14:06:03+00:00\" \/>\n<meta property=\"og:image\" content=\"https:\/\/iha-race.com\/wp-content\/uploads\/2020\/06\/Cargador-Tablero-BetaFPV-1S-Lipo-LiHV-conector-PH2.0.jpg\" \/>\n\t<meta property=\"og:image:width\" content=\"720\" \/>\n\t<meta property=\"og:image:height\" content=\"720\" \/>\n\t<meta property=\"og:image:type\" content=\"image\/jpeg\" \/>\n<meta name=\"twitter:card\" content=\"summary_large_image\" \/>\n<meta name=\"twitter:label1\" content=\"Gesch\u00e4tzte Lesezeit\" \/>\n\t<meta name=\"twitter:data1\" content=\"2\u00a0Minuten\" \/>\n<script type=\"application\/ld+json\" class=\"yoast-schema-graph\">{\"@context\":\"https:\\\/\\\/schema.org\",\"@graph\":[{\"@type\":\"WebPage\",\"@id\":\"https:\\\/\\\/iha-race.com\\\/de\\\/producto\\\/ladegerat-tabler-betafpv-1s-lipo-lihv-anschluss-ph2-0\\\/\",\"url\":\"https:\\\/\\\/iha-race.com\\\/de\\\/producto\\\/ladegerat-tabler-betafpv-1s-lipo-lihv-anschluss-ph2-0\\\/\",\"name\":\"BetaFPV 1S Lipo LiHV Board Ladeger\u00e4t PH2.0 Anschluss - Iha Race\",\"isPartOf\":{\"@id\":\"https:\\\/\\\/iha-race.com\\\/de\\\/#website\"},\"primaryImageOfPage\":{\"@id\":\"https:\\\/\\\/iha-race.com\\\/de\\\/producto\\\/ladegerat-tabler-betafpv-1s-lipo-lihv-anschluss-ph2-0\\\/#primaryimage\"},\"image\":{\"@id\":\"https:\\\/\\\/iha-race.com\\\/de\\\/producto\\\/ladegerat-tabler-betafpv-1s-lipo-lihv-anschluss-ph2-0\\\/#primaryimage\"},\"thumbnailUrl\":\"https:\\\/\\\/iha-race.com\\\/wp-content\\\/uploads\\\/2020\\\/06\\\/Cargador-Tablero-BetaFPV-1S-Lipo-LiHV-conector-PH2.0.jpg\",\"datePublished\":\"2020-06-16T10:04:02+00:00\",\"dateModified\":\"2024-08-29T14:06:03+00:00\",\"breadcrumb\":{\"@id\":\"https:\\\/\\\/iha-race.com\\\/de\\\/producto\\\/ladegerat-tabler-betafpv-1s-lipo-lihv-anschluss-ph2-0\\\/#breadcrumb\"},\"inLanguage\":\"de\",\"potentialAction\":[{\"@type\":\"ReadAction\",\"target\":[\"https:\\\/\\\/iha-race.com\\\/de\\\/producto\\\/ladegerat-tabler-betafpv-1s-lipo-lihv-anschluss-ph2-0\\\/\"]}]},{\"@type\":\"ImageObject\",\"inLanguage\":\"de\",\"@id\":\"https:\\\/\\\/iha-race.com\\\/de\\\/producto\\\/ladegerat-tabler-betafpv-1s-lipo-lihv-anschluss-ph2-0\\\/#primaryimage\",\"url\":\"https:\\\/\\\/iha-race.com\\\/wp-content\\\/uploads\\\/2020\\\/06\\\/Cargador-Tablero-BetaFPV-1S-Lipo-LiHV-conector-PH2.0.jpg\",\"contentUrl\":\"https:\\\/\\\/iha-race.com\\\/wp-content\\\/uploads\\\/2020\\\/06\\\/Cargador-Tablero-BetaFPV-1S-Lipo-LiHV-conector-PH2.0.jpg\",\"width\":720,\"height\":720,\"caption\":\"Cargador Tablero BetaFPV 1S Lipo LiHV conector PH2.0\"},{\"@type\":\"BreadcrumbList\",\"@id\":\"https:\\\/\\\/iha-race.com\\\/de\\\/producto\\\/ladegerat-tabler-betafpv-1s-lipo-lihv-anschluss-ph2-0\\\/#breadcrumb\",\"itemListElement\":[{\"@type\":\"ListItem\",\"position\":1,\"name\":\"Portada\",\"item\":\"https:\\\/\\\/iha-race.com\\\/de\\\/elementor-499\\\/\"},{\"@type\":\"ListItem\",\"position\":2,\"name\":\"Shop\",\"item\":\"https:\\\/\\\/iha-race.com\\\/de\\\/shop\\\/\"},{\"@type\":\"ListItem\",\"position\":3,\"name\":\"BetaFPV 1S Lipo LiHV Board Ladeger\u00e4t PH2.0 Anschluss\"}]},{\"@type\":\"WebSite\",\"@id\":\"https:\\\/\\\/iha-race.com\\\/de\\\/#website\",\"url\":\"https:\\\/\\\/iha-race.com\\\/de\\\/\",\"name\":\"Iha Race\",\"description\":\"Comprar drones de carreras FPV env\u00edos en un d\u00eda desde Espa\u00f1a\",\"publisher\":{\"@id\":\"https:\\\/\\\/iha-race.com\\\/de\\\/#organization\"},\"potentialAction\":[{\"@type\":\"SearchAction\",\"target\":{\"@type\":\"EntryPoint\",\"urlTemplate\":\"https:\\\/\\\/iha-race.com\\\/de\\\/?s={search_term_string}\"},\"query-input\":{\"@type\":\"PropertyValueSpecification\",\"valueRequired\":true,\"valueName\":\"search_term_string\"}}],\"inLanguage\":\"de\"},{\"@type\":\"Organization\",\"@id\":\"https:\\\/\\\/iha-race.com\\\/de\\\/#organization\",\"name\":\"Iha Race\",\"url\":\"https:\\\/\\\/iha-race.com\\\/de\\\/\",\"logo\":{\"@type\":\"ImageObject\",\"inLanguage\":\"de\",\"@id\":\"https:\\\/\\\/iha-race.com\\\/de\\\/#\\\/schema\\\/logo\\\/image\\\/\",\"url\":\"https:\\\/\\\/iha-race.com\\\/wp-content\\\/uploads\\\/2018\\\/07\\\/iha-race-drones-de-carreras-tienda-comprar-drones.png\",\"contentUrl\":\"https:\\\/\\\/iha-race.com\\\/wp-content\\\/uploads\\\/2018\\\/07\\\/iha-race-drones-de-carreras-tienda-comprar-drones.png\",\"width\":300,\"height\":100,\"caption\":\"Iha Race\"},\"image\":{\"@id\":\"https:\\\/\\\/iha-race.com\\\/de\\\/#\\\/schema\\\/logo\\\/image\\\/\"}}]}<\/script>\n<!-- \/ Yoast SEO plugin. -->","yoast_head_json":{"title":"BetaFPV 1S Lipo LiHV Board Ladeger\u00e4t PH2.0 Anschluss - Iha Race","robots":{"index":"index","follow":"follow","max-snippet":"max-snippet:-1","max-image-preview":"max-image-preview:large","max-video-preview":"max-video-preview:-1"},"canonical":"https:\/\/iha-race.com\/de\/producto\/ladegerat-tabler-betafpv-1s-lipo-lihv-anschluss-ph2-0\/","og_locale":"de_DE","og_type":"article","og_title":"BetaFPV 1S Lipo LiHV Board Ladeger\u00e4t PH2.0 Anschluss - Iha Race","og_description":"BetaFPV 1S Lipo LiHV Board Ladeger\u00e4t PH2.0 Anschluss Mit diesem Ladeger\u00e4t k\u00f6nnen Sie Ihr Modellflugzeug, Ihre Drohne oder Ihren Quadcopter ganz einfach vor Ort aufladen! Nehmen Sie einfach einen beliebigen","og_url":"https:\/\/iha-race.com\/de\/producto\/ladegerat-tabler-betafpv-1s-lipo-lihv-anschluss-ph2-0\/","og_site_name":"Iha Race","article_modified_time":"2024-08-29T14:06:03+00:00","og_image":[{"width":720,"height":720,"url":"https:\/\/iha-race.com\/wp-content\/uploads\/2020\/06\/Cargador-Tablero-BetaFPV-1S-Lipo-LiHV-conector-PH2.0.jpg","type":"image\/jpeg"}],"twitter_card":"summary_large_image","twitter_misc":{"Gesch\u00e4tzte Lesezeit":"2\u00a0Minuten"},"schema":{"@context":"https:\/\/schema.org","@graph":[{"@type":"WebPage","@id":"https:\/\/iha-race.com\/de\/producto\/ladegerat-tabler-betafpv-1s-lipo-lihv-anschluss-ph2-0\/","url":"https:\/\/iha-race.com\/de\/producto\/ladegerat-tabler-betafpv-1s-lipo-lihv-anschluss-ph2-0\/","name":"BetaFPV 1S Lipo LiHV Board Ladeger\u00e4t PH2.0 Anschluss - Iha Race","isPartOf":{"@id":"https:\/\/iha-race.com\/de\/#website"},"primaryImageOfPage":{"@id":"https:\/\/iha-race.com\/de\/producto\/ladegerat-tabler-betafpv-1s-lipo-lihv-anschluss-ph2-0\/#primaryimage"},"image":{"@id":"https:\/\/iha-race.com\/de\/producto\/ladegerat-tabler-betafpv-1s-lipo-lihv-anschluss-ph2-0\/#primaryimage"},"thumbnailUrl":"https:\/\/iha-race.com\/wp-content\/uploads\/2020\/06\/Cargador-Tablero-BetaFPV-1S-Lipo-LiHV-conector-PH2.0.jpg","datePublished":"2020-06-16T10:04:02+00:00","dateModified":"2024-08-29T14:06:03+00:00","breadcrumb":{"@id":"https:\/\/iha-race.com\/de\/producto\/ladegerat-tabler-betafpv-1s-lipo-lihv-anschluss-ph2-0\/#breadcrumb"},"inLanguage":"de","potentialAction":[{"@type":"ReadAction","target":["https:\/\/iha-race.com\/de\/producto\/ladegerat-tabler-betafpv-1s-lipo-lihv-anschluss-ph2-0\/"]}]},{"@type":"ImageObject","inLanguage":"de","@id":"https:\/\/iha-race.com\/de\/producto\/ladegerat-tabler-betafpv-1s-lipo-lihv-anschluss-ph2-0\/#primaryimage","url":"https:\/\/iha-race.com\/wp-content\/uploads\/2020\/06\/Cargador-Tablero-BetaFPV-1S-Lipo-LiHV-conector-PH2.0.jpg","contentUrl":"https:\/\/iha-race.com\/wp-content\/uploads\/2020\/06\/Cargador-Tablero-BetaFPV-1S-Lipo-LiHV-conector-PH2.0.jpg","width":720,"height":720,"caption":"Cargador Tablero BetaFPV 1S Lipo LiHV conector PH2.0"},{"@type":"BreadcrumbList","@id":"https:\/\/iha-race.com\/de\/producto\/ladegerat-tabler-betafpv-1s-lipo-lihv-anschluss-ph2-0\/#breadcrumb","itemListElement":[{"@type":"ListItem","position":1,"name":"Portada","item":"https:\/\/iha-race.com\/de\/elementor-499\/"},{"@type":"ListItem","position":2,"name":"Shop","item":"https:\/\/iha-race.com\/de\/shop\/"},{"@type":"ListItem","position":3,"name":"BetaFPV 1S Lipo LiHV Board Ladeger\u00e4t PH2.0 Anschluss"}]},{"@type":"WebSite","@id":"https:\/\/iha-race.com\/de\/#website","url":"https:\/\/iha-race.com\/de\/","name":"Iha Race","description":"Comprar drones de carreras FPV env\u00edos en un d\u00eda desde Espa\u00f1a","publisher":{"@id":"https:\/\/iha-race.com\/de\/#organization"},"potentialAction":[{"@type":"SearchAction","target":{"@type":"EntryPoint","urlTemplate":"https:\/\/iha-race.com\/de\/?s={search_term_string}"},"query-input":{"@type":"PropertyValueSpecification","valueRequired":true,"valueName":"search_term_string"}}],"inLanguage":"de"},{"@type":"Organization","@id":"https:\/\/iha-race.com\/de\/#organization","name":"Iha Race","url":"https:\/\/iha-race.com\/de\/","logo":{"@type":"ImageObject","inLanguage":"de","@id":"https:\/\/iha-race.com\/de\/#\/schema\/logo\/image\/","url":"https:\/\/iha-race.com\/wp-content\/uploads\/2018\/07\/iha-race-drones-de-carreras-tienda-comprar-drones.png","contentUrl":"https:\/\/iha-race.com\/wp-content\/uploads\/2018\/07\/iha-race-drones-de-carreras-tienda-comprar-drones.png","width":300,"height":100,"caption":"Iha Race"},"image":{"@id":"https:\/\/iha-race.com\/de\/#\/schema\/logo\/image\/"}}]}},"jetpack_sharing_enabled":true,"brands":[],"_links":{"self":[{"href":"https:\/\/iha-race.com\/de\/wp-json\/wp\/v2\/product\/208253","targetHints":{"allow":["GET"]}}],"collection":[{"href":"https:\/\/iha-race.com\/de\/wp-json\/wp\/v2\/product"}],"about":[{"href":"https:\/\/iha-race.com\/de\/wp-json\/wp\/v2\/types\/product"}],"replies":[{"embeddable":true,"href":"https:\/\/iha-race.com\/de\/wp-json\/wp\/v2\/comments?post=208253"}],"version-history":[{"count":2,"href":"https:\/\/iha-race.com\/de\/wp-json\/wp\/v2\/product\/208253\/revisions"}],"predecessor-version":[{"id":249927,"href":"https:\/\/iha-race.com\/de\/wp-json\/wp\/v2\/product\/208253\/revisions\/249927"}],"wp:featuredmedia":[{"embeddable":true,"href":"https:\/\/iha-race.com\/de\/wp-json\/wp\/v2\/media\/122844"}],"wp:attachment":[{"href":"https:\/\/iha-race.com\/de\/wp-json\/wp\/v2\/media?parent=208253"}],"wp:term":[{"taxonomy":"pwb-brand","embeddable":true,"href":"https:\/\/iha-race.com\/de\/wp-json\/wp\/v2\/pwb-brand?post=208253"},{"taxonomy":"product_cat","embeddable":true,"href":"https:\/\/iha-race.com\/de\/wp-json\/wp\/v2\/product_cat?post=208253"},{"taxonomy":"product_tag","embeddable":true,"href":"https:\/\/iha-race.com\/de\/wp-json\/wp\/v2\/product_tag?post=208253"}],"curies":[{"name":"wp","href":"https:\/\/api.w.org\/{rel}","templated":true}]}}