{"id":208241,"date":"2023-05-31T17:15:21","date_gmt":"2023-05-31T15:15:21","guid":{"rendered":"https:\/\/iha-race.com\/producto\/ladegeraet-betafpv-1s-stecker-bt2-0\/"},"modified":"2026-01-21T17:12:37","modified_gmt":"2026-01-21T16:12:37","slug":"cargador-betafpv-1s-conector-bt2-0-v-2","status":"publish","type":"product","link":"https:\/\/iha-race.com\/de\/producto\/cargador-betafpv-1s-conector-bt2-0-v-2\/","title":{"rendered":"Ladeger\u00e4t BetaFPV 1S Stecker BT2.0 V.2"},"content":{"rendered":"<h2>Ladeger\u00e4t BetaFPV 1S Stecker BT2.0<\/h2>\n<p>  Sehen Sie sich das neue BT2.0 Batterieladeger\u00e4t und den Spannungstester an. Im Vergleich zur ersten Version verwendet das V2-Ladeger\u00e4t den Typ-C-Eingang anstelle des USB-Eingangs. Das Aufladen ist nicht mehr durch den Stecker begrenzt, die Fahrer haben mehr Ladem\u00f6glichkeiten. In der Zwischenzeit hat das neue Ladeger\u00e4t das Erscheinungsbild des Designs verbessert. Das versteckte Design der elektrischen Anzeige und die Ladeanleitung sind einfach und sch\u00f6n. Dar\u00fcber hinaus ist dieses Ladeger\u00e4t  <span class=\"tlid-translation translation\" lang=\"en\"><span class=\"\" title=\"\">entwickelt f\u00fcr die Batterie der Serie BT2.0. Nicht nur ein Ladeger\u00e4t, sondern auch<\/span><\/span>  einen Zellenspannungstester!  &nbsp;<\/p>\n<p><img decoding=\"async\" src=\"https:\/\/cdn.shopifycdn.net\/s\/files\/1\/1778\/6615\/files\/8b465053d72bf33c227fa9eedfc2486b_c06eb958-a63e-4d29-9625-a99652d81fa7_1024x1024.jpg?v=1616740008\">  Sie sind sich nicht sicher, ob es sich lohnt, BT2.0 zu wechseln? Sehen Sie mehr von <a href=\"https:\/\/www.youtube.com\/watch?v=Xt0yARay6nw\" target=\"_blank\" rel=\"noopener\">Joshua Bardwells <\/a>Video Beweis (AUDIO), dass der BT2.0-Anschluss besser ist als PH 2.0. https:\/\/youtu.be\/Xt0yARay6nw<\/p>\n<h2>Eigenschaften<\/h2>\n<ul>\n<li>Speziell f\u00fcr unsere BT2.0-Serie Batterie gemacht. Es hat zwei Spannungs- und Lasttestfunktionen in einem, ist kompakt und leicht zu tragen.<\/li>\n<li>Es ist mit einem Typ-C-Eingang ausgestattet, der den USB-Eingang ersetzt. Dadurch ist das Aufladen nicht mehr durch den Stecker begrenzt, und die Fahrer k\u00f6nnen mehr Ladeoptionen nutzen.<\/li>\n<li>Das neue Ladeger\u00e4t verbessert auch das Design des Erscheinungsbildes. Mit dem versteckten Design der elektrischen Anzeige und der Ladeanleitung ist es einfach und sch\u00f6n.<\/li>\n<li>Es unterst\u00fctzt das gleichzeitige Laden von zwei Akkus, der Ladestrom betr\u00e4gt 1A, der BT2.0 300mah Akku kann in 20 Minuten vollst\u00e4ndig geladen werden, der BT2.0 450mah 1S Akku kann in 30 Minuten vollst\u00e4ndig geladen werden.<\/li>\n<\/ul>\n<h2>Status der Z\u00fcndung<\/h2>\n<ul>\n<li>OUT1\/OUT2 k\u00f6nnen gleichzeitig geladen werden<\/li>\n<li>Eingang: USB-5V\/2A<\/li>\n<li>Ausgang: 4,35V\/1A<\/li>\n<li>Rotes Licht zeigt den Ladevorgang an, gr\u00fcnes Licht die volle Ladung.<\/li>\n<\/ul>\n<h2><\/h2>\n<p><img decoding=\"async\" class=\"aligncenter\" src=\"https:\/\/cdn.shopifycdn.net\/s\/files\/1\/1778\/6615\/files\/1_f6381ee6-97ec-4cbe-bdf5-2145b4f2a974_600x600.jpg?v=1616641450\"><\/p>\n<p>&nbsp;<\/p>\n<h2>Aus-Zustand<\/h2>\n<ul>\n<li>OUT1 kann als Batterietestger\u00e4t verwendet werden, w\u00e4hrend OUT2 keine Funktion hat.<\/li>\n<\/ul>\n<p><img decoding=\"async\" class=\"aligncenter\" src=\"https:\/\/cdn.shopifycdn.net\/s\/files\/1\/1778\/6615\/files\/1f257bd61df9ddaf859acbd1eece8225_4912759b-73ec-4884-b57f-f2083e985b85_600x600.jpg?v=1616486324\"><\/p>\n<p>&nbsp;<\/p>\n<h2>Spezifikationen<\/h2>\n<ul>\n<li>Modell: Batteriespannungstester BT2.0 1S V2<\/li>\n<li>Stopfen: BT2.0<\/li>\n<li>Anschluss: Typ-C<\/li>\n<li>LCD: Wei\u00df<\/li>\n<li>Gewicht: 12,37 g<\/li>\n<li>Abmessungen: 52,7 *23,2 *14,2mm<\/li>\n<\/ul>\n<p><img decoding=\"async\" class=\"aligncenter\" src=\"https:\/\/cdn.shopifycdn.net\/s\/files\/1\/1778\/6615\/files\/f7d7c897f798fc44c391847188c3ac79_cc8c51b6-394a-47b6-a5c0-ce9e96635ae5_600x600.jpg?v=1616752757\"><\/p>\n<h2>BT2.0-Anschluss<\/h2>\n<p>  Der einzigartig gestaltete BT2.0-Anschluss von BETAFPV hat den Engpass des PH2.0-Anschlusses \u00fcberwunden. Der BT2.0-Stecker hat den Innenwiderstand des Steckers effektiv gesenkt, damit mehr Strom \u00fcbertragen werden kann. Das bedeutet, dass er 9A Dauerstrom (15A Burst) unterst\u00fctzt und damit eine st\u00e4rkere Leistung und l\u00e4ngere Flugzeit bei 1S Brushless-Drohnen bietet, w\u00e4hrend PH2.0 nur 4,5A unterst\u00fctzt.  <img decoding=\"async\" src=\"https:\/\/cdn.shopify.com\/s\/files\/1\/1778\/6615\/files\/1FB_480x480.jpg?v=1573558601\">  Es gibt eine Vergleichstabelle zwischen dem BT2.0-Anschluss und dem PH2.0-Anschluss (Solid-Pin-Version) auf dem BETAFPV 1S 300mAh Akku. Der Entladestrom betr\u00e4gt bei diesem Test 9 A. Sie k\u00f6nnen sehen, dass es mit dem BT2.0-Anschluss doppelt so lange dauert (etwa 2 Minuten).  <img decoding=\"async\" src=\"https:\/\/cdn.shopify.com\/s\/files\/1\/1778\/6615\/files\/QQ_20191112174705_1024x1024.png?v=1573552068\"><\/p>\n<p><strong>Viele weitere Zubeh\u00f6roptionen in der BT2.0-Serie.  <\/strong>  Wir wissen, dass einige Piloten Zweifel haben, wie sie mit dem alten PH2.0 1S-Akku umgehen sollen. Deshalb bieten wir Zubeh\u00f6r wie BT2.0 Power Whoop-Stecker f\u00fcr diejenigen an, die den PH2.0-Anschluss in einen BT2.0-Anschluss umwandeln m\u00f6chten.  <\/p>\n<ul>\n<li>BT2.0-Stecker (10 St\u00fcck)<\/li>\n<li>BT2.0 1S Whoop Spiralkabel<\/li>\n<li>BT2.0-PH2.0-Adapterkabel<\/li>\n<\/ul>\n<p>  Wir empfehlen dringend die folgenden Produkte mit BT2.0-Anschl\u00fcssen oder -Kabeln. BETAFPV wird in Zukunft eng mit weiteren Markenherstellern zusammenarbeiten, um den Kunden einen besseren Service und ein besseres Erlebnis zu bieten.  <\/p>\n<ul>\n<li>BT2.0 450mAh 1S Akku<\/li>\n<li>BT2.0 300mAh 1S Akku<\/li>\n<li>BT2.0 Batterieladeger\u00e4t und Spannungspr\u00fcfer<\/li>\n<li>BT2.0 Serie Quadrocopter<\/li>\n<li>6-fach 1S-Ladeger\u00e4t und Adapter<\/li>\n<li>Ladeger\u00e4te und Akkus anderer Marken mit BT2.0-Anschluss<\/li>\n<\/ul>\n<p><img decoding=\"async\" src=\"https:\/\/cdn.shopifycdn.net\/s\/files\/1\/1778\/6615\/files\/FB_95086e22-5836-4e87-95a7-3de3f811ec16_1024x1024.jpg?v=1652340406\"><\/p>\n<h2>Das Paket umfasst<\/h2>\n<ul>\n<li>1 x BT2.0 Batterieladeger\u00e4t und Spannungspr\u00fcfer V2<\/li>\n<\/ul>\n","protected":false},"excerpt":{"rendered":"<p>Ladeger\u00e4t BetaFPV 1S Stecker BT2.0 Sehen Sie sich das neue BT2.0 Batterieladeger\u00e4t und den Spannungstester an. Im Vergleich zur ersten Version verwendet das V2-Ladeger\u00e4t den Typ-C-Eingang anstelle des USB-Eingangs. Das<\/p>\n","protected":false},"featured_media":231411,"comment_status":"open","ping_status":"closed","template":"","meta":{"_joinchat":[]},"pwb-brand":[],"product_cat":[2505],"product_tag":[],"class_list":{"0":"post-208241","1":"product","2":"type-product","3":"status-publish","4":"has-post-thumbnail","6":"product_cat-ladegerate-de","8":"first","9":"instock","10":"taxable","11":"shipping-taxable","12":"purchasable","13":"product-type-simple"},"barcode":null,"atum_controlled":true,"out_stock_date":null,"out_stock_threshold":null,"inheritable":false,"stock_on_hold":0,"sold_today":0,"sales_last_days":0,"out_stock_days":0,"lost_sales":0,"update_date":"2026-04-08T16:36:51","atum_locations":[],"atum_stock_status":"instock","restock_status":false,"low_stock_amount":"","sales_update_date":"2026-04-06T09:45:28","calc_backorders":null,"yoast_head":"<!-- This site is optimized with the Yoast SEO plugin v27.3 - https:\/\/yoast.com\/product\/yoast-seo-wordpress\/ -->\n<title>Ladeger\u00e4t BetaFPV 1S Stecker BT2.0 V.2 - Iha Race<\/title>\n<meta name=\"robots\" content=\"index, follow, max-snippet:-1, max-image-preview:large, max-video-preview:-1\" \/>\n<link rel=\"canonical\" href=\"https:\/\/iha-race.com\/de\/producto\/cargador-betafpv-1s-conector-bt2-0-v-2\/\" \/>\n<meta property=\"og:locale\" content=\"de_DE\" \/>\n<meta property=\"og:type\" content=\"article\" \/>\n<meta property=\"og:title\" content=\"Ladeger\u00e4t BetaFPV 1S Stecker BT2.0 V.2 - Iha Race\" \/>\n<meta property=\"og:description\" content=\"Ladeger\u00e4t BetaFPV 1S Stecker BT2.0 Sehen Sie sich das neue BT2.0 Batterieladeger\u00e4t und den Spannungstester an. Im Vergleich zur ersten Version verwendet das V2-Ladeger\u00e4t den Typ-C-Eingang anstelle des USB-Eingangs. Das\" \/>\n<meta property=\"og:url\" content=\"https:\/\/iha-race.com\/de\/producto\/cargador-betafpv-1s-conector-bt2-0-v-2\/\" \/>\n<meta property=\"og:site_name\" content=\"Iha Race\" \/>\n<meta property=\"article:modified_time\" content=\"2026-01-21T16:12:37+00:00\" \/>\n<meta property=\"og:image\" content=\"https:\/\/iha-race.com\/wp-content\/uploads\/2020\/04\/Cargador-de-bateria-BT20-y-probador-de-voltaje-V2.webp\" \/>\n\t<meta property=\"og:image:width\" content=\"720\" \/>\n\t<meta property=\"og:image:height\" content=\"720\" \/>\n\t<meta property=\"og:image:type\" content=\"image\/webp\" \/>\n<meta name=\"twitter:card\" content=\"summary_large_image\" \/>\n<meta name=\"twitter:label1\" content=\"Gesch\u00e4tzte Lesezeit\" \/>\n\t<meta name=\"twitter:data1\" content=\"3\u00a0Minuten\" \/>\n<script type=\"application\/ld+json\" class=\"yoast-schema-graph\">{\"@context\":\"https:\\\/\\\/schema.org\",\"@graph\":[{\"@type\":\"WebPage\",\"@id\":\"https:\\\/\\\/iha-race.com\\\/de\\\/producto\\\/cargador-betafpv-1s-conector-bt2-0-v-2\\\/\",\"url\":\"https:\\\/\\\/iha-race.com\\\/de\\\/producto\\\/cargador-betafpv-1s-conector-bt2-0-v-2\\\/\",\"name\":\"Ladeger\u00e4t BetaFPV 1S Stecker BT2.0 V.2 - Iha Race\",\"isPartOf\":{\"@id\":\"https:\\\/\\\/iha-race.com\\\/de\\\/#website\"},\"primaryImageOfPage\":{\"@id\":\"https:\\\/\\\/iha-race.com\\\/de\\\/producto\\\/cargador-betafpv-1s-conector-bt2-0-v-2\\\/#primaryimage\"},\"image\":{\"@id\":\"https:\\\/\\\/iha-race.com\\\/de\\\/producto\\\/cargador-betafpv-1s-conector-bt2-0-v-2\\\/#primaryimage\"},\"thumbnailUrl\":\"https:\\\/\\\/iha-race.com\\\/wp-content\\\/uploads\\\/2020\\\/04\\\/Cargador-de-bateria-BT20-y-probador-de-voltaje-V2.webp\",\"datePublished\":\"2023-05-31T15:15:21+00:00\",\"dateModified\":\"2026-01-21T16:12:37+00:00\",\"breadcrumb\":{\"@id\":\"https:\\\/\\\/iha-race.com\\\/de\\\/producto\\\/cargador-betafpv-1s-conector-bt2-0-v-2\\\/#breadcrumb\"},\"inLanguage\":\"de\",\"potentialAction\":[{\"@type\":\"ReadAction\",\"target\":[\"https:\\\/\\\/iha-race.com\\\/de\\\/producto\\\/cargador-betafpv-1s-conector-bt2-0-v-2\\\/\"]}]},{\"@type\":\"ImageObject\",\"inLanguage\":\"de\",\"@id\":\"https:\\\/\\\/iha-race.com\\\/de\\\/producto\\\/cargador-betafpv-1s-conector-bt2-0-v-2\\\/#primaryimage\",\"url\":\"https:\\\/\\\/iha-race.com\\\/wp-content\\\/uploads\\\/2020\\\/04\\\/Cargador-de-bateria-BT20-y-probador-de-voltaje-V2.webp\",\"contentUrl\":\"https:\\\/\\\/iha-race.com\\\/wp-content\\\/uploads\\\/2020\\\/04\\\/Cargador-de-bateria-BT20-y-probador-de-voltaje-V2.webp\",\"width\":720,\"height\":720},{\"@type\":\"BreadcrumbList\",\"@id\":\"https:\\\/\\\/iha-race.com\\\/de\\\/producto\\\/cargador-betafpv-1s-conector-bt2-0-v-2\\\/#breadcrumb\",\"itemListElement\":[{\"@type\":\"ListItem\",\"position\":1,\"name\":\"Portada\",\"item\":\"https:\\\/\\\/iha-race.com\\\/de\\\/elementor-499\\\/\"},{\"@type\":\"ListItem\",\"position\":2,\"name\":\"Shop\",\"item\":\"https:\\\/\\\/iha-race.com\\\/de\\\/shop\\\/\"},{\"@type\":\"ListItem\",\"position\":3,\"name\":\"Ladeger\u00e4t BetaFPV 1S Stecker BT2.0 V.2\"}]},{\"@type\":\"WebSite\",\"@id\":\"https:\\\/\\\/iha-race.com\\\/de\\\/#website\",\"url\":\"https:\\\/\\\/iha-race.com\\\/de\\\/\",\"name\":\"Iha Race\",\"description\":\"Comprar drones de carreras FPV env\u00edos en un d\u00eda desde Espa\u00f1a\",\"publisher\":{\"@id\":\"https:\\\/\\\/iha-race.com\\\/de\\\/#organization\"},\"potentialAction\":[{\"@type\":\"SearchAction\",\"target\":{\"@type\":\"EntryPoint\",\"urlTemplate\":\"https:\\\/\\\/iha-race.com\\\/de\\\/?s={search_term_string}\"},\"query-input\":{\"@type\":\"PropertyValueSpecification\",\"valueRequired\":true,\"valueName\":\"search_term_string\"}}],\"inLanguage\":\"de\"},{\"@type\":\"Organization\",\"@id\":\"https:\\\/\\\/iha-race.com\\\/de\\\/#organization\",\"name\":\"Iha Race\",\"url\":\"https:\\\/\\\/iha-race.com\\\/de\\\/\",\"logo\":{\"@type\":\"ImageObject\",\"inLanguage\":\"de\",\"@id\":\"https:\\\/\\\/iha-race.com\\\/de\\\/#\\\/schema\\\/logo\\\/image\\\/\",\"url\":\"https:\\\/\\\/iha-race.com\\\/wp-content\\\/uploads\\\/2018\\\/07\\\/iha-race-drones-de-carreras-tienda-comprar-drones.png\",\"contentUrl\":\"https:\\\/\\\/iha-race.com\\\/wp-content\\\/uploads\\\/2018\\\/07\\\/iha-race-drones-de-carreras-tienda-comprar-drones.png\",\"width\":300,\"height\":100,\"caption\":\"Iha Race\"},\"image\":{\"@id\":\"https:\\\/\\\/iha-race.com\\\/de\\\/#\\\/schema\\\/logo\\\/image\\\/\"}}]}<\/script>\n<!-- \/ Yoast SEO plugin. -->","yoast_head_json":{"title":"Ladeger\u00e4t BetaFPV 1S Stecker BT2.0 V.2 - Iha Race","robots":{"index":"index","follow":"follow","max-snippet":"max-snippet:-1","max-image-preview":"max-image-preview:large","max-video-preview":"max-video-preview:-1"},"canonical":"https:\/\/iha-race.com\/de\/producto\/cargador-betafpv-1s-conector-bt2-0-v-2\/","og_locale":"de_DE","og_type":"article","og_title":"Ladeger\u00e4t BetaFPV 1S Stecker BT2.0 V.2 - Iha Race","og_description":"Ladeger\u00e4t BetaFPV 1S Stecker BT2.0 Sehen Sie sich das neue BT2.0 Batterieladeger\u00e4t und den Spannungstester an. Im Vergleich zur ersten Version verwendet das V2-Ladeger\u00e4t den Typ-C-Eingang anstelle des USB-Eingangs. Das","og_url":"https:\/\/iha-race.com\/de\/producto\/cargador-betafpv-1s-conector-bt2-0-v-2\/","og_site_name":"Iha Race","article_modified_time":"2026-01-21T16:12:37+00:00","og_image":[{"width":720,"height":720,"url":"https:\/\/iha-race.com\/wp-content\/uploads\/2020\/04\/Cargador-de-bateria-BT20-y-probador-de-voltaje-V2.webp","type":"image\/webp"}],"twitter_card":"summary_large_image","twitter_misc":{"Gesch\u00e4tzte Lesezeit":"3\u00a0Minuten"},"schema":{"@context":"https:\/\/schema.org","@graph":[{"@type":"WebPage","@id":"https:\/\/iha-race.com\/de\/producto\/cargador-betafpv-1s-conector-bt2-0-v-2\/","url":"https:\/\/iha-race.com\/de\/producto\/cargador-betafpv-1s-conector-bt2-0-v-2\/","name":"Ladeger\u00e4t BetaFPV 1S Stecker BT2.0 V.2 - Iha Race","isPartOf":{"@id":"https:\/\/iha-race.com\/de\/#website"},"primaryImageOfPage":{"@id":"https:\/\/iha-race.com\/de\/producto\/cargador-betafpv-1s-conector-bt2-0-v-2\/#primaryimage"},"image":{"@id":"https:\/\/iha-race.com\/de\/producto\/cargador-betafpv-1s-conector-bt2-0-v-2\/#primaryimage"},"thumbnailUrl":"https:\/\/iha-race.com\/wp-content\/uploads\/2020\/04\/Cargador-de-bateria-BT20-y-probador-de-voltaje-V2.webp","datePublished":"2023-05-31T15:15:21+00:00","dateModified":"2026-01-21T16:12:37+00:00","breadcrumb":{"@id":"https:\/\/iha-race.com\/de\/producto\/cargador-betafpv-1s-conector-bt2-0-v-2\/#breadcrumb"},"inLanguage":"de","potentialAction":[{"@type":"ReadAction","target":["https:\/\/iha-race.com\/de\/producto\/cargador-betafpv-1s-conector-bt2-0-v-2\/"]}]},{"@type":"ImageObject","inLanguage":"de","@id":"https:\/\/iha-race.com\/de\/producto\/cargador-betafpv-1s-conector-bt2-0-v-2\/#primaryimage","url":"https:\/\/iha-race.com\/wp-content\/uploads\/2020\/04\/Cargador-de-bateria-BT20-y-probador-de-voltaje-V2.webp","contentUrl":"https:\/\/iha-race.com\/wp-content\/uploads\/2020\/04\/Cargador-de-bateria-BT20-y-probador-de-voltaje-V2.webp","width":720,"height":720},{"@type":"BreadcrumbList","@id":"https:\/\/iha-race.com\/de\/producto\/cargador-betafpv-1s-conector-bt2-0-v-2\/#breadcrumb","itemListElement":[{"@type":"ListItem","position":1,"name":"Portada","item":"https:\/\/iha-race.com\/de\/elementor-499\/"},{"@type":"ListItem","position":2,"name":"Shop","item":"https:\/\/iha-race.com\/de\/shop\/"},{"@type":"ListItem","position":3,"name":"Ladeger\u00e4t BetaFPV 1S Stecker BT2.0 V.2"}]},{"@type":"WebSite","@id":"https:\/\/iha-race.com\/de\/#website","url":"https:\/\/iha-race.com\/de\/","name":"Iha Race","description":"Comprar drones de carreras FPV env\u00edos en un d\u00eda desde Espa\u00f1a","publisher":{"@id":"https:\/\/iha-race.com\/de\/#organization"},"potentialAction":[{"@type":"SearchAction","target":{"@type":"EntryPoint","urlTemplate":"https:\/\/iha-race.com\/de\/?s={search_term_string}"},"query-input":{"@type":"PropertyValueSpecification","valueRequired":true,"valueName":"search_term_string"}}],"inLanguage":"de"},{"@type":"Organization","@id":"https:\/\/iha-race.com\/de\/#organization","name":"Iha Race","url":"https:\/\/iha-race.com\/de\/","logo":{"@type":"ImageObject","inLanguage":"de","@id":"https:\/\/iha-race.com\/de\/#\/schema\/logo\/image\/","url":"https:\/\/iha-race.com\/wp-content\/uploads\/2018\/07\/iha-race-drones-de-carreras-tienda-comprar-drones.png","contentUrl":"https:\/\/iha-race.com\/wp-content\/uploads\/2018\/07\/iha-race-drones-de-carreras-tienda-comprar-drones.png","width":300,"height":100,"caption":"Iha Race"},"image":{"@id":"https:\/\/iha-race.com\/de\/#\/schema\/logo\/image\/"}}]}},"brands":[],"_links":{"self":[{"href":"https:\/\/iha-race.com\/de\/wp-json\/wp\/v2\/product\/208241","targetHints":{"allow":["GET"]}}],"collection":[{"href":"https:\/\/iha-race.com\/de\/wp-json\/wp\/v2\/product"}],"about":[{"href":"https:\/\/iha-race.com\/de\/wp-json\/wp\/v2\/types\/product"}],"replies":[{"embeddable":true,"href":"https:\/\/iha-race.com\/de\/wp-json\/wp\/v2\/comments?post=208241"}],"version-history":[{"count":3,"href":"https:\/\/iha-race.com\/de\/wp-json\/wp\/v2\/product\/208241\/revisions"}],"predecessor-version":[{"id":248633,"href":"https:\/\/iha-race.com\/de\/wp-json\/wp\/v2\/product\/208241\/revisions\/248633"}],"wp:featuredmedia":[{"embeddable":true,"href":"https:\/\/iha-race.com\/de\/wp-json\/wp\/v2\/media\/231411"}],"wp:attachment":[{"href":"https:\/\/iha-race.com\/de\/wp-json\/wp\/v2\/media?parent=208241"}],"wp:term":[{"taxonomy":"pwb-brand","embeddable":true,"href":"https:\/\/iha-race.com\/de\/wp-json\/wp\/v2\/pwb-brand?post=208241"},{"taxonomy":"product_cat","embeddable":true,"href":"https:\/\/iha-race.com\/de\/wp-json\/wp\/v2\/product_cat?post=208241"},{"taxonomy":"product_tag","embeddable":true,"href":"https:\/\/iha-race.com\/de\/wp-json\/wp\/v2\/product_tag?post=208241"}],"curies":[{"name":"wp","href":"https:\/\/api.w.org\/{rel}","templated":true}]}}