{"id":208237,"date":"2020-04-28T13:07:22","date_gmt":"2020-04-28T11:07:22","guid":{"rendered":"https:\/\/iha-race.com\/producto\/eversept-hygienisches-desinfektionsspray-200ml\/"},"modified":"2024-08-29T16:08:06","modified_gmt":"2024-08-29T14:08:06","slug":"eversept-hygienisches-desinfektionsmittel-in-aerosol-200ml","status":"publish","type":"product","link":"https:\/\/iha-race.com\/de\/producto\/eversept-hygienisches-desinfektionsmittel-in-aerosol-200ml\/","title":{"rendered":"EVERSEPT Hygienisches Desinfektionsspray 200ml"},"content":{"rendered":"<h2>EVERSEPT Hygienisches Desinfektionsspray 200ml<\/h2>\n<h2>Spr\u00fchdesinfektion f\u00fcr Oberfl\u00e4chen<\/h2>\n<p>  Mit dem EVERSEPT Hygiene-Desinfektionsspray lassen sich auch schwer zug\u00e4ngliche Bereiche effektiv desinfizieren. Die Spr\u00fchdesinfektion ist eine sinnvolle Erg\u00e4nzung zur Wischdesinfektion. Materialoberfl\u00e4chen aus Metall oder Kunststoff k\u00f6nnen effektiv und schonend gereinigt werden. Im Handumdrehen sind Kontaktfl\u00e4chen wie T\u00fcrgriffe, Einkaufswagengriffe, Ablagefl\u00e4chen und vieles mehr hygienisch sauber. Das Produkt enth\u00e4lt weder Parf\u00fcm noch Farbstoffe.  <\/p>\n<h3>Biozid berichtet:<\/h3>\n<p>  EVERSEPT Hygienisches Desinfektionsspray 200ml Aerosol ist bei der Bundesanstalt f\u00fcr Arbeitsschutz und Arbeitsmedizin (Bundesamt f\u00fcr Chemikalien) gem\u00e4\u00df der Verordnung \u00fcber die Meldung von Biozidprodukten nach dem Chemikaliengesetz (ChemBiozidMeldeV) unter der <b>Registrierungsnummer N-88376<\/b> elektronisch registriert (eBIOMELD).  <\/p>\n<h3>Wirksam gegen:<\/h3>\n<ul type=\"disc\">\n<li>Pilze<\/li>\n<li>Seegras<\/li>\n<li>umh\u00fcllte Viren<\/li>\n<li>Influenza-Virus<\/li>\n<li>Coronavirus (COVID-19)<\/li>\n<li>gram-positive Bakterien<\/li>\n<li>gramnegative Bakterien<\/li>\n<\/ul>\n<h3>Wie zu verwenden:<\/h3>\n<ul type=\"disc\">\n<li>Bringen Sie das Aerosol auf Raumtemperatur.<\/li>\n<li>Vor Gebrauch kr\u00e4ftig sch\u00fctteln<\/li>\n<li>Spr\u00fchen Sie so nah wie m\u00f6glich an die zu behandelnde Oberfl\u00e4che.<\/li>\n<li>Falls erforderlich, wischen Sie mit einem Tuch nach, bis die Oberfl\u00e4che vollst\u00e4ndig nass ist.<\/li>\n<li>Nicht im oder am menschlichen oder tierischen K\u00f6rper verwenden.<\/li>\n<\/ul>\n","protected":false},"excerpt":{"rendered":"<p>EVERSEPT Hygienisches Desinfektionsspray 200ml Spr\u00fchdesinfektion f\u00fcr Oberfl\u00e4chen Mit dem EVERSEPT Hygiene-Desinfektionsspray lassen sich auch schwer zug\u00e4ngliche Bereiche effektiv desinfizieren. Die Spr\u00fchdesinfektion ist eine sinnvolle Erg\u00e4nzung zur Wischdesinfektion. Materialoberfl\u00e4chen aus Metall<\/p>\n","protected":false},"featured_media":125005,"comment_status":"open","ping_status":"closed","template":"","meta":{"_joinchat":[]},"pwb-brand":[],"product_cat":[2548],"product_tag":[],"class_list":{"0":"post-208237","1":"product","2":"type-product","3":"status-publish","4":"has-post-thumbnail","6":"product_cat-auslass","8":"first","9":"instock","10":"taxable","11":"shipping-taxable","12":"purchasable","13":"product-type-simple"},"barcode":null,"atum_controlled":true,"out_stock_date":null,"out_stock_threshold":null,"inheritable":false,"stock_on_hold":0,"sold_today":0,"sales_last_days":0,"out_stock_days":0,"lost_sales":0,"update_date":"2026-04-16T08:17:49","atum_locations":[],"atum_stock_status":"instock","restock_status":false,"low_stock_amount":"","sales_update_date":"2026-04-16T08:17:49","calc_backorders":null,"yoast_head":"<!-- This site is optimized with the Yoast SEO plugin v27.3 - https:\/\/yoast.com\/product\/yoast-seo-wordpress\/ -->\n<title>EVERSEPT Hygienisches Desinfektionsspray 200ml - Iha Race<\/title>\n<meta name=\"robots\" content=\"index, follow, max-snippet:-1, max-image-preview:large, max-video-preview:-1\" \/>\n<link rel=\"canonical\" href=\"https:\/\/iha-race.com\/de\/producto\/eversept-hygienisches-desinfektionsmittel-in-aerosol-200ml\/\" \/>\n<meta property=\"og:locale\" content=\"de_DE\" \/>\n<meta property=\"og:type\" content=\"article\" \/>\n<meta property=\"og:title\" content=\"EVERSEPT Hygienisches Desinfektionsspray 200ml - Iha Race\" \/>\n<meta property=\"og:description\" content=\"EVERSEPT Hygienisches Desinfektionsspray 200ml Spr\u00fchdesinfektion f\u00fcr Oberfl\u00e4chen Mit dem EVERSEPT Hygiene-Desinfektionsspray lassen sich auch schwer zug\u00e4ngliche Bereiche effektiv desinfizieren. Die Spr\u00fchdesinfektion ist eine sinnvolle Erg\u00e4nzung zur Wischdesinfektion. Materialoberfl\u00e4chen aus Metall\" \/>\n<meta property=\"og:url\" content=\"https:\/\/iha-race.com\/de\/producto\/eversept-hygienisches-desinfektionsmittel-in-aerosol-200ml\/\" \/>\n<meta property=\"og:site_name\" content=\"Iha Race\" \/>\n<meta property=\"article:modified_time\" content=\"2024-08-29T14:08:06+00:00\" \/>\n<meta property=\"og:image\" content=\"https:\/\/iha-race.com\/wp-content\/uploads\/2020\/04\/desinfectante-higienico-covid-19-1.jpg\" \/>\n\t<meta property=\"og:image:width\" content=\"800\" \/>\n\t<meta property=\"og:image:height\" content=\"800\" \/>\n\t<meta property=\"og:image:type\" content=\"image\/jpeg\" \/>\n<meta name=\"twitter:card\" content=\"summary_large_image\" \/>\n<meta name=\"twitter:label1\" content=\"Gesch\u00e4tzte Lesezeit\" \/>\n\t<meta name=\"twitter:data1\" content=\"1\u00a0Minute\" \/>\n<script type=\"application\/ld+json\" class=\"yoast-schema-graph\">{\"@context\":\"https:\\\/\\\/schema.org\",\"@graph\":[{\"@type\":\"WebPage\",\"@id\":\"https:\\\/\\\/iha-race.com\\\/de\\\/producto\\\/eversept-hygienisches-desinfektionsmittel-in-aerosol-200ml\\\/\",\"url\":\"https:\\\/\\\/iha-race.com\\\/de\\\/producto\\\/eversept-hygienisches-desinfektionsmittel-in-aerosol-200ml\\\/\",\"name\":\"EVERSEPT Hygienisches Desinfektionsspray 200ml - Iha Race\",\"isPartOf\":{\"@id\":\"https:\\\/\\\/iha-race.com\\\/de\\\/#website\"},\"primaryImageOfPage\":{\"@id\":\"https:\\\/\\\/iha-race.com\\\/de\\\/producto\\\/eversept-hygienisches-desinfektionsmittel-in-aerosol-200ml\\\/#primaryimage\"},\"image\":{\"@id\":\"https:\\\/\\\/iha-race.com\\\/de\\\/producto\\\/eversept-hygienisches-desinfektionsmittel-in-aerosol-200ml\\\/#primaryimage\"},\"thumbnailUrl\":\"https:\\\/\\\/iha-race.com\\\/wp-content\\\/uploads\\\/2020\\\/04\\\/desinfectante-higienico-covid-19-1.jpg\",\"datePublished\":\"2020-04-28T11:07:22+00:00\",\"dateModified\":\"2024-08-29T14:08:06+00:00\",\"breadcrumb\":{\"@id\":\"https:\\\/\\\/iha-race.com\\\/de\\\/producto\\\/eversept-hygienisches-desinfektionsmittel-in-aerosol-200ml\\\/#breadcrumb\"},\"inLanguage\":\"de\",\"potentialAction\":[{\"@type\":\"ReadAction\",\"target\":[\"https:\\\/\\\/iha-race.com\\\/de\\\/producto\\\/eversept-hygienisches-desinfektionsmittel-in-aerosol-200ml\\\/\"]}]},{\"@type\":\"ImageObject\",\"inLanguage\":\"de\",\"@id\":\"https:\\\/\\\/iha-race.com\\\/de\\\/producto\\\/eversept-hygienisches-desinfektionsmittel-in-aerosol-200ml\\\/#primaryimage\",\"url\":\"https:\\\/\\\/iha-race.com\\\/wp-content\\\/uploads\\\/2020\\\/04\\\/desinfectante-higienico-covid-19-1.jpg\",\"contentUrl\":\"https:\\\/\\\/iha-race.com\\\/wp-content\\\/uploads\\\/2020\\\/04\\\/desinfectante-higienico-covid-19-1.jpg\",\"width\":800,\"height\":800},{\"@type\":\"BreadcrumbList\",\"@id\":\"https:\\\/\\\/iha-race.com\\\/de\\\/producto\\\/eversept-hygienisches-desinfektionsmittel-in-aerosol-200ml\\\/#breadcrumb\",\"itemListElement\":[{\"@type\":\"ListItem\",\"position\":1,\"name\":\"Portada\",\"item\":\"https:\\\/\\\/iha-race.com\\\/de\\\/elementor-499\\\/\"},{\"@type\":\"ListItem\",\"position\":2,\"name\":\"Shop\",\"item\":\"https:\\\/\\\/iha-race.com\\\/de\\\/shop\\\/\"},{\"@type\":\"ListItem\",\"position\":3,\"name\":\"EVERSEPT Hygienisches Desinfektionsspray 200ml\"}]},{\"@type\":\"WebSite\",\"@id\":\"https:\\\/\\\/iha-race.com\\\/de\\\/#website\",\"url\":\"https:\\\/\\\/iha-race.com\\\/de\\\/\",\"name\":\"Iha Race\",\"description\":\"Comprar drones de carreras FPV env\u00edos en un d\u00eda desde Espa\u00f1a\",\"publisher\":{\"@id\":\"https:\\\/\\\/iha-race.com\\\/de\\\/#organization\"},\"potentialAction\":[{\"@type\":\"SearchAction\",\"target\":{\"@type\":\"EntryPoint\",\"urlTemplate\":\"https:\\\/\\\/iha-race.com\\\/de\\\/?s={search_term_string}\"},\"query-input\":{\"@type\":\"PropertyValueSpecification\",\"valueRequired\":true,\"valueName\":\"search_term_string\"}}],\"inLanguage\":\"de\"},{\"@type\":\"Organization\",\"@id\":\"https:\\\/\\\/iha-race.com\\\/de\\\/#organization\",\"name\":\"Iha Race\",\"url\":\"https:\\\/\\\/iha-race.com\\\/de\\\/\",\"logo\":{\"@type\":\"ImageObject\",\"inLanguage\":\"de\",\"@id\":\"https:\\\/\\\/iha-race.com\\\/de\\\/#\\\/schema\\\/logo\\\/image\\\/\",\"url\":\"https:\\\/\\\/iha-race.com\\\/wp-content\\\/uploads\\\/2018\\\/07\\\/iha-race-drones-de-carreras-tienda-comprar-drones.png\",\"contentUrl\":\"https:\\\/\\\/iha-race.com\\\/wp-content\\\/uploads\\\/2018\\\/07\\\/iha-race-drones-de-carreras-tienda-comprar-drones.png\",\"width\":300,\"height\":100,\"caption\":\"Iha Race\"},\"image\":{\"@id\":\"https:\\\/\\\/iha-race.com\\\/de\\\/#\\\/schema\\\/logo\\\/image\\\/\"}}]}<\/script>\n<!-- \/ Yoast SEO plugin. -->","yoast_head_json":{"title":"EVERSEPT Hygienisches Desinfektionsspray 200ml - Iha Race","robots":{"index":"index","follow":"follow","max-snippet":"max-snippet:-1","max-image-preview":"max-image-preview:large","max-video-preview":"max-video-preview:-1"},"canonical":"https:\/\/iha-race.com\/de\/producto\/eversept-hygienisches-desinfektionsmittel-in-aerosol-200ml\/","og_locale":"de_DE","og_type":"article","og_title":"EVERSEPT Hygienisches Desinfektionsspray 200ml - Iha Race","og_description":"EVERSEPT Hygienisches Desinfektionsspray 200ml Spr\u00fchdesinfektion f\u00fcr Oberfl\u00e4chen Mit dem EVERSEPT Hygiene-Desinfektionsspray lassen sich auch schwer zug\u00e4ngliche Bereiche effektiv desinfizieren. Die Spr\u00fchdesinfektion ist eine sinnvolle Erg\u00e4nzung zur Wischdesinfektion. Materialoberfl\u00e4chen aus Metall","og_url":"https:\/\/iha-race.com\/de\/producto\/eversept-hygienisches-desinfektionsmittel-in-aerosol-200ml\/","og_site_name":"Iha Race","article_modified_time":"2024-08-29T14:08:06+00:00","og_image":[{"width":800,"height":800,"url":"https:\/\/iha-race.com\/wp-content\/uploads\/2020\/04\/desinfectante-higienico-covid-19-1.jpg","type":"image\/jpeg"}],"twitter_card":"summary_large_image","twitter_misc":{"Gesch\u00e4tzte Lesezeit":"1\u00a0Minute"},"schema":{"@context":"https:\/\/schema.org","@graph":[{"@type":"WebPage","@id":"https:\/\/iha-race.com\/de\/producto\/eversept-hygienisches-desinfektionsmittel-in-aerosol-200ml\/","url":"https:\/\/iha-race.com\/de\/producto\/eversept-hygienisches-desinfektionsmittel-in-aerosol-200ml\/","name":"EVERSEPT Hygienisches Desinfektionsspray 200ml - Iha Race","isPartOf":{"@id":"https:\/\/iha-race.com\/de\/#website"},"primaryImageOfPage":{"@id":"https:\/\/iha-race.com\/de\/producto\/eversept-hygienisches-desinfektionsmittel-in-aerosol-200ml\/#primaryimage"},"image":{"@id":"https:\/\/iha-race.com\/de\/producto\/eversept-hygienisches-desinfektionsmittel-in-aerosol-200ml\/#primaryimage"},"thumbnailUrl":"https:\/\/iha-race.com\/wp-content\/uploads\/2020\/04\/desinfectante-higienico-covid-19-1.jpg","datePublished":"2020-04-28T11:07:22+00:00","dateModified":"2024-08-29T14:08:06+00:00","breadcrumb":{"@id":"https:\/\/iha-race.com\/de\/producto\/eversept-hygienisches-desinfektionsmittel-in-aerosol-200ml\/#breadcrumb"},"inLanguage":"de","potentialAction":[{"@type":"ReadAction","target":["https:\/\/iha-race.com\/de\/producto\/eversept-hygienisches-desinfektionsmittel-in-aerosol-200ml\/"]}]},{"@type":"ImageObject","inLanguage":"de","@id":"https:\/\/iha-race.com\/de\/producto\/eversept-hygienisches-desinfektionsmittel-in-aerosol-200ml\/#primaryimage","url":"https:\/\/iha-race.com\/wp-content\/uploads\/2020\/04\/desinfectante-higienico-covid-19-1.jpg","contentUrl":"https:\/\/iha-race.com\/wp-content\/uploads\/2020\/04\/desinfectante-higienico-covid-19-1.jpg","width":800,"height":800},{"@type":"BreadcrumbList","@id":"https:\/\/iha-race.com\/de\/producto\/eversept-hygienisches-desinfektionsmittel-in-aerosol-200ml\/#breadcrumb","itemListElement":[{"@type":"ListItem","position":1,"name":"Portada","item":"https:\/\/iha-race.com\/de\/elementor-499\/"},{"@type":"ListItem","position":2,"name":"Shop","item":"https:\/\/iha-race.com\/de\/shop\/"},{"@type":"ListItem","position":3,"name":"EVERSEPT Hygienisches Desinfektionsspray 200ml"}]},{"@type":"WebSite","@id":"https:\/\/iha-race.com\/de\/#website","url":"https:\/\/iha-race.com\/de\/","name":"Iha Race","description":"Comprar drones de carreras FPV env\u00edos en un d\u00eda desde Espa\u00f1a","publisher":{"@id":"https:\/\/iha-race.com\/de\/#organization"},"potentialAction":[{"@type":"SearchAction","target":{"@type":"EntryPoint","urlTemplate":"https:\/\/iha-race.com\/de\/?s={search_term_string}"},"query-input":{"@type":"PropertyValueSpecification","valueRequired":true,"valueName":"search_term_string"}}],"inLanguage":"de"},{"@type":"Organization","@id":"https:\/\/iha-race.com\/de\/#organization","name":"Iha Race","url":"https:\/\/iha-race.com\/de\/","logo":{"@type":"ImageObject","inLanguage":"de","@id":"https:\/\/iha-race.com\/de\/#\/schema\/logo\/image\/","url":"https:\/\/iha-race.com\/wp-content\/uploads\/2018\/07\/iha-race-drones-de-carreras-tienda-comprar-drones.png","contentUrl":"https:\/\/iha-race.com\/wp-content\/uploads\/2018\/07\/iha-race-drones-de-carreras-tienda-comprar-drones.png","width":300,"height":100,"caption":"Iha Race"},"image":{"@id":"https:\/\/iha-race.com\/de\/#\/schema\/logo\/image\/"}}]}},"jetpack_sharing_enabled":true,"brands":[],"_links":{"self":[{"href":"https:\/\/iha-race.com\/de\/wp-json\/wp\/v2\/product\/208237","targetHints":{"allow":["GET"]}}],"collection":[{"href":"https:\/\/iha-race.com\/de\/wp-json\/wp\/v2\/product"}],"about":[{"href":"https:\/\/iha-race.com\/de\/wp-json\/wp\/v2\/types\/product"}],"replies":[{"embeddable":true,"href":"https:\/\/iha-race.com\/de\/wp-json\/wp\/v2\/comments?post=208237"}],"version-history":[{"count":2,"href":"https:\/\/iha-race.com\/de\/wp-json\/wp\/v2\/product\/208237\/revisions"}],"predecessor-version":[{"id":249958,"href":"https:\/\/iha-race.com\/de\/wp-json\/wp\/v2\/product\/208237\/revisions\/249958"}],"wp:featuredmedia":[{"embeddable":true,"href":"https:\/\/iha-race.com\/de\/wp-json\/wp\/v2\/media\/125005"}],"wp:attachment":[{"href":"https:\/\/iha-race.com\/de\/wp-json\/wp\/v2\/media?parent=208237"}],"wp:term":[{"taxonomy":"pwb-brand","embeddable":true,"href":"https:\/\/iha-race.com\/de\/wp-json\/wp\/v2\/pwb-brand?post=208237"},{"taxonomy":"product_cat","embeddable":true,"href":"https:\/\/iha-race.com\/de\/wp-json\/wp\/v2\/product_cat?post=208237"},{"taxonomy":"product_tag","embeddable":true,"href":"https:\/\/iha-race.com\/de\/wp-json\/wp\/v2\/product_tag?post=208237"}],"curies":[{"name":"wp","href":"https:\/\/api.w.org\/{rel}","templated":true}]}}