{"id":208231,"date":"2020-04-07T19:04:14","date_gmt":"2020-04-07T17:04:14","guid":{"rendered":"https:\/\/iha-race.com\/producto\/tattu-r-line-550mah-7-4v-2s1p-95c-lipo-akku\/"},"modified":"2026-01-31T19:32:45","modified_gmt":"2026-01-31T18:32:45","slug":"tattu-r-line-550mah-7-4v-2s1p-95c-bateria-de-lipo","status":"publish","type":"product","link":"https:\/\/iha-race.com\/de\/producto\/tattu-r-line-550mah-7-4v-2s1p-95c-bateria-de-lipo\/","title":{"rendered":"Tattu R-Line 550 mAh, 2S, 7,4 V, 95 C Akku mit XT30"},"content":{"rendered":"<h1 class=\"productView-title\">Tattu R-Line 550 mAh, 2S, 7,4 V, 95 C Akku mit XT30<\/h1>\n<p>&nbsp;<\/p>\n<p><strong>Der Tattu R-Line 550 mAh 7,4 V 95 C 2S1P Lithium-Polymer-Akku <\/strong> hat volle Kapazit\u00e4t und volle Entladungsrate. Es ist ein Lithium-Polymer-Akku f\u00fcr FPV-Rennen mit hoher Entladungsrate. Der 95 C liefert Ihnen ausreichend Leistung unter Last.   Es ist sehr kompakt und sehr leicht. Funktioniert perfekt mit Ihrem Multirotor FPV von Gr\u00f6\u00dfe 100 bis 180.<\/p>\n<p><strong>Tattu R-Line<\/strong> ist eine neue Produktlinie, die speziell f\u00fcr professionelle FPV-Rennwettbewerbe entwickelt wurde. Dies ist die Verkaufsversion der Top Pilot Batterien. Sie ist auch eine Tochtergesellschaft der Marke Tattu. Sie hat eine h\u00f6here Kapazit\u00e4t, einen geringeren Innenwiderstand und niedrigere Landetemperaturen. Sie sind leistungsst\u00e4rker als jede Graphen-Batterie. Im Allgemeinen haben die R-Line-Batterien die gleichen Spezifikationen wie unsere beliebten Top Pilot-Batterien. Es gibt verschiedene Versionen der R-Line f\u00fcr die Bed\u00fcrfnisse verschiedener FPV-Rennwettbewerbe.<\/p>\n<p><strong>Merkmale:<\/strong><\/p>\n<ul>\n<li>Die bemerkenswerte Stacking-Technologie erm\u00f6glicht Einzelzellenkapazit\u00e4ten von 550 mAh.<\/li>\n<li>Hohe Entladeleistung und hohe Energiedichte.<\/li>\n<li>\u00dcberlegene Lithium-Polymer-Rohstoffe aus Japan und Korea.<\/li>\n<li>Lokaler Kundendienst (mit Sitz in D\u00fcsseldorf, Deutschland).<\/li>\n<\/ul>\n<p><strong>Budget:<\/strong><\/p>\n<ul>\n<li>Kapazit\u00e4t: 550mAh<\/li>\n<li>Konfiguration: 2S1P \/ 7,4 V<\/li>\n<li>Entladungsrate: 95 \u00b0C<\/li>\n<li>Maximale Entladungsrate: 190 \u00b0C<\/li>\n<li>Nettogewicht (\u00b110 g): 30 g<\/li>\n<li>Abmessungen (\u00b15): 63*17*12 mm<\/li>\n<li>Ladebuchse: JST-PHR<\/li>\n<\/ul>\n<p><strong>Anwendung?<\/strong><\/p>\n<p>Der Tattu R-Line 550 mAh 7,4 V 95C 2S1P Lipo-Akku eignet sich f\u00fcr FPV-Multirotoren der Gr\u00f6\u00dfe 100 bis 180, wie z.B. Diatone GT R369; Toothpick Gr\u00f6\u00dfe 3 Zoll Quad; Tiny Whoop.<\/p>\n","protected":false},"excerpt":{"rendered":"<p>Tattu R-Line 550 mAh, 2S, 7,4 V, 95 C Akku mit XT30 &nbsp; Der Tattu R-Line 550 mAh 7,4 V 95 C 2S1P Lithium-Polymer-Akku hat volle Kapazit\u00e4t und volle Entladungsrate.<\/p>\n","protected":false},"featured_media":253307,"comment_status":"open","ping_status":"closed","template":"","meta":{"_joinchat":[]},"pwb-brand":[],"product_cat":[17,19],"product_tag":[],"class_list":{"0":"post-208231","1":"product","2":"type-product","3":"status-publish","4":"has-post-thumbnail","6":"product_cat-baterias-para-drones","7":"product_cat-s2","9":"first","10":"outofstock","11":"taxable","12":"shipping-taxable","13":"purchasable","14":"product-type-simple"},"barcode":null,"atum_controlled":true,"out_stock_date":"2026-01-31 19:32:46","out_stock_threshold":null,"inheritable":false,"stock_on_hold":0,"sold_today":0,"sales_last_days":0,"out_stock_days":77,"lost_sales":785,"update_date":"2026-04-18T22:18:19","atum_locations":[],"atum_stock_status":"outofstock","restock_status":false,"low_stock_amount":"","sales_update_date":"2026-04-18T22:18:19","calc_backorders":null,"yoast_head":"<!-- This site is optimized with the Yoast SEO plugin v27.3 - https:\/\/yoast.com\/product\/yoast-seo-wordpress\/ -->\n<title>Tattu R-Line 550 mAh, 2S, 7,4 V, 95 C Akku mit XT30 - Iha Race<\/title>\n<meta name=\"robots\" content=\"index, follow, max-snippet:-1, max-image-preview:large, max-video-preview:-1\" \/>\n<link rel=\"canonical\" href=\"https:\/\/iha-race.com\/de\/producto\/tattu-r-line-550mah-7-4v-2s1p-95c-bateria-de-lipo\/\" \/>\n<meta property=\"og:locale\" content=\"de_DE\" \/>\n<meta property=\"og:type\" content=\"article\" \/>\n<meta property=\"og:title\" content=\"Tattu R-Line 550 mAh, 2S, 7,4 V, 95 C Akku mit XT30 - Iha Race\" \/>\n<meta property=\"og:description\" content=\"Tattu R-Line 550 mAh, 2S, 7,4 V, 95 C Akku mit XT30 &nbsp; Der Tattu R-Line 550 mAh 7,4 V 95 C 2S1P Lithium-Polymer-Akku hat volle Kapazit\u00e4t und volle Entladungsrate.\" \/>\n<meta property=\"og:url\" content=\"https:\/\/iha-race.com\/de\/producto\/tattu-r-line-550mah-7-4v-2s1p-95c-bateria-de-lipo\/\" \/>\n<meta property=\"og:site_name\" content=\"Iha Race\" \/>\n<meta property=\"article:modified_time\" content=\"2026-01-31T18:32:45+00:00\" \/>\n<meta property=\"og:image\" content=\"https:\/\/iha-race.com\/wp-content\/uploads\/2020\/04\/Bateria-Tattu-R-Line-de-550-mAh-2S-74-V-y-95-C-con-XT30.png\" \/>\n\t<meta property=\"og:image:width\" content=\"800\" \/>\n\t<meta property=\"og:image:height\" content=\"800\" \/>\n\t<meta property=\"og:image:type\" content=\"image\/png\" \/>\n<meta name=\"twitter:card\" content=\"summary_large_image\" \/>\n<meta name=\"twitter:label1\" content=\"Gesch\u00e4tzte Lesezeit\" \/>\n\t<meta name=\"twitter:data1\" content=\"1\u00a0Minute\" \/>\n<script type=\"application\/ld+json\" class=\"yoast-schema-graph\">{\"@context\":\"https:\\\/\\\/schema.org\",\"@graph\":[{\"@type\":\"WebPage\",\"@id\":\"https:\\\/\\\/iha-race.com\\\/de\\\/producto\\\/tattu-r-line-550mah-7-4v-2s1p-95c-bateria-de-lipo\\\/\",\"url\":\"https:\\\/\\\/iha-race.com\\\/de\\\/producto\\\/tattu-r-line-550mah-7-4v-2s1p-95c-bateria-de-lipo\\\/\",\"name\":\"Tattu R-Line 550 mAh, 2S, 7,4 V, 95 C Akku mit XT30 - Iha Race\",\"isPartOf\":{\"@id\":\"https:\\\/\\\/iha-race.com\\\/de\\\/#website\"},\"primaryImageOfPage\":{\"@id\":\"https:\\\/\\\/iha-race.com\\\/de\\\/producto\\\/tattu-r-line-550mah-7-4v-2s1p-95c-bateria-de-lipo\\\/#primaryimage\"},\"image\":{\"@id\":\"https:\\\/\\\/iha-race.com\\\/de\\\/producto\\\/tattu-r-line-550mah-7-4v-2s1p-95c-bateria-de-lipo\\\/#primaryimage\"},\"thumbnailUrl\":\"https:\\\/\\\/iha-race.com\\\/wp-content\\\/uploads\\\/2020\\\/04\\\/Bateria-Tattu-R-Line-de-550-mAh-2S-74-V-y-95-C-con-XT30.png\",\"datePublished\":\"2020-04-07T17:04:14+00:00\",\"dateModified\":\"2026-01-31T18:32:45+00:00\",\"breadcrumb\":{\"@id\":\"https:\\\/\\\/iha-race.com\\\/de\\\/producto\\\/tattu-r-line-550mah-7-4v-2s1p-95c-bateria-de-lipo\\\/#breadcrumb\"},\"inLanguage\":\"de\",\"potentialAction\":[{\"@type\":\"ReadAction\",\"target\":[\"https:\\\/\\\/iha-race.com\\\/de\\\/producto\\\/tattu-r-line-550mah-7-4v-2s1p-95c-bateria-de-lipo\\\/\"]}]},{\"@type\":\"ImageObject\",\"inLanguage\":\"de\",\"@id\":\"https:\\\/\\\/iha-race.com\\\/de\\\/producto\\\/tattu-r-line-550mah-7-4v-2s1p-95c-bateria-de-lipo\\\/#primaryimage\",\"url\":\"https:\\\/\\\/iha-race.com\\\/wp-content\\\/uploads\\\/2020\\\/04\\\/Bateria-Tattu-R-Line-de-550-mAh-2S-74-V-y-95-C-con-XT30.png\",\"contentUrl\":\"https:\\\/\\\/iha-race.com\\\/wp-content\\\/uploads\\\/2020\\\/04\\\/Bateria-Tattu-R-Line-de-550-mAh-2S-74-V-y-95-C-con-XT30.png\",\"width\":800,\"height\":800,\"caption\":\"Comprar Bater\u00eda Tattu R-Line de 550 mAh, 2S, 7,4 V y 95 C con XT30\"},{\"@type\":\"BreadcrumbList\",\"@id\":\"https:\\\/\\\/iha-race.com\\\/de\\\/producto\\\/tattu-r-line-550mah-7-4v-2s1p-95c-bateria-de-lipo\\\/#breadcrumb\",\"itemListElement\":[{\"@type\":\"ListItem\",\"position\":1,\"name\":\"Portada\",\"item\":\"https:\\\/\\\/iha-race.com\\\/de\\\/elementor-499\\\/\"},{\"@type\":\"ListItem\",\"position\":2,\"name\":\"Shop\",\"item\":\"https:\\\/\\\/iha-race.com\\\/de\\\/shop\\\/\"},{\"@type\":\"ListItem\",\"position\":3,\"name\":\"Tattu R-Line 550 mAh, 2S, 7,4 V, 95 C Akku mit XT30\"}]},{\"@type\":\"WebSite\",\"@id\":\"https:\\\/\\\/iha-race.com\\\/de\\\/#website\",\"url\":\"https:\\\/\\\/iha-race.com\\\/de\\\/\",\"name\":\"Iha Race\",\"description\":\"Comprar drones de carreras FPV env\u00edos en un d\u00eda desde Espa\u00f1a\",\"publisher\":{\"@id\":\"https:\\\/\\\/iha-race.com\\\/de\\\/#organization\"},\"potentialAction\":[{\"@type\":\"SearchAction\",\"target\":{\"@type\":\"EntryPoint\",\"urlTemplate\":\"https:\\\/\\\/iha-race.com\\\/de\\\/?s={search_term_string}\"},\"query-input\":{\"@type\":\"PropertyValueSpecification\",\"valueRequired\":true,\"valueName\":\"search_term_string\"}}],\"inLanguage\":\"de\"},{\"@type\":\"Organization\",\"@id\":\"https:\\\/\\\/iha-race.com\\\/de\\\/#organization\",\"name\":\"Iha Race\",\"url\":\"https:\\\/\\\/iha-race.com\\\/de\\\/\",\"logo\":{\"@type\":\"ImageObject\",\"inLanguage\":\"de\",\"@id\":\"https:\\\/\\\/iha-race.com\\\/de\\\/#\\\/schema\\\/logo\\\/image\\\/\",\"url\":\"https:\\\/\\\/iha-race.com\\\/wp-content\\\/uploads\\\/2018\\\/07\\\/iha-race-drones-de-carreras-tienda-comprar-drones.png\",\"contentUrl\":\"https:\\\/\\\/iha-race.com\\\/wp-content\\\/uploads\\\/2018\\\/07\\\/iha-race-drones-de-carreras-tienda-comprar-drones.png\",\"width\":300,\"height\":100,\"caption\":\"Iha Race\"},\"image\":{\"@id\":\"https:\\\/\\\/iha-race.com\\\/de\\\/#\\\/schema\\\/logo\\\/image\\\/\"}}]}<\/script>\n<!-- \/ Yoast SEO plugin. -->","yoast_head_json":{"title":"Tattu R-Line 550 mAh, 2S, 7,4 V, 95 C Akku mit XT30 - Iha Race","robots":{"index":"index","follow":"follow","max-snippet":"max-snippet:-1","max-image-preview":"max-image-preview:large","max-video-preview":"max-video-preview:-1"},"canonical":"https:\/\/iha-race.com\/de\/producto\/tattu-r-line-550mah-7-4v-2s1p-95c-bateria-de-lipo\/","og_locale":"de_DE","og_type":"article","og_title":"Tattu R-Line 550 mAh, 2S, 7,4 V, 95 C Akku mit XT30 - Iha Race","og_description":"Tattu R-Line 550 mAh, 2S, 7,4 V, 95 C Akku mit XT30 &nbsp; Der Tattu R-Line 550 mAh 7,4 V 95 C 2S1P Lithium-Polymer-Akku hat volle Kapazit\u00e4t und volle Entladungsrate.","og_url":"https:\/\/iha-race.com\/de\/producto\/tattu-r-line-550mah-7-4v-2s1p-95c-bateria-de-lipo\/","og_site_name":"Iha Race","article_modified_time":"2026-01-31T18:32:45+00:00","og_image":[{"width":800,"height":800,"url":"https:\/\/iha-race.com\/wp-content\/uploads\/2020\/04\/Bateria-Tattu-R-Line-de-550-mAh-2S-74-V-y-95-C-con-XT30.png","type":"image\/png"}],"twitter_card":"summary_large_image","twitter_misc":{"Gesch\u00e4tzte Lesezeit":"1\u00a0Minute"},"schema":{"@context":"https:\/\/schema.org","@graph":[{"@type":"WebPage","@id":"https:\/\/iha-race.com\/de\/producto\/tattu-r-line-550mah-7-4v-2s1p-95c-bateria-de-lipo\/","url":"https:\/\/iha-race.com\/de\/producto\/tattu-r-line-550mah-7-4v-2s1p-95c-bateria-de-lipo\/","name":"Tattu R-Line 550 mAh, 2S, 7,4 V, 95 C Akku mit XT30 - Iha Race","isPartOf":{"@id":"https:\/\/iha-race.com\/de\/#website"},"primaryImageOfPage":{"@id":"https:\/\/iha-race.com\/de\/producto\/tattu-r-line-550mah-7-4v-2s1p-95c-bateria-de-lipo\/#primaryimage"},"image":{"@id":"https:\/\/iha-race.com\/de\/producto\/tattu-r-line-550mah-7-4v-2s1p-95c-bateria-de-lipo\/#primaryimage"},"thumbnailUrl":"https:\/\/iha-race.com\/wp-content\/uploads\/2020\/04\/Bateria-Tattu-R-Line-de-550-mAh-2S-74-V-y-95-C-con-XT30.png","datePublished":"2020-04-07T17:04:14+00:00","dateModified":"2026-01-31T18:32:45+00:00","breadcrumb":{"@id":"https:\/\/iha-race.com\/de\/producto\/tattu-r-line-550mah-7-4v-2s1p-95c-bateria-de-lipo\/#breadcrumb"},"inLanguage":"de","potentialAction":[{"@type":"ReadAction","target":["https:\/\/iha-race.com\/de\/producto\/tattu-r-line-550mah-7-4v-2s1p-95c-bateria-de-lipo\/"]}]},{"@type":"ImageObject","inLanguage":"de","@id":"https:\/\/iha-race.com\/de\/producto\/tattu-r-line-550mah-7-4v-2s1p-95c-bateria-de-lipo\/#primaryimage","url":"https:\/\/iha-race.com\/wp-content\/uploads\/2020\/04\/Bateria-Tattu-R-Line-de-550-mAh-2S-74-V-y-95-C-con-XT30.png","contentUrl":"https:\/\/iha-race.com\/wp-content\/uploads\/2020\/04\/Bateria-Tattu-R-Line-de-550-mAh-2S-74-V-y-95-C-con-XT30.png","width":800,"height":800,"caption":"Comprar Bater\u00eda Tattu R-Line de 550 mAh, 2S, 7,4 V y 95 C con XT30"},{"@type":"BreadcrumbList","@id":"https:\/\/iha-race.com\/de\/producto\/tattu-r-line-550mah-7-4v-2s1p-95c-bateria-de-lipo\/#breadcrumb","itemListElement":[{"@type":"ListItem","position":1,"name":"Portada","item":"https:\/\/iha-race.com\/de\/elementor-499\/"},{"@type":"ListItem","position":2,"name":"Shop","item":"https:\/\/iha-race.com\/de\/shop\/"},{"@type":"ListItem","position":3,"name":"Tattu R-Line 550 mAh, 2S, 7,4 V, 95 C Akku mit XT30"}]},{"@type":"WebSite","@id":"https:\/\/iha-race.com\/de\/#website","url":"https:\/\/iha-race.com\/de\/","name":"Iha Race","description":"Comprar drones de carreras FPV env\u00edos en un d\u00eda desde Espa\u00f1a","publisher":{"@id":"https:\/\/iha-race.com\/de\/#organization"},"potentialAction":[{"@type":"SearchAction","target":{"@type":"EntryPoint","urlTemplate":"https:\/\/iha-race.com\/de\/?s={search_term_string}"},"query-input":{"@type":"PropertyValueSpecification","valueRequired":true,"valueName":"search_term_string"}}],"inLanguage":"de"},{"@type":"Organization","@id":"https:\/\/iha-race.com\/de\/#organization","name":"Iha Race","url":"https:\/\/iha-race.com\/de\/","logo":{"@type":"ImageObject","inLanguage":"de","@id":"https:\/\/iha-race.com\/de\/#\/schema\/logo\/image\/","url":"https:\/\/iha-race.com\/wp-content\/uploads\/2018\/07\/iha-race-drones-de-carreras-tienda-comprar-drones.png","contentUrl":"https:\/\/iha-race.com\/wp-content\/uploads\/2018\/07\/iha-race-drones-de-carreras-tienda-comprar-drones.png","width":300,"height":100,"caption":"Iha Race"},"image":{"@id":"https:\/\/iha-race.com\/de\/#\/schema\/logo\/image\/"}}]}},"jetpack_sharing_enabled":true,"brands":[],"_links":{"self":[{"href":"https:\/\/iha-race.com\/de\/wp-json\/wp\/v2\/product\/208231","targetHints":{"allow":["GET"]}}],"collection":[{"href":"https:\/\/iha-race.com\/de\/wp-json\/wp\/v2\/product"}],"about":[{"href":"https:\/\/iha-race.com\/de\/wp-json\/wp\/v2\/types\/product"}],"replies":[{"embeddable":true,"href":"https:\/\/iha-race.com\/de\/wp-json\/wp\/v2\/comments?post=208231"}],"version-history":[{"count":5,"href":"https:\/\/iha-race.com\/de\/wp-json\/wp\/v2\/product\/208231\/revisions"}],"predecessor-version":[{"id":253311,"href":"https:\/\/iha-race.com\/de\/wp-json\/wp\/v2\/product\/208231\/revisions\/253311"}],"wp:featuredmedia":[{"embeddable":true,"href":"https:\/\/iha-race.com\/de\/wp-json\/wp\/v2\/media\/253307"}],"wp:attachment":[{"href":"https:\/\/iha-race.com\/de\/wp-json\/wp\/v2\/media?parent=208231"}],"wp:term":[{"taxonomy":"pwb-brand","embeddable":true,"href":"https:\/\/iha-race.com\/de\/wp-json\/wp\/v2\/pwb-brand?post=208231"},{"taxonomy":"product_cat","embeddable":true,"href":"https:\/\/iha-race.com\/de\/wp-json\/wp\/v2\/product_cat?post=208231"},{"taxonomy":"product_tag","embeddable":true,"href":"https:\/\/iha-race.com\/de\/wp-json\/wp\/v2\/product_tag?post=208231"}],"curies":[{"name":"wp","href":"https:\/\/api.w.org\/{rel}","templated":true}]}}