{"id":208211,"date":"2020-03-03T16:22:08","date_gmt":"2020-03-03T15:22:08","guid":{"rendered":"https:\/\/iha-race.com\/producto\/falkor-predator-v3-zu-vtx-foxeer-clear-kabel\/"},"modified":"2024-08-29T16:10:11","modified_gmt":"2024-08-29T14:10:11","slug":"kabel-falkor-predator-v3-a-vtx-foxeer-clear","status":"publish","type":"product","link":"https:\/\/iha-race.com\/de\/producto\/kabel-falkor-predator-v3-a-vtx-foxeer-clear\/","title":{"rendered":"Falkor\/Predator V3 zu Vtx Foxeer Clear Kabel"},"content":{"rendered":"<h2>Falkor\/Predator V3 zu Vtx Foxeer Clear Kabel<\/h2>\n<p>&nbsp;  Original-Ersatzteile<\/p>\n","protected":false},"excerpt":{"rendered":"<p>Falkor\/Predator V3 zu Vtx Foxeer Clear Kabel &nbsp; Original-Ersatzteile<\/p>\n","protected":false},"featured_media":122471,"comment_status":"open","ping_status":"closed","template":"","meta":{"_joinchat":[]},"pwb-brand":[],"product_cat":[2578],"product_tag":[],"class_list":{"0":"post-208211","1":"product","2":"type-product","3":"status-publish","4":"has-post-thumbnail","6":"product_cat-kamera-ersatzteile","8":"first","9":"instock","10":"taxable","11":"shipping-taxable","12":"purchasable","13":"product-type-simple"},"barcode":null,"atum_controlled":true,"out_stock_date":null,"out_stock_threshold":null,"inheritable":false,"stock_on_hold":0,"sold_today":0,"sales_last_days":0,"out_stock_days":0,"lost_sales":0,"update_date":"2026-04-08T16:36:50","atum_locations":[],"atum_stock_status":"instock","restock_status":false,"low_stock_amount":"","sales_update_date":"2025-10-22T09:29:41","calc_backorders":null,"yoast_head":"<!-- This site is optimized with the Yoast SEO plugin v27.3 - https:\/\/yoast.com\/product\/yoast-seo-wordpress\/ -->\n<title>Falkor\/Predator V3 zu Vtx Foxeer Clear Kabel - Iha Race<\/title>\n<meta name=\"robots\" content=\"index, follow, max-snippet:-1, max-image-preview:large, max-video-preview:-1\" \/>\n<link rel=\"canonical\" href=\"https:\/\/iha-race.com\/de\/producto\/kabel-falkor-predator-v3-a-vtx-foxeer-clear\/\" \/>\n<meta property=\"og:locale\" content=\"de_DE\" \/>\n<meta property=\"og:type\" content=\"article\" \/>\n<meta property=\"og:title\" content=\"Falkor\/Predator V3 zu Vtx Foxeer Clear Kabel - Iha Race\" \/>\n<meta property=\"og:description\" content=\"Falkor\/Predator V3 zu Vtx Foxeer Clear Kabel &nbsp; Original-Ersatzteile\" \/>\n<meta property=\"og:url\" content=\"https:\/\/iha-race.com\/de\/producto\/kabel-falkor-predator-v3-a-vtx-foxeer-clear\/\" \/>\n<meta property=\"og:site_name\" content=\"Iha Race\" \/>\n<meta property=\"article:modified_time\" content=\"2024-08-29T14:10:11+00:00\" \/>\n<meta property=\"og:image\" content=\"https:\/\/iha-race.com\/wp-content\/uploads\/2020\/03\/41AAPtexeL._SL1000_.jpg\" \/>\n\t<meta property=\"og:image:width\" content=\"1000\" \/>\n\t<meta property=\"og:image:height\" content=\"1000\" \/>\n\t<meta property=\"og:image:type\" content=\"image\/jpeg\" \/>\n<meta name=\"twitter:card\" content=\"summary_large_image\" \/>\n<script type=\"application\/ld+json\" class=\"yoast-schema-graph\">{\"@context\":\"https:\\\/\\\/schema.org\",\"@graph\":[{\"@type\":\"WebPage\",\"@id\":\"https:\\\/\\\/iha-race.com\\\/de\\\/producto\\\/kabel-falkor-predator-v3-a-vtx-foxeer-clear\\\/\",\"url\":\"https:\\\/\\\/iha-race.com\\\/de\\\/producto\\\/kabel-falkor-predator-v3-a-vtx-foxeer-clear\\\/\",\"name\":\"Falkor\\\/Predator V3 zu Vtx Foxeer Clear Kabel - Iha Race\",\"isPartOf\":{\"@id\":\"https:\\\/\\\/iha-race.com\\\/de\\\/#website\"},\"primaryImageOfPage\":{\"@id\":\"https:\\\/\\\/iha-race.com\\\/de\\\/producto\\\/kabel-falkor-predator-v3-a-vtx-foxeer-clear\\\/#primaryimage\"},\"image\":{\"@id\":\"https:\\\/\\\/iha-race.com\\\/de\\\/producto\\\/kabel-falkor-predator-v3-a-vtx-foxeer-clear\\\/#primaryimage\"},\"thumbnailUrl\":\"https:\\\/\\\/iha-race.com\\\/wp-content\\\/uploads\\\/2020\\\/03\\\/41AAPtexeL._SL1000_.jpg\",\"datePublished\":\"2020-03-03T15:22:08+00:00\",\"dateModified\":\"2024-08-29T14:10:11+00:00\",\"breadcrumb\":{\"@id\":\"https:\\\/\\\/iha-race.com\\\/de\\\/producto\\\/kabel-falkor-predator-v3-a-vtx-foxeer-clear\\\/#breadcrumb\"},\"inLanguage\":\"de\",\"potentialAction\":[{\"@type\":\"ReadAction\",\"target\":[\"https:\\\/\\\/iha-race.com\\\/de\\\/producto\\\/kabel-falkor-predator-v3-a-vtx-foxeer-clear\\\/\"]}]},{\"@type\":\"ImageObject\",\"inLanguage\":\"de\",\"@id\":\"https:\\\/\\\/iha-race.com\\\/de\\\/producto\\\/kabel-falkor-predator-v3-a-vtx-foxeer-clear\\\/#primaryimage\",\"url\":\"https:\\\/\\\/iha-race.com\\\/wp-content\\\/uploads\\\/2020\\\/03\\\/41AAPtexeL._SL1000_.jpg\",\"contentUrl\":\"https:\\\/\\\/iha-race.com\\\/wp-content\\\/uploads\\\/2020\\\/03\\\/41AAPtexeL._SL1000_.jpg\",\"width\":1000,\"height\":1000,\"caption\":\"Cable Falkor\\\/Predator V3 a Vtx Foxeer Clear\"},{\"@type\":\"BreadcrumbList\",\"@id\":\"https:\\\/\\\/iha-race.com\\\/de\\\/producto\\\/kabel-falkor-predator-v3-a-vtx-foxeer-clear\\\/#breadcrumb\",\"itemListElement\":[{\"@type\":\"ListItem\",\"position\":1,\"name\":\"Portada\",\"item\":\"https:\\\/\\\/iha-race.com\\\/de\\\/elementor-499\\\/\"},{\"@type\":\"ListItem\",\"position\":2,\"name\":\"Shop\",\"item\":\"https:\\\/\\\/iha-race.com\\\/de\\\/shop\\\/\"},{\"@type\":\"ListItem\",\"position\":3,\"name\":\"Falkor\\\/Predator V3 zu Vtx Foxeer Clear Kabel\"}]},{\"@type\":\"WebSite\",\"@id\":\"https:\\\/\\\/iha-race.com\\\/de\\\/#website\",\"url\":\"https:\\\/\\\/iha-race.com\\\/de\\\/\",\"name\":\"Iha Race\",\"description\":\"Comprar drones de carreras FPV env\u00edos en un d\u00eda desde Espa\u00f1a\",\"publisher\":{\"@id\":\"https:\\\/\\\/iha-race.com\\\/de\\\/#organization\"},\"potentialAction\":[{\"@type\":\"SearchAction\",\"target\":{\"@type\":\"EntryPoint\",\"urlTemplate\":\"https:\\\/\\\/iha-race.com\\\/de\\\/?s={search_term_string}\"},\"query-input\":{\"@type\":\"PropertyValueSpecification\",\"valueRequired\":true,\"valueName\":\"search_term_string\"}}],\"inLanguage\":\"de\"},{\"@type\":\"Organization\",\"@id\":\"https:\\\/\\\/iha-race.com\\\/de\\\/#organization\",\"name\":\"Iha Race\",\"url\":\"https:\\\/\\\/iha-race.com\\\/de\\\/\",\"logo\":{\"@type\":\"ImageObject\",\"inLanguage\":\"de\",\"@id\":\"https:\\\/\\\/iha-race.com\\\/de\\\/#\\\/schema\\\/logo\\\/image\\\/\",\"url\":\"https:\\\/\\\/iha-race.com\\\/wp-content\\\/uploads\\\/2018\\\/07\\\/iha-race-drones-de-carreras-tienda-comprar-drones.png\",\"contentUrl\":\"https:\\\/\\\/iha-race.com\\\/wp-content\\\/uploads\\\/2018\\\/07\\\/iha-race-drones-de-carreras-tienda-comprar-drones.png\",\"width\":300,\"height\":100,\"caption\":\"Iha Race\"},\"image\":{\"@id\":\"https:\\\/\\\/iha-race.com\\\/de\\\/#\\\/schema\\\/logo\\\/image\\\/\"}}]}<\/script>\n<!-- \/ Yoast SEO plugin. -->","yoast_head_json":{"title":"Falkor\/Predator V3 zu Vtx Foxeer Clear Kabel - Iha Race","robots":{"index":"index","follow":"follow","max-snippet":"max-snippet:-1","max-image-preview":"max-image-preview:large","max-video-preview":"max-video-preview:-1"},"canonical":"https:\/\/iha-race.com\/de\/producto\/kabel-falkor-predator-v3-a-vtx-foxeer-clear\/","og_locale":"de_DE","og_type":"article","og_title":"Falkor\/Predator V3 zu Vtx Foxeer Clear Kabel - Iha Race","og_description":"Falkor\/Predator V3 zu Vtx Foxeer Clear Kabel &nbsp; Original-Ersatzteile","og_url":"https:\/\/iha-race.com\/de\/producto\/kabel-falkor-predator-v3-a-vtx-foxeer-clear\/","og_site_name":"Iha Race","article_modified_time":"2024-08-29T14:10:11+00:00","og_image":[{"width":1000,"height":1000,"url":"https:\/\/iha-race.com\/wp-content\/uploads\/2020\/03\/41AAPtexeL._SL1000_.jpg","type":"image\/jpeg"}],"twitter_card":"summary_large_image","schema":{"@context":"https:\/\/schema.org","@graph":[{"@type":"WebPage","@id":"https:\/\/iha-race.com\/de\/producto\/kabel-falkor-predator-v3-a-vtx-foxeer-clear\/","url":"https:\/\/iha-race.com\/de\/producto\/kabel-falkor-predator-v3-a-vtx-foxeer-clear\/","name":"Falkor\/Predator V3 zu Vtx Foxeer Clear Kabel - Iha Race","isPartOf":{"@id":"https:\/\/iha-race.com\/de\/#website"},"primaryImageOfPage":{"@id":"https:\/\/iha-race.com\/de\/producto\/kabel-falkor-predator-v3-a-vtx-foxeer-clear\/#primaryimage"},"image":{"@id":"https:\/\/iha-race.com\/de\/producto\/kabel-falkor-predator-v3-a-vtx-foxeer-clear\/#primaryimage"},"thumbnailUrl":"https:\/\/iha-race.com\/wp-content\/uploads\/2020\/03\/41AAPtexeL._SL1000_.jpg","datePublished":"2020-03-03T15:22:08+00:00","dateModified":"2024-08-29T14:10:11+00:00","breadcrumb":{"@id":"https:\/\/iha-race.com\/de\/producto\/kabel-falkor-predator-v3-a-vtx-foxeer-clear\/#breadcrumb"},"inLanguage":"de","potentialAction":[{"@type":"ReadAction","target":["https:\/\/iha-race.com\/de\/producto\/kabel-falkor-predator-v3-a-vtx-foxeer-clear\/"]}]},{"@type":"ImageObject","inLanguage":"de","@id":"https:\/\/iha-race.com\/de\/producto\/kabel-falkor-predator-v3-a-vtx-foxeer-clear\/#primaryimage","url":"https:\/\/iha-race.com\/wp-content\/uploads\/2020\/03\/41AAPtexeL._SL1000_.jpg","contentUrl":"https:\/\/iha-race.com\/wp-content\/uploads\/2020\/03\/41AAPtexeL._SL1000_.jpg","width":1000,"height":1000,"caption":"Cable Falkor\/Predator V3 a Vtx Foxeer Clear"},{"@type":"BreadcrumbList","@id":"https:\/\/iha-race.com\/de\/producto\/kabel-falkor-predator-v3-a-vtx-foxeer-clear\/#breadcrumb","itemListElement":[{"@type":"ListItem","position":1,"name":"Portada","item":"https:\/\/iha-race.com\/de\/elementor-499\/"},{"@type":"ListItem","position":2,"name":"Shop","item":"https:\/\/iha-race.com\/de\/shop\/"},{"@type":"ListItem","position":3,"name":"Falkor\/Predator V3 zu Vtx Foxeer Clear Kabel"}]},{"@type":"WebSite","@id":"https:\/\/iha-race.com\/de\/#website","url":"https:\/\/iha-race.com\/de\/","name":"Iha Race","description":"Comprar drones de carreras FPV env\u00edos en un d\u00eda desde Espa\u00f1a","publisher":{"@id":"https:\/\/iha-race.com\/de\/#organization"},"potentialAction":[{"@type":"SearchAction","target":{"@type":"EntryPoint","urlTemplate":"https:\/\/iha-race.com\/de\/?s={search_term_string}"},"query-input":{"@type":"PropertyValueSpecification","valueRequired":true,"valueName":"search_term_string"}}],"inLanguage":"de"},{"@type":"Organization","@id":"https:\/\/iha-race.com\/de\/#organization","name":"Iha Race","url":"https:\/\/iha-race.com\/de\/","logo":{"@type":"ImageObject","inLanguage":"de","@id":"https:\/\/iha-race.com\/de\/#\/schema\/logo\/image\/","url":"https:\/\/iha-race.com\/wp-content\/uploads\/2018\/07\/iha-race-drones-de-carreras-tienda-comprar-drones.png","contentUrl":"https:\/\/iha-race.com\/wp-content\/uploads\/2018\/07\/iha-race-drones-de-carreras-tienda-comprar-drones.png","width":300,"height":100,"caption":"Iha Race"},"image":{"@id":"https:\/\/iha-race.com\/de\/#\/schema\/logo\/image\/"}}]}},"brands":[],"_links":{"self":[{"href":"https:\/\/iha-race.com\/de\/wp-json\/wp\/v2\/product\/208211","targetHints":{"allow":["GET"]}}],"collection":[{"href":"https:\/\/iha-race.com\/de\/wp-json\/wp\/v2\/product"}],"about":[{"href":"https:\/\/iha-race.com\/de\/wp-json\/wp\/v2\/types\/product"}],"replies":[{"embeddable":true,"href":"https:\/\/iha-race.com\/de\/wp-json\/wp\/v2\/comments?post=208211"}],"version-history":[{"count":1,"href":"https:\/\/iha-race.com\/de\/wp-json\/wp\/v2\/product\/208211\/revisions"}],"predecessor-version":[{"id":250011,"href":"https:\/\/iha-race.com\/de\/wp-json\/wp\/v2\/product\/208211\/revisions\/250011"}],"wp:featuredmedia":[{"embeddable":true,"href":"https:\/\/iha-race.com\/de\/wp-json\/wp\/v2\/media\/122471"}],"wp:attachment":[{"href":"https:\/\/iha-race.com\/de\/wp-json\/wp\/v2\/media?parent=208211"}],"wp:term":[{"taxonomy":"pwb-brand","embeddable":true,"href":"https:\/\/iha-race.com\/de\/wp-json\/wp\/v2\/pwb-brand?post=208211"},{"taxonomy":"product_cat","embeddable":true,"href":"https:\/\/iha-race.com\/de\/wp-json\/wp\/v2\/product_cat?post=208211"},{"taxonomy":"product_tag","embeddable":true,"href":"https:\/\/iha-race.com\/de\/wp-json\/wp\/v2\/product_tag?post=208211"}],"curies":[{"name":"wp","href":"https:\/\/api.w.org\/{rel}","templated":true}]}}