{"id":208208,"date":"2020-03-17T12:34:01","date_gmt":"2020-03-17T11:34:01","guid":{"rendered":"https:\/\/iha-race.com\/producto\/betafpv-gemfan-2540-x-3-propeller-15-mm-welle\/"},"modified":"2024-08-29T16:09:37","modified_gmt":"2024-08-29T14:09:37","slug":"helice-betafpv-gemfan-2540-x-3-1-5-mm-shaft","status":"publish","type":"product","link":"https:\/\/iha-race.com\/de\/producto\/helice-betafpv-gemfan-2540-x-3-1-5-mm-shaft\/","title":{"rendered":"Betafpv Gemfan 2540 x 3 Propeller (1,5 mm Welle)"},"content":{"rendered":"<h2>Betafpv Gemfan 2540 x 3 Propeller (1,5 mm Welle)<\/h2>\n<p>  Holen Sie sich mehr Leistung, Kontrolle und Geschwindigkeit mit dem Gemfan 2540Prop! Das 3-Blatt-Design und das aggressive Profil bieten unglaublichen Schub und Leistung f\u00fcr 2-3-Zoll-Drohnen, die dennoch wendig sein m\u00fcssen. Dies ist das Standardzubeh\u00f6r f\u00fcr Beta95X Rahmen.  &nbsp;<\/p>\n<p><img fetchpriority=\"high\" decoding=\"async\" class=\"size-full wp-image-47002\" src=\"https:\/\/iha-race.com\/wp-content\/uploads\/2020\/03\/Captura-de-pantalla-2020-03-17-a-las-12.29.08.png\" alt=\"Gemfan 2540 x 3 Propeller (1,5 mm Welle)\" width=\"612\" height=\"387\" srcset=\"https:\/\/iha-race.com\/wp-content\/uploads\/2020\/03\/Captura-de-pantalla-2020-03-17-a-las-12.29.08.png 612w, https:\/\/iha-race.com\/wp-content\/uploads\/2020\/03\/Captura-de-pantalla-2020-03-17-a-las-12.29.08-599x379.png 599w, https:\/\/iha-race.com\/wp-content\/uploads\/2020\/03\/Captura-de-pantalla-2020-03-17-a-las-12.29.08-300x190.png 300w, https:\/\/iha-race.com\/wp-content\/uploads\/2020\/03\/Captura-de-pantalla-2020-03-17-a-las-12.29.08-1024x648.png 1024w, https:\/\/iha-race.com\/wp-content\/uploads\/2020\/03\/Captura-de-pantalla-2020-03-17-a-las-12.29.08-767x485.png 767w, https:\/\/iha-race.com\/wp-content\/uploads\/2020\/03\/Captura-de-pantalla-2020-03-17-a-las-12.29.08-1536x971.png 1536w, https:\/\/iha-race.com\/wp-content\/uploads\/2020\/03\/Captura-de-pantalla-2020-03-17-a-las-12.29.08-2048x1295.png 2048w, https:\/\/iha-race.com\/wp-content\/uploads\/2020\/03\/Captura-de-pantalla-2020-03-17-a-las-12.29.08-788x498.png 788w\" sizes=\"(max-width: 612px) 100vw, 612px\" \/><\/p>\n<h2>EMPFOHLENE TEILE<\/h2>\n<ul>\n<li>Rahmen: Beta95X-Rahmen .<\/li>\n<li>Geeignete 110x-Motoren wie der 1105 5000KV-Motor, der 1103 8000KV-Motor und der 1106 4500 \/ 5000KV-Motor.<\/li>\n<\/ul>\n<h2>SPEZIFIKATION<\/h2>\n<ul>\n<li>Material: Polykarbonate<\/li>\n<li>L\u00e4nge: 2,5 Zoll, etwa 63,5 mm<\/li>\n<li>Blaue Farbe<\/li>\n<li>Befestigungsloch: 1,5 mm<\/li>\n<li>Gewicht: 3,7 g (4 St\u00fcck)<\/li>\n<\/ul>\n<p><img decoding=\"async\" class=\"size-full wp-image-47003\" src=\"https:\/\/iha-race.com\/wp-content\/uploads\/2020\/03\/Captura-de-pantalla-2020-03-17-a-las-12.30.59.png\" alt=\"Gemfan 2540 x 3 Propeller (1,5 mm Welle)\" width=\"669\" height=\"521\" srcset=\"https:\/\/iha-race.com\/wp-content\/uploads\/2020\/03\/Captura-de-pantalla-2020-03-17-a-las-12.30.59.png 669w, https:\/\/iha-race.com\/wp-content\/uploads\/2020\/03\/Captura-de-pantalla-2020-03-17-a-las-12.30.59-600x467.png 600w, https:\/\/iha-race.com\/wp-content\/uploads\/2020\/03\/Captura-de-pantalla-2020-03-17-a-las-12.30.59-300x234.png 300w, https:\/\/iha-race.com\/wp-content\/uploads\/2020\/03\/Captura-de-pantalla-2020-03-17-a-las-12.30.59-1024x797.png 1024w, https:\/\/iha-race.com\/wp-content\/uploads\/2020\/03\/Captura-de-pantalla-2020-03-17-a-las-12.30.59-768x598.png 768w, https:\/\/iha-race.com\/wp-content\/uploads\/2020\/03\/Captura-de-pantalla-2020-03-17-a-las-12.30.59-1536x1196.png 1536w, https:\/\/iha-race.com\/wp-content\/uploads\/2020\/03\/Captura-de-pantalla-2020-03-17-a-las-12.30.59-2048x1595.png 2048w, https:\/\/iha-race.com\/wp-content\/uploads\/2020\/03\/Captura-de-pantalla-2020-03-17-a-las-12.30.59-788x613.png 788w\" sizes=\"(max-width: 669px) 100vw, 669px\" \/><\/p>\n","protected":false},"excerpt":{"rendered":"<p>Betafpv Gemfan 2540 x 3 Propeller (1,5 mm Welle) Holen Sie sich mehr Leistung, Kontrolle und Geschwindigkeit mit dem Gemfan 2540Prop! Das 3-Blatt-Design und das aggressive Profil bieten unglaublichen Schub<\/p>\n","protected":false},"featured_media":122506,"comment_status":"open","ping_status":"closed","template":"","meta":{"_joinchat":[]},"pwb-brand":[],"product_cat":[2601,2660],"product_tag":[],"class_list":{"0":"post-208208","1":"product","2":"type-product","3":"status-publish","4":"has-post-thumbnail","6":"product_cat-2-de","7":"product_cat-tripalas-de","9":"first","10":"instock","11":"taxable","12":"shipping-taxable","13":"purchasable","14":"product-type-simple"},"barcode":null,"atum_controlled":true,"out_stock_date":null,"out_stock_threshold":null,"inheritable":false,"stock_on_hold":0,"sold_today":0,"sales_last_days":0,"out_stock_days":0,"lost_sales":0,"update_date":"2026-04-27T21:47:36","atum_locations":[],"atum_stock_status":"instock","restock_status":false,"low_stock_amount":"","sales_update_date":"2026-04-27T21:47:36","calc_backorders":null,"yoast_head":"<!-- This site is optimized with the Yoast SEO plugin v27.3 - https:\/\/yoast.com\/product\/yoast-seo-wordpress\/ -->\n<title>Betafpv Gemfan 2540 x 3 Propeller (1,5 mm Welle) - Iha Race<\/title>\n<meta name=\"robots\" content=\"index, follow, max-snippet:-1, max-image-preview:large, max-video-preview:-1\" \/>\n<link rel=\"canonical\" href=\"https:\/\/iha-race.com\/de\/producto\/helice-betafpv-gemfan-2540-x-3-1-5-mm-shaft\/\" \/>\n<meta property=\"og:locale\" content=\"de_DE\" \/>\n<meta property=\"og:type\" content=\"article\" \/>\n<meta property=\"og:title\" content=\"Betafpv Gemfan 2540 x 3 Propeller (1,5 mm Welle) - Iha Race\" \/>\n<meta property=\"og:description\" content=\"Betafpv Gemfan 2540 x 3 Propeller (1,5 mm Welle) Holen Sie sich mehr Leistung, Kontrolle und Geschwindigkeit mit dem Gemfan 2540Prop! Das 3-Blatt-Design und das aggressive Profil bieten unglaublichen Schub\" \/>\n<meta property=\"og:url\" content=\"https:\/\/iha-race.com\/de\/producto\/helice-betafpv-gemfan-2540-x-3-1-5-mm-shaft\/\" \/>\n<meta property=\"og:site_name\" content=\"Iha Race\" \/>\n<meta property=\"article:modified_time\" content=\"2024-08-29T14:09:37+00:00\" \/>\n<meta property=\"og:image\" content=\"https:\/\/iha-race.com\/wp-content\/uploads\/2020\/03\/Captura-de-pantalla-2020-03-17-a-las-12.31.59.png\" \/>\n\t<meta property=\"og:image:width\" content=\"477\" \/>\n\t<meta property=\"og:image:height\" content=\"441\" \/>\n\t<meta property=\"og:image:type\" content=\"image\/png\" \/>\n<meta name=\"twitter:card\" content=\"summary_large_image\" \/>\n<script type=\"application\/ld+json\" class=\"yoast-schema-graph\">{\"@context\":\"https:\\\/\\\/schema.org\",\"@graph\":[{\"@type\":\"WebPage\",\"@id\":\"https:\\\/\\\/iha-race.com\\\/de\\\/producto\\\/helice-betafpv-gemfan-2540-x-3-1-5-mm-shaft\\\/\",\"url\":\"https:\\\/\\\/iha-race.com\\\/de\\\/producto\\\/helice-betafpv-gemfan-2540-x-3-1-5-mm-shaft\\\/\",\"name\":\"Betafpv Gemfan 2540 x 3 Propeller (1,5 mm Welle) - Iha Race\",\"isPartOf\":{\"@id\":\"https:\\\/\\\/iha-race.com\\\/de\\\/#website\"},\"primaryImageOfPage\":{\"@id\":\"https:\\\/\\\/iha-race.com\\\/de\\\/producto\\\/helice-betafpv-gemfan-2540-x-3-1-5-mm-shaft\\\/#primaryimage\"},\"image\":{\"@id\":\"https:\\\/\\\/iha-race.com\\\/de\\\/producto\\\/helice-betafpv-gemfan-2540-x-3-1-5-mm-shaft\\\/#primaryimage\"},\"thumbnailUrl\":\"https:\\\/\\\/iha-race.com\\\/wp-content\\\/uploads\\\/2020\\\/03\\\/Captura-de-pantalla-2020-03-17-a-las-12.31.59.png\",\"datePublished\":\"2020-03-17T11:34:01+00:00\",\"dateModified\":\"2024-08-29T14:09:37+00:00\",\"breadcrumb\":{\"@id\":\"https:\\\/\\\/iha-race.com\\\/de\\\/producto\\\/helice-betafpv-gemfan-2540-x-3-1-5-mm-shaft\\\/#breadcrumb\"},\"inLanguage\":\"de\",\"potentialAction\":[{\"@type\":\"ReadAction\",\"target\":[\"https:\\\/\\\/iha-race.com\\\/de\\\/producto\\\/helice-betafpv-gemfan-2540-x-3-1-5-mm-shaft\\\/\"]}]},{\"@type\":\"ImageObject\",\"inLanguage\":\"de\",\"@id\":\"https:\\\/\\\/iha-race.com\\\/de\\\/producto\\\/helice-betafpv-gemfan-2540-x-3-1-5-mm-shaft\\\/#primaryimage\",\"url\":\"https:\\\/\\\/iha-race.com\\\/wp-content\\\/uploads\\\/2020\\\/03\\\/Captura-de-pantalla-2020-03-17-a-las-12.31.59.png\",\"contentUrl\":\"https:\\\/\\\/iha-race.com\\\/wp-content\\\/uploads\\\/2020\\\/03\\\/Captura-de-pantalla-2020-03-17-a-las-12.31.59.png\",\"width\":477,\"height\":441,\"caption\":\"H\u00e9lice Gemfan 2540 x 3 (1.5 mm shaft)\"},{\"@type\":\"BreadcrumbList\",\"@id\":\"https:\\\/\\\/iha-race.com\\\/de\\\/producto\\\/helice-betafpv-gemfan-2540-x-3-1-5-mm-shaft\\\/#breadcrumb\",\"itemListElement\":[{\"@type\":\"ListItem\",\"position\":1,\"name\":\"Portada\",\"item\":\"https:\\\/\\\/iha-race.com\\\/de\\\/elementor-499\\\/\"},{\"@type\":\"ListItem\",\"position\":2,\"name\":\"Shop\",\"item\":\"https:\\\/\\\/iha-race.com\\\/de\\\/shop\\\/\"},{\"@type\":\"ListItem\",\"position\":3,\"name\":\"Betafpv Gemfan 2540 x 3 Propeller (1,5 mm Welle)\"}]},{\"@type\":\"WebSite\",\"@id\":\"https:\\\/\\\/iha-race.com\\\/de\\\/#website\",\"url\":\"https:\\\/\\\/iha-race.com\\\/de\\\/\",\"name\":\"Iha Race\",\"description\":\"Comprar drones de carreras FPV env\u00edos en un d\u00eda desde Espa\u00f1a\",\"publisher\":{\"@id\":\"https:\\\/\\\/iha-race.com\\\/de\\\/#organization\"},\"potentialAction\":[{\"@type\":\"SearchAction\",\"target\":{\"@type\":\"EntryPoint\",\"urlTemplate\":\"https:\\\/\\\/iha-race.com\\\/de\\\/?s={search_term_string}\"},\"query-input\":{\"@type\":\"PropertyValueSpecification\",\"valueRequired\":true,\"valueName\":\"search_term_string\"}}],\"inLanguage\":\"de\"},{\"@type\":\"Organization\",\"@id\":\"https:\\\/\\\/iha-race.com\\\/de\\\/#organization\",\"name\":\"Iha Race\",\"url\":\"https:\\\/\\\/iha-race.com\\\/de\\\/\",\"logo\":{\"@type\":\"ImageObject\",\"inLanguage\":\"de\",\"@id\":\"https:\\\/\\\/iha-race.com\\\/de\\\/#\\\/schema\\\/logo\\\/image\\\/\",\"url\":\"https:\\\/\\\/iha-race.com\\\/wp-content\\\/uploads\\\/2018\\\/07\\\/iha-race-drones-de-carreras-tienda-comprar-drones.png\",\"contentUrl\":\"https:\\\/\\\/iha-race.com\\\/wp-content\\\/uploads\\\/2018\\\/07\\\/iha-race-drones-de-carreras-tienda-comprar-drones.png\",\"width\":300,\"height\":100,\"caption\":\"Iha Race\"},\"image\":{\"@id\":\"https:\\\/\\\/iha-race.com\\\/de\\\/#\\\/schema\\\/logo\\\/image\\\/\"}}]}<\/script>\n<!-- \/ Yoast SEO plugin. -->","yoast_head_json":{"title":"Betafpv Gemfan 2540 x 3 Propeller (1,5 mm Welle) - Iha Race","robots":{"index":"index","follow":"follow","max-snippet":"max-snippet:-1","max-image-preview":"max-image-preview:large","max-video-preview":"max-video-preview:-1"},"canonical":"https:\/\/iha-race.com\/de\/producto\/helice-betafpv-gemfan-2540-x-3-1-5-mm-shaft\/","og_locale":"de_DE","og_type":"article","og_title":"Betafpv Gemfan 2540 x 3 Propeller (1,5 mm Welle) - Iha Race","og_description":"Betafpv Gemfan 2540 x 3 Propeller (1,5 mm Welle) Holen Sie sich mehr Leistung, Kontrolle und Geschwindigkeit mit dem Gemfan 2540Prop! Das 3-Blatt-Design und das aggressive Profil bieten unglaublichen Schub","og_url":"https:\/\/iha-race.com\/de\/producto\/helice-betafpv-gemfan-2540-x-3-1-5-mm-shaft\/","og_site_name":"Iha Race","article_modified_time":"2024-08-29T14:09:37+00:00","og_image":[{"width":477,"height":441,"url":"https:\/\/iha-race.com\/wp-content\/uploads\/2020\/03\/Captura-de-pantalla-2020-03-17-a-las-12.31.59.png","type":"image\/png"}],"twitter_card":"summary_large_image","schema":{"@context":"https:\/\/schema.org","@graph":[{"@type":"WebPage","@id":"https:\/\/iha-race.com\/de\/producto\/helice-betafpv-gemfan-2540-x-3-1-5-mm-shaft\/","url":"https:\/\/iha-race.com\/de\/producto\/helice-betafpv-gemfan-2540-x-3-1-5-mm-shaft\/","name":"Betafpv Gemfan 2540 x 3 Propeller (1,5 mm Welle) - Iha Race","isPartOf":{"@id":"https:\/\/iha-race.com\/de\/#website"},"primaryImageOfPage":{"@id":"https:\/\/iha-race.com\/de\/producto\/helice-betafpv-gemfan-2540-x-3-1-5-mm-shaft\/#primaryimage"},"image":{"@id":"https:\/\/iha-race.com\/de\/producto\/helice-betafpv-gemfan-2540-x-3-1-5-mm-shaft\/#primaryimage"},"thumbnailUrl":"https:\/\/iha-race.com\/wp-content\/uploads\/2020\/03\/Captura-de-pantalla-2020-03-17-a-las-12.31.59.png","datePublished":"2020-03-17T11:34:01+00:00","dateModified":"2024-08-29T14:09:37+00:00","breadcrumb":{"@id":"https:\/\/iha-race.com\/de\/producto\/helice-betafpv-gemfan-2540-x-3-1-5-mm-shaft\/#breadcrumb"},"inLanguage":"de","potentialAction":[{"@type":"ReadAction","target":["https:\/\/iha-race.com\/de\/producto\/helice-betafpv-gemfan-2540-x-3-1-5-mm-shaft\/"]}]},{"@type":"ImageObject","inLanguage":"de","@id":"https:\/\/iha-race.com\/de\/producto\/helice-betafpv-gemfan-2540-x-3-1-5-mm-shaft\/#primaryimage","url":"https:\/\/iha-race.com\/wp-content\/uploads\/2020\/03\/Captura-de-pantalla-2020-03-17-a-las-12.31.59.png","contentUrl":"https:\/\/iha-race.com\/wp-content\/uploads\/2020\/03\/Captura-de-pantalla-2020-03-17-a-las-12.31.59.png","width":477,"height":441,"caption":"H\u00e9lice Gemfan 2540 x 3 (1.5 mm shaft)"},{"@type":"BreadcrumbList","@id":"https:\/\/iha-race.com\/de\/producto\/helice-betafpv-gemfan-2540-x-3-1-5-mm-shaft\/#breadcrumb","itemListElement":[{"@type":"ListItem","position":1,"name":"Portada","item":"https:\/\/iha-race.com\/de\/elementor-499\/"},{"@type":"ListItem","position":2,"name":"Shop","item":"https:\/\/iha-race.com\/de\/shop\/"},{"@type":"ListItem","position":3,"name":"Betafpv Gemfan 2540 x 3 Propeller (1,5 mm Welle)"}]},{"@type":"WebSite","@id":"https:\/\/iha-race.com\/de\/#website","url":"https:\/\/iha-race.com\/de\/","name":"Iha Race","description":"Comprar drones de carreras FPV env\u00edos en un d\u00eda desde Espa\u00f1a","publisher":{"@id":"https:\/\/iha-race.com\/de\/#organization"},"potentialAction":[{"@type":"SearchAction","target":{"@type":"EntryPoint","urlTemplate":"https:\/\/iha-race.com\/de\/?s={search_term_string}"},"query-input":{"@type":"PropertyValueSpecification","valueRequired":true,"valueName":"search_term_string"}}],"inLanguage":"de"},{"@type":"Organization","@id":"https:\/\/iha-race.com\/de\/#organization","name":"Iha Race","url":"https:\/\/iha-race.com\/de\/","logo":{"@type":"ImageObject","inLanguage":"de","@id":"https:\/\/iha-race.com\/de\/#\/schema\/logo\/image\/","url":"https:\/\/iha-race.com\/wp-content\/uploads\/2018\/07\/iha-race-drones-de-carreras-tienda-comprar-drones.png","contentUrl":"https:\/\/iha-race.com\/wp-content\/uploads\/2018\/07\/iha-race-drones-de-carreras-tienda-comprar-drones.png","width":300,"height":100,"caption":"Iha Race"},"image":{"@id":"https:\/\/iha-race.com\/de\/#\/schema\/logo\/image\/"}}]}},"jetpack_sharing_enabled":true,"brands":[],"_links":{"self":[{"href":"https:\/\/iha-race.com\/de\/wp-json\/wp\/v2\/product\/208208","targetHints":{"allow":["GET"]}}],"collection":[{"href":"https:\/\/iha-race.com\/de\/wp-json\/wp\/v2\/product"}],"about":[{"href":"https:\/\/iha-race.com\/de\/wp-json\/wp\/v2\/types\/product"}],"replies":[{"embeddable":true,"href":"https:\/\/iha-race.com\/de\/wp-json\/wp\/v2\/comments?post=208208"}],"version-history":[{"count":2,"href":"https:\/\/iha-race.com\/de\/wp-json\/wp\/v2\/product\/208208\/revisions"}],"predecessor-version":[{"id":249996,"href":"https:\/\/iha-race.com\/de\/wp-json\/wp\/v2\/product\/208208\/revisions\/249996"}],"wp:featuredmedia":[{"embeddable":true,"href":"https:\/\/iha-race.com\/de\/wp-json\/wp\/v2\/media\/122506"}],"wp:attachment":[{"href":"https:\/\/iha-race.com\/de\/wp-json\/wp\/v2\/media?parent=208208"}],"wp:term":[{"taxonomy":"pwb-brand","embeddable":true,"href":"https:\/\/iha-race.com\/de\/wp-json\/wp\/v2\/pwb-brand?post=208208"},{"taxonomy":"product_cat","embeddable":true,"href":"https:\/\/iha-race.com\/de\/wp-json\/wp\/v2\/product_cat?post=208208"},{"taxonomy":"product_tag","embeddable":true,"href":"https:\/\/iha-race.com\/de\/wp-json\/wp\/v2\/product_tag?post=208208"}],"curies":[{"name":"wp","href":"https:\/\/api.w.org\/{rel}","templated":true}]}}