{"id":208194,"date":"2020-01-30T10:55:42","date_gmt":"2020-01-30T09:55:42","guid":{"rendered":"https:\/\/iha-race.com\/producto\/lumenier-micro-axii-stubby-mmcx-5-8ghz-antenne-rhcp\/"},"modified":"2024-08-29T16:10:36","modified_gmt":"2024-08-29T14:10:36","slug":"antenne-lumenier-micro-axii-stubby-mmcx-5-8ghz-rhcp","status":"publish","type":"product","link":"https:\/\/iha-race.com\/de\/producto\/antenne-lumenier-micro-axii-stubby-mmcx-5-8ghz-rhcp\/","title":{"rendered":"Lumenier Micro AXII Stubby MMCX 5.8GHz Antenne (RHCP)"},"content":{"rendered":"<h2>Lumenier Micro AXII Stubby MMCX 5.8GHz Antenne (RHCP)<\/h2>\n<p>  Die Lumenier Micro AXII Stubby-Antenne bringt die Dinge auf die n\u00e4chste (kleinere) Ebene. In Zusammenarbeit mit dem renommierten FPV-Antennenentwickler Hugo de TrueRC bringt Lumenier die kleinsten, leichtesten und leistungsf\u00e4higsten FPV-Antennen der Welt auf den Markt. Die Micro AXII Stubby Antenne ist eine weitere Innovation in der Micro AXII Linie. Die Micro AXII Stubby ist mit ihrem einzigartigen Antennenelement, das direkt an den MMCX-Stecker angeschlossen wird, unglaublich vielseitig. Sie ist leicht (2 g) und hat ein niedriges Profil, insbesondere f\u00fcr eine zirkular polarisierte Antenne. Mit den gleichen internen Komponenten wie beim Micro AXII erhalten Sie kompromisslos zirkular polarisierte Leistung in Ihrem Full- oder Micro-Size-Quad, Brushed Whoop oder Cinewhoop. Das Besondere am Micro AXII Stubby ist der MMCX-Anschluss. Sie k\u00f6nnen den Micro AXII Stubby direkt an den VTX anschlie\u00dfen, um eine l\u00e4cherlich kompakte Antennenkonfiguration zu erhalten. F\u00fcr mehr Flexibilit\u00e4t bei der Platzierung der Antenne k\u00f6nnen Sie das mitgelieferte MMCX-Adapterkabel verwenden, um Ihre Antenne genau dort zu positionieren, wo Sie sie haben m\u00f6chten. Obwohl die Micro AXII klein und leicht ist, geht sie nicht auf Kosten der Leistung. In der Tat \u00fcbertrifft sie die meisten anderen Antennen in allen Kategorien. Dank der pr\u00e4zisen Technik hat diese Antenne eine nahezu perfekte polare Kreuzunterdr\u00fcckung, die zu einer echten Zirkularit\u00e4t f\u00fchrt. Das bedeutet, dass eine RHCP Micro AXII-Antenne fast 100 % der LHCP-Signale unterdr\u00fcckt, so dass Sie ein klares, rauschfreies Bild aus mehreren Pfaden erhalten. Dar\u00fcber hinaus hat der Micro AXII eine hohe maximale Verst\u00e4rkung von 1,6 dBic, die eine bessere Reichweite und Durchdringung erm\u00f6glicht. Es hat eine gro\u00dfe Bandbreite, die das beliebte 5GHz FPV-Band von 5,5GHz-6,0GHz abdeckt, so dass Sie ein klares und starkes Signal haben, egal auf welcher Frequenz Sie sich befinden. Die Micro AXII wurde entwickelt, um extrem widerstandsf\u00e4hig zu sein und den Belastungen standzuhalten, die FPV-Piloten auf ihre Antennen aus\u00fcben. Die gesamte Antennenbaugruppe ist im Inneren des spritzgegossenen Au\u00dfengeh\u00e4uses sicher gesch\u00fctzt. Das \u00e4u\u00dfere Geh\u00e4use besteht aus sto\u00dffestem Polycarbonat und ist versiegelt, um die Antennenelemente im Inneren zu sch\u00fctzen.  &nbsp;<\/p>\n<figure id=\"attachment_122364\" aria-describedby=\"caption-attachment-122364\" style=\"width: 1000px\" class=\"wp-caption aligncenter\"><img fetchpriority=\"high\" decoding=\"async\" class=\"size-full wp-image-45117\" src=\"https:\/\/iha-race.com\/wp-content\/uploads\/2020\/01\/axii-micro-stubby-cat-banner-1.jpg\" alt=\"Lumenier Micro AXII Stubby MMCX 5.8GHz Antenne (RHCP)\" width=\"1000\" height=\"300\" srcset=\"https:\/\/iha-race.com\/wp-content\/uploads\/2020\/01\/axii-micro-stubby-cat-banner-1.jpg 1000w, https:\/\/iha-race.com\/wp-content\/uploads\/2020\/01\/axii-micro-stubby-cat-banner-1-600x180.jpg 600w, https:\/\/iha-race.com\/wp-content\/uploads\/2020\/01\/axii-micro-stubby-cat-banner-1-300x90.jpg 300w, https:\/\/iha-race.com\/wp-content\/uploads\/2020\/01\/axii-micro-stubby-cat-banner-1-1024x307.jpg 1024w, https:\/\/iha-race.com\/wp-content\/uploads\/2020\/01\/axii-micro-stubby-cat-banner-1-767x230.jpg 767w, https:\/\/iha-race.com\/wp-content\/uploads\/2020\/01\/axii-micro-stubby-cat-banner-1-1536x461.jpg 1536w, https:\/\/iha-race.com\/wp-content\/uploads\/2020\/01\/axii-micro-stubby-cat-banner-1-2048x614.jpg 2048w, https:\/\/iha-race.com\/wp-content\/uploads\/2020\/01\/axii-micro-stubby-cat-banner-1-788x236.jpg 788w\" sizes=\"(max-width: 1000px) 100vw, 1000px\" \/><figcaption id=\"caption-attachment-122364\" class=\"wp-caption-text\">Lumenier Micro AXII Stubby MMCX 5.8GHz Antenne (RHCP)<\/figcaption><\/figure>\n<p>&nbsp;<\/p>\n<p>&nbsp;<\/p>\n<h2>Spezifikationen<\/h2>\n<ul>\n<li><strong>Verst\u00e4rkung:<\/strong> 1.6dbic<\/li>\n<li><strong>Unterdr\u00fcckung von Kreuzpolarit\u00e4t<\/strong>: -10 bis -28dB (2,4%)<\/li>\n<li><strong>Bandbreite:<\/strong> 5,5GHz-6,0GHz<\/li>\n<li><strong>Strahlungseffizienz:<\/strong> 98%.<\/li>\n<li><strong>SWR:<\/strong> &lt;= 1,5: 1<\/li>\n<li><strong>Gewicht:<\/strong> 2g<\/li>\n<li><strong>Gr\u00f6\u00dfe:<\/strong> 22,1 mm x 13,5 mm<\/li>\n<li><strong>Anschluss:<\/strong> MMCX gerade<\/li>\n<li>Kompatibel mit anderen Arten von 5,8-GHz-RHCP-Antennen<\/li>\n<\/ul>\n<h2><strong>Polarisierung<\/strong><\/h2>\n<ul>\n<li>Rechtsh\u00e4ndig kreisf\u00f6rmig (RHCP)<\/li>\n<\/ul>\n<h2>Enth\u00e4lt<\/h2>\n<ul>\n<li>1x Lumenier Micro AXII Stubby MMCX 5.8GHz Antenne (RHCP)<\/li>\n<li>1x MMCX-Buchse auf MMCX-Stecker 145mm-Adapterkabel<\/li>\n<\/ul>\n<p><em>Entwurf <a href=\"http:\/\/www.truerc.ca\/\" target=\"_blank\" rel=\"noopener noreferrer\"><img decoding=\"async\" src=\"https:\/\/cdn.getfpv.com\/media\/wysiwyg\/logos\/true-rc-cananda.png\" alt=\"TrueRC von Kanada\"><\/a> und Herstellung durch <a href=\"http:\/\/www.lumenier.com\/\" target=\"_blank\" rel=\"noopener noreferrer\"><img decoding=\"async\" src=\"https:\/\/cdn.getfpv.com\/media\/wysiwyg\/logos\/lumenier-logo.png\" alt=\"Lumenier\"><\/a> zum Patent angemeldet.<\/em><\/p>\n","protected":false},"excerpt":{"rendered":"<p>Lumenier Micro AXII Stubby MMCX 5.8GHz Antenne (RHCP) Die Lumenier Micro AXII Stubby-Antenne bringt die Dinge auf die n\u00e4chste (kleinere) Ebene. In Zusammenarbeit mit dem renommierten FPV-Antennenentwickler Hugo de TrueRC<\/p>\n","protected":false},"featured_media":124547,"comment_status":"open","ping_status":"closed","template":"","meta":{"_joinchat":[]},"pwb-brand":[],"product_cat":[2589],"product_tag":[],"class_list":{"0":"post-208194","1":"product","2":"type-product","3":"status-publish","4":"has-post-thumbnail","6":"product_cat-fpv-antennen","8":"first","9":"instock","10":"taxable","11":"shipping-taxable","12":"purchasable","13":"product-type-simple"},"barcode":null,"atum_controlled":true,"out_stock_date":null,"out_stock_threshold":null,"inheritable":false,"stock_on_hold":0,"sold_today":0,"sales_last_days":0,"out_stock_days":0,"lost_sales":0,"update_date":"2026-04-18T19:10:51","atum_locations":[],"atum_stock_status":"instock","restock_status":false,"low_stock_amount":"","sales_update_date":"2026-04-18T19:10:51","calc_backorders":null,"yoast_head":"<!-- This site is optimized with the Yoast SEO plugin v27.3 - https:\/\/yoast.com\/product\/yoast-seo-wordpress\/ -->\n<title>Lumenier Micro AXII Stubby MMCX 5.8GHz Antenne (RHCP) - Iha Race<\/title>\n<meta name=\"robots\" content=\"index, follow, max-snippet:-1, max-image-preview:large, max-video-preview:-1\" \/>\n<link rel=\"canonical\" href=\"https:\/\/iha-race.com\/de\/producto\/antenne-lumenier-micro-axii-stubby-mmcx-5-8ghz-rhcp\/\" \/>\n<meta property=\"og:locale\" content=\"de_DE\" \/>\n<meta property=\"og:type\" content=\"article\" \/>\n<meta property=\"og:title\" content=\"Lumenier Micro AXII Stubby MMCX 5.8GHz Antenne (RHCP) - Iha Race\" \/>\n<meta property=\"og:description\" content=\"Lumenier Micro AXII Stubby MMCX 5.8GHz Antenne (RHCP) Die Lumenier Micro AXII Stubby-Antenne bringt die Dinge auf die n\u00e4chste (kleinere) Ebene. In Zusammenarbeit mit dem renommierten FPV-Antennenentwickler Hugo de TrueRC\" \/>\n<meta property=\"og:url\" content=\"https:\/\/iha-race.com\/de\/producto\/antenne-lumenier-micro-axii-stubby-mmcx-5-8ghz-rhcp\/\" \/>\n<meta property=\"og:site_name\" content=\"Iha Race\" \/>\n<meta property=\"article:modified_time\" content=\"2024-08-29T14:10:36+00:00\" \/>\n<meta property=\"og:image\" content=\"https:\/\/iha-race.com\/wp-content\/uploads\/2020\/01\/Micro-AXII-5.8-S-RHCP-stubby-comprar-1.jpg\" \/>\n\t<meta property=\"og:image:width\" content=\"800\" \/>\n\t<meta property=\"og:image:height\" content=\"800\" \/>\n\t<meta property=\"og:image:type\" content=\"image\/jpeg\" \/>\n<meta name=\"twitter:card\" content=\"summary_large_image\" \/>\n<meta name=\"twitter:label1\" content=\"Gesch\u00e4tzte Lesezeit\" \/>\n\t<meta name=\"twitter:data1\" content=\"2\u00a0Minuten\" \/>\n<script type=\"application\/ld+json\" class=\"yoast-schema-graph\">{\"@context\":\"https:\\\/\\\/schema.org\",\"@graph\":[{\"@type\":\"WebPage\",\"@id\":\"https:\\\/\\\/iha-race.com\\\/de\\\/producto\\\/antenne-lumenier-micro-axii-stubby-mmcx-5-8ghz-rhcp\\\/\",\"url\":\"https:\\\/\\\/iha-race.com\\\/de\\\/producto\\\/antenne-lumenier-micro-axii-stubby-mmcx-5-8ghz-rhcp\\\/\",\"name\":\"Lumenier Micro AXII Stubby MMCX 5.8GHz Antenne (RHCP) - Iha Race\",\"isPartOf\":{\"@id\":\"https:\\\/\\\/iha-race.com\\\/de\\\/#website\"},\"primaryImageOfPage\":{\"@id\":\"https:\\\/\\\/iha-race.com\\\/de\\\/producto\\\/antenne-lumenier-micro-axii-stubby-mmcx-5-8ghz-rhcp\\\/#primaryimage\"},\"image\":{\"@id\":\"https:\\\/\\\/iha-race.com\\\/de\\\/producto\\\/antenne-lumenier-micro-axii-stubby-mmcx-5-8ghz-rhcp\\\/#primaryimage\"},\"thumbnailUrl\":\"https:\\\/\\\/iha-race.com\\\/wp-content\\\/uploads\\\/2020\\\/01\\\/Micro-AXII-5.8-S-RHCP-stubby-comprar-1.jpg\",\"datePublished\":\"2020-01-30T09:55:42+00:00\",\"dateModified\":\"2024-08-29T14:10:36+00:00\",\"breadcrumb\":{\"@id\":\"https:\\\/\\\/iha-race.com\\\/de\\\/producto\\\/antenne-lumenier-micro-axii-stubby-mmcx-5-8ghz-rhcp\\\/#breadcrumb\"},\"inLanguage\":\"de\",\"potentialAction\":[{\"@type\":\"ReadAction\",\"target\":[\"https:\\\/\\\/iha-race.com\\\/de\\\/producto\\\/antenne-lumenier-micro-axii-stubby-mmcx-5-8ghz-rhcp\\\/\"]}]},{\"@type\":\"ImageObject\",\"inLanguage\":\"de\",\"@id\":\"https:\\\/\\\/iha-race.com\\\/de\\\/producto\\\/antenne-lumenier-micro-axii-stubby-mmcx-5-8ghz-rhcp\\\/#primaryimage\",\"url\":\"https:\\\/\\\/iha-race.com\\\/wp-content\\\/uploads\\\/2020\\\/01\\\/Micro-AXII-5.8-S-RHCP-stubby-comprar-1.jpg\",\"contentUrl\":\"https:\\\/\\\/iha-race.com\\\/wp-content\\\/uploads\\\/2020\\\/01\\\/Micro-AXII-5.8-S-RHCP-stubby-comprar-1.jpg\",\"width\":800,\"height\":800},{\"@type\":\"BreadcrumbList\",\"@id\":\"https:\\\/\\\/iha-race.com\\\/de\\\/producto\\\/antenne-lumenier-micro-axii-stubby-mmcx-5-8ghz-rhcp\\\/#breadcrumb\",\"itemListElement\":[{\"@type\":\"ListItem\",\"position\":1,\"name\":\"Portada\",\"item\":\"https:\\\/\\\/iha-race.com\\\/de\\\/elementor-499\\\/\"},{\"@type\":\"ListItem\",\"position\":2,\"name\":\"Shop\",\"item\":\"https:\\\/\\\/iha-race.com\\\/de\\\/shop\\\/\"},{\"@type\":\"ListItem\",\"position\":3,\"name\":\"Lumenier Micro AXII Stubby MMCX 5.8GHz Antenne (RHCP)\"}]},{\"@type\":\"WebSite\",\"@id\":\"https:\\\/\\\/iha-race.com\\\/de\\\/#website\",\"url\":\"https:\\\/\\\/iha-race.com\\\/de\\\/\",\"name\":\"Iha Race\",\"description\":\"Comprar drones de carreras FPV env\u00edos en un d\u00eda desde Espa\u00f1a\",\"publisher\":{\"@id\":\"https:\\\/\\\/iha-race.com\\\/de\\\/#organization\"},\"potentialAction\":[{\"@type\":\"SearchAction\",\"target\":{\"@type\":\"EntryPoint\",\"urlTemplate\":\"https:\\\/\\\/iha-race.com\\\/de\\\/?s={search_term_string}\"},\"query-input\":{\"@type\":\"PropertyValueSpecification\",\"valueRequired\":true,\"valueName\":\"search_term_string\"}}],\"inLanguage\":\"de\"},{\"@type\":\"Organization\",\"@id\":\"https:\\\/\\\/iha-race.com\\\/de\\\/#organization\",\"name\":\"Iha Race\",\"url\":\"https:\\\/\\\/iha-race.com\\\/de\\\/\",\"logo\":{\"@type\":\"ImageObject\",\"inLanguage\":\"de\",\"@id\":\"https:\\\/\\\/iha-race.com\\\/de\\\/#\\\/schema\\\/logo\\\/image\\\/\",\"url\":\"https:\\\/\\\/iha-race.com\\\/wp-content\\\/uploads\\\/2018\\\/07\\\/iha-race-drones-de-carreras-tienda-comprar-drones.png\",\"contentUrl\":\"https:\\\/\\\/iha-race.com\\\/wp-content\\\/uploads\\\/2018\\\/07\\\/iha-race-drones-de-carreras-tienda-comprar-drones.png\",\"width\":300,\"height\":100,\"caption\":\"Iha Race\"},\"image\":{\"@id\":\"https:\\\/\\\/iha-race.com\\\/de\\\/#\\\/schema\\\/logo\\\/image\\\/\"}}]}<\/script>\n<!-- \/ Yoast SEO plugin. -->","yoast_head_json":{"title":"Lumenier Micro AXII Stubby MMCX 5.8GHz Antenne (RHCP) - Iha Race","robots":{"index":"index","follow":"follow","max-snippet":"max-snippet:-1","max-image-preview":"max-image-preview:large","max-video-preview":"max-video-preview:-1"},"canonical":"https:\/\/iha-race.com\/de\/producto\/antenne-lumenier-micro-axii-stubby-mmcx-5-8ghz-rhcp\/","og_locale":"de_DE","og_type":"article","og_title":"Lumenier Micro AXII Stubby MMCX 5.8GHz Antenne (RHCP) - Iha Race","og_description":"Lumenier Micro AXII Stubby MMCX 5.8GHz Antenne (RHCP) Die Lumenier Micro AXII Stubby-Antenne bringt die Dinge auf die n\u00e4chste (kleinere) Ebene. In Zusammenarbeit mit dem renommierten FPV-Antennenentwickler Hugo de TrueRC","og_url":"https:\/\/iha-race.com\/de\/producto\/antenne-lumenier-micro-axii-stubby-mmcx-5-8ghz-rhcp\/","og_site_name":"Iha Race","article_modified_time":"2024-08-29T14:10:36+00:00","og_image":[{"width":800,"height":800,"url":"https:\/\/iha-race.com\/wp-content\/uploads\/2020\/01\/Micro-AXII-5.8-S-RHCP-stubby-comprar-1.jpg","type":"image\/jpeg"}],"twitter_card":"summary_large_image","twitter_misc":{"Gesch\u00e4tzte Lesezeit":"2\u00a0Minuten"},"schema":{"@context":"https:\/\/schema.org","@graph":[{"@type":"WebPage","@id":"https:\/\/iha-race.com\/de\/producto\/antenne-lumenier-micro-axii-stubby-mmcx-5-8ghz-rhcp\/","url":"https:\/\/iha-race.com\/de\/producto\/antenne-lumenier-micro-axii-stubby-mmcx-5-8ghz-rhcp\/","name":"Lumenier Micro AXII Stubby MMCX 5.8GHz Antenne (RHCP) - Iha Race","isPartOf":{"@id":"https:\/\/iha-race.com\/de\/#website"},"primaryImageOfPage":{"@id":"https:\/\/iha-race.com\/de\/producto\/antenne-lumenier-micro-axii-stubby-mmcx-5-8ghz-rhcp\/#primaryimage"},"image":{"@id":"https:\/\/iha-race.com\/de\/producto\/antenne-lumenier-micro-axii-stubby-mmcx-5-8ghz-rhcp\/#primaryimage"},"thumbnailUrl":"https:\/\/iha-race.com\/wp-content\/uploads\/2020\/01\/Micro-AXII-5.8-S-RHCP-stubby-comprar-1.jpg","datePublished":"2020-01-30T09:55:42+00:00","dateModified":"2024-08-29T14:10:36+00:00","breadcrumb":{"@id":"https:\/\/iha-race.com\/de\/producto\/antenne-lumenier-micro-axii-stubby-mmcx-5-8ghz-rhcp\/#breadcrumb"},"inLanguage":"de","potentialAction":[{"@type":"ReadAction","target":["https:\/\/iha-race.com\/de\/producto\/antenne-lumenier-micro-axii-stubby-mmcx-5-8ghz-rhcp\/"]}]},{"@type":"ImageObject","inLanguage":"de","@id":"https:\/\/iha-race.com\/de\/producto\/antenne-lumenier-micro-axii-stubby-mmcx-5-8ghz-rhcp\/#primaryimage","url":"https:\/\/iha-race.com\/wp-content\/uploads\/2020\/01\/Micro-AXII-5.8-S-RHCP-stubby-comprar-1.jpg","contentUrl":"https:\/\/iha-race.com\/wp-content\/uploads\/2020\/01\/Micro-AXII-5.8-S-RHCP-stubby-comprar-1.jpg","width":800,"height":800},{"@type":"BreadcrumbList","@id":"https:\/\/iha-race.com\/de\/producto\/antenne-lumenier-micro-axii-stubby-mmcx-5-8ghz-rhcp\/#breadcrumb","itemListElement":[{"@type":"ListItem","position":1,"name":"Portada","item":"https:\/\/iha-race.com\/de\/elementor-499\/"},{"@type":"ListItem","position":2,"name":"Shop","item":"https:\/\/iha-race.com\/de\/shop\/"},{"@type":"ListItem","position":3,"name":"Lumenier Micro AXII Stubby MMCX 5.8GHz Antenne (RHCP)"}]},{"@type":"WebSite","@id":"https:\/\/iha-race.com\/de\/#website","url":"https:\/\/iha-race.com\/de\/","name":"Iha Race","description":"Comprar drones de carreras FPV env\u00edos en un d\u00eda desde Espa\u00f1a","publisher":{"@id":"https:\/\/iha-race.com\/de\/#organization"},"potentialAction":[{"@type":"SearchAction","target":{"@type":"EntryPoint","urlTemplate":"https:\/\/iha-race.com\/de\/?s={search_term_string}"},"query-input":{"@type":"PropertyValueSpecification","valueRequired":true,"valueName":"search_term_string"}}],"inLanguage":"de"},{"@type":"Organization","@id":"https:\/\/iha-race.com\/de\/#organization","name":"Iha Race","url":"https:\/\/iha-race.com\/de\/","logo":{"@type":"ImageObject","inLanguage":"de","@id":"https:\/\/iha-race.com\/de\/#\/schema\/logo\/image\/","url":"https:\/\/iha-race.com\/wp-content\/uploads\/2018\/07\/iha-race-drones-de-carreras-tienda-comprar-drones.png","contentUrl":"https:\/\/iha-race.com\/wp-content\/uploads\/2018\/07\/iha-race-drones-de-carreras-tienda-comprar-drones.png","width":300,"height":100,"caption":"Iha Race"},"image":{"@id":"https:\/\/iha-race.com\/de\/#\/schema\/logo\/image\/"}}]}},"jetpack_sharing_enabled":true,"brands":[],"_links":{"self":[{"href":"https:\/\/iha-race.com\/de\/wp-json\/wp\/v2\/product\/208194","targetHints":{"allow":["GET"]}}],"collection":[{"href":"https:\/\/iha-race.com\/de\/wp-json\/wp\/v2\/product"}],"about":[{"href":"https:\/\/iha-race.com\/de\/wp-json\/wp\/v2\/types\/product"}],"replies":[{"embeddable":true,"href":"https:\/\/iha-race.com\/de\/wp-json\/wp\/v2\/comments?post=208194"}],"version-history":[{"count":1,"href":"https:\/\/iha-race.com\/de\/wp-json\/wp\/v2\/product\/208194\/revisions"}],"predecessor-version":[{"id":250020,"href":"https:\/\/iha-race.com\/de\/wp-json\/wp\/v2\/product\/208194\/revisions\/250020"}],"wp:featuredmedia":[{"embeddable":true,"href":"https:\/\/iha-race.com\/de\/wp-json\/wp\/v2\/media\/124547"}],"wp:attachment":[{"href":"https:\/\/iha-race.com\/de\/wp-json\/wp\/v2\/media?parent=208194"}],"wp:term":[{"taxonomy":"pwb-brand","embeddable":true,"href":"https:\/\/iha-race.com\/de\/wp-json\/wp\/v2\/pwb-brand?post=208194"},{"taxonomy":"product_cat","embeddable":true,"href":"https:\/\/iha-race.com\/de\/wp-json\/wp\/v2\/product_cat?post=208194"},{"taxonomy":"product_tag","embeddable":true,"href":"https:\/\/iha-race.com\/de\/wp-json\/wp\/v2\/product_tag?post=208194"}],"curies":[{"name":"wp","href":"https:\/\/api.w.org\/{rel}","templated":true}]}}