{"id":208193,"date":"2020-02-21T16:22:25","date_gmt":"2020-02-21T15:22:25","guid":{"rendered":"https:\/\/iha-race.com\/producto\/truerc-singularity-5-8-sma-90o-lang-rhcp-antenne\/"},"modified":"2026-03-13T19:44:59","modified_gmt":"2026-03-13T18:44:59","slug":"antenne-truerc-singularitat-5-8-sma-lang-rhcp","status":"publish","type":"product","link":"https:\/\/iha-race.com\/de\/producto\/antenne-truerc-singularitat-5-8-sma-lang-rhcp\/","title":{"rendered":"TrueRC Singularity 5.8 SMA 90\u00ba (lang) RHCP-Antenne"},"content":{"rendered":"<h2>TrueRC Singularity 5.8 SMA 90\u00ba (lang) RHCP-Antenne<\/h2>\n<p>  Die 5.8 Singularit\u00e4t ist unsere fortschrittlichste Antenne. Wir haben die Miniaturisierung weiter vorangetrieben als je zuvor und gleichzeitig die Leistung auf ein noch h\u00f6heres Niveau gebracht. Sie ist die kleinste und leichteste 5,8-GHz-CP-Antenne, die je hergestellt wurde.  <\/p>\n<h2><strong>Spezifikationen:<\/strong><\/h2>\n<ul>\n<li><strong>Verst\u00e4rkung:<\/strong> x.xdbic<\/li>\n<li><strong>Polarit\u00e4tsunterdr\u00fcckung<\/strong>: -15 bis -30dB (1,9%)<\/li>\n<li><strong>Bandbreite:<\/strong> 5.6GHz-6.0GHz<\/li>\n<li><strong>Strahlungseffizienz:<\/strong> 99%.<\/li>\n<li><strong>SWR:<\/strong> &lt;= 1,5: 1<\/li>\n<li><strong>Gewicht:<\/strong> 5,39 g<\/li>\n<li><strong>Gr\u00f6\u00dfe:<\/strong> 11,8 mm x 125 mm <a href=\"https:\/\/www.truerc.ca\/wp-content\/uploads\/sing58rg405drawing.pdf\">(PDF)<\/a><\/li>\n<li><strong>Kabel:<\/strong> RG405<\/li>\n<li><strong>Anschluss:<\/strong> SMA-Stecker<\/li>\n<\/ul>\n<h2>Das Paket enth\u00e4lt:<\/h2>\n<ul>\n<li>1 x TrueRC Singularity 5.8 SMA 90\u00ba (lang) RHCP Antenne, Farbe ROT<\/li>\n<\/ul>\n<p>&nbsp;<\/p>\n","protected":false},"excerpt":{"rendered":"<p>TrueRC Singularity 5.8 SMA 90\u00ba (lang) RHCP-Antenne Die 5.8 Singularit\u00e4t ist unsere fortschrittlichste Antenne. Wir haben die Miniaturisierung weiter vorangetrieben als je zuvor und gleichzeitig die Leistung auf ein noch<\/p>\n","protected":false},"featured_media":124549,"comment_status":"open","ping_status":"closed","template":"","meta":{"_joinchat":[]},"pwb-brand":[],"product_cat":[2589],"product_tag":[],"class_list":{"0":"post-208193","1":"product","2":"type-product","3":"status-publish","4":"has-post-thumbnail","6":"product_cat-fpv-antennen","8":"first","9":"outofstock","10":"taxable","11":"shipping-taxable","12":"purchasable","13":"product-type-simple"},"barcode":null,"atum_controlled":true,"out_stock_date":"2026-03-13 19:44:59","out_stock_threshold":null,"inheritable":false,"stock_on_hold":0,"sold_today":0,"sales_last_days":0,"out_stock_days":33,"lost_sales":117,"update_date":"2026-04-16T08:17:20","atum_locations":[],"atum_stock_status":"outofstock","restock_status":false,"low_stock_amount":"","sales_update_date":"2026-04-16T08:17:20","calc_backorders":null,"yoast_head":"<!-- This site is optimized with the Yoast SEO plugin v27.3 - https:\/\/yoast.com\/product\/yoast-seo-wordpress\/ -->\n<title>TrueRC Singularity 5.8 SMA 90\u00ba (lang) RHCP-Antenne - Iha Race<\/title>\n<meta name=\"robots\" content=\"index, follow, max-snippet:-1, max-image-preview:large, max-video-preview:-1\" \/>\n<link rel=\"canonical\" href=\"https:\/\/iha-race.com\/de\/producto\/antenne-truerc-singularitat-5-8-sma-lang-rhcp\/\" \/>\n<meta property=\"og:locale\" content=\"de_DE\" \/>\n<meta property=\"og:type\" content=\"article\" \/>\n<meta property=\"og:title\" content=\"TrueRC Singularity 5.8 SMA 90\u00ba (lang) RHCP-Antenne - Iha Race\" \/>\n<meta property=\"og:description\" content=\"TrueRC Singularity 5.8 SMA 90\u00ba (lang) RHCP-Antenne Die 5.8 Singularit\u00e4t ist unsere fortschrittlichste Antenne. Wir haben die Miniaturisierung weiter vorangetrieben als je zuvor und gleichzeitig die Leistung auf ein noch\" \/>\n<meta property=\"og:url\" content=\"https:\/\/iha-race.com\/de\/producto\/antenne-truerc-singularitat-5-8-sma-lang-rhcp\/\" \/>\n<meta property=\"og:site_name\" content=\"Iha Race\" \/>\n<meta property=\"article:modified_time\" content=\"2026-03-13T18:44:59+00:00\" \/>\n<meta property=\"og:image\" content=\"https:\/\/iha-race.com\/wp-content\/uploads\/2020\/02\/Antena-TrueRC-Singularity-5.8-SMA-90o-Long-RHCP.jpg\" \/>\n\t<meta property=\"og:image:width\" content=\"800\" \/>\n\t<meta property=\"og:image:height\" content=\"800\" \/>\n\t<meta property=\"og:image:type\" content=\"image\/jpeg\" \/>\n<meta name=\"twitter:card\" content=\"summary_large_image\" \/>\n<script type=\"application\/ld+json\" class=\"yoast-schema-graph\">{\"@context\":\"https:\\\/\\\/schema.org\",\"@graph\":[{\"@type\":\"WebPage\",\"@id\":\"https:\\\/\\\/iha-race.com\\\/de\\\/producto\\\/antenne-truerc-singularitat-5-8-sma-lang-rhcp\\\/\",\"url\":\"https:\\\/\\\/iha-race.com\\\/de\\\/producto\\\/antenne-truerc-singularitat-5-8-sma-lang-rhcp\\\/\",\"name\":\"TrueRC Singularity 5.8 SMA 90\u00ba (lang) RHCP-Antenne - Iha Race\",\"isPartOf\":{\"@id\":\"https:\\\/\\\/iha-race.com\\\/de\\\/#website\"},\"primaryImageOfPage\":{\"@id\":\"https:\\\/\\\/iha-race.com\\\/de\\\/producto\\\/antenne-truerc-singularitat-5-8-sma-lang-rhcp\\\/#primaryimage\"},\"image\":{\"@id\":\"https:\\\/\\\/iha-race.com\\\/de\\\/producto\\\/antenne-truerc-singularitat-5-8-sma-lang-rhcp\\\/#primaryimage\"},\"thumbnailUrl\":\"https:\\\/\\\/iha-race.com\\\/wp-content\\\/uploads\\\/2020\\\/02\\\/Antena-TrueRC-Singularity-5.8-SMA-90o-Long-RHCP.jpg\",\"datePublished\":\"2020-02-21T15:22:25+00:00\",\"dateModified\":\"2026-03-13T18:44:59+00:00\",\"breadcrumb\":{\"@id\":\"https:\\\/\\\/iha-race.com\\\/de\\\/producto\\\/antenne-truerc-singularitat-5-8-sma-lang-rhcp\\\/#breadcrumb\"},\"inLanguage\":\"de\",\"potentialAction\":[{\"@type\":\"ReadAction\",\"target\":[\"https:\\\/\\\/iha-race.com\\\/de\\\/producto\\\/antenne-truerc-singularitat-5-8-sma-lang-rhcp\\\/\"]}]},{\"@type\":\"ImageObject\",\"inLanguage\":\"de\",\"@id\":\"https:\\\/\\\/iha-race.com\\\/de\\\/producto\\\/antenne-truerc-singularitat-5-8-sma-lang-rhcp\\\/#primaryimage\",\"url\":\"https:\\\/\\\/iha-race.com\\\/wp-content\\\/uploads\\\/2020\\\/02\\\/Antena-TrueRC-Singularity-5.8-SMA-90o-Long-RHCP.jpg\",\"contentUrl\":\"https:\\\/\\\/iha-race.com\\\/wp-content\\\/uploads\\\/2020\\\/02\\\/Antena-TrueRC-Singularity-5.8-SMA-90o-Long-RHCP.jpg\",\"width\":800,\"height\":800},{\"@type\":\"BreadcrumbList\",\"@id\":\"https:\\\/\\\/iha-race.com\\\/de\\\/producto\\\/antenne-truerc-singularitat-5-8-sma-lang-rhcp\\\/#breadcrumb\",\"itemListElement\":[{\"@type\":\"ListItem\",\"position\":1,\"name\":\"Portada\",\"item\":\"https:\\\/\\\/iha-race.com\\\/de\\\/elementor-499\\\/\"},{\"@type\":\"ListItem\",\"position\":2,\"name\":\"Shop\",\"item\":\"https:\\\/\\\/iha-race.com\\\/de\\\/shop\\\/\"},{\"@type\":\"ListItem\",\"position\":3,\"name\":\"TrueRC Singularity 5.8 SMA 90\u00ba (lang) RHCP-Antenne\"}]},{\"@type\":\"WebSite\",\"@id\":\"https:\\\/\\\/iha-race.com\\\/de\\\/#website\",\"url\":\"https:\\\/\\\/iha-race.com\\\/de\\\/\",\"name\":\"Iha Race\",\"description\":\"Comprar drones de carreras FPV env\u00edos en un d\u00eda desde Espa\u00f1a\",\"publisher\":{\"@id\":\"https:\\\/\\\/iha-race.com\\\/de\\\/#organization\"},\"potentialAction\":[{\"@type\":\"SearchAction\",\"target\":{\"@type\":\"EntryPoint\",\"urlTemplate\":\"https:\\\/\\\/iha-race.com\\\/de\\\/?s={search_term_string}\"},\"query-input\":{\"@type\":\"PropertyValueSpecification\",\"valueRequired\":true,\"valueName\":\"search_term_string\"}}],\"inLanguage\":\"de\"},{\"@type\":\"Organization\",\"@id\":\"https:\\\/\\\/iha-race.com\\\/de\\\/#organization\",\"name\":\"Iha Race\",\"url\":\"https:\\\/\\\/iha-race.com\\\/de\\\/\",\"logo\":{\"@type\":\"ImageObject\",\"inLanguage\":\"de\",\"@id\":\"https:\\\/\\\/iha-race.com\\\/de\\\/#\\\/schema\\\/logo\\\/image\\\/\",\"url\":\"https:\\\/\\\/iha-race.com\\\/wp-content\\\/uploads\\\/2018\\\/07\\\/iha-race-drones-de-carreras-tienda-comprar-drones.png\",\"contentUrl\":\"https:\\\/\\\/iha-race.com\\\/wp-content\\\/uploads\\\/2018\\\/07\\\/iha-race-drones-de-carreras-tienda-comprar-drones.png\",\"width\":300,\"height\":100,\"caption\":\"Iha Race\"},\"image\":{\"@id\":\"https:\\\/\\\/iha-race.com\\\/de\\\/#\\\/schema\\\/logo\\\/image\\\/\"}}]}<\/script>\n<!-- \/ Yoast SEO plugin. -->","yoast_head_json":{"title":"TrueRC Singularity 5.8 SMA 90\u00ba (lang) RHCP-Antenne - Iha Race","robots":{"index":"index","follow":"follow","max-snippet":"max-snippet:-1","max-image-preview":"max-image-preview:large","max-video-preview":"max-video-preview:-1"},"canonical":"https:\/\/iha-race.com\/de\/producto\/antenne-truerc-singularitat-5-8-sma-lang-rhcp\/","og_locale":"de_DE","og_type":"article","og_title":"TrueRC Singularity 5.8 SMA 90\u00ba (lang) RHCP-Antenne - Iha Race","og_description":"TrueRC Singularity 5.8 SMA 90\u00ba (lang) RHCP-Antenne Die 5.8 Singularit\u00e4t ist unsere fortschrittlichste Antenne. Wir haben die Miniaturisierung weiter vorangetrieben als je zuvor und gleichzeitig die Leistung auf ein noch","og_url":"https:\/\/iha-race.com\/de\/producto\/antenne-truerc-singularitat-5-8-sma-lang-rhcp\/","og_site_name":"Iha Race","article_modified_time":"2026-03-13T18:44:59+00:00","og_image":[{"width":800,"height":800,"url":"https:\/\/iha-race.com\/wp-content\/uploads\/2020\/02\/Antena-TrueRC-Singularity-5.8-SMA-90o-Long-RHCP.jpg","type":"image\/jpeg"}],"twitter_card":"summary_large_image","schema":{"@context":"https:\/\/schema.org","@graph":[{"@type":"WebPage","@id":"https:\/\/iha-race.com\/de\/producto\/antenne-truerc-singularitat-5-8-sma-lang-rhcp\/","url":"https:\/\/iha-race.com\/de\/producto\/antenne-truerc-singularitat-5-8-sma-lang-rhcp\/","name":"TrueRC Singularity 5.8 SMA 90\u00ba (lang) RHCP-Antenne - Iha Race","isPartOf":{"@id":"https:\/\/iha-race.com\/de\/#website"},"primaryImageOfPage":{"@id":"https:\/\/iha-race.com\/de\/producto\/antenne-truerc-singularitat-5-8-sma-lang-rhcp\/#primaryimage"},"image":{"@id":"https:\/\/iha-race.com\/de\/producto\/antenne-truerc-singularitat-5-8-sma-lang-rhcp\/#primaryimage"},"thumbnailUrl":"https:\/\/iha-race.com\/wp-content\/uploads\/2020\/02\/Antena-TrueRC-Singularity-5.8-SMA-90o-Long-RHCP.jpg","datePublished":"2020-02-21T15:22:25+00:00","dateModified":"2026-03-13T18:44:59+00:00","breadcrumb":{"@id":"https:\/\/iha-race.com\/de\/producto\/antenne-truerc-singularitat-5-8-sma-lang-rhcp\/#breadcrumb"},"inLanguage":"de","potentialAction":[{"@type":"ReadAction","target":["https:\/\/iha-race.com\/de\/producto\/antenne-truerc-singularitat-5-8-sma-lang-rhcp\/"]}]},{"@type":"ImageObject","inLanguage":"de","@id":"https:\/\/iha-race.com\/de\/producto\/antenne-truerc-singularitat-5-8-sma-lang-rhcp\/#primaryimage","url":"https:\/\/iha-race.com\/wp-content\/uploads\/2020\/02\/Antena-TrueRC-Singularity-5.8-SMA-90o-Long-RHCP.jpg","contentUrl":"https:\/\/iha-race.com\/wp-content\/uploads\/2020\/02\/Antena-TrueRC-Singularity-5.8-SMA-90o-Long-RHCP.jpg","width":800,"height":800},{"@type":"BreadcrumbList","@id":"https:\/\/iha-race.com\/de\/producto\/antenne-truerc-singularitat-5-8-sma-lang-rhcp\/#breadcrumb","itemListElement":[{"@type":"ListItem","position":1,"name":"Portada","item":"https:\/\/iha-race.com\/de\/elementor-499\/"},{"@type":"ListItem","position":2,"name":"Shop","item":"https:\/\/iha-race.com\/de\/shop\/"},{"@type":"ListItem","position":3,"name":"TrueRC Singularity 5.8 SMA 90\u00ba (lang) RHCP-Antenne"}]},{"@type":"WebSite","@id":"https:\/\/iha-race.com\/de\/#website","url":"https:\/\/iha-race.com\/de\/","name":"Iha Race","description":"Comprar drones de carreras FPV env\u00edos en un d\u00eda desde Espa\u00f1a","publisher":{"@id":"https:\/\/iha-race.com\/de\/#organization"},"potentialAction":[{"@type":"SearchAction","target":{"@type":"EntryPoint","urlTemplate":"https:\/\/iha-race.com\/de\/?s={search_term_string}"},"query-input":{"@type":"PropertyValueSpecification","valueRequired":true,"valueName":"search_term_string"}}],"inLanguage":"de"},{"@type":"Organization","@id":"https:\/\/iha-race.com\/de\/#organization","name":"Iha Race","url":"https:\/\/iha-race.com\/de\/","logo":{"@type":"ImageObject","inLanguage":"de","@id":"https:\/\/iha-race.com\/de\/#\/schema\/logo\/image\/","url":"https:\/\/iha-race.com\/wp-content\/uploads\/2018\/07\/iha-race-drones-de-carreras-tienda-comprar-drones.png","contentUrl":"https:\/\/iha-race.com\/wp-content\/uploads\/2018\/07\/iha-race-drones-de-carreras-tienda-comprar-drones.png","width":300,"height":100,"caption":"Iha Race"},"image":{"@id":"https:\/\/iha-race.com\/de\/#\/schema\/logo\/image\/"}}]}},"jetpack_sharing_enabled":true,"brands":[],"_links":{"self":[{"href":"https:\/\/iha-race.com\/de\/wp-json\/wp\/v2\/product\/208193","targetHints":{"allow":["GET"]}}],"collection":[{"href":"https:\/\/iha-race.com\/de\/wp-json\/wp\/v2\/product"}],"about":[{"href":"https:\/\/iha-race.com\/de\/wp-json\/wp\/v2\/types\/product"}],"replies":[{"embeddable":true,"href":"https:\/\/iha-race.com\/de\/wp-json\/wp\/v2\/comments?post=208193"}],"version-history":[{"count":2,"href":"https:\/\/iha-race.com\/de\/wp-json\/wp\/v2\/product\/208193\/revisions"}],"predecessor-version":[{"id":250021,"href":"https:\/\/iha-race.com\/de\/wp-json\/wp\/v2\/product\/208193\/revisions\/250021"}],"wp:featuredmedia":[{"embeddable":true,"href":"https:\/\/iha-race.com\/de\/wp-json\/wp\/v2\/media\/124549"}],"wp:attachment":[{"href":"https:\/\/iha-race.com\/de\/wp-json\/wp\/v2\/media?parent=208193"}],"wp:term":[{"taxonomy":"pwb-brand","embeddable":true,"href":"https:\/\/iha-race.com\/de\/wp-json\/wp\/v2\/pwb-brand?post=208193"},{"taxonomy":"product_cat","embeddable":true,"href":"https:\/\/iha-race.com\/de\/wp-json\/wp\/v2\/product_cat?post=208193"},{"taxonomy":"product_tag","embeddable":true,"href":"https:\/\/iha-race.com\/de\/wp-json\/wp\/v2\/product_tag?post=208193"}],"curies":[{"name":"wp","href":"https:\/\/api.w.org\/{rel}","templated":true}]}}