{"id":208188,"date":"2019-12-04T16:35:25","date_gmt":"2019-12-04T15:35:25","guid":{"rendered":"https:\/\/iha-race.com\/producto\/hq-heads-up-racing-stuetze-r38\/"},"modified":"2024-08-29T16:12:59","modified_gmt":"2024-08-29T14:12:59","slug":"hq-heads-up-racing-prop-r38","status":"publish","type":"product","link":"https:\/\/iha-race.com\/de\/producto\/hq-heads-up-racing-prop-r38\/","title":{"rendered":"HQ Heads Up Racing St\u00fctze R38"},"content":{"rendered":"<h1>HQ Heads Up Racing St\u00fctze R38<\/h1>\n<p>  Es hat lange auf sich warten lassen, aber ich m\u00f6chte Ihnen den &#8220;Heads up fpv R38&#8221;-Support von HQ vorstellen! Dieses Accessoire vereint die besten Eigenschaften aller auf dem Markt erh\u00e4ltlichen Accessoires in EINEM Accessoire! Es ist unglaublich reaktionsfreudig, hat eine gro\u00dfe Haltbarkeit f\u00fcr sein Gewicht und verf\u00fcgt \u00fcber eine H\u00f6chstgeschwindigkeit, die den meisten fehlt.  <\/p>\n<h3>Spezifikation:<\/h3>\n<ul>\n<li>Propellerdurchmesser: 5,1 Zoll<\/li>\n<li>Stufe: 3.8<\/li>\n<li>Klingen: 3<\/li>\n<li>Material: Polycarbonat Gewicht: 4,4 g<\/li>\n<li>Durchmesser der Nabe: 13 mm<\/li>\n<li>Dicke der Buchse: 7 mm<\/li>\n<li>Schaft: 5 mm<\/li>\n<\/ul>\n","protected":false},"excerpt":{"rendered":"<p>HQ Heads Up Racing St\u00fctze R38 Es hat lange auf sich warten lassen, aber ich m\u00f6chte Ihnen den &#8220;Heads up fpv R38&#8221;-Support von HQ vorstellen! Dieses Accessoire vereint die besten<\/p>\n","protected":false},"featured_media":125249,"comment_status":"open","ping_status":"closed","template":"","meta":{"_joinchat":[]},"pwb-brand":[],"product_cat":[2616,2627,2660],"product_tag":[],"class_list":{"0":"post-208188","1":"product","2":"type-product","3":"status-publish","4":"has-post-thumbnail","6":"product_cat-5-de","7":"product_cat-paddel","8":"product_cat-tripalas-de","10":"first","11":"outofstock","12":"taxable","13":"shipping-taxable","14":"purchasable","15":"product-type-variable"},"barcode":null,"atum_controlled":true,"out_stock_date":null,"out_stock_threshold":null,"inheritable":true,"stock_on_hold":0,"sold_today":0,"sales_last_days":36,"out_stock_days":0,"lost_sales":0,"update_date":"2026-04-16T08:25:46","atum_locations":[],"atum_stock_status":"outofstock","restock_status":false,"low_stock_amount":"","sales_update_date":"2026-04-16T08:25:46","calc_backorders":null,"yoast_head":"<!-- This site is optimized with the Yoast SEO plugin v27.3 - https:\/\/yoast.com\/product\/yoast-seo-wordpress\/ -->\n<title>HQ Heads Up Racing St\u00fctze R38 - Iha Race<\/title>\n<meta name=\"robots\" content=\"index, follow, max-snippet:-1, max-image-preview:large, max-video-preview:-1\" \/>\n<link rel=\"canonical\" href=\"https:\/\/iha-race.com\/de\/producto\/hq-heads-up-racing-prop-r38\/\" \/>\n<meta property=\"og:locale\" content=\"de_DE\" \/>\n<meta property=\"og:type\" content=\"article\" \/>\n<meta property=\"og:title\" content=\"HQ Heads Up Racing St\u00fctze R38 - Iha Race\" \/>\n<meta property=\"og:description\" content=\"HQ Heads Up Racing St\u00fctze R38 Es hat lange auf sich warten lassen, aber ich m\u00f6chte Ihnen den &#8220;Heads up fpv R38&#8221;-Support von HQ vorstellen! Dieses Accessoire vereint die besten\" \/>\n<meta property=\"og:url\" content=\"https:\/\/iha-race.com\/de\/producto\/hq-heads-up-racing-prop-r38\/\" \/>\n<meta property=\"og:site_name\" content=\"Iha Race\" \/>\n<meta property=\"article:modified_time\" content=\"2024-08-29T14:12:59+00:00\" \/>\n<meta property=\"og:image\" content=\"https:\/\/iha-race.com\/wp-content\/uploads\/2019\/12\/helices-hq-prop-heads-up-r38-gris-y-azul.jpg\" \/>\n\t<meta property=\"og:image:width\" content=\"2000\" \/>\n\t<meta property=\"og:image:height\" content=\"2000\" \/>\n\t<meta property=\"og:image:type\" content=\"image\/jpeg\" \/>\n<meta name=\"twitter:card\" content=\"summary_large_image\" \/>\n<script type=\"application\/ld+json\" class=\"yoast-schema-graph\">{\"@context\":\"https:\\\/\\\/schema.org\",\"@graph\":[{\"@type\":\"WebPage\",\"@id\":\"https:\\\/\\\/iha-race.com\\\/de\\\/producto\\\/hq-heads-up-racing-prop-r38\\\/\",\"url\":\"https:\\\/\\\/iha-race.com\\\/de\\\/producto\\\/hq-heads-up-racing-prop-r38\\\/\",\"name\":\"HQ Heads Up Racing St\u00fctze R38 - Iha Race\",\"isPartOf\":{\"@id\":\"https:\\\/\\\/iha-race.com\\\/de\\\/#website\"},\"primaryImageOfPage\":{\"@id\":\"https:\\\/\\\/iha-race.com\\\/de\\\/producto\\\/hq-heads-up-racing-prop-r38\\\/#primaryimage\"},\"image\":{\"@id\":\"https:\\\/\\\/iha-race.com\\\/de\\\/producto\\\/hq-heads-up-racing-prop-r38\\\/#primaryimage\"},\"thumbnailUrl\":\"https:\\\/\\\/iha-race.com\\\/wp-content\\\/uploads\\\/2019\\\/12\\\/helices-hq-prop-heads-up-r38-gris-y-azul.jpg\",\"datePublished\":\"2019-12-04T15:35:25+00:00\",\"dateModified\":\"2024-08-29T14:12:59+00:00\",\"breadcrumb\":{\"@id\":\"https:\\\/\\\/iha-race.com\\\/de\\\/producto\\\/hq-heads-up-racing-prop-r38\\\/#breadcrumb\"},\"inLanguage\":\"de\",\"potentialAction\":[{\"@type\":\"ReadAction\",\"target\":[\"https:\\\/\\\/iha-race.com\\\/de\\\/producto\\\/hq-heads-up-racing-prop-r38\\\/\"]}]},{\"@type\":\"ImageObject\",\"inLanguage\":\"de\",\"@id\":\"https:\\\/\\\/iha-race.com\\\/de\\\/producto\\\/hq-heads-up-racing-prop-r38\\\/#primaryimage\",\"url\":\"https:\\\/\\\/iha-race.com\\\/wp-content\\\/uploads\\\/2019\\\/12\\\/helices-hq-prop-heads-up-r38-gris-y-azul.jpg\",\"contentUrl\":\"https:\\\/\\\/iha-race.com\\\/wp-content\\\/uploads\\\/2019\\\/12\\\/helices-hq-prop-heads-up-r38-gris-y-azul.jpg\",\"width\":2000,\"height\":2000},{\"@type\":\"BreadcrumbList\",\"@id\":\"https:\\\/\\\/iha-race.com\\\/de\\\/producto\\\/hq-heads-up-racing-prop-r38\\\/#breadcrumb\",\"itemListElement\":[{\"@type\":\"ListItem\",\"position\":1,\"name\":\"Portada\",\"item\":\"https:\\\/\\\/iha-race.com\\\/de\\\/elementor-499\\\/\"},{\"@type\":\"ListItem\",\"position\":2,\"name\":\"Shop\",\"item\":\"https:\\\/\\\/iha-race.com\\\/de\\\/shop\\\/\"},{\"@type\":\"ListItem\",\"position\":3,\"name\":\"HQ Heads Up Racing St\u00fctze R38\"}]},{\"@type\":\"WebSite\",\"@id\":\"https:\\\/\\\/iha-race.com\\\/de\\\/#website\",\"url\":\"https:\\\/\\\/iha-race.com\\\/de\\\/\",\"name\":\"Iha Race\",\"description\":\"Comprar drones de carreras FPV env\u00edos en un d\u00eda desde Espa\u00f1a\",\"publisher\":{\"@id\":\"https:\\\/\\\/iha-race.com\\\/de\\\/#organization\"},\"potentialAction\":[{\"@type\":\"SearchAction\",\"target\":{\"@type\":\"EntryPoint\",\"urlTemplate\":\"https:\\\/\\\/iha-race.com\\\/de\\\/?s={search_term_string}\"},\"query-input\":{\"@type\":\"PropertyValueSpecification\",\"valueRequired\":true,\"valueName\":\"search_term_string\"}}],\"inLanguage\":\"de\"},{\"@type\":\"Organization\",\"@id\":\"https:\\\/\\\/iha-race.com\\\/de\\\/#organization\",\"name\":\"Iha Race\",\"url\":\"https:\\\/\\\/iha-race.com\\\/de\\\/\",\"logo\":{\"@type\":\"ImageObject\",\"inLanguage\":\"de\",\"@id\":\"https:\\\/\\\/iha-race.com\\\/de\\\/#\\\/schema\\\/logo\\\/image\\\/\",\"url\":\"https:\\\/\\\/iha-race.com\\\/wp-content\\\/uploads\\\/2018\\\/07\\\/iha-race-drones-de-carreras-tienda-comprar-drones.png\",\"contentUrl\":\"https:\\\/\\\/iha-race.com\\\/wp-content\\\/uploads\\\/2018\\\/07\\\/iha-race-drones-de-carreras-tienda-comprar-drones.png\",\"width\":300,\"height\":100,\"caption\":\"Iha Race\"},\"image\":{\"@id\":\"https:\\\/\\\/iha-race.com\\\/de\\\/#\\\/schema\\\/logo\\\/image\\\/\"}}]}<\/script>\n<!-- \/ Yoast SEO plugin. -->","yoast_head_json":{"title":"HQ Heads Up Racing St\u00fctze R38 - Iha Race","robots":{"index":"index","follow":"follow","max-snippet":"max-snippet:-1","max-image-preview":"max-image-preview:large","max-video-preview":"max-video-preview:-1"},"canonical":"https:\/\/iha-race.com\/de\/producto\/hq-heads-up-racing-prop-r38\/","og_locale":"de_DE","og_type":"article","og_title":"HQ Heads Up Racing St\u00fctze R38 - Iha Race","og_description":"HQ Heads Up Racing St\u00fctze R38 Es hat lange auf sich warten lassen, aber ich m\u00f6chte Ihnen den &#8220;Heads up fpv R38&#8221;-Support von HQ vorstellen! Dieses Accessoire vereint die besten","og_url":"https:\/\/iha-race.com\/de\/producto\/hq-heads-up-racing-prop-r38\/","og_site_name":"Iha Race","article_modified_time":"2024-08-29T14:12:59+00:00","og_image":[{"width":2000,"height":2000,"url":"https:\/\/iha-race.com\/wp-content\/uploads\/2019\/12\/helices-hq-prop-heads-up-r38-gris-y-azul.jpg","type":"image\/jpeg"}],"twitter_card":"summary_large_image","schema":{"@context":"https:\/\/schema.org","@graph":[{"@type":"WebPage","@id":"https:\/\/iha-race.com\/de\/producto\/hq-heads-up-racing-prop-r38\/","url":"https:\/\/iha-race.com\/de\/producto\/hq-heads-up-racing-prop-r38\/","name":"HQ Heads Up Racing St\u00fctze R38 - Iha Race","isPartOf":{"@id":"https:\/\/iha-race.com\/de\/#website"},"primaryImageOfPage":{"@id":"https:\/\/iha-race.com\/de\/producto\/hq-heads-up-racing-prop-r38\/#primaryimage"},"image":{"@id":"https:\/\/iha-race.com\/de\/producto\/hq-heads-up-racing-prop-r38\/#primaryimage"},"thumbnailUrl":"https:\/\/iha-race.com\/wp-content\/uploads\/2019\/12\/helices-hq-prop-heads-up-r38-gris-y-azul.jpg","datePublished":"2019-12-04T15:35:25+00:00","dateModified":"2024-08-29T14:12:59+00:00","breadcrumb":{"@id":"https:\/\/iha-race.com\/de\/producto\/hq-heads-up-racing-prop-r38\/#breadcrumb"},"inLanguage":"de","potentialAction":[{"@type":"ReadAction","target":["https:\/\/iha-race.com\/de\/producto\/hq-heads-up-racing-prop-r38\/"]}]},{"@type":"ImageObject","inLanguage":"de","@id":"https:\/\/iha-race.com\/de\/producto\/hq-heads-up-racing-prop-r38\/#primaryimage","url":"https:\/\/iha-race.com\/wp-content\/uploads\/2019\/12\/helices-hq-prop-heads-up-r38-gris-y-azul.jpg","contentUrl":"https:\/\/iha-race.com\/wp-content\/uploads\/2019\/12\/helices-hq-prop-heads-up-r38-gris-y-azul.jpg","width":2000,"height":2000},{"@type":"BreadcrumbList","@id":"https:\/\/iha-race.com\/de\/producto\/hq-heads-up-racing-prop-r38\/#breadcrumb","itemListElement":[{"@type":"ListItem","position":1,"name":"Portada","item":"https:\/\/iha-race.com\/de\/elementor-499\/"},{"@type":"ListItem","position":2,"name":"Shop","item":"https:\/\/iha-race.com\/de\/shop\/"},{"@type":"ListItem","position":3,"name":"HQ Heads Up Racing St\u00fctze R38"}]},{"@type":"WebSite","@id":"https:\/\/iha-race.com\/de\/#website","url":"https:\/\/iha-race.com\/de\/","name":"Iha Race","description":"Comprar drones de carreras FPV env\u00edos en un d\u00eda desde Espa\u00f1a","publisher":{"@id":"https:\/\/iha-race.com\/de\/#organization"},"potentialAction":[{"@type":"SearchAction","target":{"@type":"EntryPoint","urlTemplate":"https:\/\/iha-race.com\/de\/?s={search_term_string}"},"query-input":{"@type":"PropertyValueSpecification","valueRequired":true,"valueName":"search_term_string"}}],"inLanguage":"de"},{"@type":"Organization","@id":"https:\/\/iha-race.com\/de\/#organization","name":"Iha Race","url":"https:\/\/iha-race.com\/de\/","logo":{"@type":"ImageObject","inLanguage":"de","@id":"https:\/\/iha-race.com\/de\/#\/schema\/logo\/image\/","url":"https:\/\/iha-race.com\/wp-content\/uploads\/2018\/07\/iha-race-drones-de-carreras-tienda-comprar-drones.png","contentUrl":"https:\/\/iha-race.com\/wp-content\/uploads\/2018\/07\/iha-race-drones-de-carreras-tienda-comprar-drones.png","width":300,"height":100,"caption":"Iha Race"},"image":{"@id":"https:\/\/iha-race.com\/de\/#\/schema\/logo\/image\/"}}]}},"brands":[],"_links":{"self":[{"href":"https:\/\/iha-race.com\/de\/wp-json\/wp\/v2\/product\/208188","targetHints":{"allow":["GET"]}}],"collection":[{"href":"https:\/\/iha-race.com\/de\/wp-json\/wp\/v2\/product"}],"about":[{"href":"https:\/\/iha-race.com\/de\/wp-json\/wp\/v2\/types\/product"}],"replies":[{"embeddable":true,"href":"https:\/\/iha-race.com\/de\/wp-json\/wp\/v2\/comments?post=208188"}],"version-history":[{"count":2,"href":"https:\/\/iha-race.com\/de\/wp-json\/wp\/v2\/product\/208188\/revisions"}],"predecessor-version":[{"id":250057,"href":"https:\/\/iha-race.com\/de\/wp-json\/wp\/v2\/product\/208188\/revisions\/250057"}],"wp:featuredmedia":[{"embeddable":true,"href":"https:\/\/iha-race.com\/de\/wp-json\/wp\/v2\/media\/125249"}],"wp:attachment":[{"href":"https:\/\/iha-race.com\/de\/wp-json\/wp\/v2\/media?parent=208188"}],"wp:term":[{"taxonomy":"pwb-brand","embeddable":true,"href":"https:\/\/iha-race.com\/de\/wp-json\/wp\/v2\/pwb-brand?post=208188"},{"taxonomy":"product_cat","embeddable":true,"href":"https:\/\/iha-race.com\/de\/wp-json\/wp\/v2\/product_cat?post=208188"},{"taxonomy":"product_tag","embeddable":true,"href":"https:\/\/iha-race.com\/de\/wp-json\/wp\/v2\/product_tag?post=208188"}],"curies":[{"name":"wp","href":"https:\/\/api.w.org\/{rel}","templated":true}]}}