{"id":208176,"date":"2021-03-24T13:22:49","date_gmt":"2021-03-24T12:22:49","guid":{"rendered":"https:\/\/iha-race.com\/producto\/proskit-8pk-366n-g-ansaug-entloetpumpe\/"},"modified":"2024-08-29T12:30:30","modified_gmt":"2024-08-29T10:30:30","slug":"pump-proskit-8pk-366n-g-proskit-8pk-366n-g-proskit-8pk-366n-g-welding-suction-welding-pump","status":"publish","type":"product","link":"https:\/\/iha-race.com\/de\/producto\/pump-proskit-8pk-366n-g-proskit-8pk-366n-g-proskit-8pk-366n-g-welding-suction-welding-pump\/","title":{"rendered":"Pro&#8217;sKit 8PK-366N-G Ansaug-Entl\u00f6tpumpe"},"content":{"rendered":"<h2>Pro&#8217;sKit 8PK-366N-G Ansaug-Entl\u00f6tpumpe<\/h2>\n<div>Pro&#8217;sKit 8PK-366N-G Entl\u00f6tpumpenkolben mit doppelten \u00d6ldichtungen und schnellem und einfachem 205mm Saugnapf f\u00fcr L\u00f6tr\u00fcckst\u00e4nde.<\/div>\n<div>Die Pro&#8217;sKit Entl\u00f6tpumpe verf\u00fcgt \u00fcber eine hohe Vakuumkraft. Es wird insbesondere f\u00fcr die Reinigung von Leiterplatten bei Nacharbeiten und Reparaturen vor Ort verwendet.<\/div>\n<h2>Merkmale:<\/h2>\n<ul>\n<li>Hergestellt aus ABS-Kunststoff, luftdichtes Design mit doppelter Schleife, guter Gebrauchseffekt.<\/li>\n<li>Langlebige rostfreie Feder und leicht austauschbare Spitze.<\/li>\n<li>Ergonomisches Design, besonders geeignet f\u00fcr l\u00e4ngere Betriebsanforderungen.<\/li>\n<li>Schickes Aussehen, einh\u00e4ndige Bedienung.<\/li>\n<li>Die Demontage ist einfach und leicht zu reinigen.<\/li>\n<\/ul>\n<h2>Spezifikation:<\/h2>\n<ul>\n<li>Farbe: Schwarz + Gr\u00fcn<\/li>\n<li>Material des Geh\u00e4uses: ABS<\/li>\n<li>Absaugleistung: 30cm-Hg<\/li>\n<li>L\u00e4nge: 205 mm<\/li>\n<li>Gewicht: 58g<\/li>\n<li>Verpackungsgr\u00f6\u00dfe: 25,8 x 8 x 8 x 2,8 cm<\/li>\n<li>Gewicht der Verpackung: 81g<\/li>\n<\/ul>\n<h2>Das Paket enth\u00e4lt:<\/h2>\n<ul>\n<li>1 x Absaug-Entl\u00f6tpumpe Pro&#8217;sKit 8PK-366N-G<\/li>\n<\/ul>\n<p>&nbsp;<\/p>\n<p>&nbsp;<\/p>\n","protected":false},"excerpt":{"rendered":"<p>Pro&#8217;sKit 8PK-366N-G Ansaug-Entl\u00f6tpumpe Pro&#8217;sKit 8PK-366N-G Entl\u00f6tpumpenkolben mit doppelten \u00d6ldichtungen und schnellem und einfachem 205mm Saugnapf f\u00fcr L\u00f6tr\u00fcckst\u00e4nde. Die Pro&#8217;sKit Entl\u00f6tpumpe verf\u00fcgt \u00fcber eine hohe Vakuumkraft. Es wird insbesondere f\u00fcr die<\/p>\n","protected":false},"featured_media":125830,"comment_status":"open","ping_status":"closed","template":"","meta":{"_joinchat":[]},"pwb-brand":[],"product_cat":[2513,2549],"product_tag":[],"class_list":{"0":"post-208176","1":"product","2":"type-product","3":"status-publish","4":"has-post-thumbnail","6":"product_cat-zubehor","7":"product_cat--werkzeuge-und-loten","9":"first","10":"instock","11":"taxable","12":"shipping-taxable","13":"purchasable","14":"product-type-simple"},"barcode":null,"atum_controlled":true,"out_stock_date":null,"out_stock_threshold":null,"inheritable":false,"stock_on_hold":0,"sold_today":0,"sales_last_days":0,"out_stock_days":0,"lost_sales":0,"update_date":"2026-04-08T16:36:18","atum_locations":[],"atum_stock_status":"instock","restock_status":false,"low_stock_amount":"","sales_update_date":"2026-04-08T10:17:12","calc_backorders":null,"yoast_head":"<!-- This site is optimized with the Yoast SEO plugin v27.3 - https:\/\/yoast.com\/product\/yoast-seo-wordpress\/ -->\n<title>Pro&#039;sKit 8PK-366N-G Ansaug-Entl\u00f6tpumpe - Iha Race<\/title>\n<meta name=\"robots\" content=\"index, follow, max-snippet:-1, max-image-preview:large, max-video-preview:-1\" \/>\n<link rel=\"canonical\" href=\"https:\/\/iha-race.com\/de\/producto\/pump-proskit-8pk-366n-g-proskit-8pk-366n-g-proskit-8pk-366n-g-welding-suction-welding-pump\/\" \/>\n<meta property=\"og:locale\" content=\"de_DE\" \/>\n<meta property=\"og:type\" content=\"article\" \/>\n<meta property=\"og:title\" content=\"Pro&#039;sKit 8PK-366N-G Ansaug-Entl\u00f6tpumpe - Iha Race\" \/>\n<meta property=\"og:description\" content=\"Pro&#8217;sKit 8PK-366N-G Ansaug-Entl\u00f6tpumpe Pro&#8217;sKit 8PK-366N-G Entl\u00f6tpumpenkolben mit doppelten \u00d6ldichtungen und schnellem und einfachem 205mm Saugnapf f\u00fcr L\u00f6tr\u00fcckst\u00e4nde. Die Pro&#8217;sKit Entl\u00f6tpumpe verf\u00fcgt \u00fcber eine hohe Vakuumkraft. Es wird insbesondere f\u00fcr die\" \/>\n<meta property=\"og:url\" content=\"https:\/\/iha-race.com\/de\/producto\/pump-proskit-8pk-366n-g-proskit-8pk-366n-g-proskit-8pk-366n-g-welding-suction-welding-pump\/\" \/>\n<meta property=\"og:site_name\" content=\"Iha Race\" \/>\n<meta property=\"article:modified_time\" content=\"2024-08-29T10:30:30+00:00\" \/>\n<meta property=\"og:image\" content=\"https:\/\/iha-race.com\/wp-content\/uploads\/2019\/12\/Bomba-ProsKit-8PK-366N-G-de-Desoldadura-de-Succion-fpv.jpg\" \/>\n\t<meta property=\"og:image:width\" content=\"600\" \/>\n\t<meta property=\"og:image:height\" content=\"600\" \/>\n\t<meta property=\"og:image:type\" content=\"image\/jpeg\" \/>\n<meta name=\"twitter:card\" content=\"summary_large_image\" \/>\n<meta name=\"twitter:label1\" content=\"Gesch\u00e4tzte Lesezeit\" \/>\n\t<meta name=\"twitter:data1\" content=\"1\u00a0Minute\" \/>\n<script type=\"application\/ld+json\" class=\"yoast-schema-graph\">{\"@context\":\"https:\\\/\\\/schema.org\",\"@graph\":[{\"@type\":\"WebPage\",\"@id\":\"https:\\\/\\\/iha-race.com\\\/de\\\/producto\\\/pump-proskit-8pk-366n-g-proskit-8pk-366n-g-proskit-8pk-366n-g-welding-suction-welding-pump\\\/\",\"url\":\"https:\\\/\\\/iha-race.com\\\/de\\\/producto\\\/pump-proskit-8pk-366n-g-proskit-8pk-366n-g-proskit-8pk-366n-g-welding-suction-welding-pump\\\/\",\"name\":\"Pro'sKit 8PK-366N-G Ansaug-Entl\u00f6tpumpe - Iha Race\",\"isPartOf\":{\"@id\":\"https:\\\/\\\/iha-race.com\\\/de\\\/#website\"},\"primaryImageOfPage\":{\"@id\":\"https:\\\/\\\/iha-race.com\\\/de\\\/producto\\\/pump-proskit-8pk-366n-g-proskit-8pk-366n-g-proskit-8pk-366n-g-welding-suction-welding-pump\\\/#primaryimage\"},\"image\":{\"@id\":\"https:\\\/\\\/iha-race.com\\\/de\\\/producto\\\/pump-proskit-8pk-366n-g-proskit-8pk-366n-g-proskit-8pk-366n-g-welding-suction-welding-pump\\\/#primaryimage\"},\"thumbnailUrl\":\"https:\\\/\\\/iha-race.com\\\/wp-content\\\/uploads\\\/2019\\\/12\\\/Bomba-ProsKit-8PK-366N-G-de-Desoldadura-de-Succion-fpv.jpg\",\"datePublished\":\"2021-03-24T12:22:49+00:00\",\"dateModified\":\"2024-08-29T10:30:30+00:00\",\"breadcrumb\":{\"@id\":\"https:\\\/\\\/iha-race.com\\\/de\\\/producto\\\/pump-proskit-8pk-366n-g-proskit-8pk-366n-g-proskit-8pk-366n-g-welding-suction-welding-pump\\\/#breadcrumb\"},\"inLanguage\":\"de\",\"potentialAction\":[{\"@type\":\"ReadAction\",\"target\":[\"https:\\\/\\\/iha-race.com\\\/de\\\/producto\\\/pump-proskit-8pk-366n-g-proskit-8pk-366n-g-proskit-8pk-366n-g-welding-suction-welding-pump\\\/\"]}]},{\"@type\":\"ImageObject\",\"inLanguage\":\"de\",\"@id\":\"https:\\\/\\\/iha-race.com\\\/de\\\/producto\\\/pump-proskit-8pk-366n-g-proskit-8pk-366n-g-proskit-8pk-366n-g-welding-suction-welding-pump\\\/#primaryimage\",\"url\":\"https:\\\/\\\/iha-race.com\\\/wp-content\\\/uploads\\\/2019\\\/12\\\/Bomba-ProsKit-8PK-366N-G-de-Desoldadura-de-Succion-fpv.jpg\",\"contentUrl\":\"https:\\\/\\\/iha-race.com\\\/wp-content\\\/uploads\\\/2019\\\/12\\\/Bomba-ProsKit-8PK-366N-G-de-Desoldadura-de-Succion-fpv.jpg\",\"width\":600,\"height\":600},{\"@type\":\"BreadcrumbList\",\"@id\":\"https:\\\/\\\/iha-race.com\\\/de\\\/producto\\\/pump-proskit-8pk-366n-g-proskit-8pk-366n-g-proskit-8pk-366n-g-welding-suction-welding-pump\\\/#breadcrumb\",\"itemListElement\":[{\"@type\":\"ListItem\",\"position\":1,\"name\":\"Portada\",\"item\":\"https:\\\/\\\/iha-race.com\\\/de\\\/elementor-499\\\/\"},{\"@type\":\"ListItem\",\"position\":2,\"name\":\"Shop\",\"item\":\"https:\\\/\\\/iha-race.com\\\/de\\\/shop\\\/\"},{\"@type\":\"ListItem\",\"position\":3,\"name\":\"Pro&#8217;sKit 8PK-366N-G Ansaug-Entl\u00f6tpumpe\"}]},{\"@type\":\"WebSite\",\"@id\":\"https:\\\/\\\/iha-race.com\\\/de\\\/#website\",\"url\":\"https:\\\/\\\/iha-race.com\\\/de\\\/\",\"name\":\"Iha Race\",\"description\":\"Comprar drones de carreras FPV env\u00edos en un d\u00eda desde Espa\u00f1a\",\"publisher\":{\"@id\":\"https:\\\/\\\/iha-race.com\\\/de\\\/#organization\"},\"potentialAction\":[{\"@type\":\"SearchAction\",\"target\":{\"@type\":\"EntryPoint\",\"urlTemplate\":\"https:\\\/\\\/iha-race.com\\\/de\\\/?s={search_term_string}\"},\"query-input\":{\"@type\":\"PropertyValueSpecification\",\"valueRequired\":true,\"valueName\":\"search_term_string\"}}],\"inLanguage\":\"de\"},{\"@type\":\"Organization\",\"@id\":\"https:\\\/\\\/iha-race.com\\\/de\\\/#organization\",\"name\":\"Iha Race\",\"url\":\"https:\\\/\\\/iha-race.com\\\/de\\\/\",\"logo\":{\"@type\":\"ImageObject\",\"inLanguage\":\"de\",\"@id\":\"https:\\\/\\\/iha-race.com\\\/de\\\/#\\\/schema\\\/logo\\\/image\\\/\",\"url\":\"https:\\\/\\\/iha-race.com\\\/wp-content\\\/uploads\\\/2018\\\/07\\\/iha-race-drones-de-carreras-tienda-comprar-drones.png\",\"contentUrl\":\"https:\\\/\\\/iha-race.com\\\/wp-content\\\/uploads\\\/2018\\\/07\\\/iha-race-drones-de-carreras-tienda-comprar-drones.png\",\"width\":300,\"height\":100,\"caption\":\"Iha Race\"},\"image\":{\"@id\":\"https:\\\/\\\/iha-race.com\\\/de\\\/#\\\/schema\\\/logo\\\/image\\\/\"}}]}<\/script>\n<!-- \/ Yoast SEO plugin. -->","yoast_head_json":{"title":"Pro'sKit 8PK-366N-G Ansaug-Entl\u00f6tpumpe - Iha Race","robots":{"index":"index","follow":"follow","max-snippet":"max-snippet:-1","max-image-preview":"max-image-preview:large","max-video-preview":"max-video-preview:-1"},"canonical":"https:\/\/iha-race.com\/de\/producto\/pump-proskit-8pk-366n-g-proskit-8pk-366n-g-proskit-8pk-366n-g-welding-suction-welding-pump\/","og_locale":"de_DE","og_type":"article","og_title":"Pro'sKit 8PK-366N-G Ansaug-Entl\u00f6tpumpe - Iha Race","og_description":"Pro&#8217;sKit 8PK-366N-G Ansaug-Entl\u00f6tpumpe Pro&#8217;sKit 8PK-366N-G Entl\u00f6tpumpenkolben mit doppelten \u00d6ldichtungen und schnellem und einfachem 205mm Saugnapf f\u00fcr L\u00f6tr\u00fcckst\u00e4nde. Die Pro&#8217;sKit Entl\u00f6tpumpe verf\u00fcgt \u00fcber eine hohe Vakuumkraft. Es wird insbesondere f\u00fcr die","og_url":"https:\/\/iha-race.com\/de\/producto\/pump-proskit-8pk-366n-g-proskit-8pk-366n-g-proskit-8pk-366n-g-welding-suction-welding-pump\/","og_site_name":"Iha Race","article_modified_time":"2024-08-29T10:30:30+00:00","og_image":[{"width":600,"height":600,"url":"https:\/\/iha-race.com\/wp-content\/uploads\/2019\/12\/Bomba-ProsKit-8PK-366N-G-de-Desoldadura-de-Succion-fpv.jpg","type":"image\/jpeg"}],"twitter_card":"summary_large_image","twitter_misc":{"Gesch\u00e4tzte Lesezeit":"1\u00a0Minute"},"schema":{"@context":"https:\/\/schema.org","@graph":[{"@type":"WebPage","@id":"https:\/\/iha-race.com\/de\/producto\/pump-proskit-8pk-366n-g-proskit-8pk-366n-g-proskit-8pk-366n-g-welding-suction-welding-pump\/","url":"https:\/\/iha-race.com\/de\/producto\/pump-proskit-8pk-366n-g-proskit-8pk-366n-g-proskit-8pk-366n-g-welding-suction-welding-pump\/","name":"Pro'sKit 8PK-366N-G Ansaug-Entl\u00f6tpumpe - Iha Race","isPartOf":{"@id":"https:\/\/iha-race.com\/de\/#website"},"primaryImageOfPage":{"@id":"https:\/\/iha-race.com\/de\/producto\/pump-proskit-8pk-366n-g-proskit-8pk-366n-g-proskit-8pk-366n-g-welding-suction-welding-pump\/#primaryimage"},"image":{"@id":"https:\/\/iha-race.com\/de\/producto\/pump-proskit-8pk-366n-g-proskit-8pk-366n-g-proskit-8pk-366n-g-welding-suction-welding-pump\/#primaryimage"},"thumbnailUrl":"https:\/\/iha-race.com\/wp-content\/uploads\/2019\/12\/Bomba-ProsKit-8PK-366N-G-de-Desoldadura-de-Succion-fpv.jpg","datePublished":"2021-03-24T12:22:49+00:00","dateModified":"2024-08-29T10:30:30+00:00","breadcrumb":{"@id":"https:\/\/iha-race.com\/de\/producto\/pump-proskit-8pk-366n-g-proskit-8pk-366n-g-proskit-8pk-366n-g-welding-suction-welding-pump\/#breadcrumb"},"inLanguage":"de","potentialAction":[{"@type":"ReadAction","target":["https:\/\/iha-race.com\/de\/producto\/pump-proskit-8pk-366n-g-proskit-8pk-366n-g-proskit-8pk-366n-g-welding-suction-welding-pump\/"]}]},{"@type":"ImageObject","inLanguage":"de","@id":"https:\/\/iha-race.com\/de\/producto\/pump-proskit-8pk-366n-g-proskit-8pk-366n-g-proskit-8pk-366n-g-welding-suction-welding-pump\/#primaryimage","url":"https:\/\/iha-race.com\/wp-content\/uploads\/2019\/12\/Bomba-ProsKit-8PK-366N-G-de-Desoldadura-de-Succion-fpv.jpg","contentUrl":"https:\/\/iha-race.com\/wp-content\/uploads\/2019\/12\/Bomba-ProsKit-8PK-366N-G-de-Desoldadura-de-Succion-fpv.jpg","width":600,"height":600},{"@type":"BreadcrumbList","@id":"https:\/\/iha-race.com\/de\/producto\/pump-proskit-8pk-366n-g-proskit-8pk-366n-g-proskit-8pk-366n-g-welding-suction-welding-pump\/#breadcrumb","itemListElement":[{"@type":"ListItem","position":1,"name":"Portada","item":"https:\/\/iha-race.com\/de\/elementor-499\/"},{"@type":"ListItem","position":2,"name":"Shop","item":"https:\/\/iha-race.com\/de\/shop\/"},{"@type":"ListItem","position":3,"name":"Pro&#8217;sKit 8PK-366N-G Ansaug-Entl\u00f6tpumpe"}]},{"@type":"WebSite","@id":"https:\/\/iha-race.com\/de\/#website","url":"https:\/\/iha-race.com\/de\/","name":"Iha Race","description":"Comprar drones de carreras FPV env\u00edos en un d\u00eda desde Espa\u00f1a","publisher":{"@id":"https:\/\/iha-race.com\/de\/#organization"},"potentialAction":[{"@type":"SearchAction","target":{"@type":"EntryPoint","urlTemplate":"https:\/\/iha-race.com\/de\/?s={search_term_string}"},"query-input":{"@type":"PropertyValueSpecification","valueRequired":true,"valueName":"search_term_string"}}],"inLanguage":"de"},{"@type":"Organization","@id":"https:\/\/iha-race.com\/de\/#organization","name":"Iha Race","url":"https:\/\/iha-race.com\/de\/","logo":{"@type":"ImageObject","inLanguage":"de","@id":"https:\/\/iha-race.com\/de\/#\/schema\/logo\/image\/","url":"https:\/\/iha-race.com\/wp-content\/uploads\/2018\/07\/iha-race-drones-de-carreras-tienda-comprar-drones.png","contentUrl":"https:\/\/iha-race.com\/wp-content\/uploads\/2018\/07\/iha-race-drones-de-carreras-tienda-comprar-drones.png","width":300,"height":100,"caption":"Iha Race"},"image":{"@id":"https:\/\/iha-race.com\/de\/#\/schema\/logo\/image\/"}}]}},"jetpack_sharing_enabled":true,"brands":[],"_links":{"self":[{"href":"https:\/\/iha-race.com\/de\/wp-json\/wp\/v2\/product\/208176","targetHints":{"allow":["GET"]}}],"collection":[{"href":"https:\/\/iha-race.com\/de\/wp-json\/wp\/v2\/product"}],"about":[{"href":"https:\/\/iha-race.com\/de\/wp-json\/wp\/v2\/types\/product"}],"replies":[{"embeddable":true,"href":"https:\/\/iha-race.com\/de\/wp-json\/wp\/v2\/comments?post=208176"}],"version-history":[{"count":1,"href":"https:\/\/iha-race.com\/de\/wp-json\/wp\/v2\/product\/208176\/revisions"}],"predecessor-version":[{"id":211872,"href":"https:\/\/iha-race.com\/de\/wp-json\/wp\/v2\/product\/208176\/revisions\/211872"}],"wp:featuredmedia":[{"embeddable":true,"href":"https:\/\/iha-race.com\/de\/wp-json\/wp\/v2\/media\/125830"}],"wp:attachment":[{"href":"https:\/\/iha-race.com\/de\/wp-json\/wp\/v2\/media?parent=208176"}],"wp:term":[{"taxonomy":"pwb-brand","embeddable":true,"href":"https:\/\/iha-race.com\/de\/wp-json\/wp\/v2\/pwb-brand?post=208176"},{"taxonomy":"product_cat","embeddable":true,"href":"https:\/\/iha-race.com\/de\/wp-json\/wp\/v2\/product_cat?post=208176"},{"taxonomy":"product_tag","embeddable":true,"href":"https:\/\/iha-race.com\/de\/wp-json\/wp\/v2\/product_tag?post=208176"}],"curies":[{"name":"wp","href":"https:\/\/api.w.org\/{rel}","templated":true}]}}