{"id":208164,"date":"2020-02-21T17:13:36","date_gmt":"2020-02-21T16:13:36","guid":{"rendered":"https:\/\/iha-race.com\/producto\/tattu-funfly-serie-1550mah-11-1v-100c-3s1p-lipo-mit-xt60-fassung\/"},"modified":"2024-08-29T16:09:56","modified_gmt":"2024-08-29T14:09:56","slug":"tattu-funfly-series-1550mah-11-1v-100c-3s1p-lipo-con-enchufe-xt60","status":"publish","type":"product","link":"https:\/\/iha-race.com\/de\/producto\/tattu-funfly-series-1550mah-11-1v-100c-3s1p-lipo-con-enchufe-xt60\/","title":{"rendered":"Tattu Funfly Serie 1550mAh 11.1V 100C 3S1P Lipo mit XT60 Fassung"},"content":{"rendered":"<h2>Tattu Funfly Serie 1550mAh 11.1V 100C 3S1P Lipo mit XT60 Fassung<\/h2>\n<p>&nbsp;<\/p>\n<p><strong>Funfly<\/strong>, das charmante neue Mitglied der Tattu-Familie, speziell f\u00fcr das t\u00e4gliche Training und Freestyle entwickelt. Sind Sie den Druck der Rennsportszene leid? Alles, was Sie tun m\u00fcssen, ist, einen sch\u00f6nen ruhigen Platz in einem \u00f6rtlichen Park oder einer anderen freien Fl\u00e4che zu finden, um Ihr Training zu beginnen. Mit seiner stabilen Performance kannst du dich auf deine Flips, Rollen und Powerloops konzentrieren und deine fl\u00fcssigen Freestyle-Lines perfektionieren. Der Spa\u00df ist gro\u00df. Nehmen Sie von nun an den Druck weg und machen Sie sich keine Gedanken dar\u00fcber, was andere sagen, ob gut oder schlecht, positiv oder negativ, benutzen Sie einfach Ihre Flugger\u00e4te und starten Sie Ihren eigenen Freestyle. Das <strong>Tattu Funfly Series 1550mAh 3S 100C Lipo Battery Pack<\/strong> wurde speziell f\u00fcr FPV-Quadcopter entwickelt, die hohe Entladungsraten ben\u00f6tigen. Der Tattu-Akku hat die ideale Kombination aus Leistung und Gewicht. Die Entladungsrate von 100C gibt Ihnen einen sofortigen Energieschub beim Fliegen. Tattu-Akkus liefern zuverl\u00e4ssige, hochwertige Energie f\u00fcr Ihren Multirotor oder Ihr Flugger\u00e4t. Alle Tattu LiPos sind mit vibrations- und feuerfestem Material und unserer Deluxe-Akkubox verpackt. Vergewissern Sie sich, dass Ihre Batterie in einwandfreiem Zustand ist. Ein automatischer Prozess und ein Anpassungsprozess der Batteriezellen im Computersystem sorgen f\u00fcr die Stabilit\u00e4t und Qualit\u00e4t der Batterien. Anders als die urspr\u00fcngliche Gens Ace Serie ist TATTU auf den UAV- und UAS-Markt spezialisiert, mit seiner industriellen Qualit\u00e4t (da Gens Ace im Hobbybereich angesiedelt ist), seinem Motto &#8220;weniger ist mehr&#8221;, &#8220;mehr&#8221; bedeutet mehr Flugzeit, mehr Freude und mehr Zufriedenheit, und &#8220;weniger&#8221; bedeutet weniger Gewicht, einfaches Design. Tattu entwickelt seine Produkte immer nach diesen 2 Anweisungen, damit Sie einen qualitativ hochwertigen Akku erhalten.  <\/p>\n<h3><strong>Tattu Funfly Serie 1550mAh 3S 100C Lipo Akku Spezifikationen:<\/strong><\/h3>\n<p>  &#8211; Kapazit\u00e4t: 1550mAh &#8211; Spannung: 11.1V \/ 3S &#8211; Entladerate: 100C &#8211; Gewicht (\u00b1 10g): 140g &#8211; Gr\u00f6\u00dfe (\u00b1 5): 73 * 36 * 28 mm<\/p>\n","protected":false},"excerpt":{"rendered":"<p>Tattu Funfly Serie 1550mAh 11.1V 100C 3S1P Lipo mit XT60 Fassung &nbsp; Funfly, das charmante neue Mitglied der Tattu-Familie, speziell f\u00fcr das t\u00e4gliche Training und Freestyle entwickelt. Sind Sie den<\/p>\n","protected":false},"featured_media":122439,"comment_status":"open","ping_status":"closed","template":"","meta":{"_joinchat":[]},"pwb-brand":[],"product_cat":[17,20],"product_tag":[],"class_list":{"0":"post-208164","1":"product","2":"type-product","3":"status-publish","4":"has-post-thumbnail","6":"product_cat-baterias-para-drones","7":"product_cat-s3","9":"first","10":"instock","11":"taxable","12":"shipping-taxable","13":"purchasable","14":"product-type-simple"},"barcode":null,"atum_controlled":true,"out_stock_date":null,"out_stock_threshold":null,"inheritable":false,"stock_on_hold":0,"sold_today":0,"sales_last_days":0,"out_stock_days":0,"lost_sales":0,"update_date":"2026-04-18T09:34:38","atum_locations":[],"atum_stock_status":"instock","restock_status":false,"low_stock_amount":"","sales_update_date":"2026-04-18T09:34:38","calc_backorders":null,"yoast_head":"<!-- This site is optimized with the Yoast SEO plugin v27.3 - https:\/\/yoast.com\/product\/yoast-seo-wordpress\/ -->\n<title>Tattu Funfly Serie 1550mAh 11.1V 100C 3S1P Lipo mit XT60 Fassung - Iha Race<\/title>\n<meta name=\"robots\" content=\"index, follow, max-snippet:-1, max-image-preview:large, max-video-preview:-1\" \/>\n<link rel=\"canonical\" href=\"https:\/\/iha-race.com\/de\/producto\/tattu-funfly-series-1550mah-11-1v-100c-3s1p-lipo-con-enchufe-xt60\/\" \/>\n<meta property=\"og:locale\" content=\"de_DE\" \/>\n<meta property=\"og:type\" content=\"article\" \/>\n<meta property=\"og:title\" content=\"Tattu Funfly Serie 1550mAh 11.1V 100C 3S1P Lipo mit XT60 Fassung - Iha Race\" \/>\n<meta property=\"og:description\" content=\"Tattu Funfly Serie 1550mAh 11.1V 100C 3S1P Lipo mit XT60 Fassung &nbsp; Funfly, das charmante neue Mitglied der Tattu-Familie, speziell f\u00fcr das t\u00e4gliche Training und Freestyle entwickelt. Sind Sie den\" \/>\n<meta property=\"og:url\" content=\"https:\/\/iha-race.com\/de\/producto\/tattu-funfly-series-1550mah-11-1v-100c-3s1p-lipo-con-enchufe-xt60\/\" \/>\n<meta property=\"og:site_name\" content=\"Iha Race\" \/>\n<meta property=\"article:modified_time\" content=\"2024-08-29T14:09:56+00:00\" \/>\n<meta property=\"og:image\" content=\"https:\/\/iha-race.com\/wp-content\/uploads\/2020\/02\/5_152.jpg\" \/>\n\t<meta property=\"og:image:width\" content=\"800\" \/>\n\t<meta property=\"og:image:height\" content=\"800\" \/>\n\t<meta property=\"og:image:type\" content=\"image\/jpeg\" \/>\n<meta name=\"twitter:card\" content=\"summary_large_image\" \/>\n<meta name=\"twitter:label1\" content=\"Gesch\u00e4tzte Lesezeit\" \/>\n\t<meta name=\"twitter:data1\" content=\"2\u00a0Minuten\" \/>\n<script type=\"application\/ld+json\" class=\"yoast-schema-graph\">{\"@context\":\"https:\\\/\\\/schema.org\",\"@graph\":[{\"@type\":\"WebPage\",\"@id\":\"https:\\\/\\\/iha-race.com\\\/de\\\/producto\\\/tattu-funfly-series-1550mah-11-1v-100c-3s1p-lipo-con-enchufe-xt60\\\/\",\"url\":\"https:\\\/\\\/iha-race.com\\\/de\\\/producto\\\/tattu-funfly-series-1550mah-11-1v-100c-3s1p-lipo-con-enchufe-xt60\\\/\",\"name\":\"Tattu Funfly Serie 1550mAh 11.1V 100C 3S1P Lipo mit XT60 Fassung - Iha Race\",\"isPartOf\":{\"@id\":\"https:\\\/\\\/iha-race.com\\\/de\\\/#website\"},\"primaryImageOfPage\":{\"@id\":\"https:\\\/\\\/iha-race.com\\\/de\\\/producto\\\/tattu-funfly-series-1550mah-11-1v-100c-3s1p-lipo-con-enchufe-xt60\\\/#primaryimage\"},\"image\":{\"@id\":\"https:\\\/\\\/iha-race.com\\\/de\\\/producto\\\/tattu-funfly-series-1550mah-11-1v-100c-3s1p-lipo-con-enchufe-xt60\\\/#primaryimage\"},\"thumbnailUrl\":\"https:\\\/\\\/iha-race.com\\\/wp-content\\\/uploads\\\/2020\\\/02\\\/5_152.jpg\",\"datePublished\":\"2020-02-21T16:13:36+00:00\",\"dateModified\":\"2024-08-29T14:09:56+00:00\",\"breadcrumb\":{\"@id\":\"https:\\\/\\\/iha-race.com\\\/de\\\/producto\\\/tattu-funfly-series-1550mah-11-1v-100c-3s1p-lipo-con-enchufe-xt60\\\/#breadcrumb\"},\"inLanguage\":\"de\",\"potentialAction\":[{\"@type\":\"ReadAction\",\"target\":[\"https:\\\/\\\/iha-race.com\\\/de\\\/producto\\\/tattu-funfly-series-1550mah-11-1v-100c-3s1p-lipo-con-enchufe-xt60\\\/\"]}]},{\"@type\":\"ImageObject\",\"inLanguage\":\"de\",\"@id\":\"https:\\\/\\\/iha-race.com\\\/de\\\/producto\\\/tattu-funfly-series-1550mah-11-1v-100c-3s1p-lipo-con-enchufe-xt60\\\/#primaryimage\",\"url\":\"https:\\\/\\\/iha-race.com\\\/wp-content\\\/uploads\\\/2020\\\/02\\\/5_152.jpg\",\"contentUrl\":\"https:\\\/\\\/iha-race.com\\\/wp-content\\\/uploads\\\/2020\\\/02\\\/5_152.jpg\",\"width\":800,\"height\":800,\"caption\":\"Tattu Funfly Series 1550mAh 11.1V 100C 3S1P\"},{\"@type\":\"BreadcrumbList\",\"@id\":\"https:\\\/\\\/iha-race.com\\\/de\\\/producto\\\/tattu-funfly-series-1550mah-11-1v-100c-3s1p-lipo-con-enchufe-xt60\\\/#breadcrumb\",\"itemListElement\":[{\"@type\":\"ListItem\",\"position\":1,\"name\":\"Portada\",\"item\":\"https:\\\/\\\/iha-race.com\\\/de\\\/elementor-499\\\/\"},{\"@type\":\"ListItem\",\"position\":2,\"name\":\"Shop\",\"item\":\"https:\\\/\\\/iha-race.com\\\/de\\\/shop\\\/\"},{\"@type\":\"ListItem\",\"position\":3,\"name\":\"Tattu Funfly Serie 1550mAh 11.1V 100C 3S1P Lipo mit XT60 Fassung\"}]},{\"@type\":\"WebSite\",\"@id\":\"https:\\\/\\\/iha-race.com\\\/de\\\/#website\",\"url\":\"https:\\\/\\\/iha-race.com\\\/de\\\/\",\"name\":\"Iha Race\",\"description\":\"Comprar drones de carreras FPV env\u00edos en un d\u00eda desde Espa\u00f1a\",\"publisher\":{\"@id\":\"https:\\\/\\\/iha-race.com\\\/de\\\/#organization\"},\"potentialAction\":[{\"@type\":\"SearchAction\",\"target\":{\"@type\":\"EntryPoint\",\"urlTemplate\":\"https:\\\/\\\/iha-race.com\\\/de\\\/?s={search_term_string}\"},\"query-input\":{\"@type\":\"PropertyValueSpecification\",\"valueRequired\":true,\"valueName\":\"search_term_string\"}}],\"inLanguage\":\"de\"},{\"@type\":\"Organization\",\"@id\":\"https:\\\/\\\/iha-race.com\\\/de\\\/#organization\",\"name\":\"Iha Race\",\"url\":\"https:\\\/\\\/iha-race.com\\\/de\\\/\",\"logo\":{\"@type\":\"ImageObject\",\"inLanguage\":\"de\",\"@id\":\"https:\\\/\\\/iha-race.com\\\/de\\\/#\\\/schema\\\/logo\\\/image\\\/\",\"url\":\"https:\\\/\\\/iha-race.com\\\/wp-content\\\/uploads\\\/2018\\\/07\\\/iha-race-drones-de-carreras-tienda-comprar-drones.png\",\"contentUrl\":\"https:\\\/\\\/iha-race.com\\\/wp-content\\\/uploads\\\/2018\\\/07\\\/iha-race-drones-de-carreras-tienda-comprar-drones.png\",\"width\":300,\"height\":100,\"caption\":\"Iha Race\"},\"image\":{\"@id\":\"https:\\\/\\\/iha-race.com\\\/de\\\/#\\\/schema\\\/logo\\\/image\\\/\"}}]}<\/script>\n<!-- \/ Yoast SEO plugin. -->","yoast_head_json":{"title":"Tattu Funfly Serie 1550mAh 11.1V 100C 3S1P Lipo mit XT60 Fassung - Iha Race","robots":{"index":"index","follow":"follow","max-snippet":"max-snippet:-1","max-image-preview":"max-image-preview:large","max-video-preview":"max-video-preview:-1"},"canonical":"https:\/\/iha-race.com\/de\/producto\/tattu-funfly-series-1550mah-11-1v-100c-3s1p-lipo-con-enchufe-xt60\/","og_locale":"de_DE","og_type":"article","og_title":"Tattu Funfly Serie 1550mAh 11.1V 100C 3S1P Lipo mit XT60 Fassung - Iha Race","og_description":"Tattu Funfly Serie 1550mAh 11.1V 100C 3S1P Lipo mit XT60 Fassung &nbsp; Funfly, das charmante neue Mitglied der Tattu-Familie, speziell f\u00fcr das t\u00e4gliche Training und Freestyle entwickelt. Sind Sie den","og_url":"https:\/\/iha-race.com\/de\/producto\/tattu-funfly-series-1550mah-11-1v-100c-3s1p-lipo-con-enchufe-xt60\/","og_site_name":"Iha Race","article_modified_time":"2024-08-29T14:09:56+00:00","og_image":[{"width":800,"height":800,"url":"https:\/\/iha-race.com\/wp-content\/uploads\/2020\/02\/5_152.jpg","type":"image\/jpeg"}],"twitter_card":"summary_large_image","twitter_misc":{"Gesch\u00e4tzte Lesezeit":"2\u00a0Minuten"},"schema":{"@context":"https:\/\/schema.org","@graph":[{"@type":"WebPage","@id":"https:\/\/iha-race.com\/de\/producto\/tattu-funfly-series-1550mah-11-1v-100c-3s1p-lipo-con-enchufe-xt60\/","url":"https:\/\/iha-race.com\/de\/producto\/tattu-funfly-series-1550mah-11-1v-100c-3s1p-lipo-con-enchufe-xt60\/","name":"Tattu Funfly Serie 1550mAh 11.1V 100C 3S1P Lipo mit XT60 Fassung - Iha Race","isPartOf":{"@id":"https:\/\/iha-race.com\/de\/#website"},"primaryImageOfPage":{"@id":"https:\/\/iha-race.com\/de\/producto\/tattu-funfly-series-1550mah-11-1v-100c-3s1p-lipo-con-enchufe-xt60\/#primaryimage"},"image":{"@id":"https:\/\/iha-race.com\/de\/producto\/tattu-funfly-series-1550mah-11-1v-100c-3s1p-lipo-con-enchufe-xt60\/#primaryimage"},"thumbnailUrl":"https:\/\/iha-race.com\/wp-content\/uploads\/2020\/02\/5_152.jpg","datePublished":"2020-02-21T16:13:36+00:00","dateModified":"2024-08-29T14:09:56+00:00","breadcrumb":{"@id":"https:\/\/iha-race.com\/de\/producto\/tattu-funfly-series-1550mah-11-1v-100c-3s1p-lipo-con-enchufe-xt60\/#breadcrumb"},"inLanguage":"de","potentialAction":[{"@type":"ReadAction","target":["https:\/\/iha-race.com\/de\/producto\/tattu-funfly-series-1550mah-11-1v-100c-3s1p-lipo-con-enchufe-xt60\/"]}]},{"@type":"ImageObject","inLanguage":"de","@id":"https:\/\/iha-race.com\/de\/producto\/tattu-funfly-series-1550mah-11-1v-100c-3s1p-lipo-con-enchufe-xt60\/#primaryimage","url":"https:\/\/iha-race.com\/wp-content\/uploads\/2020\/02\/5_152.jpg","contentUrl":"https:\/\/iha-race.com\/wp-content\/uploads\/2020\/02\/5_152.jpg","width":800,"height":800,"caption":"Tattu Funfly Series 1550mAh 11.1V 100C 3S1P"},{"@type":"BreadcrumbList","@id":"https:\/\/iha-race.com\/de\/producto\/tattu-funfly-series-1550mah-11-1v-100c-3s1p-lipo-con-enchufe-xt60\/#breadcrumb","itemListElement":[{"@type":"ListItem","position":1,"name":"Portada","item":"https:\/\/iha-race.com\/de\/elementor-499\/"},{"@type":"ListItem","position":2,"name":"Shop","item":"https:\/\/iha-race.com\/de\/shop\/"},{"@type":"ListItem","position":3,"name":"Tattu Funfly Serie 1550mAh 11.1V 100C 3S1P Lipo mit XT60 Fassung"}]},{"@type":"WebSite","@id":"https:\/\/iha-race.com\/de\/#website","url":"https:\/\/iha-race.com\/de\/","name":"Iha Race","description":"Comprar drones de carreras FPV env\u00edos en un d\u00eda desde Espa\u00f1a","publisher":{"@id":"https:\/\/iha-race.com\/de\/#organization"},"potentialAction":[{"@type":"SearchAction","target":{"@type":"EntryPoint","urlTemplate":"https:\/\/iha-race.com\/de\/?s={search_term_string}"},"query-input":{"@type":"PropertyValueSpecification","valueRequired":true,"valueName":"search_term_string"}}],"inLanguage":"de"},{"@type":"Organization","@id":"https:\/\/iha-race.com\/de\/#organization","name":"Iha Race","url":"https:\/\/iha-race.com\/de\/","logo":{"@type":"ImageObject","inLanguage":"de","@id":"https:\/\/iha-race.com\/de\/#\/schema\/logo\/image\/","url":"https:\/\/iha-race.com\/wp-content\/uploads\/2018\/07\/iha-race-drones-de-carreras-tienda-comprar-drones.png","contentUrl":"https:\/\/iha-race.com\/wp-content\/uploads\/2018\/07\/iha-race-drones-de-carreras-tienda-comprar-drones.png","width":300,"height":100,"caption":"Iha Race"},"image":{"@id":"https:\/\/iha-race.com\/de\/#\/schema\/logo\/image\/"}}]}},"jetpack_sharing_enabled":true,"brands":[],"_links":{"self":[{"href":"https:\/\/iha-race.com\/de\/wp-json\/wp\/v2\/product\/208164","targetHints":{"allow":["GET"]}}],"collection":[{"href":"https:\/\/iha-race.com\/de\/wp-json\/wp\/v2\/product"}],"about":[{"href":"https:\/\/iha-race.com\/de\/wp-json\/wp\/v2\/types\/product"}],"replies":[{"embeddable":true,"href":"https:\/\/iha-race.com\/de\/wp-json\/wp\/v2\/comments?post=208164"}],"version-history":[{"count":2,"href":"https:\/\/iha-race.com\/de\/wp-json\/wp\/v2\/product\/208164\/revisions"}],"predecessor-version":[{"id":249999,"href":"https:\/\/iha-race.com\/de\/wp-json\/wp\/v2\/product\/208164\/revisions\/249999"}],"wp:featuredmedia":[{"embeddable":true,"href":"https:\/\/iha-race.com\/de\/wp-json\/wp\/v2\/media\/122439"}],"wp:attachment":[{"href":"https:\/\/iha-race.com\/de\/wp-json\/wp\/v2\/media?parent=208164"}],"wp:term":[{"taxonomy":"pwb-brand","embeddable":true,"href":"https:\/\/iha-race.com\/de\/wp-json\/wp\/v2\/pwb-brand?post=208164"},{"taxonomy":"product_cat","embeddable":true,"href":"https:\/\/iha-race.com\/de\/wp-json\/wp\/v2\/product_cat?post=208164"},{"taxonomy":"product_tag","embeddable":true,"href":"https:\/\/iha-race.com\/de\/wp-json\/wp\/v2\/product_tag?post=208164"}],"curies":[{"name":"wp","href":"https:\/\/api.w.org\/{rel}","templated":true}]}}