{"id":208157,"date":"2021-08-05T18:52:12","date_gmt":"2021-08-05T16:52:12","guid":{"rendered":"https:\/\/iha-race.com\/producto\/tbs-vergessenheit-pnp\/"},"modified":"2024-08-29T12:22:03","modified_gmt":"2024-08-29T10:22:03","slug":"tbs-oblivion-pnp","status":"publish","type":"product","link":"https:\/\/iha-race.com\/de\/producto\/tbs-oblivion-pnp\/","title":{"rendered":"TBS VERGESSENHEIT PNP"},"content":{"rendered":"<h1>TBS VERGESSENHEIT PNP<\/h1>\n<p>&nbsp;<\/p>\n<p><span style=\"color: #ff0000;\"><strong>Lieferzeit 7 \/ 10 Tage<\/strong><\/span> Die erste Unibody-Renndrohne aus gespritztem Polymer-Verbundstoff. Wettkampftauglich, 120 km\/h H\u00f6chstgeschwindigkeit und bis zu 11 Minuten Flugzeit nach dem Auspacken. https:\/\/youtu.be\/QBGgfIDeJp8<\/p>\n<h3>PLASTIK IST FANTASTISCH<\/h3>\n<p>  Hergestellt aus einer praktisch unzerbrechlichen, ma\u00dfgeschneiderten Materialmischung, die nicht nur alle Ihre elektronischen Ger\u00e4te sch\u00fctzt, sondern auch ihre Form nach St\u00f6\u00dfen beibeh\u00e4lt. Der Herstellungsprozess war ein langwieriger Forschungsprozess und ein sorgf\u00e4ltiger Balanceakt zwischen Steifigkeit, Haltbarkeit und Gewicht. Das Endergebnis ist eine schlanke, hoch aerodynamische, extrem robuste Renn-, Langstrecken- oder Freestyle-Drohne, die Sie nicht entt\u00e4uschen wird!  <\/p>\n<h3>ANF\u00c4NGER FREUNDE<\/h3>\n<p>  In 5 Minuten von der Schachtel in die Luft. Das versprechen sowohl das RTF als auch die Vollversion von TBS Oblivion. Der Velocidrone FPV-Simulator hat das Modell bereits eingebaut, so dass Sie bequem von Ihrem Sofa aus \u00fcben k\u00f6nnen, bevor Sie die echte Drohne in Gefahr bringen.  <\/p>\n<h3>MODULARES DESIGN<\/h3>\n<p>  Die gesamte Drohne besteht aus unz\u00e4hligen autonomen Teilen, die f\u00fcr ein einheitliches Benutzererlebnis zusammenarbeiten. Mit dem richtigen Ma\u00df an Wissen \u00fcber das Innenleben einer modernen Renndrohne kann jeder sein Abenteuer in diesem erstaunlichen Hobby beginnen, Teile austauschen und seine Drohne reparieren, ohne zu l\u00f6ten, seine Grenzen als Pilot ausloten und durch den Himmel fliegen wie ein Vogel, der im Abenteuer erblindet! https:\/\/youtu.be\/YqwWQiDYGXA https:\/\/youtu.be\/SksFefiKsBg  <\/p>\n<h2>Merkmale:<\/h2>\n<div>\n<ul>\n<li>Flugzeit: 3-4 Minuten typisch, bis zu 11 Minuten mit 1300 mAh 4S.<\/li>\n<li>Gewicht: 360 g ohne Batterie<\/li>\n<li>Motoren: Custom Cobra CT-2205-2400kV<\/li>\n<li>Akku : 4s LiPo 1300mAh &#8211; 2200mAh<\/li>\n<li>Propeller: HQ 5 \u00d7 4,5 \u00d7 3 V3-Dreiblatt-Propeller<\/li>\n<li>Flugsteuerung: TBS Colibri F3 mit BetaFlight 3.3<\/li>\n<li>ESC : BLHeli-S Multishot TBS PowerCube 25A 6S ESC&#8217;s<\/li>\n<li>Kameramodell: TBS Oblivion 650TVL FPV Kamera<\/li>\n<li>Video-Sender : TBS FPVision, U.FL auf SMA-Pigtail<\/li>\n<li>Kompatibilit\u00e4t mit Empf\u00e4ngern: CRSF, S-Bus, Spektrum\u2122 kompatibel<\/li>\n<\/ul>\n<h4>DOWNLOADS<\/h4>\n<ul>\n<li><a href=\"https:\/\/www.team-blacksheep.com\/oblivion\/manual\" target=\"_blank\" rel=\"noopener noreferrer\">Handbuch<\/a><\/li>\n<li><a href=\"https:\/\/www.thingiverse.com\/thing:3087443\" target=\"_blank\" rel=\"noopener noreferrer\">Insta 360 Halterung f\u00fcr TBS OBLIVION<\/a><\/li>\n<\/ul>\n<h2>Das Paket enth\u00e4lt:<\/h2>\n<ul>\n<li>1 x TBS Oblivion PNP<\/li>\n<li>1 x HD-Markise<\/li>\n<li>2 x HD-Kamera-Kissen<\/li>\n<li>1 x HD-Kameragurt<\/li>\n<li>1 x Batterieband<\/li>\n<li>1 x Batterieschutz<\/li>\n<li>1 x Motorhalterung<\/li>\n<li>1 x Hilfswerkzeug<\/li>\n<li>1 x TBS-Oblivion-Hunde-Rakete<\/li>\n<li>2 x HQ Langlebige St\u00fctze Polykarbonat 4 5&#215;4.5x3V3 &#8211; Hellgrau<\/li>\n<\/ul>\n<\/div>\n","protected":false},"excerpt":{"rendered":"<p><span style=\"color: #ff0000;\"><strong>Lieferzeit 7 \/ 10 Tage<\/strong><\/span><\/p>\n","protected":false},"featured_media":127040,"comment_status":"open","ping_status":"closed","template":"","meta":{"_joinchat":[]},"pwb-brand":[3552],"product_cat":[2579,3672],"product_tag":[],"class_list":{"0":"post-208157","1":"product","2":"type-product","3":"status-publish","4":"has-post-thumbnail","6":"pwb-brand-tbs","7":"product_cat-fpv-drohnen","8":"product_cat-rtf-montiert","10":"first","11":"instock","12":"taxable","13":"shipping-taxable","14":"purchasable","15":"product-type-simple"},"barcode":null,"atum_controlled":true,"out_stock_date":"2023-05-31 10:18:43","out_stock_threshold":null,"inheritable":false,"stock_on_hold":0,"sold_today":0,"sales_last_days":0,"out_stock_days":1050,"lost_sales":0,"update_date":"2026-04-16T07:36:07","atum_locations":[],"atum_stock_status":"instock","restock_status":false,"low_stock_amount":"","sales_update_date":"2026-04-16T07:36:07","calc_backorders":null,"yoast_head":"<!-- This site is optimized with the Yoast SEO plugin v27.3 - https:\/\/yoast.com\/product\/yoast-seo-wordpress\/ -->\n<title>TBS VERGESSENHEIT PNP - Iha Race<\/title>\n<meta name=\"robots\" content=\"index, follow, max-snippet:-1, max-image-preview:large, max-video-preview:-1\" \/>\n<link rel=\"canonical\" href=\"https:\/\/iha-race.com\/de\/producto\/tbs-oblivion-pnp\/\" \/>\n<meta property=\"og:locale\" content=\"de_DE\" \/>\n<meta property=\"og:type\" content=\"article\" \/>\n<meta property=\"og:title\" content=\"TBS VERGESSENHEIT PNP - Iha Race\" \/>\n<meta property=\"og:description\" content=\"Lieferzeit 7 \/ 10 Tage\" \/>\n<meta property=\"og:url\" content=\"https:\/\/iha-race.com\/de\/producto\/tbs-oblivion-pnp\/\" \/>\n<meta property=\"og:site_name\" content=\"Iha Race\" \/>\n<meta property=\"article:modified_time\" content=\"2024-08-29T10:22:03+00:00\" \/>\n<meta property=\"og:image\" content=\"https:\/\/iha-race.com\/wp-content\/uploads\/2019\/12\/TBS-OBLIVION-PNP-1.jpg\" \/>\n\t<meta property=\"og:image:width\" content=\"800\" \/>\n\t<meta property=\"og:image:height\" content=\"800\" \/>\n\t<meta property=\"og:image:type\" content=\"image\/jpeg\" \/>\n<meta name=\"twitter:card\" content=\"summary_large_image\" \/>\n<meta name=\"twitter:label1\" content=\"Gesch\u00e4tzte Lesezeit\" \/>\n\t<meta name=\"twitter:data1\" content=\"2\u00a0Minuten\" \/>\n<script type=\"application\/ld+json\" class=\"yoast-schema-graph\">{\"@context\":\"https:\\\/\\\/schema.org\",\"@graph\":[{\"@type\":\"WebPage\",\"@id\":\"https:\\\/\\\/iha-race.com\\\/de\\\/producto\\\/tbs-oblivion-pnp\\\/\",\"url\":\"https:\\\/\\\/iha-race.com\\\/de\\\/producto\\\/tbs-oblivion-pnp\\\/\",\"name\":\"TBS VERGESSENHEIT PNP - Iha Race\",\"isPartOf\":{\"@id\":\"https:\\\/\\\/iha-race.com\\\/de\\\/#website\"},\"primaryImageOfPage\":{\"@id\":\"https:\\\/\\\/iha-race.com\\\/de\\\/producto\\\/tbs-oblivion-pnp\\\/#primaryimage\"},\"image\":{\"@id\":\"https:\\\/\\\/iha-race.com\\\/de\\\/producto\\\/tbs-oblivion-pnp\\\/#primaryimage\"},\"thumbnailUrl\":\"https:\\\/\\\/iha-race.com\\\/wp-content\\\/uploads\\\/2019\\\/12\\\/TBS-OBLIVION-PNP-1.jpg\",\"datePublished\":\"2021-08-05T16:52:12+00:00\",\"dateModified\":\"2024-08-29T10:22:03+00:00\",\"breadcrumb\":{\"@id\":\"https:\\\/\\\/iha-race.com\\\/de\\\/producto\\\/tbs-oblivion-pnp\\\/#breadcrumb\"},\"inLanguage\":\"de\",\"potentialAction\":[{\"@type\":\"ReadAction\",\"target\":[\"https:\\\/\\\/iha-race.com\\\/de\\\/producto\\\/tbs-oblivion-pnp\\\/\"]}]},{\"@type\":\"ImageObject\",\"inLanguage\":\"de\",\"@id\":\"https:\\\/\\\/iha-race.com\\\/de\\\/producto\\\/tbs-oblivion-pnp\\\/#primaryimage\",\"url\":\"https:\\\/\\\/iha-race.com\\\/wp-content\\\/uploads\\\/2019\\\/12\\\/TBS-OBLIVION-PNP-1.jpg\",\"contentUrl\":\"https:\\\/\\\/iha-race.com\\\/wp-content\\\/uploads\\\/2019\\\/12\\\/TBS-OBLIVION-PNP-1.jpg\",\"width\":800,\"height\":800},{\"@type\":\"BreadcrumbList\",\"@id\":\"https:\\\/\\\/iha-race.com\\\/de\\\/producto\\\/tbs-oblivion-pnp\\\/#breadcrumb\",\"itemListElement\":[{\"@type\":\"ListItem\",\"position\":1,\"name\":\"Portada\",\"item\":\"https:\\\/\\\/iha-race.com\\\/de\\\/elementor-499\\\/\"},{\"@type\":\"ListItem\",\"position\":2,\"name\":\"Shop\",\"item\":\"https:\\\/\\\/iha-race.com\\\/de\\\/shop\\\/\"},{\"@type\":\"ListItem\",\"position\":3,\"name\":\"TBS VERGESSENHEIT PNP\"}]},{\"@type\":\"WebSite\",\"@id\":\"https:\\\/\\\/iha-race.com\\\/de\\\/#website\",\"url\":\"https:\\\/\\\/iha-race.com\\\/de\\\/\",\"name\":\"Iha Race\",\"description\":\"Comprar drones de carreras FPV env\u00edos en un d\u00eda desde Espa\u00f1a\",\"publisher\":{\"@id\":\"https:\\\/\\\/iha-race.com\\\/de\\\/#organization\"},\"potentialAction\":[{\"@type\":\"SearchAction\",\"target\":{\"@type\":\"EntryPoint\",\"urlTemplate\":\"https:\\\/\\\/iha-race.com\\\/de\\\/?s={search_term_string}\"},\"query-input\":{\"@type\":\"PropertyValueSpecification\",\"valueRequired\":true,\"valueName\":\"search_term_string\"}}],\"inLanguage\":\"de\"},{\"@type\":\"Organization\",\"@id\":\"https:\\\/\\\/iha-race.com\\\/de\\\/#organization\",\"name\":\"Iha Race\",\"url\":\"https:\\\/\\\/iha-race.com\\\/de\\\/\",\"logo\":{\"@type\":\"ImageObject\",\"inLanguage\":\"de\",\"@id\":\"https:\\\/\\\/iha-race.com\\\/de\\\/#\\\/schema\\\/logo\\\/image\\\/\",\"url\":\"https:\\\/\\\/iha-race.com\\\/wp-content\\\/uploads\\\/2018\\\/07\\\/iha-race-drones-de-carreras-tienda-comprar-drones.png\",\"contentUrl\":\"https:\\\/\\\/iha-race.com\\\/wp-content\\\/uploads\\\/2018\\\/07\\\/iha-race-drones-de-carreras-tienda-comprar-drones.png\",\"width\":300,\"height\":100,\"caption\":\"Iha Race\"},\"image\":{\"@id\":\"https:\\\/\\\/iha-race.com\\\/de\\\/#\\\/schema\\\/logo\\\/image\\\/\"}}]}<\/script>\n<!-- \/ Yoast SEO plugin. -->","yoast_head_json":{"title":"TBS VERGESSENHEIT PNP - Iha Race","robots":{"index":"index","follow":"follow","max-snippet":"max-snippet:-1","max-image-preview":"max-image-preview:large","max-video-preview":"max-video-preview:-1"},"canonical":"https:\/\/iha-race.com\/de\/producto\/tbs-oblivion-pnp\/","og_locale":"de_DE","og_type":"article","og_title":"TBS VERGESSENHEIT PNP - Iha Race","og_description":"Lieferzeit 7 \/ 10 Tage","og_url":"https:\/\/iha-race.com\/de\/producto\/tbs-oblivion-pnp\/","og_site_name":"Iha Race","article_modified_time":"2024-08-29T10:22:03+00:00","og_image":[{"width":800,"height":800,"url":"https:\/\/iha-race.com\/wp-content\/uploads\/2019\/12\/TBS-OBLIVION-PNP-1.jpg","type":"image\/jpeg"}],"twitter_card":"summary_large_image","twitter_misc":{"Gesch\u00e4tzte Lesezeit":"2\u00a0Minuten"},"schema":{"@context":"https:\/\/schema.org","@graph":[{"@type":"WebPage","@id":"https:\/\/iha-race.com\/de\/producto\/tbs-oblivion-pnp\/","url":"https:\/\/iha-race.com\/de\/producto\/tbs-oblivion-pnp\/","name":"TBS VERGESSENHEIT PNP - Iha Race","isPartOf":{"@id":"https:\/\/iha-race.com\/de\/#website"},"primaryImageOfPage":{"@id":"https:\/\/iha-race.com\/de\/producto\/tbs-oblivion-pnp\/#primaryimage"},"image":{"@id":"https:\/\/iha-race.com\/de\/producto\/tbs-oblivion-pnp\/#primaryimage"},"thumbnailUrl":"https:\/\/iha-race.com\/wp-content\/uploads\/2019\/12\/TBS-OBLIVION-PNP-1.jpg","datePublished":"2021-08-05T16:52:12+00:00","dateModified":"2024-08-29T10:22:03+00:00","breadcrumb":{"@id":"https:\/\/iha-race.com\/de\/producto\/tbs-oblivion-pnp\/#breadcrumb"},"inLanguage":"de","potentialAction":[{"@type":"ReadAction","target":["https:\/\/iha-race.com\/de\/producto\/tbs-oblivion-pnp\/"]}]},{"@type":"ImageObject","inLanguage":"de","@id":"https:\/\/iha-race.com\/de\/producto\/tbs-oblivion-pnp\/#primaryimage","url":"https:\/\/iha-race.com\/wp-content\/uploads\/2019\/12\/TBS-OBLIVION-PNP-1.jpg","contentUrl":"https:\/\/iha-race.com\/wp-content\/uploads\/2019\/12\/TBS-OBLIVION-PNP-1.jpg","width":800,"height":800},{"@type":"BreadcrumbList","@id":"https:\/\/iha-race.com\/de\/producto\/tbs-oblivion-pnp\/#breadcrumb","itemListElement":[{"@type":"ListItem","position":1,"name":"Portada","item":"https:\/\/iha-race.com\/de\/elementor-499\/"},{"@type":"ListItem","position":2,"name":"Shop","item":"https:\/\/iha-race.com\/de\/shop\/"},{"@type":"ListItem","position":3,"name":"TBS VERGESSENHEIT PNP"}]},{"@type":"WebSite","@id":"https:\/\/iha-race.com\/de\/#website","url":"https:\/\/iha-race.com\/de\/","name":"Iha Race","description":"Comprar drones de carreras FPV env\u00edos en un d\u00eda desde Espa\u00f1a","publisher":{"@id":"https:\/\/iha-race.com\/de\/#organization"},"potentialAction":[{"@type":"SearchAction","target":{"@type":"EntryPoint","urlTemplate":"https:\/\/iha-race.com\/de\/?s={search_term_string}"},"query-input":{"@type":"PropertyValueSpecification","valueRequired":true,"valueName":"search_term_string"}}],"inLanguage":"de"},{"@type":"Organization","@id":"https:\/\/iha-race.com\/de\/#organization","name":"Iha Race","url":"https:\/\/iha-race.com\/de\/","logo":{"@type":"ImageObject","inLanguage":"de","@id":"https:\/\/iha-race.com\/de\/#\/schema\/logo\/image\/","url":"https:\/\/iha-race.com\/wp-content\/uploads\/2018\/07\/iha-race-drones-de-carreras-tienda-comprar-drones.png","contentUrl":"https:\/\/iha-race.com\/wp-content\/uploads\/2018\/07\/iha-race-drones-de-carreras-tienda-comprar-drones.png","width":300,"height":100,"caption":"Iha Race"},"image":{"@id":"https:\/\/iha-race.com\/de\/#\/schema\/logo\/image\/"}}]}},"brands":[{"id":3552,"name":"TBS","slug":"tbs"}],"_links":{"self":[{"href":"https:\/\/iha-race.com\/de\/wp-json\/wp\/v2\/product\/208157","targetHints":{"allow":["GET"]}}],"collection":[{"href":"https:\/\/iha-race.com\/de\/wp-json\/wp\/v2\/product"}],"about":[{"href":"https:\/\/iha-race.com\/de\/wp-json\/wp\/v2\/types\/product"}],"replies":[{"embeddable":true,"href":"https:\/\/iha-race.com\/de\/wp-json\/wp\/v2\/comments?post=208157"}],"version-history":[{"count":3,"href":"https:\/\/iha-race.com\/de\/wp-json\/wp\/v2\/product\/208157\/revisions"}],"predecessor-version":[{"id":249438,"href":"https:\/\/iha-race.com\/de\/wp-json\/wp\/v2\/product\/208157\/revisions\/249438"}],"wp:featuredmedia":[{"embeddable":true,"href":"https:\/\/iha-race.com\/de\/wp-json\/wp\/v2\/media\/127040"}],"wp:attachment":[{"href":"https:\/\/iha-race.com\/de\/wp-json\/wp\/v2\/media?parent=208157"}],"wp:term":[{"taxonomy":"pwb-brand","embeddable":true,"href":"https:\/\/iha-race.com\/de\/wp-json\/wp\/v2\/pwb-brand?post=208157"},{"taxonomy":"product_cat","embeddable":true,"href":"https:\/\/iha-race.com\/de\/wp-json\/wp\/v2\/product_cat?post=208157"},{"taxonomy":"product_tag","embeddable":true,"href":"https:\/\/iha-race.com\/de\/wp-json\/wp\/v2\/product_tag?post=208157"}],"curies":[{"name":"wp","href":"https:\/\/api.w.org\/{rel}","templated":true}]}}