{"id":208156,"date":"2021-09-02T09:08:52","date_gmt":"2021-09-02T07:08:52","guid":{"rendered":"https:\/\/iha-race.com\/producto\/ethix-stuetzenwerkzeug\/"},"modified":"2025-05-27T18:42:36","modified_gmt":"2025-05-27T16:42:36","slug":"tool-ethix-prop","status":"publish","type":"product","link":"https:\/\/iha-race.com\/de\/producto\/tool-ethix-prop\/","title":{"rendered":"ETHIX-ST\u00dcTZENWERKZEUG"},"content":{"rendered":"<h2>ETHIX-ST\u00dcTZENWERKZEUG<\/h2>\n<p>  Wir stellen Ihnen das perfekte Werkzeug f\u00fcr den Au\u00dfendienst vor, das Sie \u00fcberallhin mitnehmen k\u00f6nnen. Die drei gebr\u00e4uchlichsten Werkzeuge in einer kleinen und \u00e4u\u00dferst praktischen Dreierkombination. Zwei 8-mm-Propellermuttern an den gegen\u00fcberliegenden Enden eines neu gestalteten, seidenweichen und robusten unidirektionalen Lagersystems erm\u00f6glichen einen schnellen und reibungslosen Propellerwechsel. Die silberne Seite ist zum L\u00f6sen und die schwarze Seite zum Festziehen. Diese 8-mm-Sechskantn\u00fcsse werden von den g\u00e4ngigsten 2,5-mm- und 2-mm-Sechskantschl\u00fcsseln f\u00fcr alle Gr\u00f6\u00dfen von FPV-Drohnenbolzen begleitet. Dieses Werkzeug ist alles, was Sie im Notfall brauchen und wird Ihr Flugzeug um ein Vielfaches \u00fcberdauern.  &nbsp;<\/p>\n<h3>Das Paket umfasst<\/h3>\n<ul>\n<li>1 x TOOL ETHIX PROP<\/li>\n<\/ul>\n","protected":false},"excerpt":{"rendered":"<p>ETHIX-ST\u00dcTZENWERKZEUG Wir stellen Ihnen das perfekte Werkzeug f\u00fcr den Au\u00dfendienst vor, das Sie \u00fcberallhin mitnehmen k\u00f6nnen. Die drei gebr\u00e4uchlichsten Werkzeuge in einer kleinen und \u00e4u\u00dferst praktischen Dreierkombination. Zwei 8-mm-Propellermuttern an<\/p>\n","protected":false},"featured_media":124983,"comment_status":"open","ping_status":"closed","template":"","meta":{"_joinchat":[]},"pwb-brand":[],"product_cat":[2513,2549],"product_tag":[],"class_list":{"0":"post-208156","1":"product","2":"type-product","3":"status-publish","4":"has-post-thumbnail","6":"product_cat-zubehor","7":"product_cat--werkzeuge-und-loten","9":"first","10":"instock","11":"taxable","12":"shipping-taxable","13":"purchasable","14":"product-type-simple"},"barcode":null,"atum_controlled":true,"out_stock_date":null,"out_stock_threshold":null,"inheritable":false,"stock_on_hold":0,"sold_today":0,"sales_last_days":1,"out_stock_days":0,"lost_sales":0,"update_date":"2026-04-08T16:36:18","atum_locations":[],"atum_stock_status":"instock","restock_status":false,"low_stock_amount":"","sales_update_date":"2026-04-08T10:17:18","calc_backorders":null,"yoast_head":"<!-- This site is optimized with the Yoast SEO plugin v27.3 - https:\/\/yoast.com\/product\/yoast-seo-wordpress\/ -->\n<title>ETHIX-ST\u00dcTZENWERKZEUG - Iha Race<\/title>\n<meta name=\"robots\" content=\"index, follow, max-snippet:-1, max-image-preview:large, max-video-preview:-1\" \/>\n<link rel=\"canonical\" href=\"https:\/\/iha-race.com\/de\/producto\/tool-ethix-prop\/\" \/>\n<meta property=\"og:locale\" content=\"de_DE\" \/>\n<meta property=\"og:type\" content=\"article\" \/>\n<meta property=\"og:title\" content=\"ETHIX-ST\u00dcTZENWERKZEUG - Iha Race\" \/>\n<meta property=\"og:description\" content=\"ETHIX-ST\u00dcTZENWERKZEUG Wir stellen Ihnen das perfekte Werkzeug f\u00fcr den Au\u00dfendienst vor, das Sie \u00fcberallhin mitnehmen k\u00f6nnen. Die drei gebr\u00e4uchlichsten Werkzeuge in einer kleinen und \u00e4u\u00dferst praktischen Dreierkombination. Zwei 8-mm-Propellermuttern an\" \/>\n<meta property=\"og:url\" content=\"https:\/\/iha-race.com\/de\/producto\/tool-ethix-prop\/\" \/>\n<meta property=\"og:site_name\" content=\"Iha Race\" \/>\n<meta property=\"article:modified_time\" content=\"2025-05-27T16:42:36+00:00\" \/>\n<meta property=\"og:image\" content=\"https:\/\/iha-race.com\/wp-content\/uploads\/2020\/01\/herramienta-ethix-prop-1.jpg\" \/>\n\t<meta property=\"og:image:width\" content=\"800\" \/>\n\t<meta property=\"og:image:height\" content=\"800\" \/>\n\t<meta property=\"og:image:type\" content=\"image\/jpeg\" \/>\n<meta name=\"twitter:card\" content=\"summary_large_image\" \/>\n<meta name=\"twitter:label1\" content=\"Gesch\u00e4tzte Lesezeit\" \/>\n\t<meta name=\"twitter:data1\" content=\"1\u00a0Minute\" \/>\n<script type=\"application\/ld+json\" class=\"yoast-schema-graph\">{\"@context\":\"https:\\\/\\\/schema.org\",\"@graph\":[{\"@type\":\"WebPage\",\"@id\":\"https:\\\/\\\/iha-race.com\\\/de\\\/producto\\\/tool-ethix-prop\\\/\",\"url\":\"https:\\\/\\\/iha-race.com\\\/de\\\/producto\\\/tool-ethix-prop\\\/\",\"name\":\"ETHIX-ST\u00dcTZENWERKZEUG - Iha Race\",\"isPartOf\":{\"@id\":\"https:\\\/\\\/iha-race.com\\\/de\\\/#website\"},\"primaryImageOfPage\":{\"@id\":\"https:\\\/\\\/iha-race.com\\\/de\\\/producto\\\/tool-ethix-prop\\\/#primaryimage\"},\"image\":{\"@id\":\"https:\\\/\\\/iha-race.com\\\/de\\\/producto\\\/tool-ethix-prop\\\/#primaryimage\"},\"thumbnailUrl\":\"https:\\\/\\\/iha-race.com\\\/wp-content\\\/uploads\\\/2020\\\/01\\\/herramienta-ethix-prop-1.jpg\",\"datePublished\":\"2021-09-02T07:08:52+00:00\",\"dateModified\":\"2025-05-27T16:42:36+00:00\",\"breadcrumb\":{\"@id\":\"https:\\\/\\\/iha-race.com\\\/de\\\/producto\\\/tool-ethix-prop\\\/#breadcrumb\"},\"inLanguage\":\"de\",\"potentialAction\":[{\"@type\":\"ReadAction\",\"target\":[\"https:\\\/\\\/iha-race.com\\\/de\\\/producto\\\/tool-ethix-prop\\\/\"]}]},{\"@type\":\"ImageObject\",\"inLanguage\":\"de\",\"@id\":\"https:\\\/\\\/iha-race.com\\\/de\\\/producto\\\/tool-ethix-prop\\\/#primaryimage\",\"url\":\"https:\\\/\\\/iha-race.com\\\/wp-content\\\/uploads\\\/2020\\\/01\\\/herramienta-ethix-prop-1.jpg\",\"contentUrl\":\"https:\\\/\\\/iha-race.com\\\/wp-content\\\/uploads\\\/2020\\\/01\\\/herramienta-ethix-prop-1.jpg\",\"width\":800,\"height\":800},{\"@type\":\"BreadcrumbList\",\"@id\":\"https:\\\/\\\/iha-race.com\\\/de\\\/producto\\\/tool-ethix-prop\\\/#breadcrumb\",\"itemListElement\":[{\"@type\":\"ListItem\",\"position\":1,\"name\":\"Portada\",\"item\":\"https:\\\/\\\/iha-race.com\\\/de\\\/elementor-499\\\/\"},{\"@type\":\"ListItem\",\"position\":2,\"name\":\"Shop\",\"item\":\"https:\\\/\\\/iha-race.com\\\/de\\\/shop\\\/\"},{\"@type\":\"ListItem\",\"position\":3,\"name\":\"ETHIX-ST\u00dcTZENWERKZEUG\"}]},{\"@type\":\"WebSite\",\"@id\":\"https:\\\/\\\/iha-race.com\\\/de\\\/#website\",\"url\":\"https:\\\/\\\/iha-race.com\\\/de\\\/\",\"name\":\"Iha Race\",\"description\":\"Comprar drones de carreras FPV env\u00edos en un d\u00eda desde Espa\u00f1a\",\"publisher\":{\"@id\":\"https:\\\/\\\/iha-race.com\\\/de\\\/#organization\"},\"potentialAction\":[{\"@type\":\"SearchAction\",\"target\":{\"@type\":\"EntryPoint\",\"urlTemplate\":\"https:\\\/\\\/iha-race.com\\\/de\\\/?s={search_term_string}\"},\"query-input\":{\"@type\":\"PropertyValueSpecification\",\"valueRequired\":true,\"valueName\":\"search_term_string\"}}],\"inLanguage\":\"de\"},{\"@type\":\"Organization\",\"@id\":\"https:\\\/\\\/iha-race.com\\\/de\\\/#organization\",\"name\":\"Iha Race\",\"url\":\"https:\\\/\\\/iha-race.com\\\/de\\\/\",\"logo\":{\"@type\":\"ImageObject\",\"inLanguage\":\"de\",\"@id\":\"https:\\\/\\\/iha-race.com\\\/de\\\/#\\\/schema\\\/logo\\\/image\\\/\",\"url\":\"https:\\\/\\\/iha-race.com\\\/wp-content\\\/uploads\\\/2018\\\/07\\\/iha-race-drones-de-carreras-tienda-comprar-drones.png\",\"contentUrl\":\"https:\\\/\\\/iha-race.com\\\/wp-content\\\/uploads\\\/2018\\\/07\\\/iha-race-drones-de-carreras-tienda-comprar-drones.png\",\"width\":300,\"height\":100,\"caption\":\"Iha Race\"},\"image\":{\"@id\":\"https:\\\/\\\/iha-race.com\\\/de\\\/#\\\/schema\\\/logo\\\/image\\\/\"}}]}<\/script>\n<!-- \/ Yoast SEO plugin. -->","yoast_head_json":{"title":"ETHIX-ST\u00dcTZENWERKZEUG - Iha Race","robots":{"index":"index","follow":"follow","max-snippet":"max-snippet:-1","max-image-preview":"max-image-preview:large","max-video-preview":"max-video-preview:-1"},"canonical":"https:\/\/iha-race.com\/de\/producto\/tool-ethix-prop\/","og_locale":"de_DE","og_type":"article","og_title":"ETHIX-ST\u00dcTZENWERKZEUG - Iha Race","og_description":"ETHIX-ST\u00dcTZENWERKZEUG Wir stellen Ihnen das perfekte Werkzeug f\u00fcr den Au\u00dfendienst vor, das Sie \u00fcberallhin mitnehmen k\u00f6nnen. Die drei gebr\u00e4uchlichsten Werkzeuge in einer kleinen und \u00e4u\u00dferst praktischen Dreierkombination. Zwei 8-mm-Propellermuttern an","og_url":"https:\/\/iha-race.com\/de\/producto\/tool-ethix-prop\/","og_site_name":"Iha Race","article_modified_time":"2025-05-27T16:42:36+00:00","og_image":[{"width":800,"height":800,"url":"https:\/\/iha-race.com\/wp-content\/uploads\/2020\/01\/herramienta-ethix-prop-1.jpg","type":"image\/jpeg"}],"twitter_card":"summary_large_image","twitter_misc":{"Gesch\u00e4tzte Lesezeit":"1\u00a0Minute"},"schema":{"@context":"https:\/\/schema.org","@graph":[{"@type":"WebPage","@id":"https:\/\/iha-race.com\/de\/producto\/tool-ethix-prop\/","url":"https:\/\/iha-race.com\/de\/producto\/tool-ethix-prop\/","name":"ETHIX-ST\u00dcTZENWERKZEUG - Iha Race","isPartOf":{"@id":"https:\/\/iha-race.com\/de\/#website"},"primaryImageOfPage":{"@id":"https:\/\/iha-race.com\/de\/producto\/tool-ethix-prop\/#primaryimage"},"image":{"@id":"https:\/\/iha-race.com\/de\/producto\/tool-ethix-prop\/#primaryimage"},"thumbnailUrl":"https:\/\/iha-race.com\/wp-content\/uploads\/2020\/01\/herramienta-ethix-prop-1.jpg","datePublished":"2021-09-02T07:08:52+00:00","dateModified":"2025-05-27T16:42:36+00:00","breadcrumb":{"@id":"https:\/\/iha-race.com\/de\/producto\/tool-ethix-prop\/#breadcrumb"},"inLanguage":"de","potentialAction":[{"@type":"ReadAction","target":["https:\/\/iha-race.com\/de\/producto\/tool-ethix-prop\/"]}]},{"@type":"ImageObject","inLanguage":"de","@id":"https:\/\/iha-race.com\/de\/producto\/tool-ethix-prop\/#primaryimage","url":"https:\/\/iha-race.com\/wp-content\/uploads\/2020\/01\/herramienta-ethix-prop-1.jpg","contentUrl":"https:\/\/iha-race.com\/wp-content\/uploads\/2020\/01\/herramienta-ethix-prop-1.jpg","width":800,"height":800},{"@type":"BreadcrumbList","@id":"https:\/\/iha-race.com\/de\/producto\/tool-ethix-prop\/#breadcrumb","itemListElement":[{"@type":"ListItem","position":1,"name":"Portada","item":"https:\/\/iha-race.com\/de\/elementor-499\/"},{"@type":"ListItem","position":2,"name":"Shop","item":"https:\/\/iha-race.com\/de\/shop\/"},{"@type":"ListItem","position":3,"name":"ETHIX-ST\u00dcTZENWERKZEUG"}]},{"@type":"WebSite","@id":"https:\/\/iha-race.com\/de\/#website","url":"https:\/\/iha-race.com\/de\/","name":"Iha Race","description":"Comprar drones de carreras FPV env\u00edos en un d\u00eda desde Espa\u00f1a","publisher":{"@id":"https:\/\/iha-race.com\/de\/#organization"},"potentialAction":[{"@type":"SearchAction","target":{"@type":"EntryPoint","urlTemplate":"https:\/\/iha-race.com\/de\/?s={search_term_string}"},"query-input":{"@type":"PropertyValueSpecification","valueRequired":true,"valueName":"search_term_string"}}],"inLanguage":"de"},{"@type":"Organization","@id":"https:\/\/iha-race.com\/de\/#organization","name":"Iha Race","url":"https:\/\/iha-race.com\/de\/","logo":{"@type":"ImageObject","inLanguage":"de","@id":"https:\/\/iha-race.com\/de\/#\/schema\/logo\/image\/","url":"https:\/\/iha-race.com\/wp-content\/uploads\/2018\/07\/iha-race-drones-de-carreras-tienda-comprar-drones.png","contentUrl":"https:\/\/iha-race.com\/wp-content\/uploads\/2018\/07\/iha-race-drones-de-carreras-tienda-comprar-drones.png","width":300,"height":100,"caption":"Iha Race"},"image":{"@id":"https:\/\/iha-race.com\/de\/#\/schema\/logo\/image\/"}}]}},"brands":[],"_links":{"self":[{"href":"https:\/\/iha-race.com\/de\/wp-json\/wp\/v2\/product\/208156","targetHints":{"allow":["GET"]}}],"collection":[{"href":"https:\/\/iha-race.com\/de\/wp-json\/wp\/v2\/product"}],"about":[{"href":"https:\/\/iha-race.com\/de\/wp-json\/wp\/v2\/types\/product"}],"replies":[{"embeddable":true,"href":"https:\/\/iha-race.com\/de\/wp-json\/wp\/v2\/comments?post=208156"}],"version-history":[{"count":2,"href":"https:\/\/iha-race.com\/de\/wp-json\/wp\/v2\/product\/208156\/revisions"}],"predecessor-version":[{"id":249362,"href":"https:\/\/iha-race.com\/de\/wp-json\/wp\/v2\/product\/208156\/revisions\/249362"}],"wp:featuredmedia":[{"embeddable":true,"href":"https:\/\/iha-race.com\/de\/wp-json\/wp\/v2\/media\/124983"}],"wp:attachment":[{"href":"https:\/\/iha-race.com\/de\/wp-json\/wp\/v2\/media?parent=208156"}],"wp:term":[{"taxonomy":"pwb-brand","embeddable":true,"href":"https:\/\/iha-race.com\/de\/wp-json\/wp\/v2\/pwb-brand?post=208156"},{"taxonomy":"product_cat","embeddable":true,"href":"https:\/\/iha-race.com\/de\/wp-json\/wp\/v2\/product_cat?post=208156"},{"taxonomy":"product_tag","embeddable":true,"href":"https:\/\/iha-race.com\/de\/wp-json\/wp\/v2\/product_tag?post=208156"}],"curies":[{"name":"wp","href":"https:\/\/api.w.org\/{rel}","templated":true}]}}