{"id":208152,"date":"2019-11-25T19:07:43","date_gmt":"2019-11-25T18:07:43","guid":{"rendered":"https:\/\/iha-race.com\/producto\/tbs-triumph-pro-mmcx\/"},"modified":"2024-08-29T16:13:32","modified_gmt":"2024-08-29T14:13:32","slug":"tbs-triumph-pro-mmcx","status":"publish","type":"product","link":"https:\/\/iha-race.com\/de\/producto\/tbs-triumph-pro-mmcx\/","title":{"rendered":"TBS Triumph pro (mmcx)"},"content":{"rendered":"<h1>TBS TRIUMPH PRO (MMCX)<\/h1>\n<p>  Das Triumph Pro ist die n\u00e4chste Revolution in der Zirkularpolarisationstechnologie und bietet professionelle Leistung in einem kompakten und robusten Paket. Lassen Sie sich nicht von der geringen Gr\u00f6\u00dfe t\u00e4uschen, der Triumph Pro macht keine Kompromisse bei der Leistung. Die von IBCrazy entwickelten und von TBS hergestellten mehrphasigen Elemente verwenden eine zum Patent angemeldete Technologie, um ein pr\u00e4zises kreisf\u00f6rmiges Muster zu erzeugen, das durch die N\u00e4he zu Ihrem Flugzeug oder anderen Objekten nicht verzerrt wird. Das Microstrip-Antennendesign in Verbindung mit einem stabilen, ultraschallverschwei\u00dften Geh\u00e4use erm\u00f6glicht die Montage an exponierten Stellen, wo sich das Signal besser ausbreitet. Die Antenne ist mit 4 verschiedenen Anschl\u00fcssen erh\u00e4ltlich: u.FL, MMCX, MMCX 90\u00ba und SMA.  <\/p>\n<h3>Merkmale:<\/h3>\n<ul>\n<li>Hergestellt und gepr\u00fcft nach den h\u00f6chsten Standards.<\/li>\n<li>Klassenbeste Reichweite und Signalqualit\u00e4t<\/li>\n<li>Unglaublich klein und leicht.<\/li>\n<li>Ultraschallgeschwei\u00dftes und mit Schaumstoff ausgekleidetes Geh\u00e4use f\u00fcr maximalen Sto\u00dfschutz<\/li>\n<li>Halbsteifes, doppelt ummanteltes Kabel f\u00fcr hohe Sto\u00dffestigkeit.<\/li>\n<\/ul>\n<h3>Spezifikation:<\/h3>\n<ul>\n<li>Frequenzbereich: 5500-6000 MHz<\/li>\n<li>Polarisierung: RHCP<\/li>\n<li>Verst\u00e4rkung: 1.6dbic<\/li>\n<li>Axiales Verh\u00e4ltnis: 0,99<\/li>\n<li>Kabel: RG405 \/ U<\/li>\n<li>Gewicht: 2-3g<\/li>\n<li>H\u00f6he: 85 mm, 3,3 Zoll<\/li>\n<li>Anschluss: MMCX<\/li>\n<li><a href=\"https:\/\/www.team-blacksheep.com\/tbs-triumph-pro-dimensions.pdf\" target=\"_blank\" rel=\"noopener noreferrer\">Abmessungen (PDF)<\/a><\/li>\n<\/ul>\n<h3>Sie umfasst:<\/h3>\n<ul>\n<li>1x TBS Triumph Pro MMCX<\/li>\n<\/ul>\n","protected":false},"excerpt":{"rendered":"<p>TBS TRIUMPH PRO (MMCX) Das Triumph Pro ist die n\u00e4chste Revolution in der Zirkularpolarisationstechnologie und bietet professionelle Leistung in einem kompakten und robusten Paket. Lassen Sie sich nicht von der<\/p>\n","protected":false},"featured_media":124554,"comment_status":"open","ping_status":"closed","template":"","meta":{"_joinchat":[]},"pwb-brand":[],"product_cat":[2589],"product_tag":[],"class_list":{"0":"post-208152","1":"product","2":"type-product","3":"status-publish","4":"has-post-thumbnail","6":"product_cat-fpv-antennen","8":"first","9":"instock","10":"taxable","11":"shipping-taxable","12":"purchasable","13":"product-type-simple"},"barcode":null,"atum_controlled":true,"out_stock_date":null,"out_stock_threshold":null,"inheritable":false,"stock_on_hold":0,"sold_today":0,"sales_last_days":0,"out_stock_days":0,"lost_sales":0,"update_date":"2026-04-16T07:36:05","atum_locations":[],"atum_stock_status":"instock","restock_status":false,"low_stock_amount":"","sales_update_date":"2026-04-16T07:36:05","calc_backorders":null,"yoast_head":"<!-- This site is optimized with the Yoast SEO plugin v27.3 - https:\/\/yoast.com\/product\/yoast-seo-wordpress\/ -->\n<title>TBS Triumph pro (mmcx) - Iha Race<\/title>\n<meta name=\"robots\" content=\"index, follow, max-snippet:-1, max-image-preview:large, max-video-preview:-1\" \/>\n<link rel=\"canonical\" href=\"https:\/\/iha-race.com\/de\/producto\/tbs-triumph-pro-mmcx\/\" \/>\n<meta property=\"og:locale\" content=\"de_DE\" \/>\n<meta property=\"og:type\" content=\"article\" \/>\n<meta property=\"og:title\" content=\"TBS Triumph pro (mmcx) - Iha Race\" \/>\n<meta property=\"og:description\" content=\"TBS TRIUMPH PRO (MMCX) Das Triumph Pro ist die n\u00e4chste Revolution in der Zirkularpolarisationstechnologie und bietet professionelle Leistung in einem kompakten und robusten Paket. Lassen Sie sich nicht von der\" \/>\n<meta property=\"og:url\" content=\"https:\/\/iha-race.com\/de\/producto\/tbs-triumph-pro-mmcx\/\" \/>\n<meta property=\"og:site_name\" content=\"Iha Race\" \/>\n<meta property=\"article:modified_time\" content=\"2024-08-29T14:13:32+00:00\" \/>\n<meta property=\"og:image\" content=\"https:\/\/iha-race.com\/wp-content\/uploads\/2019\/11\/tbs-triumph-pro-mmcx-2.jpg\" \/>\n\t<meta property=\"og:image:width\" content=\"800\" \/>\n\t<meta property=\"og:image:height\" content=\"800\" \/>\n\t<meta property=\"og:image:type\" content=\"image\/jpeg\" \/>\n<meta name=\"twitter:card\" content=\"summary_large_image\" \/>\n<meta name=\"twitter:label1\" content=\"Gesch\u00e4tzte Lesezeit\" \/>\n\t<meta name=\"twitter:data1\" content=\"1\u00a0Minute\" \/>\n<script type=\"application\/ld+json\" class=\"yoast-schema-graph\">{\"@context\":\"https:\\\/\\\/schema.org\",\"@graph\":[{\"@type\":\"WebPage\",\"@id\":\"https:\\\/\\\/iha-race.com\\\/de\\\/producto\\\/tbs-triumph-pro-mmcx\\\/\",\"url\":\"https:\\\/\\\/iha-race.com\\\/de\\\/producto\\\/tbs-triumph-pro-mmcx\\\/\",\"name\":\"TBS Triumph pro (mmcx) - Iha Race\",\"isPartOf\":{\"@id\":\"https:\\\/\\\/iha-race.com\\\/de\\\/#website\"},\"primaryImageOfPage\":{\"@id\":\"https:\\\/\\\/iha-race.com\\\/de\\\/producto\\\/tbs-triumph-pro-mmcx\\\/#primaryimage\"},\"image\":{\"@id\":\"https:\\\/\\\/iha-race.com\\\/de\\\/producto\\\/tbs-triumph-pro-mmcx\\\/#primaryimage\"},\"thumbnailUrl\":\"https:\\\/\\\/iha-race.com\\\/wp-content\\\/uploads\\\/2019\\\/11\\\/tbs-triumph-pro-mmcx-2.jpg\",\"datePublished\":\"2019-11-25T18:07:43+00:00\",\"dateModified\":\"2024-08-29T14:13:32+00:00\",\"breadcrumb\":{\"@id\":\"https:\\\/\\\/iha-race.com\\\/de\\\/producto\\\/tbs-triumph-pro-mmcx\\\/#breadcrumb\"},\"inLanguage\":\"de\",\"potentialAction\":[{\"@type\":\"ReadAction\",\"target\":[\"https:\\\/\\\/iha-race.com\\\/de\\\/producto\\\/tbs-triumph-pro-mmcx\\\/\"]}]},{\"@type\":\"ImageObject\",\"inLanguage\":\"de\",\"@id\":\"https:\\\/\\\/iha-race.com\\\/de\\\/producto\\\/tbs-triumph-pro-mmcx\\\/#primaryimage\",\"url\":\"https:\\\/\\\/iha-race.com\\\/wp-content\\\/uploads\\\/2019\\\/11\\\/tbs-triumph-pro-mmcx-2.jpg\",\"contentUrl\":\"https:\\\/\\\/iha-race.com\\\/wp-content\\\/uploads\\\/2019\\\/11\\\/tbs-triumph-pro-mmcx-2.jpg\",\"width\":800,\"height\":800},{\"@type\":\"BreadcrumbList\",\"@id\":\"https:\\\/\\\/iha-race.com\\\/de\\\/producto\\\/tbs-triumph-pro-mmcx\\\/#breadcrumb\",\"itemListElement\":[{\"@type\":\"ListItem\",\"position\":1,\"name\":\"Portada\",\"item\":\"https:\\\/\\\/iha-race.com\\\/de\\\/elementor-499\\\/\"},{\"@type\":\"ListItem\",\"position\":2,\"name\":\"Shop\",\"item\":\"https:\\\/\\\/iha-race.com\\\/de\\\/shop\\\/\"},{\"@type\":\"ListItem\",\"position\":3,\"name\":\"TBS Triumph pro (mmcx)\"}]},{\"@type\":\"WebSite\",\"@id\":\"https:\\\/\\\/iha-race.com\\\/de\\\/#website\",\"url\":\"https:\\\/\\\/iha-race.com\\\/de\\\/\",\"name\":\"Iha Race\",\"description\":\"Comprar drones de carreras FPV env\u00edos en un d\u00eda desde Espa\u00f1a\",\"publisher\":{\"@id\":\"https:\\\/\\\/iha-race.com\\\/de\\\/#organization\"},\"potentialAction\":[{\"@type\":\"SearchAction\",\"target\":{\"@type\":\"EntryPoint\",\"urlTemplate\":\"https:\\\/\\\/iha-race.com\\\/de\\\/?s={search_term_string}\"},\"query-input\":{\"@type\":\"PropertyValueSpecification\",\"valueRequired\":true,\"valueName\":\"search_term_string\"}}],\"inLanguage\":\"de\"},{\"@type\":\"Organization\",\"@id\":\"https:\\\/\\\/iha-race.com\\\/de\\\/#organization\",\"name\":\"Iha Race\",\"url\":\"https:\\\/\\\/iha-race.com\\\/de\\\/\",\"logo\":{\"@type\":\"ImageObject\",\"inLanguage\":\"de\",\"@id\":\"https:\\\/\\\/iha-race.com\\\/de\\\/#\\\/schema\\\/logo\\\/image\\\/\",\"url\":\"https:\\\/\\\/iha-race.com\\\/wp-content\\\/uploads\\\/2018\\\/07\\\/iha-race-drones-de-carreras-tienda-comprar-drones.png\",\"contentUrl\":\"https:\\\/\\\/iha-race.com\\\/wp-content\\\/uploads\\\/2018\\\/07\\\/iha-race-drones-de-carreras-tienda-comprar-drones.png\",\"width\":300,\"height\":100,\"caption\":\"Iha Race\"},\"image\":{\"@id\":\"https:\\\/\\\/iha-race.com\\\/de\\\/#\\\/schema\\\/logo\\\/image\\\/\"}}]}<\/script>\n<!-- \/ Yoast SEO plugin. -->","yoast_head_json":{"title":"TBS Triumph pro (mmcx) - Iha Race","robots":{"index":"index","follow":"follow","max-snippet":"max-snippet:-1","max-image-preview":"max-image-preview:large","max-video-preview":"max-video-preview:-1"},"canonical":"https:\/\/iha-race.com\/de\/producto\/tbs-triumph-pro-mmcx\/","og_locale":"de_DE","og_type":"article","og_title":"TBS Triumph pro (mmcx) - Iha Race","og_description":"TBS TRIUMPH PRO (MMCX) Das Triumph Pro ist die n\u00e4chste Revolution in der Zirkularpolarisationstechnologie und bietet professionelle Leistung in einem kompakten und robusten Paket. Lassen Sie sich nicht von der","og_url":"https:\/\/iha-race.com\/de\/producto\/tbs-triumph-pro-mmcx\/","og_site_name":"Iha Race","article_modified_time":"2024-08-29T14:13:32+00:00","og_image":[{"width":800,"height":800,"url":"https:\/\/iha-race.com\/wp-content\/uploads\/2019\/11\/tbs-triumph-pro-mmcx-2.jpg","type":"image\/jpeg"}],"twitter_card":"summary_large_image","twitter_misc":{"Gesch\u00e4tzte Lesezeit":"1\u00a0Minute"},"schema":{"@context":"https:\/\/schema.org","@graph":[{"@type":"WebPage","@id":"https:\/\/iha-race.com\/de\/producto\/tbs-triumph-pro-mmcx\/","url":"https:\/\/iha-race.com\/de\/producto\/tbs-triumph-pro-mmcx\/","name":"TBS Triumph pro (mmcx) - Iha Race","isPartOf":{"@id":"https:\/\/iha-race.com\/de\/#website"},"primaryImageOfPage":{"@id":"https:\/\/iha-race.com\/de\/producto\/tbs-triumph-pro-mmcx\/#primaryimage"},"image":{"@id":"https:\/\/iha-race.com\/de\/producto\/tbs-triumph-pro-mmcx\/#primaryimage"},"thumbnailUrl":"https:\/\/iha-race.com\/wp-content\/uploads\/2019\/11\/tbs-triumph-pro-mmcx-2.jpg","datePublished":"2019-11-25T18:07:43+00:00","dateModified":"2024-08-29T14:13:32+00:00","breadcrumb":{"@id":"https:\/\/iha-race.com\/de\/producto\/tbs-triumph-pro-mmcx\/#breadcrumb"},"inLanguage":"de","potentialAction":[{"@type":"ReadAction","target":["https:\/\/iha-race.com\/de\/producto\/tbs-triumph-pro-mmcx\/"]}]},{"@type":"ImageObject","inLanguage":"de","@id":"https:\/\/iha-race.com\/de\/producto\/tbs-triumph-pro-mmcx\/#primaryimage","url":"https:\/\/iha-race.com\/wp-content\/uploads\/2019\/11\/tbs-triumph-pro-mmcx-2.jpg","contentUrl":"https:\/\/iha-race.com\/wp-content\/uploads\/2019\/11\/tbs-triumph-pro-mmcx-2.jpg","width":800,"height":800},{"@type":"BreadcrumbList","@id":"https:\/\/iha-race.com\/de\/producto\/tbs-triumph-pro-mmcx\/#breadcrumb","itemListElement":[{"@type":"ListItem","position":1,"name":"Portada","item":"https:\/\/iha-race.com\/de\/elementor-499\/"},{"@type":"ListItem","position":2,"name":"Shop","item":"https:\/\/iha-race.com\/de\/shop\/"},{"@type":"ListItem","position":3,"name":"TBS Triumph pro (mmcx)"}]},{"@type":"WebSite","@id":"https:\/\/iha-race.com\/de\/#website","url":"https:\/\/iha-race.com\/de\/","name":"Iha Race","description":"Comprar drones de carreras FPV env\u00edos en un d\u00eda desde Espa\u00f1a","publisher":{"@id":"https:\/\/iha-race.com\/de\/#organization"},"potentialAction":[{"@type":"SearchAction","target":{"@type":"EntryPoint","urlTemplate":"https:\/\/iha-race.com\/de\/?s={search_term_string}"},"query-input":{"@type":"PropertyValueSpecification","valueRequired":true,"valueName":"search_term_string"}}],"inLanguage":"de"},{"@type":"Organization","@id":"https:\/\/iha-race.com\/de\/#organization","name":"Iha Race","url":"https:\/\/iha-race.com\/de\/","logo":{"@type":"ImageObject","inLanguage":"de","@id":"https:\/\/iha-race.com\/de\/#\/schema\/logo\/image\/","url":"https:\/\/iha-race.com\/wp-content\/uploads\/2018\/07\/iha-race-drones-de-carreras-tienda-comprar-drones.png","contentUrl":"https:\/\/iha-race.com\/wp-content\/uploads\/2018\/07\/iha-race-drones-de-carreras-tienda-comprar-drones.png","width":300,"height":100,"caption":"Iha Race"},"image":{"@id":"https:\/\/iha-race.com\/de\/#\/schema\/logo\/image\/"}}]}},"jetpack_sharing_enabled":true,"brands":[],"_links":{"self":[{"href":"https:\/\/iha-race.com\/de\/wp-json\/wp\/v2\/product\/208152","targetHints":{"allow":["GET"]}}],"collection":[{"href":"https:\/\/iha-race.com\/de\/wp-json\/wp\/v2\/product"}],"about":[{"href":"https:\/\/iha-race.com\/de\/wp-json\/wp\/v2\/types\/product"}],"replies":[{"embeddable":true,"href":"https:\/\/iha-race.com\/de\/wp-json\/wp\/v2\/comments?post=208152"}],"version-history":[{"count":2,"href":"https:\/\/iha-race.com\/de\/wp-json\/wp\/v2\/product\/208152\/revisions"}],"predecessor-version":[{"id":250069,"href":"https:\/\/iha-race.com\/de\/wp-json\/wp\/v2\/product\/208152\/revisions\/250069"}],"wp:featuredmedia":[{"embeddable":true,"href":"https:\/\/iha-race.com\/de\/wp-json\/wp\/v2\/media\/124554"}],"wp:attachment":[{"href":"https:\/\/iha-race.com\/de\/wp-json\/wp\/v2\/media?parent=208152"}],"wp:term":[{"taxonomy":"pwb-brand","embeddable":true,"href":"https:\/\/iha-race.com\/de\/wp-json\/wp\/v2\/pwb-brand?post=208152"},{"taxonomy":"product_cat","embeddable":true,"href":"https:\/\/iha-race.com\/de\/wp-json\/wp\/v2\/product_cat?post=208152"},{"taxonomy":"product_tag","embeddable":true,"href":"https:\/\/iha-race.com\/de\/wp-json\/wp\/v2\/product_tag?post=208152"}],"curies":[{"name":"wp","href":"https:\/\/api.w.org\/{rel}","templated":true}]}}