{"id":208150,"date":"2020-01-16T16:04:42","date_gmt":"2020-01-16T15:04:42","guid":{"rendered":"https:\/\/iha-race.com\/producto\/vifly-beacon-stand-alone-wireless-buzzer\/"},"modified":"2024-08-29T16:11:39","modified_gmt":"2024-08-29T14:11:39","slug":"vifly-bake-autonomer-summer-drahtlos-2","status":"publish","type":"product","link":"https:\/\/iha-race.com\/de\/producto\/vifly-bake-autonomer-summer-drahtlos-2\/","title":{"rendered":"VIFLY Beacon Standalone Funk-Summer V1.2"},"content":{"rendered":"<h2>VIFLY Beacon Standalone Funk-Summer V1.2<\/h2>\n<h2><strong>Eigenschaften<\/strong><\/h2>\n<h3><strong><span class=\"a-text-bold\">Bewegungsmelder Alarm f\u00fcr verlorene Drohne<\/span><\/strong><\/h3>\n<p>  Einige Drohnen, wie z.B. die Modelle von DJI, sind mit GPS ausgestattet, das Ihnen nur den vorl\u00e4ufigen Standort anzeigt; mit Hilfe von Ton k\u00f6nnen Sie Ihre verlorene Drohne genau finden. Mit dem eingebauten Bewegungssensor und der Lipo-Batterie kann VIFLY Beacon den Absturz der Drohne automatisch erkennen und einen Alarm ausl\u00f6sen, um Ihnen zu helfen, die verlorene Drohne zu finden.  <\/p>\n<h3><strong><span class=\"a-text-bold\">Kabellos, kein L\u00f6ten erforderlich<\/span><\/strong><\/h3>\n<p>  Der VIFLY Beacon-Mechanismus basiert auf dem Bewegungssensor. Stecken Sie ihn an einer beliebigen Stelle der Drohne ein, um Bewegungen zu erkennen &#8211; ohne Kabel oder L\u00f6tarbeiten.  <\/p>\n<h3><strong><span class=\"a-text-bold\">Lauter Ton und helle LED<\/span><\/strong><\/h3>\n<p>  Um die verloren gegangene Drohne aus gro\u00dfer Entfernung leicht wiederzufinden, ist VIFLY Beacon mit einem sehr lauten Signalton installiert, dessen dB-Wert h\u00f6her als 100 ist. Au\u00dferdem kann die LED des VIFLY Beacon automatisch blinken, wenn der eingebaute Lichtsensor die Dunkelheit des Lichts erkennt.  <\/p>\n<h3><strong><span class=\"a-text-bold\">Lichtposition bei Nacht<\/span><\/strong><\/h3>\n<p>  Das VIFLY Beacon LED-Licht kann nachts automatisch blinken, um die Drohne sichtbar zu machen, wenn der eingebaute Lichtsensor Dunkelheit erkennt.  &nbsp;<\/p>\n<h2><strong>Spezifikation<\/strong><\/h2>\n<div class=\"rte__table-wrapper\">\n<table width=\"100%\">\n<tbody>\n<tr>\n<td>Gr\u00f6\u00dfe (L\u00e4nge x Breite x H\u00f6he)<\/td>\n<td>25x14x15mm<\/td>\n<\/tr>\n<tr>\n<td>Gewicht<\/td>\n<td>6 Gramm<\/td>\n<\/tr>\n<tr>\n<td>Lautst\u00e4rke<\/td>\n<td>Bis zu 105dB<\/td>\n<\/tr>\n<tr>\n<td>Arbeitszeit<\/td>\n<td>Bis zu 30 Stunden<\/td>\n<\/tr>\n<tr>\n<td>Aufladezeit<\/td>\n<td>1,5 Stunden<\/td>\n<\/tr>\n<tr>\n<td>Akku<\/td>\n<td>80 mAh Li-Po-Akku<\/td>\n<\/tr>\n<tr>\n<td>Eingangsspannung<\/td>\n<td>4,5 &#8211; 5,5 V<\/td>\n<\/tr>\n<\/tbody>\n<\/table>\n<\/div>\n<p>&nbsp;<\/p>\n<h2><strong>Video<\/strong><\/h2>\n<div class=\"videoWrapper\"><iframe title=\"youtube video player\" src=\"https:\/\/www.youtube.com\/embed\/DNCUtpOoJHw\" width=\"560\" height=\"315\" frameborder=\"0\" allowfullscreen=\"allowfullscreen\" data-mce-fragment=\"1\"><\/iframe><\/div>\n","protected":false},"excerpt":{"rendered":"<p>VIFLY Beacon Standalone Funk-Summer V1.2 Eigenschaften Bewegungsmelder Alarm f\u00fcr verlorene Drohne Einige Drohnen, wie z.B. die Modelle von DJI, sind mit GPS ausgestattet, das Ihnen nur den vorl\u00e4ufigen Standort anzeigt;<\/p>\n","protected":false},"featured_media":124985,"comment_status":"open","ping_status":"closed","template":"","meta":{"_joinchat":[]},"pwb-brand":[],"product_cat":[2537,2513],"product_tag":[],"class_list":{"0":"post-208150","1":"product","2":"type-product","3":"status-publish","4":"has-post-thumbnail","6":"product_cat-leds-und-buzzer","7":"product_cat-zubehor","9":"first","10":"instock","11":"taxable","12":"shipping-taxable","13":"purchasable","14":"product-type-simple"},"barcode":null,"atum_controlled":true,"out_stock_date":null,"out_stock_threshold":null,"inheritable":false,"stock_on_hold":0,"sold_today":2,"sales_last_days":3,"out_stock_days":0,"lost_sales":0,"update_date":"2026-04-08T16:36:18","atum_locations":[],"atum_stock_status":"instock","restock_status":false,"low_stock_amount":"","sales_update_date":"2026-04-06T13:23:53","calc_backorders":null,"yoast_head":"<!-- This site is optimized with the Yoast SEO plugin v27.3 - https:\/\/yoast.com\/product\/yoast-seo-wordpress\/ -->\n<title>VIFLY Beacon Standalone Funk-Summer V1.2 - Iha Race<\/title>\n<meta name=\"robots\" content=\"index, follow, max-snippet:-1, max-image-preview:large, max-video-preview:-1\" \/>\n<link rel=\"canonical\" href=\"https:\/\/iha-race.com\/de\/producto\/vifly-bake-autonomer-summer-drahtlos-2\/\" \/>\n<meta property=\"og:locale\" content=\"de_DE\" \/>\n<meta property=\"og:type\" content=\"article\" \/>\n<meta property=\"og:title\" content=\"VIFLY Beacon Standalone Funk-Summer V1.2 - Iha Race\" \/>\n<meta property=\"og:description\" content=\"VIFLY Beacon Standalone Funk-Summer V1.2 Eigenschaften Bewegungsmelder Alarm f\u00fcr verlorene Drohne Einige Drohnen, wie z.B. die Modelle von DJI, sind mit GPS ausgestattet, das Ihnen nur den vorl\u00e4ufigen Standort anzeigt;\" \/>\n<meta property=\"og:url\" content=\"https:\/\/iha-race.com\/de\/producto\/vifly-bake-autonomer-summer-drahtlos-2\/\" \/>\n<meta property=\"og:site_name\" content=\"Iha Race\" \/>\n<meta property=\"article:modified_time\" content=\"2024-08-29T14:11:39+00:00\" \/>\n<meta property=\"og:image\" content=\"https:\/\/iha-race.com\/wp-content\/uploads\/2020\/01\/vifly-beacon-zumbador-autonomo-wireless-2-1.jpg\" \/>\n\t<meta property=\"og:image:width\" content=\"800\" \/>\n\t<meta property=\"og:image:height\" content=\"800\" \/>\n\t<meta property=\"og:image:type\" content=\"image\/jpeg\" \/>\n<meta name=\"twitter:card\" content=\"summary_large_image\" \/>\n<meta name=\"twitter:label1\" content=\"Gesch\u00e4tzte Lesezeit\" \/>\n\t<meta name=\"twitter:data1\" content=\"1\u00a0Minute\" \/>\n<script type=\"application\/ld+json\" class=\"yoast-schema-graph\">{\"@context\":\"https:\\\/\\\/schema.org\",\"@graph\":[{\"@type\":\"WebPage\",\"@id\":\"https:\\\/\\\/iha-race.com\\\/de\\\/producto\\\/vifly-bake-autonomer-summer-drahtlos-2\\\/\",\"url\":\"https:\\\/\\\/iha-race.com\\\/de\\\/producto\\\/vifly-bake-autonomer-summer-drahtlos-2\\\/\",\"name\":\"VIFLY Beacon Standalone Funk-Summer V1.2 - Iha Race\",\"isPartOf\":{\"@id\":\"https:\\\/\\\/iha-race.com\\\/de\\\/#website\"},\"primaryImageOfPage\":{\"@id\":\"https:\\\/\\\/iha-race.com\\\/de\\\/producto\\\/vifly-bake-autonomer-summer-drahtlos-2\\\/#primaryimage\"},\"image\":{\"@id\":\"https:\\\/\\\/iha-race.com\\\/de\\\/producto\\\/vifly-bake-autonomer-summer-drahtlos-2\\\/#primaryimage\"},\"thumbnailUrl\":\"https:\\\/\\\/iha-race.com\\\/wp-content\\\/uploads\\\/2020\\\/01\\\/vifly-beacon-zumbador-autonomo-wireless-2-1.jpg\",\"datePublished\":\"2020-01-16T15:04:42+00:00\",\"dateModified\":\"2024-08-29T14:11:39+00:00\",\"breadcrumb\":{\"@id\":\"https:\\\/\\\/iha-race.com\\\/de\\\/producto\\\/vifly-bake-autonomer-summer-drahtlos-2\\\/#breadcrumb\"},\"inLanguage\":\"de\",\"potentialAction\":[{\"@type\":\"ReadAction\",\"target\":[\"https:\\\/\\\/iha-race.com\\\/de\\\/producto\\\/vifly-bake-autonomer-summer-drahtlos-2\\\/\"]}]},{\"@type\":\"ImageObject\",\"inLanguage\":\"de\",\"@id\":\"https:\\\/\\\/iha-race.com\\\/de\\\/producto\\\/vifly-bake-autonomer-summer-drahtlos-2\\\/#primaryimage\",\"url\":\"https:\\\/\\\/iha-race.com\\\/wp-content\\\/uploads\\\/2020\\\/01\\\/vifly-beacon-zumbador-autonomo-wireless-2-1.jpg\",\"contentUrl\":\"https:\\\/\\\/iha-race.com\\\/wp-content\\\/uploads\\\/2020\\\/01\\\/vifly-beacon-zumbador-autonomo-wireless-2-1.jpg\",\"width\":800,\"height\":800},{\"@type\":\"BreadcrumbList\",\"@id\":\"https:\\\/\\\/iha-race.com\\\/de\\\/producto\\\/vifly-bake-autonomer-summer-drahtlos-2\\\/#breadcrumb\",\"itemListElement\":[{\"@type\":\"ListItem\",\"position\":1,\"name\":\"Portada\",\"item\":\"https:\\\/\\\/iha-race.com\\\/de\\\/elementor-499\\\/\"},{\"@type\":\"ListItem\",\"position\":2,\"name\":\"Shop\",\"item\":\"https:\\\/\\\/iha-race.com\\\/de\\\/shop\\\/\"},{\"@type\":\"ListItem\",\"position\":3,\"name\":\"VIFLY Beacon Standalone Funk-Summer V1.2\"}]},{\"@type\":\"WebSite\",\"@id\":\"https:\\\/\\\/iha-race.com\\\/de\\\/#website\",\"url\":\"https:\\\/\\\/iha-race.com\\\/de\\\/\",\"name\":\"Iha Race\",\"description\":\"Comprar drones de carreras FPV env\u00edos en un d\u00eda desde Espa\u00f1a\",\"publisher\":{\"@id\":\"https:\\\/\\\/iha-race.com\\\/de\\\/#organization\"},\"potentialAction\":[{\"@type\":\"SearchAction\",\"target\":{\"@type\":\"EntryPoint\",\"urlTemplate\":\"https:\\\/\\\/iha-race.com\\\/de\\\/?s={search_term_string}\"},\"query-input\":{\"@type\":\"PropertyValueSpecification\",\"valueRequired\":true,\"valueName\":\"search_term_string\"}}],\"inLanguage\":\"de\"},{\"@type\":\"Organization\",\"@id\":\"https:\\\/\\\/iha-race.com\\\/de\\\/#organization\",\"name\":\"Iha Race\",\"url\":\"https:\\\/\\\/iha-race.com\\\/de\\\/\",\"logo\":{\"@type\":\"ImageObject\",\"inLanguage\":\"de\",\"@id\":\"https:\\\/\\\/iha-race.com\\\/de\\\/#\\\/schema\\\/logo\\\/image\\\/\",\"url\":\"https:\\\/\\\/iha-race.com\\\/wp-content\\\/uploads\\\/2018\\\/07\\\/iha-race-drones-de-carreras-tienda-comprar-drones.png\",\"contentUrl\":\"https:\\\/\\\/iha-race.com\\\/wp-content\\\/uploads\\\/2018\\\/07\\\/iha-race-drones-de-carreras-tienda-comprar-drones.png\",\"width\":300,\"height\":100,\"caption\":\"Iha Race\"},\"image\":{\"@id\":\"https:\\\/\\\/iha-race.com\\\/de\\\/#\\\/schema\\\/logo\\\/image\\\/\"}}]}<\/script>\n<!-- \/ Yoast SEO plugin. -->","yoast_head_json":{"title":"VIFLY Beacon Standalone Funk-Summer V1.2 - Iha Race","robots":{"index":"index","follow":"follow","max-snippet":"max-snippet:-1","max-image-preview":"max-image-preview:large","max-video-preview":"max-video-preview:-1"},"canonical":"https:\/\/iha-race.com\/de\/producto\/vifly-bake-autonomer-summer-drahtlos-2\/","og_locale":"de_DE","og_type":"article","og_title":"VIFLY Beacon Standalone Funk-Summer V1.2 - Iha Race","og_description":"VIFLY Beacon Standalone Funk-Summer V1.2 Eigenschaften Bewegungsmelder Alarm f\u00fcr verlorene Drohne Einige Drohnen, wie z.B. die Modelle von DJI, sind mit GPS ausgestattet, das Ihnen nur den vorl\u00e4ufigen Standort anzeigt;","og_url":"https:\/\/iha-race.com\/de\/producto\/vifly-bake-autonomer-summer-drahtlos-2\/","og_site_name":"Iha Race","article_modified_time":"2024-08-29T14:11:39+00:00","og_image":[{"width":800,"height":800,"url":"https:\/\/iha-race.com\/wp-content\/uploads\/2020\/01\/vifly-beacon-zumbador-autonomo-wireless-2-1.jpg","type":"image\/jpeg"}],"twitter_card":"summary_large_image","twitter_misc":{"Gesch\u00e4tzte Lesezeit":"1\u00a0Minute"},"schema":{"@context":"https:\/\/schema.org","@graph":[{"@type":"WebPage","@id":"https:\/\/iha-race.com\/de\/producto\/vifly-bake-autonomer-summer-drahtlos-2\/","url":"https:\/\/iha-race.com\/de\/producto\/vifly-bake-autonomer-summer-drahtlos-2\/","name":"VIFLY Beacon Standalone Funk-Summer V1.2 - Iha Race","isPartOf":{"@id":"https:\/\/iha-race.com\/de\/#website"},"primaryImageOfPage":{"@id":"https:\/\/iha-race.com\/de\/producto\/vifly-bake-autonomer-summer-drahtlos-2\/#primaryimage"},"image":{"@id":"https:\/\/iha-race.com\/de\/producto\/vifly-bake-autonomer-summer-drahtlos-2\/#primaryimage"},"thumbnailUrl":"https:\/\/iha-race.com\/wp-content\/uploads\/2020\/01\/vifly-beacon-zumbador-autonomo-wireless-2-1.jpg","datePublished":"2020-01-16T15:04:42+00:00","dateModified":"2024-08-29T14:11:39+00:00","breadcrumb":{"@id":"https:\/\/iha-race.com\/de\/producto\/vifly-bake-autonomer-summer-drahtlos-2\/#breadcrumb"},"inLanguage":"de","potentialAction":[{"@type":"ReadAction","target":["https:\/\/iha-race.com\/de\/producto\/vifly-bake-autonomer-summer-drahtlos-2\/"]}]},{"@type":"ImageObject","inLanguage":"de","@id":"https:\/\/iha-race.com\/de\/producto\/vifly-bake-autonomer-summer-drahtlos-2\/#primaryimage","url":"https:\/\/iha-race.com\/wp-content\/uploads\/2020\/01\/vifly-beacon-zumbador-autonomo-wireless-2-1.jpg","contentUrl":"https:\/\/iha-race.com\/wp-content\/uploads\/2020\/01\/vifly-beacon-zumbador-autonomo-wireless-2-1.jpg","width":800,"height":800},{"@type":"BreadcrumbList","@id":"https:\/\/iha-race.com\/de\/producto\/vifly-bake-autonomer-summer-drahtlos-2\/#breadcrumb","itemListElement":[{"@type":"ListItem","position":1,"name":"Portada","item":"https:\/\/iha-race.com\/de\/elementor-499\/"},{"@type":"ListItem","position":2,"name":"Shop","item":"https:\/\/iha-race.com\/de\/shop\/"},{"@type":"ListItem","position":3,"name":"VIFLY Beacon Standalone Funk-Summer V1.2"}]},{"@type":"WebSite","@id":"https:\/\/iha-race.com\/de\/#website","url":"https:\/\/iha-race.com\/de\/","name":"Iha Race","description":"Comprar drones de carreras FPV env\u00edos en un d\u00eda desde Espa\u00f1a","publisher":{"@id":"https:\/\/iha-race.com\/de\/#organization"},"potentialAction":[{"@type":"SearchAction","target":{"@type":"EntryPoint","urlTemplate":"https:\/\/iha-race.com\/de\/?s={search_term_string}"},"query-input":{"@type":"PropertyValueSpecification","valueRequired":true,"valueName":"search_term_string"}}],"inLanguage":"de"},{"@type":"Organization","@id":"https:\/\/iha-race.com\/de\/#organization","name":"Iha Race","url":"https:\/\/iha-race.com\/de\/","logo":{"@type":"ImageObject","inLanguage":"de","@id":"https:\/\/iha-race.com\/de\/#\/schema\/logo\/image\/","url":"https:\/\/iha-race.com\/wp-content\/uploads\/2018\/07\/iha-race-drones-de-carreras-tienda-comprar-drones.png","contentUrl":"https:\/\/iha-race.com\/wp-content\/uploads\/2018\/07\/iha-race-drones-de-carreras-tienda-comprar-drones.png","width":300,"height":100,"caption":"Iha Race"},"image":{"@id":"https:\/\/iha-race.com\/de\/#\/schema\/logo\/image\/"}}]}},"brands":[],"_links":{"self":[{"href":"https:\/\/iha-race.com\/de\/wp-json\/wp\/v2\/product\/208150","targetHints":{"allow":["GET"]}}],"collection":[{"href":"https:\/\/iha-race.com\/de\/wp-json\/wp\/v2\/product"}],"about":[{"href":"https:\/\/iha-race.com\/de\/wp-json\/wp\/v2\/types\/product"}],"replies":[{"embeddable":true,"href":"https:\/\/iha-race.com\/de\/wp-json\/wp\/v2\/comments?post=208150"}],"version-history":[{"count":4,"href":"https:\/\/iha-race.com\/de\/wp-json\/wp\/v2\/product\/208150\/revisions"}],"predecessor-version":[{"id":250042,"href":"https:\/\/iha-race.com\/de\/wp-json\/wp\/v2\/product\/208150\/revisions\/250042"}],"wp:featuredmedia":[{"embeddable":true,"href":"https:\/\/iha-race.com\/de\/wp-json\/wp\/v2\/media\/124985"}],"wp:attachment":[{"href":"https:\/\/iha-race.com\/de\/wp-json\/wp\/v2\/media?parent=208150"}],"wp:term":[{"taxonomy":"pwb-brand","embeddable":true,"href":"https:\/\/iha-race.com\/de\/wp-json\/wp\/v2\/pwb-brand?post=208150"},{"taxonomy":"product_cat","embeddable":true,"href":"https:\/\/iha-race.com\/de\/wp-json\/wp\/v2\/product_cat?post=208150"},{"taxonomy":"product_tag","embeddable":true,"href":"https:\/\/iha-race.com\/de\/wp-json\/wp\/v2\/product_tag?post=208150"}],"curies":[{"name":"wp","href":"https:\/\/api.w.org\/{rel}","templated":true}]}}