{"id":208136,"date":"2020-02-21T16:30:13","date_gmt":"2020-02-21T15:30:13","guid":{"rendered":"https:\/\/iha-race.com\/producto\/truerc-mx-air-5-8-rhcp-lhcp-antenne-sma\/"},"modified":"2024-08-29T16:10:48","modified_gmt":"2024-08-29T14:10:48","slug":"antenne-truerc-mx-air-5-8-rhcp-lhcp-sma","status":"publish","type":"product","link":"https:\/\/iha-race.com\/de\/producto\/antenne-truerc-mx-air-5-8-rhcp-lhcp-sma\/","title":{"rendered":"TrueRC MX-Air 5.8 RHCP\/LHCP-Antenne (SMA)"},"content":{"rendered":"<h2>Antenne TrueRC MX-Air 5.8 RHCP\/LHCP<\/h2>\n<p>  Die HemiX-Air, oder kurz &#8222;MX-Air&#8220;, ist eine halbkugelf\u00f6rmige Antenne. Hemisph\u00e4risch bedeutet &#8222;Halbkugel&#8220; oder eine Antenne mit einer tats\u00e4chlichen Abdeckung von 180 Grad. Wir verdoppeln nicht nur die Reichweite direkt von den Seiten, sondern erh\u00f6hen auch das Achsenverh\u00e4ltnis in diesen extremen Winkeln erheblich. Diese zum Himmel gerichtete Antenne kann bei Bedarf sogar eine Rundstrahlantenne ersetzen. Perfekt f\u00fcr Freestyle, Rennen oder einfach nur f\u00fcr ein paar Kilometer.  <\/p>\n<h2><strong>Spezifikationen:<\/strong><\/h2>\n<ul>\n<li><strong>Verst\u00e4rkung: 5 <\/strong>.8dbic<\/li>\n<li><strong>Gegenpolunterdr\u00fcckung<\/strong>: -10 bis -25dB (2,6%)<\/li>\n<li><strong>Bandbreite:<\/strong> 5.0GHz-6.0GHz<\/li>\n<li><strong>Strahlungseffizienz:<\/strong> 99%.<\/li>\n<li><strong>Abstrahlbreite *:<\/strong> 180 Grad<\/li>\n<li><strong>Abstrahlbreite @ -3dB **:<\/strong> 110 Grad<\/li>\n<li><strong>SWR:<\/strong> &lt;= 1,5: 1<\/li>\n<li><strong>Gewicht:<\/strong> 13,2 g<\/li>\n<li><strong>Gr\u00f6\u00dfe:<\/strong> 54 mm x 26 mm<\/li>\n<li><strong>Anschluss:<\/strong> SMA-Stecker<\/li>\n<\/ul>\n<p>  * Abdeckung, bei der der Empfang mindestens gleichwertig mit dem Omni-Empfang ist. ** Abdeckung, bei der mindestens 70% der maximalen Reichweite erreicht wird.<\/p>\n","protected":false},"excerpt":{"rendered":"<p>Antenne TrueRC MX-Air 5.8 RHCP\/LHCP Die HemiX-Air, oder kurz &#8222;MX-Air&#8220;, ist eine halbkugelf\u00f6rmige Antenne. Hemisph\u00e4risch bedeutet &#8222;Halbkugel&#8220; oder eine Antenne mit einer tats\u00e4chlichen Abdeckung von 180 Grad. Wir verdoppeln nicht<\/p>\n","protected":false},"featured_media":124537,"comment_status":"open","ping_status":"closed","template":"","meta":{"_joinchat":[]},"pwb-brand":[],"product_cat":[2589],"product_tag":[],"class_list":{"0":"post-208136","1":"product","2":"type-product","3":"status-publish","4":"has-post-thumbnail","6":"product_cat-fpv-antennen","8":"first","9":"instock","10":"taxable","11":"shipping-taxable","12":"purchasable","13":"product-type-variable"},"barcode":null,"atum_controlled":true,"out_stock_date":null,"out_stock_threshold":null,"inheritable":true,"stock_on_hold":0,"sold_today":0,"sales_last_days":1,"out_stock_days":0,"lost_sales":0,"update_date":"2026-04-16T08:17:06","atum_locations":[],"atum_stock_status":"instock","restock_status":false,"low_stock_amount":"","sales_update_date":"2026-04-16T08:17:06","calc_backorders":null,"yoast_head":"<!-- This site is optimized with the Yoast SEO plugin v27.3 - https:\/\/yoast.com\/product\/yoast-seo-wordpress\/ -->\n<title>TrueRC MX-Air 5.8 RHCP\/LHCP-Antenne (SMA) - Iha Race<\/title>\n<meta name=\"robots\" content=\"index, follow, max-snippet:-1, max-image-preview:large, max-video-preview:-1\" \/>\n<link rel=\"canonical\" href=\"https:\/\/iha-race.com\/de\/producto\/antenne-truerc-mx-air-5-8-rhcp-lhcp-sma\/\" \/>\n<meta property=\"og:locale\" content=\"de_DE\" \/>\n<meta property=\"og:type\" content=\"article\" \/>\n<meta property=\"og:title\" content=\"TrueRC MX-Air 5.8 RHCP\/LHCP-Antenne (SMA) - Iha Race\" \/>\n<meta property=\"og:description\" content=\"Antenne TrueRC MX-Air 5.8 RHCP\/LHCP Die HemiX-Air, oder kurz &#8222;MX-Air&#8220;, ist eine halbkugelf\u00f6rmige Antenne. Hemisph\u00e4risch bedeutet &#8222;Halbkugel&#8220; oder eine Antenne mit einer tats\u00e4chlichen Abdeckung von 180 Grad. Wir verdoppeln nicht\" \/>\n<meta property=\"og:url\" content=\"https:\/\/iha-race.com\/de\/producto\/antenne-truerc-mx-air-5-8-rhcp-lhcp-sma\/\" \/>\n<meta property=\"og:site_name\" content=\"Iha Race\" \/>\n<meta property=\"article:modified_time\" content=\"2024-08-29T14:10:48+00:00\" \/>\n<meta property=\"og:image\" content=\"https:\/\/iha-race.com\/wp-content\/uploads\/2020\/02\/Antena-TrueRC-MX-Air-5.8-RHCP-LHCP-1.jpg\" \/>\n\t<meta property=\"og:image:width\" content=\"800\" \/>\n\t<meta property=\"og:image:height\" content=\"800\" \/>\n\t<meta property=\"og:image:type\" content=\"image\/jpeg\" \/>\n<meta name=\"twitter:card\" content=\"summary_large_image\" \/>\n<meta name=\"twitter:label1\" content=\"Gesch\u00e4tzte Lesezeit\" \/>\n\t<meta name=\"twitter:data1\" content=\"1\u00a0Minute\" \/>\n<script type=\"application\/ld+json\" class=\"yoast-schema-graph\">{\"@context\":\"https:\\\/\\\/schema.org\",\"@graph\":[{\"@type\":\"WebPage\",\"@id\":\"https:\\\/\\\/iha-race.com\\\/de\\\/producto\\\/antenne-truerc-mx-air-5-8-rhcp-lhcp-sma\\\/\",\"url\":\"https:\\\/\\\/iha-race.com\\\/de\\\/producto\\\/antenne-truerc-mx-air-5-8-rhcp-lhcp-sma\\\/\",\"name\":\"TrueRC MX-Air 5.8 RHCP\\\/LHCP-Antenne (SMA) - Iha Race\",\"isPartOf\":{\"@id\":\"https:\\\/\\\/iha-race.com\\\/de\\\/#website\"},\"primaryImageOfPage\":{\"@id\":\"https:\\\/\\\/iha-race.com\\\/de\\\/producto\\\/antenne-truerc-mx-air-5-8-rhcp-lhcp-sma\\\/#primaryimage\"},\"image\":{\"@id\":\"https:\\\/\\\/iha-race.com\\\/de\\\/producto\\\/antenne-truerc-mx-air-5-8-rhcp-lhcp-sma\\\/#primaryimage\"},\"thumbnailUrl\":\"https:\\\/\\\/iha-race.com\\\/wp-content\\\/uploads\\\/2020\\\/02\\\/Antena-TrueRC-MX-Air-5.8-RHCP-LHCP-1.jpg\",\"datePublished\":\"2020-02-21T15:30:13+00:00\",\"dateModified\":\"2024-08-29T14:10:48+00:00\",\"breadcrumb\":{\"@id\":\"https:\\\/\\\/iha-race.com\\\/de\\\/producto\\\/antenne-truerc-mx-air-5-8-rhcp-lhcp-sma\\\/#breadcrumb\"},\"inLanguage\":\"de\",\"potentialAction\":[{\"@type\":\"ReadAction\",\"target\":[\"https:\\\/\\\/iha-race.com\\\/de\\\/producto\\\/antenne-truerc-mx-air-5-8-rhcp-lhcp-sma\\\/\"]}]},{\"@type\":\"ImageObject\",\"inLanguage\":\"de\",\"@id\":\"https:\\\/\\\/iha-race.com\\\/de\\\/producto\\\/antenne-truerc-mx-air-5-8-rhcp-lhcp-sma\\\/#primaryimage\",\"url\":\"https:\\\/\\\/iha-race.com\\\/wp-content\\\/uploads\\\/2020\\\/02\\\/Antena-TrueRC-MX-Air-5.8-RHCP-LHCP-1.jpg\",\"contentUrl\":\"https:\\\/\\\/iha-race.com\\\/wp-content\\\/uploads\\\/2020\\\/02\\\/Antena-TrueRC-MX-Air-5.8-RHCP-LHCP-1.jpg\",\"width\":800,\"height\":800},{\"@type\":\"BreadcrumbList\",\"@id\":\"https:\\\/\\\/iha-race.com\\\/de\\\/producto\\\/antenne-truerc-mx-air-5-8-rhcp-lhcp-sma\\\/#breadcrumb\",\"itemListElement\":[{\"@type\":\"ListItem\",\"position\":1,\"name\":\"Portada\",\"item\":\"https:\\\/\\\/iha-race.com\\\/de\\\/elementor-499\\\/\"},{\"@type\":\"ListItem\",\"position\":2,\"name\":\"Shop\",\"item\":\"https:\\\/\\\/iha-race.com\\\/de\\\/shop\\\/\"},{\"@type\":\"ListItem\",\"position\":3,\"name\":\"TrueRC MX-Air 5.8 RHCP\\\/LHCP-Antenne (SMA)\"}]},{\"@type\":\"WebSite\",\"@id\":\"https:\\\/\\\/iha-race.com\\\/de\\\/#website\",\"url\":\"https:\\\/\\\/iha-race.com\\\/de\\\/\",\"name\":\"Iha Race\",\"description\":\"Comprar drones de carreras FPV env\u00edos en un d\u00eda desde Espa\u00f1a\",\"publisher\":{\"@id\":\"https:\\\/\\\/iha-race.com\\\/de\\\/#organization\"},\"potentialAction\":[{\"@type\":\"SearchAction\",\"target\":{\"@type\":\"EntryPoint\",\"urlTemplate\":\"https:\\\/\\\/iha-race.com\\\/de\\\/?s={search_term_string}\"},\"query-input\":{\"@type\":\"PropertyValueSpecification\",\"valueRequired\":true,\"valueName\":\"search_term_string\"}}],\"inLanguage\":\"de\"},{\"@type\":\"Organization\",\"@id\":\"https:\\\/\\\/iha-race.com\\\/de\\\/#organization\",\"name\":\"Iha Race\",\"url\":\"https:\\\/\\\/iha-race.com\\\/de\\\/\",\"logo\":{\"@type\":\"ImageObject\",\"inLanguage\":\"de\",\"@id\":\"https:\\\/\\\/iha-race.com\\\/de\\\/#\\\/schema\\\/logo\\\/image\\\/\",\"url\":\"https:\\\/\\\/iha-race.com\\\/wp-content\\\/uploads\\\/2018\\\/07\\\/iha-race-drones-de-carreras-tienda-comprar-drones.png\",\"contentUrl\":\"https:\\\/\\\/iha-race.com\\\/wp-content\\\/uploads\\\/2018\\\/07\\\/iha-race-drones-de-carreras-tienda-comprar-drones.png\",\"width\":300,\"height\":100,\"caption\":\"Iha Race\"},\"image\":{\"@id\":\"https:\\\/\\\/iha-race.com\\\/de\\\/#\\\/schema\\\/logo\\\/image\\\/\"}}]}<\/script>\n<!-- \/ Yoast SEO plugin. -->","yoast_head_json":{"title":"TrueRC MX-Air 5.8 RHCP\/LHCP-Antenne (SMA) - Iha Race","robots":{"index":"index","follow":"follow","max-snippet":"max-snippet:-1","max-image-preview":"max-image-preview:large","max-video-preview":"max-video-preview:-1"},"canonical":"https:\/\/iha-race.com\/de\/producto\/antenne-truerc-mx-air-5-8-rhcp-lhcp-sma\/","og_locale":"de_DE","og_type":"article","og_title":"TrueRC MX-Air 5.8 RHCP\/LHCP-Antenne (SMA) - Iha Race","og_description":"Antenne TrueRC MX-Air 5.8 RHCP\/LHCP Die HemiX-Air, oder kurz &#8222;MX-Air&#8220;, ist eine halbkugelf\u00f6rmige Antenne. Hemisph\u00e4risch bedeutet &#8222;Halbkugel&#8220; oder eine Antenne mit einer tats\u00e4chlichen Abdeckung von 180 Grad. Wir verdoppeln nicht","og_url":"https:\/\/iha-race.com\/de\/producto\/antenne-truerc-mx-air-5-8-rhcp-lhcp-sma\/","og_site_name":"Iha Race","article_modified_time":"2024-08-29T14:10:48+00:00","og_image":[{"width":800,"height":800,"url":"https:\/\/iha-race.com\/wp-content\/uploads\/2020\/02\/Antena-TrueRC-MX-Air-5.8-RHCP-LHCP-1.jpg","type":"image\/jpeg"}],"twitter_card":"summary_large_image","twitter_misc":{"Gesch\u00e4tzte Lesezeit":"1\u00a0Minute"},"schema":{"@context":"https:\/\/schema.org","@graph":[{"@type":"WebPage","@id":"https:\/\/iha-race.com\/de\/producto\/antenne-truerc-mx-air-5-8-rhcp-lhcp-sma\/","url":"https:\/\/iha-race.com\/de\/producto\/antenne-truerc-mx-air-5-8-rhcp-lhcp-sma\/","name":"TrueRC MX-Air 5.8 RHCP\/LHCP-Antenne (SMA) - Iha Race","isPartOf":{"@id":"https:\/\/iha-race.com\/de\/#website"},"primaryImageOfPage":{"@id":"https:\/\/iha-race.com\/de\/producto\/antenne-truerc-mx-air-5-8-rhcp-lhcp-sma\/#primaryimage"},"image":{"@id":"https:\/\/iha-race.com\/de\/producto\/antenne-truerc-mx-air-5-8-rhcp-lhcp-sma\/#primaryimage"},"thumbnailUrl":"https:\/\/iha-race.com\/wp-content\/uploads\/2020\/02\/Antena-TrueRC-MX-Air-5.8-RHCP-LHCP-1.jpg","datePublished":"2020-02-21T15:30:13+00:00","dateModified":"2024-08-29T14:10:48+00:00","breadcrumb":{"@id":"https:\/\/iha-race.com\/de\/producto\/antenne-truerc-mx-air-5-8-rhcp-lhcp-sma\/#breadcrumb"},"inLanguage":"de","potentialAction":[{"@type":"ReadAction","target":["https:\/\/iha-race.com\/de\/producto\/antenne-truerc-mx-air-5-8-rhcp-lhcp-sma\/"]}]},{"@type":"ImageObject","inLanguage":"de","@id":"https:\/\/iha-race.com\/de\/producto\/antenne-truerc-mx-air-5-8-rhcp-lhcp-sma\/#primaryimage","url":"https:\/\/iha-race.com\/wp-content\/uploads\/2020\/02\/Antena-TrueRC-MX-Air-5.8-RHCP-LHCP-1.jpg","contentUrl":"https:\/\/iha-race.com\/wp-content\/uploads\/2020\/02\/Antena-TrueRC-MX-Air-5.8-RHCP-LHCP-1.jpg","width":800,"height":800},{"@type":"BreadcrumbList","@id":"https:\/\/iha-race.com\/de\/producto\/antenne-truerc-mx-air-5-8-rhcp-lhcp-sma\/#breadcrumb","itemListElement":[{"@type":"ListItem","position":1,"name":"Portada","item":"https:\/\/iha-race.com\/de\/elementor-499\/"},{"@type":"ListItem","position":2,"name":"Shop","item":"https:\/\/iha-race.com\/de\/shop\/"},{"@type":"ListItem","position":3,"name":"TrueRC MX-Air 5.8 RHCP\/LHCP-Antenne (SMA)"}]},{"@type":"WebSite","@id":"https:\/\/iha-race.com\/de\/#website","url":"https:\/\/iha-race.com\/de\/","name":"Iha Race","description":"Comprar drones de carreras FPV env\u00edos en un d\u00eda desde Espa\u00f1a","publisher":{"@id":"https:\/\/iha-race.com\/de\/#organization"},"potentialAction":[{"@type":"SearchAction","target":{"@type":"EntryPoint","urlTemplate":"https:\/\/iha-race.com\/de\/?s={search_term_string}"},"query-input":{"@type":"PropertyValueSpecification","valueRequired":true,"valueName":"search_term_string"}}],"inLanguage":"de"},{"@type":"Organization","@id":"https:\/\/iha-race.com\/de\/#organization","name":"Iha Race","url":"https:\/\/iha-race.com\/de\/","logo":{"@type":"ImageObject","inLanguage":"de","@id":"https:\/\/iha-race.com\/de\/#\/schema\/logo\/image\/","url":"https:\/\/iha-race.com\/wp-content\/uploads\/2018\/07\/iha-race-drones-de-carreras-tienda-comprar-drones.png","contentUrl":"https:\/\/iha-race.com\/wp-content\/uploads\/2018\/07\/iha-race-drones-de-carreras-tienda-comprar-drones.png","width":300,"height":100,"caption":"Iha Race"},"image":{"@id":"https:\/\/iha-race.com\/de\/#\/schema\/logo\/image\/"}}]}},"jetpack_sharing_enabled":true,"brands":[],"_links":{"self":[{"href":"https:\/\/iha-race.com\/de\/wp-json\/wp\/v2\/product\/208136","targetHints":{"allow":["GET"]}}],"collection":[{"href":"https:\/\/iha-race.com\/de\/wp-json\/wp\/v2\/product"}],"about":[{"href":"https:\/\/iha-race.com\/de\/wp-json\/wp\/v2\/types\/product"}],"replies":[{"embeddable":true,"href":"https:\/\/iha-race.com\/de\/wp-json\/wp\/v2\/comments?post=208136"}],"version-history":[{"count":2,"href":"https:\/\/iha-race.com\/de\/wp-json\/wp\/v2\/product\/208136\/revisions"}],"predecessor-version":[{"id":250026,"href":"https:\/\/iha-race.com\/de\/wp-json\/wp\/v2\/product\/208136\/revisions\/250026"}],"wp:featuredmedia":[{"embeddable":true,"href":"https:\/\/iha-race.com\/de\/wp-json\/wp\/v2\/media\/124537"}],"wp:attachment":[{"href":"https:\/\/iha-race.com\/de\/wp-json\/wp\/v2\/media?parent=208136"}],"wp:term":[{"taxonomy":"pwb-brand","embeddable":true,"href":"https:\/\/iha-race.com\/de\/wp-json\/wp\/v2\/pwb-brand?post=208136"},{"taxonomy":"product_cat","embeddable":true,"href":"https:\/\/iha-race.com\/de\/wp-json\/wp\/v2\/product_cat?post=208136"},{"taxonomy":"product_tag","embeddable":true,"href":"https:\/\/iha-race.com\/de\/wp-json\/wp\/v2\/product_tag?post=208136"}],"curies":[{"name":"wp","href":"https:\/\/api.w.org\/{rel}","templated":true}]}}