{"id":208122,"date":"2021-02-18T12:41:31","date_gmt":"2021-02-18T11:41:31","guid":{"rendered":"https:\/\/iha-race.com\/producto\/fat-shark-scout-fpv-schutzbrille\/"},"modified":"2025-06-03T12:41:32","modified_gmt":"2025-06-03T10:41:32","slug":"brille-fpv-fett-hai-scout","status":"publish","type":"product","link":"https:\/\/iha-race.com\/de\/producto\/brille-fpv-fett-hai-scout\/","title":{"rendered":"Fat Shark Videobrille Scout FPV-Schutzbrille"},"content":{"rendered":"<h2>Fat Shark Videobrille Scout FPV-Schutzbrille<\/h2>\n<p>  Der Scout ist die neue Produktlinie von Fat Shark. Sie ist das Ergebnis jahrelanger Arbeit an der Entwicklung von Hochleistungsbrillen zu einem Einstiegspreis. Das Scout verwendet ein patentiertes optisches Panel-Brillenmodul, das ein 50-Grad-Sichtfeld (FOV), eine Aufl\u00f6sung von 1136 x 640 Pixeln und eine Bildwiederholrate von 60 Bildern pro Sekunde in einem Headset bietet, das bequem zu tragen ist. Neben einem beeindruckenden Display hat der Scout auch die Leistung der Elektronik komplett \u00fcberarbeitet. Er verf\u00fcgt \u00fcber RX-Diversity mit einer eingebauten 10-dB-Patch-Antenne zur Maximierung des Empfangs, ein \u00fcberarbeitetes OSD, einen verbesserten DVR und einfaches USB-Laden. Der Scout verf\u00fcgt au\u00dferdem \u00fcber verschiedene Annehmlichkeiten wie einen eingebauten Ventilator, einen abnehmbaren Schaumstoff, der es den Piloten erm\u00f6glicht, w\u00e4hrend des Fluges eine Schutzbrille zu tragen, und sogar eine LED-Anzeige an der Antenne zur Kanalbenachrichtigung. Das Scout ist das Headset f\u00fcr aufstrebende Piloten, die lange Zeit nicht aufr\u00fcsten wollen, oder ein zweites Headset f\u00fcr diejenigen, die eine \u00fcberragende Leistung gewohnt sind.  <\/p>\n<h2>Spezifikationen:<\/h2>\n<p><strong>Optik<\/strong><\/p>\n<ul>\n<li>FOV (Sichtfeld): 50 Grad diagonal<\/li>\n<li>Typ: Kunststoff-Optik<\/li>\n<\/ul>\n<p><strong>Monitor<\/strong><\/p>\n<ul>\n<li>4,0 Zoll<\/li>\n<li>Aufl\u00f6sung 1136 X 640<\/li>\n<li>Automatische Auswahl NTSC\/PAL<\/li>\n<\/ul>\n<p><strong>Audio<\/strong><\/p>\n<ul>\n<li>Stereo<\/li>\n<\/ul>\n<p><strong>Benutzerkontrollen  <\/strong><\/p>\n<ul>\n<li>Kanalauswahl<\/li>\n<li>Bandauswahl<\/li>\n<li>Bildschirmsteuerung<\/li>\n<li>Lautst\u00e4rkeregler<\/li>\n<li>Signalton-Steuerung<\/li>\n<li>RX-Montage<\/li>\n<li>L\u00fcftersteuerung<\/li>\n<li>Uhr stellen<\/li>\n<li>Modusauswahl (RX \/ AV \/ AUX)<\/li>\n<li>DVR-Steuerung<\/li>\n<\/ul>\n<p><strong>Elektrisch<\/strong><\/p>\n<ul>\n<li>Stromversorgung: Standard 18650 Lithium-Ionen-Akku<\/li>\n<li>RF-Module: Unterst\u00fctzung f\u00fcr unendlich viele Kan\u00e4le in mehreren B\u00e4ndern<\/li>\n<li>Analoger DVR: MicroSD-Unterst\u00fctzung bis zu 64 GB<\/li>\n<li>Aufnahmegeschwindigkeit: 6 Mbps (MJPG-Kompression, 60 fps, MOV)<\/li>\n<li>Dateiwiedergabe: (native Aufnahme, keine Codec-Unterst\u00fctzung)<\/li>\n<li>Aufr\u00fcstbar \u00fcber SD-Karte<\/li>\n<\/ul>\n<p><strong>Batterie<\/strong><\/p>\n<ul>\n<li>3.7V, 2600mAh (18650 Zelle)<\/li>\n<\/ul>\n<p><strong>Schnittstelle<\/strong>:  <\/p>\n<ul>\n<li>3,5 mm AV-Anschluss<\/li>\n<li>3,5 mm 3p-Kopfh\u00f6reranschluss<\/li>\n<li>MicroSD<\/li>\n<li>USB-C<\/li>\n<li>AUX-Anschluss<\/li>\n<\/ul>\n<p><strong>Mechanisch<\/strong>: ergonomisch geformter Kopfh\u00f6rer mit verstellbarem Kopfband  <strong>Abmessungen<\/strong>: 170 x 120 x 95 mm  <strong>Gewicht<\/strong>: 336,5 g  <strong>Verpackungsgr\u00f6\u00dfe<\/strong>: 517 g , 189 x 133 x 100 mm  <strong>Bedeutungen der LED-Farben<\/strong><\/p>\n<p><img fetchpriority=\"high\" decoding=\"async\" class=\"size-full wp-image-18967\" src=\"https:\/\/iha-race.com\/wp-content\/uploads\/2019\/09\/imgpsh_mobile_save.jpg\" alt=\"FatShark Scout FPV Schutzbrille\" width=\"796\" height=\"221\" srcset=\"https:\/\/iha-race.com\/wp-content\/uploads\/2019\/09\/imgpsh_mobile_save.jpg 796w, https:\/\/iha-race.com\/wp-content\/uploads\/2019\/09\/imgpsh_mobile_save-598x166.jpg 598w, https:\/\/iha-race.com\/wp-content\/uploads\/2019\/09\/imgpsh_mobile_save-300x83.jpg 300w, https:\/\/iha-race.com\/wp-content\/uploads\/2019\/09\/imgpsh_mobile_save-767x213.jpg 767w, https:\/\/iha-race.com\/wp-content\/uploads\/2019\/09\/imgpsh_mobile_save-1024x284.jpg 1024w, https:\/\/iha-race.com\/wp-content\/uploads\/2019\/09\/imgpsh_mobile_save-788x218.jpg 788w\" sizes=\"(max-width: 796px) 100vw, 796px\" \/><\/p>\n<p>&nbsp;<\/p>\n<h3>Ressourcen:<\/h3>\n<p><a href=\"http:\/\/getfpv.com\/media\/downloads\/manuals\/Scout%20Manual.docx\" target=\"_blank\" rel=\"noopener noreferrer\">Pfadfinder-Handbuch<\/a><\/p>\n<h2><strong>Das Paket enth\u00e4lt:<\/strong><\/h2>\n<ul>\n<li>1 x Fat Shark Scout FPV-Schutzbrille<\/li>\n<li>1 x SMA EintauchRC SpiroNET 5.8GHz SMA Antenne<\/li>\n<li>1 x 5G8-Patch-Antenne (integrierte Ohrh\u00f6rer)<\/li>\n<li>1 x 18650 2600mAh Akku (eingebauter Kopfh\u00f6rer)<\/li>\n<\/ul>\n<p><strong><em>Warnung: Wenn Sie das Objektiv direktem Sonnenlicht aussetzen, wird das LCD-Display besch\u00e4digt.<\/em><\/strong><\/p>\n","protected":false},"excerpt":{"rendered":"<p><b>OSD, 1136 x 640, 50\u00baFOV<\/b><\/p>\n","protected":false},"featured_media":124783,"comment_status":"open","ping_status":"closed","template":"","meta":{"_joinchat":[]},"pwb-brand":[],"product_cat":[2597,2536],"product_tag":[],"class_list":{"0":"post-208122","1":"product","2":"type-product","3":"status-publish","4":"has-post-thumbnail","6":"product_cat-brillen-und-monitore","7":"product_cat-fpv-schutzbrille","9":"first","10":"outofstock","11":"taxable","12":"shipping-taxable","13":"purchasable","14":"product-type-simple"},"barcode":null,"atum_controlled":true,"out_stock_date":"2025-06-03 12:41:32","out_stock_threshold":null,"inheritable":false,"stock_on_hold":0,"sold_today":0,"sales_last_days":0,"out_stock_days":319,"lost_sales":0,"update_date":"2026-04-18T20:30:54","atum_locations":[],"atum_stock_status":"outofstock","restock_status":false,"low_stock_amount":"","sales_update_date":"2026-04-18T20:30:54","calc_backorders":null,"yoast_head":"<!-- This site is optimized with the Yoast SEO plugin v27.3 - https:\/\/yoast.com\/product\/yoast-seo-wordpress\/ -->\n<title>Fat Shark Videobrille Scout FPV-Schutzbrille - Iha Race<\/title>\n<meta name=\"robots\" content=\"index, follow, max-snippet:-1, max-image-preview:large, max-video-preview:-1\" \/>\n<link rel=\"canonical\" href=\"https:\/\/iha-race.com\/de\/producto\/brille-fpv-fett-hai-scout\/\" \/>\n<meta property=\"og:locale\" content=\"de_DE\" \/>\n<meta property=\"og:type\" content=\"article\" \/>\n<meta property=\"og:title\" content=\"Fat Shark Videobrille Scout FPV-Schutzbrille - Iha Race\" \/>\n<meta property=\"og:description\" content=\"OSD, 1136 x 640, 50\u00baFOV\" \/>\n<meta property=\"og:url\" content=\"https:\/\/iha-race.com\/de\/producto\/brille-fpv-fett-hai-scout\/\" \/>\n<meta property=\"og:site_name\" content=\"Iha Race\" \/>\n<meta property=\"article:modified_time\" content=\"2025-06-03T10:41:32+00:00\" \/>\n<meta property=\"og:image\" content=\"https:\/\/iha-race.com\/wp-content\/uploads\/2019\/09\/gafas-fpv-fatshark-scout-1.jpg\" \/>\n\t<meta property=\"og:image:width\" content=\"800\" \/>\n\t<meta property=\"og:image:height\" content=\"800\" \/>\n\t<meta property=\"og:image:type\" content=\"image\/jpeg\" \/>\n<meta name=\"twitter:card\" content=\"summary_large_image\" \/>\n<meta name=\"twitter:label1\" content=\"Gesch\u00e4tzte Lesezeit\" \/>\n\t<meta name=\"twitter:data1\" content=\"2\u00a0Minuten\" \/>\n<script type=\"application\/ld+json\" class=\"yoast-schema-graph\">{\"@context\":\"https:\\\/\\\/schema.org\",\"@graph\":[{\"@type\":\"WebPage\",\"@id\":\"https:\\\/\\\/iha-race.com\\\/de\\\/producto\\\/brille-fpv-fett-hai-scout\\\/\",\"url\":\"https:\\\/\\\/iha-race.com\\\/de\\\/producto\\\/brille-fpv-fett-hai-scout\\\/\",\"name\":\"Fat Shark Videobrille Scout FPV-Schutzbrille - Iha Race\",\"isPartOf\":{\"@id\":\"https:\\\/\\\/iha-race.com\\\/de\\\/#website\"},\"primaryImageOfPage\":{\"@id\":\"https:\\\/\\\/iha-race.com\\\/de\\\/producto\\\/brille-fpv-fett-hai-scout\\\/#primaryimage\"},\"image\":{\"@id\":\"https:\\\/\\\/iha-race.com\\\/de\\\/producto\\\/brille-fpv-fett-hai-scout\\\/#primaryimage\"},\"thumbnailUrl\":\"https:\\\/\\\/iha-race.com\\\/wp-content\\\/uploads\\\/2019\\\/09\\\/gafas-fpv-fatshark-scout-1.jpg\",\"datePublished\":\"2021-02-18T11:41:31+00:00\",\"dateModified\":\"2025-06-03T10:41:32+00:00\",\"breadcrumb\":{\"@id\":\"https:\\\/\\\/iha-race.com\\\/de\\\/producto\\\/brille-fpv-fett-hai-scout\\\/#breadcrumb\"},\"inLanguage\":\"de\",\"potentialAction\":[{\"@type\":\"ReadAction\",\"target\":[\"https:\\\/\\\/iha-race.com\\\/de\\\/producto\\\/brille-fpv-fett-hai-scout\\\/\"]}]},{\"@type\":\"ImageObject\",\"inLanguage\":\"de\",\"@id\":\"https:\\\/\\\/iha-race.com\\\/de\\\/producto\\\/brille-fpv-fett-hai-scout\\\/#primaryimage\",\"url\":\"https:\\\/\\\/iha-race.com\\\/wp-content\\\/uploads\\\/2019\\\/09\\\/gafas-fpv-fatshark-scout-1.jpg\",\"contentUrl\":\"https:\\\/\\\/iha-race.com\\\/wp-content\\\/uploads\\\/2019\\\/09\\\/gafas-fpv-fatshark-scout-1.jpg\",\"width\":800,\"height\":800},{\"@type\":\"BreadcrumbList\",\"@id\":\"https:\\\/\\\/iha-race.com\\\/de\\\/producto\\\/brille-fpv-fett-hai-scout\\\/#breadcrumb\",\"itemListElement\":[{\"@type\":\"ListItem\",\"position\":1,\"name\":\"Portada\",\"item\":\"https:\\\/\\\/iha-race.com\\\/de\\\/elementor-499\\\/\"},{\"@type\":\"ListItem\",\"position\":2,\"name\":\"Shop\",\"item\":\"https:\\\/\\\/iha-race.com\\\/de\\\/shop\\\/\"},{\"@type\":\"ListItem\",\"position\":3,\"name\":\"Fat Shark Videobrille Scout FPV-Schutzbrille\"}]},{\"@type\":\"WebSite\",\"@id\":\"https:\\\/\\\/iha-race.com\\\/de\\\/#website\",\"url\":\"https:\\\/\\\/iha-race.com\\\/de\\\/\",\"name\":\"Iha Race\",\"description\":\"Comprar drones de carreras FPV env\u00edos en un d\u00eda desde Espa\u00f1a\",\"publisher\":{\"@id\":\"https:\\\/\\\/iha-race.com\\\/de\\\/#organization\"},\"potentialAction\":[{\"@type\":\"SearchAction\",\"target\":{\"@type\":\"EntryPoint\",\"urlTemplate\":\"https:\\\/\\\/iha-race.com\\\/de\\\/?s={search_term_string}\"},\"query-input\":{\"@type\":\"PropertyValueSpecification\",\"valueRequired\":true,\"valueName\":\"search_term_string\"}}],\"inLanguage\":\"de\"},{\"@type\":\"Organization\",\"@id\":\"https:\\\/\\\/iha-race.com\\\/de\\\/#organization\",\"name\":\"Iha Race\",\"url\":\"https:\\\/\\\/iha-race.com\\\/de\\\/\",\"logo\":{\"@type\":\"ImageObject\",\"inLanguage\":\"de\",\"@id\":\"https:\\\/\\\/iha-race.com\\\/de\\\/#\\\/schema\\\/logo\\\/image\\\/\",\"url\":\"https:\\\/\\\/iha-race.com\\\/wp-content\\\/uploads\\\/2018\\\/07\\\/iha-race-drones-de-carreras-tienda-comprar-drones.png\",\"contentUrl\":\"https:\\\/\\\/iha-race.com\\\/wp-content\\\/uploads\\\/2018\\\/07\\\/iha-race-drones-de-carreras-tienda-comprar-drones.png\",\"width\":300,\"height\":100,\"caption\":\"Iha Race\"},\"image\":{\"@id\":\"https:\\\/\\\/iha-race.com\\\/de\\\/#\\\/schema\\\/logo\\\/image\\\/\"}}]}<\/script>\n<!-- \/ Yoast SEO plugin. -->","yoast_head_json":{"title":"Fat Shark Videobrille Scout FPV-Schutzbrille - Iha Race","robots":{"index":"index","follow":"follow","max-snippet":"max-snippet:-1","max-image-preview":"max-image-preview:large","max-video-preview":"max-video-preview:-1"},"canonical":"https:\/\/iha-race.com\/de\/producto\/brille-fpv-fett-hai-scout\/","og_locale":"de_DE","og_type":"article","og_title":"Fat Shark Videobrille Scout FPV-Schutzbrille - Iha Race","og_description":"OSD, 1136 x 640, 50\u00baFOV","og_url":"https:\/\/iha-race.com\/de\/producto\/brille-fpv-fett-hai-scout\/","og_site_name":"Iha Race","article_modified_time":"2025-06-03T10:41:32+00:00","og_image":[{"width":800,"height":800,"url":"https:\/\/iha-race.com\/wp-content\/uploads\/2019\/09\/gafas-fpv-fatshark-scout-1.jpg","type":"image\/jpeg"}],"twitter_card":"summary_large_image","twitter_misc":{"Gesch\u00e4tzte Lesezeit":"2\u00a0Minuten"},"schema":{"@context":"https:\/\/schema.org","@graph":[{"@type":"WebPage","@id":"https:\/\/iha-race.com\/de\/producto\/brille-fpv-fett-hai-scout\/","url":"https:\/\/iha-race.com\/de\/producto\/brille-fpv-fett-hai-scout\/","name":"Fat Shark Videobrille Scout FPV-Schutzbrille - Iha Race","isPartOf":{"@id":"https:\/\/iha-race.com\/de\/#website"},"primaryImageOfPage":{"@id":"https:\/\/iha-race.com\/de\/producto\/brille-fpv-fett-hai-scout\/#primaryimage"},"image":{"@id":"https:\/\/iha-race.com\/de\/producto\/brille-fpv-fett-hai-scout\/#primaryimage"},"thumbnailUrl":"https:\/\/iha-race.com\/wp-content\/uploads\/2019\/09\/gafas-fpv-fatshark-scout-1.jpg","datePublished":"2021-02-18T11:41:31+00:00","dateModified":"2025-06-03T10:41:32+00:00","breadcrumb":{"@id":"https:\/\/iha-race.com\/de\/producto\/brille-fpv-fett-hai-scout\/#breadcrumb"},"inLanguage":"de","potentialAction":[{"@type":"ReadAction","target":["https:\/\/iha-race.com\/de\/producto\/brille-fpv-fett-hai-scout\/"]}]},{"@type":"ImageObject","inLanguage":"de","@id":"https:\/\/iha-race.com\/de\/producto\/brille-fpv-fett-hai-scout\/#primaryimage","url":"https:\/\/iha-race.com\/wp-content\/uploads\/2019\/09\/gafas-fpv-fatshark-scout-1.jpg","contentUrl":"https:\/\/iha-race.com\/wp-content\/uploads\/2019\/09\/gafas-fpv-fatshark-scout-1.jpg","width":800,"height":800},{"@type":"BreadcrumbList","@id":"https:\/\/iha-race.com\/de\/producto\/brille-fpv-fett-hai-scout\/#breadcrumb","itemListElement":[{"@type":"ListItem","position":1,"name":"Portada","item":"https:\/\/iha-race.com\/de\/elementor-499\/"},{"@type":"ListItem","position":2,"name":"Shop","item":"https:\/\/iha-race.com\/de\/shop\/"},{"@type":"ListItem","position":3,"name":"Fat Shark Videobrille Scout FPV-Schutzbrille"}]},{"@type":"WebSite","@id":"https:\/\/iha-race.com\/de\/#website","url":"https:\/\/iha-race.com\/de\/","name":"Iha Race","description":"Comprar drones de carreras FPV env\u00edos en un d\u00eda desde Espa\u00f1a","publisher":{"@id":"https:\/\/iha-race.com\/de\/#organization"},"potentialAction":[{"@type":"SearchAction","target":{"@type":"EntryPoint","urlTemplate":"https:\/\/iha-race.com\/de\/?s={search_term_string}"},"query-input":{"@type":"PropertyValueSpecification","valueRequired":true,"valueName":"search_term_string"}}],"inLanguage":"de"},{"@type":"Organization","@id":"https:\/\/iha-race.com\/de\/#organization","name":"Iha Race","url":"https:\/\/iha-race.com\/de\/","logo":{"@type":"ImageObject","inLanguage":"de","@id":"https:\/\/iha-race.com\/de\/#\/schema\/logo\/image\/","url":"https:\/\/iha-race.com\/wp-content\/uploads\/2018\/07\/iha-race-drones-de-carreras-tienda-comprar-drones.png","contentUrl":"https:\/\/iha-race.com\/wp-content\/uploads\/2018\/07\/iha-race-drones-de-carreras-tienda-comprar-drones.png","width":300,"height":100,"caption":"Iha Race"},"image":{"@id":"https:\/\/iha-race.com\/de\/#\/schema\/logo\/image\/"}}]}},"jetpack_sharing_enabled":true,"brands":[],"_links":{"self":[{"href":"https:\/\/iha-race.com\/de\/wp-json\/wp\/v2\/product\/208122","targetHints":{"allow":["GET"]}}],"collection":[{"href":"https:\/\/iha-race.com\/de\/wp-json\/wp\/v2\/product"}],"about":[{"href":"https:\/\/iha-race.com\/de\/wp-json\/wp\/v2\/types\/product"}],"replies":[{"embeddable":true,"href":"https:\/\/iha-race.com\/de\/wp-json\/wp\/v2\/comments?post=208122"}],"version-history":[{"count":2,"href":"https:\/\/iha-race.com\/de\/wp-json\/wp\/v2\/product\/208122\/revisions"}],"predecessor-version":[{"id":249655,"href":"https:\/\/iha-race.com\/de\/wp-json\/wp\/v2\/product\/208122\/revisions\/249655"}],"wp:featuredmedia":[{"embeddable":true,"href":"https:\/\/iha-race.com\/de\/wp-json\/wp\/v2\/media\/124783"}],"wp:attachment":[{"href":"https:\/\/iha-race.com\/de\/wp-json\/wp\/v2\/media?parent=208122"}],"wp:term":[{"taxonomy":"pwb-brand","embeddable":true,"href":"https:\/\/iha-race.com\/de\/wp-json\/wp\/v2\/pwb-brand?post=208122"},{"taxonomy":"product_cat","embeddable":true,"href":"https:\/\/iha-race.com\/de\/wp-json\/wp\/v2\/product_cat?post=208122"},{"taxonomy":"product_tag","embeddable":true,"href":"https:\/\/iha-race.com\/de\/wp-json\/wp\/v2\/product_tag?post=208122"}],"curies":[{"name":"wp","href":"https:\/\/api.w.org\/{rel}","templated":true}]}}