{"id":208118,"date":"2019-08-27T11:49:34","date_gmt":"2019-08-27T09:49:34","guid":{"rendered":"https:\/\/iha-race.com\/producto\/furiousfpv-magnetische-schnellwechselplatte-fuer-smart-power-case\/"},"modified":"2024-08-29T16:16:39","modified_gmt":"2024-08-29T14:16:39","slug":"schnell-freigeben-magnetisch-furiousfpv-smart-power-gehause-platte","status":"publish","type":"product","link":"https:\/\/iha-race.com\/de\/producto\/schnell-freigeben-magnetisch-furiousfpv-smart-power-gehause-platte\/","title":{"rendered":"FuriousFPV magnetische Schnellwechselplatte f\u00fcr Smart Power Case"},"content":{"rendered":"<h2>Furious FPV Magnetische Schnellwechselplatte f\u00fcr Smart Power Case<\/h2>\n<p><img fetchpriority=\"high\" decoding=\"async\" class=\"size-full wp-image-16419\" src=\"https:\/\/iha-race.com\/wp-content\/uploads\/2019\/08\/DESCRIPTION-for-smart-power-case-scaled.jpg\" alt=\"FuriousFPV magnetische Schnellwechselplatte f\u00fcr Smart Power Case  \" width=\"800\" height=\"2578\" srcset=\"https:\/\/iha-race.com\/wp-content\/uploads\/2019\/08\/DESCRIPTION-for-smart-power-case-scaled.jpg 794w, https:\/\/iha-race.com\/wp-content\/uploads\/2019\/08\/DESCRIPTION-for-smart-power-case-scaled-600x1934.jpg 600w, https:\/\/iha-race.com\/wp-content\/uploads\/2019\/08\/DESCRIPTION-for-smart-power-case-93x300.jpg 93w, https:\/\/iha-race.com\/wp-content\/uploads\/2019\/08\/DESCRIPTION-for-smart-power-case-768x2474.jpg 768w, https:\/\/iha-race.com\/wp-content\/uploads\/2019\/08\/DESCRIPTION-for-smart-power-case-318x1024.jpg 318w, https:\/\/iha-race.com\/wp-content\/uploads\/2019\/08\/DESCRIPTION-for-smart-power-case-788x2539.jpg 788w\" sizes=\"(max-width: 800px) 100vw, 800px\" \/><\/p>\n","protected":false},"excerpt":{"rendered":"<p>Furious FPV Magnetische Schnellwechselplatte f\u00fcr Smart Power Case<\/p>\n","protected":false},"featured_media":124796,"comment_status":"open","ping_status":"closed","template":"","meta":{"_joinchat":[]},"pwb-brand":[],"product_cat":[2536,2540],"product_tag":[],"class_list":{"0":"post-208118","1":"product","2":"type-product","3":"status-publish","4":"has-post-thumbnail","6":"product_cat-fpv-schutzbrille","7":"product_cat-zubehor-brillen","9":"first","10":"instock","11":"taxable","12":"shipping-taxable","13":"purchasable","14":"product-type-simple"},"barcode":null,"atum_controlled":true,"out_stock_date":null,"out_stock_threshold":null,"inheritable":false,"stock_on_hold":0,"sold_today":0,"sales_last_days":0,"out_stock_days":0,"lost_sales":0,"update_date":"2026-04-16T08:17:07","atum_locations":[],"atum_stock_status":"instock","restock_status":false,"low_stock_amount":"","sales_update_date":"2026-04-16T08:17:07","calc_backorders":null,"yoast_head":"<!-- This site is optimized with the Yoast SEO plugin v27.3 - https:\/\/yoast.com\/product\/yoast-seo-wordpress\/ -->\n<title>FuriousFPV magnetische Schnellwechselplatte f\u00fcr Smart Power Case - Iha Race<\/title>\n<meta name=\"robots\" content=\"index, follow, max-snippet:-1, max-image-preview:large, max-video-preview:-1\" \/>\n<link rel=\"canonical\" href=\"https:\/\/iha-race.com\/de\/producto\/schnell-freigeben-magnetisch-furiousfpv-smart-power-gehause-platte\/\" \/>\n<meta property=\"og:locale\" content=\"de_DE\" \/>\n<meta property=\"og:type\" content=\"article\" \/>\n<meta property=\"og:title\" content=\"FuriousFPV magnetische Schnellwechselplatte f\u00fcr Smart Power Case - Iha Race\" \/>\n<meta property=\"og:description\" content=\"Furious FPV Magnetische Schnellwechselplatte f\u00fcr Smart Power Case\" \/>\n<meta property=\"og:url\" content=\"https:\/\/iha-race.com\/de\/producto\/schnell-freigeben-magnetisch-furiousfpv-smart-power-gehause-platte\/\" \/>\n<meta property=\"og:site_name\" content=\"Iha Race\" \/>\n<meta property=\"article:modified_time\" content=\"2024-08-29T14:16:39+00:00\" \/>\n<meta property=\"og:image\" content=\"https:\/\/iha-race.com\/wp-content\/uploads\/2019\/08\/placa-de-liberacion-rapida-magnetica-furiousfpv-para-smart-power-case-1.jpg\" \/>\n\t<meta property=\"og:image:width\" content=\"800\" \/>\n\t<meta property=\"og:image:height\" content=\"800\" \/>\n\t<meta property=\"og:image:type\" content=\"image\/jpeg\" \/>\n<meta name=\"twitter:card\" content=\"summary_large_image\" \/>\n<script type=\"application\/ld+json\" class=\"yoast-schema-graph\">{\"@context\":\"https:\\\/\\\/schema.org\",\"@graph\":[{\"@type\":\"WebPage\",\"@id\":\"https:\\\/\\\/iha-race.com\\\/de\\\/producto\\\/schnell-freigeben-magnetisch-furiousfpv-smart-power-gehause-platte\\\/\",\"url\":\"https:\\\/\\\/iha-race.com\\\/de\\\/producto\\\/schnell-freigeben-magnetisch-furiousfpv-smart-power-gehause-platte\\\/\",\"name\":\"FuriousFPV magnetische Schnellwechselplatte f\u00fcr Smart Power Case - Iha Race\",\"isPartOf\":{\"@id\":\"https:\\\/\\\/iha-race.com\\\/de\\\/#website\"},\"primaryImageOfPage\":{\"@id\":\"https:\\\/\\\/iha-race.com\\\/de\\\/producto\\\/schnell-freigeben-magnetisch-furiousfpv-smart-power-gehause-platte\\\/#primaryimage\"},\"image\":{\"@id\":\"https:\\\/\\\/iha-race.com\\\/de\\\/producto\\\/schnell-freigeben-magnetisch-furiousfpv-smart-power-gehause-platte\\\/#primaryimage\"},\"thumbnailUrl\":\"https:\\\/\\\/iha-race.com\\\/wp-content\\\/uploads\\\/2019\\\/08\\\/placa-de-liberacion-rapida-magnetica-furiousfpv-para-smart-power-case-1.jpg\",\"datePublished\":\"2019-08-27T09:49:34+00:00\",\"dateModified\":\"2024-08-29T14:16:39+00:00\",\"breadcrumb\":{\"@id\":\"https:\\\/\\\/iha-race.com\\\/de\\\/producto\\\/schnell-freigeben-magnetisch-furiousfpv-smart-power-gehause-platte\\\/#breadcrumb\"},\"inLanguage\":\"de\",\"potentialAction\":[{\"@type\":\"ReadAction\",\"target\":[\"https:\\\/\\\/iha-race.com\\\/de\\\/producto\\\/schnell-freigeben-magnetisch-furiousfpv-smart-power-gehause-platte\\\/\"]}]},{\"@type\":\"ImageObject\",\"inLanguage\":\"de\",\"@id\":\"https:\\\/\\\/iha-race.com\\\/de\\\/producto\\\/schnell-freigeben-magnetisch-furiousfpv-smart-power-gehause-platte\\\/#primaryimage\",\"url\":\"https:\\\/\\\/iha-race.com\\\/wp-content\\\/uploads\\\/2019\\\/08\\\/placa-de-liberacion-rapida-magnetica-furiousfpv-para-smart-power-case-1.jpg\",\"contentUrl\":\"https:\\\/\\\/iha-race.com\\\/wp-content\\\/uploads\\\/2019\\\/08\\\/placa-de-liberacion-rapida-magnetica-furiousfpv-para-smart-power-case-1.jpg\",\"width\":800,\"height\":800},{\"@type\":\"BreadcrumbList\",\"@id\":\"https:\\\/\\\/iha-race.com\\\/de\\\/producto\\\/schnell-freigeben-magnetisch-furiousfpv-smart-power-gehause-platte\\\/#breadcrumb\",\"itemListElement\":[{\"@type\":\"ListItem\",\"position\":1,\"name\":\"Portada\",\"item\":\"https:\\\/\\\/iha-race.com\\\/de\\\/elementor-499\\\/\"},{\"@type\":\"ListItem\",\"position\":2,\"name\":\"Shop\",\"item\":\"https:\\\/\\\/iha-race.com\\\/de\\\/shop\\\/\"},{\"@type\":\"ListItem\",\"position\":3,\"name\":\"FuriousFPV magnetische Schnellwechselplatte f\u00fcr Smart Power Case\"}]},{\"@type\":\"WebSite\",\"@id\":\"https:\\\/\\\/iha-race.com\\\/de\\\/#website\",\"url\":\"https:\\\/\\\/iha-race.com\\\/de\\\/\",\"name\":\"Iha Race\",\"description\":\"Comprar drones de carreras FPV env\u00edos en un d\u00eda desde Espa\u00f1a\",\"publisher\":{\"@id\":\"https:\\\/\\\/iha-race.com\\\/de\\\/#organization\"},\"potentialAction\":[{\"@type\":\"SearchAction\",\"target\":{\"@type\":\"EntryPoint\",\"urlTemplate\":\"https:\\\/\\\/iha-race.com\\\/de\\\/?s={search_term_string}\"},\"query-input\":{\"@type\":\"PropertyValueSpecification\",\"valueRequired\":true,\"valueName\":\"search_term_string\"}}],\"inLanguage\":\"de\"},{\"@type\":\"Organization\",\"@id\":\"https:\\\/\\\/iha-race.com\\\/de\\\/#organization\",\"name\":\"Iha Race\",\"url\":\"https:\\\/\\\/iha-race.com\\\/de\\\/\",\"logo\":{\"@type\":\"ImageObject\",\"inLanguage\":\"de\",\"@id\":\"https:\\\/\\\/iha-race.com\\\/de\\\/#\\\/schema\\\/logo\\\/image\\\/\",\"url\":\"https:\\\/\\\/iha-race.com\\\/wp-content\\\/uploads\\\/2018\\\/07\\\/iha-race-drones-de-carreras-tienda-comprar-drones.png\",\"contentUrl\":\"https:\\\/\\\/iha-race.com\\\/wp-content\\\/uploads\\\/2018\\\/07\\\/iha-race-drones-de-carreras-tienda-comprar-drones.png\",\"width\":300,\"height\":100,\"caption\":\"Iha Race\"},\"image\":{\"@id\":\"https:\\\/\\\/iha-race.com\\\/de\\\/#\\\/schema\\\/logo\\\/image\\\/\"}}]}<\/script>\n<!-- \/ Yoast SEO plugin. -->","yoast_head_json":{"title":"FuriousFPV magnetische Schnellwechselplatte f\u00fcr Smart Power Case - Iha Race","robots":{"index":"index","follow":"follow","max-snippet":"max-snippet:-1","max-image-preview":"max-image-preview:large","max-video-preview":"max-video-preview:-1"},"canonical":"https:\/\/iha-race.com\/de\/producto\/schnell-freigeben-magnetisch-furiousfpv-smart-power-gehause-platte\/","og_locale":"de_DE","og_type":"article","og_title":"FuriousFPV magnetische Schnellwechselplatte f\u00fcr Smart Power Case - Iha Race","og_description":"Furious FPV Magnetische Schnellwechselplatte f\u00fcr Smart Power Case","og_url":"https:\/\/iha-race.com\/de\/producto\/schnell-freigeben-magnetisch-furiousfpv-smart-power-gehause-platte\/","og_site_name":"Iha Race","article_modified_time":"2024-08-29T14:16:39+00:00","og_image":[{"width":800,"height":800,"url":"https:\/\/iha-race.com\/wp-content\/uploads\/2019\/08\/placa-de-liberacion-rapida-magnetica-furiousfpv-para-smart-power-case-1.jpg","type":"image\/jpeg"}],"twitter_card":"summary_large_image","schema":{"@context":"https:\/\/schema.org","@graph":[{"@type":"WebPage","@id":"https:\/\/iha-race.com\/de\/producto\/schnell-freigeben-magnetisch-furiousfpv-smart-power-gehause-platte\/","url":"https:\/\/iha-race.com\/de\/producto\/schnell-freigeben-magnetisch-furiousfpv-smart-power-gehause-platte\/","name":"FuriousFPV magnetische Schnellwechselplatte f\u00fcr Smart Power Case - Iha Race","isPartOf":{"@id":"https:\/\/iha-race.com\/de\/#website"},"primaryImageOfPage":{"@id":"https:\/\/iha-race.com\/de\/producto\/schnell-freigeben-magnetisch-furiousfpv-smart-power-gehause-platte\/#primaryimage"},"image":{"@id":"https:\/\/iha-race.com\/de\/producto\/schnell-freigeben-magnetisch-furiousfpv-smart-power-gehause-platte\/#primaryimage"},"thumbnailUrl":"https:\/\/iha-race.com\/wp-content\/uploads\/2019\/08\/placa-de-liberacion-rapida-magnetica-furiousfpv-para-smart-power-case-1.jpg","datePublished":"2019-08-27T09:49:34+00:00","dateModified":"2024-08-29T14:16:39+00:00","breadcrumb":{"@id":"https:\/\/iha-race.com\/de\/producto\/schnell-freigeben-magnetisch-furiousfpv-smart-power-gehause-platte\/#breadcrumb"},"inLanguage":"de","potentialAction":[{"@type":"ReadAction","target":["https:\/\/iha-race.com\/de\/producto\/schnell-freigeben-magnetisch-furiousfpv-smart-power-gehause-platte\/"]}]},{"@type":"ImageObject","inLanguage":"de","@id":"https:\/\/iha-race.com\/de\/producto\/schnell-freigeben-magnetisch-furiousfpv-smart-power-gehause-platte\/#primaryimage","url":"https:\/\/iha-race.com\/wp-content\/uploads\/2019\/08\/placa-de-liberacion-rapida-magnetica-furiousfpv-para-smart-power-case-1.jpg","contentUrl":"https:\/\/iha-race.com\/wp-content\/uploads\/2019\/08\/placa-de-liberacion-rapida-magnetica-furiousfpv-para-smart-power-case-1.jpg","width":800,"height":800},{"@type":"BreadcrumbList","@id":"https:\/\/iha-race.com\/de\/producto\/schnell-freigeben-magnetisch-furiousfpv-smart-power-gehause-platte\/#breadcrumb","itemListElement":[{"@type":"ListItem","position":1,"name":"Portada","item":"https:\/\/iha-race.com\/de\/elementor-499\/"},{"@type":"ListItem","position":2,"name":"Shop","item":"https:\/\/iha-race.com\/de\/shop\/"},{"@type":"ListItem","position":3,"name":"FuriousFPV magnetische Schnellwechselplatte f\u00fcr Smart Power Case"}]},{"@type":"WebSite","@id":"https:\/\/iha-race.com\/de\/#website","url":"https:\/\/iha-race.com\/de\/","name":"Iha Race","description":"Comprar drones de carreras FPV env\u00edos en un d\u00eda desde Espa\u00f1a","publisher":{"@id":"https:\/\/iha-race.com\/de\/#organization"},"potentialAction":[{"@type":"SearchAction","target":{"@type":"EntryPoint","urlTemplate":"https:\/\/iha-race.com\/de\/?s={search_term_string}"},"query-input":{"@type":"PropertyValueSpecification","valueRequired":true,"valueName":"search_term_string"}}],"inLanguage":"de"},{"@type":"Organization","@id":"https:\/\/iha-race.com\/de\/#organization","name":"Iha Race","url":"https:\/\/iha-race.com\/de\/","logo":{"@type":"ImageObject","inLanguage":"de","@id":"https:\/\/iha-race.com\/de\/#\/schema\/logo\/image\/","url":"https:\/\/iha-race.com\/wp-content\/uploads\/2018\/07\/iha-race-drones-de-carreras-tienda-comprar-drones.png","contentUrl":"https:\/\/iha-race.com\/wp-content\/uploads\/2018\/07\/iha-race-drones-de-carreras-tienda-comprar-drones.png","width":300,"height":100,"caption":"Iha Race"},"image":{"@id":"https:\/\/iha-race.com\/de\/#\/schema\/logo\/image\/"}}]}},"brands":[],"_links":{"self":[{"href":"https:\/\/iha-race.com\/de\/wp-json\/wp\/v2\/product\/208118","targetHints":{"allow":["GET"]}}],"collection":[{"href":"https:\/\/iha-race.com\/de\/wp-json\/wp\/v2\/product"}],"about":[{"href":"https:\/\/iha-race.com\/de\/wp-json\/wp\/v2\/types\/product"}],"replies":[{"embeddable":true,"href":"https:\/\/iha-race.com\/de\/wp-json\/wp\/v2\/comments?post=208118"}],"version-history":[{"count":1,"href":"https:\/\/iha-race.com\/de\/wp-json\/wp\/v2\/product\/208118\/revisions"}],"predecessor-version":[{"id":211940,"href":"https:\/\/iha-race.com\/de\/wp-json\/wp\/v2\/product\/208118\/revisions\/211940"}],"wp:featuredmedia":[{"embeddable":true,"href":"https:\/\/iha-race.com\/de\/wp-json\/wp\/v2\/media\/124796"}],"wp:attachment":[{"href":"https:\/\/iha-race.com\/de\/wp-json\/wp\/v2\/media?parent=208118"}],"wp:term":[{"taxonomy":"pwb-brand","embeddable":true,"href":"https:\/\/iha-race.com\/de\/wp-json\/wp\/v2\/pwb-brand?post=208118"},{"taxonomy":"product_cat","embeddable":true,"href":"https:\/\/iha-race.com\/de\/wp-json\/wp\/v2\/product_cat?post=208118"},{"taxonomy":"product_tag","embeddable":true,"href":"https:\/\/iha-race.com\/de\/wp-json\/wp\/v2\/product_tag?post=208118"}],"curies":[{"name":"wp","href":"https:\/\/api.w.org\/{rel}","templated":true}]}}