{"id":208105,"date":"2019-09-18T20:50:06","date_gmt":"2019-09-18T18:50:06","guid":{"rendered":"https:\/\/iha-race.com\/producto\/tbs-fusion-v2-fatshark-goggle-modul\/"},"modified":"2024-08-29T16:16:19","modified_gmt":"2024-08-29T14:16:19","slug":"tbs-fusion-v2-modul-fur-brillen-fatshark","status":"publish","type":"product","link":"https:\/\/iha-race.com\/de\/producto\/tbs-fusion-v2-modul-fur-brillen-fatshark\/","title":{"rendered":"TBS Fusion V2 (Fatshark Goggle Modul)"},"content":{"rendered":"<h2>TBS-Fusion<\/h2>\n<p>  Verbessertes analoges Videoempfangsmodul mit OSD-Overlay und Crossfire-Anschlussm\u00f6glichkeit. Ein Zusammenschluss der Besten: Bildverarbeitung von BrainFPV, OSD und Benutzeroberfl\u00e4che von Achilles und Hardware von TBS. Wenn die kl\u00fcgsten K\u00f6pfe der FPV-Industrie zusammenarbeiten, reicht es nicht aus, der Beste bei der Zusammenf\u00fchrung von zwei analogen Videostreams zu sein! Durch die aktive Videofusion hat das sofort angezeigte Video weniger Unterbrechungen und eine gr\u00f6\u00dfere Reichweite, ohne Farbverschlechterung oder Video-Desynchronisation, wie sie oft am Empfangsrand auftreten. Eine hochmoderne OSD-Engine sorgt f\u00fcr modernste Interaktivit\u00e4t und reduziert gleichzeitig den Bedarf an On-Board-OSD. TBS Fusion steigert die Empfangsqualit\u00e4t und ebnet den Weg f\u00fcr eine systemweite Integration mit TBS Crossfire und anderen Ger\u00e4ten. Einfach ausgedr\u00fcckt: Das TBS Fusion hat eine gr\u00f6\u00dfere Reichweite, ein besseres Signal in Innenr\u00e4umen oder anderen kritischen Umgebungen und ist maximal kompatibel mit Ihrer Crossfire-Funkverbindung. Der Runden-Timer und der Zuschauermodus f\u00fcr Freestyle- oder Rennveranstaltungen sind ein zus\u00e4tzlicher Bonus!  <\/p>\n<h3>CROSSFIRE-INTEGRATION<\/h3>\n<p>  Die Crossfire-Integration, die sich derzeit im Alpha-Stadium befindet, verspricht ein nahtloses Benutzererlebnis f\u00fcr jeden FPV-Piloten. In der ersten Phase werden die VRx\/VTx-Kan\u00e4le synchronisiert und die CRSF-Ger\u00e4tekonfiguration kann \u00fcber die Brille ge\u00e4ndert werden (Crossfire, Unify Pro\/Pro32, kompatible Flugsteuerungen usw.). In der zweiten Phase wird die Interaktivit\u00e4t auf ein bisher unbekanntes Niveau angehoben. Spannende Zeiten liegen vor uns und in typischer TBS-Manier ist die Hardware bereits so konzipiert, dass sie mit zuk\u00fcnftigen Software-Upgrades und zuk\u00fcnftigen Produkten kompatibel ist.  <\/p>\n<h3>Spezifikation:<\/h3>\n<div id=\"product_text\">\n<ul>\n<li>Kompatibilit\u00e4t: Fatshark Dominator V1, V2, V3, HD1, HD2, HD3, HDO<\/li>\n<li>Externer Stromversorgungssatz: im Lieferumfang enthalten. Erforderlich f\u00fcr \u00e4ltere Brillen, die nicht genug Strom liefern, oder f\u00fcr die Konnektivit\u00e4t.<\/li>\n<li>RF-Empfindlichkeit: -96dBm<\/li>\n<li>Stromversorgung: 5V @ 340mA, 500mAh bei aktivierter Konnektivit\u00e4t<\/li>\n<li>Kompatibilit\u00e4t mit Fatshark Attitude: Das Kunststoffgeh\u00e4use der Brille muss zugeschnitten werden, damit sie passt.<\/li>\n<li>Upgrade mit: TBS Agent X V1.21 oder h\u00f6her<\/li>\n<li>Zusammenarbeit mit: BrainFPV (Video-Fusion), AchillesFPV (UI), TBS (Hardware)<\/li>\n<\/ul>\n<h3>EINSCHLIESSLICH<\/h3>\n<ul>\n<li>1 x TBS-Fusionsmodul<\/li>\n<li>1 x Abdeckung und Knopf (schwarz)<\/li>\n<li>1 x Power Mod PCB<\/li>\n<li>2 x Power Mod Flachbandkabel<\/li>\n<li>1 x SMA 90d Adapter<\/li>\n<\/ul>\n<\/div>\n<p>  https:\/\/youtu.be\/Qpt-KDVs65s <strong>Downloads:<\/strong><\/p>\n<ul>\n<li><a href=\"https:\/\/www.team-blacksheep.com\/tbs-fusion-manual.pdf\" target=\"_blank\" rel=\"noopener noreferrer\">TBS Fusion Handbuch<\/a><\/li>\n<li><a href=\"https:\/\/www.team-blacksheep.com\/tbs-cloud-activation.zip\">TBS Cloud &#8211; Wifi Firmware<\/a><\/li>\n<\/ul>\n<div id=\"product_text\"><\/div>\n","protected":false},"excerpt":{"rendered":"<p>TBS-Fusion Verbessertes analoges Videoempfangsmodul mit OSD-Overlay und Crossfire-Anschlussm\u00f6glichkeit. Ein Zusammenschluss der Besten: Bildverarbeitung von BrainFPV, OSD und Benutzeroberfl\u00e4che von Achilles und Hardware von TBS. Wenn die kl\u00fcgsten K\u00f6pfe der FPV-Industrie<\/p>\n","protected":false},"featured_media":124785,"comment_status":"open","ping_status":"closed","template":"","meta":{"_joinchat":[]},"pwb-brand":[],"product_cat":[2536,2906],"product_tag":[],"class_list":{"0":"post-208105","1":"product","2":"type-product","3":"status-publish","4":"has-post-thumbnail","6":"product_cat-fpv-schutzbrille","7":"product_cat-video-empfanger","9":"first","10":"outofstock","11":"taxable","12":"shipping-taxable","13":"purchasable","14":"product-type-simple"},"barcode":null,"atum_controlled":true,"out_stock_date":"2024-08-13 08:25:06","out_stock_threshold":null,"inheritable":false,"stock_on_hold":0,"sold_today":0,"sales_last_days":0,"out_stock_days":613,"lost_sales":14002,"update_date":"2026-04-18T20:30:55","atum_locations":[],"atum_stock_status":"outofstock","restock_status":false,"low_stock_amount":"","sales_update_date":"2026-04-18T20:30:55","calc_backorders":null,"yoast_head":"<!-- This site is optimized with the Yoast SEO plugin v27.3 - https:\/\/yoast.com\/product\/yoast-seo-wordpress\/ -->\n<title>TBS Fusion V2 (Fatshark Goggle Modul) - Iha Race<\/title>\n<meta name=\"robots\" content=\"index, follow, max-snippet:-1, max-image-preview:large, max-video-preview:-1\" \/>\n<link rel=\"canonical\" href=\"https:\/\/iha-race.com\/de\/producto\/tbs-fusion-v2-modul-fur-brillen-fatshark\/\" \/>\n<meta property=\"og:locale\" content=\"de_DE\" \/>\n<meta property=\"og:type\" content=\"article\" \/>\n<meta property=\"og:title\" content=\"TBS Fusion V2 (Fatshark Goggle Modul) - Iha Race\" \/>\n<meta property=\"og:description\" content=\"TBS-Fusion Verbessertes analoges Videoempfangsmodul mit OSD-Overlay und Crossfire-Anschlussm\u00f6glichkeit. Ein Zusammenschluss der Besten: Bildverarbeitung von BrainFPV, OSD und Benutzeroberfl\u00e4che von Achilles und Hardware von TBS. Wenn die kl\u00fcgsten K\u00f6pfe der FPV-Industrie\" \/>\n<meta property=\"og:url\" content=\"https:\/\/iha-race.com\/de\/producto\/tbs-fusion-v2-modul-fur-brillen-fatshark\/\" \/>\n<meta property=\"og:site_name\" content=\"Iha Race\" \/>\n<meta property=\"article:modified_time\" content=\"2024-08-29T14:16:19+00:00\" \/>\n<meta property=\"og:image\" content=\"https:\/\/iha-race.com\/wp-content\/uploads\/2019\/09\/tbs-fusion-1.jpg\" \/>\n\t<meta property=\"og:image:width\" content=\"800\" \/>\n\t<meta property=\"og:image:height\" content=\"800\" \/>\n\t<meta property=\"og:image:type\" content=\"image\/jpeg\" \/>\n<meta name=\"twitter:card\" content=\"summary_large_image\" \/>\n<meta name=\"twitter:label1\" content=\"Gesch\u00e4tzte Lesezeit\" \/>\n\t<meta name=\"twitter:data1\" content=\"2\u00a0Minuten\" \/>\n<script type=\"application\/ld+json\" class=\"yoast-schema-graph\">{\"@context\":\"https:\\\/\\\/schema.org\",\"@graph\":[{\"@type\":\"WebPage\",\"@id\":\"https:\\\/\\\/iha-race.com\\\/de\\\/producto\\\/tbs-fusion-v2-modul-fur-brillen-fatshark\\\/\",\"url\":\"https:\\\/\\\/iha-race.com\\\/de\\\/producto\\\/tbs-fusion-v2-modul-fur-brillen-fatshark\\\/\",\"name\":\"TBS Fusion V2 (Fatshark Goggle Modul) - Iha Race\",\"isPartOf\":{\"@id\":\"https:\\\/\\\/iha-race.com\\\/de\\\/#website\"},\"primaryImageOfPage\":{\"@id\":\"https:\\\/\\\/iha-race.com\\\/de\\\/producto\\\/tbs-fusion-v2-modul-fur-brillen-fatshark\\\/#primaryimage\"},\"image\":{\"@id\":\"https:\\\/\\\/iha-race.com\\\/de\\\/producto\\\/tbs-fusion-v2-modul-fur-brillen-fatshark\\\/#primaryimage\"},\"thumbnailUrl\":\"https:\\\/\\\/iha-race.com\\\/wp-content\\\/uploads\\\/2019\\\/09\\\/tbs-fusion-1.jpg\",\"datePublished\":\"2019-09-18T18:50:06+00:00\",\"dateModified\":\"2024-08-29T14:16:19+00:00\",\"breadcrumb\":{\"@id\":\"https:\\\/\\\/iha-race.com\\\/de\\\/producto\\\/tbs-fusion-v2-modul-fur-brillen-fatshark\\\/#breadcrumb\"},\"inLanguage\":\"de\",\"potentialAction\":[{\"@type\":\"ReadAction\",\"target\":[\"https:\\\/\\\/iha-race.com\\\/de\\\/producto\\\/tbs-fusion-v2-modul-fur-brillen-fatshark\\\/\"]}]},{\"@type\":\"ImageObject\",\"inLanguage\":\"de\",\"@id\":\"https:\\\/\\\/iha-race.com\\\/de\\\/producto\\\/tbs-fusion-v2-modul-fur-brillen-fatshark\\\/#primaryimage\",\"url\":\"https:\\\/\\\/iha-race.com\\\/wp-content\\\/uploads\\\/2019\\\/09\\\/tbs-fusion-1.jpg\",\"contentUrl\":\"https:\\\/\\\/iha-race.com\\\/wp-content\\\/uploads\\\/2019\\\/09\\\/tbs-fusion-1.jpg\",\"width\":800,\"height\":800},{\"@type\":\"BreadcrumbList\",\"@id\":\"https:\\\/\\\/iha-race.com\\\/de\\\/producto\\\/tbs-fusion-v2-modul-fur-brillen-fatshark\\\/#breadcrumb\",\"itemListElement\":[{\"@type\":\"ListItem\",\"position\":1,\"name\":\"Portada\",\"item\":\"https:\\\/\\\/iha-race.com\\\/de\\\/elementor-499\\\/\"},{\"@type\":\"ListItem\",\"position\":2,\"name\":\"Shop\",\"item\":\"https:\\\/\\\/iha-race.com\\\/de\\\/shop\\\/\"},{\"@type\":\"ListItem\",\"position\":3,\"name\":\"TBS Fusion V2 (Fatshark Goggle Modul)\"}]},{\"@type\":\"WebSite\",\"@id\":\"https:\\\/\\\/iha-race.com\\\/de\\\/#website\",\"url\":\"https:\\\/\\\/iha-race.com\\\/de\\\/\",\"name\":\"Iha Race\",\"description\":\"Comprar drones de carreras FPV env\u00edos en un d\u00eda desde Espa\u00f1a\",\"publisher\":{\"@id\":\"https:\\\/\\\/iha-race.com\\\/de\\\/#organization\"},\"potentialAction\":[{\"@type\":\"SearchAction\",\"target\":{\"@type\":\"EntryPoint\",\"urlTemplate\":\"https:\\\/\\\/iha-race.com\\\/de\\\/?s={search_term_string}\"},\"query-input\":{\"@type\":\"PropertyValueSpecification\",\"valueRequired\":true,\"valueName\":\"search_term_string\"}}],\"inLanguage\":\"de\"},{\"@type\":\"Organization\",\"@id\":\"https:\\\/\\\/iha-race.com\\\/de\\\/#organization\",\"name\":\"Iha Race\",\"url\":\"https:\\\/\\\/iha-race.com\\\/de\\\/\",\"logo\":{\"@type\":\"ImageObject\",\"inLanguage\":\"de\",\"@id\":\"https:\\\/\\\/iha-race.com\\\/de\\\/#\\\/schema\\\/logo\\\/image\\\/\",\"url\":\"https:\\\/\\\/iha-race.com\\\/wp-content\\\/uploads\\\/2018\\\/07\\\/iha-race-drones-de-carreras-tienda-comprar-drones.png\",\"contentUrl\":\"https:\\\/\\\/iha-race.com\\\/wp-content\\\/uploads\\\/2018\\\/07\\\/iha-race-drones-de-carreras-tienda-comprar-drones.png\",\"width\":300,\"height\":100,\"caption\":\"Iha Race\"},\"image\":{\"@id\":\"https:\\\/\\\/iha-race.com\\\/de\\\/#\\\/schema\\\/logo\\\/image\\\/\"}}]}<\/script>\n<!-- \/ Yoast SEO plugin. -->","yoast_head_json":{"title":"TBS Fusion V2 (Fatshark Goggle Modul) - Iha Race","robots":{"index":"index","follow":"follow","max-snippet":"max-snippet:-1","max-image-preview":"max-image-preview:large","max-video-preview":"max-video-preview:-1"},"canonical":"https:\/\/iha-race.com\/de\/producto\/tbs-fusion-v2-modul-fur-brillen-fatshark\/","og_locale":"de_DE","og_type":"article","og_title":"TBS Fusion V2 (Fatshark Goggle Modul) - Iha Race","og_description":"TBS-Fusion Verbessertes analoges Videoempfangsmodul mit OSD-Overlay und Crossfire-Anschlussm\u00f6glichkeit. Ein Zusammenschluss der Besten: Bildverarbeitung von BrainFPV, OSD und Benutzeroberfl\u00e4che von Achilles und Hardware von TBS. Wenn die kl\u00fcgsten K\u00f6pfe der FPV-Industrie","og_url":"https:\/\/iha-race.com\/de\/producto\/tbs-fusion-v2-modul-fur-brillen-fatshark\/","og_site_name":"Iha Race","article_modified_time":"2024-08-29T14:16:19+00:00","og_image":[{"width":800,"height":800,"url":"https:\/\/iha-race.com\/wp-content\/uploads\/2019\/09\/tbs-fusion-1.jpg","type":"image\/jpeg"}],"twitter_card":"summary_large_image","twitter_misc":{"Gesch\u00e4tzte Lesezeit":"2\u00a0Minuten"},"schema":{"@context":"https:\/\/schema.org","@graph":[{"@type":"WebPage","@id":"https:\/\/iha-race.com\/de\/producto\/tbs-fusion-v2-modul-fur-brillen-fatshark\/","url":"https:\/\/iha-race.com\/de\/producto\/tbs-fusion-v2-modul-fur-brillen-fatshark\/","name":"TBS Fusion V2 (Fatshark Goggle Modul) - Iha Race","isPartOf":{"@id":"https:\/\/iha-race.com\/de\/#website"},"primaryImageOfPage":{"@id":"https:\/\/iha-race.com\/de\/producto\/tbs-fusion-v2-modul-fur-brillen-fatshark\/#primaryimage"},"image":{"@id":"https:\/\/iha-race.com\/de\/producto\/tbs-fusion-v2-modul-fur-brillen-fatshark\/#primaryimage"},"thumbnailUrl":"https:\/\/iha-race.com\/wp-content\/uploads\/2019\/09\/tbs-fusion-1.jpg","datePublished":"2019-09-18T18:50:06+00:00","dateModified":"2024-08-29T14:16:19+00:00","breadcrumb":{"@id":"https:\/\/iha-race.com\/de\/producto\/tbs-fusion-v2-modul-fur-brillen-fatshark\/#breadcrumb"},"inLanguage":"de","potentialAction":[{"@type":"ReadAction","target":["https:\/\/iha-race.com\/de\/producto\/tbs-fusion-v2-modul-fur-brillen-fatshark\/"]}]},{"@type":"ImageObject","inLanguage":"de","@id":"https:\/\/iha-race.com\/de\/producto\/tbs-fusion-v2-modul-fur-brillen-fatshark\/#primaryimage","url":"https:\/\/iha-race.com\/wp-content\/uploads\/2019\/09\/tbs-fusion-1.jpg","contentUrl":"https:\/\/iha-race.com\/wp-content\/uploads\/2019\/09\/tbs-fusion-1.jpg","width":800,"height":800},{"@type":"BreadcrumbList","@id":"https:\/\/iha-race.com\/de\/producto\/tbs-fusion-v2-modul-fur-brillen-fatshark\/#breadcrumb","itemListElement":[{"@type":"ListItem","position":1,"name":"Portada","item":"https:\/\/iha-race.com\/de\/elementor-499\/"},{"@type":"ListItem","position":2,"name":"Shop","item":"https:\/\/iha-race.com\/de\/shop\/"},{"@type":"ListItem","position":3,"name":"TBS Fusion V2 (Fatshark Goggle Modul)"}]},{"@type":"WebSite","@id":"https:\/\/iha-race.com\/de\/#website","url":"https:\/\/iha-race.com\/de\/","name":"Iha Race","description":"Comprar drones de carreras FPV env\u00edos en un d\u00eda desde Espa\u00f1a","publisher":{"@id":"https:\/\/iha-race.com\/de\/#organization"},"potentialAction":[{"@type":"SearchAction","target":{"@type":"EntryPoint","urlTemplate":"https:\/\/iha-race.com\/de\/?s={search_term_string}"},"query-input":{"@type":"PropertyValueSpecification","valueRequired":true,"valueName":"search_term_string"}}],"inLanguage":"de"},{"@type":"Organization","@id":"https:\/\/iha-race.com\/de\/#organization","name":"Iha Race","url":"https:\/\/iha-race.com\/de\/","logo":{"@type":"ImageObject","inLanguage":"de","@id":"https:\/\/iha-race.com\/de\/#\/schema\/logo\/image\/","url":"https:\/\/iha-race.com\/wp-content\/uploads\/2018\/07\/iha-race-drones-de-carreras-tienda-comprar-drones.png","contentUrl":"https:\/\/iha-race.com\/wp-content\/uploads\/2018\/07\/iha-race-drones-de-carreras-tienda-comprar-drones.png","width":300,"height":100,"caption":"Iha Race"},"image":{"@id":"https:\/\/iha-race.com\/de\/#\/schema\/logo\/image\/"}}]}},"jetpack_sharing_enabled":true,"brands":[],"_links":{"self":[{"href":"https:\/\/iha-race.com\/de\/wp-json\/wp\/v2\/product\/208105","targetHints":{"allow":["GET"]}}],"collection":[{"href":"https:\/\/iha-race.com\/de\/wp-json\/wp\/v2\/product"}],"about":[{"href":"https:\/\/iha-race.com\/de\/wp-json\/wp\/v2\/types\/product"}],"replies":[{"embeddable":true,"href":"https:\/\/iha-race.com\/de\/wp-json\/wp\/v2\/comments?post=208105"}],"version-history":[{"count":2,"href":"https:\/\/iha-race.com\/de\/wp-json\/wp\/v2\/product\/208105\/revisions"}],"predecessor-version":[{"id":250128,"href":"https:\/\/iha-race.com\/de\/wp-json\/wp\/v2\/product\/208105\/revisions\/250128"}],"wp:featuredmedia":[{"embeddable":true,"href":"https:\/\/iha-race.com\/de\/wp-json\/wp\/v2\/media\/124785"}],"wp:attachment":[{"href":"https:\/\/iha-race.com\/de\/wp-json\/wp\/v2\/media?parent=208105"}],"wp:term":[{"taxonomy":"pwb-brand","embeddable":true,"href":"https:\/\/iha-race.com\/de\/wp-json\/wp\/v2\/pwb-brand?post=208105"},{"taxonomy":"product_cat","embeddable":true,"href":"https:\/\/iha-race.com\/de\/wp-json\/wp\/v2\/product_cat?post=208105"},{"taxonomy":"product_tag","embeddable":true,"href":"https:\/\/iha-race.com\/de\/wp-json\/wp\/v2\/product_tag?post=208105"}],"curies":[{"name":"wp","href":"https:\/\/api.w.org\/{rel}","templated":true}]}}