{"id":208076,"date":"2021-03-17T05:44:28","date_gmt":"2021-03-17T04:44:28","guid":{"rendered":"https:\/\/iha-race.com\/producto\/fat-shark-attitude-v6-fpv-brille\/"},"modified":"2024-08-29T12:31:23","modified_gmt":"2024-08-29T10:31:23","slug":"brille-fpv-fett-hai-einstellung-v6","status":"publish","type":"product","link":"https:\/\/iha-race.com\/de\/producto\/brille-fpv-fett-hai-einstellung-v6\/","title":{"rendered":"Fat Shark Attitude V6 FPV-Brille"},"content":{"rendered":"<h2>Fat Shark Attitude V6 FPV-Brille<\/h2>\n<p>  Die neue Fat Shark Attitude V6 setzt auf hohe Aufl\u00f6sung mit 1280 x 960 LCOS-Panels und verstellbaren Dioptrien. Zus\u00e4tzlich zum 39-Grad-Sichtfeld verf\u00fcgt die Attitude V6 \u00fcber ein w\u00e4hlbares Bildverh\u00e4ltnis, ein erweitertes Display-Steuerungsmen\u00fc und eine konfigurierbare Einschalttaste. Der Attitude V6 wird mit analogen Diversity-Empf\u00e4ngern ausgeliefert und ist vollst\u00e4ndig kompatibel mit dem Shark Byte HD-Modul, was Ihr FPV-Erlebnis zukunftssicher macht!  <\/p>\n<div id=\"product_text\">\n<div id=\"product_text\">\n<h2>Produktspezifikationen:<\/h2>\n<h4>OPTICS:<\/h4>\n<ul>\n<li>FOV (Sichtfeld): 39 Grad diagonal<\/li>\n<li>IPD (Interpupillarer Abstand): 54 bis 74 mm (einstellbar)<\/li>\n<li>Fokus: +2 bis -6 Dioptrien (einstellbar)<\/li>\n<\/ul>\n<h4>MONITOR:<\/h4>\n<ul>\n<li>Zwei 0,4&#8243;-LCOS-B\u00fcrgerdisplays<\/li>\n<li>Aufl\u00f6sung 1280 X 960<\/li>\n<li>Automatische Auswahl NTCS \/ PAL<\/li>\n<li>AV-Modus 4: 3<\/li>\n<li>AV-Modus 16: 9<\/li>\n<li>HDMI 16:9 Modus<\/li>\n<\/ul>\n<h4>AUDIO:<\/h4>\n<ul>\n<li>Stereo<\/li>\n<\/ul>\n<h4>BENUTZER-KONTROLLEN:<\/h4>\n<ul>\n<li>Kanalauswahl<\/li>\n<li>Lautst\u00e4rkeregler<\/li>\n<li>Auswahl des Modus<\/li>\n<li>Display-Steuerung (Helligkeit und Kontrast)<\/li>\n<li>DVR-Steuerung<\/li>\n<li>Netzschalter \/ L\u00fcftersteuerung<\/li>\n<\/ul>\n<h4>ELEKTRISCH:<\/h4>\n<ul>\n<li>Spannungsversorgung: Eingangsspannung 7 &#8211; 13V (2S &#8211; 3S Versorgung)<\/li>\n<li>Stromverbrauch: 320 mA bei 7,5 V Eingangsspannung (ohne RX-Modul)<\/li>\n<li>Analoger DVR: MicroSD-Unterst\u00fctzung bis zu 32 GB<\/li>\n<li>Aufnahmegeschwindigkeit: 6 Mbps (MJPG-Kompression, 30 fps, AVI)<\/li>\n<li>Dateiwiedergabe (native Aufnahme, keine Codec-Unterst\u00fctzung)<\/li>\n<li>Aufr\u00fcstbar \u00fcber SD-Karte<\/li>\n<\/ul>\n<h4>BATTERIE:<\/h4>\n<ul>\n<li>7,4 V, 1,8 A 18650 Akku-Box<\/li>\n<\/ul>\n<h4>INTERFACE:<\/h4>\n<ul>\n<li>3,5 mm AV-Eingang\/Ausgang<\/li>\n<li>Anschluss f\u00fcr die Stromversorgung<\/li>\n<li>3,5 mm 3p-Kopfh\u00f6reranschluss<\/li>\n<li>MicroSD<\/li>\n<li>RF-Modulschacht<\/li>\n<li>HT-Stecker 3-polige interne Verbindung<\/li>\n<li>Einschalttaste<\/li>\n<\/ul>\n<h4><a href=\"https:\/\/www.fatshark.com\/wp-content\/uploads\/2021\/01\/fatshark-attitude-v6-manual.pdf\"><span style=\"color: #ff0000;\">MANUELL<\/span><\/a><\/h4>\n<h2>Das Paket enth\u00e4lt:<\/h2>\n<ul>\n<li>1 x Fat Shark Attitude V6 FPV-Brille<\/li>\n<li>1 x Tragetasche<\/li>\n<li>1 x 18650 Batteriegeh\u00e4use f\u00fcr Kopfh\u00f6rer (Batterien nicht enthalten)<\/li>\n<li>1 x OLED True Diversity-Empf\u00e4nger bereits im Headset installiert<\/li>\n<li>2 x Patch-Antennen<\/li>\n<\/ul>\n<\/div>\n<\/div>\n","protected":false},"excerpt":{"rendered":"<p>Fat Shark Attitude V6 FPV-Brille Die neue Fat Shark Attitude V6 setzt auf hohe Aufl\u00f6sung mit 1280 x 960 LCOS-Panels und verstellbaren Dioptrien. Zus\u00e4tzlich zum 39-Grad-Sichtfeld verf\u00fcgt die Attitude V6<\/p>\n","protected":false},"featured_media":125514,"comment_status":"open","ping_status":"closed","template":"","meta":{"_joinchat":[]},"pwb-brand":[],"product_cat":[2597,2536],"product_tag":[2524],"class_list":{"0":"post-208076","1":"product","2":"type-product","3":"status-publish","4":"has-post-thumbnail","6":"product_cat-brillen-und-monitore","7":"product_cat-fpv-schutzbrille","8":"product_tag-marz","10":"first","11":"outofstock","12":"taxable","13":"shipping-taxable","14":"purchasable","15":"product-type-simple"},"barcode":null,"atum_controlled":true,"out_stock_date":"2022-01-26 21:02:34","out_stock_threshold":null,"inheritable":false,"stock_on_hold":0,"sold_today":0,"sales_last_days":0,"out_stock_days":1551,"lost_sales":0,"update_date":"2026-04-27T19:56:08","atum_locations":[],"atum_stock_status":"outofstock","restock_status":false,"low_stock_amount":"","sales_update_date":"2026-04-27T19:56:08","calc_backorders":null,"yoast_head":"<!-- This site is optimized with the Yoast SEO plugin v27.3 - https:\/\/yoast.com\/product\/yoast-seo-wordpress\/ -->\n<title>Fat Shark Attitude V6 FPV-Brille - Iha Race<\/title>\n<meta name=\"robots\" content=\"index, follow, max-snippet:-1, max-image-preview:large, max-video-preview:-1\" \/>\n<link rel=\"canonical\" href=\"https:\/\/iha-race.com\/de\/producto\/brille-fpv-fett-hai-einstellung-v6\/\" \/>\n<meta property=\"og:locale\" content=\"de_DE\" \/>\n<meta property=\"og:type\" content=\"article\" \/>\n<meta property=\"og:title\" content=\"Fat Shark Attitude V6 FPV-Brille - Iha Race\" \/>\n<meta property=\"og:description\" content=\"Fat Shark Attitude V6 FPV-Brille Die neue Fat Shark Attitude V6 setzt auf hohe Aufl\u00f6sung mit 1280 x 960 LCOS-Panels und verstellbaren Dioptrien. Zus\u00e4tzlich zum 39-Grad-Sichtfeld verf\u00fcgt die Attitude V6\" \/>\n<meta property=\"og:url\" content=\"https:\/\/iha-race.com\/de\/producto\/brille-fpv-fett-hai-einstellung-v6\/\" \/>\n<meta property=\"og:site_name\" content=\"Iha Race\" \/>\n<meta property=\"article:modified_time\" content=\"2024-08-29T10:31:23+00:00\" \/>\n<meta property=\"og:image\" content=\"https:\/\/iha-race.com\/wp-content\/uploads\/2019\/08\/Gafas-FPV-Fat-Shark-Attitude-V6.jpg\" \/>\n\t<meta property=\"og:image:width\" content=\"800\" \/>\n\t<meta property=\"og:image:height\" content=\"800\" \/>\n\t<meta property=\"og:image:type\" content=\"image\/jpeg\" \/>\n<meta name=\"twitter:card\" content=\"summary_large_image\" \/>\n<meta name=\"twitter:label1\" content=\"Gesch\u00e4tzte Lesezeit\" \/>\n\t<meta name=\"twitter:data1\" content=\"1\u00a0Minute\" \/>\n<script type=\"application\/ld+json\" class=\"yoast-schema-graph\">{\"@context\":\"https:\\\/\\\/schema.org\",\"@graph\":[{\"@type\":\"WebPage\",\"@id\":\"https:\\\/\\\/iha-race.com\\\/de\\\/producto\\\/brille-fpv-fett-hai-einstellung-v6\\\/\",\"url\":\"https:\\\/\\\/iha-race.com\\\/de\\\/producto\\\/brille-fpv-fett-hai-einstellung-v6\\\/\",\"name\":\"Fat Shark Attitude V6 FPV-Brille - Iha Race\",\"isPartOf\":{\"@id\":\"https:\\\/\\\/iha-race.com\\\/de\\\/#website\"},\"primaryImageOfPage\":{\"@id\":\"https:\\\/\\\/iha-race.com\\\/de\\\/producto\\\/brille-fpv-fett-hai-einstellung-v6\\\/#primaryimage\"},\"image\":{\"@id\":\"https:\\\/\\\/iha-race.com\\\/de\\\/producto\\\/brille-fpv-fett-hai-einstellung-v6\\\/#primaryimage\"},\"thumbnailUrl\":\"https:\\\/\\\/iha-race.com\\\/wp-content\\\/uploads\\\/2019\\\/08\\\/Gafas-FPV-Fat-Shark-Attitude-V6.jpg\",\"datePublished\":\"2021-03-17T04:44:28+00:00\",\"dateModified\":\"2024-08-29T10:31:23+00:00\",\"breadcrumb\":{\"@id\":\"https:\\\/\\\/iha-race.com\\\/de\\\/producto\\\/brille-fpv-fett-hai-einstellung-v6\\\/#breadcrumb\"},\"inLanguage\":\"de\",\"potentialAction\":[{\"@type\":\"ReadAction\",\"target\":[\"https:\\\/\\\/iha-race.com\\\/de\\\/producto\\\/brille-fpv-fett-hai-einstellung-v6\\\/\"]}]},{\"@type\":\"ImageObject\",\"inLanguage\":\"de\",\"@id\":\"https:\\\/\\\/iha-race.com\\\/de\\\/producto\\\/brille-fpv-fett-hai-einstellung-v6\\\/#primaryimage\",\"url\":\"https:\\\/\\\/iha-race.com\\\/wp-content\\\/uploads\\\/2019\\\/08\\\/Gafas-FPV-Fat-Shark-Attitude-V6.jpg\",\"contentUrl\":\"https:\\\/\\\/iha-race.com\\\/wp-content\\\/uploads\\\/2019\\\/08\\\/Gafas-FPV-Fat-Shark-Attitude-V6.jpg\",\"width\":800,\"height\":800},{\"@type\":\"BreadcrumbList\",\"@id\":\"https:\\\/\\\/iha-race.com\\\/de\\\/producto\\\/brille-fpv-fett-hai-einstellung-v6\\\/#breadcrumb\",\"itemListElement\":[{\"@type\":\"ListItem\",\"position\":1,\"name\":\"Portada\",\"item\":\"https:\\\/\\\/iha-race.com\\\/de\\\/elementor-499\\\/\"},{\"@type\":\"ListItem\",\"position\":2,\"name\":\"Shop\",\"item\":\"https:\\\/\\\/iha-race.com\\\/de\\\/shop\\\/\"},{\"@type\":\"ListItem\",\"position\":3,\"name\":\"Fat Shark Attitude V6 FPV-Brille\"}]},{\"@type\":\"WebSite\",\"@id\":\"https:\\\/\\\/iha-race.com\\\/de\\\/#website\",\"url\":\"https:\\\/\\\/iha-race.com\\\/de\\\/\",\"name\":\"Iha Race\",\"description\":\"Comprar drones de carreras FPV env\u00edos en un d\u00eda desde Espa\u00f1a\",\"publisher\":{\"@id\":\"https:\\\/\\\/iha-race.com\\\/de\\\/#organization\"},\"potentialAction\":[{\"@type\":\"SearchAction\",\"target\":{\"@type\":\"EntryPoint\",\"urlTemplate\":\"https:\\\/\\\/iha-race.com\\\/de\\\/?s={search_term_string}\"},\"query-input\":{\"@type\":\"PropertyValueSpecification\",\"valueRequired\":true,\"valueName\":\"search_term_string\"}}],\"inLanguage\":\"de\"},{\"@type\":\"Organization\",\"@id\":\"https:\\\/\\\/iha-race.com\\\/de\\\/#organization\",\"name\":\"Iha Race\",\"url\":\"https:\\\/\\\/iha-race.com\\\/de\\\/\",\"logo\":{\"@type\":\"ImageObject\",\"inLanguage\":\"de\",\"@id\":\"https:\\\/\\\/iha-race.com\\\/de\\\/#\\\/schema\\\/logo\\\/image\\\/\",\"url\":\"https:\\\/\\\/iha-race.com\\\/wp-content\\\/uploads\\\/2018\\\/07\\\/iha-race-drones-de-carreras-tienda-comprar-drones.png\",\"contentUrl\":\"https:\\\/\\\/iha-race.com\\\/wp-content\\\/uploads\\\/2018\\\/07\\\/iha-race-drones-de-carreras-tienda-comprar-drones.png\",\"width\":300,\"height\":100,\"caption\":\"Iha Race\"},\"image\":{\"@id\":\"https:\\\/\\\/iha-race.com\\\/de\\\/#\\\/schema\\\/logo\\\/image\\\/\"}}]}<\/script>\n<!-- \/ Yoast SEO plugin. -->","yoast_head_json":{"title":"Fat Shark Attitude V6 FPV-Brille - Iha Race","robots":{"index":"index","follow":"follow","max-snippet":"max-snippet:-1","max-image-preview":"max-image-preview:large","max-video-preview":"max-video-preview:-1"},"canonical":"https:\/\/iha-race.com\/de\/producto\/brille-fpv-fett-hai-einstellung-v6\/","og_locale":"de_DE","og_type":"article","og_title":"Fat Shark Attitude V6 FPV-Brille - Iha Race","og_description":"Fat Shark Attitude V6 FPV-Brille Die neue Fat Shark Attitude V6 setzt auf hohe Aufl\u00f6sung mit 1280 x 960 LCOS-Panels und verstellbaren Dioptrien. Zus\u00e4tzlich zum 39-Grad-Sichtfeld verf\u00fcgt die Attitude V6","og_url":"https:\/\/iha-race.com\/de\/producto\/brille-fpv-fett-hai-einstellung-v6\/","og_site_name":"Iha Race","article_modified_time":"2024-08-29T10:31:23+00:00","og_image":[{"width":800,"height":800,"url":"https:\/\/iha-race.com\/wp-content\/uploads\/2019\/08\/Gafas-FPV-Fat-Shark-Attitude-V6.jpg","type":"image\/jpeg"}],"twitter_card":"summary_large_image","twitter_misc":{"Gesch\u00e4tzte Lesezeit":"1\u00a0Minute"},"schema":{"@context":"https:\/\/schema.org","@graph":[{"@type":"WebPage","@id":"https:\/\/iha-race.com\/de\/producto\/brille-fpv-fett-hai-einstellung-v6\/","url":"https:\/\/iha-race.com\/de\/producto\/brille-fpv-fett-hai-einstellung-v6\/","name":"Fat Shark Attitude V6 FPV-Brille - Iha Race","isPartOf":{"@id":"https:\/\/iha-race.com\/de\/#website"},"primaryImageOfPage":{"@id":"https:\/\/iha-race.com\/de\/producto\/brille-fpv-fett-hai-einstellung-v6\/#primaryimage"},"image":{"@id":"https:\/\/iha-race.com\/de\/producto\/brille-fpv-fett-hai-einstellung-v6\/#primaryimage"},"thumbnailUrl":"https:\/\/iha-race.com\/wp-content\/uploads\/2019\/08\/Gafas-FPV-Fat-Shark-Attitude-V6.jpg","datePublished":"2021-03-17T04:44:28+00:00","dateModified":"2024-08-29T10:31:23+00:00","breadcrumb":{"@id":"https:\/\/iha-race.com\/de\/producto\/brille-fpv-fett-hai-einstellung-v6\/#breadcrumb"},"inLanguage":"de","potentialAction":[{"@type":"ReadAction","target":["https:\/\/iha-race.com\/de\/producto\/brille-fpv-fett-hai-einstellung-v6\/"]}]},{"@type":"ImageObject","inLanguage":"de","@id":"https:\/\/iha-race.com\/de\/producto\/brille-fpv-fett-hai-einstellung-v6\/#primaryimage","url":"https:\/\/iha-race.com\/wp-content\/uploads\/2019\/08\/Gafas-FPV-Fat-Shark-Attitude-V6.jpg","contentUrl":"https:\/\/iha-race.com\/wp-content\/uploads\/2019\/08\/Gafas-FPV-Fat-Shark-Attitude-V6.jpg","width":800,"height":800},{"@type":"BreadcrumbList","@id":"https:\/\/iha-race.com\/de\/producto\/brille-fpv-fett-hai-einstellung-v6\/#breadcrumb","itemListElement":[{"@type":"ListItem","position":1,"name":"Portada","item":"https:\/\/iha-race.com\/de\/elementor-499\/"},{"@type":"ListItem","position":2,"name":"Shop","item":"https:\/\/iha-race.com\/de\/shop\/"},{"@type":"ListItem","position":3,"name":"Fat Shark Attitude V6 FPV-Brille"}]},{"@type":"WebSite","@id":"https:\/\/iha-race.com\/de\/#website","url":"https:\/\/iha-race.com\/de\/","name":"Iha Race","description":"Comprar drones de carreras FPV env\u00edos en un d\u00eda desde Espa\u00f1a","publisher":{"@id":"https:\/\/iha-race.com\/de\/#organization"},"potentialAction":[{"@type":"SearchAction","target":{"@type":"EntryPoint","urlTemplate":"https:\/\/iha-race.com\/de\/?s={search_term_string}"},"query-input":{"@type":"PropertyValueSpecification","valueRequired":true,"valueName":"search_term_string"}}],"inLanguage":"de"},{"@type":"Organization","@id":"https:\/\/iha-race.com\/de\/#organization","name":"Iha Race","url":"https:\/\/iha-race.com\/de\/","logo":{"@type":"ImageObject","inLanguage":"de","@id":"https:\/\/iha-race.com\/de\/#\/schema\/logo\/image\/","url":"https:\/\/iha-race.com\/wp-content\/uploads\/2018\/07\/iha-race-drones-de-carreras-tienda-comprar-drones.png","contentUrl":"https:\/\/iha-race.com\/wp-content\/uploads\/2018\/07\/iha-race-drones-de-carreras-tienda-comprar-drones.png","width":300,"height":100,"caption":"Iha Race"},"image":{"@id":"https:\/\/iha-race.com\/de\/#\/schema\/logo\/image\/"}}]}},"jetpack_sharing_enabled":true,"brands":[],"_links":{"self":[{"href":"https:\/\/iha-race.com\/de\/wp-json\/wp\/v2\/product\/208076","targetHints":{"allow":["GET"]}}],"collection":[{"href":"https:\/\/iha-race.com\/de\/wp-json\/wp\/v2\/product"}],"about":[{"href":"https:\/\/iha-race.com\/de\/wp-json\/wp\/v2\/types\/product"}],"replies":[{"embeddable":true,"href":"https:\/\/iha-race.com\/de\/wp-json\/wp\/v2\/comments?post=208076"}],"version-history":[{"count":1,"href":"https:\/\/iha-race.com\/de\/wp-json\/wp\/v2\/product\/208076\/revisions"}],"predecessor-version":[{"id":249596,"href":"https:\/\/iha-race.com\/de\/wp-json\/wp\/v2\/product\/208076\/revisions\/249596"}],"wp:featuredmedia":[{"embeddable":true,"href":"https:\/\/iha-race.com\/de\/wp-json\/wp\/v2\/media\/125514"}],"wp:attachment":[{"href":"https:\/\/iha-race.com\/de\/wp-json\/wp\/v2\/media?parent=208076"}],"wp:term":[{"taxonomy":"pwb-brand","embeddable":true,"href":"https:\/\/iha-race.com\/de\/wp-json\/wp\/v2\/pwb-brand?post=208076"},{"taxonomy":"product_cat","embeddable":true,"href":"https:\/\/iha-race.com\/de\/wp-json\/wp\/v2\/product_cat?post=208076"},{"taxonomy":"product_tag","embeddable":true,"href":"https:\/\/iha-race.com\/de\/wp-json\/wp\/v2\/product_tag?post=208076"}],"curies":[{"name":"wp","href":"https:\/\/api.w.org\/{rel}","templated":true}]}}