{"id":208043,"date":"2019-06-04T11:16:46","date_gmt":"2019-06-04T09:16:46","guid":{"rendered":"https:\/\/iha-race.com\/producto\/tbs-aerum-polarx-5g8-antenne\/"},"modified":"2024-08-29T16:19:36","modified_gmt":"2024-08-29T14:19:36","slug":"tbs-antenne-aerum-polarx-5g8","status":"publish","type":"product","link":"https:\/\/iha-race.com\/de\/producto\/tbs-antenne-aerum-polarx-5g8\/","title":{"rendered":"TBS Aerum PolarX 5G8 Antenne"},"content":{"rendered":"<h2>TBS Aerum PolarX 5G8 Antenne<\/h2>\n<p>  Kreuzpolarisierte (dualpolarisierte) MIMO-Empfangsantenne f\u00fcr Diversity-Brillenmodule. Sie kann auf Brillenmodule montiert werden und funktioniert wie zwei lineare Antennen, die immer perfekt ausgerichtet sind! Geringe Gr\u00f6\u00dfe und geringes Gewicht bei nahezu perfektem omnidirektionalem Empfang.  <\/p>\n<h3>Spezifikation:<\/h3>\n<ul>\n<li>Patentierte PCB-Antenne<\/li>\n<li>Integrierter Filter<\/li>\n<li>Nahezu perfektes kreuzpolarisiertes Empfangsmuster<\/li>\n<li>Zwei Antennen in einer<\/li>\n<li>Abmessungen: 35x35x1 mm.<\/li>\n<li>Gewicht: 3,8 g<\/li>\n<\/ul>\n<h3>FPV-ANTENNEN AUF EINER PLATINE!<\/h3>\n<p>  Mit der PCB-Technologie ist es m\u00f6glich, reproduzierbarere und feinere Strukturen mit engeren Toleranzen zu entwerfen. Das FR4-Material ist sto\u00dffest und leicht. Die flache Struktur macht es fast ohne Luftwiderstand, wenn es in Flugrichtung montiert wird!  <\/p>\n<ul>\n<li><a href=\"https:\/\/www.thingiverse.com\/thing:3258596\" target=\"_blank\" rel=\"noopener noreferrer\">Download 3D-druckbare Halterungen<\/a><\/li>\n<\/ul>\n<h3>\u00dcBER AERUM POLAR<\/h3>\n<p>  Patentierte MIMO-Antennen. Aerodynamisch und leicht. Aerum Polar ist eine neue Art von PCB-Antenne, die in Deutschland f\u00fcr die Automobilindustrie entwickelt wurde. Zusammen mit TBS wurden die Antennen f\u00fcr den FPV-Markt geeignet. https:\/\/youtu.be\/kaFqJolIMeM<\/p>\n","protected":false},"excerpt":{"rendered":"<p>TBS Aerum PolarX 5G8 Antenne Kreuzpolarisierte (dualpolarisierte) MIMO-Empfangsantenne f\u00fcr Diversity-Brillenmodule. Sie kann auf Brillenmodule montiert werden und funktioniert wie zwei lineare Antennen, die immer perfekt ausgerichtet sind! Geringe Gr\u00f6\u00dfe und<\/p>\n","protected":false},"featured_media":124538,"comment_status":"open","ping_status":"closed","template":"","meta":{"_joinchat":[]},"pwb-brand":[],"product_cat":[2589],"product_tag":[],"class_list":{"0":"post-208043","1":"product","2":"type-product","3":"status-publish","4":"has-post-thumbnail","6":"product_cat-fpv-antennen","8":"first","9":"instock","10":"taxable","11":"shipping-taxable","12":"purchasable","13":"product-type-simple"},"barcode":null,"atum_controlled":true,"out_stock_date":null,"out_stock_threshold":null,"inheritable":false,"stock_on_hold":0,"sold_today":0,"sales_last_days":0,"out_stock_days":0,"lost_sales":0,"update_date":"2026-04-18T20:30:54","atum_locations":[],"atum_stock_status":"instock","restock_status":false,"low_stock_amount":"","sales_update_date":"2026-04-18T20:30:54","calc_backorders":null,"yoast_head":"<!-- This site is optimized with the Yoast SEO plugin v27.3 - https:\/\/yoast.com\/product\/yoast-seo-wordpress\/ -->\n<title>TBS Aerum PolarX 5G8 Antenne - Iha Race<\/title>\n<meta name=\"robots\" content=\"index, follow, max-snippet:-1, max-image-preview:large, max-video-preview:-1\" \/>\n<link rel=\"canonical\" href=\"https:\/\/iha-race.com\/de\/producto\/tbs-antenne-aerum-polarx-5g8\/\" \/>\n<meta property=\"og:locale\" content=\"de_DE\" \/>\n<meta property=\"og:type\" content=\"article\" \/>\n<meta property=\"og:title\" content=\"TBS Aerum PolarX 5G8 Antenne - Iha Race\" \/>\n<meta property=\"og:description\" content=\"TBS Aerum PolarX 5G8 Antenne Kreuzpolarisierte (dualpolarisierte) MIMO-Empfangsantenne f\u00fcr Diversity-Brillenmodule. Sie kann auf Brillenmodule montiert werden und funktioniert wie zwei lineare Antennen, die immer perfekt ausgerichtet sind! Geringe Gr\u00f6\u00dfe und\" \/>\n<meta property=\"og:url\" content=\"https:\/\/iha-race.com\/de\/producto\/tbs-antenne-aerum-polarx-5g8\/\" \/>\n<meta property=\"og:site_name\" content=\"Iha Race\" \/>\n<meta property=\"article:modified_time\" content=\"2024-08-29T14:19:36+00:00\" \/>\n<meta property=\"og:image\" content=\"https:\/\/iha-race.com\/wp-content\/uploads\/2019\/06\/tbs-antena-aerum-polarx-5g8-1.jpg\" \/>\n\t<meta property=\"og:image:width\" content=\"800\" \/>\n\t<meta property=\"og:image:height\" content=\"800\" \/>\n\t<meta property=\"og:image:type\" content=\"image\/jpeg\" \/>\n<meta name=\"twitter:card\" content=\"summary_large_image\" \/>\n<meta name=\"twitter:label1\" content=\"Gesch\u00e4tzte Lesezeit\" \/>\n\t<meta name=\"twitter:data1\" content=\"1\u00a0Minute\" \/>\n<script type=\"application\/ld+json\" class=\"yoast-schema-graph\">{\"@context\":\"https:\\\/\\\/schema.org\",\"@graph\":[{\"@type\":\"WebPage\",\"@id\":\"https:\\\/\\\/iha-race.com\\\/de\\\/producto\\\/tbs-antenne-aerum-polarx-5g8\\\/\",\"url\":\"https:\\\/\\\/iha-race.com\\\/de\\\/producto\\\/tbs-antenne-aerum-polarx-5g8\\\/\",\"name\":\"TBS Aerum PolarX 5G8 Antenne - Iha Race\",\"isPartOf\":{\"@id\":\"https:\\\/\\\/iha-race.com\\\/de\\\/#website\"},\"primaryImageOfPage\":{\"@id\":\"https:\\\/\\\/iha-race.com\\\/de\\\/producto\\\/tbs-antenne-aerum-polarx-5g8\\\/#primaryimage\"},\"image\":{\"@id\":\"https:\\\/\\\/iha-race.com\\\/de\\\/producto\\\/tbs-antenne-aerum-polarx-5g8\\\/#primaryimage\"},\"thumbnailUrl\":\"https:\\\/\\\/iha-race.com\\\/wp-content\\\/uploads\\\/2019\\\/06\\\/tbs-antena-aerum-polarx-5g8-1.jpg\",\"datePublished\":\"2019-06-04T09:16:46+00:00\",\"dateModified\":\"2024-08-29T14:19:36+00:00\",\"breadcrumb\":{\"@id\":\"https:\\\/\\\/iha-race.com\\\/de\\\/producto\\\/tbs-antenne-aerum-polarx-5g8\\\/#breadcrumb\"},\"inLanguage\":\"de\",\"potentialAction\":[{\"@type\":\"ReadAction\",\"target\":[\"https:\\\/\\\/iha-race.com\\\/de\\\/producto\\\/tbs-antenne-aerum-polarx-5g8\\\/\"]}]},{\"@type\":\"ImageObject\",\"inLanguage\":\"de\",\"@id\":\"https:\\\/\\\/iha-race.com\\\/de\\\/producto\\\/tbs-antenne-aerum-polarx-5g8\\\/#primaryimage\",\"url\":\"https:\\\/\\\/iha-race.com\\\/wp-content\\\/uploads\\\/2019\\\/06\\\/tbs-antena-aerum-polarx-5g8-1.jpg\",\"contentUrl\":\"https:\\\/\\\/iha-race.com\\\/wp-content\\\/uploads\\\/2019\\\/06\\\/tbs-antena-aerum-polarx-5g8-1.jpg\",\"width\":800,\"height\":800},{\"@type\":\"BreadcrumbList\",\"@id\":\"https:\\\/\\\/iha-race.com\\\/de\\\/producto\\\/tbs-antenne-aerum-polarx-5g8\\\/#breadcrumb\",\"itemListElement\":[{\"@type\":\"ListItem\",\"position\":1,\"name\":\"Portada\",\"item\":\"https:\\\/\\\/iha-race.com\\\/de\\\/elementor-499\\\/\"},{\"@type\":\"ListItem\",\"position\":2,\"name\":\"Shop\",\"item\":\"https:\\\/\\\/iha-race.com\\\/de\\\/shop\\\/\"},{\"@type\":\"ListItem\",\"position\":3,\"name\":\"TBS Aerum PolarX 5G8 Antenne\"}]},{\"@type\":\"WebSite\",\"@id\":\"https:\\\/\\\/iha-race.com\\\/de\\\/#website\",\"url\":\"https:\\\/\\\/iha-race.com\\\/de\\\/\",\"name\":\"Iha Race\",\"description\":\"Comprar drones de carreras FPV env\u00edos en un d\u00eda desde Espa\u00f1a\",\"publisher\":{\"@id\":\"https:\\\/\\\/iha-race.com\\\/de\\\/#organization\"},\"potentialAction\":[{\"@type\":\"SearchAction\",\"target\":{\"@type\":\"EntryPoint\",\"urlTemplate\":\"https:\\\/\\\/iha-race.com\\\/de\\\/?s={search_term_string}\"},\"query-input\":{\"@type\":\"PropertyValueSpecification\",\"valueRequired\":true,\"valueName\":\"search_term_string\"}}],\"inLanguage\":\"de\"},{\"@type\":\"Organization\",\"@id\":\"https:\\\/\\\/iha-race.com\\\/de\\\/#organization\",\"name\":\"Iha Race\",\"url\":\"https:\\\/\\\/iha-race.com\\\/de\\\/\",\"logo\":{\"@type\":\"ImageObject\",\"inLanguage\":\"de\",\"@id\":\"https:\\\/\\\/iha-race.com\\\/de\\\/#\\\/schema\\\/logo\\\/image\\\/\",\"url\":\"https:\\\/\\\/iha-race.com\\\/wp-content\\\/uploads\\\/2018\\\/07\\\/iha-race-drones-de-carreras-tienda-comprar-drones.png\",\"contentUrl\":\"https:\\\/\\\/iha-race.com\\\/wp-content\\\/uploads\\\/2018\\\/07\\\/iha-race-drones-de-carreras-tienda-comprar-drones.png\",\"width\":300,\"height\":100,\"caption\":\"Iha Race\"},\"image\":{\"@id\":\"https:\\\/\\\/iha-race.com\\\/de\\\/#\\\/schema\\\/logo\\\/image\\\/\"}}]}<\/script>\n<!-- \/ Yoast SEO plugin. -->","yoast_head_json":{"title":"TBS Aerum PolarX 5G8 Antenne - Iha Race","robots":{"index":"index","follow":"follow","max-snippet":"max-snippet:-1","max-image-preview":"max-image-preview:large","max-video-preview":"max-video-preview:-1"},"canonical":"https:\/\/iha-race.com\/de\/producto\/tbs-antenne-aerum-polarx-5g8\/","og_locale":"de_DE","og_type":"article","og_title":"TBS Aerum PolarX 5G8 Antenne - Iha Race","og_description":"TBS Aerum PolarX 5G8 Antenne Kreuzpolarisierte (dualpolarisierte) MIMO-Empfangsantenne f\u00fcr Diversity-Brillenmodule. Sie kann auf Brillenmodule montiert werden und funktioniert wie zwei lineare Antennen, die immer perfekt ausgerichtet sind! Geringe Gr\u00f6\u00dfe und","og_url":"https:\/\/iha-race.com\/de\/producto\/tbs-antenne-aerum-polarx-5g8\/","og_site_name":"Iha Race","article_modified_time":"2024-08-29T14:19:36+00:00","og_image":[{"width":800,"height":800,"url":"https:\/\/iha-race.com\/wp-content\/uploads\/2019\/06\/tbs-antena-aerum-polarx-5g8-1.jpg","type":"image\/jpeg"}],"twitter_card":"summary_large_image","twitter_misc":{"Gesch\u00e4tzte Lesezeit":"1\u00a0Minute"},"schema":{"@context":"https:\/\/schema.org","@graph":[{"@type":"WebPage","@id":"https:\/\/iha-race.com\/de\/producto\/tbs-antenne-aerum-polarx-5g8\/","url":"https:\/\/iha-race.com\/de\/producto\/tbs-antenne-aerum-polarx-5g8\/","name":"TBS Aerum PolarX 5G8 Antenne - Iha Race","isPartOf":{"@id":"https:\/\/iha-race.com\/de\/#website"},"primaryImageOfPage":{"@id":"https:\/\/iha-race.com\/de\/producto\/tbs-antenne-aerum-polarx-5g8\/#primaryimage"},"image":{"@id":"https:\/\/iha-race.com\/de\/producto\/tbs-antenne-aerum-polarx-5g8\/#primaryimage"},"thumbnailUrl":"https:\/\/iha-race.com\/wp-content\/uploads\/2019\/06\/tbs-antena-aerum-polarx-5g8-1.jpg","datePublished":"2019-06-04T09:16:46+00:00","dateModified":"2024-08-29T14:19:36+00:00","breadcrumb":{"@id":"https:\/\/iha-race.com\/de\/producto\/tbs-antenne-aerum-polarx-5g8\/#breadcrumb"},"inLanguage":"de","potentialAction":[{"@type":"ReadAction","target":["https:\/\/iha-race.com\/de\/producto\/tbs-antenne-aerum-polarx-5g8\/"]}]},{"@type":"ImageObject","inLanguage":"de","@id":"https:\/\/iha-race.com\/de\/producto\/tbs-antenne-aerum-polarx-5g8\/#primaryimage","url":"https:\/\/iha-race.com\/wp-content\/uploads\/2019\/06\/tbs-antena-aerum-polarx-5g8-1.jpg","contentUrl":"https:\/\/iha-race.com\/wp-content\/uploads\/2019\/06\/tbs-antena-aerum-polarx-5g8-1.jpg","width":800,"height":800},{"@type":"BreadcrumbList","@id":"https:\/\/iha-race.com\/de\/producto\/tbs-antenne-aerum-polarx-5g8\/#breadcrumb","itemListElement":[{"@type":"ListItem","position":1,"name":"Portada","item":"https:\/\/iha-race.com\/de\/elementor-499\/"},{"@type":"ListItem","position":2,"name":"Shop","item":"https:\/\/iha-race.com\/de\/shop\/"},{"@type":"ListItem","position":3,"name":"TBS Aerum PolarX 5G8 Antenne"}]},{"@type":"WebSite","@id":"https:\/\/iha-race.com\/de\/#website","url":"https:\/\/iha-race.com\/de\/","name":"Iha Race","description":"Comprar drones de carreras FPV env\u00edos en un d\u00eda desde Espa\u00f1a","publisher":{"@id":"https:\/\/iha-race.com\/de\/#organization"},"potentialAction":[{"@type":"SearchAction","target":{"@type":"EntryPoint","urlTemplate":"https:\/\/iha-race.com\/de\/?s={search_term_string}"},"query-input":{"@type":"PropertyValueSpecification","valueRequired":true,"valueName":"search_term_string"}}],"inLanguage":"de"},{"@type":"Organization","@id":"https:\/\/iha-race.com\/de\/#organization","name":"Iha Race","url":"https:\/\/iha-race.com\/de\/","logo":{"@type":"ImageObject","inLanguage":"de","@id":"https:\/\/iha-race.com\/de\/#\/schema\/logo\/image\/","url":"https:\/\/iha-race.com\/wp-content\/uploads\/2018\/07\/iha-race-drones-de-carreras-tienda-comprar-drones.png","contentUrl":"https:\/\/iha-race.com\/wp-content\/uploads\/2018\/07\/iha-race-drones-de-carreras-tienda-comprar-drones.png","width":300,"height":100,"caption":"Iha Race"},"image":{"@id":"https:\/\/iha-race.com\/de\/#\/schema\/logo\/image\/"}}]}},"jetpack_sharing_enabled":true,"brands":[],"_links":{"self":[{"href":"https:\/\/iha-race.com\/de\/wp-json\/wp\/v2\/product\/208043","targetHints":{"allow":["GET"]}}],"collection":[{"href":"https:\/\/iha-race.com\/de\/wp-json\/wp\/v2\/product"}],"about":[{"href":"https:\/\/iha-race.com\/de\/wp-json\/wp\/v2\/types\/product"}],"replies":[{"embeddable":true,"href":"https:\/\/iha-race.com\/de\/wp-json\/wp\/v2\/comments?post=208043"}],"version-history":[{"count":1,"href":"https:\/\/iha-race.com\/de\/wp-json\/wp\/v2\/product\/208043\/revisions"}],"predecessor-version":[{"id":250190,"href":"https:\/\/iha-race.com\/de\/wp-json\/wp\/v2\/product\/208043\/revisions\/250190"}],"wp:featuredmedia":[{"embeddable":true,"href":"https:\/\/iha-race.com\/de\/wp-json\/wp\/v2\/media\/124538"}],"wp:attachment":[{"href":"https:\/\/iha-race.com\/de\/wp-json\/wp\/v2\/media?parent=208043"}],"wp:term":[{"taxonomy":"pwb-brand","embeddable":true,"href":"https:\/\/iha-race.com\/de\/wp-json\/wp\/v2\/pwb-brand?post=208043"},{"taxonomy":"product_cat","embeddable":true,"href":"https:\/\/iha-race.com\/de\/wp-json\/wp\/v2\/product_cat?post=208043"},{"taxonomy":"product_tag","embeddable":true,"href":"https:\/\/iha-race.com\/de\/wp-json\/wp\/v2\/product_tag?post=208043"}],"curies":[{"name":"wp","href":"https:\/\/api.w.org\/{rel}","templated":true}]}}