{"id":208041,"date":"2019-06-04T17:32:49","date_gmt":"2019-06-04T15:32:49","guid":{"rendered":"https:\/\/iha-race.com\/producto\/tbs-crossfire-nano-diversity-rx-adapter\/"},"modified":"2024-08-29T16:19:09","modified_gmt":"2024-08-29T14:19:09","slug":"adapter-tbs-crossfire-nano-diversity-rx","status":"publish","type":"product","link":"https:\/\/iha-race.com\/de\/producto\/adapter-tbs-crossfire-nano-diversity-rx\/","title":{"rendered":"TBS CROSSFIRE Nano Diversity Rx-Adapter"},"content":{"rendered":"<h2>TBS CROSSFIRE Nano Diversity Rx-Adapter<\/h2>\n<p>  Diese Adapterplatte ist so konzipiert, dass sie wie angegossen zum RX Nano Diversity passt, unkompliziert und einfach zu l\u00f6ten. Mit diesem Board k\u00f6nnen Sie Verbindungen zu Ihren Servos \u00fcber 8ch PWM und BST, sowie dem TBS CROSSFIRE 8Ch Diversity Rx erm\u00f6glichen. * RX nicht enthalten.  <\/p>\n<h3>Spezifikation:<\/h3>\n<ul>\n<li>Gewicht: 5,73 g<\/li>\n<li>Gr\u00f6\u00dfe: 37 x 25 x 10 mm (mit Stiften)<\/li>\n<\/ul>\n","protected":false},"excerpt":{"rendered":"<p>TBS CROSSFIRE Nano Diversity Rx-Adapter Diese Adapterplatte ist so konzipiert, dass sie wie angegossen zum RX Nano Diversity passt, unkompliziert und einfach zu l\u00f6ten. Mit diesem Board k\u00f6nnen Sie Verbindungen<\/p>\n","protected":false},"featured_media":124701,"comment_status":"open","ping_status":"closed","template":"","meta":{"_joinchat":[]},"pwb-brand":[],"product_cat":[2665,2672],"product_tag":[],"class_list":{"0":"post-208041","1":"product","2":"type-product","3":"status-publish","4":"has-post-thumbnail","6":"product_cat-rundfunkveranstalter","7":"product_cat-rx-empfanger","9":"first","10":"instock","11":"taxable","12":"shipping-taxable","13":"purchasable","14":"product-type-simple"},"barcode":null,"atum_controlled":true,"out_stock_date":null,"out_stock_threshold":null,"inheritable":false,"stock_on_hold":0,"sold_today":0,"sales_last_days":0,"out_stock_days":0,"lost_sales":0,"update_date":"2026-04-25T20:29:12","atum_locations":[],"atum_stock_status":"instock","restock_status":false,"low_stock_amount":"","sales_update_date":"2026-04-25T20:29:12","calc_backorders":null,"yoast_head":"<!-- This site is optimized with the Yoast SEO plugin v27.3 - https:\/\/yoast.com\/product\/yoast-seo-wordpress\/ -->\n<title>TBS CROSSFIRE Nano Diversity Rx-Adapter - Iha Race<\/title>\n<meta name=\"robots\" content=\"index, follow, max-snippet:-1, max-image-preview:large, max-video-preview:-1\" \/>\n<link rel=\"canonical\" href=\"https:\/\/iha-race.com\/de\/producto\/adapter-tbs-crossfire-nano-diversity-rx\/\" \/>\n<meta property=\"og:locale\" content=\"de_DE\" \/>\n<meta property=\"og:type\" content=\"article\" \/>\n<meta property=\"og:title\" content=\"TBS CROSSFIRE Nano Diversity Rx-Adapter - Iha Race\" \/>\n<meta property=\"og:description\" content=\"TBS CROSSFIRE Nano Diversity Rx-Adapter Diese Adapterplatte ist so konzipiert, dass sie wie angegossen zum RX Nano Diversity passt, unkompliziert und einfach zu l\u00f6ten. Mit diesem Board k\u00f6nnen Sie Verbindungen\" \/>\n<meta property=\"og:url\" content=\"https:\/\/iha-race.com\/de\/producto\/adapter-tbs-crossfire-nano-diversity-rx\/\" \/>\n<meta property=\"og:site_name\" content=\"Iha Race\" \/>\n<meta property=\"article:modified_time\" content=\"2024-08-29T14:19:09+00:00\" \/>\n<meta property=\"og:image\" content=\"https:\/\/iha-race.com\/wp-content\/uploads\/2019\/06\/adaptador-tbs-crossfire-nano-diversity-rx-1.jpg\" \/>\n\t<meta property=\"og:image:width\" content=\"800\" \/>\n\t<meta property=\"og:image:height\" content=\"800\" \/>\n\t<meta property=\"og:image:type\" content=\"image\/jpeg\" \/>\n<meta name=\"twitter:card\" content=\"summary_large_image\" \/>\n<script type=\"application\/ld+json\" class=\"yoast-schema-graph\">{\"@context\":\"https:\\\/\\\/schema.org\",\"@graph\":[{\"@type\":\"WebPage\",\"@id\":\"https:\\\/\\\/iha-race.com\\\/de\\\/producto\\\/adapter-tbs-crossfire-nano-diversity-rx\\\/\",\"url\":\"https:\\\/\\\/iha-race.com\\\/de\\\/producto\\\/adapter-tbs-crossfire-nano-diversity-rx\\\/\",\"name\":\"TBS CROSSFIRE Nano Diversity Rx-Adapter - Iha Race\",\"isPartOf\":{\"@id\":\"https:\\\/\\\/iha-race.com\\\/de\\\/#website\"},\"primaryImageOfPage\":{\"@id\":\"https:\\\/\\\/iha-race.com\\\/de\\\/producto\\\/adapter-tbs-crossfire-nano-diversity-rx\\\/#primaryimage\"},\"image\":{\"@id\":\"https:\\\/\\\/iha-race.com\\\/de\\\/producto\\\/adapter-tbs-crossfire-nano-diversity-rx\\\/#primaryimage\"},\"thumbnailUrl\":\"https:\\\/\\\/iha-race.com\\\/wp-content\\\/uploads\\\/2019\\\/06\\\/adaptador-tbs-crossfire-nano-diversity-rx-1.jpg\",\"datePublished\":\"2019-06-04T15:32:49+00:00\",\"dateModified\":\"2024-08-29T14:19:09+00:00\",\"breadcrumb\":{\"@id\":\"https:\\\/\\\/iha-race.com\\\/de\\\/producto\\\/adapter-tbs-crossfire-nano-diversity-rx\\\/#breadcrumb\"},\"inLanguage\":\"de\",\"potentialAction\":[{\"@type\":\"ReadAction\",\"target\":[\"https:\\\/\\\/iha-race.com\\\/de\\\/producto\\\/adapter-tbs-crossfire-nano-diversity-rx\\\/\"]}]},{\"@type\":\"ImageObject\",\"inLanguage\":\"de\",\"@id\":\"https:\\\/\\\/iha-race.com\\\/de\\\/producto\\\/adapter-tbs-crossfire-nano-diversity-rx\\\/#primaryimage\",\"url\":\"https:\\\/\\\/iha-race.com\\\/wp-content\\\/uploads\\\/2019\\\/06\\\/adaptador-tbs-crossfire-nano-diversity-rx-1.jpg\",\"contentUrl\":\"https:\\\/\\\/iha-race.com\\\/wp-content\\\/uploads\\\/2019\\\/06\\\/adaptador-tbs-crossfire-nano-diversity-rx-1.jpg\",\"width\":800,\"height\":800},{\"@type\":\"BreadcrumbList\",\"@id\":\"https:\\\/\\\/iha-race.com\\\/de\\\/producto\\\/adapter-tbs-crossfire-nano-diversity-rx\\\/#breadcrumb\",\"itemListElement\":[{\"@type\":\"ListItem\",\"position\":1,\"name\":\"Portada\",\"item\":\"https:\\\/\\\/iha-race.com\\\/de\\\/elementor-499\\\/\"},{\"@type\":\"ListItem\",\"position\":2,\"name\":\"Shop\",\"item\":\"https:\\\/\\\/iha-race.com\\\/de\\\/shop\\\/\"},{\"@type\":\"ListItem\",\"position\":3,\"name\":\"TBS CROSSFIRE Nano Diversity Rx-Adapter\"}]},{\"@type\":\"WebSite\",\"@id\":\"https:\\\/\\\/iha-race.com\\\/de\\\/#website\",\"url\":\"https:\\\/\\\/iha-race.com\\\/de\\\/\",\"name\":\"Iha Race\",\"description\":\"Comprar drones de carreras FPV env\u00edos en un d\u00eda desde Espa\u00f1a\",\"publisher\":{\"@id\":\"https:\\\/\\\/iha-race.com\\\/de\\\/#organization\"},\"potentialAction\":[{\"@type\":\"SearchAction\",\"target\":{\"@type\":\"EntryPoint\",\"urlTemplate\":\"https:\\\/\\\/iha-race.com\\\/de\\\/?s={search_term_string}\"},\"query-input\":{\"@type\":\"PropertyValueSpecification\",\"valueRequired\":true,\"valueName\":\"search_term_string\"}}],\"inLanguage\":\"de\"},{\"@type\":\"Organization\",\"@id\":\"https:\\\/\\\/iha-race.com\\\/de\\\/#organization\",\"name\":\"Iha Race\",\"url\":\"https:\\\/\\\/iha-race.com\\\/de\\\/\",\"logo\":{\"@type\":\"ImageObject\",\"inLanguage\":\"de\",\"@id\":\"https:\\\/\\\/iha-race.com\\\/de\\\/#\\\/schema\\\/logo\\\/image\\\/\",\"url\":\"https:\\\/\\\/iha-race.com\\\/wp-content\\\/uploads\\\/2018\\\/07\\\/iha-race-drones-de-carreras-tienda-comprar-drones.png\",\"contentUrl\":\"https:\\\/\\\/iha-race.com\\\/wp-content\\\/uploads\\\/2018\\\/07\\\/iha-race-drones-de-carreras-tienda-comprar-drones.png\",\"width\":300,\"height\":100,\"caption\":\"Iha Race\"},\"image\":{\"@id\":\"https:\\\/\\\/iha-race.com\\\/de\\\/#\\\/schema\\\/logo\\\/image\\\/\"}}]}<\/script>\n<!-- \/ Yoast SEO plugin. -->","yoast_head_json":{"title":"TBS CROSSFIRE Nano Diversity Rx-Adapter - Iha Race","robots":{"index":"index","follow":"follow","max-snippet":"max-snippet:-1","max-image-preview":"max-image-preview:large","max-video-preview":"max-video-preview:-1"},"canonical":"https:\/\/iha-race.com\/de\/producto\/adapter-tbs-crossfire-nano-diversity-rx\/","og_locale":"de_DE","og_type":"article","og_title":"TBS CROSSFIRE Nano Diversity Rx-Adapter - Iha Race","og_description":"TBS CROSSFIRE Nano Diversity Rx-Adapter Diese Adapterplatte ist so konzipiert, dass sie wie angegossen zum RX Nano Diversity passt, unkompliziert und einfach zu l\u00f6ten. Mit diesem Board k\u00f6nnen Sie Verbindungen","og_url":"https:\/\/iha-race.com\/de\/producto\/adapter-tbs-crossfire-nano-diversity-rx\/","og_site_name":"Iha Race","article_modified_time":"2024-08-29T14:19:09+00:00","og_image":[{"width":800,"height":800,"url":"https:\/\/iha-race.com\/wp-content\/uploads\/2019\/06\/adaptador-tbs-crossfire-nano-diversity-rx-1.jpg","type":"image\/jpeg"}],"twitter_card":"summary_large_image","schema":{"@context":"https:\/\/schema.org","@graph":[{"@type":"WebPage","@id":"https:\/\/iha-race.com\/de\/producto\/adapter-tbs-crossfire-nano-diversity-rx\/","url":"https:\/\/iha-race.com\/de\/producto\/adapter-tbs-crossfire-nano-diversity-rx\/","name":"TBS CROSSFIRE Nano Diversity Rx-Adapter - Iha Race","isPartOf":{"@id":"https:\/\/iha-race.com\/de\/#website"},"primaryImageOfPage":{"@id":"https:\/\/iha-race.com\/de\/producto\/adapter-tbs-crossfire-nano-diversity-rx\/#primaryimage"},"image":{"@id":"https:\/\/iha-race.com\/de\/producto\/adapter-tbs-crossfire-nano-diversity-rx\/#primaryimage"},"thumbnailUrl":"https:\/\/iha-race.com\/wp-content\/uploads\/2019\/06\/adaptador-tbs-crossfire-nano-diversity-rx-1.jpg","datePublished":"2019-06-04T15:32:49+00:00","dateModified":"2024-08-29T14:19:09+00:00","breadcrumb":{"@id":"https:\/\/iha-race.com\/de\/producto\/adapter-tbs-crossfire-nano-diversity-rx\/#breadcrumb"},"inLanguage":"de","potentialAction":[{"@type":"ReadAction","target":["https:\/\/iha-race.com\/de\/producto\/adapter-tbs-crossfire-nano-diversity-rx\/"]}]},{"@type":"ImageObject","inLanguage":"de","@id":"https:\/\/iha-race.com\/de\/producto\/adapter-tbs-crossfire-nano-diversity-rx\/#primaryimage","url":"https:\/\/iha-race.com\/wp-content\/uploads\/2019\/06\/adaptador-tbs-crossfire-nano-diversity-rx-1.jpg","contentUrl":"https:\/\/iha-race.com\/wp-content\/uploads\/2019\/06\/adaptador-tbs-crossfire-nano-diversity-rx-1.jpg","width":800,"height":800},{"@type":"BreadcrumbList","@id":"https:\/\/iha-race.com\/de\/producto\/adapter-tbs-crossfire-nano-diversity-rx\/#breadcrumb","itemListElement":[{"@type":"ListItem","position":1,"name":"Portada","item":"https:\/\/iha-race.com\/de\/elementor-499\/"},{"@type":"ListItem","position":2,"name":"Shop","item":"https:\/\/iha-race.com\/de\/shop\/"},{"@type":"ListItem","position":3,"name":"TBS CROSSFIRE Nano Diversity Rx-Adapter"}]},{"@type":"WebSite","@id":"https:\/\/iha-race.com\/de\/#website","url":"https:\/\/iha-race.com\/de\/","name":"Iha Race","description":"Comprar drones de carreras FPV env\u00edos en un d\u00eda desde Espa\u00f1a","publisher":{"@id":"https:\/\/iha-race.com\/de\/#organization"},"potentialAction":[{"@type":"SearchAction","target":{"@type":"EntryPoint","urlTemplate":"https:\/\/iha-race.com\/de\/?s={search_term_string}"},"query-input":{"@type":"PropertyValueSpecification","valueRequired":true,"valueName":"search_term_string"}}],"inLanguage":"de"},{"@type":"Organization","@id":"https:\/\/iha-race.com\/de\/#organization","name":"Iha Race","url":"https:\/\/iha-race.com\/de\/","logo":{"@type":"ImageObject","inLanguage":"de","@id":"https:\/\/iha-race.com\/de\/#\/schema\/logo\/image\/","url":"https:\/\/iha-race.com\/wp-content\/uploads\/2018\/07\/iha-race-drones-de-carreras-tienda-comprar-drones.png","contentUrl":"https:\/\/iha-race.com\/wp-content\/uploads\/2018\/07\/iha-race-drones-de-carreras-tienda-comprar-drones.png","width":300,"height":100,"caption":"Iha Race"},"image":{"@id":"https:\/\/iha-race.com\/de\/#\/schema\/logo\/image\/"}}]}},"jetpack_sharing_enabled":true,"brands":[],"_links":{"self":[{"href":"https:\/\/iha-race.com\/de\/wp-json\/wp\/v2\/product\/208041","targetHints":{"allow":["GET"]}}],"collection":[{"href":"https:\/\/iha-race.com\/de\/wp-json\/wp\/v2\/product"}],"about":[{"href":"https:\/\/iha-race.com\/de\/wp-json\/wp\/v2\/types\/product"}],"replies":[{"embeddable":true,"href":"https:\/\/iha-race.com\/de\/wp-json\/wp\/v2\/comments?post=208041"}],"version-history":[{"count":1,"href":"https:\/\/iha-race.com\/de\/wp-json\/wp\/v2\/product\/208041\/revisions"}],"predecessor-version":[{"id":250181,"href":"https:\/\/iha-race.com\/de\/wp-json\/wp\/v2\/product\/208041\/revisions\/250181"}],"wp:featuredmedia":[{"embeddable":true,"href":"https:\/\/iha-race.com\/de\/wp-json\/wp\/v2\/media\/124701"}],"wp:attachment":[{"href":"https:\/\/iha-race.com\/de\/wp-json\/wp\/v2\/media?parent=208041"}],"wp:term":[{"taxonomy":"pwb-brand","embeddable":true,"href":"https:\/\/iha-race.com\/de\/wp-json\/wp\/v2\/pwb-brand?post=208041"},{"taxonomy":"product_cat","embeddable":true,"href":"https:\/\/iha-race.com\/de\/wp-json\/wp\/v2\/product_cat?post=208041"},{"taxonomy":"product_tag","embeddable":true,"href":"https:\/\/iha-race.com\/de\/wp-json\/wp\/v2\/product_tag?post=208041"}],"curies":[{"name":"wp","href":"https:\/\/api.w.org\/{rel}","templated":true}]}}