{"id":208020,"date":"2019-07-06T18:10:52","date_gmt":"2019-07-06T16:10:52","guid":{"rendered":"https:\/\/iha-race.com\/producto\/emax-turtlemode-4-blatt-propeller-avan-tinyhawk\/"},"modified":"2024-08-29T16:17:43","modified_gmt":"2024-08-29T14:17:43","slug":"helix-emax-turtlemode-4-klinge-avan-winzig-hawk-40-mm","status":"publish","type":"product","link":"https:\/\/iha-race.com\/de\/producto\/helix-emax-turtlemode-4-klinge-avan-winzig-hawk-40-mm\/","title":{"rendered":"Emax Turtlemode 4-Blatt-Propeller Avan Tinyhawk"},"content":{"rendered":"<h2>Avan Tinyhawk 4-Blatt Turtlemode Propeller (40 mm)<\/h2>\n<p>  Diese Propeller sind so konzipiert, dass sie im Vergleich zum Avan Tinyhawk Propeller mehr Schub bei niedrigeren Drehzahlen erzeugen. Der Avan TH Turtlemode-Propeller ist die perfekte Erg\u00e4nzung zum Tinyhawk f\u00fcr alle, die die Turtlemode-Funktion noch erfolgreicher nutzen wollen. Diese Propeller sind so konzipiert, dass sie im Vergleich zum Avan Tinyhawk-Propeller mehr Schub bei niedrigeren Drehzahlen erzeugen. Dadurch kann mehr Umkehrschub erzeugt werden, damit der Schildkr\u00f6tenmodus richtig funktioniert. Dieser Propeller hat aufgrund dieses Konstruktionspunktes andere Flugeigenschaften; er erzeugt mehr Schub bei niedrigeren Drehzahlen und vermittelt so ein besseres Gef\u00fchl der Kontrolle beim Fliegen. Mit etwas weniger Flugzeit im Vergleich zum Standard Avan Tinyhawk Propeller ist er ein gro\u00dfartiger Kompromiss f\u00fcr mehr Kontrolle und aggressiven Flug mit Turtlemode-F\u00e4higkeiten.  <\/p>\n<h3>Merkmale:<\/h3>\n<ul>\n<li>Durchmesser: 40 mm<\/li>\n<li>Klingen: 4<\/li>\n<li>Parzelle: 31mm<\/li>\n<li>Gewicht: 0,63 g \/ St\u00fcck<\/li>\n<li>Kompatibilit\u00e4t: EMAX Tinyhawk<\/li>\n<\/ul>\n<h3>Das Paket enth\u00e4lt:<\/h3>\n<ul>\n<li>2 x CW EMAX EMAX Tinyhawk Turtlemode Propeller<\/li>\n<li>2 x CWW EMAX EMAX Tinyhawk Turtlemode Propeller<\/li>\n<\/ul>\n","protected":false},"excerpt":{"rendered":"<p>Avan Tinyhawk 4-Blatt Turtlemode Propeller (40 mm) Diese Propeller sind so konzipiert, dass sie im Vergleich zum Avan Tinyhawk Propeller mehr Schub bei niedrigeren Drehzahlen erzeugen. Der Avan TH Turtlemode-Propeller<\/p>\n","protected":false},"featured_media":124295,"comment_status":"open","ping_status":"closed","template":"","meta":{"_joinchat":[]},"pwb-brand":[],"product_cat":[50,557],"product_tag":[],"class_list":{"0":"post-208020","1":"product","2":"type-product","3":"status-publish","4":"has-post-thumbnail","6":"product_cat-dos","7":"product_cat-cuatripalas","9":"first","10":"instock","11":"taxable","12":"shipping-taxable","13":"purchasable","14":"product-type-simple"},"barcode":null,"atum_controlled":true,"out_stock_date":null,"out_stock_threshold":null,"inheritable":false,"stock_on_hold":0,"sold_today":0,"sales_last_days":0,"out_stock_days":0,"lost_sales":0,"update_date":"2026-04-08T16:35:01","atum_locations":[],"atum_stock_status":"instock","restock_status":false,"low_stock_amount":"","sales_update_date":"2026-03-09T11:18:14","calc_backorders":null,"yoast_head":"<!-- This site is optimized with the Yoast SEO plugin v27.3 - https:\/\/yoast.com\/product\/yoast-seo-wordpress\/ -->\n<title>4-Blatt Turtlemode Avan Tinyhawk | Iha Race Propeller<\/title>\n<meta name=\"description\" content=\"Turtlemode-Propellerbl\u00e4tter 4 Avan Tinyhawk-Bl\u00e4tter zur Erzeugung von mehr Schub. Lernen Sie den Avan Tinyhawk 4-Blatt Turtlemode Propeller im Internet kennen!\" \/>\n<meta name=\"robots\" content=\"index, follow, max-snippet:-1, max-image-preview:large, max-video-preview:-1\" \/>\n<link rel=\"canonical\" href=\"https:\/\/iha-race.com\/de\/producto\/helix-emax-turtlemode-4-klinge-avan-winzig-hawk-40-mm\/\" \/>\n<meta property=\"og:locale\" content=\"de_DE\" \/>\n<meta property=\"og:type\" content=\"article\" \/>\n<meta property=\"og:title\" content=\"4-Blatt Turtlemode Avan Tinyhawk | Iha Race Propeller\" \/>\n<meta property=\"og:description\" content=\"Turtlemode-Propellerbl\u00e4tter 4 Avan Tinyhawk-Bl\u00e4tter zur Erzeugung von mehr Schub. Lernen Sie den Avan Tinyhawk 4-Blatt Turtlemode Propeller im Internet kennen!\" \/>\n<meta property=\"og:url\" content=\"https:\/\/iha-race.com\/de\/producto\/helix-emax-turtlemode-4-klinge-avan-winzig-hawk-40-mm\/\" \/>\n<meta property=\"og:site_name\" content=\"Iha Race\" \/>\n<meta property=\"article:modified_time\" content=\"2024-08-29T14:17:43+00:00\" \/>\n<meta property=\"og:image\" content=\"https:\/\/iha-race.com\/wp-content\/uploads\/2019\/07\/helice-turtlemode-de-4-cuchillas-avan-tinyhawk-40-mm-1.jpg\" \/>\n\t<meta property=\"og:image:width\" content=\"800\" \/>\n\t<meta property=\"og:image:height\" content=\"800\" \/>\n\t<meta property=\"og:image:type\" content=\"image\/jpeg\" \/>\n<meta name=\"twitter:card\" content=\"summary_large_image\" \/>\n<meta name=\"twitter:label1\" content=\"Gesch\u00e4tzte Lesezeit\" \/>\n\t<meta name=\"twitter:data1\" content=\"1\u00a0Minute\" \/>\n<script type=\"application\/ld+json\" class=\"yoast-schema-graph\">{\"@context\":\"https:\\\/\\\/schema.org\",\"@graph\":[{\"@type\":\"WebPage\",\"@id\":\"https:\\\/\\\/iha-race.com\\\/de\\\/producto\\\/helix-emax-turtlemode-4-klinge-avan-winzig-hawk-40-mm\\\/\",\"url\":\"https:\\\/\\\/iha-race.com\\\/de\\\/producto\\\/helix-emax-turtlemode-4-klinge-avan-winzig-hawk-40-mm\\\/\",\"name\":\"4-Blatt Turtlemode Avan Tinyhawk | Iha Race Propeller\",\"isPartOf\":{\"@id\":\"https:\\\/\\\/iha-race.com\\\/de\\\/#website\"},\"primaryImageOfPage\":{\"@id\":\"https:\\\/\\\/iha-race.com\\\/de\\\/producto\\\/helix-emax-turtlemode-4-klinge-avan-winzig-hawk-40-mm\\\/#primaryimage\"},\"image\":{\"@id\":\"https:\\\/\\\/iha-race.com\\\/de\\\/producto\\\/helix-emax-turtlemode-4-klinge-avan-winzig-hawk-40-mm\\\/#primaryimage\"},\"thumbnailUrl\":\"https:\\\/\\\/iha-race.com\\\/wp-content\\\/uploads\\\/2019\\\/07\\\/helice-turtlemode-de-4-cuchillas-avan-tinyhawk-40-mm-1.jpg\",\"datePublished\":\"2019-07-06T16:10:52+00:00\",\"dateModified\":\"2024-08-29T14:17:43+00:00\",\"description\":\"Turtlemode-Propellerbl\u00e4tter 4 Avan Tinyhawk-Bl\u00e4tter zur Erzeugung von mehr Schub. Lernen Sie den Avan Tinyhawk 4-Blatt Turtlemode Propeller im Internet kennen!\",\"breadcrumb\":{\"@id\":\"https:\\\/\\\/iha-race.com\\\/de\\\/producto\\\/helix-emax-turtlemode-4-klinge-avan-winzig-hawk-40-mm\\\/#breadcrumb\"},\"inLanguage\":\"de\",\"potentialAction\":[{\"@type\":\"ReadAction\",\"target\":[\"https:\\\/\\\/iha-race.com\\\/de\\\/producto\\\/helix-emax-turtlemode-4-klinge-avan-winzig-hawk-40-mm\\\/\"]}]},{\"@type\":\"ImageObject\",\"inLanguage\":\"de\",\"@id\":\"https:\\\/\\\/iha-race.com\\\/de\\\/producto\\\/helix-emax-turtlemode-4-klinge-avan-winzig-hawk-40-mm\\\/#primaryimage\",\"url\":\"https:\\\/\\\/iha-race.com\\\/wp-content\\\/uploads\\\/2019\\\/07\\\/helice-turtlemode-de-4-cuchillas-avan-tinyhawk-40-mm-1.jpg\",\"contentUrl\":\"https:\\\/\\\/iha-race.com\\\/wp-content\\\/uploads\\\/2019\\\/07\\\/helice-turtlemode-de-4-cuchillas-avan-tinyhawk-40-mm-1.jpg\",\"width\":800,\"height\":800,\"caption\":\"H\u00e9lice 4 Palas Turtlemode Avan Tinyhawk\"},{\"@type\":\"BreadcrumbList\",\"@id\":\"https:\\\/\\\/iha-race.com\\\/de\\\/producto\\\/helix-emax-turtlemode-4-klinge-avan-winzig-hawk-40-mm\\\/#breadcrumb\",\"itemListElement\":[{\"@type\":\"ListItem\",\"position\":1,\"name\":\"Portada\",\"item\":\"https:\\\/\\\/iha-race.com\\\/de\\\/elementor-499\\\/\"},{\"@type\":\"ListItem\",\"position\":2,\"name\":\"Shop\",\"item\":\"https:\\\/\\\/iha-race.com\\\/de\\\/shop\\\/\"},{\"@type\":\"ListItem\",\"position\":3,\"name\":\"Emax Turtlemode 4-Blatt-Propeller Avan Tinyhawk\"}]},{\"@type\":\"WebSite\",\"@id\":\"https:\\\/\\\/iha-race.com\\\/de\\\/#website\",\"url\":\"https:\\\/\\\/iha-race.com\\\/de\\\/\",\"name\":\"Iha Race\",\"description\":\"Comprar drones de carreras FPV env\u00edos en un d\u00eda desde Espa\u00f1a\",\"publisher\":{\"@id\":\"https:\\\/\\\/iha-race.com\\\/de\\\/#organization\"},\"potentialAction\":[{\"@type\":\"SearchAction\",\"target\":{\"@type\":\"EntryPoint\",\"urlTemplate\":\"https:\\\/\\\/iha-race.com\\\/de\\\/?s={search_term_string}\"},\"query-input\":{\"@type\":\"PropertyValueSpecification\",\"valueRequired\":true,\"valueName\":\"search_term_string\"}}],\"inLanguage\":\"de\"},{\"@type\":\"Organization\",\"@id\":\"https:\\\/\\\/iha-race.com\\\/de\\\/#organization\",\"name\":\"Iha Race\",\"url\":\"https:\\\/\\\/iha-race.com\\\/de\\\/\",\"logo\":{\"@type\":\"ImageObject\",\"inLanguage\":\"de\",\"@id\":\"https:\\\/\\\/iha-race.com\\\/de\\\/#\\\/schema\\\/logo\\\/image\\\/\",\"url\":\"https:\\\/\\\/iha-race.com\\\/wp-content\\\/uploads\\\/2018\\\/07\\\/iha-race-drones-de-carreras-tienda-comprar-drones.png\",\"contentUrl\":\"https:\\\/\\\/iha-race.com\\\/wp-content\\\/uploads\\\/2018\\\/07\\\/iha-race-drones-de-carreras-tienda-comprar-drones.png\",\"width\":300,\"height\":100,\"caption\":\"Iha Race\"},\"image\":{\"@id\":\"https:\\\/\\\/iha-race.com\\\/de\\\/#\\\/schema\\\/logo\\\/image\\\/\"}}]}<\/script>\n<!-- \/ Yoast SEO plugin. -->","yoast_head_json":{"title":"4-Blatt Turtlemode Avan Tinyhawk | Iha Race Propeller","description":"Turtlemode-Propellerbl\u00e4tter 4 Avan Tinyhawk-Bl\u00e4tter zur Erzeugung von mehr Schub. Lernen Sie den Avan Tinyhawk 4-Blatt Turtlemode Propeller im Internet kennen!","robots":{"index":"index","follow":"follow","max-snippet":"max-snippet:-1","max-image-preview":"max-image-preview:large","max-video-preview":"max-video-preview:-1"},"canonical":"https:\/\/iha-race.com\/de\/producto\/helix-emax-turtlemode-4-klinge-avan-winzig-hawk-40-mm\/","og_locale":"de_DE","og_type":"article","og_title":"4-Blatt Turtlemode Avan Tinyhawk | Iha Race Propeller","og_description":"Turtlemode-Propellerbl\u00e4tter 4 Avan Tinyhawk-Bl\u00e4tter zur Erzeugung von mehr Schub. Lernen Sie den Avan Tinyhawk 4-Blatt Turtlemode Propeller im Internet kennen!","og_url":"https:\/\/iha-race.com\/de\/producto\/helix-emax-turtlemode-4-klinge-avan-winzig-hawk-40-mm\/","og_site_name":"Iha Race","article_modified_time":"2024-08-29T14:17:43+00:00","og_image":[{"width":800,"height":800,"url":"https:\/\/iha-race.com\/wp-content\/uploads\/2019\/07\/helice-turtlemode-de-4-cuchillas-avan-tinyhawk-40-mm-1.jpg","type":"image\/jpeg"}],"twitter_card":"summary_large_image","twitter_misc":{"Gesch\u00e4tzte Lesezeit":"1\u00a0Minute"},"schema":{"@context":"https:\/\/schema.org","@graph":[{"@type":"WebPage","@id":"https:\/\/iha-race.com\/de\/producto\/helix-emax-turtlemode-4-klinge-avan-winzig-hawk-40-mm\/","url":"https:\/\/iha-race.com\/de\/producto\/helix-emax-turtlemode-4-klinge-avan-winzig-hawk-40-mm\/","name":"4-Blatt Turtlemode Avan Tinyhawk | Iha Race Propeller","isPartOf":{"@id":"https:\/\/iha-race.com\/de\/#website"},"primaryImageOfPage":{"@id":"https:\/\/iha-race.com\/de\/producto\/helix-emax-turtlemode-4-klinge-avan-winzig-hawk-40-mm\/#primaryimage"},"image":{"@id":"https:\/\/iha-race.com\/de\/producto\/helix-emax-turtlemode-4-klinge-avan-winzig-hawk-40-mm\/#primaryimage"},"thumbnailUrl":"https:\/\/iha-race.com\/wp-content\/uploads\/2019\/07\/helice-turtlemode-de-4-cuchillas-avan-tinyhawk-40-mm-1.jpg","datePublished":"2019-07-06T16:10:52+00:00","dateModified":"2024-08-29T14:17:43+00:00","description":"Turtlemode-Propellerbl\u00e4tter 4 Avan Tinyhawk-Bl\u00e4tter zur Erzeugung von mehr Schub. Lernen Sie den Avan Tinyhawk 4-Blatt Turtlemode Propeller im Internet kennen!","breadcrumb":{"@id":"https:\/\/iha-race.com\/de\/producto\/helix-emax-turtlemode-4-klinge-avan-winzig-hawk-40-mm\/#breadcrumb"},"inLanguage":"de","potentialAction":[{"@type":"ReadAction","target":["https:\/\/iha-race.com\/de\/producto\/helix-emax-turtlemode-4-klinge-avan-winzig-hawk-40-mm\/"]}]},{"@type":"ImageObject","inLanguage":"de","@id":"https:\/\/iha-race.com\/de\/producto\/helix-emax-turtlemode-4-klinge-avan-winzig-hawk-40-mm\/#primaryimage","url":"https:\/\/iha-race.com\/wp-content\/uploads\/2019\/07\/helice-turtlemode-de-4-cuchillas-avan-tinyhawk-40-mm-1.jpg","contentUrl":"https:\/\/iha-race.com\/wp-content\/uploads\/2019\/07\/helice-turtlemode-de-4-cuchillas-avan-tinyhawk-40-mm-1.jpg","width":800,"height":800,"caption":"H\u00e9lice 4 Palas Turtlemode Avan Tinyhawk"},{"@type":"BreadcrumbList","@id":"https:\/\/iha-race.com\/de\/producto\/helix-emax-turtlemode-4-klinge-avan-winzig-hawk-40-mm\/#breadcrumb","itemListElement":[{"@type":"ListItem","position":1,"name":"Portada","item":"https:\/\/iha-race.com\/de\/elementor-499\/"},{"@type":"ListItem","position":2,"name":"Shop","item":"https:\/\/iha-race.com\/de\/shop\/"},{"@type":"ListItem","position":3,"name":"Emax Turtlemode 4-Blatt-Propeller Avan Tinyhawk"}]},{"@type":"WebSite","@id":"https:\/\/iha-race.com\/de\/#website","url":"https:\/\/iha-race.com\/de\/","name":"Iha Race","description":"Comprar drones de carreras FPV env\u00edos en un d\u00eda desde Espa\u00f1a","publisher":{"@id":"https:\/\/iha-race.com\/de\/#organization"},"potentialAction":[{"@type":"SearchAction","target":{"@type":"EntryPoint","urlTemplate":"https:\/\/iha-race.com\/de\/?s={search_term_string}"},"query-input":{"@type":"PropertyValueSpecification","valueRequired":true,"valueName":"search_term_string"}}],"inLanguage":"de"},{"@type":"Organization","@id":"https:\/\/iha-race.com\/de\/#organization","name":"Iha Race","url":"https:\/\/iha-race.com\/de\/","logo":{"@type":"ImageObject","inLanguage":"de","@id":"https:\/\/iha-race.com\/de\/#\/schema\/logo\/image\/","url":"https:\/\/iha-race.com\/wp-content\/uploads\/2018\/07\/iha-race-drones-de-carreras-tienda-comprar-drones.png","contentUrl":"https:\/\/iha-race.com\/wp-content\/uploads\/2018\/07\/iha-race-drones-de-carreras-tienda-comprar-drones.png","width":300,"height":100,"caption":"Iha Race"},"image":{"@id":"https:\/\/iha-race.com\/de\/#\/schema\/logo\/image\/"}}]}},"brands":[],"_links":{"self":[{"href":"https:\/\/iha-race.com\/de\/wp-json\/wp\/v2\/product\/208020","targetHints":{"allow":["GET"]}}],"collection":[{"href":"https:\/\/iha-race.com\/de\/wp-json\/wp\/v2\/product"}],"about":[{"href":"https:\/\/iha-race.com\/de\/wp-json\/wp\/v2\/types\/product"}],"replies":[{"embeddable":true,"href":"https:\/\/iha-race.com\/de\/wp-json\/wp\/v2\/comments?post=208020"}],"version-history":[{"count":2,"href":"https:\/\/iha-race.com\/de\/wp-json\/wp\/v2\/product\/208020\/revisions"}],"predecessor-version":[{"id":250150,"href":"https:\/\/iha-race.com\/de\/wp-json\/wp\/v2\/product\/208020\/revisions\/250150"}],"wp:featuredmedia":[{"embeddable":true,"href":"https:\/\/iha-race.com\/de\/wp-json\/wp\/v2\/media\/124295"}],"wp:attachment":[{"href":"https:\/\/iha-race.com\/de\/wp-json\/wp\/v2\/media?parent=208020"}],"wp:term":[{"taxonomy":"pwb-brand","embeddable":true,"href":"https:\/\/iha-race.com\/de\/wp-json\/wp\/v2\/pwb-brand?post=208020"},{"taxonomy":"product_cat","embeddable":true,"href":"https:\/\/iha-race.com\/de\/wp-json\/wp\/v2\/product_cat?post=208020"},{"taxonomy":"product_tag","embeddable":true,"href":"https:\/\/iha-race.com\/de\/wp-json\/wp\/v2\/product_tag?post=208020"}],"curies":[{"name":"wp","href":"https:\/\/api.w.org\/{rel}","templated":true}]}}