{"id":207998,"date":"2019-05-19T18:31:38","date_gmt":"2019-05-19T16:31:38","guid":{"rendered":"https:\/\/iha-race.com\/producto\/krokodilklemmen-fuer-elektronik-5-stk\/"},"modified":"2024-08-29T16:20:36","modified_gmt":"2024-08-29T14:20:36","slug":"krokodilklemmen-fur-elektronik-5-teilig","status":"publish","type":"product","link":"https:\/\/iha-race.com\/de\/producto\/krokodilklemmen-fur-elektronik-5-teilig\/","title":{"rendered":"Krokodilklemmen f\u00fcr Elektronik (5 Stk.)"},"content":{"rendered":"<h2>Krokodilklemmen f\u00fcr Elektronik (5 Stk.)<\/h2>\n<p>  Dies ist eine Packung mit 5 x 35 cm langen Kabeln mit einer Alligatorenklemme an jedem Ende. Die Krokodilklemme ist eine Metallklemme mit einer langen gezackten Backe, die f\u00fcr vor\u00fcbergehende Verbindungen verwendet wird. Es kann f\u00fcr Funktionspr\u00fcfungen in Kombination mit FC, Vtx, Engines usw. verwendet werden. Auf diese Weise k\u00f6nnen wir die ordnungsgem\u00e4\u00dfe Funktion einer Platine oder eines Motors \u00fcberpr\u00fcfen, bevor wir die Komponenten l\u00f6ten, und ein Produkt, das nicht unseren Erwartungen entspricht, ohne einen Tropfen Zinn an den Hersteller zur\u00fcckgeben.  &nbsp;<\/p>\n<p><img fetchpriority=\"high\" decoding=\"async\" class=\"size-full wp-image-9577\" src=\"https:\/\/iha-race.com\/wp-content\/uploads\/2019\/05\/HTB1inyftgaTBuNjSszfq6xgfpXai.jpg\" alt=\"\" width=\"800\" height=\"800\" srcset=\"https:\/\/iha-race.com\/wp-content\/uploads\/2019\/05\/HTB1inyftgaTBuNjSszfq6xgfpXai.jpg 800w, https:\/\/iha-race.com\/wp-content\/uploads\/2019\/05\/HTB1inyftgaTBuNjSszfq6xgfpXai-300x300.jpg 300w, https:\/\/iha-race.com\/wp-content\/uploads\/2019\/05\/HTB1inyftgaTBuNjSszfq6xgfpXai-100x100.jpg 100w, https:\/\/iha-race.com\/wp-content\/uploads\/2019\/05\/HTB1inyftgaTBuNjSszfq6xgfpXai-600x600.jpg 600w, https:\/\/iha-race.com\/wp-content\/uploads\/2019\/05\/HTB1inyftgaTBuNjSszfq6xgfpXai-150x150.jpg 150w, https:\/\/iha-race.com\/wp-content\/uploads\/2019\/05\/HTB1inyftgaTBuNjSszfq6xgfpXai-768x768.jpg 768w, https:\/\/iha-race.com\/wp-content\/uploads\/2019\/05\/HTB1inyftgaTBuNjSszfq6xgfpXai-1024x1024.jpg 1024w, https:\/\/iha-race.com\/wp-content\/uploads\/2019\/05\/HTB1inyftgaTBuNjSszfq6xgfpXai-788x788.jpg 788w, https:\/\/iha-race.com\/wp-content\/uploads\/2019\/05\/HTB1inyftgaTBuNjSszfq6xgfpXai-80x80.jpg 80w, https:\/\/iha-race.com\/wp-content\/uploads\/2019\/05\/HTB1inyftgaTBuNjSszfq6xgfpXai-135x135.jpg 135w\" sizes=\"(max-width: 800px) 100vw, 800px\" \/><\/p>\n","protected":false},"excerpt":{"rendered":"<p>Krokodilklemmen f\u00fcr Elektronik (5 Stk.) Dies ist eine Packung mit 5 x 35 cm langen Kabeln mit einer Alligatorenklemme an jedem Ende. Die Krokodilklemme ist eine Metallklemme mit einer langen<\/p>\n","protected":false},"featured_media":124492,"comment_status":"open","ping_status":"closed","template":"","meta":{"_joinchat":[]},"pwb-brand":[],"product_cat":[2548,2564],"product_tag":[],"class_list":{"0":"post-207998","1":"product","2":"type-product","3":"status-publish","4":"has-post-thumbnail","6":"product_cat-auslass","7":"product_cat-vtx-vrx-de","9":"first","10":"instock","11":"taxable","12":"shipping-taxable","13":"purchasable","14":"product-type-simple"},"barcode":null,"atum_controlled":true,"out_stock_date":null,"out_stock_threshold":null,"inheritable":false,"stock_on_hold":0,"sold_today":0,"sales_last_days":1,"out_stock_days":0,"lost_sales":0,"update_date":"2026-04-24T22:43:05","atum_locations":[],"atum_stock_status":"instock","restock_status":true,"low_stock_amount":"","sales_update_date":"2026-04-24T22:43:05","calc_backorders":null,"yoast_head":"<!-- This site is optimized with the Yoast SEO plugin v27.3 - https:\/\/yoast.com\/product\/yoast-seo-wordpress\/ -->\n<title>Krokodilklemmen f\u00fcr Elektronik (5 Stk.) - Iha Race<\/title>\n<meta name=\"robots\" content=\"index, follow, max-snippet:-1, max-image-preview:large, max-video-preview:-1\" \/>\n<link rel=\"canonical\" href=\"https:\/\/iha-race.com\/de\/producto\/krokodilklemmen-fur-elektronik-5-teilig\/\" \/>\n<meta property=\"og:locale\" content=\"de_DE\" \/>\n<meta property=\"og:type\" content=\"article\" \/>\n<meta property=\"og:title\" content=\"Krokodilklemmen f\u00fcr Elektronik (5 Stk.) - Iha Race\" \/>\n<meta property=\"og:description\" content=\"Krokodilklemmen f\u00fcr Elektronik (5 Stk.) Dies ist eine Packung mit 5 x 35 cm langen Kabeln mit einer Alligatorenklemme an jedem Ende. Die Krokodilklemme ist eine Metallklemme mit einer langen\" \/>\n<meta property=\"og:url\" content=\"https:\/\/iha-race.com\/de\/producto\/krokodilklemmen-fur-elektronik-5-teilig\/\" \/>\n<meta property=\"og:site_name\" content=\"Iha Race\" \/>\n<meta property=\"article:modified_time\" content=\"2024-08-29T14:20:36+00:00\" \/>\n<meta property=\"og:image\" content=\"https:\/\/iha-race.com\/wp-content\/uploads\/2019\/05\/pinzas-de-cocodrilo-para-electronica-5piezas-1.jpg\" \/>\n\t<meta property=\"og:image:width\" content=\"800\" \/>\n\t<meta property=\"og:image:height\" content=\"800\" \/>\n\t<meta property=\"og:image:type\" content=\"image\/jpeg\" \/>\n<meta name=\"twitter:card\" content=\"summary_large_image\" \/>\n<script type=\"application\/ld+json\" class=\"yoast-schema-graph\">{\"@context\":\"https:\\\/\\\/schema.org\",\"@graph\":[{\"@type\":\"WebPage\",\"@id\":\"https:\\\/\\\/iha-race.com\\\/de\\\/producto\\\/krokodilklemmen-fur-elektronik-5-teilig\\\/\",\"url\":\"https:\\\/\\\/iha-race.com\\\/de\\\/producto\\\/krokodilklemmen-fur-elektronik-5-teilig\\\/\",\"name\":\"Krokodilklemmen f\u00fcr Elektronik (5 Stk.) - Iha Race\",\"isPartOf\":{\"@id\":\"https:\\\/\\\/iha-race.com\\\/de\\\/#website\"},\"primaryImageOfPage\":{\"@id\":\"https:\\\/\\\/iha-race.com\\\/de\\\/producto\\\/krokodilklemmen-fur-elektronik-5-teilig\\\/#primaryimage\"},\"image\":{\"@id\":\"https:\\\/\\\/iha-race.com\\\/de\\\/producto\\\/krokodilklemmen-fur-elektronik-5-teilig\\\/#primaryimage\"},\"thumbnailUrl\":\"https:\\\/\\\/iha-race.com\\\/wp-content\\\/uploads\\\/2019\\\/05\\\/pinzas-de-cocodrilo-para-electronica-5piezas-1.jpg\",\"datePublished\":\"2019-05-19T16:31:38+00:00\",\"dateModified\":\"2024-08-29T14:20:36+00:00\",\"breadcrumb\":{\"@id\":\"https:\\\/\\\/iha-race.com\\\/de\\\/producto\\\/krokodilklemmen-fur-elektronik-5-teilig\\\/#breadcrumb\"},\"inLanguage\":\"de\",\"potentialAction\":[{\"@type\":\"ReadAction\",\"target\":[\"https:\\\/\\\/iha-race.com\\\/de\\\/producto\\\/krokodilklemmen-fur-elektronik-5-teilig\\\/\"]}]},{\"@type\":\"ImageObject\",\"inLanguage\":\"de\",\"@id\":\"https:\\\/\\\/iha-race.com\\\/de\\\/producto\\\/krokodilklemmen-fur-elektronik-5-teilig\\\/#primaryimage\",\"url\":\"https:\\\/\\\/iha-race.com\\\/wp-content\\\/uploads\\\/2019\\\/05\\\/pinzas-de-cocodrilo-para-electronica-5piezas-1.jpg\",\"contentUrl\":\"https:\\\/\\\/iha-race.com\\\/wp-content\\\/uploads\\\/2019\\\/05\\\/pinzas-de-cocodrilo-para-electronica-5piezas-1.jpg\",\"width\":800,\"height\":800},{\"@type\":\"BreadcrumbList\",\"@id\":\"https:\\\/\\\/iha-race.com\\\/de\\\/producto\\\/krokodilklemmen-fur-elektronik-5-teilig\\\/#breadcrumb\",\"itemListElement\":[{\"@type\":\"ListItem\",\"position\":1,\"name\":\"Portada\",\"item\":\"https:\\\/\\\/iha-race.com\\\/de\\\/elementor-499\\\/\"},{\"@type\":\"ListItem\",\"position\":2,\"name\":\"Shop\",\"item\":\"https:\\\/\\\/iha-race.com\\\/de\\\/shop\\\/\"},{\"@type\":\"ListItem\",\"position\":3,\"name\":\"Krokodilklemmen f\u00fcr Elektronik (5 Stk.)\"}]},{\"@type\":\"WebSite\",\"@id\":\"https:\\\/\\\/iha-race.com\\\/de\\\/#website\",\"url\":\"https:\\\/\\\/iha-race.com\\\/de\\\/\",\"name\":\"Iha Race\",\"description\":\"Comprar drones de carreras FPV env\u00edos en un d\u00eda desde Espa\u00f1a\",\"publisher\":{\"@id\":\"https:\\\/\\\/iha-race.com\\\/de\\\/#organization\"},\"potentialAction\":[{\"@type\":\"SearchAction\",\"target\":{\"@type\":\"EntryPoint\",\"urlTemplate\":\"https:\\\/\\\/iha-race.com\\\/de\\\/?s={search_term_string}\"},\"query-input\":{\"@type\":\"PropertyValueSpecification\",\"valueRequired\":true,\"valueName\":\"search_term_string\"}}],\"inLanguage\":\"de\"},{\"@type\":\"Organization\",\"@id\":\"https:\\\/\\\/iha-race.com\\\/de\\\/#organization\",\"name\":\"Iha Race\",\"url\":\"https:\\\/\\\/iha-race.com\\\/de\\\/\",\"logo\":{\"@type\":\"ImageObject\",\"inLanguage\":\"de\",\"@id\":\"https:\\\/\\\/iha-race.com\\\/de\\\/#\\\/schema\\\/logo\\\/image\\\/\",\"url\":\"https:\\\/\\\/iha-race.com\\\/wp-content\\\/uploads\\\/2018\\\/07\\\/iha-race-drones-de-carreras-tienda-comprar-drones.png\",\"contentUrl\":\"https:\\\/\\\/iha-race.com\\\/wp-content\\\/uploads\\\/2018\\\/07\\\/iha-race-drones-de-carreras-tienda-comprar-drones.png\",\"width\":300,\"height\":100,\"caption\":\"Iha Race\"},\"image\":{\"@id\":\"https:\\\/\\\/iha-race.com\\\/de\\\/#\\\/schema\\\/logo\\\/image\\\/\"}}]}<\/script>\n<!-- \/ Yoast SEO plugin. -->","yoast_head_json":{"title":"Krokodilklemmen f\u00fcr Elektronik (5 Stk.) - Iha Race","robots":{"index":"index","follow":"follow","max-snippet":"max-snippet:-1","max-image-preview":"max-image-preview:large","max-video-preview":"max-video-preview:-1"},"canonical":"https:\/\/iha-race.com\/de\/producto\/krokodilklemmen-fur-elektronik-5-teilig\/","og_locale":"de_DE","og_type":"article","og_title":"Krokodilklemmen f\u00fcr Elektronik (5 Stk.) - Iha Race","og_description":"Krokodilklemmen f\u00fcr Elektronik (5 Stk.) Dies ist eine Packung mit 5 x 35 cm langen Kabeln mit einer Alligatorenklemme an jedem Ende. Die Krokodilklemme ist eine Metallklemme mit einer langen","og_url":"https:\/\/iha-race.com\/de\/producto\/krokodilklemmen-fur-elektronik-5-teilig\/","og_site_name":"Iha Race","article_modified_time":"2024-08-29T14:20:36+00:00","og_image":[{"width":800,"height":800,"url":"https:\/\/iha-race.com\/wp-content\/uploads\/2019\/05\/pinzas-de-cocodrilo-para-electronica-5piezas-1.jpg","type":"image\/jpeg"}],"twitter_card":"summary_large_image","schema":{"@context":"https:\/\/schema.org","@graph":[{"@type":"WebPage","@id":"https:\/\/iha-race.com\/de\/producto\/krokodilklemmen-fur-elektronik-5-teilig\/","url":"https:\/\/iha-race.com\/de\/producto\/krokodilklemmen-fur-elektronik-5-teilig\/","name":"Krokodilklemmen f\u00fcr Elektronik (5 Stk.) - Iha Race","isPartOf":{"@id":"https:\/\/iha-race.com\/de\/#website"},"primaryImageOfPage":{"@id":"https:\/\/iha-race.com\/de\/producto\/krokodilklemmen-fur-elektronik-5-teilig\/#primaryimage"},"image":{"@id":"https:\/\/iha-race.com\/de\/producto\/krokodilklemmen-fur-elektronik-5-teilig\/#primaryimage"},"thumbnailUrl":"https:\/\/iha-race.com\/wp-content\/uploads\/2019\/05\/pinzas-de-cocodrilo-para-electronica-5piezas-1.jpg","datePublished":"2019-05-19T16:31:38+00:00","dateModified":"2024-08-29T14:20:36+00:00","breadcrumb":{"@id":"https:\/\/iha-race.com\/de\/producto\/krokodilklemmen-fur-elektronik-5-teilig\/#breadcrumb"},"inLanguage":"de","potentialAction":[{"@type":"ReadAction","target":["https:\/\/iha-race.com\/de\/producto\/krokodilklemmen-fur-elektronik-5-teilig\/"]}]},{"@type":"ImageObject","inLanguage":"de","@id":"https:\/\/iha-race.com\/de\/producto\/krokodilklemmen-fur-elektronik-5-teilig\/#primaryimage","url":"https:\/\/iha-race.com\/wp-content\/uploads\/2019\/05\/pinzas-de-cocodrilo-para-electronica-5piezas-1.jpg","contentUrl":"https:\/\/iha-race.com\/wp-content\/uploads\/2019\/05\/pinzas-de-cocodrilo-para-electronica-5piezas-1.jpg","width":800,"height":800},{"@type":"BreadcrumbList","@id":"https:\/\/iha-race.com\/de\/producto\/krokodilklemmen-fur-elektronik-5-teilig\/#breadcrumb","itemListElement":[{"@type":"ListItem","position":1,"name":"Portada","item":"https:\/\/iha-race.com\/de\/elementor-499\/"},{"@type":"ListItem","position":2,"name":"Shop","item":"https:\/\/iha-race.com\/de\/shop\/"},{"@type":"ListItem","position":3,"name":"Krokodilklemmen f\u00fcr Elektronik (5 Stk.)"}]},{"@type":"WebSite","@id":"https:\/\/iha-race.com\/de\/#website","url":"https:\/\/iha-race.com\/de\/","name":"Iha Race","description":"Comprar drones de carreras FPV env\u00edos en un d\u00eda desde Espa\u00f1a","publisher":{"@id":"https:\/\/iha-race.com\/de\/#organization"},"potentialAction":[{"@type":"SearchAction","target":{"@type":"EntryPoint","urlTemplate":"https:\/\/iha-race.com\/de\/?s={search_term_string}"},"query-input":{"@type":"PropertyValueSpecification","valueRequired":true,"valueName":"search_term_string"}}],"inLanguage":"de"},{"@type":"Organization","@id":"https:\/\/iha-race.com\/de\/#organization","name":"Iha Race","url":"https:\/\/iha-race.com\/de\/","logo":{"@type":"ImageObject","inLanguage":"de","@id":"https:\/\/iha-race.com\/de\/#\/schema\/logo\/image\/","url":"https:\/\/iha-race.com\/wp-content\/uploads\/2018\/07\/iha-race-drones-de-carreras-tienda-comprar-drones.png","contentUrl":"https:\/\/iha-race.com\/wp-content\/uploads\/2018\/07\/iha-race-drones-de-carreras-tienda-comprar-drones.png","width":300,"height":100,"caption":"Iha Race"},"image":{"@id":"https:\/\/iha-race.com\/de\/#\/schema\/logo\/image\/"}}]}},"jetpack_sharing_enabled":true,"brands":[],"_links":{"self":[{"href":"https:\/\/iha-race.com\/de\/wp-json\/wp\/v2\/product\/207998","targetHints":{"allow":["GET"]}}],"collection":[{"href":"https:\/\/iha-race.com\/de\/wp-json\/wp\/v2\/product"}],"about":[{"href":"https:\/\/iha-race.com\/de\/wp-json\/wp\/v2\/types\/product"}],"replies":[{"embeddable":true,"href":"https:\/\/iha-race.com\/de\/wp-json\/wp\/v2\/comments?post=207998"}],"version-history":[{"count":2,"href":"https:\/\/iha-race.com\/de\/wp-json\/wp\/v2\/product\/207998\/revisions"}],"predecessor-version":[{"id":250215,"href":"https:\/\/iha-race.com\/de\/wp-json\/wp\/v2\/product\/207998\/revisions\/250215"}],"wp:featuredmedia":[{"embeddable":true,"href":"https:\/\/iha-race.com\/de\/wp-json\/wp\/v2\/media\/124492"}],"wp:attachment":[{"href":"https:\/\/iha-race.com\/de\/wp-json\/wp\/v2\/media?parent=207998"}],"wp:term":[{"taxonomy":"pwb-brand","embeddable":true,"href":"https:\/\/iha-race.com\/de\/wp-json\/wp\/v2\/pwb-brand?post=207998"},{"taxonomy":"product_cat","embeddable":true,"href":"https:\/\/iha-race.com\/de\/wp-json\/wp\/v2\/product_cat?post=207998"},{"taxonomy":"product_tag","embeddable":true,"href":"https:\/\/iha-race.com\/de\/wp-json\/wp\/v2\/product_tag?post=207998"}],"curies":[{"name":"wp","href":"https:\/\/api.w.org\/{rel}","templated":true}]}}