{"id":207997,"date":"2019-05-08T18:40:14","date_gmt":"2019-05-08T16:40:14","guid":{"rendered":"https:\/\/iha-race.com\/producto\/tattu-fun-fly-1300-mah-14-8v-100c-4s1p-akku\/"},"modified":"2026-03-06T13:38:45","modified_gmt":"2026-03-06T12:38:45","slug":"bateria-tattu-fun-fly-1300-mah-14-8v-100c-4s1p","status":"publish","type":"product","link":"https:\/\/iha-race.com\/de\/producto\/bateria-tattu-fun-fly-1300-mah-14-8v-100c-4s1p\/","title":{"rendered":"Tattu Fun Fly 1300 mAh 14.8V 100C 4S1P Akku"},"content":{"rendered":"<h2>Tattu Fun Fly 1300 mAh 14.8V 100C 4S1P Akku<\/h2>\n<p><strong>Funfly<\/strong>, das charmante neue Mitglied der Tattu-Familie, speziell f\u00fcr das t\u00e4gliche Training und Freestyle entwickelt. Sind Sie den Druck der Rennsportszene leid? Alles, was Sie tun m\u00fcssen, ist, einen sch\u00f6nen ruhigen Platz in einem \u00f6rtlichen Park oder einer anderen freien Fl\u00e4che zu finden, um Ihr Training zu beginnen. Mit seiner stabilen Performance kannst du dich auf deine Turns, Rollen und Powerloops konzentrieren und deine flie\u00dfenden Freestyle-Lines perfektionieren. Der Spa\u00df ist gro\u00df. Von nun an solltest du dich von dem Druck befreien und dich nicht darum k\u00fcmmern, was andere sagen, ob gut oder schlecht, positiv oder negativ, sondern einfach deine Flugger\u00e4te benutzen und deinen eigenen Freestyle starten. Tattu-Akkus liefern zuverl\u00e4ssige, hochwertige Energie f\u00fcr Ihren Multirotor oder Ihr Flugger\u00e4t. Alle Tattu LiPos sind mit vibrations- und feuerfestem Material und unserer luxuri\u00f6sen Batteriebox gef\u00fcllt. Vergewissern Sie sich, dass Ihre Batterie in einwandfreiem Zustand ist. Ein automatisches Verfahren und der Batteriezellenabgleich des Computersystems garantieren die Stabilit\u00e4t und Qualit\u00e4t der Batterien. Anders als die urspr\u00fcngliche Gens Ace Serie ist TATTU auf den UAV- und UAS-Markt spezialisiert, mit seiner industriellen Qualit\u00e4t (da Gens Ace im Hobbybereich angesiedelt ist), seinem Slogan &#8222;weniger ist mehr&#8220;, &#8222;mehr&#8220; bedeutet mehr Flugzeit, mehr Freude und mehr Zufriedenheit, und &#8222;weniger&#8220; bedeutet weniger Gewicht, einfaches Design. Tattu entwickelt seine Produkte immer nach diesen 2 Anweisungen, um Ihnen einen hochwertigen Akku zu liefern. <strong>Der Tattu Funfly Series 1300mAh 4S 100C Lipo-Akku<\/strong> wurde speziell f\u00fcr FPV-Quadcopter entwickelt, die hohe Entladungsraten ben\u00f6tigen. Das Tattu-Akkupaket hat die ideale Kombination aus Leistung und Gewicht. Die Entladungsrate von 100C gibt Ihnen einen sofortigen Energieschub beim Fliegen.  <\/p>\n<h3>Spezifikation:<\/h3>\n<ul>\n<li>Kapazit\u00e4t: 1300mAh<\/li>\n<li>Spannung: 14.8V \/ 4S<\/li>\n<li>Download-Geschwindigkeit: 100C<\/li>\n<li>Gewicht (\u00b1 10g): 149g<\/li>\n<li>Gr\u00f6\u00dfe (\u00b1 5): 73 * 35 * 28mm<\/li>\n<\/ul>\n<p>&nbsp;<\/p>\n<p><img fetchpriority=\"high\" decoding=\"async\" class=\"wp-image-9264 size-large\" src=\"https:\/\/iha-race.com\/wp-content\/uploads\/2019\/05\/tattufunfly-1-1024x575.jpg\" alt=\"Tattu Fun Fly 1300 mAh 14.8V 100C 4S1P Akku\" width=\"840\" height=\"472\" srcset=\"https:\/\/iha-race.com\/wp-content\/uploads\/2019\/05\/tattufunfly-1-1024x575.jpg 1024w, https:\/\/iha-race.com\/wp-content\/uploads\/2019\/05\/tattufunfly-1.jpg 600w, https:\/\/iha-race.com\/wp-content\/uploads\/2019\/05\/tattufunfly-1-300x169.jpg 300w, https:\/\/iha-race.com\/wp-content\/uploads\/2019\/05\/tattufunfly-1-767x431.jpg 767w, https:\/\/iha-race.com\/wp-content\/uploads\/2019\/05\/tattufunfly-1-788x442.jpg 788w\" sizes=\"(max-width: 840px) 100vw, 840px\" \/><\/p>\n<p><img decoding=\"async\" class=\"wp-image-9265 size-large alignnone\" src=\"https:\/\/iha-race.com\/wp-content\/uploads\/2019\/05\/tattufunfly-4-1024x575.jpg\" alt=\"Tattu Fun Fly 1300 mAh 14.8V 100C 4S1P Akku\" width=\"840\" height=\"472\" srcset=\"https:\/\/iha-race.com\/wp-content\/uploads\/2019\/05\/tattufunfly-4-1024x575.jpg 1024w, https:\/\/iha-race.com\/wp-content\/uploads\/2019\/05\/tattufunfly-4.jpg 600w, https:\/\/iha-race.com\/wp-content\/uploads\/2019\/05\/tattufunfly-4-300x169.jpg 300w, https:\/\/iha-race.com\/wp-content\/uploads\/2019\/05\/tattufunfly-4-767x431.jpg 767w, https:\/\/iha-race.com\/wp-content\/uploads\/2019\/05\/tattufunfly-4-788x442.jpg 788w\" sizes=\"(max-width: 840px) 100vw, 840px\" \/><\/p>\n<p>&nbsp;<\/p>\n","protected":false},"excerpt":{"rendered":"<p>Tattu Fun Fly 1300 mAh 14.8V 100C 4S1P Akku Funfly, das charmante neue Mitglied der Tattu-Familie, speziell f\u00fcr das t\u00e4gliche Training und Freestyle entwickelt. Sind Sie den Druck der Rennsportszene<\/p>\n","protected":false},"featured_media":124225,"comment_status":"open","ping_status":"closed","template":"","meta":{"_joinchat":[]},"pwb-brand":[],"product_cat":[2501,2529],"product_tag":[],"class_list":{"0":"post-207997","1":"product","2":"type-product","3":"status-publish","4":"has-post-thumbnail","6":"product_cat-fpv-akkus","7":"product_cat-s4-de","9":"first","10":"outofstock","11":"taxable","12":"shipping-taxable","13":"purchasable","14":"product-type-simple"},"barcode":null,"atum_controlled":true,"out_stock_date":"2026-03-06 13:38:46","out_stock_threshold":null,"inheritable":false,"stock_on_hold":0,"sold_today":0,"sales_last_days":0,"out_stock_days":52,"lost_sales":170,"update_date":"2026-04-27T19:44:23","atum_locations":[],"atum_stock_status":"outofstock","restock_status":false,"low_stock_amount":"","sales_update_date":"2026-04-27T19:44:23","calc_backorders":null,"yoast_head":"<!-- This site is optimized with the Yoast SEO plugin v27.3 - https:\/\/yoast.com\/product\/yoast-seo-wordpress\/ -->\n<title>Tattu Fun Fly 1300 mAh 14.8V 100C 4S1P Akku - Iha Race<\/title>\n<meta name=\"robots\" content=\"index, follow, max-snippet:-1, max-image-preview:large, max-video-preview:-1\" \/>\n<link rel=\"canonical\" href=\"https:\/\/iha-race.com\/de\/producto\/bateria-tattu-fun-fly-1300-mah-14-8v-100c-4s1p\/\" \/>\n<meta property=\"og:locale\" content=\"de_DE\" \/>\n<meta property=\"og:type\" content=\"article\" \/>\n<meta property=\"og:title\" content=\"Tattu Fun Fly 1300 mAh 14.8V 100C 4S1P Akku - Iha Race\" \/>\n<meta property=\"og:description\" content=\"Tattu Fun Fly 1300 mAh 14.8V 100C 4S1P Akku Funfly, das charmante neue Mitglied der Tattu-Familie, speziell f\u00fcr das t\u00e4gliche Training und Freestyle entwickelt. Sind Sie den Druck der Rennsportszene\" \/>\n<meta property=\"og:url\" content=\"https:\/\/iha-race.com\/de\/producto\/bateria-tattu-fun-fly-1300-mah-14-8v-100c-4s1p\/\" \/>\n<meta property=\"og:site_name\" content=\"Iha Race\" \/>\n<meta property=\"article:modified_time\" content=\"2026-03-06T12:38:45+00:00\" \/>\n<meta property=\"og:image\" content=\"https:\/\/iha-race.com\/wp-content\/uploads\/2019\/05\/bateria-tattu-fun-fly-1300-mah-14-8v-100c-4s1p-1.jpg\" \/>\n\t<meta property=\"og:image:width\" content=\"800\" \/>\n\t<meta property=\"og:image:height\" content=\"800\" \/>\n\t<meta property=\"og:image:type\" content=\"image\/jpeg\" \/>\n<meta name=\"twitter:card\" content=\"summary_large_image\" \/>\n<meta name=\"twitter:label1\" content=\"Gesch\u00e4tzte Lesezeit\" \/>\n\t<meta name=\"twitter:data1\" content=\"2\u00a0Minuten\" \/>\n<script type=\"application\/ld+json\" class=\"yoast-schema-graph\">{\"@context\":\"https:\\\/\\\/schema.org\",\"@graph\":[{\"@type\":\"WebPage\",\"@id\":\"https:\\\/\\\/iha-race.com\\\/de\\\/producto\\\/bateria-tattu-fun-fly-1300-mah-14-8v-100c-4s1p\\\/\",\"url\":\"https:\\\/\\\/iha-race.com\\\/de\\\/producto\\\/bateria-tattu-fun-fly-1300-mah-14-8v-100c-4s1p\\\/\",\"name\":\"Tattu Fun Fly 1300 mAh 14.8V 100C 4S1P Akku - Iha Race\",\"isPartOf\":{\"@id\":\"https:\\\/\\\/iha-race.com\\\/de\\\/#website\"},\"primaryImageOfPage\":{\"@id\":\"https:\\\/\\\/iha-race.com\\\/de\\\/producto\\\/bateria-tattu-fun-fly-1300-mah-14-8v-100c-4s1p\\\/#primaryimage\"},\"image\":{\"@id\":\"https:\\\/\\\/iha-race.com\\\/de\\\/producto\\\/bateria-tattu-fun-fly-1300-mah-14-8v-100c-4s1p\\\/#primaryimage\"},\"thumbnailUrl\":\"https:\\\/\\\/iha-race.com\\\/wp-content\\\/uploads\\\/2019\\\/05\\\/bateria-tattu-fun-fly-1300-mah-14-8v-100c-4s1p-1.jpg\",\"datePublished\":\"2019-05-08T16:40:14+00:00\",\"dateModified\":\"2026-03-06T12:38:45+00:00\",\"breadcrumb\":{\"@id\":\"https:\\\/\\\/iha-race.com\\\/de\\\/producto\\\/bateria-tattu-fun-fly-1300-mah-14-8v-100c-4s1p\\\/#breadcrumb\"},\"inLanguage\":\"de\",\"potentialAction\":[{\"@type\":\"ReadAction\",\"target\":[\"https:\\\/\\\/iha-race.com\\\/de\\\/producto\\\/bateria-tattu-fun-fly-1300-mah-14-8v-100c-4s1p\\\/\"]}]},{\"@type\":\"ImageObject\",\"inLanguage\":\"de\",\"@id\":\"https:\\\/\\\/iha-race.com\\\/de\\\/producto\\\/bateria-tattu-fun-fly-1300-mah-14-8v-100c-4s1p\\\/#primaryimage\",\"url\":\"https:\\\/\\\/iha-race.com\\\/wp-content\\\/uploads\\\/2019\\\/05\\\/bateria-tattu-fun-fly-1300-mah-14-8v-100c-4s1p-1.jpg\",\"contentUrl\":\"https:\\\/\\\/iha-race.com\\\/wp-content\\\/uploads\\\/2019\\\/05\\\/bateria-tattu-fun-fly-1300-mah-14-8v-100c-4s1p-1.jpg\",\"width\":800,\"height\":800},{\"@type\":\"BreadcrumbList\",\"@id\":\"https:\\\/\\\/iha-race.com\\\/de\\\/producto\\\/bateria-tattu-fun-fly-1300-mah-14-8v-100c-4s1p\\\/#breadcrumb\",\"itemListElement\":[{\"@type\":\"ListItem\",\"position\":1,\"name\":\"Portada\",\"item\":\"https:\\\/\\\/iha-race.com\\\/de\\\/elementor-499\\\/\"},{\"@type\":\"ListItem\",\"position\":2,\"name\":\"Shop\",\"item\":\"https:\\\/\\\/iha-race.com\\\/de\\\/shop\\\/\"},{\"@type\":\"ListItem\",\"position\":3,\"name\":\"Tattu Fun Fly 1300 mAh 14.8V 100C 4S1P Akku\"}]},{\"@type\":\"WebSite\",\"@id\":\"https:\\\/\\\/iha-race.com\\\/de\\\/#website\",\"url\":\"https:\\\/\\\/iha-race.com\\\/de\\\/\",\"name\":\"Iha Race\",\"description\":\"Comprar drones de carreras FPV env\u00edos en un d\u00eda desde Espa\u00f1a\",\"publisher\":{\"@id\":\"https:\\\/\\\/iha-race.com\\\/de\\\/#organization\"},\"potentialAction\":[{\"@type\":\"SearchAction\",\"target\":{\"@type\":\"EntryPoint\",\"urlTemplate\":\"https:\\\/\\\/iha-race.com\\\/de\\\/?s={search_term_string}\"},\"query-input\":{\"@type\":\"PropertyValueSpecification\",\"valueRequired\":true,\"valueName\":\"search_term_string\"}}],\"inLanguage\":\"de\"},{\"@type\":\"Organization\",\"@id\":\"https:\\\/\\\/iha-race.com\\\/de\\\/#organization\",\"name\":\"Iha Race\",\"url\":\"https:\\\/\\\/iha-race.com\\\/de\\\/\",\"logo\":{\"@type\":\"ImageObject\",\"inLanguage\":\"de\",\"@id\":\"https:\\\/\\\/iha-race.com\\\/de\\\/#\\\/schema\\\/logo\\\/image\\\/\",\"url\":\"https:\\\/\\\/iha-race.com\\\/wp-content\\\/uploads\\\/2018\\\/07\\\/iha-race-drones-de-carreras-tienda-comprar-drones.png\",\"contentUrl\":\"https:\\\/\\\/iha-race.com\\\/wp-content\\\/uploads\\\/2018\\\/07\\\/iha-race-drones-de-carreras-tienda-comprar-drones.png\",\"width\":300,\"height\":100,\"caption\":\"Iha Race\"},\"image\":{\"@id\":\"https:\\\/\\\/iha-race.com\\\/de\\\/#\\\/schema\\\/logo\\\/image\\\/\"}}]}<\/script>\n<!-- \/ Yoast SEO plugin. -->","yoast_head_json":{"title":"Tattu Fun Fly 1300 mAh 14.8V 100C 4S1P Akku - Iha Race","robots":{"index":"index","follow":"follow","max-snippet":"max-snippet:-1","max-image-preview":"max-image-preview:large","max-video-preview":"max-video-preview:-1"},"canonical":"https:\/\/iha-race.com\/de\/producto\/bateria-tattu-fun-fly-1300-mah-14-8v-100c-4s1p\/","og_locale":"de_DE","og_type":"article","og_title":"Tattu Fun Fly 1300 mAh 14.8V 100C 4S1P Akku - Iha Race","og_description":"Tattu Fun Fly 1300 mAh 14.8V 100C 4S1P Akku Funfly, das charmante neue Mitglied der Tattu-Familie, speziell f\u00fcr das t\u00e4gliche Training und Freestyle entwickelt. Sind Sie den Druck der Rennsportszene","og_url":"https:\/\/iha-race.com\/de\/producto\/bateria-tattu-fun-fly-1300-mah-14-8v-100c-4s1p\/","og_site_name":"Iha Race","article_modified_time":"2026-03-06T12:38:45+00:00","og_image":[{"width":800,"height":800,"url":"https:\/\/iha-race.com\/wp-content\/uploads\/2019\/05\/bateria-tattu-fun-fly-1300-mah-14-8v-100c-4s1p-1.jpg","type":"image\/jpeg"}],"twitter_card":"summary_large_image","twitter_misc":{"Gesch\u00e4tzte Lesezeit":"2\u00a0Minuten"},"schema":{"@context":"https:\/\/schema.org","@graph":[{"@type":"WebPage","@id":"https:\/\/iha-race.com\/de\/producto\/bateria-tattu-fun-fly-1300-mah-14-8v-100c-4s1p\/","url":"https:\/\/iha-race.com\/de\/producto\/bateria-tattu-fun-fly-1300-mah-14-8v-100c-4s1p\/","name":"Tattu Fun Fly 1300 mAh 14.8V 100C 4S1P Akku - Iha Race","isPartOf":{"@id":"https:\/\/iha-race.com\/de\/#website"},"primaryImageOfPage":{"@id":"https:\/\/iha-race.com\/de\/producto\/bateria-tattu-fun-fly-1300-mah-14-8v-100c-4s1p\/#primaryimage"},"image":{"@id":"https:\/\/iha-race.com\/de\/producto\/bateria-tattu-fun-fly-1300-mah-14-8v-100c-4s1p\/#primaryimage"},"thumbnailUrl":"https:\/\/iha-race.com\/wp-content\/uploads\/2019\/05\/bateria-tattu-fun-fly-1300-mah-14-8v-100c-4s1p-1.jpg","datePublished":"2019-05-08T16:40:14+00:00","dateModified":"2026-03-06T12:38:45+00:00","breadcrumb":{"@id":"https:\/\/iha-race.com\/de\/producto\/bateria-tattu-fun-fly-1300-mah-14-8v-100c-4s1p\/#breadcrumb"},"inLanguage":"de","potentialAction":[{"@type":"ReadAction","target":["https:\/\/iha-race.com\/de\/producto\/bateria-tattu-fun-fly-1300-mah-14-8v-100c-4s1p\/"]}]},{"@type":"ImageObject","inLanguage":"de","@id":"https:\/\/iha-race.com\/de\/producto\/bateria-tattu-fun-fly-1300-mah-14-8v-100c-4s1p\/#primaryimage","url":"https:\/\/iha-race.com\/wp-content\/uploads\/2019\/05\/bateria-tattu-fun-fly-1300-mah-14-8v-100c-4s1p-1.jpg","contentUrl":"https:\/\/iha-race.com\/wp-content\/uploads\/2019\/05\/bateria-tattu-fun-fly-1300-mah-14-8v-100c-4s1p-1.jpg","width":800,"height":800},{"@type":"BreadcrumbList","@id":"https:\/\/iha-race.com\/de\/producto\/bateria-tattu-fun-fly-1300-mah-14-8v-100c-4s1p\/#breadcrumb","itemListElement":[{"@type":"ListItem","position":1,"name":"Portada","item":"https:\/\/iha-race.com\/de\/elementor-499\/"},{"@type":"ListItem","position":2,"name":"Shop","item":"https:\/\/iha-race.com\/de\/shop\/"},{"@type":"ListItem","position":3,"name":"Tattu Fun Fly 1300 mAh 14.8V 100C 4S1P Akku"}]},{"@type":"WebSite","@id":"https:\/\/iha-race.com\/de\/#website","url":"https:\/\/iha-race.com\/de\/","name":"Iha Race","description":"Comprar drones de carreras FPV env\u00edos en un d\u00eda desde Espa\u00f1a","publisher":{"@id":"https:\/\/iha-race.com\/de\/#organization"},"potentialAction":[{"@type":"SearchAction","target":{"@type":"EntryPoint","urlTemplate":"https:\/\/iha-race.com\/de\/?s={search_term_string}"},"query-input":{"@type":"PropertyValueSpecification","valueRequired":true,"valueName":"search_term_string"}}],"inLanguage":"de"},{"@type":"Organization","@id":"https:\/\/iha-race.com\/de\/#organization","name":"Iha Race","url":"https:\/\/iha-race.com\/de\/","logo":{"@type":"ImageObject","inLanguage":"de","@id":"https:\/\/iha-race.com\/de\/#\/schema\/logo\/image\/","url":"https:\/\/iha-race.com\/wp-content\/uploads\/2018\/07\/iha-race-drones-de-carreras-tienda-comprar-drones.png","contentUrl":"https:\/\/iha-race.com\/wp-content\/uploads\/2018\/07\/iha-race-drones-de-carreras-tienda-comprar-drones.png","width":300,"height":100,"caption":"Iha Race"},"image":{"@id":"https:\/\/iha-race.com\/de\/#\/schema\/logo\/image\/"}}]}},"jetpack_sharing_enabled":true,"brands":[],"_links":{"self":[{"href":"https:\/\/iha-race.com\/de\/wp-json\/wp\/v2\/product\/207997","targetHints":{"allow":["GET"]}}],"collection":[{"href":"https:\/\/iha-race.com\/de\/wp-json\/wp\/v2\/product"}],"about":[{"href":"https:\/\/iha-race.com\/de\/wp-json\/wp\/v2\/types\/product"}],"replies":[{"embeddable":true,"href":"https:\/\/iha-race.com\/de\/wp-json\/wp\/v2\/comments?post=207997"}],"version-history":[{"count":2,"href":"https:\/\/iha-race.com\/de\/wp-json\/wp\/v2\/product\/207997\/revisions"}],"predecessor-version":[{"id":248018,"href":"https:\/\/iha-race.com\/de\/wp-json\/wp\/v2\/product\/207997\/revisions\/248018"}],"wp:featuredmedia":[{"embeddable":true,"href":"https:\/\/iha-race.com\/de\/wp-json\/wp\/v2\/media\/124225"}],"wp:attachment":[{"href":"https:\/\/iha-race.com\/de\/wp-json\/wp\/v2\/media?parent=207997"}],"wp:term":[{"taxonomy":"pwb-brand","embeddable":true,"href":"https:\/\/iha-race.com\/de\/wp-json\/wp\/v2\/pwb-brand?post=207997"},{"taxonomy":"product_cat","embeddable":true,"href":"https:\/\/iha-race.com\/de\/wp-json\/wp\/v2\/product_cat?post=207997"},{"taxonomy":"product_tag","embeddable":true,"href":"https:\/\/iha-race.com\/de\/wp-json\/wp\/v2\/product_tag?post=207997"}],"curies":[{"name":"wp","href":"https:\/\/api.w.org\/{rel}","templated":true}]}}