{"id":207975,"date":"2019-05-07T17:27:46","date_gmt":"2019-05-07T15:27:46","guid":{"rendered":"https:\/\/iha-race.com\/producto\/tbs-crossfire-adapter-modul-jr\/"},"modified":"2024-08-29T16:21:01","modified_gmt":"2024-08-29T14:21:01","slug":"adapter-tbs-crossfire-modul-jr","status":"publish","type":"product","link":"https:\/\/iha-race.com\/de\/producto\/adapter-tbs-crossfire-modul-jr\/","title":{"rendered":"TBS CROSSFIRE Adapter Modul JR"},"content":{"rendered":"<h2>TBS CROSSFIRE Adapter Modul JR<\/h2>\n<p>  Dieses Ger\u00e4t enth\u00e4lt das f\u00fcr die CRSF-Kommunikation mit anderen Ger\u00e4ten und der TBS Cloud erforderliche WiFi-Modul. Wird mit Wifi im &#8222;Schlafmodus&#8220; geliefert. Um das WLAN zu aktivieren, verbinden Sie sich mit dem Access Point, rufen Sie mit Ihrem Browser 192.168.4.1 auf und folgen Sie den Informationen auf dem Bildschirm, um auf die neueste WLAN-Firmware zu aktualisieren.  <\/p>\n<h3>Das Paket enth\u00e4lt:<\/h3>\n<ul>\n<li>1 x Adapter TBS CROSSFIRE Modul JR<\/li>\n<\/ul>\n<h3>Downloads:<\/h3>\n<ul>\n<li>Laden Sie <a href=\"https:\/\/www.team-blacksheep.com\/tbs-cloud-activation.zip\" target=\"_blank\" rel=\"noopener\">die TBS Cloud Aktivierungs-Firmware<\/a> herunter<\/li>\n<\/ul>\n","protected":false},"excerpt":{"rendered":"<p>TBS CROSSFIRE Adapter Modul JR Dieses Ger\u00e4t enth\u00e4lt das f\u00fcr die CRSF-Kommunikation mit anderen Ger\u00e4ten und der TBS Cloud erforderliche WiFi-Modul. Wird mit Wifi im &#8222;Schlafmodus&#8220; geliefert. Um das WLAN<\/p>\n","protected":false},"featured_media":124692,"comment_status":"open","ping_status":"closed","template":"","meta":{"_joinchat":[]},"pwb-brand":[],"product_cat":[2439,153,58,2437],"product_tag":[],"class_list":{"0":"post-207975","1":"product","2":"type-product","3":"status-publish","4":"has-post-thumbnail","6":"product_cat-repuestos-3","7":"product_cat-long-range","8":"product_cat-emisoras","9":"product_cat-modulos-tx","11":"first","12":"instock","13":"taxable","14":"shipping-taxable","15":"purchasable","16":"product-type-simple"},"barcode":null,"atum_controlled":true,"out_stock_date":null,"out_stock_threshold":null,"inheritable":false,"stock_on_hold":0,"sold_today":0,"sales_last_days":0,"out_stock_days":0,"lost_sales":0,"update_date":"2026-04-25T20:29:13","atum_locations":[],"atum_stock_status":"instock","restock_status":false,"low_stock_amount":"","sales_update_date":"2026-04-25T20:29:13","calc_backorders":null,"yoast_head":"<!-- This site is optimized with the Yoast SEO plugin v27.3 - https:\/\/yoast.com\/product\/yoast-seo-wordpress\/ -->\n<title>TBS CROSSFIRE Adapter Modul JR - Iha Race<\/title>\n<meta name=\"robots\" content=\"index, follow, max-snippet:-1, max-image-preview:large, max-video-preview:-1\" \/>\n<link rel=\"canonical\" href=\"https:\/\/iha-race.com\/de\/producto\/adapter-tbs-crossfire-modul-jr\/\" \/>\n<meta property=\"og:locale\" content=\"de_DE\" \/>\n<meta property=\"og:type\" content=\"article\" \/>\n<meta property=\"og:title\" content=\"TBS CROSSFIRE Adapter Modul JR - Iha Race\" \/>\n<meta property=\"og:description\" content=\"TBS CROSSFIRE Adapter Modul JR Dieses Ger\u00e4t enth\u00e4lt das f\u00fcr die CRSF-Kommunikation mit anderen Ger\u00e4ten und der TBS Cloud erforderliche WiFi-Modul. Wird mit Wifi im &#8222;Schlafmodus&#8220; geliefert. Um das WLAN\" \/>\n<meta property=\"og:url\" content=\"https:\/\/iha-race.com\/de\/producto\/adapter-tbs-crossfire-modul-jr\/\" \/>\n<meta property=\"og:site_name\" content=\"Iha Race\" \/>\n<meta property=\"article:modified_time\" content=\"2024-08-29T14:21:01+00:00\" \/>\n<meta property=\"og:image\" content=\"https:\/\/iha-race.com\/wp-content\/uploads\/2019\/05\/adaptador-tbs-crossfire-modulo-jr-1.jpg\" \/>\n\t<meta property=\"og:image:width\" content=\"800\" \/>\n\t<meta property=\"og:image:height\" content=\"800\" \/>\n\t<meta property=\"og:image:type\" content=\"image\/jpeg\" \/>\n<meta name=\"twitter:card\" content=\"summary_large_image\" \/>\n<script type=\"application\/ld+json\" class=\"yoast-schema-graph\">{\"@context\":\"https:\\\/\\\/schema.org\",\"@graph\":[{\"@type\":\"WebPage\",\"@id\":\"https:\\\/\\\/iha-race.com\\\/de\\\/producto\\\/adapter-tbs-crossfire-modul-jr\\\/\",\"url\":\"https:\\\/\\\/iha-race.com\\\/de\\\/producto\\\/adapter-tbs-crossfire-modul-jr\\\/\",\"name\":\"TBS CROSSFIRE Adapter Modul JR - Iha Race\",\"isPartOf\":{\"@id\":\"https:\\\/\\\/iha-race.com\\\/de\\\/#website\"},\"primaryImageOfPage\":{\"@id\":\"https:\\\/\\\/iha-race.com\\\/de\\\/producto\\\/adapter-tbs-crossfire-modul-jr\\\/#primaryimage\"},\"image\":{\"@id\":\"https:\\\/\\\/iha-race.com\\\/de\\\/producto\\\/adapter-tbs-crossfire-modul-jr\\\/#primaryimage\"},\"thumbnailUrl\":\"https:\\\/\\\/iha-race.com\\\/wp-content\\\/uploads\\\/2019\\\/05\\\/adaptador-tbs-crossfire-modulo-jr-1.jpg\",\"datePublished\":\"2019-05-07T15:27:46+00:00\",\"dateModified\":\"2024-08-29T14:21:01+00:00\",\"breadcrumb\":{\"@id\":\"https:\\\/\\\/iha-race.com\\\/de\\\/producto\\\/adapter-tbs-crossfire-modul-jr\\\/#breadcrumb\"},\"inLanguage\":\"de\",\"potentialAction\":[{\"@type\":\"ReadAction\",\"target\":[\"https:\\\/\\\/iha-race.com\\\/de\\\/producto\\\/adapter-tbs-crossfire-modul-jr\\\/\"]}]},{\"@type\":\"ImageObject\",\"inLanguage\":\"de\",\"@id\":\"https:\\\/\\\/iha-race.com\\\/de\\\/producto\\\/adapter-tbs-crossfire-modul-jr\\\/#primaryimage\",\"url\":\"https:\\\/\\\/iha-race.com\\\/wp-content\\\/uploads\\\/2019\\\/05\\\/adaptador-tbs-crossfire-modulo-jr-1.jpg\",\"contentUrl\":\"https:\\\/\\\/iha-race.com\\\/wp-content\\\/uploads\\\/2019\\\/05\\\/adaptador-tbs-crossfire-modulo-jr-1.jpg\",\"width\":800,\"height\":800},{\"@type\":\"BreadcrumbList\",\"@id\":\"https:\\\/\\\/iha-race.com\\\/de\\\/producto\\\/adapter-tbs-crossfire-modul-jr\\\/#breadcrumb\",\"itemListElement\":[{\"@type\":\"ListItem\",\"position\":1,\"name\":\"Portada\",\"item\":\"https:\\\/\\\/iha-race.com\\\/de\\\/elementor-499\\\/\"},{\"@type\":\"ListItem\",\"position\":2,\"name\":\"Shop\",\"item\":\"https:\\\/\\\/iha-race.com\\\/de\\\/shop\\\/\"},{\"@type\":\"ListItem\",\"position\":3,\"name\":\"TBS CROSSFIRE Adapter Modul JR\"}]},{\"@type\":\"WebSite\",\"@id\":\"https:\\\/\\\/iha-race.com\\\/de\\\/#website\",\"url\":\"https:\\\/\\\/iha-race.com\\\/de\\\/\",\"name\":\"Iha Race\",\"description\":\"Comprar drones de carreras FPV env\u00edos en un d\u00eda desde Espa\u00f1a\",\"publisher\":{\"@id\":\"https:\\\/\\\/iha-race.com\\\/de\\\/#organization\"},\"potentialAction\":[{\"@type\":\"SearchAction\",\"target\":{\"@type\":\"EntryPoint\",\"urlTemplate\":\"https:\\\/\\\/iha-race.com\\\/de\\\/?s={search_term_string}\"},\"query-input\":{\"@type\":\"PropertyValueSpecification\",\"valueRequired\":true,\"valueName\":\"search_term_string\"}}],\"inLanguage\":\"de\"},{\"@type\":\"Organization\",\"@id\":\"https:\\\/\\\/iha-race.com\\\/de\\\/#organization\",\"name\":\"Iha Race\",\"url\":\"https:\\\/\\\/iha-race.com\\\/de\\\/\",\"logo\":{\"@type\":\"ImageObject\",\"inLanguage\":\"de\",\"@id\":\"https:\\\/\\\/iha-race.com\\\/de\\\/#\\\/schema\\\/logo\\\/image\\\/\",\"url\":\"https:\\\/\\\/iha-race.com\\\/wp-content\\\/uploads\\\/2018\\\/07\\\/iha-race-drones-de-carreras-tienda-comprar-drones.png\",\"contentUrl\":\"https:\\\/\\\/iha-race.com\\\/wp-content\\\/uploads\\\/2018\\\/07\\\/iha-race-drones-de-carreras-tienda-comprar-drones.png\",\"width\":300,\"height\":100,\"caption\":\"Iha Race\"},\"image\":{\"@id\":\"https:\\\/\\\/iha-race.com\\\/de\\\/#\\\/schema\\\/logo\\\/image\\\/\"}}]}<\/script>\n<!-- \/ Yoast SEO plugin. -->","yoast_head_json":{"title":"TBS CROSSFIRE Adapter Modul JR - Iha Race","robots":{"index":"index","follow":"follow","max-snippet":"max-snippet:-1","max-image-preview":"max-image-preview:large","max-video-preview":"max-video-preview:-1"},"canonical":"https:\/\/iha-race.com\/de\/producto\/adapter-tbs-crossfire-modul-jr\/","og_locale":"de_DE","og_type":"article","og_title":"TBS CROSSFIRE Adapter Modul JR - Iha Race","og_description":"TBS CROSSFIRE Adapter Modul JR Dieses Ger\u00e4t enth\u00e4lt das f\u00fcr die CRSF-Kommunikation mit anderen Ger\u00e4ten und der TBS Cloud erforderliche WiFi-Modul. Wird mit Wifi im &#8222;Schlafmodus&#8220; geliefert. Um das WLAN","og_url":"https:\/\/iha-race.com\/de\/producto\/adapter-tbs-crossfire-modul-jr\/","og_site_name":"Iha Race","article_modified_time":"2024-08-29T14:21:01+00:00","og_image":[{"width":800,"height":800,"url":"https:\/\/iha-race.com\/wp-content\/uploads\/2019\/05\/adaptador-tbs-crossfire-modulo-jr-1.jpg","type":"image\/jpeg"}],"twitter_card":"summary_large_image","schema":{"@context":"https:\/\/schema.org","@graph":[{"@type":"WebPage","@id":"https:\/\/iha-race.com\/de\/producto\/adapter-tbs-crossfire-modul-jr\/","url":"https:\/\/iha-race.com\/de\/producto\/adapter-tbs-crossfire-modul-jr\/","name":"TBS CROSSFIRE Adapter Modul JR - Iha Race","isPartOf":{"@id":"https:\/\/iha-race.com\/de\/#website"},"primaryImageOfPage":{"@id":"https:\/\/iha-race.com\/de\/producto\/adapter-tbs-crossfire-modul-jr\/#primaryimage"},"image":{"@id":"https:\/\/iha-race.com\/de\/producto\/adapter-tbs-crossfire-modul-jr\/#primaryimage"},"thumbnailUrl":"https:\/\/iha-race.com\/wp-content\/uploads\/2019\/05\/adaptador-tbs-crossfire-modulo-jr-1.jpg","datePublished":"2019-05-07T15:27:46+00:00","dateModified":"2024-08-29T14:21:01+00:00","breadcrumb":{"@id":"https:\/\/iha-race.com\/de\/producto\/adapter-tbs-crossfire-modul-jr\/#breadcrumb"},"inLanguage":"de","potentialAction":[{"@type":"ReadAction","target":["https:\/\/iha-race.com\/de\/producto\/adapter-tbs-crossfire-modul-jr\/"]}]},{"@type":"ImageObject","inLanguage":"de","@id":"https:\/\/iha-race.com\/de\/producto\/adapter-tbs-crossfire-modul-jr\/#primaryimage","url":"https:\/\/iha-race.com\/wp-content\/uploads\/2019\/05\/adaptador-tbs-crossfire-modulo-jr-1.jpg","contentUrl":"https:\/\/iha-race.com\/wp-content\/uploads\/2019\/05\/adaptador-tbs-crossfire-modulo-jr-1.jpg","width":800,"height":800},{"@type":"BreadcrumbList","@id":"https:\/\/iha-race.com\/de\/producto\/adapter-tbs-crossfire-modul-jr\/#breadcrumb","itemListElement":[{"@type":"ListItem","position":1,"name":"Portada","item":"https:\/\/iha-race.com\/de\/elementor-499\/"},{"@type":"ListItem","position":2,"name":"Shop","item":"https:\/\/iha-race.com\/de\/shop\/"},{"@type":"ListItem","position":3,"name":"TBS CROSSFIRE Adapter Modul JR"}]},{"@type":"WebSite","@id":"https:\/\/iha-race.com\/de\/#website","url":"https:\/\/iha-race.com\/de\/","name":"Iha Race","description":"Comprar drones de carreras FPV env\u00edos en un d\u00eda desde Espa\u00f1a","publisher":{"@id":"https:\/\/iha-race.com\/de\/#organization"},"potentialAction":[{"@type":"SearchAction","target":{"@type":"EntryPoint","urlTemplate":"https:\/\/iha-race.com\/de\/?s={search_term_string}"},"query-input":{"@type":"PropertyValueSpecification","valueRequired":true,"valueName":"search_term_string"}}],"inLanguage":"de"},{"@type":"Organization","@id":"https:\/\/iha-race.com\/de\/#organization","name":"Iha Race","url":"https:\/\/iha-race.com\/de\/","logo":{"@type":"ImageObject","inLanguage":"de","@id":"https:\/\/iha-race.com\/de\/#\/schema\/logo\/image\/","url":"https:\/\/iha-race.com\/wp-content\/uploads\/2018\/07\/iha-race-drones-de-carreras-tienda-comprar-drones.png","contentUrl":"https:\/\/iha-race.com\/wp-content\/uploads\/2018\/07\/iha-race-drones-de-carreras-tienda-comprar-drones.png","width":300,"height":100,"caption":"Iha Race"},"image":{"@id":"https:\/\/iha-race.com\/de\/#\/schema\/logo\/image\/"}}]}},"jetpack_sharing_enabled":true,"brands":[],"_links":{"self":[{"href":"https:\/\/iha-race.com\/de\/wp-json\/wp\/v2\/product\/207975","targetHints":{"allow":["GET"]}}],"collection":[{"href":"https:\/\/iha-race.com\/de\/wp-json\/wp\/v2\/product"}],"about":[{"href":"https:\/\/iha-race.com\/de\/wp-json\/wp\/v2\/types\/product"}],"replies":[{"embeddable":true,"href":"https:\/\/iha-race.com\/de\/wp-json\/wp\/v2\/comments?post=207975"}],"version-history":[{"count":2,"href":"https:\/\/iha-race.com\/de\/wp-json\/wp\/v2\/product\/207975\/revisions"}],"predecessor-version":[{"id":250224,"href":"https:\/\/iha-race.com\/de\/wp-json\/wp\/v2\/product\/207975\/revisions\/250224"}],"wp:featuredmedia":[{"embeddable":true,"href":"https:\/\/iha-race.com\/de\/wp-json\/wp\/v2\/media\/124692"}],"wp:attachment":[{"href":"https:\/\/iha-race.com\/de\/wp-json\/wp\/v2\/media?parent=207975"}],"wp:term":[{"taxonomy":"pwb-brand","embeddable":true,"href":"https:\/\/iha-race.com\/de\/wp-json\/wp\/v2\/pwb-brand?post=207975"},{"taxonomy":"product_cat","embeddable":true,"href":"https:\/\/iha-race.com\/de\/wp-json\/wp\/v2\/product_cat?post=207975"},{"taxonomy":"product_tag","embeddable":true,"href":"https:\/\/iha-race.com\/de\/wp-json\/wp\/v2\/product_tag?post=207975"}],"curies":[{"name":"wp","href":"https:\/\/api.w.org\/{rel}","templated":true}]}}