{"id":207934,"date":"2019-04-01T19:05:47","date_gmt":"2019-04-01T17:05:47","guid":{"rendered":"https:\/\/iha-race.com\/producto\/tattu-450mah-2s-75c-7-4v-akku-mit-xt30-sockel\/"},"modified":"2026-03-31T16:11:24","modified_gmt":"2026-03-31T14:11:24","slug":"bateria-acehe-2s-450-mah-75c-lipo-racing-series-xt30","status":"publish","type":"product","link":"https:\/\/iha-race.com\/de\/producto\/bateria-acehe-2s-450-mah-75c-lipo-racing-series-xt30\/","title":{"rendered":"Tattu 450mAh 2S 75C 7.4V Akku mit XT30 Sockel"},"content":{"rendered":"<h2>Tattu 450mAh 2S 75C 7.4V Akku mit XT30 Sockel<\/h2>\n<p>  Diese Tattu 450mAh 2S Lipo Tattu-Akkus liefern zuverl\u00e4ssige, hochwertige Energie f\u00fcr Ihren FPV-Multirotor der Gr\u00f6\u00dfe 100 bis 180. Die 450mAh-Kapazit\u00e4t gibt Ihnen genug Energie, um Ihre Drohne und FPV zu fliegen. Sie sind sehr kompakt in Gr\u00f6\u00dfe und Gewicht, perfekt f\u00fcr kleine UAV \/ FPV Rahmen. Diese Akkus werden zu einem sehr vern\u00fcnftigen Preis verkauft, so dass Sie genug davon aufbewahren k\u00f6nnen, um ohne allzu gro\u00dfen Druck Spa\u00df am Fliegen zu haben.  <\/p>\n<h3><strong>Merkmal:<\/strong><\/h3>\n<ul>\n<li>Die bemerkenswerte Stacking-Technologie erm\u00f6glicht Einzelzellenkapazit\u00e4ten von 450 mAh.<\/li>\n<li>Hohe Entladeleistung und hohe Energiedichte.<\/li>\n<li>\u00dcberlegene Lithium-Polymer-Rohstoffe aus Japan und Korea<\/li>\n<\/ul>\n<h3><strong>Spezifikationen.<\/strong><\/h3>\n<ul>\n<li>Produkttyp: Lipo-Batterie<\/li>\n<li>Kapazit\u00e4t: 450mAh<\/li>\n<li>Spannung: 7,4V<\/li>\n<li>Maximale Dauerentladung: 75C (33,75A)<\/li>\n<li>Maximale Sto\u00dfentladung: 150C (67,5A)<\/li>\n<li>Gewicht : 28g<\/li>\n<li>Abmessungen: 45 x 24 x 15 mm<\/li>\n<li>Ausgleichsstecker: JST-XHR<\/li>\n<li>Entladungsbuchse: XT-30<\/li>\n<li>Ladegeschwindigkeit: 1-3C empfohlen, 5C maximal.<\/li>\n<\/ul>\n<h3>Das Paket enth\u00e4lt:<\/h3>\n<ul>\n<li>1 x Tattu 450mAh 2S 75C 7.4V Akku mit XT30 Stecker (Lang- oder Kurzpack nach Wahl)<\/li>\n<\/ul>\n","protected":false},"excerpt":{"rendered":"<p>Tattu 450mAh 2S 75C 7.4V Akku mit XT30 Sockel Diese Tattu 450mAh 2S Lipo Tattu-Akkus liefern zuverl\u00e4ssige, hochwertige Energie f\u00fcr Ihren FPV-Multirotor der Gr\u00f6\u00dfe 100 bis 180. Die 450mAh-Kapazit\u00e4t gibt<\/p>\n","protected":false},"featured_media":122280,"comment_status":"open","ping_status":"closed","template":"","meta":{"_joinchat":[]},"pwb-brand":[],"product_cat":[2501,2502],"product_tag":[],"class_list":{"0":"post-207934","1":"product","2":"type-product","3":"status-publish","4":"has-post-thumbnail","6":"product_cat-fpv-akkus","7":"product_cat-s2-de","9":"first","10":"outofstock","11":"taxable","12":"shipping-taxable","13":"purchasable","14":"product-type-variable"},"barcode":null,"atum_controlled":true,"out_stock_date":null,"out_stock_threshold":null,"inheritable":true,"stock_on_hold":0,"sold_today":3,"sales_last_days":3,"out_stock_days":0,"lost_sales":0,"update_date":"2026-04-27T19:47:02","atum_locations":[],"atum_stock_status":"outofstock","restock_status":false,"low_stock_amount":"","sales_update_date":"2026-04-27T19:47:02","calc_backorders":null,"yoast_head":"<!-- This site is optimized with the Yoast SEO plugin v27.3 - https:\/\/yoast.com\/product\/yoast-seo-wordpress\/ -->\n<title>Tattu 450mAh 2S 75C 7.4V Akku mit XT30 Sockel - Iha Race<\/title>\n<meta name=\"robots\" content=\"index, follow, max-snippet:-1, max-image-preview:large, max-video-preview:-1\" \/>\n<link rel=\"canonical\" href=\"https:\/\/iha-race.com\/de\/producto\/bateria-acehe-2s-450-mah-75c-lipo-racing-series-xt30\/\" \/>\n<meta property=\"og:locale\" content=\"de_DE\" \/>\n<meta property=\"og:type\" content=\"article\" \/>\n<meta property=\"og:title\" content=\"Tattu 450mAh 2S 75C 7.4V Akku mit XT30 Sockel - Iha Race\" \/>\n<meta property=\"og:description\" content=\"Tattu 450mAh 2S 75C 7.4V Akku mit XT30 Sockel Diese Tattu 450mAh 2S Lipo Tattu-Akkus liefern zuverl\u00e4ssige, hochwertige Energie f\u00fcr Ihren FPV-Multirotor der Gr\u00f6\u00dfe 100 bis 180. Die 450mAh-Kapazit\u00e4t gibt\" \/>\n<meta property=\"og:url\" content=\"https:\/\/iha-race.com\/de\/producto\/bateria-acehe-2s-450-mah-75c-lipo-racing-series-xt30\/\" \/>\n<meta property=\"og:site_name\" content=\"Iha Race\" \/>\n<meta property=\"article:modified_time\" content=\"2026-03-31T14:11:24+00:00\" \/>\n<meta property=\"og:image\" content=\"https:\/\/iha-race.com\/wp-content\/uploads\/2019\/04\/2_61.jpg\" \/>\n\t<meta property=\"og:image:width\" content=\"800\" \/>\n\t<meta property=\"og:image:height\" content=\"800\" \/>\n\t<meta property=\"og:image:type\" content=\"image\/jpeg\" \/>\n<meta name=\"twitter:card\" content=\"summary_large_image\" \/>\n<meta name=\"twitter:label1\" content=\"Gesch\u00e4tzte Lesezeit\" \/>\n\t<meta name=\"twitter:data1\" content=\"1\u00a0Minute\" \/>\n<script type=\"application\/ld+json\" class=\"yoast-schema-graph\">{\"@context\":\"https:\\\/\\\/schema.org\",\"@graph\":[{\"@type\":\"WebPage\",\"@id\":\"https:\\\/\\\/iha-race.com\\\/de\\\/producto\\\/bateria-acehe-2s-450-mah-75c-lipo-racing-series-xt30\\\/\",\"url\":\"https:\\\/\\\/iha-race.com\\\/de\\\/producto\\\/bateria-acehe-2s-450-mah-75c-lipo-racing-series-xt30\\\/\",\"name\":\"Tattu 450mAh 2S 75C 7.4V Akku mit XT30 Sockel - Iha Race\",\"isPartOf\":{\"@id\":\"https:\\\/\\\/iha-race.com\\\/de\\\/#website\"},\"primaryImageOfPage\":{\"@id\":\"https:\\\/\\\/iha-race.com\\\/de\\\/producto\\\/bateria-acehe-2s-450-mah-75c-lipo-racing-series-xt30\\\/#primaryimage\"},\"image\":{\"@id\":\"https:\\\/\\\/iha-race.com\\\/de\\\/producto\\\/bateria-acehe-2s-450-mah-75c-lipo-racing-series-xt30\\\/#primaryimage\"},\"thumbnailUrl\":\"https:\\\/\\\/iha-race.com\\\/wp-content\\\/uploads\\\/2019\\\/04\\\/2_61.jpg\",\"datePublished\":\"2019-04-01T17:05:47+00:00\",\"dateModified\":\"2026-03-31T14:11:24+00:00\",\"breadcrumb\":{\"@id\":\"https:\\\/\\\/iha-race.com\\\/de\\\/producto\\\/bateria-acehe-2s-450-mah-75c-lipo-racing-series-xt30\\\/#breadcrumb\"},\"inLanguage\":\"de\",\"potentialAction\":[{\"@type\":\"ReadAction\",\"target\":[\"https:\\\/\\\/iha-race.com\\\/de\\\/producto\\\/bateria-acehe-2s-450-mah-75c-lipo-racing-series-xt30\\\/\"]}]},{\"@type\":\"ImageObject\",\"inLanguage\":\"de\",\"@id\":\"https:\\\/\\\/iha-race.com\\\/de\\\/producto\\\/bateria-acehe-2s-450-mah-75c-lipo-racing-series-xt30\\\/#primaryimage\",\"url\":\"https:\\\/\\\/iha-race.com\\\/wp-content\\\/uploads\\\/2019\\\/04\\\/2_61.jpg\",\"contentUrl\":\"https:\\\/\\\/iha-race.com\\\/wp-content\\\/uploads\\\/2019\\\/04\\\/2_61.jpg\",\"width\":800,\"height\":800,\"caption\":\"Bater\u00eda Tattu 450mAh 2S 75C 7.4V con enchufe XT30\"},{\"@type\":\"BreadcrumbList\",\"@id\":\"https:\\\/\\\/iha-race.com\\\/de\\\/producto\\\/bateria-acehe-2s-450-mah-75c-lipo-racing-series-xt30\\\/#breadcrumb\",\"itemListElement\":[{\"@type\":\"ListItem\",\"position\":1,\"name\":\"Portada\",\"item\":\"https:\\\/\\\/iha-race.com\\\/de\\\/elementor-499\\\/\"},{\"@type\":\"ListItem\",\"position\":2,\"name\":\"Shop\",\"item\":\"https:\\\/\\\/iha-race.com\\\/de\\\/shop\\\/\"},{\"@type\":\"ListItem\",\"position\":3,\"name\":\"Tattu 450mAh 2S 75C 7.4V Akku mit XT30 Sockel\"}]},{\"@type\":\"WebSite\",\"@id\":\"https:\\\/\\\/iha-race.com\\\/de\\\/#website\",\"url\":\"https:\\\/\\\/iha-race.com\\\/de\\\/\",\"name\":\"Iha Race\",\"description\":\"Comprar drones de carreras FPV env\u00edos en un d\u00eda desde Espa\u00f1a\",\"publisher\":{\"@id\":\"https:\\\/\\\/iha-race.com\\\/de\\\/#organization\"},\"potentialAction\":[{\"@type\":\"SearchAction\",\"target\":{\"@type\":\"EntryPoint\",\"urlTemplate\":\"https:\\\/\\\/iha-race.com\\\/de\\\/?s={search_term_string}\"},\"query-input\":{\"@type\":\"PropertyValueSpecification\",\"valueRequired\":true,\"valueName\":\"search_term_string\"}}],\"inLanguage\":\"de\"},{\"@type\":\"Organization\",\"@id\":\"https:\\\/\\\/iha-race.com\\\/de\\\/#organization\",\"name\":\"Iha Race\",\"url\":\"https:\\\/\\\/iha-race.com\\\/de\\\/\",\"logo\":{\"@type\":\"ImageObject\",\"inLanguage\":\"de\",\"@id\":\"https:\\\/\\\/iha-race.com\\\/de\\\/#\\\/schema\\\/logo\\\/image\\\/\",\"url\":\"https:\\\/\\\/iha-race.com\\\/wp-content\\\/uploads\\\/2018\\\/07\\\/iha-race-drones-de-carreras-tienda-comprar-drones.png\",\"contentUrl\":\"https:\\\/\\\/iha-race.com\\\/wp-content\\\/uploads\\\/2018\\\/07\\\/iha-race-drones-de-carreras-tienda-comprar-drones.png\",\"width\":300,\"height\":100,\"caption\":\"Iha Race\"},\"image\":{\"@id\":\"https:\\\/\\\/iha-race.com\\\/de\\\/#\\\/schema\\\/logo\\\/image\\\/\"}}]}<\/script>\n<!-- \/ Yoast SEO plugin. -->","yoast_head_json":{"title":"Tattu 450mAh 2S 75C 7.4V Akku mit XT30 Sockel - Iha Race","robots":{"index":"index","follow":"follow","max-snippet":"max-snippet:-1","max-image-preview":"max-image-preview:large","max-video-preview":"max-video-preview:-1"},"canonical":"https:\/\/iha-race.com\/de\/producto\/bateria-acehe-2s-450-mah-75c-lipo-racing-series-xt30\/","og_locale":"de_DE","og_type":"article","og_title":"Tattu 450mAh 2S 75C 7.4V Akku mit XT30 Sockel - Iha Race","og_description":"Tattu 450mAh 2S 75C 7.4V Akku mit XT30 Sockel Diese Tattu 450mAh 2S Lipo Tattu-Akkus liefern zuverl\u00e4ssige, hochwertige Energie f\u00fcr Ihren FPV-Multirotor der Gr\u00f6\u00dfe 100 bis 180. Die 450mAh-Kapazit\u00e4t gibt","og_url":"https:\/\/iha-race.com\/de\/producto\/bateria-acehe-2s-450-mah-75c-lipo-racing-series-xt30\/","og_site_name":"Iha Race","article_modified_time":"2026-03-31T14:11:24+00:00","og_image":[{"width":800,"height":800,"url":"https:\/\/iha-race.com\/wp-content\/uploads\/2019\/04\/2_61.jpg","type":"image\/jpeg"}],"twitter_card":"summary_large_image","twitter_misc":{"Gesch\u00e4tzte Lesezeit":"1\u00a0Minute"},"schema":{"@context":"https:\/\/schema.org","@graph":[{"@type":"WebPage","@id":"https:\/\/iha-race.com\/de\/producto\/bateria-acehe-2s-450-mah-75c-lipo-racing-series-xt30\/","url":"https:\/\/iha-race.com\/de\/producto\/bateria-acehe-2s-450-mah-75c-lipo-racing-series-xt30\/","name":"Tattu 450mAh 2S 75C 7.4V Akku mit XT30 Sockel - Iha Race","isPartOf":{"@id":"https:\/\/iha-race.com\/de\/#website"},"primaryImageOfPage":{"@id":"https:\/\/iha-race.com\/de\/producto\/bateria-acehe-2s-450-mah-75c-lipo-racing-series-xt30\/#primaryimage"},"image":{"@id":"https:\/\/iha-race.com\/de\/producto\/bateria-acehe-2s-450-mah-75c-lipo-racing-series-xt30\/#primaryimage"},"thumbnailUrl":"https:\/\/iha-race.com\/wp-content\/uploads\/2019\/04\/2_61.jpg","datePublished":"2019-04-01T17:05:47+00:00","dateModified":"2026-03-31T14:11:24+00:00","breadcrumb":{"@id":"https:\/\/iha-race.com\/de\/producto\/bateria-acehe-2s-450-mah-75c-lipo-racing-series-xt30\/#breadcrumb"},"inLanguage":"de","potentialAction":[{"@type":"ReadAction","target":["https:\/\/iha-race.com\/de\/producto\/bateria-acehe-2s-450-mah-75c-lipo-racing-series-xt30\/"]}]},{"@type":"ImageObject","inLanguage":"de","@id":"https:\/\/iha-race.com\/de\/producto\/bateria-acehe-2s-450-mah-75c-lipo-racing-series-xt30\/#primaryimage","url":"https:\/\/iha-race.com\/wp-content\/uploads\/2019\/04\/2_61.jpg","contentUrl":"https:\/\/iha-race.com\/wp-content\/uploads\/2019\/04\/2_61.jpg","width":800,"height":800,"caption":"Bater\u00eda Tattu 450mAh 2S 75C 7.4V con enchufe XT30"},{"@type":"BreadcrumbList","@id":"https:\/\/iha-race.com\/de\/producto\/bateria-acehe-2s-450-mah-75c-lipo-racing-series-xt30\/#breadcrumb","itemListElement":[{"@type":"ListItem","position":1,"name":"Portada","item":"https:\/\/iha-race.com\/de\/elementor-499\/"},{"@type":"ListItem","position":2,"name":"Shop","item":"https:\/\/iha-race.com\/de\/shop\/"},{"@type":"ListItem","position":3,"name":"Tattu 450mAh 2S 75C 7.4V Akku mit XT30 Sockel"}]},{"@type":"WebSite","@id":"https:\/\/iha-race.com\/de\/#website","url":"https:\/\/iha-race.com\/de\/","name":"Iha Race","description":"Comprar drones de carreras FPV env\u00edos en un d\u00eda desde Espa\u00f1a","publisher":{"@id":"https:\/\/iha-race.com\/de\/#organization"},"potentialAction":[{"@type":"SearchAction","target":{"@type":"EntryPoint","urlTemplate":"https:\/\/iha-race.com\/de\/?s={search_term_string}"},"query-input":{"@type":"PropertyValueSpecification","valueRequired":true,"valueName":"search_term_string"}}],"inLanguage":"de"},{"@type":"Organization","@id":"https:\/\/iha-race.com\/de\/#organization","name":"Iha Race","url":"https:\/\/iha-race.com\/de\/","logo":{"@type":"ImageObject","inLanguage":"de","@id":"https:\/\/iha-race.com\/de\/#\/schema\/logo\/image\/","url":"https:\/\/iha-race.com\/wp-content\/uploads\/2018\/07\/iha-race-drones-de-carreras-tienda-comprar-drones.png","contentUrl":"https:\/\/iha-race.com\/wp-content\/uploads\/2018\/07\/iha-race-drones-de-carreras-tienda-comprar-drones.png","width":300,"height":100,"caption":"Iha Race"},"image":{"@id":"https:\/\/iha-race.com\/de\/#\/schema\/logo\/image\/"}}]}},"jetpack_sharing_enabled":true,"brands":[],"_links":{"self":[{"href":"https:\/\/iha-race.com\/de\/wp-json\/wp\/v2\/product\/207934","targetHints":{"allow":["GET"]}}],"collection":[{"href":"https:\/\/iha-race.com\/de\/wp-json\/wp\/v2\/product"}],"about":[{"href":"https:\/\/iha-race.com\/de\/wp-json\/wp\/v2\/types\/product"}],"replies":[{"embeddable":true,"href":"https:\/\/iha-race.com\/de\/wp-json\/wp\/v2\/comments?post=207934"}],"version-history":[{"count":2,"href":"https:\/\/iha-race.com\/de\/wp-json\/wp\/v2\/product\/207934\/revisions"}],"predecessor-version":[{"id":250258,"href":"https:\/\/iha-race.com\/de\/wp-json\/wp\/v2\/product\/207934\/revisions\/250258"}],"wp:featuredmedia":[{"embeddable":true,"href":"https:\/\/iha-race.com\/de\/wp-json\/wp\/v2\/media\/122280"}],"wp:attachment":[{"href":"https:\/\/iha-race.com\/de\/wp-json\/wp\/v2\/media?parent=207934"}],"wp:term":[{"taxonomy":"pwb-brand","embeddable":true,"href":"https:\/\/iha-race.com\/de\/wp-json\/wp\/v2\/pwb-brand?post=207934"},{"taxonomy":"product_cat","embeddable":true,"href":"https:\/\/iha-race.com\/de\/wp-json\/wp\/v2\/product_cat?post=207934"},{"taxonomy":"product_tag","embeddable":true,"href":"https:\/\/iha-race.com\/de\/wp-json\/wp\/v2\/product_tag?post=207934"}],"curies":[{"name":"wp","href":"https:\/\/api.w.org\/{rel}","templated":true}]}}