{"id":207921,"date":"2019-04-22T19:01:49","date_gmt":"2019-04-22T17:01:49","guid":{"rendered":"https:\/\/iha-race.com\/producto\/azure-power-luftschraube-6-1x4-5x3-bsp\/"},"modified":"2024-08-29T16:22:38","modified_gmt":"2024-08-29T14:22:38","slug":"helice-azure-power-6-1x4-5x3-bsp","status":"publish","type":"product","link":"https:\/\/iha-race.com\/de\/producto\/helice-azure-power-6-1x4-5x3-bsp\/","title":{"rendered":"Azure Power Luftschraube 6.1X4.5X3 BSP"},"content":{"rendered":"<h2>Azure Power Luftschraube 6.1X4.5X3 BSP<\/h2>\n<p>  Der 6145 BSP Propeller von Azure tritt in die Fu\u00dfstapfen des 5140 LCP und bietet eine gleichm\u00e4\u00dfige und pr\u00e4zise Kontrolle \u00fcber den gesamten Drehzahlbereich. Aber dieses Mal zielt Azure auf 6&#8243;-Freestyle-Piloten ab, genauer gesagt auf die Langstrecke. BSP steht f\u00fcr Big Smooth Props, und genau das sind sie auch. Probieren Sie sie selbst aus und f\u00fchlen Sie die Weichheit!  <\/p>\n<h5><span style=\"font-size: 24px;\">Eigenschaften<\/span><\/h5>\n<ul>\n<li>Farben: Klar, Rot, Blau, Gr\u00fcn, Kristallgr\u00fcn und Schwarz.<\/li>\n<li>Gr\u00f6\u00dfe: 6.1 &#8222;<\/li>\n<li>Grundst\u00fccksgr\u00f6\u00dfe: 4,5 &#8222;<\/li>\n<li>Material: Polycarbonat<\/li>\n<li>Klingen: 3<\/li>\n<li>Gewicht: 6,7 g<\/li>\n<li>Befestigungsloch: 5mm<\/li>\n<li>Dicke der Nabe: 7,5 mm<\/li>\n<li>POPO-kompatibel: Nein<\/li>\n<\/ul>\n<h2>Enth\u00e4lt<\/h2>\n<ul>\n<li>2x CW 6.1&#215;4.5&#215;3 Propeller<\/li>\n<li>2x CCW 6.1&#215;4.5&#215;3 Propeller<\/li>\n<\/ul>\n<div id=\"stylebot\" style=\"top: 0; height: 100%; position: fixed; z-index: 100000000; line-height: 20px;\"><\/div>\n","protected":false},"excerpt":{"rendered":"<p>&nbsp;<\/p>\n<div id=\"stylebot\" style=\"top: 0; height: 100%; position: fixed; z-index: 100000000; line-height: 20px;\"><\/div>\n","protected":false},"featured_media":124334,"comment_status":"open","ping_status":"closed","template":"","meta":{"_joinchat":[]},"pwb-brand":[],"product_cat":[2832,2600,2660],"product_tag":[],"class_list":{"0":"post-207921","1":"product","2":"type-product","3":"status-publish","4":"has-post-thumbnail","6":"product_cat-6-de","7":"product_cat-fpv-propeller","8":"product_cat-tripalas-de","10":"first","11":"instock","12":"taxable","13":"shipping-taxable","14":"purchasable","15":"product-type-variable"},"barcode":null,"atum_controlled":true,"out_stock_date":null,"out_stock_threshold":null,"inheritable":true,"stock_on_hold":0,"sold_today":0,"sales_last_days":0,"out_stock_days":0,"lost_sales":0,"update_date":"2026-04-16T08:17:35","atum_locations":[],"atum_stock_status":"instock","restock_status":false,"low_stock_amount":"","sales_update_date":"2026-04-16T08:17:35","calc_backorders":null,"yoast_head":"<!-- This site is optimized with the Yoast SEO plugin v27.3 - https:\/\/yoast.com\/product\/yoast-seo-wordpress\/ -->\n<title>Azure Power Luftschraube 6.1X4.5X3 BSP - Iha Race<\/title>\n<meta name=\"robots\" content=\"index, follow, max-snippet:-1, max-image-preview:large, max-video-preview:-1\" \/>\n<link rel=\"canonical\" href=\"https:\/\/iha-race.com\/de\/producto\/helice-azure-power-6-1x4-5x3-bsp\/\" \/>\n<meta property=\"og:locale\" content=\"de_DE\" \/>\n<meta property=\"og:type\" content=\"article\" \/>\n<meta property=\"og:title\" content=\"Azure Power Luftschraube 6.1X4.5X3 BSP - Iha Race\" \/>\n<meta property=\"og:description\" content=\"&nbsp;\" \/>\n<meta property=\"og:url\" content=\"https:\/\/iha-race.com\/de\/producto\/helice-azure-power-6-1x4-5x3-bsp\/\" \/>\n<meta property=\"og:site_name\" content=\"Iha Race\" \/>\n<meta property=\"article:modified_time\" content=\"2024-08-29T14:22:38+00:00\" \/>\n<meta property=\"og:image\" content=\"https:\/\/iha-race.com\/wp-content\/uploads\/2019\/04\/comprar-helices-azure-power-1.jpg\" \/>\n\t<meta property=\"og:image:width\" content=\"800\" \/>\n\t<meta property=\"og:image:height\" content=\"800\" \/>\n\t<meta property=\"og:image:type\" content=\"image\/jpeg\" \/>\n<meta name=\"twitter:card\" content=\"summary_large_image\" \/>\n<meta name=\"twitter:label1\" content=\"Gesch\u00e4tzte Lesezeit\" \/>\n\t<meta name=\"twitter:data1\" content=\"1\u00a0Minute\" \/>\n<script type=\"application\/ld+json\" class=\"yoast-schema-graph\">{\"@context\":\"https:\\\/\\\/schema.org\",\"@graph\":[{\"@type\":\"WebPage\",\"@id\":\"https:\\\/\\\/iha-race.com\\\/de\\\/producto\\\/helice-azure-power-6-1x4-5x3-bsp\\\/\",\"url\":\"https:\\\/\\\/iha-race.com\\\/de\\\/producto\\\/helice-azure-power-6-1x4-5x3-bsp\\\/\",\"name\":\"Azure Power Luftschraube 6.1X4.5X3 BSP - Iha Race\",\"isPartOf\":{\"@id\":\"https:\\\/\\\/iha-race.com\\\/de\\\/#website\"},\"primaryImageOfPage\":{\"@id\":\"https:\\\/\\\/iha-race.com\\\/de\\\/producto\\\/helice-azure-power-6-1x4-5x3-bsp\\\/#primaryimage\"},\"image\":{\"@id\":\"https:\\\/\\\/iha-race.com\\\/de\\\/producto\\\/helice-azure-power-6-1x4-5x3-bsp\\\/#primaryimage\"},\"thumbnailUrl\":\"https:\\\/\\\/iha-race.com\\\/wp-content\\\/uploads\\\/2019\\\/04\\\/comprar-helices-azure-power-1.jpg\",\"datePublished\":\"2019-04-22T17:01:49+00:00\",\"dateModified\":\"2024-08-29T14:22:38+00:00\",\"breadcrumb\":{\"@id\":\"https:\\\/\\\/iha-race.com\\\/de\\\/producto\\\/helice-azure-power-6-1x4-5x3-bsp\\\/#breadcrumb\"},\"inLanguage\":\"de\",\"potentialAction\":[{\"@type\":\"ReadAction\",\"target\":[\"https:\\\/\\\/iha-race.com\\\/de\\\/producto\\\/helice-azure-power-6-1x4-5x3-bsp\\\/\"]}]},{\"@type\":\"ImageObject\",\"inLanguage\":\"de\",\"@id\":\"https:\\\/\\\/iha-race.com\\\/de\\\/producto\\\/helice-azure-power-6-1x4-5x3-bsp\\\/#primaryimage\",\"url\":\"https:\\\/\\\/iha-race.com\\\/wp-content\\\/uploads\\\/2019\\\/04\\\/comprar-helices-azure-power-1.jpg\",\"contentUrl\":\"https:\\\/\\\/iha-race.com\\\/wp-content\\\/uploads\\\/2019\\\/04\\\/comprar-helices-azure-power-1.jpg\",\"width\":800,\"height\":800},{\"@type\":\"BreadcrumbList\",\"@id\":\"https:\\\/\\\/iha-race.com\\\/de\\\/producto\\\/helice-azure-power-6-1x4-5x3-bsp\\\/#breadcrumb\",\"itemListElement\":[{\"@type\":\"ListItem\",\"position\":1,\"name\":\"Portada\",\"item\":\"https:\\\/\\\/iha-race.com\\\/de\\\/elementor-499\\\/\"},{\"@type\":\"ListItem\",\"position\":2,\"name\":\"Shop\",\"item\":\"https:\\\/\\\/iha-race.com\\\/de\\\/shop\\\/\"},{\"@type\":\"ListItem\",\"position\":3,\"name\":\"Azure Power Luftschraube 6.1X4.5X3 BSP\"}]},{\"@type\":\"WebSite\",\"@id\":\"https:\\\/\\\/iha-race.com\\\/de\\\/#website\",\"url\":\"https:\\\/\\\/iha-race.com\\\/de\\\/\",\"name\":\"Iha Race\",\"description\":\"Comprar drones de carreras FPV env\u00edos en un d\u00eda desde Espa\u00f1a\",\"publisher\":{\"@id\":\"https:\\\/\\\/iha-race.com\\\/de\\\/#organization\"},\"potentialAction\":[{\"@type\":\"SearchAction\",\"target\":{\"@type\":\"EntryPoint\",\"urlTemplate\":\"https:\\\/\\\/iha-race.com\\\/de\\\/?s={search_term_string}\"},\"query-input\":{\"@type\":\"PropertyValueSpecification\",\"valueRequired\":true,\"valueName\":\"search_term_string\"}}],\"inLanguage\":\"de\"},{\"@type\":\"Organization\",\"@id\":\"https:\\\/\\\/iha-race.com\\\/de\\\/#organization\",\"name\":\"Iha Race\",\"url\":\"https:\\\/\\\/iha-race.com\\\/de\\\/\",\"logo\":{\"@type\":\"ImageObject\",\"inLanguage\":\"de\",\"@id\":\"https:\\\/\\\/iha-race.com\\\/de\\\/#\\\/schema\\\/logo\\\/image\\\/\",\"url\":\"https:\\\/\\\/iha-race.com\\\/wp-content\\\/uploads\\\/2018\\\/07\\\/iha-race-drones-de-carreras-tienda-comprar-drones.png\",\"contentUrl\":\"https:\\\/\\\/iha-race.com\\\/wp-content\\\/uploads\\\/2018\\\/07\\\/iha-race-drones-de-carreras-tienda-comprar-drones.png\",\"width\":300,\"height\":100,\"caption\":\"Iha Race\"},\"image\":{\"@id\":\"https:\\\/\\\/iha-race.com\\\/de\\\/#\\\/schema\\\/logo\\\/image\\\/\"}}]}<\/script>\n<!-- \/ Yoast SEO plugin. -->","yoast_head_json":{"title":"Azure Power Luftschraube 6.1X4.5X3 BSP - Iha Race","robots":{"index":"index","follow":"follow","max-snippet":"max-snippet:-1","max-image-preview":"max-image-preview:large","max-video-preview":"max-video-preview:-1"},"canonical":"https:\/\/iha-race.com\/de\/producto\/helice-azure-power-6-1x4-5x3-bsp\/","og_locale":"de_DE","og_type":"article","og_title":"Azure Power Luftschraube 6.1X4.5X3 BSP - Iha Race","og_description":"&nbsp;","og_url":"https:\/\/iha-race.com\/de\/producto\/helice-azure-power-6-1x4-5x3-bsp\/","og_site_name":"Iha Race","article_modified_time":"2024-08-29T14:22:38+00:00","og_image":[{"width":800,"height":800,"url":"https:\/\/iha-race.com\/wp-content\/uploads\/2019\/04\/comprar-helices-azure-power-1.jpg","type":"image\/jpeg"}],"twitter_card":"summary_large_image","twitter_misc":{"Gesch\u00e4tzte Lesezeit":"1\u00a0Minute"},"schema":{"@context":"https:\/\/schema.org","@graph":[{"@type":"WebPage","@id":"https:\/\/iha-race.com\/de\/producto\/helice-azure-power-6-1x4-5x3-bsp\/","url":"https:\/\/iha-race.com\/de\/producto\/helice-azure-power-6-1x4-5x3-bsp\/","name":"Azure Power Luftschraube 6.1X4.5X3 BSP - Iha Race","isPartOf":{"@id":"https:\/\/iha-race.com\/de\/#website"},"primaryImageOfPage":{"@id":"https:\/\/iha-race.com\/de\/producto\/helice-azure-power-6-1x4-5x3-bsp\/#primaryimage"},"image":{"@id":"https:\/\/iha-race.com\/de\/producto\/helice-azure-power-6-1x4-5x3-bsp\/#primaryimage"},"thumbnailUrl":"https:\/\/iha-race.com\/wp-content\/uploads\/2019\/04\/comprar-helices-azure-power-1.jpg","datePublished":"2019-04-22T17:01:49+00:00","dateModified":"2024-08-29T14:22:38+00:00","breadcrumb":{"@id":"https:\/\/iha-race.com\/de\/producto\/helice-azure-power-6-1x4-5x3-bsp\/#breadcrumb"},"inLanguage":"de","potentialAction":[{"@type":"ReadAction","target":["https:\/\/iha-race.com\/de\/producto\/helice-azure-power-6-1x4-5x3-bsp\/"]}]},{"@type":"ImageObject","inLanguage":"de","@id":"https:\/\/iha-race.com\/de\/producto\/helice-azure-power-6-1x4-5x3-bsp\/#primaryimage","url":"https:\/\/iha-race.com\/wp-content\/uploads\/2019\/04\/comprar-helices-azure-power-1.jpg","contentUrl":"https:\/\/iha-race.com\/wp-content\/uploads\/2019\/04\/comprar-helices-azure-power-1.jpg","width":800,"height":800},{"@type":"BreadcrumbList","@id":"https:\/\/iha-race.com\/de\/producto\/helice-azure-power-6-1x4-5x3-bsp\/#breadcrumb","itemListElement":[{"@type":"ListItem","position":1,"name":"Portada","item":"https:\/\/iha-race.com\/de\/elementor-499\/"},{"@type":"ListItem","position":2,"name":"Shop","item":"https:\/\/iha-race.com\/de\/shop\/"},{"@type":"ListItem","position":3,"name":"Azure Power Luftschraube 6.1X4.5X3 BSP"}]},{"@type":"WebSite","@id":"https:\/\/iha-race.com\/de\/#website","url":"https:\/\/iha-race.com\/de\/","name":"Iha Race","description":"Comprar drones de carreras FPV env\u00edos en un d\u00eda desde Espa\u00f1a","publisher":{"@id":"https:\/\/iha-race.com\/de\/#organization"},"potentialAction":[{"@type":"SearchAction","target":{"@type":"EntryPoint","urlTemplate":"https:\/\/iha-race.com\/de\/?s={search_term_string}"},"query-input":{"@type":"PropertyValueSpecification","valueRequired":true,"valueName":"search_term_string"}}],"inLanguage":"de"},{"@type":"Organization","@id":"https:\/\/iha-race.com\/de\/#organization","name":"Iha Race","url":"https:\/\/iha-race.com\/de\/","logo":{"@type":"ImageObject","inLanguage":"de","@id":"https:\/\/iha-race.com\/de\/#\/schema\/logo\/image\/","url":"https:\/\/iha-race.com\/wp-content\/uploads\/2018\/07\/iha-race-drones-de-carreras-tienda-comprar-drones.png","contentUrl":"https:\/\/iha-race.com\/wp-content\/uploads\/2018\/07\/iha-race-drones-de-carreras-tienda-comprar-drones.png","width":300,"height":100,"caption":"Iha Race"},"image":{"@id":"https:\/\/iha-race.com\/de\/#\/schema\/logo\/image\/"}}]}},"jetpack_sharing_enabled":true,"brands":[],"_links":{"self":[{"href":"https:\/\/iha-race.com\/de\/wp-json\/wp\/v2\/product\/207921","targetHints":{"allow":["GET"]}}],"collection":[{"href":"https:\/\/iha-race.com\/de\/wp-json\/wp\/v2\/product"}],"about":[{"href":"https:\/\/iha-race.com\/de\/wp-json\/wp\/v2\/types\/product"}],"replies":[{"embeddable":true,"href":"https:\/\/iha-race.com\/de\/wp-json\/wp\/v2\/comments?post=207921"}],"version-history":[{"count":2,"href":"https:\/\/iha-race.com\/de\/wp-json\/wp\/v2\/product\/207921\/revisions"}],"predecessor-version":[{"id":250245,"href":"https:\/\/iha-race.com\/de\/wp-json\/wp\/v2\/product\/207921\/revisions\/250245"}],"wp:featuredmedia":[{"embeddable":true,"href":"https:\/\/iha-race.com\/de\/wp-json\/wp\/v2\/media\/124334"}],"wp:attachment":[{"href":"https:\/\/iha-race.com\/de\/wp-json\/wp\/v2\/media?parent=207921"}],"wp:term":[{"taxonomy":"pwb-brand","embeddable":true,"href":"https:\/\/iha-race.com\/de\/wp-json\/wp\/v2\/pwb-brand?post=207921"},{"taxonomy":"product_cat","embeddable":true,"href":"https:\/\/iha-race.com\/de\/wp-json\/wp\/v2\/product_cat?post=207921"},{"taxonomy":"product_tag","embeddable":true,"href":"https:\/\/iha-race.com\/de\/wp-json\/wp\/v2\/product_tag?post=207921"}],"curies":[{"name":"wp","href":"https:\/\/api.w.org\/{rel}","templated":true}]}}