{"id":207917,"date":"2019-03-14T11:21:55","date_gmt":"2019-03-14T10:21:55","guid":{"rendered":"https:\/\/iha-race.com\/producto\/xt60-stecker-mit-kabel-14-12awg-15cm-1-stueck\/"},"modified":"2024-08-29T16:23:55","modified_gmt":"2024-08-29T14:23:55","slug":"conector-xt60-con-cable-14-12awg-15cm-1-pieza","status":"publish","type":"product","link":"https:\/\/iha-race.com\/de\/producto\/conector-xt60-con-cable-14-12awg-15cm-1-pieza\/","title":{"rendered":"XT60 Stecker mit Kabel 14\/12AWG 15cm (1 St\u00fcck)"},"content":{"rendered":"<h2>XT60 Stecker mit Kabel 14\/12AWG 15cm (1 St\u00fcck)<\/h2>\n<p>  Verwenden Sie diese Lipo Pigtails, um Ihren XT60 Lipo mit Ihrem Multirotor oder einer anderen Konstruktion zu verbinden. 15 cm langes 14 AWG-Silikonkabel, angeschlossen an einen XT60-Stecker. Das gr\u00f6\u00dfere, schwerere 12 AWG Kabel ist perfekt f\u00fcr gr\u00f6\u00dfere Quad-Strukturen, mehr Leistung und mehr Verbrauch.  &nbsp;<\/p>\n","protected":false},"excerpt":{"rendered":"<p>XT60 Stecker mit Kabel 14\/12AWG 15cm (1 St\u00fcck) Verwenden Sie diese Lipo Pigtails, um Ihren XT60 Lipo mit Ihrem Multirotor oder einer anderen Konstruktion zu verbinden. 15 cm langes 14<\/p>\n","protected":false},"featured_media":127861,"comment_status":"open","ping_status":"closed","template":"","meta":{"_joinchat":[]},"pwb-brand":[],"product_cat":[2515,2513],"product_tag":[],"class_list":{"0":"post-207917","1":"product","2":"type-product","3":"status-publish","4":"has-post-thumbnail","6":"product_cat-steckverbinder","7":"product_cat-zubehor","9":"first","10":"instock","11":"taxable","12":"shipping-taxable","13":"purchasable","14":"product-type-variable"},"barcode":null,"atum_controlled":true,"out_stock_date":null,"out_stock_threshold":null,"inheritable":true,"stock_on_hold":13,"sold_today":13,"sales_last_days":13,"out_stock_days":0,"lost_sales":0,"update_date":"2026-04-25T07:21:31","atum_locations":[],"atum_stock_status":"instock","restock_status":false,"low_stock_amount":"","sales_update_date":"2026-04-18T23:29:49","calc_backorders":null,"yoast_head":"<!-- This site is optimized with the Yoast SEO plugin v27.3 - https:\/\/yoast.com\/product\/yoast-seo-wordpress\/ -->\n<title>XT60 Stecker mit Kabel 14\/12AWG 15cm (1 St\u00fcck) - Iha Race<\/title>\n<meta name=\"robots\" content=\"index, follow, max-snippet:-1, max-image-preview:large, max-video-preview:-1\" \/>\n<link rel=\"canonical\" href=\"https:\/\/iha-race.com\/de\/producto\/conector-xt60-con-cable-14-12awg-15cm-1-pieza\/\" \/>\n<meta property=\"og:locale\" content=\"de_DE\" \/>\n<meta property=\"og:type\" content=\"article\" \/>\n<meta property=\"og:title\" content=\"XT60 Stecker mit Kabel 14\/12AWG 15cm (1 St\u00fcck) - Iha Race\" \/>\n<meta property=\"og:description\" content=\"XT60 Stecker mit Kabel 14\/12AWG 15cm (1 St\u00fcck) Verwenden Sie diese Lipo Pigtails, um Ihren XT60 Lipo mit Ihrem Multirotor oder einer anderen Konstruktion zu verbinden. 15 cm langes 14\" \/>\n<meta property=\"og:url\" content=\"https:\/\/iha-race.com\/de\/producto\/conector-xt60-con-cable-14-12awg-15cm-1-pieza\/\" \/>\n<meta property=\"og:site_name\" content=\"Iha Race\" \/>\n<meta property=\"article:modified_time\" content=\"2024-08-29T14:23:55+00:00\" \/>\n<meta property=\"og:image\" content=\"https:\/\/iha-race.com\/wp-content\/uploads\/2019\/03\/44548886-7240-42ae-9f88-09348d1ab526.jpg.webp\" \/>\n\t<meta property=\"og:image:width\" content=\"600\" \/>\n\t<meta property=\"og:image:height\" content=\"600\" \/>\n\t<meta property=\"og:image:type\" content=\"image\/webp\" \/>\n<meta name=\"twitter:card\" content=\"summary_large_image\" \/>\n<script type=\"application\/ld+json\" class=\"yoast-schema-graph\">{\"@context\":\"https:\\\/\\\/schema.org\",\"@graph\":[{\"@type\":\"WebPage\",\"@id\":\"https:\\\/\\\/iha-race.com\\\/de\\\/producto\\\/conector-xt60-con-cable-14-12awg-15cm-1-pieza\\\/\",\"url\":\"https:\\\/\\\/iha-race.com\\\/de\\\/producto\\\/conector-xt60-con-cable-14-12awg-15cm-1-pieza\\\/\",\"name\":\"XT60 Stecker mit Kabel 14\\\/12AWG 15cm (1 St\u00fcck) - Iha Race\",\"isPartOf\":{\"@id\":\"https:\\\/\\\/iha-race.com\\\/de\\\/#website\"},\"primaryImageOfPage\":{\"@id\":\"https:\\\/\\\/iha-race.com\\\/de\\\/producto\\\/conector-xt60-con-cable-14-12awg-15cm-1-pieza\\\/#primaryimage\"},\"image\":{\"@id\":\"https:\\\/\\\/iha-race.com\\\/de\\\/producto\\\/conector-xt60-con-cable-14-12awg-15cm-1-pieza\\\/#primaryimage\"},\"thumbnailUrl\":\"https:\\\/\\\/iha-race.com\\\/wp-content\\\/uploads\\\/2019\\\/03\\\/44548886-7240-42ae-9f88-09348d1ab526.jpg.webp\",\"datePublished\":\"2019-03-14T10:21:55+00:00\",\"dateModified\":\"2024-08-29T14:23:55+00:00\",\"breadcrumb\":{\"@id\":\"https:\\\/\\\/iha-race.com\\\/de\\\/producto\\\/conector-xt60-con-cable-14-12awg-15cm-1-pieza\\\/#breadcrumb\"},\"inLanguage\":\"de\",\"potentialAction\":[{\"@type\":\"ReadAction\",\"target\":[\"https:\\\/\\\/iha-race.com\\\/de\\\/producto\\\/conector-xt60-con-cable-14-12awg-15cm-1-pieza\\\/\"]}]},{\"@type\":\"ImageObject\",\"inLanguage\":\"de\",\"@id\":\"https:\\\/\\\/iha-race.com\\\/de\\\/producto\\\/conector-xt60-con-cable-14-12awg-15cm-1-pieza\\\/#primaryimage\",\"url\":\"https:\\\/\\\/iha-race.com\\\/wp-content\\\/uploads\\\/2019\\\/03\\\/44548886-7240-42ae-9f88-09348d1ab526.jpg.webp\",\"contentUrl\":\"https:\\\/\\\/iha-race.com\\\/wp-content\\\/uploads\\\/2019\\\/03\\\/44548886-7240-42ae-9f88-09348d1ab526.jpg.webp\",\"width\":600,\"height\":600},{\"@type\":\"BreadcrumbList\",\"@id\":\"https:\\\/\\\/iha-race.com\\\/de\\\/producto\\\/conector-xt60-con-cable-14-12awg-15cm-1-pieza\\\/#breadcrumb\",\"itemListElement\":[{\"@type\":\"ListItem\",\"position\":1,\"name\":\"Portada\",\"item\":\"https:\\\/\\\/iha-race.com\\\/de\\\/elementor-499\\\/\"},{\"@type\":\"ListItem\",\"position\":2,\"name\":\"Shop\",\"item\":\"https:\\\/\\\/iha-race.com\\\/de\\\/shop\\\/\"},{\"@type\":\"ListItem\",\"position\":3,\"name\":\"XT60 Stecker mit Kabel 14\\\/12AWG 15cm (1 St\u00fcck)\"}]},{\"@type\":\"WebSite\",\"@id\":\"https:\\\/\\\/iha-race.com\\\/de\\\/#website\",\"url\":\"https:\\\/\\\/iha-race.com\\\/de\\\/\",\"name\":\"Iha Race\",\"description\":\"Comprar drones de carreras FPV env\u00edos en un d\u00eda desde Espa\u00f1a\",\"publisher\":{\"@id\":\"https:\\\/\\\/iha-race.com\\\/de\\\/#organization\"},\"potentialAction\":[{\"@type\":\"SearchAction\",\"target\":{\"@type\":\"EntryPoint\",\"urlTemplate\":\"https:\\\/\\\/iha-race.com\\\/de\\\/?s={search_term_string}\"},\"query-input\":{\"@type\":\"PropertyValueSpecification\",\"valueRequired\":true,\"valueName\":\"search_term_string\"}}],\"inLanguage\":\"de\"},{\"@type\":\"Organization\",\"@id\":\"https:\\\/\\\/iha-race.com\\\/de\\\/#organization\",\"name\":\"Iha Race\",\"url\":\"https:\\\/\\\/iha-race.com\\\/de\\\/\",\"logo\":{\"@type\":\"ImageObject\",\"inLanguage\":\"de\",\"@id\":\"https:\\\/\\\/iha-race.com\\\/de\\\/#\\\/schema\\\/logo\\\/image\\\/\",\"url\":\"https:\\\/\\\/iha-race.com\\\/wp-content\\\/uploads\\\/2018\\\/07\\\/iha-race-drones-de-carreras-tienda-comprar-drones.png\",\"contentUrl\":\"https:\\\/\\\/iha-race.com\\\/wp-content\\\/uploads\\\/2018\\\/07\\\/iha-race-drones-de-carreras-tienda-comprar-drones.png\",\"width\":300,\"height\":100,\"caption\":\"Iha Race\"},\"image\":{\"@id\":\"https:\\\/\\\/iha-race.com\\\/de\\\/#\\\/schema\\\/logo\\\/image\\\/\"}}]}<\/script>\n<!-- \/ Yoast SEO plugin. -->","yoast_head_json":{"title":"XT60 Stecker mit Kabel 14\/12AWG 15cm (1 St\u00fcck) - Iha Race","robots":{"index":"index","follow":"follow","max-snippet":"max-snippet:-1","max-image-preview":"max-image-preview:large","max-video-preview":"max-video-preview:-1"},"canonical":"https:\/\/iha-race.com\/de\/producto\/conector-xt60-con-cable-14-12awg-15cm-1-pieza\/","og_locale":"de_DE","og_type":"article","og_title":"XT60 Stecker mit Kabel 14\/12AWG 15cm (1 St\u00fcck) - Iha Race","og_description":"XT60 Stecker mit Kabel 14\/12AWG 15cm (1 St\u00fcck) Verwenden Sie diese Lipo Pigtails, um Ihren XT60 Lipo mit Ihrem Multirotor oder einer anderen Konstruktion zu verbinden. 15 cm langes 14","og_url":"https:\/\/iha-race.com\/de\/producto\/conector-xt60-con-cable-14-12awg-15cm-1-pieza\/","og_site_name":"Iha Race","article_modified_time":"2024-08-29T14:23:55+00:00","og_image":[{"width":600,"height":600,"url":"https:\/\/iha-race.com\/wp-content\/uploads\/2019\/03\/44548886-7240-42ae-9f88-09348d1ab526.jpg.webp","type":"image\/webp"}],"twitter_card":"summary_large_image","schema":{"@context":"https:\/\/schema.org","@graph":[{"@type":"WebPage","@id":"https:\/\/iha-race.com\/de\/producto\/conector-xt60-con-cable-14-12awg-15cm-1-pieza\/","url":"https:\/\/iha-race.com\/de\/producto\/conector-xt60-con-cable-14-12awg-15cm-1-pieza\/","name":"XT60 Stecker mit Kabel 14\/12AWG 15cm (1 St\u00fcck) - Iha Race","isPartOf":{"@id":"https:\/\/iha-race.com\/de\/#website"},"primaryImageOfPage":{"@id":"https:\/\/iha-race.com\/de\/producto\/conector-xt60-con-cable-14-12awg-15cm-1-pieza\/#primaryimage"},"image":{"@id":"https:\/\/iha-race.com\/de\/producto\/conector-xt60-con-cable-14-12awg-15cm-1-pieza\/#primaryimage"},"thumbnailUrl":"https:\/\/iha-race.com\/wp-content\/uploads\/2019\/03\/44548886-7240-42ae-9f88-09348d1ab526.jpg.webp","datePublished":"2019-03-14T10:21:55+00:00","dateModified":"2024-08-29T14:23:55+00:00","breadcrumb":{"@id":"https:\/\/iha-race.com\/de\/producto\/conector-xt60-con-cable-14-12awg-15cm-1-pieza\/#breadcrumb"},"inLanguage":"de","potentialAction":[{"@type":"ReadAction","target":["https:\/\/iha-race.com\/de\/producto\/conector-xt60-con-cable-14-12awg-15cm-1-pieza\/"]}]},{"@type":"ImageObject","inLanguage":"de","@id":"https:\/\/iha-race.com\/de\/producto\/conector-xt60-con-cable-14-12awg-15cm-1-pieza\/#primaryimage","url":"https:\/\/iha-race.com\/wp-content\/uploads\/2019\/03\/44548886-7240-42ae-9f88-09348d1ab526.jpg.webp","contentUrl":"https:\/\/iha-race.com\/wp-content\/uploads\/2019\/03\/44548886-7240-42ae-9f88-09348d1ab526.jpg.webp","width":600,"height":600},{"@type":"BreadcrumbList","@id":"https:\/\/iha-race.com\/de\/producto\/conector-xt60-con-cable-14-12awg-15cm-1-pieza\/#breadcrumb","itemListElement":[{"@type":"ListItem","position":1,"name":"Portada","item":"https:\/\/iha-race.com\/de\/elementor-499\/"},{"@type":"ListItem","position":2,"name":"Shop","item":"https:\/\/iha-race.com\/de\/shop\/"},{"@type":"ListItem","position":3,"name":"XT60 Stecker mit Kabel 14\/12AWG 15cm (1 St\u00fcck)"}]},{"@type":"WebSite","@id":"https:\/\/iha-race.com\/de\/#website","url":"https:\/\/iha-race.com\/de\/","name":"Iha Race","description":"Comprar drones de carreras FPV env\u00edos en un d\u00eda desde Espa\u00f1a","publisher":{"@id":"https:\/\/iha-race.com\/de\/#organization"},"potentialAction":[{"@type":"SearchAction","target":{"@type":"EntryPoint","urlTemplate":"https:\/\/iha-race.com\/de\/?s={search_term_string}"},"query-input":{"@type":"PropertyValueSpecification","valueRequired":true,"valueName":"search_term_string"}}],"inLanguage":"de"},{"@type":"Organization","@id":"https:\/\/iha-race.com\/de\/#organization","name":"Iha Race","url":"https:\/\/iha-race.com\/de\/","logo":{"@type":"ImageObject","inLanguage":"de","@id":"https:\/\/iha-race.com\/de\/#\/schema\/logo\/image\/","url":"https:\/\/iha-race.com\/wp-content\/uploads\/2018\/07\/iha-race-drones-de-carreras-tienda-comprar-drones.png","contentUrl":"https:\/\/iha-race.com\/wp-content\/uploads\/2018\/07\/iha-race-drones-de-carreras-tienda-comprar-drones.png","width":300,"height":100,"caption":"Iha Race"},"image":{"@id":"https:\/\/iha-race.com\/de\/#\/schema\/logo\/image\/"}}]}},"jetpack_sharing_enabled":true,"brands":[],"_links":{"self":[{"href":"https:\/\/iha-race.com\/de\/wp-json\/wp\/v2\/product\/207917","targetHints":{"allow":["GET"]}}],"collection":[{"href":"https:\/\/iha-race.com\/de\/wp-json\/wp\/v2\/product"}],"about":[{"href":"https:\/\/iha-race.com\/de\/wp-json\/wp\/v2\/types\/product"}],"replies":[{"embeddable":true,"href":"https:\/\/iha-race.com\/de\/wp-json\/wp\/v2\/comments?post=207917"}],"version-history":[{"count":2,"href":"https:\/\/iha-race.com\/de\/wp-json\/wp\/v2\/product\/207917\/revisions"}],"predecessor-version":[{"id":250268,"href":"https:\/\/iha-race.com\/de\/wp-json\/wp\/v2\/product\/207917\/revisions\/250268"}],"wp:featuredmedia":[{"embeddable":true,"href":"https:\/\/iha-race.com\/de\/wp-json\/wp\/v2\/media\/127861"}],"wp:attachment":[{"href":"https:\/\/iha-race.com\/de\/wp-json\/wp\/v2\/media?parent=207917"}],"wp:term":[{"taxonomy":"pwb-brand","embeddable":true,"href":"https:\/\/iha-race.com\/de\/wp-json\/wp\/v2\/pwb-brand?post=207917"},{"taxonomy":"product_cat","embeddable":true,"href":"https:\/\/iha-race.com\/de\/wp-json\/wp\/v2\/product_cat?post=207917"},{"taxonomy":"product_tag","embeddable":true,"href":"https:\/\/iha-race.com\/de\/wp-json\/wp\/v2\/product_tag?post=207917"}],"curies":[{"name":"wp","href":"https:\/\/api.w.org\/{rel}","templated":true}]}}