{"id":207909,"date":"2019-03-11T18:53:29","date_gmt":"2019-03-11T17:53:29","guid":{"rendered":"https:\/\/iha-race.com\/producto\/taranis-qx7-mod\/"},"modified":"2025-08-29T22:08:42","modified_gmt":"2025-08-29T20:08:42","slug":"taranis-qx7-mod","status":"publish","type":"product","link":"https:\/\/iha-race.com\/de\/producto\/taranis-qx7-mod\/","title":{"rendered":"TARANIS QX7 MOD"},"content":{"rendered":"<h2>TARANIS QX7 MOD<\/h2>\n<p>  R\u00fcsten Sie Ihren FrSky Q X7 auf, indem Sie den JR Bay Telemetrie-Port so modifizieren, dass er eine Durchsatzrate von 400 kbaud anstelle von nur 100 kbaud erm\u00f6glicht. Eine weitere Verwendung f\u00fcr diese Karte ist, wenn Sie eine Taranis Q X7 verwenden und Crossfire nutzen, aber das Paket nicht mit dieser Karte gekauft haben, k\u00f6nnen Sie Probleme mit RSSI auf Ihrem Crossfire haben. Dieser Board-Mod soll dieses Problem l\u00f6sen. Hardware-Design von Philipp Seidel, hergestellt von TBS.  <a href=\"https:\/\/blog.seidel-philipp.de\/fixed-inverter-mod-for-tbs-crossfire-and-frsky-qx7\/\">Folgen Sie dieser ausf\u00fchrlichen Anleitung, wie Sie diese Mod erstellen.<\/a>  Warnung: F\u00fchren Sie Hardware\u00e4nderungen nur durch, wenn Sie wissen, was Sie tun. Das Ausl\u00f6ten von SMD-Bauteilen erfordert ein wenig Fingerspitzengef\u00fchl. Die Bauteile in der Umgebung k\u00f6nnen sehr leicht besch\u00e4digt werden, wenn dies nicht richtig gemacht wird. Nehmen Sie diese \u00c4nderungen nur auf eigene Gefahr\/Verantwortung vor.  <img fetchpriority=\"high\" decoding=\"async\" class=\"size-large wp-image-7630\" src=\"https:\/\/iha-race.com\/wp-content\/uploads\/2019\/03\/tbs_crossfire_inverter_mod_taranis_qx7-1024x768.jpg\" alt=\"TARANIS QX7 MOD\" width=\"840\" height=\"630\" srcset=\"https:\/\/iha-race.com\/wp-content\/uploads\/2019\/03\/tbs_crossfire_inverter_mod_taranis_qx7-1024x768.jpg 1024w, https:\/\/iha-race.com\/wp-content\/uploads\/2019\/03\/tbs_crossfire_inverter_mod_taranis_qx7-600x450.jpg 600w, https:\/\/iha-race.com\/wp-content\/uploads\/2019\/03\/tbs_crossfire_inverter_mod_taranis_qx7-300x225.jpg 300w, https:\/\/iha-race.com\/wp-content\/uploads\/2019\/03\/tbs_crossfire_inverter_mod_taranis_qx7-768x576.jpg 768w, https:\/\/iha-race.com\/wp-content\/uploads\/2019\/03\/tbs_crossfire_inverter_mod_taranis_qx7-788x591.jpg 788w\" sizes=\"(max-width: 840px) 100vw, 840px\" \/><\/p>\n","protected":false},"excerpt":{"rendered":"<p>TARANIS QX7 MOD R\u00fcsten Sie Ihren FrSky Q X7 auf, indem Sie den JR Bay Telemetrie-Port so modifizieren, dass er eine Durchsatzrate von 400 kbaud anstelle von nur 100 kbaud<\/p>\n","protected":false},"featured_media":124711,"comment_status":"open","ping_status":"closed","template":"","meta":{"_joinchat":[]},"pwb-brand":[],"product_cat":[2707,2665],"product_tag":[],"class_list":{"0":"post-207909","1":"product","2":"type-product","3":"status-publish","4":"has-post-thumbnail","6":"product_cat-ersatzteile","7":"product_cat-rundfunkveranstalter","9":"first","10":"instock","11":"taxable","12":"shipping-taxable","13":"purchasable","14":"product-type-simple"},"barcode":null,"atum_controlled":true,"out_stock_date":null,"out_stock_threshold":null,"inheritable":false,"stock_on_hold":0,"sold_today":0,"sales_last_days":0,"out_stock_days":0,"lost_sales":0,"update_date":"2026-04-16T07:36:05","atum_locations":[],"atum_stock_status":"instock","restock_status":false,"low_stock_amount":"","sales_update_date":"2026-04-16T07:36:05","calc_backorders":null,"yoast_head":"<!-- This site is optimized with the Yoast SEO plugin v27.3 - https:\/\/yoast.com\/product\/yoast-seo-wordpress\/ -->\n<title>TARANIS QX7 MOD - Iha Race<\/title>\n<meta name=\"robots\" content=\"index, follow, max-snippet:-1, max-image-preview:large, max-video-preview:-1\" \/>\n<link rel=\"canonical\" href=\"https:\/\/iha-race.com\/de\/producto\/taranis-qx7-mod\/\" \/>\n<meta property=\"og:locale\" content=\"de_DE\" \/>\n<meta property=\"og:type\" content=\"article\" \/>\n<meta property=\"og:title\" content=\"TARANIS QX7 MOD - Iha Race\" \/>\n<meta property=\"og:description\" content=\"TARANIS QX7 MOD R\u00fcsten Sie Ihren FrSky Q X7 auf, indem Sie den JR Bay Telemetrie-Port so modifizieren, dass er eine Durchsatzrate von 400 kbaud anstelle von nur 100 kbaud\" \/>\n<meta property=\"og:url\" content=\"https:\/\/iha-race.com\/de\/producto\/taranis-qx7-mod\/\" \/>\n<meta property=\"og:site_name\" content=\"Iha Race\" \/>\n<meta property=\"article:modified_time\" content=\"2025-08-29T20:08:42+00:00\" \/>\n<meta property=\"og:image\" content=\"https:\/\/iha-race.com\/wp-content\/uploads\/2019\/03\/taranis-qx7-mod-comprar-barato-1.jpg\" \/>\n\t<meta property=\"og:image:width\" content=\"800\" \/>\n\t<meta property=\"og:image:height\" content=\"800\" \/>\n\t<meta property=\"og:image:type\" content=\"image\/jpeg\" \/>\n<meta name=\"twitter:card\" content=\"summary_large_image\" \/>\n<meta name=\"twitter:label1\" content=\"Gesch\u00e4tzte Lesezeit\" \/>\n\t<meta name=\"twitter:data1\" content=\"1\u00a0Minute\" \/>\n<script type=\"application\/ld+json\" class=\"yoast-schema-graph\">{\"@context\":\"https:\\\/\\\/schema.org\",\"@graph\":[{\"@type\":\"WebPage\",\"@id\":\"https:\\\/\\\/iha-race.com\\\/de\\\/producto\\\/taranis-qx7-mod\\\/\",\"url\":\"https:\\\/\\\/iha-race.com\\\/de\\\/producto\\\/taranis-qx7-mod\\\/\",\"name\":\"TARANIS QX7 MOD - Iha Race\",\"isPartOf\":{\"@id\":\"https:\\\/\\\/iha-race.com\\\/de\\\/#website\"},\"primaryImageOfPage\":{\"@id\":\"https:\\\/\\\/iha-race.com\\\/de\\\/producto\\\/taranis-qx7-mod\\\/#primaryimage\"},\"image\":{\"@id\":\"https:\\\/\\\/iha-race.com\\\/de\\\/producto\\\/taranis-qx7-mod\\\/#primaryimage\"},\"thumbnailUrl\":\"https:\\\/\\\/iha-race.com\\\/wp-content\\\/uploads\\\/2019\\\/03\\\/taranis-qx7-mod-comprar-barato-1.jpg\",\"datePublished\":\"2019-03-11T17:53:29+00:00\",\"dateModified\":\"2025-08-29T20:08:42+00:00\",\"breadcrumb\":{\"@id\":\"https:\\\/\\\/iha-race.com\\\/de\\\/producto\\\/taranis-qx7-mod\\\/#breadcrumb\"},\"inLanguage\":\"de\",\"potentialAction\":[{\"@type\":\"ReadAction\",\"target\":[\"https:\\\/\\\/iha-race.com\\\/de\\\/producto\\\/taranis-qx7-mod\\\/\"]}]},{\"@type\":\"ImageObject\",\"inLanguage\":\"de\",\"@id\":\"https:\\\/\\\/iha-race.com\\\/de\\\/producto\\\/taranis-qx7-mod\\\/#primaryimage\",\"url\":\"https:\\\/\\\/iha-race.com\\\/wp-content\\\/uploads\\\/2019\\\/03\\\/taranis-qx7-mod-comprar-barato-1.jpg\",\"contentUrl\":\"https:\\\/\\\/iha-race.com\\\/wp-content\\\/uploads\\\/2019\\\/03\\\/taranis-qx7-mod-comprar-barato-1.jpg\",\"width\":800,\"height\":800},{\"@type\":\"BreadcrumbList\",\"@id\":\"https:\\\/\\\/iha-race.com\\\/de\\\/producto\\\/taranis-qx7-mod\\\/#breadcrumb\",\"itemListElement\":[{\"@type\":\"ListItem\",\"position\":1,\"name\":\"Portada\",\"item\":\"https:\\\/\\\/iha-race.com\\\/de\\\/elementor-499\\\/\"},{\"@type\":\"ListItem\",\"position\":2,\"name\":\"Shop\",\"item\":\"https:\\\/\\\/iha-race.com\\\/de\\\/shop\\\/\"},{\"@type\":\"ListItem\",\"position\":3,\"name\":\"TARANIS QX7 MOD\"}]},{\"@type\":\"WebSite\",\"@id\":\"https:\\\/\\\/iha-race.com\\\/de\\\/#website\",\"url\":\"https:\\\/\\\/iha-race.com\\\/de\\\/\",\"name\":\"Iha Race\",\"description\":\"Comprar drones de carreras FPV env\u00edos en un d\u00eda desde Espa\u00f1a\",\"publisher\":{\"@id\":\"https:\\\/\\\/iha-race.com\\\/de\\\/#organization\"},\"potentialAction\":[{\"@type\":\"SearchAction\",\"target\":{\"@type\":\"EntryPoint\",\"urlTemplate\":\"https:\\\/\\\/iha-race.com\\\/de\\\/?s={search_term_string}\"},\"query-input\":{\"@type\":\"PropertyValueSpecification\",\"valueRequired\":true,\"valueName\":\"search_term_string\"}}],\"inLanguage\":\"de\"},{\"@type\":\"Organization\",\"@id\":\"https:\\\/\\\/iha-race.com\\\/de\\\/#organization\",\"name\":\"Iha Race\",\"url\":\"https:\\\/\\\/iha-race.com\\\/de\\\/\",\"logo\":{\"@type\":\"ImageObject\",\"inLanguage\":\"de\",\"@id\":\"https:\\\/\\\/iha-race.com\\\/de\\\/#\\\/schema\\\/logo\\\/image\\\/\",\"url\":\"https:\\\/\\\/iha-race.com\\\/wp-content\\\/uploads\\\/2018\\\/07\\\/iha-race-drones-de-carreras-tienda-comprar-drones.png\",\"contentUrl\":\"https:\\\/\\\/iha-race.com\\\/wp-content\\\/uploads\\\/2018\\\/07\\\/iha-race-drones-de-carreras-tienda-comprar-drones.png\",\"width\":300,\"height\":100,\"caption\":\"Iha Race\"},\"image\":{\"@id\":\"https:\\\/\\\/iha-race.com\\\/de\\\/#\\\/schema\\\/logo\\\/image\\\/\"}}]}<\/script>\n<!-- \/ Yoast SEO plugin. -->","yoast_head_json":{"title":"TARANIS QX7 MOD - Iha Race","robots":{"index":"index","follow":"follow","max-snippet":"max-snippet:-1","max-image-preview":"max-image-preview:large","max-video-preview":"max-video-preview:-1"},"canonical":"https:\/\/iha-race.com\/de\/producto\/taranis-qx7-mod\/","og_locale":"de_DE","og_type":"article","og_title":"TARANIS QX7 MOD - Iha Race","og_description":"TARANIS QX7 MOD R\u00fcsten Sie Ihren FrSky Q X7 auf, indem Sie den JR Bay Telemetrie-Port so modifizieren, dass er eine Durchsatzrate von 400 kbaud anstelle von nur 100 kbaud","og_url":"https:\/\/iha-race.com\/de\/producto\/taranis-qx7-mod\/","og_site_name":"Iha Race","article_modified_time":"2025-08-29T20:08:42+00:00","og_image":[{"width":800,"height":800,"url":"https:\/\/iha-race.com\/wp-content\/uploads\/2019\/03\/taranis-qx7-mod-comprar-barato-1.jpg","type":"image\/jpeg"}],"twitter_card":"summary_large_image","twitter_misc":{"Gesch\u00e4tzte Lesezeit":"1\u00a0Minute"},"schema":{"@context":"https:\/\/schema.org","@graph":[{"@type":"WebPage","@id":"https:\/\/iha-race.com\/de\/producto\/taranis-qx7-mod\/","url":"https:\/\/iha-race.com\/de\/producto\/taranis-qx7-mod\/","name":"TARANIS QX7 MOD - Iha Race","isPartOf":{"@id":"https:\/\/iha-race.com\/de\/#website"},"primaryImageOfPage":{"@id":"https:\/\/iha-race.com\/de\/producto\/taranis-qx7-mod\/#primaryimage"},"image":{"@id":"https:\/\/iha-race.com\/de\/producto\/taranis-qx7-mod\/#primaryimage"},"thumbnailUrl":"https:\/\/iha-race.com\/wp-content\/uploads\/2019\/03\/taranis-qx7-mod-comprar-barato-1.jpg","datePublished":"2019-03-11T17:53:29+00:00","dateModified":"2025-08-29T20:08:42+00:00","breadcrumb":{"@id":"https:\/\/iha-race.com\/de\/producto\/taranis-qx7-mod\/#breadcrumb"},"inLanguage":"de","potentialAction":[{"@type":"ReadAction","target":["https:\/\/iha-race.com\/de\/producto\/taranis-qx7-mod\/"]}]},{"@type":"ImageObject","inLanguage":"de","@id":"https:\/\/iha-race.com\/de\/producto\/taranis-qx7-mod\/#primaryimage","url":"https:\/\/iha-race.com\/wp-content\/uploads\/2019\/03\/taranis-qx7-mod-comprar-barato-1.jpg","contentUrl":"https:\/\/iha-race.com\/wp-content\/uploads\/2019\/03\/taranis-qx7-mod-comprar-barato-1.jpg","width":800,"height":800},{"@type":"BreadcrumbList","@id":"https:\/\/iha-race.com\/de\/producto\/taranis-qx7-mod\/#breadcrumb","itemListElement":[{"@type":"ListItem","position":1,"name":"Portada","item":"https:\/\/iha-race.com\/de\/elementor-499\/"},{"@type":"ListItem","position":2,"name":"Shop","item":"https:\/\/iha-race.com\/de\/shop\/"},{"@type":"ListItem","position":3,"name":"TARANIS QX7 MOD"}]},{"@type":"WebSite","@id":"https:\/\/iha-race.com\/de\/#website","url":"https:\/\/iha-race.com\/de\/","name":"Iha Race","description":"Comprar drones de carreras FPV env\u00edos en un d\u00eda desde Espa\u00f1a","publisher":{"@id":"https:\/\/iha-race.com\/de\/#organization"},"potentialAction":[{"@type":"SearchAction","target":{"@type":"EntryPoint","urlTemplate":"https:\/\/iha-race.com\/de\/?s={search_term_string}"},"query-input":{"@type":"PropertyValueSpecification","valueRequired":true,"valueName":"search_term_string"}}],"inLanguage":"de"},{"@type":"Organization","@id":"https:\/\/iha-race.com\/de\/#organization","name":"Iha Race","url":"https:\/\/iha-race.com\/de\/","logo":{"@type":"ImageObject","inLanguage":"de","@id":"https:\/\/iha-race.com\/de\/#\/schema\/logo\/image\/","url":"https:\/\/iha-race.com\/wp-content\/uploads\/2018\/07\/iha-race-drones-de-carreras-tienda-comprar-drones.png","contentUrl":"https:\/\/iha-race.com\/wp-content\/uploads\/2018\/07\/iha-race-drones-de-carreras-tienda-comprar-drones.png","width":300,"height":100,"caption":"Iha Race"},"image":{"@id":"https:\/\/iha-race.com\/de\/#\/schema\/logo\/image\/"}}]}},"jetpack_sharing_enabled":true,"brands":[],"_links":{"self":[{"href":"https:\/\/iha-race.com\/de\/wp-json\/wp\/v2\/product\/207909","targetHints":{"allow":["GET"]}}],"collection":[{"href":"https:\/\/iha-race.com\/de\/wp-json\/wp\/v2\/product"}],"about":[{"href":"https:\/\/iha-race.com\/de\/wp-json\/wp\/v2\/types\/product"}],"replies":[{"embeddable":true,"href":"https:\/\/iha-race.com\/de\/wp-json\/wp\/v2\/comments?post=207909"}],"version-history":[{"count":2,"href":"https:\/\/iha-race.com\/de\/wp-json\/wp\/v2\/product\/207909\/revisions"}],"predecessor-version":[{"id":250274,"href":"https:\/\/iha-race.com\/de\/wp-json\/wp\/v2\/product\/207909\/revisions\/250274"}],"wp:featuredmedia":[{"embeddable":true,"href":"https:\/\/iha-race.com\/de\/wp-json\/wp\/v2\/media\/124711"}],"wp:attachment":[{"href":"https:\/\/iha-race.com\/de\/wp-json\/wp\/v2\/media?parent=207909"}],"wp:term":[{"taxonomy":"pwb-brand","embeddable":true,"href":"https:\/\/iha-race.com\/de\/wp-json\/wp\/v2\/pwb-brand?post=207909"},{"taxonomy":"product_cat","embeddable":true,"href":"https:\/\/iha-race.com\/de\/wp-json\/wp\/v2\/product_cat?post=207909"},{"taxonomy":"product_tag","embeddable":true,"href":"https:\/\/iha-race.com\/de\/wp-json\/wp\/v2\/product_tag?post=207909"}],"curies":[{"name":"wp","href":"https:\/\/api.w.org\/{rel}","templated":true}]}}