{"id":207872,"date":"2018-12-08T12:51:30","date_gmt":"2018-12-08T11:51:30","guid":{"rendered":"https:\/\/iha-race.com\/producto\/foxeer-echo-v1-v2-patch-antenne-8dbi-sma-weiss-rhcp-lhcp\/"},"modified":"2024-08-29T16:29:56","modified_gmt":"2024-08-29T14:29:56","slug":"antenne-foxeer-echo-v1-v2-patch-8dbi-sma-weis-weis-rhcp-lhcp","status":"publish","type":"product","link":"https:\/\/iha-race.com\/de\/producto\/antenne-foxeer-echo-v1-v2-patch-8dbi-sma-weis-weis-rhcp-lhcp\/","title":{"rendered":"Foxeer Echo V1\/V2 Patch 8DBi SMA\/RPSMA Antenne Wei\u00df (RHCP\/LHCP)"},"content":{"rendered":"<h2>Foxeer Echo V1\/V2 Patch 8DBi SMA\/RPSMA Antenne Wei\u00df (RHCP\/LHCP)<\/h2>\n<h3>Merkmale Foxeer Echo Patch<\/h3>\n<table class=\"table table-bordered\" width=\"614\">\n<tbody>\n<tr>\n<td valign=\"center\" width=\"189\">Mittenfrequenz<\/td>\n<td valign=\"center\" width=\"413\">5,8 GHz<\/td>\n<\/tr>\n<tr>\n<td valign=\"center\">Verst\u00e4rkung<\/td>\n<td valign=\"center\">8dBi<\/td>\n<\/tr>\n<tr>\n<td valign=\"center\">Axiales Verh\u00e4ltnis<\/td>\n<td valign=\"center\">Etwa 1<\/td>\n<\/tr>\n<tr>\n<td valign=\"center\">Breitband<\/td>\n<td valign=\"center\">5,5 G ~ 6 GHz<\/td>\n<\/tr>\n<tr>\n<td valign=\"center\">Abstrahlwinkel<\/td>\n<td valign=\"center\">84,7 \u00b0<\/td>\n<\/tr>\n<tr>\n<td valign=\"center\">Strahlungseffizienz<\/td>\n<td valign=\"center\">98%<\/td>\n<\/tr>\n<tr>\n<td valign=\"center\">Impedanz<\/td>\n<td valign=\"center\">50\u03a9<\/td>\n<\/tr>\n<tr>\n<td valign=\"center\">SWR<\/td>\n<td valign=\"center\">&lt;1,25 bei Mittenfrequenz<\/td>\n<\/tr>\n<tr>\n<td valign=\"center\">Stecker<\/td>\n<td valign=\"center\">SMA \/ RPSMA<\/td>\n<\/tr>\n<tr>\n<td valign=\"center\">Abmessung<\/td>\n<td valign=\"center\">40 * 22 mm<\/td>\n<\/tr>\n<tr>\n<td valign=\"center\">Polarisierung<\/td>\n<td valign=\"center\">RHCP \/ LHCP<\/td>\n<\/tr>\n<tr>\n<td valign=\"center\">Geh\u00e4use Material<\/td>\n<td valign=\"center\">Personal Computer<\/td>\n<\/tr>\n<tr>\n<td valign=\"center\">Gewicht<\/td>\n<td valign=\"center\">8g<\/td>\n<\/tr>\n<tr>\n<td valign=\"Package Includes\"><\/td>\n<td valign=\"center\"><\/td>\n<\/tr>\n<\/tbody>\n<\/table>\n<p><img fetchpriority=\"high\" decoding=\"async\" class=\"alignnone wp-image-63296 size-full\" src=\"https:\/\/iha-race.com\/wp-content\/uploads\/2018\/12\/Antena-Foxeer-Echo-Patch-8DBi-SMA-Blanca.jpg\" alt=\"\" width=\"1080\" height=\"1600\" srcset=\"https:\/\/iha-race.com\/wp-content\/uploads\/2018\/12\/Antena-Foxeer-Echo-Patch-8DBi-SMA-Blanca.jpg 1080w, https:\/\/iha-race.com\/wp-content\/uploads\/2018\/12\/Antena-Foxeer-Echo-Patch-8DBi-SMA-Blanca-203x300.jpg 203w, https:\/\/iha-race.com\/wp-content\/uploads\/2018\/12\/Antena-Foxeer-Echo-Patch-8DBi-SMA-Blanca-691x1024.jpg 691w, https:\/\/iha-race.com\/wp-content\/uploads\/2018\/12\/Antena-Foxeer-Echo-Patch-8DBi-SMA-Blanca-767x1137.jpg 767w, https:\/\/iha-race.com\/wp-content\/uploads\/2018\/12\/Antena-Foxeer-Echo-Patch-8DBi-SMA-Blanca-1037x1536.jpg 1037w, https:\/\/iha-race.com\/wp-content\/uploads\/2018\/12\/Antena-Foxeer-Echo-Patch-8DBi-SMA-Blanca-1382x2048.jpg 1382w, https:\/\/iha-race.com\/wp-content\/uploads\/2018\/12\/Antena-Foxeer-Echo-Patch-8DBi-SMA-Blanca-101x150.jpg 101w, https:\/\/iha-race.com\/wp-content\/uploads\/2018\/12\/Antena-Foxeer-Echo-Patch-8DBi-SMA-Blanca-100x148.jpg 100w, https:\/\/iha-race.com\/wp-content\/uploads\/2018\/12\/Antena-Foxeer-Echo-Patch-8DBi-SMA-Blanca-236x350.jpg 236w, https:\/\/iha-race.com\/wp-content\/uploads\/2018\/12\/Antena-Foxeer-Echo-Patch-8DBi-SMA-Blanca-788x1167.jpg 788w, https:\/\/iha-race.com\/wp-content\/uploads\/2018\/12\/Antena-Foxeer-Echo-Patch-8DBi-SMA-Blanca-599x888.jpg 599w\" sizes=\"(max-width: 1080px) 100vw, 1080px\" \/><\/p>\n<p><img decoding=\"async\" class=\"alignnone wp-image-63297 size-full\" src=\"https:\/\/iha-race.com\/wp-content\/uploads\/2018\/12\/Antena-Foxeer-Echo-Patch-8DBi-SMA-MEDIDAS.jpg\" alt=\"\" width=\"1080\" height=\"1200\" srcset=\"https:\/\/iha-race.com\/wp-content\/uploads\/2018\/12\/Antena-Foxeer-Echo-Patch-8DBi-SMA-MEDIDAS.jpg 1080w, https:\/\/iha-race.com\/wp-content\/uploads\/2018\/12\/Antena-Foxeer-Echo-Patch-8DBi-SMA-MEDIDAS-270x300.jpg 270w, https:\/\/iha-race.com\/wp-content\/uploads\/2018\/12\/Antena-Foxeer-Echo-Patch-8DBi-SMA-MEDIDAS-922x1024.jpg 922w, https:\/\/iha-race.com\/wp-content\/uploads\/2018\/12\/Antena-Foxeer-Echo-Patch-8DBi-SMA-MEDIDAS-768x853.jpg 768w, https:\/\/iha-race.com\/wp-content\/uploads\/2018\/12\/Antena-Foxeer-Echo-Patch-8DBi-SMA-MEDIDAS-1382x1536.jpg 1382w, https:\/\/iha-race.com\/wp-content\/uploads\/2018\/12\/Antena-Foxeer-Echo-Patch-8DBi-SMA-MEDIDAS-1843x2048.jpg 1843w, https:\/\/iha-race.com\/wp-content\/uploads\/2018\/12\/Antena-Foxeer-Echo-Patch-8DBi-SMA-MEDIDAS-135x150.jpg 135w, https:\/\/iha-race.com\/wp-content\/uploads\/2018\/12\/Antena-Foxeer-Echo-Patch-8DBi-SMA-MEDIDAS-100x111.jpg 100w, https:\/\/iha-race.com\/wp-content\/uploads\/2018\/12\/Antena-Foxeer-Echo-Patch-8DBi-SMA-MEDIDAS-315x350.jpg 315w, https:\/\/iha-race.com\/wp-content\/uploads\/2018\/12\/Antena-Foxeer-Echo-Patch-8DBi-SMA-MEDIDAS-788x875.jpg 788w, https:\/\/iha-race.com\/wp-content\/uploads\/2018\/12\/Antena-Foxeer-Echo-Patch-8DBi-SMA-MEDIDAS-599x666.jpg 599w\" sizes=\"(max-width: 1080px) 100vw, 1080px\" \/><\/p>\n<h2>Das Paket enth\u00e4lt:<\/h2>\n<ul>\n<li>1 x Foxeer Echo Patch 8DBi SMA Antenne Wei\u00df + 45\u00ba Winkelst\u00fcck (RHCP Version)<\/li>\n<li>Die LHCP-Version verf\u00fcgt \u00fcber zwei 45%ige Kr\u00fcmmer (ein SMA\/SMA und ein RPSMA\/SMA) f\u00fcr die Verwendung mit DJI-Brillen.<\/li>\n<\/ul>\n","protected":false},"excerpt":{"rendered":"<p>Foxeer Echo V1\/V2 Patch 8DBi SMA\/RPSMA Antenne Wei\u00df (RHCP\/LHCP) Merkmale Foxeer Echo Patch Mittenfrequenz 5,8 GHz Verst\u00e4rkung 8dBi Axiales Verh\u00e4ltnis Etwa 1 Breitband 5,5 G ~ 6 GHz Abstrahlwinkel 84,7<\/p>\n","protected":false},"featured_media":124552,"comment_status":"open","ping_status":"closed","template":"","meta":{"_joinchat":[]},"pwb-brand":[],"product_cat":[2589],"product_tag":[],"class_list":{"0":"post-207872","1":"product","2":"type-product","3":"status-publish","4":"has-post-thumbnail","6":"product_cat-fpv-antennen","8":"first","9":"instock","10":"taxable","11":"shipping-taxable","12":"purchasable","13":"product-type-variable"},"barcode":null,"atum_controlled":true,"out_stock_date":"2021-03-29 01:06:00","out_stock_threshold":null,"inheritable":true,"stock_on_hold":0,"sold_today":0,"sales_last_days":0,"out_stock_days":1025,"lost_sales":0,"update_date":"2026-04-18T23:29:49","atum_locations":[],"atum_stock_status":"instock","restock_status":false,"low_stock_amount":"","sales_update_date":"2026-04-18T23:29:49","calc_backorders":null,"yoast_head":"<!-- This site is optimized with the Yoast SEO plugin v27.3 - https:\/\/yoast.com\/product\/yoast-seo-wordpress\/ -->\n<title>&quot;\u3010 Foxeer Echo Patch \u3010 Foxeer Echo Patch \u3011&quot; 5.8G FPV Antenne &quot; 8DBi Wei\u00df | Iha Race<\/title>\n<meta name=\"description\" content=\"Wir empfehlen die Foxeer Echo Patch-Antenne, die von den besten FPV-Rennpiloten verwendet wird. Heute kaufen und morgen erhalten. 24-Stunden-Lieferung\u2708\ufe0f. \u260e676757149.\" \/>\n<meta name=\"robots\" content=\"index, follow, max-snippet:-1, max-image-preview:large, max-video-preview:-1\" \/>\n<link rel=\"canonical\" href=\"https:\/\/iha-race.com\/de\/producto\/antenne-foxeer-echo-v1-v2-patch-8dbi-sma-weis-weis-rhcp-lhcp\/\" \/>\n<meta property=\"og:locale\" content=\"de_DE\" \/>\n<meta property=\"og:type\" content=\"article\" \/>\n<meta property=\"og:title\" content=\"&quot;\u3010 Foxeer Echo Patch \u3010 Foxeer Echo Patch \u3011&quot; 5.8G FPV Antenne &quot; 8DBi Wei\u00df | Iha Race\" \/>\n<meta property=\"og:description\" content=\"Wir empfehlen die Foxeer Echo Patch-Antenne, die von den besten FPV-Rennpiloten verwendet wird. Heute kaufen und morgen erhalten. 24-Stunden-Lieferung\u2708\ufe0f. \u260e676757149.\" \/>\n<meta property=\"og:url\" content=\"https:\/\/iha-race.com\/de\/producto\/antenne-foxeer-echo-v1-v2-patch-8dbi-sma-weis-weis-rhcp-lhcp\/\" \/>\n<meta property=\"og:site_name\" content=\"Iha Race\" \/>\n<meta property=\"article:modified_time\" content=\"2024-08-29T14:29:56+00:00\" \/>\n<meta property=\"og:image\" content=\"https:\/\/iha-race.com\/wp-content\/uploads\/2018\/12\/foxeer-echo-patch-5-8g-antena-8dbi-blanca-comprar-barato-1-1.jpg\" \/>\n\t<meta property=\"og:image:width\" content=\"800\" \/>\n\t<meta property=\"og:image:height\" content=\"800\" \/>\n\t<meta property=\"og:image:type\" content=\"image\/jpeg\" \/>\n<meta name=\"twitter:card\" content=\"summary_large_image\" \/>\n<script type=\"application\/ld+json\" class=\"yoast-schema-graph\">{\"@context\":\"https:\\\/\\\/schema.org\",\"@graph\":[{\"@type\":\"WebPage\",\"@id\":\"https:\\\/\\\/iha-race.com\\\/de\\\/producto\\\/antenne-foxeer-echo-v1-v2-patch-8dbi-sma-weis-weis-rhcp-lhcp\\\/\",\"url\":\"https:\\\/\\\/iha-race.com\\\/de\\\/producto\\\/antenne-foxeer-echo-v1-v2-patch-8dbi-sma-weis-weis-rhcp-lhcp\\\/\",\"name\":\"\\\"\u3010 Foxeer Echo Patch \u3010 Foxeer Echo Patch \u3011\\\" 5.8G FPV Antenne \\\" 8DBi Wei\u00df | Iha Race\",\"isPartOf\":{\"@id\":\"https:\\\/\\\/iha-race.com\\\/de\\\/#website\"},\"primaryImageOfPage\":{\"@id\":\"https:\\\/\\\/iha-race.com\\\/de\\\/producto\\\/antenne-foxeer-echo-v1-v2-patch-8dbi-sma-weis-weis-rhcp-lhcp\\\/#primaryimage\"},\"image\":{\"@id\":\"https:\\\/\\\/iha-race.com\\\/de\\\/producto\\\/antenne-foxeer-echo-v1-v2-patch-8dbi-sma-weis-weis-rhcp-lhcp\\\/#primaryimage\"},\"thumbnailUrl\":\"https:\\\/\\\/iha-race.com\\\/wp-content\\\/uploads\\\/2018\\\/12\\\/foxeer-echo-patch-5-8g-antena-8dbi-blanca-comprar-barato-1-1.jpg\",\"datePublished\":\"2018-12-08T11:51:30+00:00\",\"dateModified\":\"2024-08-29T14:29:56+00:00\",\"description\":\"Wir empfehlen die Foxeer Echo Patch-Antenne, die von den besten FPV-Rennpiloten verwendet wird. Heute kaufen und morgen erhalten. 24-Stunden-Lieferung\u2708\ufe0f. \u260e676757149.\",\"breadcrumb\":{\"@id\":\"https:\\\/\\\/iha-race.com\\\/de\\\/producto\\\/antenne-foxeer-echo-v1-v2-patch-8dbi-sma-weis-weis-rhcp-lhcp\\\/#breadcrumb\"},\"inLanguage\":\"de\",\"potentialAction\":[{\"@type\":\"ReadAction\",\"target\":[\"https:\\\/\\\/iha-race.com\\\/de\\\/producto\\\/antenne-foxeer-echo-v1-v2-patch-8dbi-sma-weis-weis-rhcp-lhcp\\\/\"]}]},{\"@type\":\"ImageObject\",\"inLanguage\":\"de\",\"@id\":\"https:\\\/\\\/iha-race.com\\\/de\\\/producto\\\/antenne-foxeer-echo-v1-v2-patch-8dbi-sma-weis-weis-rhcp-lhcp\\\/#primaryimage\",\"url\":\"https:\\\/\\\/iha-race.com\\\/wp-content\\\/uploads\\\/2018\\\/12\\\/foxeer-echo-patch-5-8g-antena-8dbi-blanca-comprar-barato-1-1.jpg\",\"contentUrl\":\"https:\\\/\\\/iha-race.com\\\/wp-content\\\/uploads\\\/2018\\\/12\\\/foxeer-echo-patch-5-8g-antena-8dbi-blanca-comprar-barato-1-1.jpg\",\"width\":800,\"height\":800},{\"@type\":\"BreadcrumbList\",\"@id\":\"https:\\\/\\\/iha-race.com\\\/de\\\/producto\\\/antenne-foxeer-echo-v1-v2-patch-8dbi-sma-weis-weis-rhcp-lhcp\\\/#breadcrumb\",\"itemListElement\":[{\"@type\":\"ListItem\",\"position\":1,\"name\":\"Portada\",\"item\":\"https:\\\/\\\/iha-race.com\\\/de\\\/elementor-499\\\/\"},{\"@type\":\"ListItem\",\"position\":2,\"name\":\"Shop\",\"item\":\"https:\\\/\\\/iha-race.com\\\/de\\\/shop\\\/\"},{\"@type\":\"ListItem\",\"position\":3,\"name\":\"Foxeer Echo V1\\\/V2 Patch 8DBi SMA\\\/RPSMA Antenne Wei\u00df (RHCP\\\/LHCP)\"}]},{\"@type\":\"WebSite\",\"@id\":\"https:\\\/\\\/iha-race.com\\\/de\\\/#website\",\"url\":\"https:\\\/\\\/iha-race.com\\\/de\\\/\",\"name\":\"Iha Race\",\"description\":\"Comprar drones de carreras FPV env\u00edos en un d\u00eda desde Espa\u00f1a\",\"publisher\":{\"@id\":\"https:\\\/\\\/iha-race.com\\\/de\\\/#organization\"},\"potentialAction\":[{\"@type\":\"SearchAction\",\"target\":{\"@type\":\"EntryPoint\",\"urlTemplate\":\"https:\\\/\\\/iha-race.com\\\/de\\\/?s={search_term_string}\"},\"query-input\":{\"@type\":\"PropertyValueSpecification\",\"valueRequired\":true,\"valueName\":\"search_term_string\"}}],\"inLanguage\":\"de\"},{\"@type\":\"Organization\",\"@id\":\"https:\\\/\\\/iha-race.com\\\/de\\\/#organization\",\"name\":\"Iha Race\",\"url\":\"https:\\\/\\\/iha-race.com\\\/de\\\/\",\"logo\":{\"@type\":\"ImageObject\",\"inLanguage\":\"de\",\"@id\":\"https:\\\/\\\/iha-race.com\\\/de\\\/#\\\/schema\\\/logo\\\/image\\\/\",\"url\":\"https:\\\/\\\/iha-race.com\\\/wp-content\\\/uploads\\\/2018\\\/07\\\/iha-race-drones-de-carreras-tienda-comprar-drones.png\",\"contentUrl\":\"https:\\\/\\\/iha-race.com\\\/wp-content\\\/uploads\\\/2018\\\/07\\\/iha-race-drones-de-carreras-tienda-comprar-drones.png\",\"width\":300,\"height\":100,\"caption\":\"Iha Race\"},\"image\":{\"@id\":\"https:\\\/\\\/iha-race.com\\\/de\\\/#\\\/schema\\\/logo\\\/image\\\/\"}}]}<\/script>\n<!-- \/ Yoast SEO plugin. -->","yoast_head_json":{"title":"\"\u3010 Foxeer Echo Patch \u3010 Foxeer Echo Patch \u3011\" 5.8G FPV Antenne \" 8DBi Wei\u00df | Iha Race","description":"Wir empfehlen die Foxeer Echo Patch-Antenne, die von den besten FPV-Rennpiloten verwendet wird. Heute kaufen und morgen erhalten. 24-Stunden-Lieferung\u2708\ufe0f. \u260e676757149.","robots":{"index":"index","follow":"follow","max-snippet":"max-snippet:-1","max-image-preview":"max-image-preview:large","max-video-preview":"max-video-preview:-1"},"canonical":"https:\/\/iha-race.com\/de\/producto\/antenne-foxeer-echo-v1-v2-patch-8dbi-sma-weis-weis-rhcp-lhcp\/","og_locale":"de_DE","og_type":"article","og_title":"\"\u3010 Foxeer Echo Patch \u3010 Foxeer Echo Patch \u3011\" 5.8G FPV Antenne \" 8DBi Wei\u00df | Iha Race","og_description":"Wir empfehlen die Foxeer Echo Patch-Antenne, die von den besten FPV-Rennpiloten verwendet wird. Heute kaufen und morgen erhalten. 24-Stunden-Lieferung\u2708\ufe0f. \u260e676757149.","og_url":"https:\/\/iha-race.com\/de\/producto\/antenne-foxeer-echo-v1-v2-patch-8dbi-sma-weis-weis-rhcp-lhcp\/","og_site_name":"Iha Race","article_modified_time":"2024-08-29T14:29:56+00:00","og_image":[{"width":800,"height":800,"url":"https:\/\/iha-race.com\/wp-content\/uploads\/2018\/12\/foxeer-echo-patch-5-8g-antena-8dbi-blanca-comprar-barato-1-1.jpg","type":"image\/jpeg"}],"twitter_card":"summary_large_image","schema":{"@context":"https:\/\/schema.org","@graph":[{"@type":"WebPage","@id":"https:\/\/iha-race.com\/de\/producto\/antenne-foxeer-echo-v1-v2-patch-8dbi-sma-weis-weis-rhcp-lhcp\/","url":"https:\/\/iha-race.com\/de\/producto\/antenne-foxeer-echo-v1-v2-patch-8dbi-sma-weis-weis-rhcp-lhcp\/","name":"\"\u3010 Foxeer Echo Patch \u3010 Foxeer Echo Patch \u3011\" 5.8G FPV Antenne \" 8DBi Wei\u00df | Iha Race","isPartOf":{"@id":"https:\/\/iha-race.com\/de\/#website"},"primaryImageOfPage":{"@id":"https:\/\/iha-race.com\/de\/producto\/antenne-foxeer-echo-v1-v2-patch-8dbi-sma-weis-weis-rhcp-lhcp\/#primaryimage"},"image":{"@id":"https:\/\/iha-race.com\/de\/producto\/antenne-foxeer-echo-v1-v2-patch-8dbi-sma-weis-weis-rhcp-lhcp\/#primaryimage"},"thumbnailUrl":"https:\/\/iha-race.com\/wp-content\/uploads\/2018\/12\/foxeer-echo-patch-5-8g-antena-8dbi-blanca-comprar-barato-1-1.jpg","datePublished":"2018-12-08T11:51:30+00:00","dateModified":"2024-08-29T14:29:56+00:00","description":"Wir empfehlen die Foxeer Echo Patch-Antenne, die von den besten FPV-Rennpiloten verwendet wird. Heute kaufen und morgen erhalten. 24-Stunden-Lieferung\u2708\ufe0f. \u260e676757149.","breadcrumb":{"@id":"https:\/\/iha-race.com\/de\/producto\/antenne-foxeer-echo-v1-v2-patch-8dbi-sma-weis-weis-rhcp-lhcp\/#breadcrumb"},"inLanguage":"de","potentialAction":[{"@type":"ReadAction","target":["https:\/\/iha-race.com\/de\/producto\/antenne-foxeer-echo-v1-v2-patch-8dbi-sma-weis-weis-rhcp-lhcp\/"]}]},{"@type":"ImageObject","inLanguage":"de","@id":"https:\/\/iha-race.com\/de\/producto\/antenne-foxeer-echo-v1-v2-patch-8dbi-sma-weis-weis-rhcp-lhcp\/#primaryimage","url":"https:\/\/iha-race.com\/wp-content\/uploads\/2018\/12\/foxeer-echo-patch-5-8g-antena-8dbi-blanca-comprar-barato-1-1.jpg","contentUrl":"https:\/\/iha-race.com\/wp-content\/uploads\/2018\/12\/foxeer-echo-patch-5-8g-antena-8dbi-blanca-comprar-barato-1-1.jpg","width":800,"height":800},{"@type":"BreadcrumbList","@id":"https:\/\/iha-race.com\/de\/producto\/antenne-foxeer-echo-v1-v2-patch-8dbi-sma-weis-weis-rhcp-lhcp\/#breadcrumb","itemListElement":[{"@type":"ListItem","position":1,"name":"Portada","item":"https:\/\/iha-race.com\/de\/elementor-499\/"},{"@type":"ListItem","position":2,"name":"Shop","item":"https:\/\/iha-race.com\/de\/shop\/"},{"@type":"ListItem","position":3,"name":"Foxeer Echo V1\/V2 Patch 8DBi SMA\/RPSMA Antenne Wei\u00df (RHCP\/LHCP)"}]},{"@type":"WebSite","@id":"https:\/\/iha-race.com\/de\/#website","url":"https:\/\/iha-race.com\/de\/","name":"Iha Race","description":"Comprar drones de carreras FPV env\u00edos en un d\u00eda desde Espa\u00f1a","publisher":{"@id":"https:\/\/iha-race.com\/de\/#organization"},"potentialAction":[{"@type":"SearchAction","target":{"@type":"EntryPoint","urlTemplate":"https:\/\/iha-race.com\/de\/?s={search_term_string}"},"query-input":{"@type":"PropertyValueSpecification","valueRequired":true,"valueName":"search_term_string"}}],"inLanguage":"de"},{"@type":"Organization","@id":"https:\/\/iha-race.com\/de\/#organization","name":"Iha Race","url":"https:\/\/iha-race.com\/de\/","logo":{"@type":"ImageObject","inLanguage":"de","@id":"https:\/\/iha-race.com\/de\/#\/schema\/logo\/image\/","url":"https:\/\/iha-race.com\/wp-content\/uploads\/2018\/07\/iha-race-drones-de-carreras-tienda-comprar-drones.png","contentUrl":"https:\/\/iha-race.com\/wp-content\/uploads\/2018\/07\/iha-race-drones-de-carreras-tienda-comprar-drones.png","width":300,"height":100,"caption":"Iha Race"},"image":{"@id":"https:\/\/iha-race.com\/de\/#\/schema\/logo\/image\/"}}]}},"jetpack_sharing_enabled":true,"brands":[],"_links":{"self":[{"href":"https:\/\/iha-race.com\/de\/wp-json\/wp\/v2\/product\/207872","targetHints":{"allow":["GET"]}}],"collection":[{"href":"https:\/\/iha-race.com\/de\/wp-json\/wp\/v2\/product"}],"about":[{"href":"https:\/\/iha-race.com\/de\/wp-json\/wp\/v2\/types\/product"}],"replies":[{"embeddable":true,"href":"https:\/\/iha-race.com\/de\/wp-json\/wp\/v2\/comments?post=207872"}],"version-history":[{"count":3,"href":"https:\/\/iha-race.com\/de\/wp-json\/wp\/v2\/product\/207872\/revisions"}],"predecessor-version":[{"id":250358,"href":"https:\/\/iha-race.com\/de\/wp-json\/wp\/v2\/product\/207872\/revisions\/250358"}],"wp:featuredmedia":[{"embeddable":true,"href":"https:\/\/iha-race.com\/de\/wp-json\/wp\/v2\/media\/124552"}],"wp:attachment":[{"href":"https:\/\/iha-race.com\/de\/wp-json\/wp\/v2\/media?parent=207872"}],"wp:term":[{"taxonomy":"pwb-brand","embeddable":true,"href":"https:\/\/iha-race.com\/de\/wp-json\/wp\/v2\/pwb-brand?post=207872"},{"taxonomy":"product_cat","embeddable":true,"href":"https:\/\/iha-race.com\/de\/wp-json\/wp\/v2\/product_cat?post=207872"},{"taxonomy":"product_tag","embeddable":true,"href":"https:\/\/iha-race.com\/de\/wp-json\/wp\/v2\/product_tag?post=207872"}],"curies":[{"name":"wp","href":"https:\/\/api.w.org\/{rel}","templated":true}]}}