{"id":207864,"date":"2018-12-11T09:39:01","date_gmt":"2018-12-11T08:39:01","guid":{"rendered":"https:\/\/iha-race.com\/producto\/iha-fpv-geschenkkarte\/"},"modified":"2024-08-29T16:29:11","modified_gmt":"2024-08-29T14:29:11","slug":"geschenkgutschein","status":"publish","type":"product","link":"https:\/\/iha-race.com\/de\/producto\/geschenkgutschein\/","title":{"rendered":"IHA FPV Geschenkkarte"},"content":{"rendered":"<p>Sie wissen nicht, welches Produkt aus unserem Shop das beste Geschenk f\u00fcr Ihren Sohn, Freund oder Bekannten ist? Bei Iha Race haben Sie jetzt die M\u00f6glichkeit, dieser Person einen Geschenkgutschein zu schenken, mit dem sie kaufen kann, was sie m\u00f6chte. Aufgrund von Zahlungs- und Versandproblemen k\u00f6nnen Sie nicht gleichzeitig eine Geschenkkarte und physische Produkte im Shop kaufen.  <\/p>\n<h2>Wie funktioniert die Geschenkkarte?<\/h2>\n<ol>\n<li>W\u00e4hlen Sie den Geldbetrag, den Sie spenden m\u00f6chten.<\/li>\n<li>W\u00e4hlen Sie das Design der Karte je nach Anlass: Weihnachtskarte, Geburtstagskarte, Valentinstagskarte&#8230;<\/li>\n<li>F\u00fcllen Sie den Inhalt der Karte aus:<\/li>\n<\/ol>\n<ul>\n<li>Wenn Sie m\u00f6chten, dass die Nachricht direkt an die betreffende Person weitergeleitet wird, geben Sie deren E-Mail-Adresse und Namen an, andernfalls Ihre Daten.<\/li>\n<li>Sie k\u00f6nnen eine Nachricht an den Empf\u00e4nger schreiben, die per Post verschickt wird.<\/li>\n<\/ul>\n<h2>Merkmale der IHA-Geschenkkarte<\/h2>\n<ul>\n<li>Die Karte ist digital, sie wird nicht physisch verschickt, daher werden keine Versandkosten berechnet, wenn Sie nur diese Karte kaufen.<\/li>\n<li>Um die Karte einzul\u00f6sen, m\u00fcssen Sie den Kartencode unten im Warenkorb eingeben.<\/li>\n<li>Der Kartenbetrag kann bei mehreren Eink\u00e4ufen eingel\u00f6st werden, d. h. wenn Ihre Karte einen Wert von 50 \u20ac hat und Sie 28 \u20ac ausgeben, haben Sie noch 22 \u20ac \u00fcbrig, die Sie mit demselben Code ausgeben k\u00f6nnen.<\/li>\n<li>F\u00fcr die Karte gilt eine 15-t\u00e4gige Geld-zur\u00fcck-Garantie. Bez\u00fcglich des Kaufdatums. Kaufen Sie es also, ohne sich Gedanken dar\u00fcber zu machen, ob es dieser Person gefallen wird.<\/li>\n<li>Die Karte wird sofort verschickt oder Sie k\u00f6nnen das Datum w\u00e4hlen, an dem Sie sie erhalten m\u00f6chten!<\/li>\n<li>Sie k\u00f6nnen mehrere Empf\u00e4nger f\u00fcr dieselbe Geschenkkarte hinzuf\u00fcgen.<\/li>\n<li>Sie hat kein Verfallsdatum.<\/li>\n<\/ul>\n<h3>Wie wird die Geschenkkarte verschickt?<\/h3>\n<p>  Per E-Mail an den Adressaten, hier ein Beispiel:  &nbsp;<\/p>\n<p><img fetchpriority=\"high\" decoding=\"async\" class=\"size-large wp-image-4556\" src=\"https:\/\/iha-race.com\/wp-content\/uploads\/2018\/12\/tarjeta-regalo-drone-racing-fpv-carreras-834x1024.jpg\" alt=\"beste Renndrohnen reyes magos g\u00fcnstig\" width=\"834\" height=\"1024\" srcset=\"https:\/\/iha-race.com\/wp-content\/uploads\/2018\/12\/tarjeta-regalo-drone-racing-fpv-carreras-834x1024.jpg 834w, https:\/\/iha-race.com\/wp-content\/uploads\/2018\/12\/tarjeta-regalo-drone-racing-fpv-carreras-600x736.jpg 600w, https:\/\/iha-race.com\/wp-content\/uploads\/2018\/12\/tarjeta-regalo-drone-racing-fpv-carreras-244x300.jpg 244w, https:\/\/iha-race.com\/wp-content\/uploads\/2018\/12\/tarjeta-regalo-drone-racing-fpv-carreras-767x942.jpg 767w, https:\/\/iha-race.com\/wp-content\/uploads\/2018\/12\/tarjeta-regalo-drone-racing-fpv-carreras-788x967.jpg 788w, https:\/\/iha-race.com\/wp-content\/uploads\/2018\/12\/tarjeta-regalo-drone-racing-fpv-carreras.jpg 457w\" sizes=\"(max-width: 834px) 100vw, 834px\" \/>  Bei Fragen oder zur Personalisierung <a href=\"https:\/\/iha-race.com\/servicio-y-contacto-con-el-cliente\/\" target=\"_blank\" rel=\"noopener noreferrer\">kontaktieren Sie uns<\/a> bitte.<\/p>\n","protected":false},"excerpt":{"rendered":"<p>Sie wissen nicht, welches Produkt aus unserem Shop das beste Geschenk f\u00fcr Ihren Sohn, Freund oder Bekannten ist? Bei Iha Race haben Sie jetzt die M\u00f6glichkeit, dieser Person einen Geschenkgutschein<\/p>\n","protected":false},"featured_media":120258,"comment_status":"open","ping_status":"closed","template":"","meta":{"_joinchat":[]},"pwb-brand":[3586],"product_cat":[2856],"product_tag":[],"class_list":{"0":"post-207864","1":"product","2":"type-product","3":"status-publish","4":"has-post-thumbnail","6":"pwb-brand-iha-race","7":"product_cat-geschenkkarte","9":"first","10":"instock","11":"virtual","12":"taxable","13":"product-type-simple"},"barcode":null,"atum_controlled":true,"out_stock_date":null,"out_stock_threshold":null,"inheritable":false,"stock_on_hold":0,"sold_today":0,"sales_last_days":0,"out_stock_days":0,"lost_sales":0,"update_date":"2026-04-16T07:36:04","atum_locations":[],"atum_stock_status":"instock","restock_status":false,"low_stock_amount":"","sales_update_date":"2026-04-16T07:36:04","calc_backorders":null,"yoast_head":"<!-- This site is optimized with the Yoast SEO plugin v27.3 - https:\/\/yoast.com\/product\/yoast-seo-wordpress\/ -->\n<title>Geschenkkarte f\u00fcr Weihnachten und die Heiligen Drei K\u00f6nige - Iha Race FPV-Spezialisten<\/title>\n<meta name=\"description\" content=\"Sie wissen nicht, was Sie Ihrem Freund, Sohn oder Bekannten schenken sollen? Kaufen Sie den beliebtesten Geschenkgutschein f\u00fcr den FPV-Drohnenfanatiker zu Weihnachten.\" \/>\n<meta name=\"robots\" content=\"index, follow, max-snippet:-1, max-image-preview:large, max-video-preview:-1\" \/>\n<link rel=\"canonical\" href=\"https:\/\/iha-race.com\/de\/producto\/geschenkgutschein\/\" \/>\n<meta property=\"og:locale\" content=\"de_DE\" \/>\n<meta property=\"og:type\" content=\"article\" \/>\n<meta property=\"og:title\" content=\"Geschenkkarte f\u00fcr Weihnachten und die Heiligen Drei K\u00f6nige - Iha Race FPV-Spezialisten\" \/>\n<meta property=\"og:description\" content=\"Sie wissen nicht, was Sie Ihrem Freund, Sohn oder Bekannten schenken sollen? Kaufen Sie den beliebtesten Geschenkgutschein f\u00fcr den FPV-Drohnenfanatiker zu Weihnachten.\" \/>\n<meta property=\"og:url\" content=\"https:\/\/iha-race.com\/de\/producto\/geschenkgutschein\/\" \/>\n<meta property=\"og:site_name\" content=\"Iha Race\" \/>\n<meta property=\"article:modified_time\" content=\"2024-08-29T14:29:11+00:00\" \/>\n<meta property=\"og:image\" content=\"https:\/\/iha-race.com\/wp-content\/uploads\/2018\/12\/tarjeta-de-regalo-navidad-reyes-magos-drones-fpv.jpg\" \/>\n\t<meta property=\"og:image:width\" content=\"1920\" \/>\n\t<meta property=\"og:image:height\" content=\"1152\" \/>\n\t<meta property=\"og:image:type\" content=\"image\/jpeg\" \/>\n<meta name=\"twitter:card\" content=\"summary_large_image\" \/>\n<meta name=\"twitter:label1\" content=\"Gesch\u00e4tzte Lesezeit\" \/>\n\t<meta name=\"twitter:data1\" content=\"1\u00a0Minute\" \/>\n<script type=\"application\/ld+json\" class=\"yoast-schema-graph\">{\"@context\":\"https:\\\/\\\/schema.org\",\"@graph\":[{\"@type\":\"WebPage\",\"@id\":\"https:\\\/\\\/iha-race.com\\\/de\\\/producto\\\/geschenkgutschein\\\/\",\"url\":\"https:\\\/\\\/iha-race.com\\\/de\\\/producto\\\/geschenkgutschein\\\/\",\"name\":\"Geschenkkarte f\u00fcr Weihnachten und die Heiligen Drei K\u00f6nige - Iha Race FPV-Spezialisten\",\"isPartOf\":{\"@id\":\"https:\\\/\\\/iha-race.com\\\/de\\\/#website\"},\"primaryImageOfPage\":{\"@id\":\"https:\\\/\\\/iha-race.com\\\/de\\\/producto\\\/geschenkgutschein\\\/#primaryimage\"},\"image\":{\"@id\":\"https:\\\/\\\/iha-race.com\\\/de\\\/producto\\\/geschenkgutschein\\\/#primaryimage\"},\"thumbnailUrl\":\"https:\\\/\\\/iha-race.com\\\/wp-content\\\/uploads\\\/2018\\\/12\\\/tarjeta-de-regalo-navidad-reyes-magos-drones-fpv.jpg\",\"datePublished\":\"2018-12-11T08:39:01+00:00\",\"dateModified\":\"2024-08-29T14:29:11+00:00\",\"description\":\"Sie wissen nicht, was Sie Ihrem Freund, Sohn oder Bekannten schenken sollen? Kaufen Sie den beliebtesten Geschenkgutschein f\u00fcr den FPV-Drohnenfanatiker zu Weihnachten.\",\"breadcrumb\":{\"@id\":\"https:\\\/\\\/iha-race.com\\\/de\\\/producto\\\/geschenkgutschein\\\/#breadcrumb\"},\"inLanguage\":\"de\",\"potentialAction\":[{\"@type\":\"ReadAction\",\"target\":[\"https:\\\/\\\/iha-race.com\\\/de\\\/producto\\\/geschenkgutschein\\\/\"]}]},{\"@type\":\"ImageObject\",\"inLanguage\":\"de\",\"@id\":\"https:\\\/\\\/iha-race.com\\\/de\\\/producto\\\/geschenkgutschein\\\/#primaryimage\",\"url\":\"https:\\\/\\\/iha-race.com\\\/wp-content\\\/uploads\\\/2018\\\/12\\\/tarjeta-de-regalo-navidad-reyes-magos-drones-fpv.jpg\",\"contentUrl\":\"https:\\\/\\\/iha-race.com\\\/wp-content\\\/uploads\\\/2018\\\/12\\\/tarjeta-de-regalo-navidad-reyes-magos-drones-fpv.jpg\",\"width\":1920,\"height\":1152,\"caption\":\"que regalar a mi hijo por reyes si tiene preferencia por los drones\"},{\"@type\":\"BreadcrumbList\",\"@id\":\"https:\\\/\\\/iha-race.com\\\/de\\\/producto\\\/geschenkgutschein\\\/#breadcrumb\",\"itemListElement\":[{\"@type\":\"ListItem\",\"position\":1,\"name\":\"Portada\",\"item\":\"https:\\\/\\\/iha-race.com\\\/de\\\/elementor-499\\\/\"},{\"@type\":\"ListItem\",\"position\":2,\"name\":\"Shop\",\"item\":\"https:\\\/\\\/iha-race.com\\\/de\\\/shop\\\/\"},{\"@type\":\"ListItem\",\"position\":3,\"name\":\"IHA FPV Geschenkkarte\"}]},{\"@type\":\"WebSite\",\"@id\":\"https:\\\/\\\/iha-race.com\\\/de\\\/#website\",\"url\":\"https:\\\/\\\/iha-race.com\\\/de\\\/\",\"name\":\"Iha Race\",\"description\":\"Comprar drones de carreras FPV env\u00edos en un d\u00eda desde Espa\u00f1a\",\"publisher\":{\"@id\":\"https:\\\/\\\/iha-race.com\\\/de\\\/#organization\"},\"potentialAction\":[{\"@type\":\"SearchAction\",\"target\":{\"@type\":\"EntryPoint\",\"urlTemplate\":\"https:\\\/\\\/iha-race.com\\\/de\\\/?s={search_term_string}\"},\"query-input\":{\"@type\":\"PropertyValueSpecification\",\"valueRequired\":true,\"valueName\":\"search_term_string\"}}],\"inLanguage\":\"de\"},{\"@type\":\"Organization\",\"@id\":\"https:\\\/\\\/iha-race.com\\\/de\\\/#organization\",\"name\":\"Iha Race\",\"url\":\"https:\\\/\\\/iha-race.com\\\/de\\\/\",\"logo\":{\"@type\":\"ImageObject\",\"inLanguage\":\"de\",\"@id\":\"https:\\\/\\\/iha-race.com\\\/de\\\/#\\\/schema\\\/logo\\\/image\\\/\",\"url\":\"https:\\\/\\\/iha-race.com\\\/wp-content\\\/uploads\\\/2018\\\/07\\\/iha-race-drones-de-carreras-tienda-comprar-drones.png\",\"contentUrl\":\"https:\\\/\\\/iha-race.com\\\/wp-content\\\/uploads\\\/2018\\\/07\\\/iha-race-drones-de-carreras-tienda-comprar-drones.png\",\"width\":300,\"height\":100,\"caption\":\"Iha Race\"},\"image\":{\"@id\":\"https:\\\/\\\/iha-race.com\\\/de\\\/#\\\/schema\\\/logo\\\/image\\\/\"}}]}<\/script>\n<!-- \/ Yoast SEO plugin. -->","yoast_head_json":{"title":"Geschenkkarte f\u00fcr Weihnachten und die Heiligen Drei K\u00f6nige - Iha Race FPV-Spezialisten","description":"Sie wissen nicht, was Sie Ihrem Freund, Sohn oder Bekannten schenken sollen? Kaufen Sie den beliebtesten Geschenkgutschein f\u00fcr den FPV-Drohnenfanatiker zu Weihnachten.","robots":{"index":"index","follow":"follow","max-snippet":"max-snippet:-1","max-image-preview":"max-image-preview:large","max-video-preview":"max-video-preview:-1"},"canonical":"https:\/\/iha-race.com\/de\/producto\/geschenkgutschein\/","og_locale":"de_DE","og_type":"article","og_title":"Geschenkkarte f\u00fcr Weihnachten und die Heiligen Drei K\u00f6nige - Iha Race FPV-Spezialisten","og_description":"Sie wissen nicht, was Sie Ihrem Freund, Sohn oder Bekannten schenken sollen? Kaufen Sie den beliebtesten Geschenkgutschein f\u00fcr den FPV-Drohnenfanatiker zu Weihnachten.","og_url":"https:\/\/iha-race.com\/de\/producto\/geschenkgutschein\/","og_site_name":"Iha Race","article_modified_time":"2024-08-29T14:29:11+00:00","og_image":[{"width":1920,"height":1152,"url":"https:\/\/iha-race.com\/wp-content\/uploads\/2018\/12\/tarjeta-de-regalo-navidad-reyes-magos-drones-fpv.jpg","type":"image\/jpeg"}],"twitter_card":"summary_large_image","twitter_misc":{"Gesch\u00e4tzte Lesezeit":"1\u00a0Minute"},"schema":{"@context":"https:\/\/schema.org","@graph":[{"@type":"WebPage","@id":"https:\/\/iha-race.com\/de\/producto\/geschenkgutschein\/","url":"https:\/\/iha-race.com\/de\/producto\/geschenkgutschein\/","name":"Geschenkkarte f\u00fcr Weihnachten und die Heiligen Drei K\u00f6nige - Iha Race FPV-Spezialisten","isPartOf":{"@id":"https:\/\/iha-race.com\/de\/#website"},"primaryImageOfPage":{"@id":"https:\/\/iha-race.com\/de\/producto\/geschenkgutschein\/#primaryimage"},"image":{"@id":"https:\/\/iha-race.com\/de\/producto\/geschenkgutschein\/#primaryimage"},"thumbnailUrl":"https:\/\/iha-race.com\/wp-content\/uploads\/2018\/12\/tarjeta-de-regalo-navidad-reyes-magos-drones-fpv.jpg","datePublished":"2018-12-11T08:39:01+00:00","dateModified":"2024-08-29T14:29:11+00:00","description":"Sie wissen nicht, was Sie Ihrem Freund, Sohn oder Bekannten schenken sollen? Kaufen Sie den beliebtesten Geschenkgutschein f\u00fcr den FPV-Drohnenfanatiker zu Weihnachten.","breadcrumb":{"@id":"https:\/\/iha-race.com\/de\/producto\/geschenkgutschein\/#breadcrumb"},"inLanguage":"de","potentialAction":[{"@type":"ReadAction","target":["https:\/\/iha-race.com\/de\/producto\/geschenkgutschein\/"]}]},{"@type":"ImageObject","inLanguage":"de","@id":"https:\/\/iha-race.com\/de\/producto\/geschenkgutschein\/#primaryimage","url":"https:\/\/iha-race.com\/wp-content\/uploads\/2018\/12\/tarjeta-de-regalo-navidad-reyes-magos-drones-fpv.jpg","contentUrl":"https:\/\/iha-race.com\/wp-content\/uploads\/2018\/12\/tarjeta-de-regalo-navidad-reyes-magos-drones-fpv.jpg","width":1920,"height":1152,"caption":"que regalar a mi hijo por reyes si tiene preferencia por los drones"},{"@type":"BreadcrumbList","@id":"https:\/\/iha-race.com\/de\/producto\/geschenkgutschein\/#breadcrumb","itemListElement":[{"@type":"ListItem","position":1,"name":"Portada","item":"https:\/\/iha-race.com\/de\/elementor-499\/"},{"@type":"ListItem","position":2,"name":"Shop","item":"https:\/\/iha-race.com\/de\/shop\/"},{"@type":"ListItem","position":3,"name":"IHA FPV Geschenkkarte"}]},{"@type":"WebSite","@id":"https:\/\/iha-race.com\/de\/#website","url":"https:\/\/iha-race.com\/de\/","name":"Iha Race","description":"Comprar drones de carreras FPV env\u00edos en un d\u00eda desde Espa\u00f1a","publisher":{"@id":"https:\/\/iha-race.com\/de\/#organization"},"potentialAction":[{"@type":"SearchAction","target":{"@type":"EntryPoint","urlTemplate":"https:\/\/iha-race.com\/de\/?s={search_term_string}"},"query-input":{"@type":"PropertyValueSpecification","valueRequired":true,"valueName":"search_term_string"}}],"inLanguage":"de"},{"@type":"Organization","@id":"https:\/\/iha-race.com\/de\/#organization","name":"Iha Race","url":"https:\/\/iha-race.com\/de\/","logo":{"@type":"ImageObject","inLanguage":"de","@id":"https:\/\/iha-race.com\/de\/#\/schema\/logo\/image\/","url":"https:\/\/iha-race.com\/wp-content\/uploads\/2018\/07\/iha-race-drones-de-carreras-tienda-comprar-drones.png","contentUrl":"https:\/\/iha-race.com\/wp-content\/uploads\/2018\/07\/iha-race-drones-de-carreras-tienda-comprar-drones.png","width":300,"height":100,"caption":"Iha Race"},"image":{"@id":"https:\/\/iha-race.com\/de\/#\/schema\/logo\/image\/"}}]}},"brands":[{"id":3586,"name":"IHA Race","slug":"iha-race"}],"_links":{"self":[{"href":"https:\/\/iha-race.com\/de\/wp-json\/wp\/v2\/product\/207864","targetHints":{"allow":["GET"]}}],"collection":[{"href":"https:\/\/iha-race.com\/de\/wp-json\/wp\/v2\/product"}],"about":[{"href":"https:\/\/iha-race.com\/de\/wp-json\/wp\/v2\/types\/product"}],"replies":[{"embeddable":true,"href":"https:\/\/iha-race.com\/de\/wp-json\/wp\/v2\/comments?post=207864"}],"version-history":[{"count":1,"href":"https:\/\/iha-race.com\/de\/wp-json\/wp\/v2\/product\/207864\/revisions"}],"predecessor-version":[{"id":250341,"href":"https:\/\/iha-race.com\/de\/wp-json\/wp\/v2\/product\/207864\/revisions\/250341"}],"wp:featuredmedia":[{"embeddable":true,"href":"https:\/\/iha-race.com\/de\/wp-json\/wp\/v2\/media\/120258"}],"wp:attachment":[{"href":"https:\/\/iha-race.com\/de\/wp-json\/wp\/v2\/media?parent=207864"}],"wp:term":[{"taxonomy":"pwb-brand","embeddable":true,"href":"https:\/\/iha-race.com\/de\/wp-json\/wp\/v2\/pwb-brand?post=207864"},{"taxonomy":"product_cat","embeddable":true,"href":"https:\/\/iha-race.com\/de\/wp-json\/wp\/v2\/product_cat?post=207864"},{"taxonomy":"product_tag","embeddable":true,"href":"https:\/\/iha-race.com\/de\/wp-json\/wp\/v2\/product_tag?post=207864"}],"curies":[{"name":"wp","href":"https:\/\/api.w.org\/{rel}","templated":true}]}}