{"id":207860,"date":"2018-11-06T11:12:16","date_gmt":"2018-11-06T10:12:16","guid":{"rendered":"https:\/\/iha-race.com\/producto\/%e2%9a%92-tbs-sexy-driver-kit\/"},"modified":"2024-08-29T16:30:50","modified_gmt":"2024-08-29T14:30:50","slug":"tbs-sexy-treiber-kit","status":"publish","type":"product","link":"https:\/\/iha-race.com\/de\/producto\/tbs-sexy-treiber-kit\/","title":{"rendered":"\u2692 TBS Sexy Driver Kit"},"content":{"rendered":"<h2>TBS Sexy Driver Kit<\/h2>\n<p>  Entwickelt f\u00fcr eine hervorragende und komfortable Handhabung. W\u00e4rmebehandlung f\u00fcr extreme H\u00e4rte. Schwarz eloxiert, denn Schwarz ist die einzige Farbe, die f\u00fcr uns in Frage kommt. Hervorragende Qualit\u00e4tswerkzeuge zu einem superg\u00fcnstigen Preis! Die besten Werkzeuge f\u00fcr die Arbeit an Ihren FPV-Drohnen.  <\/p>\n<h3>Wenn Sie TBS Sexy Driver kaufen, ist es im Preis inbegriffen:<\/h3>\n<ul>\n<li>1 x Kreuzschlitzschraubendreher M2.0<\/li>\n<li>1 x Sechskantschraubendreher M2.0<\/li>\n<li>1 x M5 TBS PowerCube Werkzeug<\/li>\n<li>1 x M8 St\u00fctze Zu<\/li>\n<\/ul>\n","protected":false},"excerpt":{"rendered":"<p> <strong>Sorgf\u00e4ltig entwickelte<\/strong> und von TBS ausgew\u00e4hlte Handwerkzeuge f\u00fcr alle Ihre \u00c4nderungen und Reparaturen.<\/p>\n","protected":false},"featured_media":124986,"comment_status":"open","ping_status":"closed","template":"","meta":{"_joinchat":[]},"pwb-brand":[],"product_cat":[2513,2549],"product_tag":[],"class_list":{"0":"post-207860","1":"product","2":"type-product","3":"status-publish","4":"has-post-thumbnail","6":"product_cat-zubehor","7":"product_cat--werkzeuge-und-loten","9":"first","10":"instock","11":"taxable","12":"shipping-taxable","13":"purchasable","14":"product-type-simple"},"barcode":null,"atum_controlled":true,"out_stock_date":null,"out_stock_threshold":null,"inheritable":false,"stock_on_hold":0,"sold_today":0,"sales_last_days":0,"out_stock_days":0,"lost_sales":0,"update_date":"2026-04-08T16:33:13","atum_locations":[],"atum_stock_status":"instock","restock_status":false,"low_stock_amount":0,"sales_update_date":"2026-04-08T10:19:01","calc_backorders":null,"yoast_head":"<!-- This site is optimized with the Yoast SEO plugin v27.3 - https:\/\/yoast.com\/product\/yoast-seo-wordpress\/ -->\n<title>\ud83e\udd47 TBS Sexy Driver Kit &quot; Drohnenreparaturen &quot; TeamBlackSheep &amp; IHA<\/title>\n<meta name=\"description\" content=\"Wir empfehlen\u261ddas beste Preis-Leistungs-Verh\u00e4ltnis Drohnen-Werkzeugset von TBS\u3010 Sexy Driver Kit \u3011Receive it in 24Hours \u2708\ufe0f\" \/>\n<meta name=\"robots\" content=\"index, follow, max-snippet:-1, max-image-preview:large, max-video-preview:-1\" \/>\n<link rel=\"canonical\" href=\"https:\/\/iha-race.com\/de\/producto\/tbs-sexy-treiber-kit\/\" \/>\n<meta property=\"og:locale\" content=\"de_DE\" \/>\n<meta property=\"og:type\" content=\"article\" \/>\n<meta property=\"og:title\" content=\"\ud83e\udd47 TBS Sexy Driver Kit &quot; Drohnenreparaturen &quot; TeamBlackSheep &amp; IHA\" \/>\n<meta property=\"og:description\" content=\"Wir empfehlen\u261ddas beste Preis-Leistungs-Verh\u00e4ltnis Drohnen-Werkzeugset von TBS\u3010 Sexy Driver Kit \u3011Receive it in 24Hours \u2708\ufe0f\" \/>\n<meta property=\"og:url\" content=\"https:\/\/iha-race.com\/de\/producto\/tbs-sexy-treiber-kit\/\" \/>\n<meta property=\"og:site_name\" content=\"Iha Race\" \/>\n<meta property=\"article:modified_time\" content=\"2024-08-29T14:30:50+00:00\" \/>\n<meta property=\"og:image\" content=\"https:\/\/iha-race.com\/wp-content\/uploads\/2018\/11\/tbs-sexy-driver-kit-1.jpg\" \/>\n\t<meta property=\"og:image:width\" content=\"800\" \/>\n\t<meta property=\"og:image:height\" content=\"800\" \/>\n\t<meta property=\"og:image:type\" content=\"image\/jpeg\" \/>\n<meta name=\"twitter:card\" content=\"summary_large_image\" \/>\n<script type=\"application\/ld+json\" class=\"yoast-schema-graph\">{\"@context\":\"https:\\\/\\\/schema.org\",\"@graph\":[{\"@type\":\"WebPage\",\"@id\":\"https:\\\/\\\/iha-race.com\\\/de\\\/producto\\\/tbs-sexy-treiber-kit\\\/\",\"url\":\"https:\\\/\\\/iha-race.com\\\/de\\\/producto\\\/tbs-sexy-treiber-kit\\\/\",\"name\":\"\ud83e\udd47 TBS Sexy Driver Kit \\\" Drohnenreparaturen \\\" TeamBlackSheep & IHA\",\"isPartOf\":{\"@id\":\"https:\\\/\\\/iha-race.com\\\/de\\\/#website\"},\"primaryImageOfPage\":{\"@id\":\"https:\\\/\\\/iha-race.com\\\/de\\\/producto\\\/tbs-sexy-treiber-kit\\\/#primaryimage\"},\"image\":{\"@id\":\"https:\\\/\\\/iha-race.com\\\/de\\\/producto\\\/tbs-sexy-treiber-kit\\\/#primaryimage\"},\"thumbnailUrl\":\"https:\\\/\\\/iha-race.com\\\/wp-content\\\/uploads\\\/2018\\\/11\\\/tbs-sexy-driver-kit-1.jpg\",\"datePublished\":\"2018-11-06T10:12:16+00:00\",\"dateModified\":\"2024-08-29T14:30:50+00:00\",\"description\":\"Wir empfehlen\u261ddas beste Preis-Leistungs-Verh\u00e4ltnis Drohnen-Werkzeugset von TBS\u3010 Sexy Driver Kit \u3011Receive it in 24Hours \u2708\ufe0f\",\"breadcrumb\":{\"@id\":\"https:\\\/\\\/iha-race.com\\\/de\\\/producto\\\/tbs-sexy-treiber-kit\\\/#breadcrumb\"},\"inLanguage\":\"de\",\"potentialAction\":[{\"@type\":\"ReadAction\",\"target\":[\"https:\\\/\\\/iha-race.com\\\/de\\\/producto\\\/tbs-sexy-treiber-kit\\\/\"]}]},{\"@type\":\"ImageObject\",\"inLanguage\":\"de\",\"@id\":\"https:\\\/\\\/iha-race.com\\\/de\\\/producto\\\/tbs-sexy-treiber-kit\\\/#primaryimage\",\"url\":\"https:\\\/\\\/iha-race.com\\\/wp-content\\\/uploads\\\/2018\\\/11\\\/tbs-sexy-driver-kit-1.jpg\",\"contentUrl\":\"https:\\\/\\\/iha-race.com\\\/wp-content\\\/uploads\\\/2018\\\/11\\\/tbs-sexy-driver-kit-1.jpg\",\"width\":800,\"height\":800},{\"@type\":\"BreadcrumbList\",\"@id\":\"https:\\\/\\\/iha-race.com\\\/de\\\/producto\\\/tbs-sexy-treiber-kit\\\/#breadcrumb\",\"itemListElement\":[{\"@type\":\"ListItem\",\"position\":1,\"name\":\"Portada\",\"item\":\"https:\\\/\\\/iha-race.com\\\/de\\\/elementor-499\\\/\"},{\"@type\":\"ListItem\",\"position\":2,\"name\":\"Shop\",\"item\":\"https:\\\/\\\/iha-race.com\\\/de\\\/shop\\\/\"},{\"@type\":\"ListItem\",\"position\":3,\"name\":\"\u2692 TBS Sexy Driver Kit\"}]},{\"@type\":\"WebSite\",\"@id\":\"https:\\\/\\\/iha-race.com\\\/de\\\/#website\",\"url\":\"https:\\\/\\\/iha-race.com\\\/de\\\/\",\"name\":\"Iha Race\",\"description\":\"Comprar drones de carreras FPV env\u00edos en un d\u00eda desde Espa\u00f1a\",\"publisher\":{\"@id\":\"https:\\\/\\\/iha-race.com\\\/de\\\/#organization\"},\"potentialAction\":[{\"@type\":\"SearchAction\",\"target\":{\"@type\":\"EntryPoint\",\"urlTemplate\":\"https:\\\/\\\/iha-race.com\\\/de\\\/?s={search_term_string}\"},\"query-input\":{\"@type\":\"PropertyValueSpecification\",\"valueRequired\":true,\"valueName\":\"search_term_string\"}}],\"inLanguage\":\"de\"},{\"@type\":\"Organization\",\"@id\":\"https:\\\/\\\/iha-race.com\\\/de\\\/#organization\",\"name\":\"Iha Race\",\"url\":\"https:\\\/\\\/iha-race.com\\\/de\\\/\",\"logo\":{\"@type\":\"ImageObject\",\"inLanguage\":\"de\",\"@id\":\"https:\\\/\\\/iha-race.com\\\/de\\\/#\\\/schema\\\/logo\\\/image\\\/\",\"url\":\"https:\\\/\\\/iha-race.com\\\/wp-content\\\/uploads\\\/2018\\\/07\\\/iha-race-drones-de-carreras-tienda-comprar-drones.png\",\"contentUrl\":\"https:\\\/\\\/iha-race.com\\\/wp-content\\\/uploads\\\/2018\\\/07\\\/iha-race-drones-de-carreras-tienda-comprar-drones.png\",\"width\":300,\"height\":100,\"caption\":\"Iha Race\"},\"image\":{\"@id\":\"https:\\\/\\\/iha-race.com\\\/de\\\/#\\\/schema\\\/logo\\\/image\\\/\"}}]}<\/script>\n<!-- \/ Yoast SEO plugin. -->","yoast_head_json":{"title":"\ud83e\udd47 TBS Sexy Driver Kit \" Drohnenreparaturen \" TeamBlackSheep & IHA","description":"Wir empfehlen\u261ddas beste Preis-Leistungs-Verh\u00e4ltnis Drohnen-Werkzeugset von TBS\u3010 Sexy Driver Kit \u3011Receive it in 24Hours \u2708\ufe0f","robots":{"index":"index","follow":"follow","max-snippet":"max-snippet:-1","max-image-preview":"max-image-preview:large","max-video-preview":"max-video-preview:-1"},"canonical":"https:\/\/iha-race.com\/de\/producto\/tbs-sexy-treiber-kit\/","og_locale":"de_DE","og_type":"article","og_title":"\ud83e\udd47 TBS Sexy Driver Kit \" Drohnenreparaturen \" TeamBlackSheep & IHA","og_description":"Wir empfehlen\u261ddas beste Preis-Leistungs-Verh\u00e4ltnis Drohnen-Werkzeugset von TBS\u3010 Sexy Driver Kit \u3011Receive it in 24Hours \u2708\ufe0f","og_url":"https:\/\/iha-race.com\/de\/producto\/tbs-sexy-treiber-kit\/","og_site_name":"Iha Race","article_modified_time":"2024-08-29T14:30:50+00:00","og_image":[{"width":800,"height":800,"url":"https:\/\/iha-race.com\/wp-content\/uploads\/2018\/11\/tbs-sexy-driver-kit-1.jpg","type":"image\/jpeg"}],"twitter_card":"summary_large_image","schema":{"@context":"https:\/\/schema.org","@graph":[{"@type":"WebPage","@id":"https:\/\/iha-race.com\/de\/producto\/tbs-sexy-treiber-kit\/","url":"https:\/\/iha-race.com\/de\/producto\/tbs-sexy-treiber-kit\/","name":"\ud83e\udd47 TBS Sexy Driver Kit \" Drohnenreparaturen \" TeamBlackSheep & IHA","isPartOf":{"@id":"https:\/\/iha-race.com\/de\/#website"},"primaryImageOfPage":{"@id":"https:\/\/iha-race.com\/de\/producto\/tbs-sexy-treiber-kit\/#primaryimage"},"image":{"@id":"https:\/\/iha-race.com\/de\/producto\/tbs-sexy-treiber-kit\/#primaryimage"},"thumbnailUrl":"https:\/\/iha-race.com\/wp-content\/uploads\/2018\/11\/tbs-sexy-driver-kit-1.jpg","datePublished":"2018-11-06T10:12:16+00:00","dateModified":"2024-08-29T14:30:50+00:00","description":"Wir empfehlen\u261ddas beste Preis-Leistungs-Verh\u00e4ltnis Drohnen-Werkzeugset von TBS\u3010 Sexy Driver Kit \u3011Receive it in 24Hours \u2708\ufe0f","breadcrumb":{"@id":"https:\/\/iha-race.com\/de\/producto\/tbs-sexy-treiber-kit\/#breadcrumb"},"inLanguage":"de","potentialAction":[{"@type":"ReadAction","target":["https:\/\/iha-race.com\/de\/producto\/tbs-sexy-treiber-kit\/"]}]},{"@type":"ImageObject","inLanguage":"de","@id":"https:\/\/iha-race.com\/de\/producto\/tbs-sexy-treiber-kit\/#primaryimage","url":"https:\/\/iha-race.com\/wp-content\/uploads\/2018\/11\/tbs-sexy-driver-kit-1.jpg","contentUrl":"https:\/\/iha-race.com\/wp-content\/uploads\/2018\/11\/tbs-sexy-driver-kit-1.jpg","width":800,"height":800},{"@type":"BreadcrumbList","@id":"https:\/\/iha-race.com\/de\/producto\/tbs-sexy-treiber-kit\/#breadcrumb","itemListElement":[{"@type":"ListItem","position":1,"name":"Portada","item":"https:\/\/iha-race.com\/de\/elementor-499\/"},{"@type":"ListItem","position":2,"name":"Shop","item":"https:\/\/iha-race.com\/de\/shop\/"},{"@type":"ListItem","position":3,"name":"\u2692 TBS Sexy Driver Kit"}]},{"@type":"WebSite","@id":"https:\/\/iha-race.com\/de\/#website","url":"https:\/\/iha-race.com\/de\/","name":"Iha Race","description":"Comprar drones de carreras FPV env\u00edos en un d\u00eda desde Espa\u00f1a","publisher":{"@id":"https:\/\/iha-race.com\/de\/#organization"},"potentialAction":[{"@type":"SearchAction","target":{"@type":"EntryPoint","urlTemplate":"https:\/\/iha-race.com\/de\/?s={search_term_string}"},"query-input":{"@type":"PropertyValueSpecification","valueRequired":true,"valueName":"search_term_string"}}],"inLanguage":"de"},{"@type":"Organization","@id":"https:\/\/iha-race.com\/de\/#organization","name":"Iha Race","url":"https:\/\/iha-race.com\/de\/","logo":{"@type":"ImageObject","inLanguage":"de","@id":"https:\/\/iha-race.com\/de\/#\/schema\/logo\/image\/","url":"https:\/\/iha-race.com\/wp-content\/uploads\/2018\/07\/iha-race-drones-de-carreras-tienda-comprar-drones.png","contentUrl":"https:\/\/iha-race.com\/wp-content\/uploads\/2018\/07\/iha-race-drones-de-carreras-tienda-comprar-drones.png","width":300,"height":100,"caption":"Iha Race"},"image":{"@id":"https:\/\/iha-race.com\/de\/#\/schema\/logo\/image\/"}}]}},"brands":[],"_links":{"self":[{"href":"https:\/\/iha-race.com\/de\/wp-json\/wp\/v2\/product\/207860","targetHints":{"allow":["GET"]}}],"collection":[{"href":"https:\/\/iha-race.com\/de\/wp-json\/wp\/v2\/product"}],"about":[{"href":"https:\/\/iha-race.com\/de\/wp-json\/wp\/v2\/types\/product"}],"replies":[{"embeddable":true,"href":"https:\/\/iha-race.com\/de\/wp-json\/wp\/v2\/comments?post=207860"}],"version-history":[{"count":2,"href":"https:\/\/iha-race.com\/de\/wp-json\/wp\/v2\/product\/207860\/revisions"}],"predecessor-version":[{"id":250370,"href":"https:\/\/iha-race.com\/de\/wp-json\/wp\/v2\/product\/207860\/revisions\/250370"}],"wp:featuredmedia":[{"embeddable":true,"href":"https:\/\/iha-race.com\/de\/wp-json\/wp\/v2\/media\/124986"}],"wp:attachment":[{"href":"https:\/\/iha-race.com\/de\/wp-json\/wp\/v2\/media?parent=207860"}],"wp:term":[{"taxonomy":"pwb-brand","embeddable":true,"href":"https:\/\/iha-race.com\/de\/wp-json\/wp\/v2\/pwb-brand?post=207860"},{"taxonomy":"product_cat","embeddable":true,"href":"https:\/\/iha-race.com\/de\/wp-json\/wp\/v2\/product_cat?post=207860"},{"taxonomy":"product_tag","embeddable":true,"href":"https:\/\/iha-race.com\/de\/wp-json\/wp\/v2\/product_tag?post=207860"}],"curies":[{"name":"wp","href":"https:\/\/api.w.org\/{rel}","templated":true}]}}