{"id":207856,"date":"2018-11-30T12:25:35","date_gmt":"2018-11-30T11:25:35","guid":{"rendered":"https:\/\/iha-race.com\/producto\/tattu-funfly-1550-mah-14-8v-100c-4s1p-xt60-akku\/"},"modified":"2026-01-14T11:39:47","modified_gmt":"2026-01-14T10:39:47","slug":"bateria-tattu-funfly-1550-mah-14-8v-100c-4s1p-xt60","status":"publish","type":"product","link":"https:\/\/iha-race.com\/de\/producto\/bateria-tattu-funfly-1550-mah-14-8v-100c-4s1p-xt60\/","title":{"rendered":"Tattu FunFly 1550 mAh 14.8V 100C 4S1P XT60 Akku"},"content":{"rendered":"<h2>Tattu FunFly 1550 mAh 14.8V 100C 4S1P XT60 Akku<\/h2>\n<p><strong>Funfly<\/strong>, das charmante neue Mitglied der Tattu-Familie, speziell f\u00fcr das t\u00e4gliche Training und Freestyle entwickelt. Sind Sie den Druck der Rennsportszene leid? Alles, was Sie tun m\u00fcssen, ist, einen sch\u00f6nen ruhigen Platz in einem \u00f6rtlichen Park oder einer anderen freien Fl\u00e4che zu finden, um Ihr Training zu beginnen. Mit seiner stabilen Performance kannst du dich auf deine Turns, Rollen und Powerloops konzentrieren und deine flie\u00dfenden Freestyle-Lines perfektionieren. Der Spa\u00df ist gro\u00df. Machen Sie sich von nun an keinen Druck mehr und k\u00fcmmern Sie sich nicht darum, was andere sagen, ob gut oder schlecht, positiv oder negativ, benutzen Sie einfach Ihre Flugger\u00e4te und starten Sie Ihren eigenen Freestyle.  <strong>Tattu Fun Fly 1550mAh 4S 100C Lipo Akku <\/strong> mit hoher Qualit\u00e4t und hoher Rate zu einem sehr g\u00fcnstigen Preis in unserem offiziellen Tattu Shop.  <\/p>\n<h2>FunFly 4S 100C Akku Eigenschaften<\/h2>\n<ol>\n<li>Die stabile Auto-Stacking-Technologie erm\u00f6glicht Einzelzellenkapazit\u00e4ten von 1550 mAh.<\/li>\n<li>Gr\u00f6\u00dferes Fassungsverm\u00f6gen als vergleichbar gro\u00dfe Pakete.<\/li>\n<li>Hohe Rate von 100C, maximale Sto\u00dfentladungsrate 200C.<\/li>\n<\/ol>\n<p>&nbsp;<\/p>\n<p><img fetchpriority=\"high\" decoding=\"async\" class=\"wp-image-4473 size-large\" src=\"https:\/\/iha-race.com\/wp-content\/uploads\/2018\/11\/funfly-2_1-1-1024x575.jpg\" alt=\"billig kaufen Tattu Fun Fly 1550 mAh Akku in Australien\" width=\"840\" height=\"472\" srcset=\"https:\/\/iha-race.com\/wp-content\/uploads\/2018\/11\/funfly-2_1-1-1024x575.jpg 1024w, https:\/\/iha-race.com\/wp-content\/uploads\/2018\/11\/funfly-2_1-1.jpg 600w, https:\/\/iha-race.com\/wp-content\/uploads\/2018\/11\/funfly-2_1-1-300x169.jpg 300w, https:\/\/iha-race.com\/wp-content\/uploads\/2018\/11\/funfly-2_1-1-767x431.jpg 767w, https:\/\/iha-race.com\/wp-content\/uploads\/2018\/11\/funfly-2_1-1-788x442.jpg 788w\" sizes=\"(max-width: 840px) 100vw, 840px\" \/><\/p>\n<p><img decoding=\"async\" class=\"wp-image-4474 size-large\" src=\"https:\/\/iha-race.com\/wp-content\/uploads\/2018\/11\/tattufunfly-4-1024x575.jpg\" alt=\"beste Angebote Tattu Fun Fly 14.8V 100C 4S1P de\" width=\"840\" height=\"472\" srcset=\"https:\/\/iha-race.com\/wp-content\/uploads\/2018\/11\/tattufunfly-4-1024x575.jpg 1024w, https:\/\/iha-race.com\/wp-content\/uploads\/2018\/11\/tattufunfly-4.jpg 600w, https:\/\/iha-race.com\/wp-content\/uploads\/2018\/11\/tattufunfly-4-300x169.jpg 300w, https:\/\/iha-race.com\/wp-content\/uploads\/2018\/11\/tattufunfly-4-767x431.jpg 767w, https:\/\/iha-race.com\/wp-content\/uploads\/2018\/11\/tattufunfly-4-788x442.jpg 788w\" sizes=\"(max-width: 840px) 100vw, 840px\" \/><\/p>\n<p>&nbsp;<\/p>\n<h2>Tattu FunFly Technische Daten:<\/h2>\n<ul>\n<li>Mindestkapazit\u00e4t: 1550mAh<\/li>\n<li>Konfiguration: 4S1P \/ 14.8V \/ 4 Zellen<\/li>\n<li>Download-Geschwindigkeit: 100C<\/li>\n<li>Maximale Sto\u00dfentladungsrate: 200C<\/li>\n<li>Nettogewicht (\u00b1 20 g): 178 g \/ St\u00fcck<\/li>\n<li>Abmessungen: 72 mm L\u00e4nge 35 mm x Breite x 36 mm H\u00f6he<\/li>\n<li>Ladebuchse: JST-XHR<\/li>\n<li>Entladungsbuchse: XT-60<\/li>\n<\/ul>\n<h3>Wenn Sie den Tattu FunFly 1550 mAh Akku kaufen, ist er im Lieferumfang enthalten:<\/h3>\n<ul>\n<li>1 x Tattu Fun Fly 1550 mAh 14.8V 100C 4S1P XT60 Akku<\/li>\n<\/ul>\n","protected":false},"excerpt":{"rendered":"<p>Die Tattu Funfly-Serie bietet Lipos in Tattu-Qualit\u00e4t zu einem neuen und g\u00fcnstigen Preis. Hohe Leistung, aber der beste Preis f\u00fcr 4s, genug Burst f\u00fcr Experten und leicht zu kontrollieren f\u00fcr Anf\u00e4nger.<\/p>\n","protected":false},"featured_media":124518,"comment_status":"open","ping_status":"closed","template":"","meta":{"_joinchat":[]},"pwb-brand":[],"product_cat":[2501,2529],"product_tag":[],"class_list":{"0":"post-207856","1":"product","2":"type-product","3":"status-publish","4":"has-post-thumbnail","6":"product_cat-fpv-akkus","7":"product_cat-s4-de","9":"first","10":"outofstock","11":"taxable","12":"shipping-taxable","13":"purchasable","14":"product-type-simple"},"barcode":null,"atum_controlled":true,"out_stock_date":"2026-01-14 11:39:47","out_stock_threshold":null,"inheritable":false,"stock_on_hold":0,"sold_today":0,"sales_last_days":0,"out_stock_days":91,"lost_sales":741,"update_date":"2026-04-16T07:36:40","atum_locations":[],"atum_stock_status":"outofstock","restock_status":false,"low_stock_amount":0,"sales_update_date":"2026-04-16T07:36:40","calc_backorders":null,"yoast_head":"<!-- This site is optimized with the Yoast SEO plugin v27.3 - https:\/\/yoast.com\/product\/yoast-seo-wordpress\/ -->\n<title>\ud83e\udd47 Tattu Fun Fly &quot; 4S &quot; 1550 mAh Akku \u2469 Tattu Fun Fly &quot; 4S &quot; 1550 mAh \u2469 Iha Race<\/title>\n<meta name=\"description\" content=\"Tattu Funfly bietet Tattu Qualit\u00e4t Lipos zu einem neuen und erschwinglichen Preis\u2705 Hohe Leistung f\u00fcr 4S. Lieferungen innerhalb von 24 Stunden\u2708\ufe0f in ganz Spanien.\" \/>\n<meta name=\"robots\" content=\"index, follow, max-snippet:-1, max-image-preview:large, max-video-preview:-1\" \/>\n<link rel=\"canonical\" href=\"https:\/\/iha-race.com\/de\/producto\/bateria-tattu-funfly-1550-mah-14-8v-100c-4s1p-xt60\/\" \/>\n<meta property=\"og:locale\" content=\"de_DE\" \/>\n<meta property=\"og:type\" content=\"article\" \/>\n<meta property=\"og:title\" content=\"\ud83e\udd47 Tattu Fun Fly &quot; 4S &quot; 1550 mAh Akku \u2469 Tattu Fun Fly &quot; 4S &quot; 1550 mAh \u2469 Iha Race\" \/>\n<meta property=\"og:description\" content=\"Tattu Funfly bietet Tattu Qualit\u00e4t Lipos zu einem neuen und erschwinglichen Preis\u2705 Hohe Leistung f\u00fcr 4S. Lieferungen innerhalb von 24 Stunden\u2708\ufe0f in ganz Spanien.\" \/>\n<meta property=\"og:url\" content=\"https:\/\/iha-race.com\/de\/producto\/bateria-tattu-funfly-1550-mah-14-8v-100c-4s1p-xt60\/\" \/>\n<meta property=\"og:site_name\" content=\"Iha Race\" \/>\n<meta property=\"article:modified_time\" content=\"2026-01-14T10:39:47+00:00\" \/>\n<meta property=\"og:image\" content=\"https:\/\/iha-race.com\/wp-content\/uploads\/2018\/11\/bateria-tattu-fun-fly-1550-mah-14-8v-100c-4s1p-comprar-tienda-online-1.jpg\" \/>\n\t<meta property=\"og:image:width\" content=\"800\" \/>\n\t<meta property=\"og:image:height\" content=\"800\" \/>\n\t<meta property=\"og:image:type\" content=\"image\/jpeg\" \/>\n<meta name=\"twitter:card\" content=\"summary_large_image\" \/>\n<meta name=\"twitter:label1\" content=\"Gesch\u00e4tzte Lesezeit\" \/>\n\t<meta name=\"twitter:data1\" content=\"1\u00a0Minute\" \/>\n<script type=\"application\/ld+json\" class=\"yoast-schema-graph\">{\"@context\":\"https:\\\/\\\/schema.org\",\"@graph\":[{\"@type\":\"WebPage\",\"@id\":\"https:\\\/\\\/iha-race.com\\\/de\\\/producto\\\/bateria-tattu-funfly-1550-mah-14-8v-100c-4s1p-xt60\\\/\",\"url\":\"https:\\\/\\\/iha-race.com\\\/de\\\/producto\\\/bateria-tattu-funfly-1550-mah-14-8v-100c-4s1p-xt60\\\/\",\"name\":\"\ud83e\udd47 Tattu Fun Fly \\\" 4S \\\" 1550 mAh Akku \u2469 Tattu Fun Fly \\\" 4S \\\" 1550 mAh \u2469 Iha Race\",\"isPartOf\":{\"@id\":\"https:\\\/\\\/iha-race.com\\\/de\\\/#website\"},\"primaryImageOfPage\":{\"@id\":\"https:\\\/\\\/iha-race.com\\\/de\\\/producto\\\/bateria-tattu-funfly-1550-mah-14-8v-100c-4s1p-xt60\\\/#primaryimage\"},\"image\":{\"@id\":\"https:\\\/\\\/iha-race.com\\\/de\\\/producto\\\/bateria-tattu-funfly-1550-mah-14-8v-100c-4s1p-xt60\\\/#primaryimage\"},\"thumbnailUrl\":\"https:\\\/\\\/iha-race.com\\\/wp-content\\\/uploads\\\/2018\\\/11\\\/bateria-tattu-fun-fly-1550-mah-14-8v-100c-4s1p-comprar-tienda-online-1.jpg\",\"datePublished\":\"2018-11-30T11:25:35+00:00\",\"dateModified\":\"2026-01-14T10:39:47+00:00\",\"description\":\"Tattu Funfly bietet Tattu Qualit\u00e4t Lipos zu einem neuen und erschwinglichen Preis\u2705 Hohe Leistung f\u00fcr 4S. Lieferungen innerhalb von 24 Stunden\u2708\ufe0f in ganz Spanien.\",\"breadcrumb\":{\"@id\":\"https:\\\/\\\/iha-race.com\\\/de\\\/producto\\\/bateria-tattu-funfly-1550-mah-14-8v-100c-4s1p-xt60\\\/#breadcrumb\"},\"inLanguage\":\"de\",\"potentialAction\":[{\"@type\":\"ReadAction\",\"target\":[\"https:\\\/\\\/iha-race.com\\\/de\\\/producto\\\/bateria-tattu-funfly-1550-mah-14-8v-100c-4s1p-xt60\\\/\"]}]},{\"@type\":\"ImageObject\",\"inLanguage\":\"de\",\"@id\":\"https:\\\/\\\/iha-race.com\\\/de\\\/producto\\\/bateria-tattu-funfly-1550-mah-14-8v-100c-4s1p-xt60\\\/#primaryimage\",\"url\":\"https:\\\/\\\/iha-race.com\\\/wp-content\\\/uploads\\\/2018\\\/11\\\/bateria-tattu-fun-fly-1550-mah-14-8v-100c-4s1p-comprar-tienda-online-1.jpg\",\"contentUrl\":\"https:\\\/\\\/iha-race.com\\\/wp-content\\\/uploads\\\/2018\\\/11\\\/bateria-tattu-fun-fly-1550-mah-14-8v-100c-4s1p-comprar-tienda-online-1.jpg\",\"width\":800,\"height\":800},{\"@type\":\"BreadcrumbList\",\"@id\":\"https:\\\/\\\/iha-race.com\\\/de\\\/producto\\\/bateria-tattu-funfly-1550-mah-14-8v-100c-4s1p-xt60\\\/#breadcrumb\",\"itemListElement\":[{\"@type\":\"ListItem\",\"position\":1,\"name\":\"Portada\",\"item\":\"https:\\\/\\\/iha-race.com\\\/de\\\/elementor-499\\\/\"},{\"@type\":\"ListItem\",\"position\":2,\"name\":\"Shop\",\"item\":\"https:\\\/\\\/iha-race.com\\\/de\\\/shop\\\/\"},{\"@type\":\"ListItem\",\"position\":3,\"name\":\"Tattu FunFly 1550 mAh 14.8V 100C 4S1P XT60 Akku\"}]},{\"@type\":\"WebSite\",\"@id\":\"https:\\\/\\\/iha-race.com\\\/de\\\/#website\",\"url\":\"https:\\\/\\\/iha-race.com\\\/de\\\/\",\"name\":\"Iha Race\",\"description\":\"Comprar drones de carreras FPV env\u00edos en un d\u00eda desde Espa\u00f1a\",\"publisher\":{\"@id\":\"https:\\\/\\\/iha-race.com\\\/de\\\/#organization\"},\"potentialAction\":[{\"@type\":\"SearchAction\",\"target\":{\"@type\":\"EntryPoint\",\"urlTemplate\":\"https:\\\/\\\/iha-race.com\\\/de\\\/?s={search_term_string}\"},\"query-input\":{\"@type\":\"PropertyValueSpecification\",\"valueRequired\":true,\"valueName\":\"search_term_string\"}}],\"inLanguage\":\"de\"},{\"@type\":\"Organization\",\"@id\":\"https:\\\/\\\/iha-race.com\\\/de\\\/#organization\",\"name\":\"Iha Race\",\"url\":\"https:\\\/\\\/iha-race.com\\\/de\\\/\",\"logo\":{\"@type\":\"ImageObject\",\"inLanguage\":\"de\",\"@id\":\"https:\\\/\\\/iha-race.com\\\/de\\\/#\\\/schema\\\/logo\\\/image\\\/\",\"url\":\"https:\\\/\\\/iha-race.com\\\/wp-content\\\/uploads\\\/2018\\\/07\\\/iha-race-drones-de-carreras-tienda-comprar-drones.png\",\"contentUrl\":\"https:\\\/\\\/iha-race.com\\\/wp-content\\\/uploads\\\/2018\\\/07\\\/iha-race-drones-de-carreras-tienda-comprar-drones.png\",\"width\":300,\"height\":100,\"caption\":\"Iha Race\"},\"image\":{\"@id\":\"https:\\\/\\\/iha-race.com\\\/de\\\/#\\\/schema\\\/logo\\\/image\\\/\"}}]}<\/script>\n<!-- \/ Yoast SEO plugin. -->","yoast_head_json":{"title":"\ud83e\udd47 Tattu Fun Fly \" 4S \" 1550 mAh Akku \u2469 Tattu Fun Fly \" 4S \" 1550 mAh \u2469 Iha Race","description":"Tattu Funfly bietet Tattu Qualit\u00e4t Lipos zu einem neuen und erschwinglichen Preis\u2705 Hohe Leistung f\u00fcr 4S. Lieferungen innerhalb von 24 Stunden\u2708\ufe0f in ganz Spanien.","robots":{"index":"index","follow":"follow","max-snippet":"max-snippet:-1","max-image-preview":"max-image-preview:large","max-video-preview":"max-video-preview:-1"},"canonical":"https:\/\/iha-race.com\/de\/producto\/bateria-tattu-funfly-1550-mah-14-8v-100c-4s1p-xt60\/","og_locale":"de_DE","og_type":"article","og_title":"\ud83e\udd47 Tattu Fun Fly \" 4S \" 1550 mAh Akku \u2469 Tattu Fun Fly \" 4S \" 1550 mAh \u2469 Iha Race","og_description":"Tattu Funfly bietet Tattu Qualit\u00e4t Lipos zu einem neuen und erschwinglichen Preis\u2705 Hohe Leistung f\u00fcr 4S. Lieferungen innerhalb von 24 Stunden\u2708\ufe0f in ganz Spanien.","og_url":"https:\/\/iha-race.com\/de\/producto\/bateria-tattu-funfly-1550-mah-14-8v-100c-4s1p-xt60\/","og_site_name":"Iha Race","article_modified_time":"2026-01-14T10:39:47+00:00","og_image":[{"width":800,"height":800,"url":"https:\/\/iha-race.com\/wp-content\/uploads\/2018\/11\/bateria-tattu-fun-fly-1550-mah-14-8v-100c-4s1p-comprar-tienda-online-1.jpg","type":"image\/jpeg"}],"twitter_card":"summary_large_image","twitter_misc":{"Gesch\u00e4tzte Lesezeit":"1\u00a0Minute"},"schema":{"@context":"https:\/\/schema.org","@graph":[{"@type":"WebPage","@id":"https:\/\/iha-race.com\/de\/producto\/bateria-tattu-funfly-1550-mah-14-8v-100c-4s1p-xt60\/","url":"https:\/\/iha-race.com\/de\/producto\/bateria-tattu-funfly-1550-mah-14-8v-100c-4s1p-xt60\/","name":"\ud83e\udd47 Tattu Fun Fly \" 4S \" 1550 mAh Akku \u2469 Tattu Fun Fly \" 4S \" 1550 mAh \u2469 Iha Race","isPartOf":{"@id":"https:\/\/iha-race.com\/de\/#website"},"primaryImageOfPage":{"@id":"https:\/\/iha-race.com\/de\/producto\/bateria-tattu-funfly-1550-mah-14-8v-100c-4s1p-xt60\/#primaryimage"},"image":{"@id":"https:\/\/iha-race.com\/de\/producto\/bateria-tattu-funfly-1550-mah-14-8v-100c-4s1p-xt60\/#primaryimage"},"thumbnailUrl":"https:\/\/iha-race.com\/wp-content\/uploads\/2018\/11\/bateria-tattu-fun-fly-1550-mah-14-8v-100c-4s1p-comprar-tienda-online-1.jpg","datePublished":"2018-11-30T11:25:35+00:00","dateModified":"2026-01-14T10:39:47+00:00","description":"Tattu Funfly bietet Tattu Qualit\u00e4t Lipos zu einem neuen und erschwinglichen Preis\u2705 Hohe Leistung f\u00fcr 4S. Lieferungen innerhalb von 24 Stunden\u2708\ufe0f in ganz Spanien.","breadcrumb":{"@id":"https:\/\/iha-race.com\/de\/producto\/bateria-tattu-funfly-1550-mah-14-8v-100c-4s1p-xt60\/#breadcrumb"},"inLanguage":"de","potentialAction":[{"@type":"ReadAction","target":["https:\/\/iha-race.com\/de\/producto\/bateria-tattu-funfly-1550-mah-14-8v-100c-4s1p-xt60\/"]}]},{"@type":"ImageObject","inLanguage":"de","@id":"https:\/\/iha-race.com\/de\/producto\/bateria-tattu-funfly-1550-mah-14-8v-100c-4s1p-xt60\/#primaryimage","url":"https:\/\/iha-race.com\/wp-content\/uploads\/2018\/11\/bateria-tattu-fun-fly-1550-mah-14-8v-100c-4s1p-comprar-tienda-online-1.jpg","contentUrl":"https:\/\/iha-race.com\/wp-content\/uploads\/2018\/11\/bateria-tattu-fun-fly-1550-mah-14-8v-100c-4s1p-comprar-tienda-online-1.jpg","width":800,"height":800},{"@type":"BreadcrumbList","@id":"https:\/\/iha-race.com\/de\/producto\/bateria-tattu-funfly-1550-mah-14-8v-100c-4s1p-xt60\/#breadcrumb","itemListElement":[{"@type":"ListItem","position":1,"name":"Portada","item":"https:\/\/iha-race.com\/de\/elementor-499\/"},{"@type":"ListItem","position":2,"name":"Shop","item":"https:\/\/iha-race.com\/de\/shop\/"},{"@type":"ListItem","position":3,"name":"Tattu FunFly 1550 mAh 14.8V 100C 4S1P XT60 Akku"}]},{"@type":"WebSite","@id":"https:\/\/iha-race.com\/de\/#website","url":"https:\/\/iha-race.com\/de\/","name":"Iha Race","description":"Comprar drones de carreras FPV env\u00edos en un d\u00eda desde Espa\u00f1a","publisher":{"@id":"https:\/\/iha-race.com\/de\/#organization"},"potentialAction":[{"@type":"SearchAction","target":{"@type":"EntryPoint","urlTemplate":"https:\/\/iha-race.com\/de\/?s={search_term_string}"},"query-input":{"@type":"PropertyValueSpecification","valueRequired":true,"valueName":"search_term_string"}}],"inLanguage":"de"},{"@type":"Organization","@id":"https:\/\/iha-race.com\/de\/#organization","name":"Iha Race","url":"https:\/\/iha-race.com\/de\/","logo":{"@type":"ImageObject","inLanguage":"de","@id":"https:\/\/iha-race.com\/de\/#\/schema\/logo\/image\/","url":"https:\/\/iha-race.com\/wp-content\/uploads\/2018\/07\/iha-race-drones-de-carreras-tienda-comprar-drones.png","contentUrl":"https:\/\/iha-race.com\/wp-content\/uploads\/2018\/07\/iha-race-drones-de-carreras-tienda-comprar-drones.png","width":300,"height":100,"caption":"Iha Race"},"image":{"@id":"https:\/\/iha-race.com\/de\/#\/schema\/logo\/image\/"}}]}},"brands":[],"_links":{"self":[{"href":"https:\/\/iha-race.com\/de\/wp-json\/wp\/v2\/product\/207856","targetHints":{"allow":["GET"]}}],"collection":[{"href":"https:\/\/iha-race.com\/de\/wp-json\/wp\/v2\/product"}],"about":[{"href":"https:\/\/iha-race.com\/de\/wp-json\/wp\/v2\/types\/product"}],"replies":[{"embeddable":true,"href":"https:\/\/iha-race.com\/de\/wp-json\/wp\/v2\/comments?post=207856"}],"version-history":[{"count":2,"href":"https:\/\/iha-race.com\/de\/wp-json\/wp\/v2\/product\/207856\/revisions"}],"predecessor-version":[{"id":248017,"href":"https:\/\/iha-race.com\/de\/wp-json\/wp\/v2\/product\/207856\/revisions\/248017"}],"wp:featuredmedia":[{"embeddable":true,"href":"https:\/\/iha-race.com\/de\/wp-json\/wp\/v2\/media\/124518"}],"wp:attachment":[{"href":"https:\/\/iha-race.com\/de\/wp-json\/wp\/v2\/media?parent=207856"}],"wp:term":[{"taxonomy":"pwb-brand","embeddable":true,"href":"https:\/\/iha-race.com\/de\/wp-json\/wp\/v2\/pwb-brand?post=207856"},{"taxonomy":"product_cat","embeddable":true,"href":"https:\/\/iha-race.com\/de\/wp-json\/wp\/v2\/product_cat?post=207856"},{"taxonomy":"product_tag","embeddable":true,"href":"https:\/\/iha-race.com\/de\/wp-json\/wp\/v2\/product_tag?post=207856"}],"curies":[{"name":"wp","href":"https:\/\/api.w.org\/{rel}","templated":true}]}}