{"id":207848,"date":"2018-12-21T12:56:51","date_gmt":"2018-12-21T11:56:51","guid":{"rendered":"https:\/\/iha-race.com\/producto\/rahmen-tbs-source-two-v-1-220-mm\/"},"modified":"2024-08-29T16:29:29","modified_gmt":"2024-08-29T14:29:29","slug":"frame-tbs-source-two-v-1-220-mm","status":"publish","type":"product","link":"https:\/\/iha-race.com\/de\/producto\/frame-tbs-source-two-v-1-220-mm\/","title":{"rendered":"Rahmen TBS Source TWO V.1 220 mm."},"content":{"rendered":"<h2>Rahmen TBS Source TWO V.1 220 mm.<\/h2>\n<p>  Der SOURCE TWO ist ein ultraleichter Rennrahmen mit einem einzigen Unterteil, der f\u00fcr Geschwindigkeitsjunkies und FPV-Racer an der Basis entwickelt wurde. Es ist so konzipiert, dass es die Geschwindigkeit maximiert und den Luftwiderstand minimiert. Sie passt und sch\u00fctzt alle klassischen FPV-Komponenten und ist auf geringes Gewicht optimiert. Die SOURCE TWO ist der perfekte Gewinner Ihres Sonntagsrennens und wird nur f\u00fcr professionelle Rennpiloten empfohlen. <strong>\u00dcBER DAS PROJEKT<\/strong> Das Projekt SOURCE TWO ist ein gemeinschaftliches FPV-Rahmenprojekt, das vom Team BlackSheep initiiert wurde. Das Framework wird der Gemeinschaft zur Verf\u00fcgung gestellt, um Macher und Kreative zu unterst\u00fctzen und bew\u00e4hrte Verfahren und aktuelle Trends schneller in ein kontinuierlich hergestelltes Produkt zu integrieren. Im Gegenzug erh\u00e4lt das \u00f6rtliche Vertriebsnetz einen billigen und direkten Zugang zu guten Rahmenbedingungen, die es ihm erm\u00f6glichen, auf einem zunehmend von Verdr\u00e4ngungswettbewerb gepr\u00e4gten Markt zu bestehen. Die Hoffnung ist, dass dieser Rahmen einen breiten Zugang zu FPV durch niedrige Preise, hervorragende Dokumentation und eine breite Verf\u00fcgbarkeit von kompatiblen Teilen und Zubeh\u00f6r erm\u00f6glicht, ohne das geistige Eigentum anderer zu verletzen.  <\/p>\n<h3>M\u00f6chten Sie Teil von Quelle zwei sein?<\/h3>\n<ul>\n<li>Diskussion \u00fcber das Projekt: <a href=\"https:\/\/discordapp.com\/invite\/ZJGkHwF\">https:\/\/discordapp.com\/invite\/ZJGkHwF<\/a><\/li>\n<li>Projektdateien: <a href=\"https:\/\/github.com\/ps915\/source_two\">https:\/\/github.com\/ps915\/source_two<\/a><\/li>\n<li>3D-gedruckte Dateien auf Thingiverse: <a href=\"https:\/\/www.thingiverse.com\/tag:sourcetwo\">https:\/\/www.thingiverse.com\/tag:sourcetwo<\/a><\/li>\n<li>3D-gedruckte Teile (STL) auch auf github verf\u00fcgbar!<\/li>\n<\/ul>\n<h3>Beim Kauf von Source TWO V.1 220 mm:<\/h3>\n<ul>\n<li>1 x Rahmen (obere Platte, untere Platte, 4 x Arme)<\/li>\n<li>1 x TPU-Kamerahalterung f\u00fcr Mikro-Kameras<\/li>\n<li>1 x Satz Schrauben und Abstandshalter 1x<\/li>\n<li>1 x Akku-Pad<\/li>\n<\/ul>\n<h3>Technische Daten Rahmen TBS Source 2:<\/h3>\n<ul>\n<li><strong>Radstand 5 &#8220;:<\/strong> 220m<\/li>\n<li><strong>Obere Platte:<\/strong> 2mm<\/li>\n<li><strong>Untere Platte:<\/strong> 3mm<\/li>\n<li><strong>Lichte H\u00f6he:<\/strong> 25 mm<\/li>\n<li><strong>Armst\u00e4rke:<\/strong> 4 mm.<\/li>\n<li><strong>Batteriehalterung: <\/strong> 30,5 \u00d7 30,5mm und 20mm x 20mm<\/li>\n<li><strong>Gewicht 5&#8243;:<\/strong> 72g<\/li>\n<\/ul>\n<h3>Quelle: TBS Hardware:<\/h3>\n<ul>\n<li>Inbusschraube 20x M3x10<\/li>\n<li>Inbusschraube 4x M3x14<\/li>\n<li>Abstandshalter 8X OD 5 mm M3 30 mm<\/li>\n<li>8x M3 M3 Einpressmutter<\/li>\n<\/ul>\n","protected":false},"excerpt":{"rendered":"<p>Rahmen TBS Source TWO V.1 220 mm. Der SOURCE TWO ist ein ultraleichter Rennrahmen mit einem einzigen Unterteil, der f\u00fcr Geschwindigkeitsjunkies und FPV-Racer an der Basis entwickelt wurde. Es ist<\/p>\n","protected":false},"featured_media":124182,"comment_status":"open","ping_status":"closed","template":"","meta":{"_joinchat":[]},"pwb-brand":[],"product_cat":[2579,3669],"product_tag":[],"class_list":{"0":"post-207848","1":"product","2":"type-product","3":"status-publish","4":"has-post-thumbnail","6":"product_cat-fpv-drohnen","7":"product_cat-rahmen","9":"first","10":"instock","11":"taxable","12":"shipping-taxable","13":"purchasable","14":"product-type-simple"},"barcode":null,"atum_controlled":true,"out_stock_date":null,"out_stock_threshold":null,"inheritable":false,"stock_on_hold":0,"sold_today":0,"sales_last_days":0,"out_stock_days":0,"lost_sales":0,"update_date":"2026-04-16T07:36:06","atum_locations":[],"atum_stock_status":"instock","restock_status":false,"low_stock_amount":0,"sales_update_date":"2026-04-16T07:36:06","calc_backorders":null,"yoast_head":"<!-- This site is optimized with the Yoast SEO plugin v27.3 - https:\/\/yoast.com\/product\/yoast-seo-wordpress\/ -->\n<title>\u2192 TBS Source two | Frame by Team BlackSheep | Iha Race \u2469<\/title>\n<meta name=\"description\" content=\"Entdecke\u23eb den ultraleichten Rahmen, nur f\u00fcr Geschwindigkeitss\u00fcchtige! Von der Gemeinschaft gestaltet! Lieferungen innerhalb von 24 Stunden\u2708 nach ganz Spanien. \u260e676757149.\" \/>\n<meta name=\"robots\" content=\"index, follow, max-snippet:-1, max-image-preview:large, max-video-preview:-1\" \/>\n<link rel=\"canonical\" href=\"https:\/\/iha-race.com\/de\/producto\/frame-tbs-source-two-v-1-220-mm\/\" \/>\n<meta property=\"og:locale\" content=\"de_DE\" \/>\n<meta property=\"og:type\" content=\"article\" \/>\n<meta property=\"og:title\" content=\"\u2192 TBS Source two | Frame by Team BlackSheep | Iha Race \u2469\" \/>\n<meta property=\"og:description\" content=\"Entdecke\u23eb den ultraleichten Rahmen, nur f\u00fcr Geschwindigkeitss\u00fcchtige! Von der Gemeinschaft gestaltet! Lieferungen innerhalb von 24 Stunden\u2708 nach ganz Spanien. \u260e676757149.\" \/>\n<meta property=\"og:url\" content=\"https:\/\/iha-race.com\/de\/producto\/frame-tbs-source-two-v-1-220-mm\/\" \/>\n<meta property=\"og:site_name\" content=\"Iha Race\" \/>\n<meta property=\"article:modified_time\" content=\"2024-08-29T14:29:29+00:00\" \/>\n<meta property=\"og:image\" content=\"https:\/\/iha-race.com\/wp-content\/uploads\/2018\/12\/frame-tbs-drone-1.jpg\" \/>\n\t<meta property=\"og:image:width\" content=\"2222\" \/>\n\t<meta property=\"og:image:height\" content=\"2222\" \/>\n\t<meta property=\"og:image:type\" content=\"image\/jpeg\" \/>\n<meta name=\"twitter:card\" content=\"summary_large_image\" \/>\n<meta name=\"twitter:label1\" content=\"Gesch\u00e4tzte Lesezeit\" \/>\n\t<meta name=\"twitter:data1\" content=\"2\u00a0Minuten\" \/>\n<script type=\"application\/ld+json\" class=\"yoast-schema-graph\">{\"@context\":\"https:\\\/\\\/schema.org\",\"@graph\":[{\"@type\":\"WebPage\",\"@id\":\"https:\\\/\\\/iha-race.com\\\/de\\\/producto\\\/frame-tbs-source-two-v-1-220-mm\\\/\",\"url\":\"https:\\\/\\\/iha-race.com\\\/de\\\/producto\\\/frame-tbs-source-two-v-1-220-mm\\\/\",\"name\":\"\u2192 TBS Source two | Frame by Team BlackSheep | Iha Race \u2469\",\"isPartOf\":{\"@id\":\"https:\\\/\\\/iha-race.com\\\/de\\\/#website\"},\"primaryImageOfPage\":{\"@id\":\"https:\\\/\\\/iha-race.com\\\/de\\\/producto\\\/frame-tbs-source-two-v-1-220-mm\\\/#primaryimage\"},\"image\":{\"@id\":\"https:\\\/\\\/iha-race.com\\\/de\\\/producto\\\/frame-tbs-source-two-v-1-220-mm\\\/#primaryimage\"},\"thumbnailUrl\":\"https:\\\/\\\/iha-race.com\\\/wp-content\\\/uploads\\\/2018\\\/12\\\/frame-tbs-drone-1.jpg\",\"datePublished\":\"2018-12-21T11:56:51+00:00\",\"dateModified\":\"2024-08-29T14:29:29+00:00\",\"description\":\"Entdecke\u23eb den ultraleichten Rahmen, nur f\u00fcr Geschwindigkeitss\u00fcchtige! Von der Gemeinschaft gestaltet! Lieferungen innerhalb von 24 Stunden\u2708 nach ganz Spanien. \u260e676757149.\",\"breadcrumb\":{\"@id\":\"https:\\\/\\\/iha-race.com\\\/de\\\/producto\\\/frame-tbs-source-two-v-1-220-mm\\\/#breadcrumb\"},\"inLanguage\":\"de\",\"potentialAction\":[{\"@type\":\"ReadAction\",\"target\":[\"https:\\\/\\\/iha-race.com\\\/de\\\/producto\\\/frame-tbs-source-two-v-1-220-mm\\\/\"]}]},{\"@type\":\"ImageObject\",\"inLanguage\":\"de\",\"@id\":\"https:\\\/\\\/iha-race.com\\\/de\\\/producto\\\/frame-tbs-source-two-v-1-220-mm\\\/#primaryimage\",\"url\":\"https:\\\/\\\/iha-race.com\\\/wp-content\\\/uploads\\\/2018\\\/12\\\/frame-tbs-drone-1.jpg\",\"contentUrl\":\"https:\\\/\\\/iha-race.com\\\/wp-content\\\/uploads\\\/2018\\\/12\\\/frame-tbs-drone-1.jpg\",\"width\":2222,\"height\":2222},{\"@type\":\"BreadcrumbList\",\"@id\":\"https:\\\/\\\/iha-race.com\\\/de\\\/producto\\\/frame-tbs-source-two-v-1-220-mm\\\/#breadcrumb\",\"itemListElement\":[{\"@type\":\"ListItem\",\"position\":1,\"name\":\"Portada\",\"item\":\"https:\\\/\\\/iha-race.com\\\/de\\\/elementor-499\\\/\"},{\"@type\":\"ListItem\",\"position\":2,\"name\":\"Shop\",\"item\":\"https:\\\/\\\/iha-race.com\\\/de\\\/shop\\\/\"},{\"@type\":\"ListItem\",\"position\":3,\"name\":\"Rahmen TBS Source TWO V.1 220 mm.\"}]},{\"@type\":\"WebSite\",\"@id\":\"https:\\\/\\\/iha-race.com\\\/de\\\/#website\",\"url\":\"https:\\\/\\\/iha-race.com\\\/de\\\/\",\"name\":\"Iha Race\",\"description\":\"Comprar drones de carreras FPV env\u00edos en un d\u00eda desde Espa\u00f1a\",\"publisher\":{\"@id\":\"https:\\\/\\\/iha-race.com\\\/de\\\/#organization\"},\"potentialAction\":[{\"@type\":\"SearchAction\",\"target\":{\"@type\":\"EntryPoint\",\"urlTemplate\":\"https:\\\/\\\/iha-race.com\\\/de\\\/?s={search_term_string}\"},\"query-input\":{\"@type\":\"PropertyValueSpecification\",\"valueRequired\":true,\"valueName\":\"search_term_string\"}}],\"inLanguage\":\"de\"},{\"@type\":\"Organization\",\"@id\":\"https:\\\/\\\/iha-race.com\\\/de\\\/#organization\",\"name\":\"Iha Race\",\"url\":\"https:\\\/\\\/iha-race.com\\\/de\\\/\",\"logo\":{\"@type\":\"ImageObject\",\"inLanguage\":\"de\",\"@id\":\"https:\\\/\\\/iha-race.com\\\/de\\\/#\\\/schema\\\/logo\\\/image\\\/\",\"url\":\"https:\\\/\\\/iha-race.com\\\/wp-content\\\/uploads\\\/2018\\\/07\\\/iha-race-drones-de-carreras-tienda-comprar-drones.png\",\"contentUrl\":\"https:\\\/\\\/iha-race.com\\\/wp-content\\\/uploads\\\/2018\\\/07\\\/iha-race-drones-de-carreras-tienda-comprar-drones.png\",\"width\":300,\"height\":100,\"caption\":\"Iha Race\"},\"image\":{\"@id\":\"https:\\\/\\\/iha-race.com\\\/de\\\/#\\\/schema\\\/logo\\\/image\\\/\"}}]}<\/script>\n<!-- \/ Yoast SEO plugin. -->","yoast_head_json":{"title":"\u2192 TBS Source two | Frame by Team BlackSheep | Iha Race \u2469","description":"Entdecke\u23eb den ultraleichten Rahmen, nur f\u00fcr Geschwindigkeitss\u00fcchtige! Von der Gemeinschaft gestaltet! Lieferungen innerhalb von 24 Stunden\u2708 nach ganz Spanien. \u260e676757149.","robots":{"index":"index","follow":"follow","max-snippet":"max-snippet:-1","max-image-preview":"max-image-preview:large","max-video-preview":"max-video-preview:-1"},"canonical":"https:\/\/iha-race.com\/de\/producto\/frame-tbs-source-two-v-1-220-mm\/","og_locale":"de_DE","og_type":"article","og_title":"\u2192 TBS Source two | Frame by Team BlackSheep | Iha Race \u2469","og_description":"Entdecke\u23eb den ultraleichten Rahmen, nur f\u00fcr Geschwindigkeitss\u00fcchtige! Von der Gemeinschaft gestaltet! Lieferungen innerhalb von 24 Stunden\u2708 nach ganz Spanien. \u260e676757149.","og_url":"https:\/\/iha-race.com\/de\/producto\/frame-tbs-source-two-v-1-220-mm\/","og_site_name":"Iha Race","article_modified_time":"2024-08-29T14:29:29+00:00","og_image":[{"width":2222,"height":2222,"url":"https:\/\/iha-race.com\/wp-content\/uploads\/2018\/12\/frame-tbs-drone-1.jpg","type":"image\/jpeg"}],"twitter_card":"summary_large_image","twitter_misc":{"Gesch\u00e4tzte Lesezeit":"2\u00a0Minuten"},"schema":{"@context":"https:\/\/schema.org","@graph":[{"@type":"WebPage","@id":"https:\/\/iha-race.com\/de\/producto\/frame-tbs-source-two-v-1-220-mm\/","url":"https:\/\/iha-race.com\/de\/producto\/frame-tbs-source-two-v-1-220-mm\/","name":"\u2192 TBS Source two | Frame by Team BlackSheep | Iha Race \u2469","isPartOf":{"@id":"https:\/\/iha-race.com\/de\/#website"},"primaryImageOfPage":{"@id":"https:\/\/iha-race.com\/de\/producto\/frame-tbs-source-two-v-1-220-mm\/#primaryimage"},"image":{"@id":"https:\/\/iha-race.com\/de\/producto\/frame-tbs-source-two-v-1-220-mm\/#primaryimage"},"thumbnailUrl":"https:\/\/iha-race.com\/wp-content\/uploads\/2018\/12\/frame-tbs-drone-1.jpg","datePublished":"2018-12-21T11:56:51+00:00","dateModified":"2024-08-29T14:29:29+00:00","description":"Entdecke\u23eb den ultraleichten Rahmen, nur f\u00fcr Geschwindigkeitss\u00fcchtige! Von der Gemeinschaft gestaltet! Lieferungen innerhalb von 24 Stunden\u2708 nach ganz Spanien. \u260e676757149.","breadcrumb":{"@id":"https:\/\/iha-race.com\/de\/producto\/frame-tbs-source-two-v-1-220-mm\/#breadcrumb"},"inLanguage":"de","potentialAction":[{"@type":"ReadAction","target":["https:\/\/iha-race.com\/de\/producto\/frame-tbs-source-two-v-1-220-mm\/"]}]},{"@type":"ImageObject","inLanguage":"de","@id":"https:\/\/iha-race.com\/de\/producto\/frame-tbs-source-two-v-1-220-mm\/#primaryimage","url":"https:\/\/iha-race.com\/wp-content\/uploads\/2018\/12\/frame-tbs-drone-1.jpg","contentUrl":"https:\/\/iha-race.com\/wp-content\/uploads\/2018\/12\/frame-tbs-drone-1.jpg","width":2222,"height":2222},{"@type":"BreadcrumbList","@id":"https:\/\/iha-race.com\/de\/producto\/frame-tbs-source-two-v-1-220-mm\/#breadcrumb","itemListElement":[{"@type":"ListItem","position":1,"name":"Portada","item":"https:\/\/iha-race.com\/de\/elementor-499\/"},{"@type":"ListItem","position":2,"name":"Shop","item":"https:\/\/iha-race.com\/de\/shop\/"},{"@type":"ListItem","position":3,"name":"Rahmen TBS Source TWO V.1 220 mm."}]},{"@type":"WebSite","@id":"https:\/\/iha-race.com\/de\/#website","url":"https:\/\/iha-race.com\/de\/","name":"Iha Race","description":"Comprar drones de carreras FPV env\u00edos en un d\u00eda desde Espa\u00f1a","publisher":{"@id":"https:\/\/iha-race.com\/de\/#organization"},"potentialAction":[{"@type":"SearchAction","target":{"@type":"EntryPoint","urlTemplate":"https:\/\/iha-race.com\/de\/?s={search_term_string}"},"query-input":{"@type":"PropertyValueSpecification","valueRequired":true,"valueName":"search_term_string"}}],"inLanguage":"de"},{"@type":"Organization","@id":"https:\/\/iha-race.com\/de\/#organization","name":"Iha Race","url":"https:\/\/iha-race.com\/de\/","logo":{"@type":"ImageObject","inLanguage":"de","@id":"https:\/\/iha-race.com\/de\/#\/schema\/logo\/image\/","url":"https:\/\/iha-race.com\/wp-content\/uploads\/2018\/07\/iha-race-drones-de-carreras-tienda-comprar-drones.png","contentUrl":"https:\/\/iha-race.com\/wp-content\/uploads\/2018\/07\/iha-race-drones-de-carreras-tienda-comprar-drones.png","width":300,"height":100,"caption":"Iha Race"},"image":{"@id":"https:\/\/iha-race.com\/de\/#\/schema\/logo\/image\/"}}]}},"jetpack_sharing_enabled":true,"brands":[],"_links":{"self":[{"href":"https:\/\/iha-race.com\/de\/wp-json\/wp\/v2\/product\/207848","targetHints":{"allow":["GET"]}}],"collection":[{"href":"https:\/\/iha-race.com\/de\/wp-json\/wp\/v2\/product"}],"about":[{"href":"https:\/\/iha-race.com\/de\/wp-json\/wp\/v2\/types\/product"}],"replies":[{"embeddable":true,"href":"https:\/\/iha-race.com\/de\/wp-json\/wp\/v2\/comments?post=207848"}],"version-history":[{"count":2,"href":"https:\/\/iha-race.com\/de\/wp-json\/wp\/v2\/product\/207848\/revisions"}],"predecessor-version":[{"id":250351,"href":"https:\/\/iha-race.com\/de\/wp-json\/wp\/v2\/product\/207848\/revisions\/250351"}],"wp:featuredmedia":[{"embeddable":true,"href":"https:\/\/iha-race.com\/de\/wp-json\/wp\/v2\/media\/124182"}],"wp:attachment":[{"href":"https:\/\/iha-race.com\/de\/wp-json\/wp\/v2\/media?parent=207848"}],"wp:term":[{"taxonomy":"pwb-brand","embeddable":true,"href":"https:\/\/iha-race.com\/de\/wp-json\/wp\/v2\/pwb-brand?post=207848"},{"taxonomy":"product_cat","embeddable":true,"href":"https:\/\/iha-race.com\/de\/wp-json\/wp\/v2\/product_cat?post=207848"},{"taxonomy":"product_tag","embeddable":true,"href":"https:\/\/iha-race.com\/de\/wp-json\/wp\/v2\/product_tag?post=207848"}],"curies":[{"name":"wp","href":"https:\/\/api.w.org\/{rel}","templated":true}]}}