{"id":207834,"date":"2019-01-15T10:24:58","date_gmt":"2019-01-15T09:24:58","guid":{"rendered":"https:\/\/iha-race.com\/producto\/schraubendreher-set-13-stueck\/"},"modified":"2024-08-29T16:28:32","modified_gmt":"2024-08-29T14:28:32","slug":"schraubendreher-satz-13-teilig","status":"publish","type":"product","link":"https:\/\/iha-race.com\/de\/producto\/schraubendreher-satz-13-teilig\/","title":{"rendered":"Schraubendreher-Set 13 St\u00fcck"},"content":{"rendered":"<h2>Schraubendreher-Set 13 St\u00fcck 1000v<\/h2>\n<p>  Es handelt sich um einen Satz professioneller Werkzeuge f\u00fcr Elektriker, um verschiedene Arten von elektrischen oder anderen Reparaturarbeiten durchzuf\u00fchren. Ganz gleich, ob Sie elektrische Reparaturen durchf\u00fchren oder nur allt\u00e4gliche Reparaturen, dieses Set ist ein Muss f\u00fcr jeden Wartungswerkzeugkasten oder Elektriker.  <\/p>\n<h2>Merkmale:<\/h2>\n<ul>\n<li>Ergonomischer Griff f\u00fcr maximalen Komfort und au\u00dfergew\u00f6hnliches Drehmoment.<\/li>\n<li>Es umfasst verschiedene Arten von Bohrern f\u00fcr unterschiedliche elektrische Anforderungen.<\/li>\n<li>Enth\u00e4lt magnetische Spitzen, die bequem Schrauben anziehen.<\/li>\n<li>Isolierte Halterung, die Spannungen bis zu 1000 V standh\u00e4lt.<\/li>\n<li>Hergestellt aus Chrom-Vanadium-Stahl, geh\u00e4rtet f\u00fcr maximale Verschlei\u00dffestigkeit.<\/li>\n<li>Plug-in-Spitze Design, einfach zu installieren und zu ersetzen Bohrer, zeitsparend und effizient.<\/li>\n<li>Kommt mit einem Fall, bequem f\u00fcr die Lagerung und tragbar f\u00fcr den Einsatz.<\/li>\n<\/ul>\n<h2>Spezifikationen:<\/h2>\n<ul>\n<li>W\u00e4rmebehandelter CR-V-Stahl.<\/li>\n<li>Schwarz lackierte Klinge mit magnetischen Spitzen.<\/li>\n<li>Klingenabdeckung aus Kunststoff.<\/li>\n<li>Mit ergonomischem TPR-Griff.<\/li>\n<li>Isolierte Klingen f\u00fcr elektrische Anwendungen.<\/li>\n<\/ul>\n<h2><strong>13 Schraubendreher in 1 Ausf\u00fchrung:<\/strong><\/h2>\n<ul>\n<li>Schlitztyp: 3x100mm, 4x100mm, 5,5x100mm, 6,5x100mm<\/li>\n<li>Kreuzkopf: PH1x80mm, PH2x100mm<\/li>\n<li>Pozidriv Typ: PZ1x80mm, PZ2x100mm<\/li>\n<li>Art der Blume: T10x100mm, T15x100mm, T20x100mm<\/li>\n<li>1 x einpoliger isolierter Pr\u00fcfstift<\/li>\n<li>Isolierter Handstiel<\/li>\n<\/ul>\n<h2>Das Paket enth\u00e4lt:<\/h2>\n<ul>\n<li>13 x Elektronisch isolierte Schraubendreherbits<\/li>\n<\/ul>\n<div><\/div>\n","protected":false},"excerpt":{"rendered":"<p>Schraubendreher-Set 13 St\u00fcck 1000v Es handelt sich um einen Satz professioneller Werkzeuge f\u00fcr Elektriker, um verschiedene Arten von elektrischen oder anderen Reparaturarbeiten durchzuf\u00fchren. Ganz gleich, ob Sie elektrische Reparaturen durchf\u00fchren<\/p>\n","protected":false},"featured_media":124960,"comment_status":"open","ping_status":"closed","template":"","meta":{"_joinchat":[]},"pwb-brand":[],"product_cat":[2513,2549],"product_tag":[],"class_list":{"0":"post-207834","1":"product","2":"type-product","3":"status-publish","4":"has-post-thumbnail","6":"product_cat-zubehor","7":"product_cat--werkzeuge-und-loten","9":"first","10":"instock","11":"taxable","12":"shipping-taxable","13":"purchasable","14":"product-type-simple"},"barcode":null,"atum_controlled":true,"out_stock_date":null,"out_stock_threshold":null,"inheritable":false,"stock_on_hold":0,"sold_today":0,"sales_last_days":0,"out_stock_days":0,"lost_sales":0,"update_date":"2026-04-08T16:33:51","atum_locations":[],"atum_stock_status":"instock","restock_status":false,"low_stock_amount":0,"sales_update_date":"2026-04-08T10:17:16","calc_backorders":null,"yoast_head":"<!-- This site is optimized with the Yoast SEO plugin v27.3 - https:\/\/yoast.com\/product\/yoast-seo-wordpress\/ -->\n<title>Schraubendreher-Set 13 St\u00fcck - Iha Race<\/title>\n<meta name=\"robots\" content=\"index, follow, max-snippet:-1, max-image-preview:large, max-video-preview:-1\" \/>\n<link rel=\"canonical\" href=\"https:\/\/iha-race.com\/de\/producto\/schraubendreher-satz-13-teilig\/\" \/>\n<meta property=\"og:locale\" content=\"de_DE\" \/>\n<meta property=\"og:type\" content=\"article\" \/>\n<meta property=\"og:title\" content=\"Schraubendreher-Set 13 St\u00fcck - Iha Race\" \/>\n<meta property=\"og:description\" content=\"Schraubendreher-Set 13 St\u00fcck 1000v Es handelt sich um einen Satz professioneller Werkzeuge f\u00fcr Elektriker, um verschiedene Arten von elektrischen oder anderen Reparaturarbeiten durchzuf\u00fchren. Ganz gleich, ob Sie elektrische Reparaturen durchf\u00fchren\" \/>\n<meta property=\"og:url\" content=\"https:\/\/iha-race.com\/de\/producto\/schraubendreher-satz-13-teilig\/\" \/>\n<meta property=\"og:site_name\" content=\"Iha Race\" \/>\n<meta property=\"article:modified_time\" content=\"2024-08-29T14:28:32+00:00\" \/>\n<meta property=\"og:image\" content=\"https:\/\/iha-race.com\/wp-content\/uploads\/2019\/01\/juego-de-atornilladores-13-pcs-1000v-comprar-barato-1.jpg\" \/>\n\t<meta property=\"og:image:width\" content=\"800\" \/>\n\t<meta property=\"og:image:height\" content=\"800\" \/>\n\t<meta property=\"og:image:type\" content=\"image\/jpeg\" \/>\n<meta name=\"twitter:card\" content=\"summary_large_image\" \/>\n<meta name=\"twitter:label1\" content=\"Gesch\u00e4tzte Lesezeit\" \/>\n\t<meta name=\"twitter:data1\" content=\"1\u00a0Minute\" \/>\n<script type=\"application\/ld+json\" class=\"yoast-schema-graph\">{\"@context\":\"https:\\\/\\\/schema.org\",\"@graph\":[{\"@type\":\"WebPage\",\"@id\":\"https:\\\/\\\/iha-race.com\\\/de\\\/producto\\\/schraubendreher-satz-13-teilig\\\/\",\"url\":\"https:\\\/\\\/iha-race.com\\\/de\\\/producto\\\/schraubendreher-satz-13-teilig\\\/\",\"name\":\"Schraubendreher-Set 13 St\u00fcck - Iha Race\",\"isPartOf\":{\"@id\":\"https:\\\/\\\/iha-race.com\\\/de\\\/#website\"},\"primaryImageOfPage\":{\"@id\":\"https:\\\/\\\/iha-race.com\\\/de\\\/producto\\\/schraubendreher-satz-13-teilig\\\/#primaryimage\"},\"image\":{\"@id\":\"https:\\\/\\\/iha-race.com\\\/de\\\/producto\\\/schraubendreher-satz-13-teilig\\\/#primaryimage\"},\"thumbnailUrl\":\"https:\\\/\\\/iha-race.com\\\/wp-content\\\/uploads\\\/2019\\\/01\\\/juego-de-atornilladores-13-pcs-1000v-comprar-barato-1.jpg\",\"datePublished\":\"2019-01-15T09:24:58+00:00\",\"dateModified\":\"2024-08-29T14:28:32+00:00\",\"breadcrumb\":{\"@id\":\"https:\\\/\\\/iha-race.com\\\/de\\\/producto\\\/schraubendreher-satz-13-teilig\\\/#breadcrumb\"},\"inLanguage\":\"de\",\"potentialAction\":[{\"@type\":\"ReadAction\",\"target\":[\"https:\\\/\\\/iha-race.com\\\/de\\\/producto\\\/schraubendreher-satz-13-teilig\\\/\"]}]},{\"@type\":\"ImageObject\",\"inLanguage\":\"de\",\"@id\":\"https:\\\/\\\/iha-race.com\\\/de\\\/producto\\\/schraubendreher-satz-13-teilig\\\/#primaryimage\",\"url\":\"https:\\\/\\\/iha-race.com\\\/wp-content\\\/uploads\\\/2019\\\/01\\\/juego-de-atornilladores-13-pcs-1000v-comprar-barato-1.jpg\",\"contentUrl\":\"https:\\\/\\\/iha-race.com\\\/wp-content\\\/uploads\\\/2019\\\/01\\\/juego-de-atornilladores-13-pcs-1000v-comprar-barato-1.jpg\",\"width\":800,\"height\":800},{\"@type\":\"BreadcrumbList\",\"@id\":\"https:\\\/\\\/iha-race.com\\\/de\\\/producto\\\/schraubendreher-satz-13-teilig\\\/#breadcrumb\",\"itemListElement\":[{\"@type\":\"ListItem\",\"position\":1,\"name\":\"Portada\",\"item\":\"https:\\\/\\\/iha-race.com\\\/de\\\/elementor-499\\\/\"},{\"@type\":\"ListItem\",\"position\":2,\"name\":\"Shop\",\"item\":\"https:\\\/\\\/iha-race.com\\\/de\\\/shop\\\/\"},{\"@type\":\"ListItem\",\"position\":3,\"name\":\"Schraubendreher-Set 13 St\u00fcck\"}]},{\"@type\":\"WebSite\",\"@id\":\"https:\\\/\\\/iha-race.com\\\/de\\\/#website\",\"url\":\"https:\\\/\\\/iha-race.com\\\/de\\\/\",\"name\":\"Iha Race\",\"description\":\"Comprar drones de carreras FPV env\u00edos en un d\u00eda desde Espa\u00f1a\",\"publisher\":{\"@id\":\"https:\\\/\\\/iha-race.com\\\/de\\\/#organization\"},\"potentialAction\":[{\"@type\":\"SearchAction\",\"target\":{\"@type\":\"EntryPoint\",\"urlTemplate\":\"https:\\\/\\\/iha-race.com\\\/de\\\/?s={search_term_string}\"},\"query-input\":{\"@type\":\"PropertyValueSpecification\",\"valueRequired\":true,\"valueName\":\"search_term_string\"}}],\"inLanguage\":\"de\"},{\"@type\":\"Organization\",\"@id\":\"https:\\\/\\\/iha-race.com\\\/de\\\/#organization\",\"name\":\"Iha Race\",\"url\":\"https:\\\/\\\/iha-race.com\\\/de\\\/\",\"logo\":{\"@type\":\"ImageObject\",\"inLanguage\":\"de\",\"@id\":\"https:\\\/\\\/iha-race.com\\\/de\\\/#\\\/schema\\\/logo\\\/image\\\/\",\"url\":\"https:\\\/\\\/iha-race.com\\\/wp-content\\\/uploads\\\/2018\\\/07\\\/iha-race-drones-de-carreras-tienda-comprar-drones.png\",\"contentUrl\":\"https:\\\/\\\/iha-race.com\\\/wp-content\\\/uploads\\\/2018\\\/07\\\/iha-race-drones-de-carreras-tienda-comprar-drones.png\",\"width\":300,\"height\":100,\"caption\":\"Iha Race\"},\"image\":{\"@id\":\"https:\\\/\\\/iha-race.com\\\/de\\\/#\\\/schema\\\/logo\\\/image\\\/\"}}]}<\/script>\n<!-- \/ Yoast SEO plugin. -->","yoast_head_json":{"title":"Schraubendreher-Set 13 St\u00fcck - Iha Race","robots":{"index":"index","follow":"follow","max-snippet":"max-snippet:-1","max-image-preview":"max-image-preview:large","max-video-preview":"max-video-preview:-1"},"canonical":"https:\/\/iha-race.com\/de\/producto\/schraubendreher-satz-13-teilig\/","og_locale":"de_DE","og_type":"article","og_title":"Schraubendreher-Set 13 St\u00fcck - Iha Race","og_description":"Schraubendreher-Set 13 St\u00fcck 1000v Es handelt sich um einen Satz professioneller Werkzeuge f\u00fcr Elektriker, um verschiedene Arten von elektrischen oder anderen Reparaturarbeiten durchzuf\u00fchren. Ganz gleich, ob Sie elektrische Reparaturen durchf\u00fchren","og_url":"https:\/\/iha-race.com\/de\/producto\/schraubendreher-satz-13-teilig\/","og_site_name":"Iha Race","article_modified_time":"2024-08-29T14:28:32+00:00","og_image":[{"width":800,"height":800,"url":"https:\/\/iha-race.com\/wp-content\/uploads\/2019\/01\/juego-de-atornilladores-13-pcs-1000v-comprar-barato-1.jpg","type":"image\/jpeg"}],"twitter_card":"summary_large_image","twitter_misc":{"Gesch\u00e4tzte Lesezeit":"1\u00a0Minute"},"schema":{"@context":"https:\/\/schema.org","@graph":[{"@type":"WebPage","@id":"https:\/\/iha-race.com\/de\/producto\/schraubendreher-satz-13-teilig\/","url":"https:\/\/iha-race.com\/de\/producto\/schraubendreher-satz-13-teilig\/","name":"Schraubendreher-Set 13 St\u00fcck - Iha Race","isPartOf":{"@id":"https:\/\/iha-race.com\/de\/#website"},"primaryImageOfPage":{"@id":"https:\/\/iha-race.com\/de\/producto\/schraubendreher-satz-13-teilig\/#primaryimage"},"image":{"@id":"https:\/\/iha-race.com\/de\/producto\/schraubendreher-satz-13-teilig\/#primaryimage"},"thumbnailUrl":"https:\/\/iha-race.com\/wp-content\/uploads\/2019\/01\/juego-de-atornilladores-13-pcs-1000v-comprar-barato-1.jpg","datePublished":"2019-01-15T09:24:58+00:00","dateModified":"2024-08-29T14:28:32+00:00","breadcrumb":{"@id":"https:\/\/iha-race.com\/de\/producto\/schraubendreher-satz-13-teilig\/#breadcrumb"},"inLanguage":"de","potentialAction":[{"@type":"ReadAction","target":["https:\/\/iha-race.com\/de\/producto\/schraubendreher-satz-13-teilig\/"]}]},{"@type":"ImageObject","inLanguage":"de","@id":"https:\/\/iha-race.com\/de\/producto\/schraubendreher-satz-13-teilig\/#primaryimage","url":"https:\/\/iha-race.com\/wp-content\/uploads\/2019\/01\/juego-de-atornilladores-13-pcs-1000v-comprar-barato-1.jpg","contentUrl":"https:\/\/iha-race.com\/wp-content\/uploads\/2019\/01\/juego-de-atornilladores-13-pcs-1000v-comprar-barato-1.jpg","width":800,"height":800},{"@type":"BreadcrumbList","@id":"https:\/\/iha-race.com\/de\/producto\/schraubendreher-satz-13-teilig\/#breadcrumb","itemListElement":[{"@type":"ListItem","position":1,"name":"Portada","item":"https:\/\/iha-race.com\/de\/elementor-499\/"},{"@type":"ListItem","position":2,"name":"Shop","item":"https:\/\/iha-race.com\/de\/shop\/"},{"@type":"ListItem","position":3,"name":"Schraubendreher-Set 13 St\u00fcck"}]},{"@type":"WebSite","@id":"https:\/\/iha-race.com\/de\/#website","url":"https:\/\/iha-race.com\/de\/","name":"Iha Race","description":"Comprar drones de carreras FPV env\u00edos en un d\u00eda desde Espa\u00f1a","publisher":{"@id":"https:\/\/iha-race.com\/de\/#organization"},"potentialAction":[{"@type":"SearchAction","target":{"@type":"EntryPoint","urlTemplate":"https:\/\/iha-race.com\/de\/?s={search_term_string}"},"query-input":{"@type":"PropertyValueSpecification","valueRequired":true,"valueName":"search_term_string"}}],"inLanguage":"de"},{"@type":"Organization","@id":"https:\/\/iha-race.com\/de\/#organization","name":"Iha Race","url":"https:\/\/iha-race.com\/de\/","logo":{"@type":"ImageObject","inLanguage":"de","@id":"https:\/\/iha-race.com\/de\/#\/schema\/logo\/image\/","url":"https:\/\/iha-race.com\/wp-content\/uploads\/2018\/07\/iha-race-drones-de-carreras-tienda-comprar-drones.png","contentUrl":"https:\/\/iha-race.com\/wp-content\/uploads\/2018\/07\/iha-race-drones-de-carreras-tienda-comprar-drones.png","width":300,"height":100,"caption":"Iha Race"},"image":{"@id":"https:\/\/iha-race.com\/de\/#\/schema\/logo\/image\/"}}]}},"brands":[],"_links":{"self":[{"href":"https:\/\/iha-race.com\/de\/wp-json\/wp\/v2\/product\/207834","targetHints":{"allow":["GET"]}}],"collection":[{"href":"https:\/\/iha-race.com\/de\/wp-json\/wp\/v2\/product"}],"about":[{"href":"https:\/\/iha-race.com\/de\/wp-json\/wp\/v2\/types\/product"}],"replies":[{"embeddable":true,"href":"https:\/\/iha-race.com\/de\/wp-json\/wp\/v2\/comments?post=207834"}],"version-history":[{"count":1,"href":"https:\/\/iha-race.com\/de\/wp-json\/wp\/v2\/product\/207834\/revisions"}],"predecessor-version":[{"id":250330,"href":"https:\/\/iha-race.com\/de\/wp-json\/wp\/v2\/product\/207834\/revisions\/250330"}],"wp:featuredmedia":[{"embeddable":true,"href":"https:\/\/iha-race.com\/de\/wp-json\/wp\/v2\/media\/124960"}],"wp:attachment":[{"href":"https:\/\/iha-race.com\/de\/wp-json\/wp\/v2\/media?parent=207834"}],"wp:term":[{"taxonomy":"pwb-brand","embeddable":true,"href":"https:\/\/iha-race.com\/de\/wp-json\/wp\/v2\/pwb-brand?post=207834"},{"taxonomy":"product_cat","embeddable":true,"href":"https:\/\/iha-race.com\/de\/wp-json\/wp\/v2\/product_cat?post=207834"},{"taxonomy":"product_tag","embeddable":true,"href":"https:\/\/iha-race.com\/de\/wp-json\/wp\/v2\/product_tag?post=207834"}],"curies":[{"name":"wp","href":"https:\/\/api.w.org\/{rel}","templated":true}]}}