{"id":207803,"date":"2019-01-25T19:16:35","date_gmt":"2019-01-25T18:16:35","guid":{"rendered":"https:\/\/iha-race.com\/producto\/iha-race-aluminium-kuehlkoerper-2-stueck\/"},"modified":"2026-03-21T19:37:41","modified_gmt":"2026-03-21T18:37:41","slug":"warme-sink-aluminium-iha-race-2-teilig","status":"publish","type":"product","link":"https:\/\/iha-race.com\/de\/producto\/warme-sink-aluminium-iha-race-2-teilig\/","title":{"rendered":"IHA-Race Aluminium-K\u00fchlk\u00f6rper (2 St\u00fcck)"},"content":{"rendered":"<h2>IHA-Race Aluminium-K\u00fchlk\u00f6rper<\/h2>\n<p><strong>Verl\u00e4ngert die Lebensdauer des Vtx<\/strong><strong>Spezifikation:<\/strong><\/p>\n<ul>\n<li>Werkstoff: Aluminium<\/li>\n<li>Gr\u00f6\u00dfe: 18,8x19x5 (mm)<\/li>\n<li>Gewicht: 2,2g<\/li>\n<li>Farbe: Schwarz, Rot<\/li>\n<\/ul>\n<div><strong>Lieferumfang:<\/strong> 2 Stk. K\u00fchlk\u00f6rper<\/div>\n","protected":false},"excerpt":{"rendered":"<p>IHA-Race Aluminium-K\u00fchlk\u00f6rper Verl\u00e4ngert die Lebensdauer des VtxSpezifikation: Werkstoff: Aluminium Gr\u00f6\u00dfe: 18,8x19x5 (mm) Gewicht: 2,2g Farbe: Schwarz, Rot Lieferumfang: 2 Stk. K\u00fchlk\u00f6rper<\/p>\n","protected":false},"featured_media":124488,"comment_status":"open","ping_status":"closed","template":"","meta":{"_joinchat":[]},"pwb-brand":[3586],"product_cat":[2609,2564],"product_tag":[],"class_list":{"0":"post-207803","1":"product","2":"type-product","3":"status-publish","4":"has-post-thumbnail","6":"pwb-brand-iha-race","7":"product_cat-verschiedene","8":"product_cat-vtx-vrx-de","10":"first","11":"instock","12":"taxable","13":"shipping-taxable","14":"purchasable","15":"product-type-simple"},"barcode":null,"atum_controlled":true,"out_stock_date":null,"out_stock_threshold":null,"inheritable":false,"stock_on_hold":0,"sold_today":0,"sales_last_days":0,"out_stock_days":0,"lost_sales":0,"update_date":"2026-04-08T10:17:16","atum_locations":[],"atum_stock_status":"instock","restock_status":false,"low_stock_amount":0,"sales_update_date":"2026-04-08T10:17:16","calc_backorders":null,"yoast_head":"<!-- This site is optimized with the Yoast SEO plugin v27.3 - https:\/\/yoast.com\/product\/yoast-seo-wordpress\/ -->\n<title>IHA-Race Aluminium-K\u00fchlk\u00f6rper (2 St\u00fcck) - Iha Race<\/title>\n<meta name=\"robots\" content=\"index, follow, max-snippet:-1, max-image-preview:large, max-video-preview:-1\" \/>\n<link rel=\"canonical\" href=\"https:\/\/iha-race.com\/de\/producto\/warme-sink-aluminium-iha-race-2-teilig\/\" \/>\n<meta property=\"og:locale\" content=\"de_DE\" \/>\n<meta property=\"og:type\" content=\"article\" \/>\n<meta property=\"og:title\" content=\"IHA-Race Aluminium-K\u00fchlk\u00f6rper (2 St\u00fcck) - Iha Race\" \/>\n<meta property=\"og:description\" content=\"IHA-Race Aluminium-K\u00fchlk\u00f6rper Verl\u00e4ngert die Lebensdauer des VtxSpezifikation: Werkstoff: Aluminium Gr\u00f6\u00dfe: 18,8x19x5 (mm) Gewicht: 2,2g Farbe: Schwarz, Rot Lieferumfang: 2 Stk. K\u00fchlk\u00f6rper\" \/>\n<meta property=\"og:url\" content=\"https:\/\/iha-race.com\/de\/producto\/warme-sink-aluminium-iha-race-2-teilig\/\" \/>\n<meta property=\"og:site_name\" content=\"Iha Race\" \/>\n<meta property=\"article:modified_time\" content=\"2026-03-21T18:37:41+00:00\" \/>\n<meta property=\"og:image\" content=\"https:\/\/iha-race.com\/wp-content\/uploads\/2019\/01\/Disipador-de-calor-aluminio-comprar-barato-IHARACE-1.jpg\" \/>\n\t<meta property=\"og:image:width\" content=\"800\" \/>\n\t<meta property=\"og:image:height\" content=\"800\" \/>\n\t<meta property=\"og:image:type\" content=\"image\/jpeg\" \/>\n<meta name=\"twitter:card\" content=\"summary_large_image\" \/>\n<script type=\"application\/ld+json\" class=\"yoast-schema-graph\">{\"@context\":\"https:\\\/\\\/schema.org\",\"@graph\":[{\"@type\":\"WebPage\",\"@id\":\"https:\\\/\\\/iha-race.com\\\/de\\\/producto\\\/warme-sink-aluminium-iha-race-2-teilig\\\/\",\"url\":\"https:\\\/\\\/iha-race.com\\\/de\\\/producto\\\/warme-sink-aluminium-iha-race-2-teilig\\\/\",\"name\":\"IHA-Race Aluminium-K\u00fchlk\u00f6rper (2 St\u00fcck) - Iha Race\",\"isPartOf\":{\"@id\":\"https:\\\/\\\/iha-race.com\\\/de\\\/#website\"},\"primaryImageOfPage\":{\"@id\":\"https:\\\/\\\/iha-race.com\\\/de\\\/producto\\\/warme-sink-aluminium-iha-race-2-teilig\\\/#primaryimage\"},\"image\":{\"@id\":\"https:\\\/\\\/iha-race.com\\\/de\\\/producto\\\/warme-sink-aluminium-iha-race-2-teilig\\\/#primaryimage\"},\"thumbnailUrl\":\"https:\\\/\\\/iha-race.com\\\/wp-content\\\/uploads\\\/2019\\\/01\\\/Disipador-de-calor-aluminio-comprar-barato-IHARACE-1.jpg\",\"datePublished\":\"2019-01-25T18:16:35+00:00\",\"dateModified\":\"2026-03-21T18:37:41+00:00\",\"breadcrumb\":{\"@id\":\"https:\\\/\\\/iha-race.com\\\/de\\\/producto\\\/warme-sink-aluminium-iha-race-2-teilig\\\/#breadcrumb\"},\"inLanguage\":\"de\",\"potentialAction\":[{\"@type\":\"ReadAction\",\"target\":[\"https:\\\/\\\/iha-race.com\\\/de\\\/producto\\\/warme-sink-aluminium-iha-race-2-teilig\\\/\"]}]},{\"@type\":\"ImageObject\",\"inLanguage\":\"de\",\"@id\":\"https:\\\/\\\/iha-race.com\\\/de\\\/producto\\\/warme-sink-aluminium-iha-race-2-teilig\\\/#primaryimage\",\"url\":\"https:\\\/\\\/iha-race.com\\\/wp-content\\\/uploads\\\/2019\\\/01\\\/Disipador-de-calor-aluminio-comprar-barato-IHARACE-1.jpg\",\"contentUrl\":\"https:\\\/\\\/iha-race.com\\\/wp-content\\\/uploads\\\/2019\\\/01\\\/Disipador-de-calor-aluminio-comprar-barato-IHARACE-1.jpg\",\"width\":800,\"height\":800},{\"@type\":\"BreadcrumbList\",\"@id\":\"https:\\\/\\\/iha-race.com\\\/de\\\/producto\\\/warme-sink-aluminium-iha-race-2-teilig\\\/#breadcrumb\",\"itemListElement\":[{\"@type\":\"ListItem\",\"position\":1,\"name\":\"Portada\",\"item\":\"https:\\\/\\\/iha-race.com\\\/de\\\/elementor-499\\\/\"},{\"@type\":\"ListItem\",\"position\":2,\"name\":\"Shop\",\"item\":\"https:\\\/\\\/iha-race.com\\\/de\\\/shop\\\/\"},{\"@type\":\"ListItem\",\"position\":3,\"name\":\"IHA-Race Aluminium-K\u00fchlk\u00f6rper (2 St\u00fcck)\"}]},{\"@type\":\"WebSite\",\"@id\":\"https:\\\/\\\/iha-race.com\\\/de\\\/#website\",\"url\":\"https:\\\/\\\/iha-race.com\\\/de\\\/\",\"name\":\"Iha Race\",\"description\":\"Comprar drones de carreras FPV env\u00edos en un d\u00eda desde Espa\u00f1a\",\"publisher\":{\"@id\":\"https:\\\/\\\/iha-race.com\\\/de\\\/#organization\"},\"potentialAction\":[{\"@type\":\"SearchAction\",\"target\":{\"@type\":\"EntryPoint\",\"urlTemplate\":\"https:\\\/\\\/iha-race.com\\\/de\\\/?s={search_term_string}\"},\"query-input\":{\"@type\":\"PropertyValueSpecification\",\"valueRequired\":true,\"valueName\":\"search_term_string\"}}],\"inLanguage\":\"de\"},{\"@type\":\"Organization\",\"@id\":\"https:\\\/\\\/iha-race.com\\\/de\\\/#organization\",\"name\":\"Iha Race\",\"url\":\"https:\\\/\\\/iha-race.com\\\/de\\\/\",\"logo\":{\"@type\":\"ImageObject\",\"inLanguage\":\"de\",\"@id\":\"https:\\\/\\\/iha-race.com\\\/de\\\/#\\\/schema\\\/logo\\\/image\\\/\",\"url\":\"https:\\\/\\\/iha-race.com\\\/wp-content\\\/uploads\\\/2018\\\/07\\\/iha-race-drones-de-carreras-tienda-comprar-drones.png\",\"contentUrl\":\"https:\\\/\\\/iha-race.com\\\/wp-content\\\/uploads\\\/2018\\\/07\\\/iha-race-drones-de-carreras-tienda-comprar-drones.png\",\"width\":300,\"height\":100,\"caption\":\"Iha Race\"},\"image\":{\"@id\":\"https:\\\/\\\/iha-race.com\\\/de\\\/#\\\/schema\\\/logo\\\/image\\\/\"}}]}<\/script>\n<!-- \/ Yoast SEO plugin. -->","yoast_head_json":{"title":"IHA-Race Aluminium-K\u00fchlk\u00f6rper (2 St\u00fcck) - Iha Race","robots":{"index":"index","follow":"follow","max-snippet":"max-snippet:-1","max-image-preview":"max-image-preview:large","max-video-preview":"max-video-preview:-1"},"canonical":"https:\/\/iha-race.com\/de\/producto\/warme-sink-aluminium-iha-race-2-teilig\/","og_locale":"de_DE","og_type":"article","og_title":"IHA-Race Aluminium-K\u00fchlk\u00f6rper (2 St\u00fcck) - Iha Race","og_description":"IHA-Race Aluminium-K\u00fchlk\u00f6rper Verl\u00e4ngert die Lebensdauer des VtxSpezifikation: Werkstoff: Aluminium Gr\u00f6\u00dfe: 18,8x19x5 (mm) Gewicht: 2,2g Farbe: Schwarz, Rot Lieferumfang: 2 Stk. K\u00fchlk\u00f6rper","og_url":"https:\/\/iha-race.com\/de\/producto\/warme-sink-aluminium-iha-race-2-teilig\/","og_site_name":"Iha Race","article_modified_time":"2026-03-21T18:37:41+00:00","og_image":[{"width":800,"height":800,"url":"https:\/\/iha-race.com\/wp-content\/uploads\/2019\/01\/Disipador-de-calor-aluminio-comprar-barato-IHARACE-1.jpg","type":"image\/jpeg"}],"twitter_card":"summary_large_image","schema":{"@context":"https:\/\/schema.org","@graph":[{"@type":"WebPage","@id":"https:\/\/iha-race.com\/de\/producto\/warme-sink-aluminium-iha-race-2-teilig\/","url":"https:\/\/iha-race.com\/de\/producto\/warme-sink-aluminium-iha-race-2-teilig\/","name":"IHA-Race Aluminium-K\u00fchlk\u00f6rper (2 St\u00fcck) - Iha Race","isPartOf":{"@id":"https:\/\/iha-race.com\/de\/#website"},"primaryImageOfPage":{"@id":"https:\/\/iha-race.com\/de\/producto\/warme-sink-aluminium-iha-race-2-teilig\/#primaryimage"},"image":{"@id":"https:\/\/iha-race.com\/de\/producto\/warme-sink-aluminium-iha-race-2-teilig\/#primaryimage"},"thumbnailUrl":"https:\/\/iha-race.com\/wp-content\/uploads\/2019\/01\/Disipador-de-calor-aluminio-comprar-barato-IHARACE-1.jpg","datePublished":"2019-01-25T18:16:35+00:00","dateModified":"2026-03-21T18:37:41+00:00","breadcrumb":{"@id":"https:\/\/iha-race.com\/de\/producto\/warme-sink-aluminium-iha-race-2-teilig\/#breadcrumb"},"inLanguage":"de","potentialAction":[{"@type":"ReadAction","target":["https:\/\/iha-race.com\/de\/producto\/warme-sink-aluminium-iha-race-2-teilig\/"]}]},{"@type":"ImageObject","inLanguage":"de","@id":"https:\/\/iha-race.com\/de\/producto\/warme-sink-aluminium-iha-race-2-teilig\/#primaryimage","url":"https:\/\/iha-race.com\/wp-content\/uploads\/2019\/01\/Disipador-de-calor-aluminio-comprar-barato-IHARACE-1.jpg","contentUrl":"https:\/\/iha-race.com\/wp-content\/uploads\/2019\/01\/Disipador-de-calor-aluminio-comprar-barato-IHARACE-1.jpg","width":800,"height":800},{"@type":"BreadcrumbList","@id":"https:\/\/iha-race.com\/de\/producto\/warme-sink-aluminium-iha-race-2-teilig\/#breadcrumb","itemListElement":[{"@type":"ListItem","position":1,"name":"Portada","item":"https:\/\/iha-race.com\/de\/elementor-499\/"},{"@type":"ListItem","position":2,"name":"Shop","item":"https:\/\/iha-race.com\/de\/shop\/"},{"@type":"ListItem","position":3,"name":"IHA-Race Aluminium-K\u00fchlk\u00f6rper (2 St\u00fcck)"}]},{"@type":"WebSite","@id":"https:\/\/iha-race.com\/de\/#website","url":"https:\/\/iha-race.com\/de\/","name":"Iha Race","description":"Comprar drones de carreras FPV env\u00edos en un d\u00eda desde Espa\u00f1a","publisher":{"@id":"https:\/\/iha-race.com\/de\/#organization"},"potentialAction":[{"@type":"SearchAction","target":{"@type":"EntryPoint","urlTemplate":"https:\/\/iha-race.com\/de\/?s={search_term_string}"},"query-input":{"@type":"PropertyValueSpecification","valueRequired":true,"valueName":"search_term_string"}}],"inLanguage":"de"},{"@type":"Organization","@id":"https:\/\/iha-race.com\/de\/#organization","name":"Iha Race","url":"https:\/\/iha-race.com\/de\/","logo":{"@type":"ImageObject","inLanguage":"de","@id":"https:\/\/iha-race.com\/de\/#\/schema\/logo\/image\/","url":"https:\/\/iha-race.com\/wp-content\/uploads\/2018\/07\/iha-race-drones-de-carreras-tienda-comprar-drones.png","contentUrl":"https:\/\/iha-race.com\/wp-content\/uploads\/2018\/07\/iha-race-drones-de-carreras-tienda-comprar-drones.png","width":300,"height":100,"caption":"Iha Race"},"image":{"@id":"https:\/\/iha-race.com\/de\/#\/schema\/logo\/image\/"}}]}},"jetpack_sharing_enabled":true,"brands":[{"id":3586,"name":"IHA Race","slug":"iha-race"}],"_links":{"self":[{"href":"https:\/\/iha-race.com\/de\/wp-json\/wp\/v2\/product\/207803","targetHints":{"allow":["GET"]}}],"collection":[{"href":"https:\/\/iha-race.com\/de\/wp-json\/wp\/v2\/product"}],"about":[{"href":"https:\/\/iha-race.com\/de\/wp-json\/wp\/v2\/types\/product"}],"replies":[{"embeddable":true,"href":"https:\/\/iha-race.com\/de\/wp-json\/wp\/v2\/comments?post=207803"}],"version-history":[{"count":1,"href":"https:\/\/iha-race.com\/de\/wp-json\/wp\/v2\/product\/207803\/revisions"}],"predecessor-version":[{"id":250305,"href":"https:\/\/iha-race.com\/de\/wp-json\/wp\/v2\/product\/207803\/revisions\/250305"}],"wp:featuredmedia":[{"embeddable":true,"href":"https:\/\/iha-race.com\/de\/wp-json\/wp\/v2\/media\/124488"}],"wp:attachment":[{"href":"https:\/\/iha-race.com\/de\/wp-json\/wp\/v2\/media?parent=207803"}],"wp:term":[{"taxonomy":"pwb-brand","embeddable":true,"href":"https:\/\/iha-race.com\/de\/wp-json\/wp\/v2\/pwb-brand?post=207803"},{"taxonomy":"product_cat","embeddable":true,"href":"https:\/\/iha-race.com\/de\/wp-json\/wp\/v2\/product_cat?post=207803"},{"taxonomy":"product_tag","embeddable":true,"href":"https:\/\/iha-race.com\/de\/wp-json\/wp\/v2\/product_tag?post=207803"}],"curies":[{"name":"wp","href":"https:\/\/api.w.org\/{rel}","templated":true}]}}