{"id":207799,"date":"2019-01-31T11:33:03","date_gmt":"2019-01-31T10:33:03","guid":{"rendered":"https:\/\/iha-race.com\/producto\/matek-micro-bec-6s-30v-bis-5v-9v-3-stueck\/"},"modified":"2024-08-29T16:26:56","modified_gmt":"2024-08-29T14:26:56","slug":"matek-micro-bec-6s-30v-a-5v-9v-3-piezas","status":"publish","type":"product","link":"https:\/\/iha-race.com\/de\/producto\/matek-micro-bec-6s-30v-a-5v-9v-3-piezas\/","title":{"rendered":"Matek Micro BEC 6S 30v bis 5v\/9v (3 St\u00fcck)"},"content":{"rendered":"<h2>Matek Micro BEC 6S 30v bis 5v\/9v (3 St\u00fcck)<\/h2>\n<h4>Spezifikation:<\/h4>\n<ul>\n<li>Synchroner Abw\u00e4rtsregler mit hohem Wirkungsgrad<\/li>\n<li>Breiter Betriebseingangsbereich von 6V bis 30V<\/li>\n<li>Kontinuierlicher Ladestrom: 1,5 Ampere (max. 2,5 A 5 s \/ Minute)<\/li>\n<li>V.Out 5V oder 9V Adj. Der Standardwert ist 5 V.<\/li>\n<li>Lastregelung V.Out: 2%.<\/li>\n<li>Standby-Strom: &lt;5mA<\/li>\n<li>Maximale Einschaltdauer: 95%.<\/li>\n<li>OCP und Hipo-Schutz<\/li>\n<li>Thermische Abschaltung<\/li>\n<li>Ausgang kurzschlusstolerant (5 Sekunden \/ Minute)<\/li>\n<li>Bolzenabstand: 2,54 mm<\/li>\n<li>Gr\u00f6\u00dfe und Gewicht: 10x14x3mm, 1g<\/li>\n<li>Verpackung: 3 St\u00fcck<\/li>\n<\/ul>\n<p>&nbsp;<\/p>\n<p><img fetchpriority=\"high\" decoding=\"async\" class=\"size-large wp-image-5993\" src=\"https:\/\/iha-race.com\/wp-content\/uploads\/2019\/01\/mbec6S_1-1024x683.jpg\" alt=\"Matek Micro BEC 6S 30v bis 5v\/9v (3 St\u00fcck)\" width=\"840\" height=\"560\" srcset=\"https:\/\/iha-race.com\/wp-content\/uploads\/2019\/01\/mbec6S_1-1024x683.jpg 1024w, https:\/\/iha-race.com\/wp-content\/uploads\/2019\/01\/mbec6S_1-600x400.jpg 600w, https:\/\/iha-race.com\/wp-content\/uploads\/2019\/01\/mbec6S_1-300x200.jpg 300w, https:\/\/iha-race.com\/wp-content\/uploads\/2019\/01\/mbec6S_1-768x512.jpg 768w, https:\/\/iha-race.com\/wp-content\/uploads\/2019\/01\/mbec6S_1-788x525.jpg 788w, https:\/\/iha-race.com\/wp-content\/uploads\/2019\/01\/mbec6S_1.jpg 1500w\" sizes=\"(max-width: 840px) 100vw, 840px\" \/><\/p>\n<figure id=\"attachment_120541\" aria-describedby=\"caption-attachment-120541\" style=\"width: 840px\" class=\"wp-caption aligncenter\"><img decoding=\"async\" class=\"size-large wp-image-5994\" src=\"https:\/\/iha-race.com\/wp-content\/uploads\/2019\/01\/mbec6S_3-1024x410.jpg\" alt=\"Matek Micro BEC 6S 30v bis 5v\/9v (3 St\u00fcck)\" width=\"840\" height=\"336\" srcset=\"https:\/\/iha-race.com\/wp-content\/uploads\/2019\/01\/mbec6S_3-1024x410.jpg 1024w, https:\/\/iha-race.com\/wp-content\/uploads\/2019\/01\/mbec6S_3-600x240.jpg 600w, https:\/\/iha-race.com\/wp-content\/uploads\/2019\/01\/mbec6S_3-300x120.jpg 300w, https:\/\/iha-race.com\/wp-content\/uploads\/2019\/01\/mbec6S_3-768x307.jpg 768w, https:\/\/iha-race.com\/wp-content\/uploads\/2019\/01\/mbec6S_3-788x315.jpg 788w, https:\/\/iha-race.com\/wp-content\/uploads\/2019\/01\/mbec6S_3.jpg 1500w\" sizes=\"(max-width: 840px) 100vw, 840px\" \/><figcaption id=\"caption-attachment-120541\" class=\"wp-caption-text\">Matek Micro BEC 6S 30v bis 5v\/9v (3 St\u00fcck)<\/figcaption><\/figure>\n","protected":false},"excerpt":{"rendered":"<p>Matek Micro BEC 6S 30v bis 5v\/9v (3 St\u00fcck) Spezifikation: Synchroner Abw\u00e4rtsregler mit hohem Wirkungsgrad Breiter Betriebseingangsbereich von 6V bis 30V Kontinuierlicher Ladestrom: 1,5 Ampere (max. 2,5 A 5 s<\/p>\n","protected":false},"featured_media":124862,"comment_status":"open","ping_status":"closed","template":"","meta":{"_joinchat":[]},"pwb-brand":[],"product_cat":[2576,2535],"product_tag":[],"class_list":{"0":"post-207799","1":"product","2":"type-product","3":"status-publish","4":"has-post-thumbnail","6":"product_cat-bec-de","7":"product_cat-fpv-elektronik-und-zubehor","9":"first","10":"instock","11":"taxable","12":"shipping-taxable","13":"purchasable","14":"product-type-simple"},"barcode":null,"atum_controlled":true,"out_stock_date":null,"out_stock_threshold":null,"inheritable":false,"stock_on_hold":0,"sold_today":0,"sales_last_days":0,"out_stock_days":0,"lost_sales":0,"update_date":"2026-04-18T17:57:52","atum_locations":[],"atum_stock_status":"instock","restock_status":false,"low_stock_amount":"","sales_update_date":"2026-04-18T17:57:52","calc_backorders":null,"yoast_head":"<!-- This site is optimized with the Yoast SEO plugin v27.3 - https:\/\/yoast.com\/product\/yoast-seo-wordpress\/ -->\n<title>Matek Micro BEC 6S 30v bis 5v\/9v (3 St\u00fcck) - Iha Race<\/title>\n<meta name=\"robots\" content=\"index, follow, max-snippet:-1, max-image-preview:large, max-video-preview:-1\" \/>\n<link rel=\"canonical\" href=\"https:\/\/iha-race.com\/de\/producto\/matek-micro-bec-6s-30v-a-5v-9v-3-piezas\/\" \/>\n<meta property=\"og:locale\" content=\"de_DE\" \/>\n<meta property=\"og:type\" content=\"article\" \/>\n<meta property=\"og:title\" content=\"Matek Micro BEC 6S 30v bis 5v\/9v (3 St\u00fcck) - Iha Race\" \/>\n<meta property=\"og:description\" content=\"Matek Micro BEC 6S 30v bis 5v\/9v (3 St\u00fcck) Spezifikation: Synchroner Abw\u00e4rtsregler mit hohem Wirkungsgrad Breiter Betriebseingangsbereich von 6V bis 30V Kontinuierlicher Ladestrom: 1,5 Ampere (max. 2,5 A 5 s\" \/>\n<meta property=\"og:url\" content=\"https:\/\/iha-race.com\/de\/producto\/matek-micro-bec-6s-30v-a-5v-9v-3-piezas\/\" \/>\n<meta property=\"og:site_name\" content=\"Iha Race\" \/>\n<meta property=\"article:modified_time\" content=\"2024-08-29T14:26:56+00:00\" \/>\n<meta property=\"og:image\" content=\"https:\/\/iha-race.com\/wp-content\/uploads\/2019\/01\/matek-micro-bec-6s-30v-a-5v-9v-3-piezas-1.jpg\" \/>\n\t<meta property=\"og:image:width\" content=\"800\" \/>\n\t<meta property=\"og:image:height\" content=\"800\" \/>\n\t<meta property=\"og:image:type\" content=\"image\/jpeg\" \/>\n<meta name=\"twitter:card\" content=\"summary_large_image\" \/>\n<script type=\"application\/ld+json\" class=\"yoast-schema-graph\">{\"@context\":\"https:\\\/\\\/schema.org\",\"@graph\":[{\"@type\":\"WebPage\",\"@id\":\"https:\\\/\\\/iha-race.com\\\/de\\\/producto\\\/matek-micro-bec-6s-30v-a-5v-9v-3-piezas\\\/\",\"url\":\"https:\\\/\\\/iha-race.com\\\/de\\\/producto\\\/matek-micro-bec-6s-30v-a-5v-9v-3-piezas\\\/\",\"name\":\"Matek Micro BEC 6S 30v bis 5v\\\/9v (3 St\u00fcck) - Iha Race\",\"isPartOf\":{\"@id\":\"https:\\\/\\\/iha-race.com\\\/de\\\/#website\"},\"primaryImageOfPage\":{\"@id\":\"https:\\\/\\\/iha-race.com\\\/de\\\/producto\\\/matek-micro-bec-6s-30v-a-5v-9v-3-piezas\\\/#primaryimage\"},\"image\":{\"@id\":\"https:\\\/\\\/iha-race.com\\\/de\\\/producto\\\/matek-micro-bec-6s-30v-a-5v-9v-3-piezas\\\/#primaryimage\"},\"thumbnailUrl\":\"https:\\\/\\\/iha-race.com\\\/wp-content\\\/uploads\\\/2019\\\/01\\\/matek-micro-bec-6s-30v-a-5v-9v-3-piezas-1.jpg\",\"datePublished\":\"2019-01-31T10:33:03+00:00\",\"dateModified\":\"2024-08-29T14:26:56+00:00\",\"breadcrumb\":{\"@id\":\"https:\\\/\\\/iha-race.com\\\/de\\\/producto\\\/matek-micro-bec-6s-30v-a-5v-9v-3-piezas\\\/#breadcrumb\"},\"inLanguage\":\"de\",\"potentialAction\":[{\"@type\":\"ReadAction\",\"target\":[\"https:\\\/\\\/iha-race.com\\\/de\\\/producto\\\/matek-micro-bec-6s-30v-a-5v-9v-3-piezas\\\/\"]}]},{\"@type\":\"ImageObject\",\"inLanguage\":\"de\",\"@id\":\"https:\\\/\\\/iha-race.com\\\/de\\\/producto\\\/matek-micro-bec-6s-30v-a-5v-9v-3-piezas\\\/#primaryimage\",\"url\":\"https:\\\/\\\/iha-race.com\\\/wp-content\\\/uploads\\\/2019\\\/01\\\/matek-micro-bec-6s-30v-a-5v-9v-3-piezas-1.jpg\",\"contentUrl\":\"https:\\\/\\\/iha-race.com\\\/wp-content\\\/uploads\\\/2019\\\/01\\\/matek-micro-bec-6s-30v-a-5v-9v-3-piezas-1.jpg\",\"width\":800,\"height\":800},{\"@type\":\"BreadcrumbList\",\"@id\":\"https:\\\/\\\/iha-race.com\\\/de\\\/producto\\\/matek-micro-bec-6s-30v-a-5v-9v-3-piezas\\\/#breadcrumb\",\"itemListElement\":[{\"@type\":\"ListItem\",\"position\":1,\"name\":\"Portada\",\"item\":\"https:\\\/\\\/iha-race.com\\\/de\\\/elementor-499\\\/\"},{\"@type\":\"ListItem\",\"position\":2,\"name\":\"Shop\",\"item\":\"https:\\\/\\\/iha-race.com\\\/de\\\/shop\\\/\"},{\"@type\":\"ListItem\",\"position\":3,\"name\":\"Matek Micro BEC 6S 30v bis 5v\\\/9v (3 St\u00fcck)\"}]},{\"@type\":\"WebSite\",\"@id\":\"https:\\\/\\\/iha-race.com\\\/de\\\/#website\",\"url\":\"https:\\\/\\\/iha-race.com\\\/de\\\/\",\"name\":\"Iha Race\",\"description\":\"Comprar drones de carreras FPV env\u00edos en un d\u00eda desde Espa\u00f1a\",\"publisher\":{\"@id\":\"https:\\\/\\\/iha-race.com\\\/de\\\/#organization\"},\"potentialAction\":[{\"@type\":\"SearchAction\",\"target\":{\"@type\":\"EntryPoint\",\"urlTemplate\":\"https:\\\/\\\/iha-race.com\\\/de\\\/?s={search_term_string}\"},\"query-input\":{\"@type\":\"PropertyValueSpecification\",\"valueRequired\":true,\"valueName\":\"search_term_string\"}}],\"inLanguage\":\"de\"},{\"@type\":\"Organization\",\"@id\":\"https:\\\/\\\/iha-race.com\\\/de\\\/#organization\",\"name\":\"Iha Race\",\"url\":\"https:\\\/\\\/iha-race.com\\\/de\\\/\",\"logo\":{\"@type\":\"ImageObject\",\"inLanguage\":\"de\",\"@id\":\"https:\\\/\\\/iha-race.com\\\/de\\\/#\\\/schema\\\/logo\\\/image\\\/\",\"url\":\"https:\\\/\\\/iha-race.com\\\/wp-content\\\/uploads\\\/2018\\\/07\\\/iha-race-drones-de-carreras-tienda-comprar-drones.png\",\"contentUrl\":\"https:\\\/\\\/iha-race.com\\\/wp-content\\\/uploads\\\/2018\\\/07\\\/iha-race-drones-de-carreras-tienda-comprar-drones.png\",\"width\":300,\"height\":100,\"caption\":\"Iha Race\"},\"image\":{\"@id\":\"https:\\\/\\\/iha-race.com\\\/de\\\/#\\\/schema\\\/logo\\\/image\\\/\"}}]}<\/script>\n<!-- \/ Yoast SEO plugin. -->","yoast_head_json":{"title":"Matek Micro BEC 6S 30v bis 5v\/9v (3 St\u00fcck) - Iha Race","robots":{"index":"index","follow":"follow","max-snippet":"max-snippet:-1","max-image-preview":"max-image-preview:large","max-video-preview":"max-video-preview:-1"},"canonical":"https:\/\/iha-race.com\/de\/producto\/matek-micro-bec-6s-30v-a-5v-9v-3-piezas\/","og_locale":"de_DE","og_type":"article","og_title":"Matek Micro BEC 6S 30v bis 5v\/9v (3 St\u00fcck) - Iha Race","og_description":"Matek Micro BEC 6S 30v bis 5v\/9v (3 St\u00fcck) Spezifikation: Synchroner Abw\u00e4rtsregler mit hohem Wirkungsgrad Breiter Betriebseingangsbereich von 6V bis 30V Kontinuierlicher Ladestrom: 1,5 Ampere (max. 2,5 A 5 s","og_url":"https:\/\/iha-race.com\/de\/producto\/matek-micro-bec-6s-30v-a-5v-9v-3-piezas\/","og_site_name":"Iha Race","article_modified_time":"2024-08-29T14:26:56+00:00","og_image":[{"width":800,"height":800,"url":"https:\/\/iha-race.com\/wp-content\/uploads\/2019\/01\/matek-micro-bec-6s-30v-a-5v-9v-3-piezas-1.jpg","type":"image\/jpeg"}],"twitter_card":"summary_large_image","schema":{"@context":"https:\/\/schema.org","@graph":[{"@type":"WebPage","@id":"https:\/\/iha-race.com\/de\/producto\/matek-micro-bec-6s-30v-a-5v-9v-3-piezas\/","url":"https:\/\/iha-race.com\/de\/producto\/matek-micro-bec-6s-30v-a-5v-9v-3-piezas\/","name":"Matek Micro BEC 6S 30v bis 5v\/9v (3 St\u00fcck) - Iha Race","isPartOf":{"@id":"https:\/\/iha-race.com\/de\/#website"},"primaryImageOfPage":{"@id":"https:\/\/iha-race.com\/de\/producto\/matek-micro-bec-6s-30v-a-5v-9v-3-piezas\/#primaryimage"},"image":{"@id":"https:\/\/iha-race.com\/de\/producto\/matek-micro-bec-6s-30v-a-5v-9v-3-piezas\/#primaryimage"},"thumbnailUrl":"https:\/\/iha-race.com\/wp-content\/uploads\/2019\/01\/matek-micro-bec-6s-30v-a-5v-9v-3-piezas-1.jpg","datePublished":"2019-01-31T10:33:03+00:00","dateModified":"2024-08-29T14:26:56+00:00","breadcrumb":{"@id":"https:\/\/iha-race.com\/de\/producto\/matek-micro-bec-6s-30v-a-5v-9v-3-piezas\/#breadcrumb"},"inLanguage":"de","potentialAction":[{"@type":"ReadAction","target":["https:\/\/iha-race.com\/de\/producto\/matek-micro-bec-6s-30v-a-5v-9v-3-piezas\/"]}]},{"@type":"ImageObject","inLanguage":"de","@id":"https:\/\/iha-race.com\/de\/producto\/matek-micro-bec-6s-30v-a-5v-9v-3-piezas\/#primaryimage","url":"https:\/\/iha-race.com\/wp-content\/uploads\/2019\/01\/matek-micro-bec-6s-30v-a-5v-9v-3-piezas-1.jpg","contentUrl":"https:\/\/iha-race.com\/wp-content\/uploads\/2019\/01\/matek-micro-bec-6s-30v-a-5v-9v-3-piezas-1.jpg","width":800,"height":800},{"@type":"BreadcrumbList","@id":"https:\/\/iha-race.com\/de\/producto\/matek-micro-bec-6s-30v-a-5v-9v-3-piezas\/#breadcrumb","itemListElement":[{"@type":"ListItem","position":1,"name":"Portada","item":"https:\/\/iha-race.com\/de\/elementor-499\/"},{"@type":"ListItem","position":2,"name":"Shop","item":"https:\/\/iha-race.com\/de\/shop\/"},{"@type":"ListItem","position":3,"name":"Matek Micro BEC 6S 30v bis 5v\/9v (3 St\u00fcck)"}]},{"@type":"WebSite","@id":"https:\/\/iha-race.com\/de\/#website","url":"https:\/\/iha-race.com\/de\/","name":"Iha Race","description":"Comprar drones de carreras FPV env\u00edos en un d\u00eda desde Espa\u00f1a","publisher":{"@id":"https:\/\/iha-race.com\/de\/#organization"},"potentialAction":[{"@type":"SearchAction","target":{"@type":"EntryPoint","urlTemplate":"https:\/\/iha-race.com\/de\/?s={search_term_string}"},"query-input":{"@type":"PropertyValueSpecification","valueRequired":true,"valueName":"search_term_string"}}],"inLanguage":"de"},{"@type":"Organization","@id":"https:\/\/iha-race.com\/de\/#organization","name":"Iha Race","url":"https:\/\/iha-race.com\/de\/","logo":{"@type":"ImageObject","inLanguage":"de","@id":"https:\/\/iha-race.com\/de\/#\/schema\/logo\/image\/","url":"https:\/\/iha-race.com\/wp-content\/uploads\/2018\/07\/iha-race-drones-de-carreras-tienda-comprar-drones.png","contentUrl":"https:\/\/iha-race.com\/wp-content\/uploads\/2018\/07\/iha-race-drones-de-carreras-tienda-comprar-drones.png","width":300,"height":100,"caption":"Iha Race"},"image":{"@id":"https:\/\/iha-race.com\/de\/#\/schema\/logo\/image\/"}}]}},"jetpack_sharing_enabled":true,"brands":[],"_links":{"self":[{"href":"https:\/\/iha-race.com\/de\/wp-json\/wp\/v2\/product\/207799","targetHints":{"allow":["GET"]}}],"collection":[{"href":"https:\/\/iha-race.com\/de\/wp-json\/wp\/v2\/product"}],"about":[{"href":"https:\/\/iha-race.com\/de\/wp-json\/wp\/v2\/types\/product"}],"replies":[{"embeddable":true,"href":"https:\/\/iha-race.com\/de\/wp-json\/wp\/v2\/comments?post=207799"}],"version-history":[{"count":1,"href":"https:\/\/iha-race.com\/de\/wp-json\/wp\/v2\/product\/207799\/revisions"}],"predecessor-version":[{"id":209078,"href":"https:\/\/iha-race.com\/de\/wp-json\/wp\/v2\/product\/207799\/revisions\/209078"}],"wp:featuredmedia":[{"embeddable":true,"href":"https:\/\/iha-race.com\/de\/wp-json\/wp\/v2\/media\/124862"}],"wp:attachment":[{"href":"https:\/\/iha-race.com\/de\/wp-json\/wp\/v2\/media?parent=207799"}],"wp:term":[{"taxonomy":"pwb-brand","embeddable":true,"href":"https:\/\/iha-race.com\/de\/wp-json\/wp\/v2\/pwb-brand?post=207799"},{"taxonomy":"product_cat","embeddable":true,"href":"https:\/\/iha-race.com\/de\/wp-json\/wp\/v2\/product_cat?post=207799"},{"taxonomy":"product_tag","embeddable":true,"href":"https:\/\/iha-race.com\/de\/wp-json\/wp\/v2\/product_tag?post=207799"}],"curies":[{"name":"wp","href":"https:\/\/api.w.org\/{rel}","templated":true}]}}