{"id":207790,"date":"2018-12-08T13:24:46","date_gmt":"2018-12-08T12:24:46","guid":{"rendered":"https:\/\/iha-race.com\/producto\/netzschalter-tiny-leds-realpit-vtx-tbs\/"},"modified":"2024-08-29T16:30:09","modified_gmt":"2024-08-29T14:30:09","slug":"power-switch-tiny-leds-realpit-vtx-tbs","status":"publish","type":"product","link":"https:\/\/iha-race.com\/de\/producto\/power-switch-tiny-leds-realpit-vtx-tbs\/","title":{"rendered":"Netzschalter Tiny Leds Realpit VTX TBS"},"content":{"rendered":"<h2>Netzschalter Tiny Leds Realpit VTX TBS<\/h2>\n<p><strong>Merkmale:<\/strong><\/p>\n<ul>\n<li>Schlie\u00dfen Sie Ihren VTx jederzeit mit 0 Strom an<\/li>\n<li>(Zur Zeit nicht mit FlightOne verf\u00fcgbar)<\/li>\n<li>Schalten Sie Ihr VTx an der Leitung aus, um einen Hitzestau zu vermeiden.<\/li>\n<li>Schnelle Stopps im Team Race Race (\u00dcberg\u00e4nge unter einer Sekunde m\u00f6glich)<\/li>\n<li>Kompatibel mit allen g\u00e4ngigen VTxs<\/li>\n<li>Schalten Sie VTx w\u00e4hrend der Rennen aus, um \u00dcberflugkonstruktionen zu testen, ohne andere Piloten in der Luft zu st\u00f6ren.<\/li>\n<li>Schalten Sie VTx nach dem Crash aus, um saubere Videos f\u00fcr andere Rennfahrer zu sehen.<\/li>\n<li>Solo-Langstreckenrennen, 3 Quads auf der Strecke. \u00dcben Sie f\u00fcr mehr als 1 Packung, ohne die Schutzbrille abzunehmen. (Anweisungen zur Konfiguration in OpenTX \/ Spektrum folgen in K\u00fcrze)<\/li>\n<li>LED-Anzeigeleuchte an Bord. (Licht an)<\/li>\n<li>Es kann auf jedem beliebigen Pad des Flight Controllers verwendet werden.<\/li>\n<li>Er ben\u00f6tigt keinen vollst\u00e4ndigen UART.<\/li>\n<li>IE: SmartAudio \/ Tramp auf TX und RX f\u00fcr RealPit PinIO<\/li>\n<li>Bis zu 4 RealPits pro Quad. Dies er\u00f6ffnet die M\u00f6glichkeit von LEDs, VTX und jedem anderen Ger\u00e4t, das Sie sich vorstellen k\u00f6nnen.<\/li>\n<li>LED-Schaltnetzteil oder jedes andere Ger\u00e4t unter 1 Ampere.<\/li>\n<\/ul>\n<h4>DERZEIT UNTERST\u00dcTZTE SOFTWARE<\/h4>\n<ul>\n<li>Betaflight (PinIO 3.3.x oder h\u00f6her)<\/li>\n<li>Butterfahrt (PinIO)<\/li>\n<li>FlightOne 1.2.x + (VTXPRWTOGGLE)<\/li>\n<\/ul>\n<h3>Spezifikation:<\/h3>\n<ul>\n<li>Betriebsspannung: 5V &#8211; 28V (HV-6s) Schalter 1Amp<\/li>\n<li>Abmessungen: 10 x 12,5 x 2,5 mm.<\/li>\n<li>Gewicht: 0,5 Gramm mit Schrumpfschlauch<\/li>\n<\/ul>\n<p><strong>Sie umfasst:<\/strong><\/p>\n<ul>\n<li>1x Realpit<\/li>\n<li>1x 1\/2&#8243; Schrumpfschlauch<\/li>\n<\/ul>\n","protected":false},"excerpt":{"rendered":"<p>Netzschalter Tiny Leds Realpit VTX TBS Merkmale: Schlie\u00dfen Sie Ihren VTx jederzeit mit 0 Strom an (Zur Zeit nicht mit FlightOne verf\u00fcgbar) Schalten Sie Ihr VTx an der Leitung aus,<\/p>\n","protected":false},"featured_media":124864,"comment_status":"open","ping_status":"closed","template":"","meta":{"_joinchat":[]},"pwb-brand":[],"product_cat":[2956,2609],"product_tag":[],"class_list":{"0":"post-207790","1":"product","2":"type-product","3":"status-publish","4":"has-post-thumbnail","6":"product_cat-elektronische-schalter","7":"product_cat-verschiedene","9":"first","10":"instock","11":"taxable","12":"shipping-taxable","13":"purchasable","14":"product-type-simple"},"barcode":null,"atum_controlled":true,"out_stock_date":null,"out_stock_threshold":null,"inheritable":false,"stock_on_hold":0,"sold_today":0,"sales_last_days":0,"out_stock_days":0,"lost_sales":0,"update_date":"2026-04-18T20:30:54","atum_locations":[],"atum_stock_status":"instock","restock_status":false,"low_stock_amount":0,"sales_update_date":"2026-04-18T20:30:54","calc_backorders":null,"yoast_head":"<!-- This site is optimized with the Yoast SEO plugin v27.3 - https:\/\/yoast.com\/product\/yoast-seo-wordpress\/ -->\n<title>Netzschalter Tiny Leds Realpit VTX TBS - Iha Race<\/title>\n<meta name=\"robots\" content=\"index, follow, max-snippet:-1, max-image-preview:large, max-video-preview:-1\" \/>\n<link rel=\"canonical\" href=\"https:\/\/iha-race.com\/de\/producto\/power-switch-tiny-leds-realpit-vtx-tbs\/\" \/>\n<meta property=\"og:locale\" content=\"de_DE\" \/>\n<meta property=\"og:type\" content=\"article\" \/>\n<meta property=\"og:title\" content=\"Netzschalter Tiny Leds Realpit VTX TBS - Iha Race\" \/>\n<meta property=\"og:description\" content=\"Netzschalter Tiny Leds Realpit VTX TBS Merkmale: Schlie\u00dfen Sie Ihren VTx jederzeit mit 0 Strom an (Zur Zeit nicht mit FlightOne verf\u00fcgbar) Schalten Sie Ihr VTx an der Leitung aus,\" \/>\n<meta property=\"og:url\" content=\"https:\/\/iha-race.com\/de\/producto\/power-switch-tiny-leds-realpit-vtx-tbs\/\" \/>\n<meta property=\"og:site_name\" content=\"Iha Race\" \/>\n<meta property=\"article:modified_time\" content=\"2024-08-29T14:30:09+00:00\" \/>\n<meta property=\"og:image\" content=\"https:\/\/iha-race.com\/wp-content\/uploads\/2018\/12\/interruptor-de-potencia-tiny-leds-realpit-vtx-comprar-barato-1.jpg\" \/>\n\t<meta property=\"og:image:width\" content=\"800\" \/>\n\t<meta property=\"og:image:height\" content=\"800\" \/>\n\t<meta property=\"og:image:type\" content=\"image\/jpeg\" \/>\n<meta name=\"twitter:card\" content=\"summary_large_image\" \/>\n<meta name=\"twitter:label1\" content=\"Gesch\u00e4tzte Lesezeit\" \/>\n\t<meta name=\"twitter:data1\" content=\"1\u00a0Minute\" \/>\n<script type=\"application\/ld+json\" class=\"yoast-schema-graph\">{\"@context\":\"https:\\\/\\\/schema.org\",\"@graph\":[{\"@type\":\"WebPage\",\"@id\":\"https:\\\/\\\/iha-race.com\\\/de\\\/producto\\\/power-switch-tiny-leds-realpit-vtx-tbs\\\/\",\"url\":\"https:\\\/\\\/iha-race.com\\\/de\\\/producto\\\/power-switch-tiny-leds-realpit-vtx-tbs\\\/\",\"name\":\"Netzschalter Tiny Leds Realpit VTX TBS - Iha Race\",\"isPartOf\":{\"@id\":\"https:\\\/\\\/iha-race.com\\\/de\\\/#website\"},\"primaryImageOfPage\":{\"@id\":\"https:\\\/\\\/iha-race.com\\\/de\\\/producto\\\/power-switch-tiny-leds-realpit-vtx-tbs\\\/#primaryimage\"},\"image\":{\"@id\":\"https:\\\/\\\/iha-race.com\\\/de\\\/producto\\\/power-switch-tiny-leds-realpit-vtx-tbs\\\/#primaryimage\"},\"thumbnailUrl\":\"https:\\\/\\\/iha-race.com\\\/wp-content\\\/uploads\\\/2018\\\/12\\\/interruptor-de-potencia-tiny-leds-realpit-vtx-comprar-barato-1.jpg\",\"datePublished\":\"2018-12-08T12:24:46+00:00\",\"dateModified\":\"2024-08-29T14:30:09+00:00\",\"breadcrumb\":{\"@id\":\"https:\\\/\\\/iha-race.com\\\/de\\\/producto\\\/power-switch-tiny-leds-realpit-vtx-tbs\\\/#breadcrumb\"},\"inLanguage\":\"de\",\"potentialAction\":[{\"@type\":\"ReadAction\",\"target\":[\"https:\\\/\\\/iha-race.com\\\/de\\\/producto\\\/power-switch-tiny-leds-realpit-vtx-tbs\\\/\"]}]},{\"@type\":\"ImageObject\",\"inLanguage\":\"de\",\"@id\":\"https:\\\/\\\/iha-race.com\\\/de\\\/producto\\\/power-switch-tiny-leds-realpit-vtx-tbs\\\/#primaryimage\",\"url\":\"https:\\\/\\\/iha-race.com\\\/wp-content\\\/uploads\\\/2018\\\/12\\\/interruptor-de-potencia-tiny-leds-realpit-vtx-comprar-barato-1.jpg\",\"contentUrl\":\"https:\\\/\\\/iha-race.com\\\/wp-content\\\/uploads\\\/2018\\\/12\\\/interruptor-de-potencia-tiny-leds-realpit-vtx-comprar-barato-1.jpg\",\"width\":800,\"height\":800},{\"@type\":\"BreadcrumbList\",\"@id\":\"https:\\\/\\\/iha-race.com\\\/de\\\/producto\\\/power-switch-tiny-leds-realpit-vtx-tbs\\\/#breadcrumb\",\"itemListElement\":[{\"@type\":\"ListItem\",\"position\":1,\"name\":\"Portada\",\"item\":\"https:\\\/\\\/iha-race.com\\\/de\\\/elementor-499\\\/\"},{\"@type\":\"ListItem\",\"position\":2,\"name\":\"Shop\",\"item\":\"https:\\\/\\\/iha-race.com\\\/de\\\/shop\\\/\"},{\"@type\":\"ListItem\",\"position\":3,\"name\":\"Netzschalter Tiny Leds Realpit VTX TBS\"}]},{\"@type\":\"WebSite\",\"@id\":\"https:\\\/\\\/iha-race.com\\\/de\\\/#website\",\"url\":\"https:\\\/\\\/iha-race.com\\\/de\\\/\",\"name\":\"Iha Race\",\"description\":\"Comprar drones de carreras FPV env\u00edos en un d\u00eda desde Espa\u00f1a\",\"publisher\":{\"@id\":\"https:\\\/\\\/iha-race.com\\\/de\\\/#organization\"},\"potentialAction\":[{\"@type\":\"SearchAction\",\"target\":{\"@type\":\"EntryPoint\",\"urlTemplate\":\"https:\\\/\\\/iha-race.com\\\/de\\\/?s={search_term_string}\"},\"query-input\":{\"@type\":\"PropertyValueSpecification\",\"valueRequired\":true,\"valueName\":\"search_term_string\"}}],\"inLanguage\":\"de\"},{\"@type\":\"Organization\",\"@id\":\"https:\\\/\\\/iha-race.com\\\/de\\\/#organization\",\"name\":\"Iha Race\",\"url\":\"https:\\\/\\\/iha-race.com\\\/de\\\/\",\"logo\":{\"@type\":\"ImageObject\",\"inLanguage\":\"de\",\"@id\":\"https:\\\/\\\/iha-race.com\\\/de\\\/#\\\/schema\\\/logo\\\/image\\\/\",\"url\":\"https:\\\/\\\/iha-race.com\\\/wp-content\\\/uploads\\\/2018\\\/07\\\/iha-race-drones-de-carreras-tienda-comprar-drones.png\",\"contentUrl\":\"https:\\\/\\\/iha-race.com\\\/wp-content\\\/uploads\\\/2018\\\/07\\\/iha-race-drones-de-carreras-tienda-comprar-drones.png\",\"width\":300,\"height\":100,\"caption\":\"Iha Race\"},\"image\":{\"@id\":\"https:\\\/\\\/iha-race.com\\\/de\\\/#\\\/schema\\\/logo\\\/image\\\/\"}}]}<\/script>\n<!-- \/ Yoast SEO plugin. -->","yoast_head_json":{"title":"Netzschalter Tiny Leds Realpit VTX TBS - Iha Race","robots":{"index":"index","follow":"follow","max-snippet":"max-snippet:-1","max-image-preview":"max-image-preview:large","max-video-preview":"max-video-preview:-1"},"canonical":"https:\/\/iha-race.com\/de\/producto\/power-switch-tiny-leds-realpit-vtx-tbs\/","og_locale":"de_DE","og_type":"article","og_title":"Netzschalter Tiny Leds Realpit VTX TBS - Iha Race","og_description":"Netzschalter Tiny Leds Realpit VTX TBS Merkmale: Schlie\u00dfen Sie Ihren VTx jederzeit mit 0 Strom an (Zur Zeit nicht mit FlightOne verf\u00fcgbar) Schalten Sie Ihr VTx an der Leitung aus,","og_url":"https:\/\/iha-race.com\/de\/producto\/power-switch-tiny-leds-realpit-vtx-tbs\/","og_site_name":"Iha Race","article_modified_time":"2024-08-29T14:30:09+00:00","og_image":[{"width":800,"height":800,"url":"https:\/\/iha-race.com\/wp-content\/uploads\/2018\/12\/interruptor-de-potencia-tiny-leds-realpit-vtx-comprar-barato-1.jpg","type":"image\/jpeg"}],"twitter_card":"summary_large_image","twitter_misc":{"Gesch\u00e4tzte Lesezeit":"1\u00a0Minute"},"schema":{"@context":"https:\/\/schema.org","@graph":[{"@type":"WebPage","@id":"https:\/\/iha-race.com\/de\/producto\/power-switch-tiny-leds-realpit-vtx-tbs\/","url":"https:\/\/iha-race.com\/de\/producto\/power-switch-tiny-leds-realpit-vtx-tbs\/","name":"Netzschalter Tiny Leds Realpit VTX TBS - Iha Race","isPartOf":{"@id":"https:\/\/iha-race.com\/de\/#website"},"primaryImageOfPage":{"@id":"https:\/\/iha-race.com\/de\/producto\/power-switch-tiny-leds-realpit-vtx-tbs\/#primaryimage"},"image":{"@id":"https:\/\/iha-race.com\/de\/producto\/power-switch-tiny-leds-realpit-vtx-tbs\/#primaryimage"},"thumbnailUrl":"https:\/\/iha-race.com\/wp-content\/uploads\/2018\/12\/interruptor-de-potencia-tiny-leds-realpit-vtx-comprar-barato-1.jpg","datePublished":"2018-12-08T12:24:46+00:00","dateModified":"2024-08-29T14:30:09+00:00","breadcrumb":{"@id":"https:\/\/iha-race.com\/de\/producto\/power-switch-tiny-leds-realpit-vtx-tbs\/#breadcrumb"},"inLanguage":"de","potentialAction":[{"@type":"ReadAction","target":["https:\/\/iha-race.com\/de\/producto\/power-switch-tiny-leds-realpit-vtx-tbs\/"]}]},{"@type":"ImageObject","inLanguage":"de","@id":"https:\/\/iha-race.com\/de\/producto\/power-switch-tiny-leds-realpit-vtx-tbs\/#primaryimage","url":"https:\/\/iha-race.com\/wp-content\/uploads\/2018\/12\/interruptor-de-potencia-tiny-leds-realpit-vtx-comprar-barato-1.jpg","contentUrl":"https:\/\/iha-race.com\/wp-content\/uploads\/2018\/12\/interruptor-de-potencia-tiny-leds-realpit-vtx-comprar-barato-1.jpg","width":800,"height":800},{"@type":"BreadcrumbList","@id":"https:\/\/iha-race.com\/de\/producto\/power-switch-tiny-leds-realpit-vtx-tbs\/#breadcrumb","itemListElement":[{"@type":"ListItem","position":1,"name":"Portada","item":"https:\/\/iha-race.com\/de\/elementor-499\/"},{"@type":"ListItem","position":2,"name":"Shop","item":"https:\/\/iha-race.com\/de\/shop\/"},{"@type":"ListItem","position":3,"name":"Netzschalter Tiny Leds Realpit VTX TBS"}]},{"@type":"WebSite","@id":"https:\/\/iha-race.com\/de\/#website","url":"https:\/\/iha-race.com\/de\/","name":"Iha Race","description":"Comprar drones de carreras FPV env\u00edos en un d\u00eda desde Espa\u00f1a","publisher":{"@id":"https:\/\/iha-race.com\/de\/#organization"},"potentialAction":[{"@type":"SearchAction","target":{"@type":"EntryPoint","urlTemplate":"https:\/\/iha-race.com\/de\/?s={search_term_string}"},"query-input":{"@type":"PropertyValueSpecification","valueRequired":true,"valueName":"search_term_string"}}],"inLanguage":"de"},{"@type":"Organization","@id":"https:\/\/iha-race.com\/de\/#organization","name":"Iha Race","url":"https:\/\/iha-race.com\/de\/","logo":{"@type":"ImageObject","inLanguage":"de","@id":"https:\/\/iha-race.com\/de\/#\/schema\/logo\/image\/","url":"https:\/\/iha-race.com\/wp-content\/uploads\/2018\/07\/iha-race-drones-de-carreras-tienda-comprar-drones.png","contentUrl":"https:\/\/iha-race.com\/wp-content\/uploads\/2018\/07\/iha-race-drones-de-carreras-tienda-comprar-drones.png","width":300,"height":100,"caption":"Iha Race"},"image":{"@id":"https:\/\/iha-race.com\/de\/#\/schema\/logo\/image\/"}}]}},"jetpack_sharing_enabled":true,"brands":[],"_links":{"self":[{"href":"https:\/\/iha-race.com\/de\/wp-json\/wp\/v2\/product\/207790","targetHints":{"allow":["GET"]}}],"collection":[{"href":"https:\/\/iha-race.com\/de\/wp-json\/wp\/v2\/product"}],"about":[{"href":"https:\/\/iha-race.com\/de\/wp-json\/wp\/v2\/types\/product"}],"replies":[{"embeddable":true,"href":"https:\/\/iha-race.com\/de\/wp-json\/wp\/v2\/comments?post=207790"}],"version-history":[{"count":1,"href":"https:\/\/iha-race.com\/de\/wp-json\/wp\/v2\/product\/207790\/revisions"}],"predecessor-version":[{"id":212725,"href":"https:\/\/iha-race.com\/de\/wp-json\/wp\/v2\/product\/207790\/revisions\/212725"}],"wp:featuredmedia":[{"embeddable":true,"href":"https:\/\/iha-race.com\/de\/wp-json\/wp\/v2\/media\/124864"}],"wp:attachment":[{"href":"https:\/\/iha-race.com\/de\/wp-json\/wp\/v2\/media?parent=207790"}],"wp:term":[{"taxonomy":"pwb-brand","embeddable":true,"href":"https:\/\/iha-race.com\/de\/wp-json\/wp\/v2\/pwb-brand?post=207790"},{"taxonomy":"product_cat","embeddable":true,"href":"https:\/\/iha-race.com\/de\/wp-json\/wp\/v2\/product_cat?post=207790"},{"taxonomy":"product_tag","embeddable":true,"href":"https:\/\/iha-race.com\/de\/wp-json\/wp\/v2\/product_tag?post=207790"}],"curies":[{"name":"wp","href":"https:\/\/api.w.org\/{rel}","templated":true}]}}